{"id":36470,"date":"2022-11-07T08:35:44","date_gmt":"2022-11-07T08:35:44","guid":{"rendered":"https:\/\/jackpotlotteryonline.com\/?page_id=36470"},"modified":"2022-12-19T19:24:40","modified_gmt":"2022-12-19T19:24:40","slug":"euromillions","status":"publish","type":"page","link":"https:\/\/jackpotlotteryonline.com\/lv\/iegadaties-biletes\/euromillions\/","title":{"rendered":"Vai es varu ieg\u0101d\u0101ties EuroMillions bi\u013ceti \u0101rpus Eiropas?"},"content":{"rendered":"<h2>Eiropas liel\u0101k\u0101 loterija ir Euromillions<\/h2>\n<p><img loading=\"lazy\" decoding=\"async\" class=\"alignright wp-image-17411 size-full\" src=\"http:\/\/jackpotlotteryonline.com\/wp-content\/uploads\/2022\/10\/euromillions.png\" alt=\"nopirkt euromillions tie\u0161saist\u0113\" width=\"200\" height=\"212\" \/><\/p>\n<p><a href=\"https:\/\/jackpotlotteryonline.com\/lv\/ka-spelet\/euromillions\">Euromillions<\/a> ir loterija, ko pied\u0101v\u0101 da\u017e\u0101d\u0101s Eiropas valst\u012bs. T\u0101 tika izstr\u0101d\u0101ta t\u0101, lai pied\u0101v\u0101tu iev\u0113rojami liel\u0101kus laimestus nek\u0101 \u0161o valstu nacion\u0101l\u0101s loterijas. Tas tika pan\u0101kts, izveidojot loterijas strukt\u016bru ar maz\u0101ku varb\u016bt\u012bbu, kas noz\u012bm\u0113 vair\u0101k iesp\u0113jamo skait\u013cu kombin\u0101ciju. Tas, ka \u0161\u0101du d\u017eekpotu izlozei parasti nepiecie\u0161ams ilg\u0101ks laiks, apvienojum\u0101 ar liel\u0101ku s\u0101kuma d\u017eekpotu 10 miljonu eiro apm\u0113r\u0101, ir \u013c\u0101vis regul\u0101ri ieg\u016bt d\u017eekpotus, kas p\u0101rsniedz 100 miljonus eiro.<\/p>\n<h2>K\u0101p\u0113c, lai sp\u0113l\u0113tu, jums ir nepiecie\u0161ams tie\u0161saistes bi\u013ce\u0161u pakalpojums?<\/h2>\n<p>Ja j\u016bs dz\u012bvojat k\u0101d\u0101 no Eiropas valst\u012bm, kas piedal\u0101s loterij\u0101, jums nav nepiecie\u0161ams t\u0101ds pakalpojums k\u0101 m\u016bsu. Bet, ja t\u0101 nav, vai ja j\u016bs pat dz\u012bvojat \u0101rpus Eiropas, tad vien\u012bgais veids, k\u0101 j\u016bs varat ieg\u016bt Euromillions bi\u013ceti, ir tie\u0161saist\u0113. Viss, kas jums j\u0101dara, <strong>ir j\u0101noklik\u0161\u0137ina<\/strong> <strong>uz Euromillions banera aug\u0161pus\u0113<\/strong> un j\u0101pas\u016bta bi\u013cetes, un tad j\u016bsu dal\u012bba b\u016bs nodro\u0161in\u0101ta. Starp citu, m\u0113s p\u0113rkam \u012bst\u0101s Euromillions bi\u013cetes, izmantojot ofici\u0101lu bi\u013ce\u0161u p\u0101rdev\u0113ju, kas atrodas Eirop\u0101.<\/p>\n<section class=\"layout\" style=\"border: solid 1px; width: 100%;\">\n<div class=\"img-div\" style=\"margin-top: 5px;\"><img decoding=\"async\" class=\"wp-image-17212 alignleft\" style=\"height: 45px; margin: 8px 8px 0px;\" src=\"http:\/\/jackpotlotteryonline.com\/wp-content\/uploads\/2022\/11\/read1.jpg\" alt=\"sp\u0113l\u0113t Euromillions\" width=\"\" height=\"\" \/><\/div>\n<div style=\"padding-left: 5px;\">\n<div style=\"font-size: 1.1em;\">\n<p><strong>Loterijas, kur\u0101s ir vislab\u0101k\u0101s izredzes laim\u0113t lielu summu<\/strong><\/p>\n<p style=\"font-size: 0.85em; margin-top: -1.5em;\">Kur\u0101 loterij\u0101 ir vislab\u0101k\u0101s izredzes laim\u0113t?\u00a0<a href=\"https:\/\/jackpotlotteryonline.com\/lv\/kura-loterija-ir-vislabakas-izredzes-uzvaret\"> \u3082\u3063\u3068\u8aad\u3080<\/a><\/p>\n<\/div>\n<\/div>\n<\/section>\n<h2>Par Euromillions<\/h2>\n<p><a href=\"https:\/\/jackpotlotteryonline.com\/lv\/laimejusie-skaitli\/euromillions\">\u0160aj\u0101 loterij\u0101 notiek divas izlozes ned\u0113\u013c\u0101<\/a> &#8211; otrdien un piektdien. T\u0101s strukt\u016bra ir t\u0101da pati k\u0101 Eurojackpot, iz\u0146emot to, ka d\u017eekpotam nav maksim\u0101l\u0101 apjoma un jums ir j\u0101izloz\u0113 divi papildu skait\u013ci no 1 l\u012bdz 12. Tai ir ar\u012b 13 balvu l\u012bme\u0146i.<\/p>\n<h2>Starptautisko loteriju bi\u013ce\u0161u ieg\u0101des pakalpojums<\/h2>\n<p><img loading=\"lazy\" decoding=\"async\" class=\"alignright size-full wp-image-33431\" src=\"http:\/\/jackpotlotteryonline.com\/wp-content\/uploads\/2022\/11\/2_ticket_euromillions-112x300-1.jpg\" alt=\"euromillions bi\u013cete\" width=\"112\" height=\"300\" \/><\/p>\n<p>Papildus tam, ka m\u0113s pied\u0101v\u0101jam jums tie\u0161saistes bi\u013cetes uz Euromillions un Eurojackpot, m\u016bsu r\u012bc\u012bb\u0101 ir vair\u0101k nek\u0101 20 loteriju, no kur\u0101m varat izv\u0113l\u0113ties. Lai gan j\u016bs, iesp\u0113jams, vienm\u0113r v\u0113l\u0113sieties izv\u0113l\u0113ties to, kur\u0101 ir liel\u0101kie d\u017eekpoti, ir v\u0113rts apsv\u0113rt ar\u012b da\u017eas &#8220;maz\u0101k\u0101s&#8221; loterijas. T\u0101s var pied\u0101v\u0101t izdev\u012bg\u0101kas izredzes laim\u0113t vai zem\u0101kas bi\u013ce\u0161u cenas.<\/p>\n<p>Jums nav j\u0101uztraucas ar\u012b par maks\u0101jumu un datu dro\u0161\u012bbu. Maks\u0101jumu apstr\u0101dei m\u0113s izmantojam \u012bpa\u0161i dro\u0161us protokolus. M\u0113s pie\u0146emam maks\u0101jumus ar kred\u012btkart\u0113m, kriptoval\u016bt\u0101m, bankas p\u0101rskait\u012bjumiem un vair\u0101k\u0101m cit\u0101m iesp\u0113j\u0101m.<\/p>\n","protected":false},"excerpt":{"rendered":"<p>Eiropas liel\u0101k\u0101 loterija ir Euromillions Euromillions ir loterija, ko pied\u0101v\u0101 da\u017e\u0101d\u0101s Eiropas valst\u012bs. T\u0101 tika izstr\u0101d\u0101ta t\u0101, lai pied\u0101v\u0101tu iev\u0113rojami liel\u0101kus laimestus nek\u0101 \u0161o valstu nacion\u0101l\u0101s loterijas. Tas tika pan\u0101kts, izveidojot loterijas strukt\u016bru ar maz\u0101ku varb\u016bt\u012bbu, kas noz\u012bm\u0113 vair\u0101k iesp\u0113jamo skait\u013cu kombin\u0101ciju. Tas, ka \u0161\u0101du d\u017eekpotu izlozei parasti nepiecie\u0161ams ilg\u0101ks laiks, apvienojum\u0101 ar liel\u0101ku s\u0101kuma [&hellip;]<\/p>\n","protected":false},"author":1,"featured_media":0,"parent":35766,"menu_order":3,"comment_status":"closed","ping_status":"closed","template":"euromillions-info.php","meta":{"_et_pb_use_builder":"","_et_pb_old_content":"","_et_gb_content_width":"","exclude_from_search":false,"footnotes":""},"class_list":["post-36470","page","type-page","status-publish","hentry"],"yoast_head":"<!-- This site is optimized with the Yoast SEO plugin v23.3 - https:\/\/yoast.com\/wordpress\/plugins\/seo\/ -->\n<title>Ieg\u016bstiet Euromillions bi\u013ceti no valst\u012bm \u0101rpus Eiropas<\/title>\n<meta name=\"description\" content=\"K\u0101 piedal\u012bties Euromillions tie\u0161saist\u0113 no valst\u012bm \u0101rpus Eiropas - vienk\u0101r\u0161i ieg\u0101d\u0101jieties bi\u013ceti tie\u0161saist\u0113 m\u016bsu vietn\u0113\" \/>\n<meta name=\"robots\" content=\"index, follow, max-snippet:-1, max-image-preview:large, max-video-preview:-1\" \/>\n<link rel=\"canonical\" href=\"https:\/\/jackpotlotteryonline.com\/buy-tickets\/euromillions\/\" \/>\n<meta property=\"og:locale\" content=\"lv_LV\" \/>\n<meta property=\"og:type\" content=\"article\" \/>\n<meta property=\"og:title\" content=\"Ieg\u016bstiet Euromillions bi\u013ceti no valst\u012bm \u0101rpus Eiropas\" \/>\n<meta property=\"og:description\" content=\"K\u0101 piedal\u012bties Euromillions tie\u0161saist\u0113 no valst\u012bm \u0101rpus Eiropas - vienk\u0101r\u0161i ieg\u0101d\u0101jieties bi\u013ceti tie\u0161saist\u0113 m\u016bsu vietn\u0113\" \/>\n<meta property=\"og:url\" content=\"https:\/\/jackpotlotteryonline.com\/buy-tickets\/euromillions\/\" \/>\n<meta property=\"og:site_name\" content=\"Lotto Online - Crack The International Lottery Jackpots\" \/>\n<meta property=\"article:modified_time\" content=\"2022-12-19T19:24:40+00:00\" \/>\n<meta property=\"og:image\" content=\"http:\/\/jackpotlotteryonline.com\/wp-content\/uploads\/2022\/10\/euromillions.png\" \/>\n<meta name=\"twitter:card\" content=\"summary_large_image\" \/>\n<meta name=\"twitter:label1\" content=\"Est. reading time\" \/>\n\t<meta name=\"twitter:data1\" content=\"2 minutes\" \/>\n<!-- \/ Yoast SEO plugin. -->","yoast_head_json":{"title":"Ieg\u016bstiet Euromillions bi\u013ceti no valst\u012bm \u0101rpus Eiropas","description":"K\u0101 piedal\u012bties Euromillions tie\u0161saist\u0113 no valst\u012bm \u0101rpus Eiropas - vienk\u0101r\u0161i ieg\u0101d\u0101jieties bi\u013ceti tie\u0161saist\u0113 m\u016bsu vietn\u0113","robots":{"index":"index","follow":"follow","max-snippet":"max-snippet:-1","max-image-preview":"max-image-preview:large","max-video-preview":"max-video-preview:-1"},"canonical":"https:\/\/jackpotlotteryonline.com\/buy-tickets\/euromillions\/","og_locale":"lv_LV","og_type":"article","og_title":"Ieg\u016bstiet Euromillions bi\u013ceti no valst\u012bm \u0101rpus Eiropas","og_description":"K\u0101 piedal\u012bties Euromillions tie\u0161saist\u0113 no valst\u012bm \u0101rpus Eiropas - vienk\u0101r\u0161i ieg\u0101d\u0101jieties bi\u013ceti tie\u0161saist\u0113 m\u016bsu vietn\u0113","og_url":"https:\/\/jackpotlotteryonline.com\/buy-tickets\/euromillions\/","og_site_name":"Lotto Online - Crack The International Lottery Jackpots","article_modified_time":"2022-12-19T19:24:40+00:00","og_image":[{"url":"http:\/\/jackpotlotteryonline.com\/wp-content\/uploads\/2022\/10\/euromillions.png"}],"twitter_card":"summary_large_image","twitter_misc":{"Est. reading time":"2 minutes"},"schema":{"@context":"https:\/\/schema.org","@graph":[{"@type":"WebPage","@id":"https:\/\/jackpotlotteryonline.com\/buy-tickets\/euromillions\/","url":"https:\/\/jackpotlotteryonline.com\/buy-tickets\/euromillions\/","name":"Ieg\u016bstiet Euromillions bi\u013ceti no valst\u012bm \u0101rpus Eiropas","isPartOf":{"@id":"https:\/\/jackpotlotteryonline.com\/#website"},"primaryImageOfPage":{"@id":"https:\/\/jackpotlotteryonline.com\/buy-tickets\/euromillions\/#primaryimage"},"image":{"@id":"https:\/\/jackpotlotteryonline.com\/buy-tickets\/euromillions\/#primaryimage"},"thumbnailUrl":"http:\/\/jackpotlotteryonline.com\/wp-content\/uploads\/2022\/10\/euromillions.png","datePublished":"2022-11-07T08:35:44+00:00","dateModified":"2022-12-19T19:24:40+00:00","description":"K\u0101 piedal\u012bties Euromillions tie\u0161saist\u0113 no valst\u012bm \u0101rpus Eiropas - vienk\u0101r\u0161i ieg\u0101d\u0101jieties bi\u013ceti tie\u0161saist\u0113 m\u016bsu vietn\u0113","breadcrumb":{"@id":"https:\/\/jackpotlotteryonline.com\/buy-tickets\/euromillions\/#breadcrumb"},"inLanguage":"lv-LV","potentialAction":[{"@type":"ReadAction","target":["https:\/\/jackpotlotteryonline.com\/buy-tickets\/euromillions\/"]}]},{"@type":"ImageObject","inLanguage":"lv-LV","@id":"https:\/\/jackpotlotteryonline.com\/buy-tickets\/euromillions\/#primaryimage","url":"http:\/\/jackpotlotteryonline.com\/wp-content\/uploads\/2022\/10\/euromillions.png","contentUrl":"http:\/\/jackpotlotteryonline.com\/wp-content\/uploads\/2022\/10\/euromillions.png"},{"@type":"BreadcrumbList","@id":"https:\/\/jackpotlotteryonline.com\/buy-tickets\/euromillions\/#breadcrumb","itemListElement":[{"@type":"ListItem","position":1,"name":"Home","item":"https:\/\/jackpotlotteryonline.com\/lv\/"},{"@type":"ListItem","position":2,"name":"K\u0101 nopirkt loterijas bi\u013cetes tie\u0161saist\u0113","item":"https:\/\/jackpotlotteryonline.com\/lv\/iegadaties-biletes\/"},{"@type":"ListItem","position":3,"name":"Vai es varu ieg\u0101d\u0101ties EuroMillions bi\u013ceti \u0101rpus Eiropas?"}]},{"@type":"WebSite","@id":"https:\/\/jackpotlotteryonline.com\/#website","url":"https:\/\/jackpotlotteryonline.com\/","name":"Lotto Online - Crack The International Lottery Jackpots","description":"","potentialAction":[{"@type":"SearchAction","target":{"@type":"EntryPoint","urlTemplate":"https:\/\/jackpotlotteryonline.com\/?s={search_term_string}"},"query-input":"required name=search_term_string"}],"inLanguage":"lv-LV"}]}},"_links":{"self":[{"href":"https:\/\/jackpotlotteryonline.com\/lv\/wp-json\/wp\/v2\/pages\/36470","targetHints":{"allow":["GET"]}}],"collection":[{"href":"https:\/\/jackpotlotteryonline.com\/lv\/wp-json\/wp\/v2\/pages"}],"about":[{"href":"https:\/\/jackpotlotteryonline.com\/lv\/wp-json\/wp\/v2\/types\/page"}],"author":[{"embeddable":true,"href":"https:\/\/jackpotlotteryonline.com\/lv\/wp-json\/wp\/v2\/users\/1"}],"replies":[{"embeddable":true,"href":"https:\/\/jackpotlotteryonline.com\/lv\/wp-json\/wp\/v2\/comments?post=36470"}],"version-history":[{"count":0,"href":"https:\/\/jackpotlotteryonline.com\/lv\/wp-json\/wp\/v2\/pages\/36470\/revisions"}],"up":[{"embeddable":true,"href":"https:\/\/jackpotlotteryonline.com\/lv\/wp-json\/wp\/v2\/pages\/35766"}],"wp:attachment":[{"href":"https:\/\/jackpotlotteryonline.com\/lv\/wp-json\/wp\/v2\/media?parent=36470"}],"curies":[{"name":"wp","href":"https:\/\/api.w.org\/{rel}","templated":true}]}}