{"id":36525,"date":"2022-11-07T10:17:53","date_gmt":"2022-11-07T10:17:53","guid":{"rendered":"https:\/\/jackpotlotteryonline.com\/?page_id=36525"},"modified":"2023-01-03T20:04:38","modified_gmt":"2023-01-03T20:04:38","slug":"eurojackpot","status":"publish","type":"page","link":"https:\/\/jackpotlotteryonline.com\/lv\/iegadaties-biletes\/eurojackpot\/","title":{"rendered":"Eurojackpot bi\u013ce\u0161u ieg\u0101de no valst\u012bm, kas nav iesaist\u012bt\u0101s valstis"},"content":{"rendered":"<h2>Par EuroJackpot<\/h2>\n<p><a href=\"https:\/\/jackpotlotteryonline.com\/lv\/ka-spelet\/eurojackpot\">Eurojackpot<\/a> ir viena aizraujo\u0161a \u012bpa\u0161\u012bba, kas jums b\u016btu j\u0101zina: Kad d\u017eekpots sasniedz 90 miljonus, ir noteikts d\u017eekpota limits, kuru j\u016bs varat vinn\u0113t. Tas noz\u012bm\u0113, ka visi l\u012bdzek\u013ci, kas ieg\u016bti no bi\u013ce\u0161u p\u0101rdo\u0161anas, p\u0101rsniedzot 90 miljonus eiro, tiks pieskait\u012bti otr\u0101s k\u0101rtas cenai. Tad \u0161\u012b otr\u0101 l\u012bme\u0146a cena b\u016bs iev\u0113rojami augst\u0101ka. \u0145emot v\u0113r\u0101 to, ka jums ir 10 reizes liel\u0101ka iesp\u0113ja laim\u0113t \u0161o balvu, sal\u012bdzinot ar d\u017eekpotu, vienm\u0113r ir laba strat\u0113\u0123ija piev\u0113rsties \u0161ai loterijai, kad t\u0101 ir sasniegusi 90 miljonu eiro robe\u017eu.<\/p>\n<p><a href=\"https:\/\/jackpotlotteryonline.com\/lv\/laimejusie-skaitli\/eurojackpot\">Eurojackpot ir tikai viena ned\u0113\u013cas izlozes<\/a> diena &#8211; piektdiena. Izv\u0113lieties 5 no 50 skait\u013ciem, k\u0101 ar\u012b divus papildu skait\u013cus no 1 l\u012bdz 10, un j\u016bs esat ce\u013c\u0101 uz laimestu no 12 l\u012bme\u0146u balv\u0101m.<\/p>\n<h2>K\u0101 ieg\u0101d\u0101ties Eurojackpot bi\u013cetes<\/h2>\n<p><img loading=\"lazy\" decoding=\"async\" class=\"wp-image-26077 size-medium alignright\" src=\"https:\/\/jackpotlotteryonline.com\/wp-content\/uploads\/2022\/11\/1_buy_eurojackpot_ticket-300x99.jpg\" alt=\"nopirkt Eurojackpot bi\u013cetes tie\u0161saist\u0113\" width=\"300\" height=\"99\" srcset=\"https:\/\/jackpotlotteryonline.com\/wp-content\/uploads\/2022\/11\/1_buy_eurojackpot_ticket-300x99.jpg 300w, https:\/\/jackpotlotteryonline.com\/wp-content\/uploads\/2022\/11\/1_buy_eurojackpot_ticket.jpg 350w\" sizes=\"auto, (max-width: 300px) 100vw, 300px\" \/><\/p>\n<p>Eurojackpot ir Eiropas loterija, un bi\u013cetes galvenok\u0101rt tiek p\u0101rdotas Eurojackpot valst\u012bs. Eurojackpot loterij\u0101 piedal\u0101s 18 valstis, un loterij\u0101 var piedal\u012bties ikviens \u0161o valstu iedz\u012bvot\u0101js. Eurojackpot valstis ir Horv\u0101tija, D\u0101nija, Igaunija, Somija, V\u0101cija, Islande, It\u0101lija, Latvija, Lietuva, N\u012bderlande, Norv\u0113\u0123ija, Slov\u0113nija, Sp\u0101nija un Zviedrija.<\/p>\n<p>Lai gan Eurojackpot dal\u012bbnieces ir 18 valstis, loterijas kuponi tiek p\u0101rdoti ar\u012b da\u017e\u0101s kontinent\u0101 eso\u0161aj\u0101s valst\u012bs, kas nav dal\u012bbnieces. Jebkuras no \u0161\u012bm valst\u012bm sp\u0113l\u0113t\u0101ji var ieiet pie jebkura loterijas p\u0101rdev\u0113ja un ieg\u0101d\u0101ties loterijas \u017eetonus. Tas neattiecas uz tiem sp\u0113l\u0113t\u0101jiem \u0101rpus Eiropas, kuri v\u0113las piedal\u012bties Eurojackpot.<\/p>\n<h3>Ko dar\u012bt, ja dz\u012bvojat \u0101rpus Eiropas?<\/h3>\n<p>Ja dz\u012bvojat \u0101rpus kontinenta un v\u0113laties piedal\u012bties Eurojackpot, vislab\u0101kais risin\u0101jums ir izmantot tie\u0161saistes vietni. To var izdar\u012bt, izmantojot internetu vai mobilo ier\u012bci. Jums ir j\u0101atrod loterijas vietne, j\u0101ieg\u0101d\u0101jas bi\u013cete un j\u0101piedal\u0101s izloz\u0113. P\u0113c tam gaidiet, lai uzzin\u0101tu, vai esat laim\u0113jis. Tas ir vienk\u0101r\u0161s process, ta\u010du ir da\u017eas lietas, kur\u0101m j\u0101piev\u0113r\u0161 uzman\u012bba.<\/p>\n<p>Eurojackpot bi\u013cetes tiek p\u0101rdotas vair\u0101k\u0101s interneta vietn\u0113s, ta\u010du ir svar\u012bgi mekl\u0113t likum\u012bgu tie\u0161saistes p\u0101rdev\u0113ju. Internets sniedz piek\u013cuvi p\u0101rsteidzo\u0161\u0101m starptautisk\u0101m loterij\u0101m, ne tikai Eurojackpot vien. Tom\u0113r jums ir j\u0101b\u016bt p\u0101rliecin\u0101tam, ka esat pieteicies dal\u012bbai Eurojackpot, nevis der\u012bb\u0101m pret loterijas izn\u0101kumu. J\u0101, ir at\u0161\u0137ir\u012bba.<\/p>\n<section class=\"layout\" style=\"border: solid 1px; width: 100%;\">\n<div class=\"img-div\" style=\"margin-top: 5px;\"><img decoding=\"async\" class=\"wp-image-17212 alignleft\" style=\"height: 45px; margin: 8px 8px 0px;\" src=\"https:\/\/jackpotlotteryonline.com\/wp-content\/uploads\/2022\/11\/read1.jpg\" alt=\"Las\u012bt\" width=\"\" height=\"\" \/><\/div>\n<div style=\"padding-left: 5px;\">\n<div style=\"font-size: 1.1em;\">\n<p><strong>Kura starptautisk\u0101 loterija ir lab\u0101k\u0101?<\/strong><\/p>\n<p style=\"font-size: 0.85em; margin-top: -1.5em;\">Kuras no starptautiskaj\u0101m loterij\u0101m ir vislab\u0101k\u0101s izredzes uzvar\u0113t <a href=\"https:\/\/jackpotlotteryonline.com\/lv\/kura-starptautiska-loterija-ir-labaka\">\u00a0las\u012bt vair\u0101k<\/a><\/p>\n<\/div>\n<\/div>\n<\/section>\n<h2>Kur ieg\u0101d\u0101ties Eurojackpot bi\u013cetes<\/h2>\n<p>Kad internet\u0101 mekl\u0113jat Eurojackpot p\u0101rdev\u0113ju, nesteidzieties ieg\u0101d\u0101ties Eurojackpot ierakstu, ja vien nezin\u0101t, ka t\u0101 ir konjunkt\u016bras vietne. \u0160\u0101das vietnes nodro\u0161ina sp\u0113l\u0113t\u0101jiem piek\u013cuvi lab\u0101kaj\u0101m starptautiskaj\u0101m loterij\u0101m, piem\u0113ram, Eurojackpot, sniedzot loterijas talonus.<\/p>\n<p>Ir iesp\u0113jams ieg\u0101d\u0101ties Eurojackpot kuponu internet\u0101, ta\u010du loterij\u0101 nav iesp\u0113jams piedal\u012bties. Tas ir t\u0101p\u0113c, ka \u0161\u012bs vietnes \u013cauj sp\u0113l\u0113t\u0101jiem veikt likmes tikai par loterijas izn\u0101kumu. Vietn\u0113 jackpotlotteryonline.com m\u0113s nodro\u0161in\u0101m, lai j\u016bs var\u0113tu piedal\u012bties Eurojackpot loterij\u0101 no jebkuras vietas.<\/p>\n<p>Kad j\u016bs ieg\u0101d\u0101jaties ierakstu pie mums, m\u016bsu satura a\u0123enti dosies pie jums un ieg\u0101d\u0101sies fizisku Eurojackpot kuponu ar attiec\u012bgajiem skait\u013ciem. T\u0101d\u0113j\u0101di, pat ja j\u016bs fiziski neatrodaties valst\u012b, j\u016bs tik un t\u0101 esat pieteikts Eurojackpot izlozei. Ja j\u016bsu bi\u013cete sakrit\u012bs ar izloz\u0113tajiem skait\u013ciem, j\u016bs vinn\u0113siet balvu. Turkl\u0101t jums nav j\u0101uztraucas par Eurojackpot balvas piepras\u012b\u0161anu, jo m\u0113s to izdar\u012bsim j\u016bsu viet\u0101. Viss, kas Jums j\u0101dara, ir j\u0101izmaks\u0101 balva no m\u016bsu platformas sav\u0101 tie\u0161saistes kont\u0101.<\/p>\n<h2>Re\u0123istr\u0113\u0161an\u0101s jackpotlotteryonline.com priek\u0161roc\u012bbas<\/h2>\n<p><img loading=\"lazy\" decoding=\"async\" class=\"alignright size-medium wp-image-28886\" src=\"https:\/\/jackpotlotteryonline.com\/wp-content\/uploads\/2022\/11\/1_pick_for_eurojackpot-300x100.jpg\" alt=\"Eurojackpot bi\u013cete\" width=\"300\" height=\"100\" srcset=\"https:\/\/jackpotlotteryonline.com\/wp-content\/uploads\/2022\/11\/1_pick_for_eurojackpot-300x100.jpg 300w, https:\/\/jackpotlotteryonline.com\/wp-content\/uploads\/2022\/11\/1_pick_for_eurojackpot-600x200.jpg 600w, https:\/\/jackpotlotteryonline.com\/wp-content\/uploads\/2022\/11\/1_pick_for_eurojackpot.jpg 734w\" sizes=\"auto, (max-width: 300px) 100vw, 300px\" \/><\/p>\n<p>Jackpotlotlotteryonline.com ir konjunkt\u016bras vietne, t\u0101p\u0113c m\u0113s saviem klientiem nodro\u0161in\u0101m iesp\u0113ju piedal\u012bties loterij\u0101s no visas pasaules. M\u0113s uzskat\u0101m, ka Eurojackpot ir j\u0101b\u016bt pieejamam ikvienam, kur\u0161 ir pilngad\u012bgs un r\u012bc\u012bbsp\u0113j\u012bgs, un \u0161o aizraut\u012bbu esam ieviesu\u0161i m\u016bsu pakalpojumu snieg\u0161an\u0101. Re\u0123istr\u0113joties pie mums, j\u016bs sa\u0146emat sekojo\u0161o:<\/p>\n<ul>\n<li>Piek\u013cuvi vair\u0101k nek\u0101 diviem desmitiem starptautisko loteriju, tostarp Eurojackpot.<\/li>\n<li>Nevainojamu veidu, k\u0101 sp\u0113l\u0113t loteriju<\/li>\n<li>J\u016bs varat sp\u0113l\u0113t vair\u0101kas loterijas un piedal\u012bties vair\u0101k\u0101s izloz\u0113s vienuviet.<\/li>\n<li>Jums nav j\u0101seko l\u012bdzi vis\u0101m sav\u0101m Eurojackpot loterijas bi\u013cet\u0113m, m\u0113s to dar\u012bsim par jums.<\/li>\n<li>M\u0113s ar\u012b sekojam l\u012bdzi j\u016bsu laimestiem un br\u012bdin\u0101m j\u016bs, lai j\u016bs nepalaistu gar\u0101m iesp\u0113ju sa\u0146emt balvu.<\/li>\n<li>Viegli izmaks\u0101jiet laimestus no m\u016bsu platformas sav\u0101 tie\u0161saistes kont\u0101.<\/li>\n<\/ul>\n<p>M\u0113s koncentr\u0113jamies uz to, lai, sp\u0113l\u0113jot loteriju, j\u016bs g\u016btu pat\u012bkamu pieredzi. M\u0113s esam uzlaboju\u0161i savus pakalpojumus un turpin\u0101m pilnveidot procesu, lai tas b\u016btu intuit\u012bv\u0101ks m\u016bsu sp\u0113l\u0113t\u0101jiem.<\/p>\n<h2>Lai iek\u013c\u016btu Eurojackpot, izpildiet \u0161os nor\u0101d\u012bjumus<\/h2>\n<p><strong>1. solis:<\/strong> apmekl\u0113jiet vietni jackpotlotteryonline.com un dodieties uz loteriju, kur\u0101 v\u0113laties piedal\u012bties, \u0161aj\u0101 gad\u012bjum\u0101 &#8211; Eurojackpot. Noklik\u0161\u0137iniet uz t\u0101s.<\/p>\n<p><strong>2. solis:<\/strong> izv\u0113lieties 5 galvenos skait\u013cus un 2 papildu skait\u013cus. J\u016bs varat izv\u0113l\u0113ties vair\u0101kas ievades rindas, lai palielin\u0101tu savas izredzes laim\u0113t Eurojackpot. Ja jums nav konkr\u0113ta skait\u013ca, izmantojiet &#8220;Quick Pick All&#8221;, lai pa\u0101trin\u0101tu izv\u0113les procesu.<\/p>\n<p><strong>3. solis:<\/strong> izv\u0113lieties bi\u013cetes veidu, kuru v\u0113laties ieg\u0101d\u0101ties. J\u016bs varat ieg\u0101d\u0101ties vai nu vienu, vai ar\u012b ieg\u0101d\u0101ties vair\u0101ku izlo\u017eu bi\u013ceti, kas \u013caus jums piedal\u012bties vair\u0101k\u0101s izloz\u0113s. Ar\u012b \u0161aj\u0101 gad\u012bjum\u0101, piedaloties vair\u0101k\u0101s izloz\u0113s, jums ir liel\u0101kas izredzes laim\u0113t Eurojackpot.<\/p>\n<p><strong>4. solis:<\/strong> dodieties uz maks\u0101jumu lapu. Maks\u0101jumu lap\u0101 jums tiks pied\u0101v\u0101ts re\u0123istr\u0113ties vai re\u0123istr\u0113ties. Tam ir tr\u012bs iemesli:<\/p>\n<ol>\n<li>Lai nodro\u0161in\u0101tu, ka jums vienm\u0113r ir piek\u013cuve Eurojackpot kuponam, jo tas ir vien\u012bgais veids, k\u0101 j\u016bs varat sa\u0146emt balvu.<\/li>\n<li>lai m\u0113s var\u0113tu j\u016bs br\u012bdin\u0101t, ja vinn\u0113siet Eurojackpot vai k\u0101du no citu l\u012bme\u0146u balv\u0101m. M\u0113s to dar\u012bsim, izmantojot platformu un ar\u012b j\u016bsu e-pastu.<\/li>\n<li>lai jums b\u016btu viegli piepras\u012bt un iz\u0146emt balvu.<\/li>\n<\/ol>\n<p>Tas ir viss. Piedal\u012bties Eurojackpot izloz\u0113 no jebkuras vietas, kur atrodaties, ir tik vienk\u0101r\u0161i, k\u0101 izpild\u012bt \u0161os tr\u012bs so\u013cus. Tagad j\u016bs varat dro\u0161i un bez raiz\u0113m piedal\u012bties der\u012bb\u0101s, atrodoties sav\u0101 dator\u0101 vai mobilaj\u0101 ier\u012bc\u0113.<\/p>\n<p>K\u0101d\u0113\u013c nere\u0123istr\u0113ties pie mums jau \u0161odien, lai ieg\u0101d\u0101tos Eurojackpot bi\u013cetes \u0101rpus Eiropas? Loterijas sp\u0113l\u0113\u0161ana ir aizraujo\u0161a, un j\u016bs nekad nezin\u0101t, kad jums paveiksies. Ja v\u0113laties ieg\u016bt iesp\u0113ju k\u013c\u016bt par miljon\u0101ru, dodieties tie\u0161saist\u0113 un piedalieties Eurojackpot jau \u0161odien.<\/p>\n","protected":false},"excerpt":{"rendered":"<p>Par EuroJackpot Eurojackpot ir viena aizraujo\u0161a \u012bpa\u0161\u012bba, kas jums b\u016btu j\u0101zina: Kad d\u017eekpots sasniedz 90 miljonus, ir noteikts d\u017eekpota limits, kuru j\u016bs varat vinn\u0113t. Tas noz\u012bm\u0113, ka visi l\u012bdzek\u013ci, kas ieg\u016bti no bi\u013ce\u0161u p\u0101rdo\u0161anas, p\u0101rsniedzot 90 miljonus eiro, tiks pieskait\u012bti otr\u0101s k\u0101rtas cenai. Tad \u0161\u012b otr\u0101 l\u012bme\u0146a cena b\u016bs iev\u0113rojami augst\u0101ka. \u0145emot v\u0113r\u0101 to, ka [&hellip;]<\/p>\n","protected":false},"author":1,"featured_media":0,"parent":35766,"menu_order":4,"comment_status":"closed","ping_status":"closed","template":"eurojackpot-info.php","meta":{"_et_pb_use_builder":"","_et_pb_old_content":"","_et_gb_content_width":"","exclude_from_search":false,"footnotes":""},"class_list":["post-36525","page","type-page","status-publish","hentry"],"yoast_head":"<!-- This site is optimized with the Yoast SEO plugin v23.3 - https:\/\/yoast.com\/wordpress\/plugins\/seo\/ -->\n<title>Eurojackpot bi\u013ce\u0161u ieg\u0101de \u0101rpus Eiropas valst\u012bm | Ieg\u0101d\u0101ties bi\u013cetes tie\u0161saist\u0113<\/title>\n<meta name=\"description\" content=\"Da\u017e\u0101s Eiropas valst\u012bs Eurojackpot bi\u013cetes var ieg\u0101d\u0101ties veikal\u0101. Bet \u0161eit j\u016bs varat ieg\u0101d\u0101ties bi\u013cetes ar\u012b no valst\u012bm \u0101rpus Eiropas.\" \/>\n<meta name=\"robots\" content=\"index, follow, max-snippet:-1, max-image-preview:large, max-video-preview:-1\" \/>\n<link rel=\"canonical\" href=\"https:\/\/jackpotlotteryonline.com\/buy-tickets\/eurojackpot\/\" \/>\n<meta property=\"og:locale\" content=\"lv_LV\" \/>\n<meta property=\"og:type\" content=\"article\" \/>\n<meta property=\"og:title\" content=\"Eurojackpot bi\u013ce\u0161u ieg\u0101de \u0101rpus Eiropas valst\u012bm | Ieg\u0101d\u0101ties bi\u013cetes tie\u0161saist\u0113\" \/>\n<meta property=\"og:description\" content=\"Da\u017e\u0101s Eiropas valst\u012bs Eurojackpot bi\u013cetes var ieg\u0101d\u0101ties veikal\u0101. Bet \u0161eit j\u016bs varat ieg\u0101d\u0101ties bi\u013cetes ar\u012b no valst\u012bm \u0101rpus Eiropas.\" \/>\n<meta property=\"og:url\" content=\"https:\/\/jackpotlotteryonline.com\/buy-tickets\/eurojackpot\/\" \/>\n<meta property=\"og:site_name\" content=\"Lotto Online - Crack The International Lottery Jackpots\" \/>\n<meta property=\"article:modified_time\" content=\"2023-01-03T20:04:38+00:00\" \/>\n<meta property=\"og:image\" content=\"https:\/\/jackpotlotteryonline.com\/wp-content\/uploads\/2022\/11\/1_buy_eurojackpot_ticket-300x99.jpg\" \/>\n<meta name=\"twitter:card\" content=\"summary_large_image\" \/>\n<meta name=\"twitter:label1\" content=\"Est. reading time\" \/>\n\t<meta name=\"twitter:data1\" content=\"5 minutes\" \/>\n<!-- \/ Yoast SEO plugin. -->","yoast_head_json":{"title":"Eurojackpot bi\u013ce\u0161u ieg\u0101de \u0101rpus Eiropas valst\u012bm | Ieg\u0101d\u0101ties bi\u013cetes tie\u0161saist\u0113","description":"Da\u017e\u0101s Eiropas valst\u012bs Eurojackpot bi\u013cetes var ieg\u0101d\u0101ties veikal\u0101. Bet \u0161eit j\u016bs varat ieg\u0101d\u0101ties bi\u013cetes ar\u012b no valst\u012bm \u0101rpus Eiropas.","robots":{"index":"index","follow":"follow","max-snippet":"max-snippet:-1","max-image-preview":"max-image-preview:large","max-video-preview":"max-video-preview:-1"},"canonical":"https:\/\/jackpotlotteryonline.com\/buy-tickets\/eurojackpot\/","og_locale":"lv_LV","og_type":"article","og_title":"Eurojackpot bi\u013ce\u0161u ieg\u0101de \u0101rpus Eiropas valst\u012bm | Ieg\u0101d\u0101ties bi\u013cetes tie\u0161saist\u0113","og_description":"Da\u017e\u0101s Eiropas valst\u012bs Eurojackpot bi\u013cetes var ieg\u0101d\u0101ties veikal\u0101. Bet \u0161eit j\u016bs varat ieg\u0101d\u0101ties bi\u013cetes ar\u012b no valst\u012bm \u0101rpus Eiropas.","og_url":"https:\/\/jackpotlotteryonline.com\/buy-tickets\/eurojackpot\/","og_site_name":"Lotto Online - Crack The International Lottery Jackpots","article_modified_time":"2023-01-03T20:04:38+00:00","og_image":[{"url":"https:\/\/jackpotlotteryonline.com\/wp-content\/uploads\/2022\/11\/1_buy_eurojackpot_ticket-300x99.jpg"}],"twitter_card":"summary_large_image","twitter_misc":{"Est. reading time":"5 minutes"},"schema":{"@context":"https:\/\/schema.org","@graph":[{"@type":"WebPage","@id":"https:\/\/jackpotlotteryonline.com\/buy-tickets\/eurojackpot\/","url":"https:\/\/jackpotlotteryonline.com\/buy-tickets\/eurojackpot\/","name":"Eurojackpot bi\u013ce\u0161u ieg\u0101de \u0101rpus Eiropas valst\u012bm | Ieg\u0101d\u0101ties bi\u013cetes tie\u0161saist\u0113","isPartOf":{"@id":"https:\/\/jackpotlotteryonline.com\/#website"},"primaryImageOfPage":{"@id":"https:\/\/jackpotlotteryonline.com\/buy-tickets\/eurojackpot\/#primaryimage"},"image":{"@id":"https:\/\/jackpotlotteryonline.com\/buy-tickets\/eurojackpot\/#primaryimage"},"thumbnailUrl":"https:\/\/jackpotlotteryonline.com\/wp-content\/uploads\/2022\/11\/1_buy_eurojackpot_ticket-300x99.jpg","datePublished":"2022-11-07T10:17:53+00:00","dateModified":"2023-01-03T20:04:38+00:00","description":"Da\u017e\u0101s Eiropas valst\u012bs Eurojackpot bi\u013cetes var ieg\u0101d\u0101ties veikal\u0101. Bet \u0161eit j\u016bs varat ieg\u0101d\u0101ties bi\u013cetes ar\u012b no valst\u012bm \u0101rpus Eiropas.","breadcrumb":{"@id":"https:\/\/jackpotlotteryonline.com\/buy-tickets\/eurojackpot\/#breadcrumb"},"inLanguage":"lv-LV","potentialAction":[{"@type":"ReadAction","target":["https:\/\/jackpotlotteryonline.com\/buy-tickets\/eurojackpot\/"]}]},{"@type":"ImageObject","inLanguage":"lv-LV","@id":"https:\/\/jackpotlotteryonline.com\/buy-tickets\/eurojackpot\/#primaryimage","url":"https:\/\/jackpotlotteryonline.com\/wp-content\/uploads\/2022\/11\/1_buy_eurojackpot_ticket-300x99.jpg","contentUrl":"https:\/\/jackpotlotteryonline.com\/wp-content\/uploads\/2022\/11\/1_buy_eurojackpot_ticket-300x99.jpg"},{"@type":"BreadcrumbList","@id":"https:\/\/jackpotlotteryonline.com\/buy-tickets\/eurojackpot\/#breadcrumb","itemListElement":[{"@type":"ListItem","position":1,"name":"Home","item":"https:\/\/jackpotlotteryonline.com\/lv\/"},{"@type":"ListItem","position":2,"name":"K\u0101 nopirkt loterijas bi\u013cetes tie\u0161saist\u0113","item":"https:\/\/jackpotlotteryonline.com\/lv\/iegadaties-biletes\/"},{"@type":"ListItem","position":3,"name":"Eurojackpot bi\u013ce\u0161u ieg\u0101de no valst\u012bm, kas nav iesaist\u012bt\u0101s valstis"}]},{"@type":"WebSite","@id":"https:\/\/jackpotlotteryonline.com\/#website","url":"https:\/\/jackpotlotteryonline.com\/","name":"Lotto Online - Crack The International Lottery Jackpots","description":"","potentialAction":[{"@type":"SearchAction","target":{"@type":"EntryPoint","urlTemplate":"https:\/\/jackpotlotteryonline.com\/?s={search_term_string}"},"query-input":"required name=search_term_string"}],"inLanguage":"lv-LV"}]}},"_links":{"self":[{"href":"https:\/\/jackpotlotteryonline.com\/lv\/wp-json\/wp\/v2\/pages\/36525","targetHints":{"allow":["GET"]}}],"collection":[{"href":"https:\/\/jackpotlotteryonline.com\/lv\/wp-json\/wp\/v2\/pages"}],"about":[{"href":"https:\/\/jackpotlotteryonline.com\/lv\/wp-json\/wp\/v2\/types\/page"}],"author":[{"embeddable":true,"href":"https:\/\/jackpotlotteryonline.com\/lv\/wp-json\/wp\/v2\/users\/1"}],"replies":[{"embeddable":true,"href":"https:\/\/jackpotlotteryonline.com\/lv\/wp-json\/wp\/v2\/comments?post=36525"}],"version-history":[{"count":0,"href":"https:\/\/jackpotlotteryonline.com\/lv\/wp-json\/wp\/v2\/pages\/36525\/revisions"}],"up":[{"embeddable":true,"href":"https:\/\/jackpotlotteryonline.com\/lv\/wp-json\/wp\/v2\/pages\/35766"}],"wp:attachment":[{"href":"https:\/\/jackpotlotteryonline.com\/lv\/wp-json\/wp\/v2\/media?parent=36525"}],"curies":[{"name":"wp","href":"https:\/\/api.w.org\/{rel}","templated":true}]}}