{"id":36577,"date":"2022-11-07T14:06:39","date_gmt":"2022-11-07T14:06:39","guid":{"rendered":"https:\/\/jackpotlotteryonline.com\/?page_id=36577"},"modified":"2023-01-03T20:27:47","modified_gmt":"2023-01-03T20:27:47","slug":"superenalotto","status":"publish","type":"page","link":"https:\/\/jackpotlotteryonline.com\/lv\/iegadaties-biletes\/superenalotto\/","title":{"rendered":"Pirkt Superenalotto bi\u013cetes"},"content":{"rendered":"<h2>K\u0101p\u0113c Superenalotto?<\/h2>\n<p>Vai j\u016bs interes\u0113, k\u0101 j\u016bs varat ieg\u0101d\u0101ties Superenalotto bi\u013cetes \u0101rpus It\u0101lijas? Superenalotto ir viena no popul\u0101r\u0101kaj\u0101m loterij\u0101m Eiropas kontinent\u0101. Nav p\u0101rsteidzo\u0161i, ka sp\u0113l\u0113t\u0101ji vis\u0101 pasaul\u0113 regul\u0101ri liek likmes uz \u0161o loteriju.<\/p>\n<p>Vietn\u0113 jackpotlotlotteryonline.com m\u0113s sniedzam sp\u0113l\u0113t\u0101jiem piek\u013cuvi lab\u0101kaj\u0101m starptautiskaj\u0101m loterij\u0101m, piem\u0113ram, Superenalotto. M\u0113s nodro\u0161in\u0101m iesp\u0113ju ieg\u0101d\u0101ties bi\u013cetes, p\u0101rbaud\u012bt izlozes rezult\u0101tus un piek\u013c\u016bt saviem laimestiem.<\/p>\n<p>\u0145emot v\u0113r\u0101 glob\u0101lo loteriju izplat\u012bbu, k\u0101p\u0113c sp\u0113l\u0113t\u0101jam b\u016btu j\u0101izv\u0113las likt likmes uz Superenalotto? M\u0113s apl\u016bkosim da\u017eus no iemesliem, k\u0101p\u0113c Superenalotto strauji k\u013c\u016bst par loteriju, ko izv\u0113las sp\u0113l\u0113t\u0101ji. Ja steidzat veikt savu likmi, varat apmekl\u0113t m\u016bs jau tagad, lai ieg\u016btu iesp\u0113ju laim\u0113t lielu laimestu Superenalotto.<\/p>\n<h2>Superenalotto ir p\u0101rsteidzo\u0161i d\u017eekpoti<\/h2>\n<p>Galvenais iemesls, k\u0101p\u0113c sp\u0113l\u0113t\u0101ji iecien\u012bju\u0161i It\u0101lijas Superenalotto, iesp\u0113jams, ir p\u0101rsteidzo\u0161\u0101 d\u017eekpota balva. Interesanti, ka d\u017eekpota minim\u0101l\u0101 summa s\u0101kas no 2 miljoniem eiro. Tas ne\u0161\u0137iet iespaid\u012bgs skaitlis, ja \u0146em v\u0113r\u0101, ka \u0161\u0101du summu pied\u0101v\u0101 daudzas loterijas.<\/p>\n<p>Tom\u0113r Superenalotto d\u017eekpota v\u0113rt\u012bba ir t\u0101, ka tam nav noteikts maksim\u0101lais limits. Ja p\u0113c izlozes nav uzvar\u0113t\u0101ja, tas tiek p\u0101rlikts un turpina p\u0101rlikties p\u0113c katras izlozes, l\u012bdz tiek atrasts uzvar\u0113t\u0101js. Lai to v\u0113l vair\u0101k uzsv\u0113rtu, Superenalotto loterij\u0101 ir <a href=\"https:\/\/jackpotlotteryonline.com\/lv\/laimejusie-skaitli\/superenalotto-izlozes-rezultati\">tr\u012bs izlozes ned\u0113\u013c\u0101<\/a>. Gandr\u012bz nav ierobe\u017eojumu, cik reizes d\u017eekpots var p\u0101rtapt.<\/p>\n<p>Paties\u012bb\u0101 pirms da\u017eiem gadiem d\u017eekpots tik daudz rei\u017eu tika p\u0101rtulkots, ka 2019. gad\u0101 tika sasniegts rekordliels d\u017eekpots &#8211; 209,1 miljons eiro.<\/p>\n<h2>Vai m\u0113s piemin\u0113j\u0101m tr\u012bs izlozes ned\u0113\u013c\u0101?<\/h2>\n<p><img loading=\"lazy\" decoding=\"async\" class=\"alignright size-full wp-image-31316\" src=\"https:\/\/jackpotlotteryonline.com\/wp-content\/uploads\/2022\/11\/logo_superenalotto.png\" alt=\"Superenalotto lottery ball\" width=\"200\" height=\"212\" \/><\/p>\n<p>Sp\u0113l\u0113jot Superenalotto, katru ned\u0113\u013cu jums ir tr\u012bs iesp\u0113jas laim\u0113t lielu summu. Tas ir t\u0101p\u0113c, ka Superenalotto loterija r\u012bko izlozes tr\u012bs reizes ned\u0113\u013c\u0101 &#8211; otrdien\u0101s, ceturtdien\u0101s un sestdien\u0101s.<\/p>\n<p>Tas noz\u012bm\u0113, ka, ja nav uzvar\u0113t\u0101ja, d\u017eekpota summa pieaug \u0101tr\u0101k. Superenalotto d\u017eekpota lielums var\u0113ja tr\u012bsk\u0101r\u0161oties tikai vienas \u012bsas ned\u0113\u013cas laik\u0101. Tas ir pietiekami, lai sp\u0113l\u0113t\u0101ji steigtos veikt savas likmes.<\/p>\n<p>Vai nev\u0113laties zaud\u0113t n\u0101kamaj\u0101 izloz\u0113? K\u0101p\u0113c neaiziet uz jackpotlotteryonline.com un neuzlikt savu likmi uz Superenalotto jau tagad? J\u016bs nekad nevarat zin\u0101t, kad veiksme b\u016bs jums labv\u0113l\u012bga.<\/p>\n<h2>Top 5 Superenalotto uzvar\u0113t\u0101ji<\/h2>\n<p>Joproj\u0101m neesat p\u0101rliecin\u0101ts, vai v\u0113laties likt likmi uz Superenalotto loteriju? Nav probl\u0113mu. J\u016bs sa\u0146emsiet stimulu, kad izlas\u012bsiet, k\u0101das k\u0101r\u0161u summas ir ieguvu\u0161i iepriek\u0161\u0113jie uzvar\u0113t\u0101ji.<\/p>\n<p>Liel\u0101ko d\u017eekpotu 2019. gad\u0101 ieguva loterijas sindik\u0101ts, un t\u0101 summa bija 209,1 miljons eiro. To jau esam \u012bsi piemin\u0113ju\u0161i, ta\u010du ir v\u0113l kaut kas, ko m\u0113s nepiemin\u0113j\u0101m. \u0160o d\u017eekpotu vinn\u0113ja vienas bi\u013cetes \u012bpa\u0161nieks. Vai varat iedom\u0101ties, ka j\u016bs var\u0113tu doties m\u0101j\u0101s ar vair\u0101k nek\u0101 divsimt miljoniem eiro?<\/p>\n<p>Otro liel\u0101ko d\u017eekpotu 2010. gad\u0101 laim\u0113ja loterijas sindik\u0101ts, un t\u0101 summa bija 177,7 miljoni eiro. Tam seko laimests 163,5 miljonu eiro apm\u0113r\u0101, ko 2016. gad\u0101 laim\u0113ja viena bi\u013cete. N\u0101kamo liel\u0101ko laimestu 2009. gad\u0101 vinn\u0113ja cits vienas bi\u013cetes \u012bpa\u0161nieks, un t\u0101 summa bija 147,8 miljoni eiro. Visbeidzot, 2010. gad\u0101 divas bi\u013cetes dal\u012bja laimestu 139 miljonu eiro apm\u0113r\u0101.<\/p>\n<h2>K\u0101 sp\u0113l\u0113t Superenalotto<\/h2>\n<p><a href=\"https:\/\/jackpotlotteryonline.com\/lv\/ka-spelet\/superenalotto-italija\">Lai sp\u0113l\u0113tu Superenalotto<\/a>, izv\u0113lieties se\u0161us galvenos skait\u013cus no 1 l\u012bdz 90. J\u016bs varat izv\u0113l\u0113ties vair\u0101kas skait\u013cu rindas, lai palielin\u0101tu savas izredzes laim\u0113t loterij\u0101. P\u0113c tam izv\u0113lieties, cik izloz\u0113s v\u0113laties piedal\u012bties. Ja v\u0113laties, varat izv\u0113l\u0113ties piedal\u012bties katr\u0101 izloz\u0113 katru ned\u0113\u013cu n\u0101kamo 5 ned\u0113\u013cu laik\u0101. Jo vair\u0101k izloz\u0113s piedal\u012bsieties, jo liel\u0101kas b\u016bs j\u016bsu izredzes laim\u0113t balvu.<\/p>\n<p>Ir ar\u012b t\u0101 saukt\u0101 Superzvaigzne, kas ir iesp\u0113ja, kas pal\u012bdz uzlabot j\u016bsu izredzes laim\u0113t. J\u016bs varat ieg\u0101d\u0101ties ar\u012b &#8220;Jautro numuru&#8221;, kas tiek izv\u0113l\u0113ts no 1 l\u012bdz 90. Jautrais skaitlis neietekm\u0113 d\u017eekpotu, bet tiek izmantots, nosakot otr\u0101s balvu kategorijas uzvar\u0113t\u0101ju.<\/p>\n<p>Kad esat izv\u0113l\u0113jies skait\u013cus, samaks\u0101jiet par bi\u013ceti un gaidiet izlozes. Kad j\u016bs re\u0123istr\u0113jaties pie mums, m\u0113s automatiz\u0113jam \u0161o procesu, lai tas b\u016btu \u0113rt\u0101k un \u0113rt\u0101k. M\u0113s nov\u0113r\u0161am stresu, lai j\u016bs var\u0113tu izbaud\u012bt jautr\u012bbu bez jebk\u0101diem sare\u017e\u0123\u012bjumiem.<\/p>\n<section class=\"layout\" style=\"border: solid 1px; width: 100%;\">\n<div class=\"img-div\" style=\"margin-top: 5px;\"><img decoding=\"async\" class=\"wp-image-17212 alignleft\" style=\"height: 45px; margin: 8px 8px 0px;\" src=\"https:\/\/jackpotlotteryonline.com\/wp-content\/uploads\/2022\/11\/read1.jpg\" alt=\"las\u012bt\" width=\"\" height=\"\" \/><\/div>\n<div style=\"padding-left: 5px;\">\n<div style=\"font-size: 1.1em;\">\n<p><strong>Izv\u0113l\u0113ties laim\u012bgos loto numurus manu\u0101li vai izmantojot RNG<\/strong><\/p>\n<p style=\"font-size: 0.85em; margin-top: -1.5em;\">K\u0101 \u0123ener\u0113t laim\u012bgos loto numurus? \u00a0<a href=\"https:\/\/jackpotlotteryonline.com\/lv\/ka-generet-uzvaretaju-loto-numurus\">las\u012bt vair\u0101k<\/a><\/p>\n<\/div>\n<\/div>\n<\/section>\n<h2>K\u0101das ir izredzes laim\u0113t Superenalotto?<\/h2>\n<p>Parasti ir zin\u0101ms, ka loterij\u0101 sp\u0113l\u0113t\u0101jiem nav lielu izred\u017eu. Paties\u012bba ir t\u0101da, ka izredzes laim\u0113t nav \u013coti augstas. Interesanti, ka tas padara loterijas sp\u0113l\u0113\u0161anu daudz aizraujo\u0161\u0101ku. Jo uzvara, kad \u0161\u0137iet, ka izredzes nav par labu jums, sniedz sp\u0113l\u0113t\u0101jiem augstu pa\u0161saj\u016btu. Tas ir ar\u012b lielisks veids, k\u0101 p\u0101rliecin\u0101ties, ka veiksme ir j\u016bsu pus\u0113.<\/p>\n<p>Iesp\u0113jas laim\u0113t Superenalotto d\u017eekpotu ir 1 pret 622 614 630. Ta\u010du ir 6 balvu kategorijas un t\u016bl\u012bt\u0113j\u0101 laimesta kategorija, kur\u0101 ir 25 \u20ac. Ja \u0146emat v\u0113r\u0101 \u0161\u012bs iesp\u0113jas, tad izredzes laim\u0113t k\u0101du no balv\u0101m ir 1 pret 16.<\/p>\n<p>Jebkur\u0161 sp\u0113lmanis piekrit\u012bs, ka t\u0101s ir neticamas izredzes, kas ir labv\u0113l\u012bgas sp\u0113l\u0113t\u0101jam.<\/p>\n<h2>Superenalotto balvu kategorijas<\/h2>\n<p><img loading=\"lazy\" decoding=\"async\" class=\"size-medium wp-image-35376 alignright\" src=\"https:\/\/jackpotlotteryonline.com\/wp-content\/uploads\/2022\/11\/2_ticket_superenalotto4-1-211x300.jpg\" alt=\"Superenalotto loterijas bumbi\u0146a\" width=\"211\" height=\"300\" srcset=\"https:\/\/jackpotlotteryonline.com\/wp-content\/uploads\/2022\/11\/2_ticket_superenalotto4-1-211x300.jpg 211w, https:\/\/jackpotlotteryonline.com\/wp-content\/uploads\/2022\/11\/2_ticket_superenalotto4-1.jpg 300w\" sizes=\"auto, (max-width: 211px) 100vw, 211px\" \/><\/p>\n<p>Izlozes laik\u0101 no cilindra, kur\u0101 ir bumbi\u0146as ar skait\u013ciem no 1 l\u012bdz 90, nejau\u0161\u012bbas k\u0101rt\u0101 tiek izv\u0113l\u0113ti se\u0161i skait\u013ci. Jebkura bi\u013cete, kas atbilst izloz\u0113tajiem skait\u013ciem, vinn\u0113 d\u017eekpotu.<\/p>\n<p>Superenalotto d\u017eekpota balva s\u0101kas no 2 miljoniem eiro, bet parasti t\u0101 ir daudz liel\u0101ka, jo t\u0101 tiek izloz\u0113ta atk\u0101rtoti. Citas balvu kategorijas tiek noteiktas atkar\u012bb\u0101 no pieejamo l\u012bdzek\u013cu procentu\u0101l\u0101s da\u013cas. T\u0101p\u0113c nav iesp\u0113jams noteikt, cik liela summa tiks sadal\u012bta katr\u0101 izloz\u0113.<\/p>\n<p>6 skait\u013ci &#8211; d\u017eekpots (17,4 % no kop\u0113j\u0101 fonda)<br \/>\n5 + jautrais skaitlis &#8211; 13 %<br \/>\n5 skait\u013ci &#8211; 4,2%<br \/>\n4 skait\u013ci &#8211; 4,2%<br \/>\n3 skait\u013ci &#8211; 12,8%.<br \/>\n2 skait\u013ci &#8211; 40%<\/p>\n<h2>Lai g\u016btu lab\u0101ku priek\u0161statu, \u0161eit ir nor\u0101d\u012bta vid\u0113j\u0101 summa vien\u0101 izloz\u0113.<\/h2>\n<p>6 skait\u013ci &#8211; 92 056 091,66 \u20ac.<br \/>\n5 + Jolly numurs &#8211; \u20ac 594 951,95<br \/>\n5 skait\u013ci &#8211; \u20ac49 736,38<br \/>\n4 skait\u013ci &#8211; 354,83 \u20ac<br \/>\n3 skait\u013ci &#8211; \u20ac27,15<br \/>\n2 skait\u013ci &#8211; 5,48 \u20ac<\/p>\n<h2>Sp\u0113l\u0113jiet Superenalotto internet\u0101<\/h2>\n<p>Superenalotto ir It\u0101lijas loterija, un t\u0101s izlozes tiek p\u0101rdotas tikai It\u0101lij\u0101. T\u0101d\u0113j\u0101di, ja dz\u012bvojat \u0101rpus It\u0101lijas, vien\u012bgais veids, k\u0101 ieg\u016bt piek\u013cuvi Superenalotto, ir ieg\u0101d\u0101ties ierakstu internet\u0101. To var izdar\u012bt no interneta loterijas p\u0101rdev\u0113ja, piem\u0113ram, jackpotlotlotteryonline.com.<\/p>\n<h2>Superenalotto ierakstu pirk\u0161anas tie\u0161saist\u0113 priek\u0161roc\u012bbas<\/h2>\n<ul>\n<li>J\u016bs sa\u0146emat \u0101tru un t\u016bl\u012bt\u0113ju piek\u013cuvi loterijai.<\/li>\n<li>Tas ir \u013coti \u0113rti, jo jums nav nepiecie\u0161ams atst\u0101t savas m\u0101jas \u0113rt\u012bbas.<\/li>\n<li>Tas ir ar\u012b dro\u0161\u0101k, jo j\u016bsu bi\u013cete tiek saglab\u0101ta digit\u0101li. Tas ir svar\u012bgi, jo tas ir vien\u012bgais veids, k\u0101 piepras\u012bt savu laimestu.<\/li>\n<li>Nevajag palaist gar\u0101m savu laimestu, jo m\u0113s j\u016bs nekav\u0113joties br\u012bdin\u0101sim, ja laim\u0113siet k\u0101du balvu.<\/li>\n<li>J\u016bs varat viegli iz\u0146emt jebkuru laimestu tie\u0161saist\u0113, nekur nebraucot<\/li>\n<\/ul>\n<h2>Re\u0123istr\u0113jieties pie mums, lai sp\u0113l\u0113tu Superenalotto<\/h2>\n<p>Ja dz\u012bvojat \u0101rpus It\u0101lijas un v\u0113laties ieg\u0101d\u0101ties piek\u013cuvi Superenalotto loterijai, varat to izdar\u012bt, pie mums re\u0123istr\u0113joties. M\u0113s sniedzam konsjer\u017ea pakalpojumus, kas nodro\u0161ina t\u016bl\u012bt\u0113ju piek\u013cuvi lab\u0101kaj\u0101m starptautiskaj\u0101m loterij\u0101m, tostarp Superenalotto.<\/p>\n<p>M\u016bsu m\u0113r\u0137is ir padar\u012bt loterijas apmekl\u0113jumu pat\u012bkamu m\u016bsu klientiem. M\u0113s no\u0146emam stresu no vienk\u0101r\u0161\u0101m liet\u0101m, \u013caujot jums izbaud\u012bt likmju lik\u0161anu. Ieg\u0101d\u0101jieties loterijas bi\u013cetes pie mums jau tagad, lai ieg\u016btu iesp\u0113ju vinn\u0113t lielu laimestu Superenalotto.<\/p>\n","protected":false},"excerpt":{"rendered":"<p>K\u0101p\u0113c Superenalotto? Vai j\u016bs interes\u0113, k\u0101 j\u016bs varat ieg\u0101d\u0101ties Superenalotto bi\u013cetes \u0101rpus It\u0101lijas? Superenalotto ir viena no popul\u0101r\u0101kaj\u0101m loterij\u0101m Eiropas kontinent\u0101. Nav p\u0101rsteidzo\u0161i, ka sp\u0113l\u0113t\u0101ji vis\u0101 pasaul\u0113 regul\u0101ri liek likmes uz \u0161o loteriju. Vietn\u0113 jackpotlotlotteryonline.com m\u0113s sniedzam sp\u0113l\u0113t\u0101jiem piek\u013cuvi lab\u0101kaj\u0101m starptautiskaj\u0101m loterij\u0101m, piem\u0113ram, Superenalotto. M\u0113s nodro\u0161in\u0101m iesp\u0113ju ieg\u0101d\u0101ties bi\u013cetes, p\u0101rbaud\u012bt izlozes rezult\u0101tus un piek\u013c\u016bt saviem [&hellip;]<\/p>\n","protected":false},"author":1,"featured_media":0,"parent":35766,"menu_order":5,"comment_status":"closed","ping_status":"closed","template":"superenalotto.php","meta":{"_et_pb_use_builder":"","_et_pb_old_content":"","_et_gb_content_width":"","exclude_from_search":false,"footnotes":""},"class_list":["post-36577","page","type-page","status-publish","hentry"],"yoast_head":"<!-- This site is optimized with the Yoast SEO plugin v23.3 - https:\/\/yoast.com\/wordpress\/plugins\/seo\/ -->\n<title>Nopirkt Superenalotto bi\u013cetes no \u0101rpus It\u0101lijas | Ieg\u0101d\u0101ties bi\u013cetes tie\u0161saist\u0113<\/title>\n<meta name=\"description\" content=\"Nedz\u012bvojat It\u0101lij\u0101, bet v\u0113laties piedal\u012bties Superenalotto? Ieg\u0101d\u0101jieties Superenalotto bi\u013ceti tie\u0161saist\u0113 ar m\u016bsu starpniec\u012bbu\" \/>\n<meta name=\"robots\" content=\"index, follow, max-snippet:-1, max-image-preview:large, max-video-preview:-1\" \/>\n<link rel=\"canonical\" href=\"https:\/\/jackpotlotteryonline.com\/buy-tickets\/superenalotto\/\" \/>\n<meta property=\"og:locale\" content=\"lv_LV\" \/>\n<meta property=\"og:type\" content=\"article\" \/>\n<meta property=\"og:title\" content=\"Nopirkt Superenalotto bi\u013cetes no \u0101rpus It\u0101lijas | Ieg\u0101d\u0101ties bi\u013cetes tie\u0161saist\u0113\" \/>\n<meta property=\"og:description\" content=\"Nedz\u012bvojat It\u0101lij\u0101, bet v\u0113laties piedal\u012bties Superenalotto? Ieg\u0101d\u0101jieties Superenalotto bi\u013ceti tie\u0161saist\u0113 ar m\u016bsu starpniec\u012bbu\" \/>\n<meta property=\"og:url\" content=\"https:\/\/jackpotlotteryonline.com\/buy-tickets\/superenalotto\/\" \/>\n<meta property=\"og:site_name\" content=\"Lotto Online - Crack The International Lottery Jackpots\" \/>\n<meta property=\"article:modified_time\" content=\"2023-01-03T20:27:47+00:00\" \/>\n<meta property=\"og:image\" content=\"https:\/\/jackpotlotteryonline.com\/wp-content\/uploads\/2022\/11\/logo_superenalotto.png\" \/>\n<meta name=\"twitter:card\" content=\"summary_large_image\" \/>\n<meta name=\"twitter:label1\" content=\"Est. reading time\" \/>\n\t<meta name=\"twitter:data1\" content=\"5 minutes\" \/>\n<!-- \/ Yoast SEO plugin. -->","yoast_head_json":{"title":"Nopirkt Superenalotto bi\u013cetes no \u0101rpus It\u0101lijas | Ieg\u0101d\u0101ties bi\u013cetes tie\u0161saist\u0113","description":"Nedz\u012bvojat It\u0101lij\u0101, bet v\u0113laties piedal\u012bties Superenalotto? Ieg\u0101d\u0101jieties Superenalotto bi\u013ceti tie\u0161saist\u0113 ar m\u016bsu starpniec\u012bbu","robots":{"index":"index","follow":"follow","max-snippet":"max-snippet:-1","max-image-preview":"max-image-preview:large","max-video-preview":"max-video-preview:-1"},"canonical":"https:\/\/jackpotlotteryonline.com\/buy-tickets\/superenalotto\/","og_locale":"lv_LV","og_type":"article","og_title":"Nopirkt Superenalotto bi\u013cetes no \u0101rpus It\u0101lijas | Ieg\u0101d\u0101ties bi\u013cetes tie\u0161saist\u0113","og_description":"Nedz\u012bvojat It\u0101lij\u0101, bet v\u0113laties piedal\u012bties Superenalotto? Ieg\u0101d\u0101jieties Superenalotto bi\u013ceti tie\u0161saist\u0113 ar m\u016bsu starpniec\u012bbu","og_url":"https:\/\/jackpotlotteryonline.com\/buy-tickets\/superenalotto\/","og_site_name":"Lotto Online - Crack The International Lottery Jackpots","article_modified_time":"2023-01-03T20:27:47+00:00","og_image":[{"url":"https:\/\/jackpotlotteryonline.com\/wp-content\/uploads\/2022\/11\/logo_superenalotto.png"}],"twitter_card":"summary_large_image","twitter_misc":{"Est. reading time":"5 minutes"},"schema":{"@context":"https:\/\/schema.org","@graph":[{"@type":"WebPage","@id":"https:\/\/jackpotlotteryonline.com\/buy-tickets\/superenalotto\/","url":"https:\/\/jackpotlotteryonline.com\/buy-tickets\/superenalotto\/","name":"Nopirkt Superenalotto bi\u013cetes no \u0101rpus It\u0101lijas | Ieg\u0101d\u0101ties bi\u013cetes tie\u0161saist\u0113","isPartOf":{"@id":"https:\/\/jackpotlotteryonline.com\/#website"},"primaryImageOfPage":{"@id":"https:\/\/jackpotlotteryonline.com\/buy-tickets\/superenalotto\/#primaryimage"},"image":{"@id":"https:\/\/jackpotlotteryonline.com\/buy-tickets\/superenalotto\/#primaryimage"},"thumbnailUrl":"https:\/\/jackpotlotteryonline.com\/wp-content\/uploads\/2022\/11\/logo_superenalotto.png","datePublished":"2022-11-07T14:06:39+00:00","dateModified":"2023-01-03T20:27:47+00:00","description":"Nedz\u012bvojat It\u0101lij\u0101, bet v\u0113laties piedal\u012bties Superenalotto? Ieg\u0101d\u0101jieties Superenalotto bi\u013ceti tie\u0161saist\u0113 ar m\u016bsu starpniec\u012bbu","breadcrumb":{"@id":"https:\/\/jackpotlotteryonline.com\/buy-tickets\/superenalotto\/#breadcrumb"},"inLanguage":"lv-LV","potentialAction":[{"@type":"ReadAction","target":["https:\/\/jackpotlotteryonline.com\/buy-tickets\/superenalotto\/"]}]},{"@type":"ImageObject","inLanguage":"lv-LV","@id":"https:\/\/jackpotlotteryonline.com\/buy-tickets\/superenalotto\/#primaryimage","url":"https:\/\/jackpotlotteryonline.com\/wp-content\/uploads\/2022\/11\/logo_superenalotto.png","contentUrl":"https:\/\/jackpotlotteryonline.com\/wp-content\/uploads\/2022\/11\/logo_superenalotto.png"},{"@type":"BreadcrumbList","@id":"https:\/\/jackpotlotteryonline.com\/buy-tickets\/superenalotto\/#breadcrumb","itemListElement":[{"@type":"ListItem","position":1,"name":"Home","item":"https:\/\/jackpotlotteryonline.com\/lv\/"},{"@type":"ListItem","position":2,"name":"K\u0101 nopirkt loterijas bi\u013cetes tie\u0161saist\u0113","item":"https:\/\/jackpotlotteryonline.com\/lv\/iegadaties-biletes\/"},{"@type":"ListItem","position":3,"name":"Pirkt Superenalotto bi\u013cetes"}]},{"@type":"WebSite","@id":"https:\/\/jackpotlotteryonline.com\/#website","url":"https:\/\/jackpotlotteryonline.com\/","name":"Lotto Online - Crack The International Lottery Jackpots","description":"","potentialAction":[{"@type":"SearchAction","target":{"@type":"EntryPoint","urlTemplate":"https:\/\/jackpotlotteryonline.com\/?s={search_term_string}"},"query-input":"required name=search_term_string"}],"inLanguage":"lv-LV"}]}},"_links":{"self":[{"href":"https:\/\/jackpotlotteryonline.com\/lv\/wp-json\/wp\/v2\/pages\/36577","targetHints":{"allow":["GET"]}}],"collection":[{"href":"https:\/\/jackpotlotteryonline.com\/lv\/wp-json\/wp\/v2\/pages"}],"about":[{"href":"https:\/\/jackpotlotteryonline.com\/lv\/wp-json\/wp\/v2\/types\/page"}],"author":[{"embeddable":true,"href":"https:\/\/jackpotlotteryonline.com\/lv\/wp-json\/wp\/v2\/users\/1"}],"replies":[{"embeddable":true,"href":"https:\/\/jackpotlotteryonline.com\/lv\/wp-json\/wp\/v2\/comments?post=36577"}],"version-history":[{"count":0,"href":"https:\/\/jackpotlotteryonline.com\/lv\/wp-json\/wp\/v2\/pages\/36577\/revisions"}],"up":[{"embeddable":true,"href":"https:\/\/jackpotlotteryonline.com\/lv\/wp-json\/wp\/v2\/pages\/35766"}],"wp:attachment":[{"href":"https:\/\/jackpotlotteryonline.com\/lv\/wp-json\/wp\/v2\/media?parent=36577"}],"curies":[{"name":"wp","href":"https:\/\/api.w.org\/{rel}","templated":true}]}}