{"id":36631,"date":"2022-11-08T08:12:59","date_gmt":"2022-11-08T08:12:59","guid":{"rendered":"https:\/\/jackpotlotteryonline.com\/?page_id=36631"},"modified":"2023-01-03T20:44:34","modified_gmt":"2023-01-03T20:44:34","slug":"el-gordo","status":"publish","type":"page","link":"https:\/\/jackpotlotteryonline.com\/lv\/iegadaties-biletes\/el-gordo\/","title":{"rendered":"Pirkt El Gordo bi\u013cetes"},"content":{"rendered":"<h2>Apbr\u012bnojam\u0101 Sp\u0101nijas loterija<\/h2>\n<p>El Gordo ir jau pavisam tuvu, un ne visiem ir paveicies dz\u012bvot Sp\u0101nij\u0101 vai ce\u013cot uz to. Tom\u0113r sp\u0113lma\u0146us visur aizrauj doma piedal\u012bties jautr\u012bb\u0101 un sv\u0113tkos, kas pavada \u0161o loteriju. Ar\u012b sp\u0113l\u0113t\u0101ji, kas dz\u012bvo \u0101rpus valsts, var piedal\u012bties \u0161aj\u0101 loterij\u0101, un m\u0113s jums par\u0101d\u012bsim, k\u0101 to izdar\u012bt.<\/p>\n<p>Ja esat jauns <a href=\"https:\/\/jackpotlotteryonline.com\/lv\/ka-spelet\/el-gordo\">loterijas sp\u0113l\u0113t\u0101js<\/a>, tad jums var\u0113tu b\u016bt interesanti uzzin\u0101t, ka \u0161\u012b ir Sp\u0101nijas loterija. T\u0101 tiek saukta par El Gordo, kas noz\u012bm\u0113 &#8220;treknais&#8221;, jo taj\u0101 ir liels d\u017eekpots. Tiek uzskat\u012bts, ka tas ir liel\u0101kais d\u017eekpots pasaul\u0113.<\/p>\n<p>T\u0101tad, k\u0101 j\u016bs varat piedal\u012bties \u0161aj\u0101 izloz\u0113, pat ja nedz\u012bvojat Sp\u0101nij\u0101? Turpiniet las\u012bt, un m\u0113s jums par to past\u0101st\u012bsim.<\/p>\n<h2>K\u0101 ieg\u0101d\u0101ties El Gordo bi\u013cetes \u0101rpus Sp\u0101nijas?<\/h2>\n<p><img loading=\"lazy\" decoding=\"async\" class=\"size-full wp-image-17870 alignright\" src=\"https:\/\/jackpotlotteryonline.com\/wp-content\/uploads\/2022\/10\/lotto_euros.jpg\" alt=\"Nopirkt El Gordo bi\u013cetes tie\u0161saist\u0113\" width=\"225\" height=\"134\" \/><\/p>\n<p>Visvienk\u0101r\u0161\u0101kais veids, k\u0101 ieg\u0101d\u0101ties El Gordo loterijas bi\u013cetes, ir internet\u0101 no tie\u0161saistes loteriju p\u0101rdev\u0113ja, piem\u0113ram, jackpotlotlotteryonline.com. M\u0113s nodro\u0161in\u0101m nevainojamu pakalpojumu, kas padara sp\u0113l\u0113\u0161anu lab\u0101kaj\u0101s starptautiskaj\u0101s loterij\u0101s par vieglu pieredzi. Re\u0123istr\u0113joties pie mums, j\u016bs sa\u0146emat individu\u0101lu platformu, kas ir piel\u0101gota j\u016bsu vajadz\u012bb\u0101m.<\/p>\n<p>M\u0113s v\u0113lamies nodro\u0161in\u0101t, lai m\u016bsu klienti izjustu prieku, ko sniedz loterijas sp\u0113l\u0113\u0161ana. Piedaloties El Gordo, j\u016bs k\u013c\u016bstat par v\u0113stures un trad\u012bciju da\u013cu. \u0160\u012b Sp\u0101nijas loterija ir paz\u012bstama ar\u012b k\u0101 Ziemassv\u0113tku loterija, un bez t\u0101s sezona nav t\u0101da pati.<\/p>\n<p>Ja Sp\u0101nijas Ziemassv\u0113tku loterij\u0101 piedal\u0101ties pirmo reizi, dal\u012bba taj\u0101 var b\u016bt nedaudz mulsino\u0161a. At\u0161\u0137ir\u012bb\u0101 no cit\u0101m loterij\u0101m j\u016bs nevarat izv\u0113l\u0113ties savus skait\u013cus. Uz katras izlozes ir jau uzdruk\u0101ti skait\u013ci. Turkl\u0101t El Gordo loterij\u0101 ir 100 000 skait\u013cu. Jackpotlotlotteryonline.com m\u0113s pal\u012bdz\u0113sim jums katr\u0101 sol\u012b.<\/p>\n<h2>K\u0101p\u0113c jums vajadz\u0113tu piedal\u012bties El Gordo<\/h2>\n<p>Ir vair\u0101ki iemesli, k\u0101p\u0113c sp\u0113l\u0113t\u0101ji vis\u0101 pasaul\u0113 m\u012bl El Gordo. M\u0113s min\u0113j\u0101m, ka t\u0101 ir v\u0113sturiski bag\u0101ta un tradicion\u0101la. Loterija pirmo reizi tika izloz\u0113ta 1812. gad\u0101; tas noz\u012bm\u0113, ka tai ir vair\u0101k nek\u0101 200 gadu. El Gordo ir otra vec\u0101k\u0101 loterija pasaul\u0113, un t\u0101 ir k\u013cuvusi par da\u013cu no Sp\u0101nijas kult\u016bras.<\/p>\n<p><a href=\"https:\/\/jackpotlotteryonline.com\/lv\/laimejusie-skaitli\/el-gordo-draw-results\">Izloze<\/a> notiek katru gadu 22. decembr\u012b, t\u0101p\u0113c t\u0101 ir lielisks veids, k\u0101 iekr\u0101sot sv\u0113tku sezonu. Pati izloze ir v\u0113l viens grandiozs notikums, jo izlozes rezult\u0101tus izsp\u0113l\u0113 San Ildefonso skolas skol\u0113ni. Vai m\u0113s jau piemin\u0113j\u0101m, ka El Gordo ir trad\u012bcij\u0101m bag\u0101ta pils\u0113ta? Tas noteikti ir kaut kas t\u0101ds, ko vecie un jaunie sp\u0113l\u0113t\u0101ji gaida ar nepaciet\u012bbu katru gadu.<\/p>\n<p>Turkl\u0101t El Gordo ir loterija, kas veicina un cildina kopienu. Bi\u013cetes ir sadal\u012btas vair\u0101k\u0101s apak\u0161noda\u013c\u0101s, un ir diezgan bie\u017ei sastopami rajoni, kas parakst\u0101s uz k\u0101du apak\u0161noda\u013cu. Tad k\u0101p\u0113c gan nedar\u012bt kaut ko \u012bpa\u0161u savai \u0123imenei un draugiem, piedaloties El Gordo kop\u0101? Tas ir br\u012bni\u0161\u0137\u012bgs veids, k\u0101 svin\u0113t Ziemassv\u0113tkus.<\/p>\n<section class=\"layout\" style=\"border: solid 1px; width: 100%;\">\n<div class=\"img-div\" style=\"margin-top: 5px;\"><img decoding=\"async\" class=\"wp-image-17212 alignleft\" style=\"height: 45px; margin: 8px 8px 0px;\" src=\"https:\/\/jackpotlotteryonline.com\/wp-content\/uploads\/2022\/11\/read1.jpg\" alt=\"las\u012bt\" width=\"\" height=\"\" \/><\/div>\n<div style=\"padding-left: 5px;\">\n<div style=\"font-size: 1.1em;\">\n<p><strong>Nepalaidiet gar\u0101m pasaules liel\u0101ko loterijas d\u017eekpotu izlozes laikus<\/strong><\/p>\n<p style=\"font-size: 0.85em; margin-top: -1.5em;\">Starptautisko loteriju izlozes laika saraksts\u00a0<a href=\"https:\/\/jackpotlotteryonline.com\/lv\/kad-ir-starptautisko-loteriju-izlozes-laiki\"> las\u012bt vair\u0101k<\/a><\/p>\n<\/div>\n<\/div>\n<\/section>\n<h2>K\u0101 sp\u0113l\u0113t El Gordo<\/h2>\n<p><img loading=\"lazy\" decoding=\"async\" class=\"alignright size-full wp-image-32459\" src=\"https:\/\/jackpotlotteryonline.com\/wp-content\/uploads\/2022\/11\/2_ticket_el_gordo-1.jpg\" alt=\"El Gordo loterijas bi\u013cete\" width=\"213\" height=\"300\" \/><\/p>\n<p>Kad piedal\u0101ties Sp\u0101nijas Ziemassv\u0113tku loterij\u0101, j\u016bsu izloz\u0113 var b\u016bt numuri no 00000 l\u012bdz 99999. Katra bi\u013cete ir sadal\u012bta desmit da\u013c\u0101s, kas tiek sadal\u012btas s\u012bk\u0101k. T\u0101p\u0113c neatkar\u012bgi no j\u016bsu bud\u017eeta j\u016bs varat at\u013cauties ieg\u0101d\u0101ties bi\u013ceti.<\/p>\n<p>Tikpat interesanti ir tas, ka El Gordo sp\u0113l\u0113t\u0101jiem ir \u013coti lielas izredzes laim\u0113t. Kop\u0113jais d\u017eekpota apjoms ir miljardiem eiro, un izredzes ir neticamas. T\u0101p\u0113c sp\u0113l\u0113t\u0101ji var atgriezties m\u0101j\u0101s ar t\u016bksto\u0161iem eiro pat tad, ja vi\u0146i neizc\u012bna pirmo laimestu.<\/p>\n<p>P\u0113c bi\u013cetes ieg\u0101des atliek tikai gaid\u012bt izlozi 22. decembr\u012b. M\u016bsu vietn\u0113 m\u0113s l\u016bdzam klientus re\u0123istr\u0113ties, lai m\u0113s var\u0113tu vi\u0146us inform\u0113t, tikl\u012bdz vi\u0146i ir laim\u0113ju\u0161i balvu. Ar\u012b laimestu izmaks\u0101t ir viegli, jo to var izdar\u012bt m\u016bsu platform\u0101.<\/p>\n<h2>So\u013ci, k\u0101 sp\u0113l\u0113t El Gordo tie\u0161saist\u0113<\/h2>\n<ol>\n<li>Tagad, kad j\u016bs esat tikpat saj\u016bsmin\u0101ts k\u0101 m\u0113s par Sp\u0101nijas Ziemassv\u0113tku loteriju, \u013caujiet mums iepaz\u012bstin\u0101t j\u016bs ar t\u0101s izsp\u0113les so\u013ciem.<\/li>\n<li>Ieg\u0101d\u0101jieties El Gordo bi\u013ceti m\u016bsu vietn\u0113<\/li>\n<li>Re\u0123istr\u0113jieties, lai m\u0113s var\u0113tu ar jums sazin\u0101ties, ja j\u016bs vinn\u0113siet<\/li>\n<li>Gaidiet izlozi<\/li>\n<\/ol>\n<h2>Izmaks\u0101jiet savu laimestu, ja vinn\u0113jat<\/h2>\n<p>Re\u0123istr\u0113joties pie mums, viss ir tik vienk\u0101r\u0161i. M\u0113s nov\u0113r\u0161am sare\u017e\u0123\u012bjumus, lai j\u016bs var\u0113tu izbaud\u012bt sp\u0113les prieku. Ja mekl\u0113jat loterijas sp\u0113li ar lab\u0101m izredz\u0113m, kas jums sag\u0101d\u0101tu prieku, tad vairs nemekl\u0113jiet.<\/p>\n<p>J\u0101piebilst, ka, lai gan El Gordo ir lielas izredzes, t\u0101 ir azartsp\u0113le. Nav iesp\u0113jams garant\u0113t, ka j\u016bs vinn\u0113siet, un nekas ar\u012b negarant\u0113, ka j\u016bs vinn\u0113siet. Tom\u0113r vien\u012bgais veids, k\u0101 j\u016bs varat ieg\u016bt iesp\u0113ju laim\u0113t balvu, ir, ja j\u016bs visp\u0101r piedal\u012bsieties loterij\u0101. T\u0101p\u0113c re\u0123istr\u0113jieties pie mums tagad, lai ieg\u0101d\u0101tos Sp\u0101nijas Ziemassv\u0113tku loterijas bi\u013cetes.<\/p>\n","protected":false},"excerpt":{"rendered":"<p>Apbr\u012bnojam\u0101 Sp\u0101nijas loterija El Gordo ir jau pavisam tuvu, un ne visiem ir paveicies dz\u012bvot Sp\u0101nij\u0101 vai ce\u013cot uz to. Tom\u0113r sp\u0113lma\u0146us visur aizrauj doma piedal\u012bties jautr\u012bb\u0101 un sv\u0113tkos, kas pavada \u0161o loteriju. Ar\u012b sp\u0113l\u0113t\u0101ji, kas dz\u012bvo \u0101rpus valsts, var piedal\u012bties \u0161aj\u0101 loterij\u0101, un m\u0113s jums par\u0101d\u012bsim, k\u0101 to izdar\u012bt. Ja esat jauns loterijas sp\u0113l\u0113t\u0101js, [&hellip;]<\/p>\n","protected":false},"author":1,"featured_media":0,"parent":35766,"menu_order":6,"comment_status":"closed","ping_status":"closed","template":"el-gordo-info.php","meta":{"_et_pb_use_builder":"","_et_pb_old_content":"","_et_gb_content_width":"","exclude_from_search":false,"footnotes":""},"class_list":["post-36631","page","type-page","status-publish","hentry"],"yoast_head":"<!-- This site is optimized with the Yoast SEO plugin v23.3 - https:\/\/yoast.com\/wordpress\/plugins\/seo\/ -->\n<title>Nopirkt El Gordo bi\u013cetes \u0101rpus Sp\u0101nijas | El Gordo bi\u013cetes tie\u0161saist\u0113<\/title>\n<meta name=\"description\" content=\"Ja dz\u012bvojat \u0101rpus Sp\u0101nijas, El Gordo bi\u013cetes varat ieg\u0101d\u0101ties tie\u0161saist\u0113 - tie\u0161i \u0161eit, izmantojot \u0161o tie\u0161saistes bi\u013ce\u0161u servisu.\" \/>\n<meta name=\"robots\" content=\"index, follow, max-snippet:-1, max-image-preview:large, max-video-preview:-1\" \/>\n<link rel=\"canonical\" href=\"https:\/\/jackpotlotteryonline.com\/buy-tickets\/el-gordo\/\" \/>\n<meta property=\"og:locale\" content=\"lv_LV\" \/>\n<meta property=\"og:type\" content=\"article\" \/>\n<meta property=\"og:title\" content=\"Nopirkt El Gordo bi\u013cetes \u0101rpus Sp\u0101nijas | El Gordo bi\u013cetes tie\u0161saist\u0113\" \/>\n<meta property=\"og:description\" content=\"Ja dz\u012bvojat \u0101rpus Sp\u0101nijas, El Gordo bi\u013cetes varat ieg\u0101d\u0101ties tie\u0161saist\u0113 - tie\u0161i \u0161eit, izmantojot \u0161o tie\u0161saistes bi\u013ce\u0161u servisu.\" \/>\n<meta property=\"og:url\" content=\"https:\/\/jackpotlotteryonline.com\/buy-tickets\/el-gordo\/\" \/>\n<meta property=\"og:site_name\" content=\"Lotto Online - Crack The International Lottery Jackpots\" \/>\n<meta property=\"article:modified_time\" content=\"2023-01-03T20:44:34+00:00\" \/>\n<meta property=\"og:image\" content=\"https:\/\/jackpotlotteryonline.com\/wp-content\/uploads\/2022\/10\/lotto_euros.jpg\" \/>\n<meta name=\"twitter:card\" content=\"summary_large_image\" \/>\n<meta name=\"twitter:label1\" content=\"Est. reading time\" \/>\n\t<meta name=\"twitter:data1\" content=\"4 minutes\" \/>\n<!-- \/ Yoast SEO plugin. -->","yoast_head_json":{"title":"Nopirkt El Gordo bi\u013cetes \u0101rpus Sp\u0101nijas | El Gordo bi\u013cetes tie\u0161saist\u0113","description":"Ja dz\u012bvojat \u0101rpus Sp\u0101nijas, El Gordo bi\u013cetes varat ieg\u0101d\u0101ties tie\u0161saist\u0113 - tie\u0161i \u0161eit, izmantojot \u0161o tie\u0161saistes bi\u013ce\u0161u servisu.","robots":{"index":"index","follow":"follow","max-snippet":"max-snippet:-1","max-image-preview":"max-image-preview:large","max-video-preview":"max-video-preview:-1"},"canonical":"https:\/\/jackpotlotteryonline.com\/buy-tickets\/el-gordo\/","og_locale":"lv_LV","og_type":"article","og_title":"Nopirkt El Gordo bi\u013cetes \u0101rpus Sp\u0101nijas | El Gordo bi\u013cetes tie\u0161saist\u0113","og_description":"Ja dz\u012bvojat \u0101rpus Sp\u0101nijas, El Gordo bi\u013cetes varat ieg\u0101d\u0101ties tie\u0161saist\u0113 - tie\u0161i \u0161eit, izmantojot \u0161o tie\u0161saistes bi\u013ce\u0161u servisu.","og_url":"https:\/\/jackpotlotteryonline.com\/buy-tickets\/el-gordo\/","og_site_name":"Lotto Online - Crack The International Lottery Jackpots","article_modified_time":"2023-01-03T20:44:34+00:00","og_image":[{"url":"https:\/\/jackpotlotteryonline.com\/wp-content\/uploads\/2022\/10\/lotto_euros.jpg"}],"twitter_card":"summary_large_image","twitter_misc":{"Est. reading time":"4 minutes"},"schema":{"@context":"https:\/\/schema.org","@graph":[{"@type":"WebPage","@id":"https:\/\/jackpotlotteryonline.com\/buy-tickets\/el-gordo\/","url":"https:\/\/jackpotlotteryonline.com\/buy-tickets\/el-gordo\/","name":"Nopirkt El Gordo bi\u013cetes \u0101rpus Sp\u0101nijas | El Gordo bi\u013cetes tie\u0161saist\u0113","isPartOf":{"@id":"https:\/\/jackpotlotteryonline.com\/#website"},"primaryImageOfPage":{"@id":"https:\/\/jackpotlotteryonline.com\/buy-tickets\/el-gordo\/#primaryimage"},"image":{"@id":"https:\/\/jackpotlotteryonline.com\/buy-tickets\/el-gordo\/#primaryimage"},"thumbnailUrl":"https:\/\/jackpotlotteryonline.com\/wp-content\/uploads\/2022\/10\/lotto_euros.jpg","datePublished":"2022-11-08T08:12:59+00:00","dateModified":"2023-01-03T20:44:34+00:00","description":"Ja dz\u012bvojat \u0101rpus Sp\u0101nijas, El Gordo bi\u013cetes varat ieg\u0101d\u0101ties tie\u0161saist\u0113 - tie\u0161i \u0161eit, izmantojot \u0161o tie\u0161saistes bi\u013ce\u0161u servisu.","breadcrumb":{"@id":"https:\/\/jackpotlotteryonline.com\/buy-tickets\/el-gordo\/#breadcrumb"},"inLanguage":"lv-LV","potentialAction":[{"@type":"ReadAction","target":["https:\/\/jackpotlotteryonline.com\/buy-tickets\/el-gordo\/"]}]},{"@type":"ImageObject","inLanguage":"lv-LV","@id":"https:\/\/jackpotlotteryonline.com\/buy-tickets\/el-gordo\/#primaryimage","url":"https:\/\/jackpotlotteryonline.com\/wp-content\/uploads\/2022\/10\/lotto_euros.jpg","contentUrl":"https:\/\/jackpotlotteryonline.com\/wp-content\/uploads\/2022\/10\/lotto_euros.jpg"},{"@type":"BreadcrumbList","@id":"https:\/\/jackpotlotteryonline.com\/buy-tickets\/el-gordo\/#breadcrumb","itemListElement":[{"@type":"ListItem","position":1,"name":"Home","item":"https:\/\/jackpotlotteryonline.com\/lv\/"},{"@type":"ListItem","position":2,"name":"K\u0101 nopirkt loterijas bi\u013cetes tie\u0161saist\u0113","item":"https:\/\/jackpotlotteryonline.com\/lv\/iegadaties-biletes\/"},{"@type":"ListItem","position":3,"name":"Pirkt El Gordo bi\u013cetes"}]},{"@type":"WebSite","@id":"https:\/\/jackpotlotteryonline.com\/#website","url":"https:\/\/jackpotlotteryonline.com\/","name":"Lotto Online - Crack The International Lottery Jackpots","description":"","potentialAction":[{"@type":"SearchAction","target":{"@type":"EntryPoint","urlTemplate":"https:\/\/jackpotlotteryonline.com\/?s={search_term_string}"},"query-input":"required name=search_term_string"}],"inLanguage":"lv-LV"}]}},"_links":{"self":[{"href":"https:\/\/jackpotlotteryonline.com\/lv\/wp-json\/wp\/v2\/pages\/36631","targetHints":{"allow":["GET"]}}],"collection":[{"href":"https:\/\/jackpotlotteryonline.com\/lv\/wp-json\/wp\/v2\/pages"}],"about":[{"href":"https:\/\/jackpotlotteryonline.com\/lv\/wp-json\/wp\/v2\/types\/page"}],"author":[{"embeddable":true,"href":"https:\/\/jackpotlotteryonline.com\/lv\/wp-json\/wp\/v2\/users\/1"}],"replies":[{"embeddable":true,"href":"https:\/\/jackpotlotteryonline.com\/lv\/wp-json\/wp\/v2\/comments?post=36631"}],"version-history":[{"count":0,"href":"https:\/\/jackpotlotteryonline.com\/lv\/wp-json\/wp\/v2\/pages\/36631\/revisions"}],"up":[{"embeddable":true,"href":"https:\/\/jackpotlotteryonline.com\/lv\/wp-json\/wp\/v2\/pages\/35766"}],"wp:attachment":[{"href":"https:\/\/jackpotlotteryonline.com\/lv\/wp-json\/wp\/v2\/media?parent=36631"}],"curies":[{"name":"wp","href":"https:\/\/api.w.org\/{rel}","templated":true}]}}