{"id":36683,"date":"2022-11-08T10:03:47","date_gmt":"2022-11-08T10:03:47","guid":{"rendered":"https:\/\/jackpotlotteryonline.com\/?page_id=36683"},"modified":"2023-01-03T21:05:12","modified_gmt":"2023-01-03T21:05:12","slug":"lotto-germany","status":"publish","type":"page","link":"https:\/\/jackpotlotteryonline.com\/lv\/iegadaties-biletes\/lotto-germany\/","title":{"rendered":"Nopirkt bi\u013cetes uz Lotto V\u0101cija"},"content":{"rendered":"<p>Sp\u0113l\u0113t\u0101jiem, kuri dz\u012bvo \u0101rpus V\u0101cijas, var \u0161\u0137ist nedaudz sare\u017e\u0123\u012bti ieg\u0101d\u0101ties V\u0101cijas lotto bi\u013cetes, ta\u010du tam t\u0101 nav j\u0101b\u016bt. V\u0101cijas Lotto ir paz\u012bstama ar\u012b k\u0101 6 aus 49, un t\u0101 ir viena no Eirop\u0101 visilg\u0101k r\u012bkotaj\u0101m loterij\u0101m. T\u0101 tika izveidota 1955. gad\u0101 un \u0101tri vien ir k\u013cuvusi par vado\u0161o loterijas sp\u0113li valst\u012b.<\/p>\n<p>\u0160\u012bs loterijas ieraksti ir pieejami akredit\u0113tos tirdzniec\u012bbas viet\u0101s V\u0101cij\u0101. Ta\u010du, ja dz\u012bvojat cit\u0101 pasaules mal\u0101, jums b\u016bs j\u0101pa\u013caujas uz uzticamu tie\u0161saistes loterijas vietni, piem\u0113ram, jackpotlotlotteryoneline.com.<\/p>\n<p><a href=\"https:\/\/jackpotlotteryonline.com\/lv\/ka-spelet\/german-lotto\">Sp\u0113l\u0113t loteriju tie\u0161saist\u0113<\/a> ir vienk\u0101r\u0161i, un, izmantojot m\u016bsu vietni, tas k\u013c\u016bst par nevainojamu un pat\u012bkamu piedz\u012bvojumu.<\/p>\n<h2>K\u0101 sp\u0113l\u0113t V\u0101cijas loto m\u016bsu vietn\u0113<\/h2>\n<p><img loading=\"lazy\" decoding=\"async\" class=\"alignright size-medium wp-image-33350\" src=\"http:\/\/jackpotlotteryonline.com\/wp-content\/uploads\/2022\/11\/2_ticket_euromillions3-1-111x300.jpg\" alt=\"V\u0101cijas loto bi\u013cete\" width=\"111\" height=\"300\" srcset=\"https:\/\/jackpotlotteryonline.com\/wp-content\/uploads\/2022\/11\/2_ticket_euromillions3-1-111x300.jpg 111w, https:\/\/jackpotlotteryonline.com\/wp-content\/uploads\/2022\/11\/2_ticket_euromillions3-1.jpg 180w\" sizes=\"auto, (max-width: 111px) 100vw, 111px\" \/><\/p>\n<p>V\u0101rda 6 aus 49 burtiskais tulkojums ir se\u0161i no 49. Lai sp\u0113l\u0113tu V\u0101cu loto, jums ir j\u0101izv\u0113las se\u0161i skait\u013ci no 1 l\u012bdz 49 un bonusa skaitlis no 0 l\u012bdz 9. Tas ir vien\u0101di neatkar\u012bgi no t\u0101, vai j\u016bs sp\u0113l\u0113jat bezsaist\u0113 vai internet\u0101.<\/p>\n<p>Ieg\u0101d\u0101joties ierakstu V\u0101cijas loterijai m\u016bsu vietn\u0113, jums ir iesp\u0113ja izv\u0113l\u0113ties 6 skait\u013cus no 49. J\u016bs varat izv\u0113l\u0113ties vair\u0101k nek\u0101 vienu skait\u013cu rindu, jo katrs skaitlis tiek ieskait\u012bts ierakst\u0101, t\u0101d\u0113j\u0101di palielinot j\u016bsu izredzes. P\u0113c tam varat izv\u0113l\u0113ties, vai v\u0113laties piedal\u012bties vien\u0101 vai vair\u0101kos izloz\u0113s.<\/p>\n<p><a href=\"https:\/\/jackpotlotteryonline.com\/lv\/laimejusie-skaitli\/german-lotto\">V\u0101cijas loterij\u0101 ir divas izlozes ned\u0113\u013c\u0101<\/a> &#8211; tre\u0161dien un sestdien; j\u016bs varat izv\u0113l\u0113ties, vai piedal\u012bties vien\u0101 vai vair\u0101k\u0101s izloz\u0113s. Kad esat izdar\u012bjis savu izv\u0113li, n\u0101kamais solis ir samaks\u0101t par pirkumu. \u0160aj\u0101 br\u012bd\u012b m\u0113s jums l\u016bgsim re\u0123istr\u0113ties pie mums. Tas ir nepiecie\u0161ams vair\u0101ku iemeslu d\u0113\u013c:<\/p>\n<ul>\n<li>Re\u0123istr\u0113joties j\u016bs var\u0113siet dro\u0161i glab\u0101t savas re\u0123istr\u0101cijas kv\u012btis, jo t\u0101s jums b\u016bs nepiecie\u0161amas, lai pieteiktos laimestiem.<\/li>\n<li>J\u016bs varat viegli p\u0101rbaud\u012bt izlozes rezult\u0101tus, lai gan, ja j\u016bs vinn\u0113siet k\u0101du balvu, m\u0113s j\u016bs par to inform\u0113sim, izmantojot j\u016bsu paneli un pa e-pastu.<\/li>\n<li>J\u016bs varat ar\u012b sa\u0146emt visus laimestus tie\u0161i m\u016bsu platform\u0101.<\/li>\n<\/ul>\n<h2>K\u0101 uzvar\u0113t loterij\u0101<\/h2>\n<p>Izlozes laik\u0101 tiek izloz\u0113ti se\u0161i skait\u013ci no 1 l\u012bdz 49. Bonusa skaitlis, kas tiek saukts par Superzahl, tiek izloz\u0113ts no cita autom\u0101ta. Ja j\u016bsu skait\u013ci sakr\u012bt ar izloz\u0113tajiem skait\u013ciem, j\u016bs vinn\u0113siet d\u017eekpotu.<\/p>\n<p>Svar\u012bgi nor\u0101d\u012bt, ka d\u017eekpots nav vien\u012bg\u0101 balva, ko sp\u0113l\u0113t\u0101ji var vinn\u0113t V\u0101cijas loterij\u0101. \u0160aj\u0101 Eiropas loterij\u0101 ir 10 da\u017e\u0101das balvu kategorijas, un ir ar\u012b balva tikai par divu skait\u013cu un bonusa skait\u013ca sakrit\u012bbu.<\/p>\n<p>K\u0101 jau min\u0113j\u0101m iepriek\u0161, izredzes laim\u0113t \u0161aj\u0101 loterij\u0101 ir diezgan labas. Izredzes laim\u0113t d\u017eekpotu ir 1 pret 139 838 160, bet kop\u0113j\u0101s izredzes laim\u0113t balvu ir 1 pret 31. Ja j\u016bs nekad neesat sp\u0113l\u0113jis v\u0101cu 6 aus 49, \u0161is ir \u012bstais br\u012bdis, lai padom\u0101tu par likmju izdar\u012b\u0161anu. To var izdar\u012bt, ieg\u0101d\u0101joties loterijas ierakstu vietn\u0113 jackpotlotlotteryoneline.com.<\/p>\n<h2>K\u0101 es varu zin\u0101t, ka man ir \u012bsta bi\u013cete?<\/h2>\n<p><img loading=\"lazy\" decoding=\"async\" class=\"size-medium wp-image-27698 alignright\" src=\"http:\/\/jackpotlotteryonline.com\/wp-content\/uploads\/2022\/11\/1_lottery_results-300x150.jpg\" alt=\"V\u0101cija-lotterry bumbi\u0146as\" width=\"300\" height=\"150\" srcset=\"https:\/\/jackpotlotteryonline.com\/wp-content\/uploads\/2022\/11\/1_lottery_results-300x150.jpg 300w, https:\/\/jackpotlotteryonline.com\/wp-content\/uploads\/2022\/11\/1_lottery_results.jpg 350w\" sizes=\"auto, (max-width: 300px) 100vw, 300px\" \/><\/p>\n<p>\u0160is ir \u013coti svar\u012bgs jaut\u0101jums, jo \u012bpa\u0161i, ja p\u0113rkat V\u0101cijas loterijas bi\u013cetes tie\u0161saist\u0113. Ir iesp\u0113jams ieg\u0101d\u0101ties, k\u0101 j\u016bs dom\u0101jat, loterijas bi\u013ceti, un tom\u0113r neb\u016bt taj\u0101 iek\u013cautam.<\/p>\n<p>Uz katras loterijas bi\u013cetes ir uzdruk\u0101ti s\u0113rijas numuri, un tie ir svar\u012bgi, lai noteiktu, vai bi\u013cete ir \u012bsta. Vietn\u0113 jackpotlotlotteryonline.com m\u0113s saviem klientiem nodro\u0161in\u0101m konsjer\u017ea pakalpojumus. Tas noz\u012bm\u0113, ka, ieg\u0101d\u0101joties pie mums tie\u0161saistes loterijas bi\u013cetes, uz j\u016bsu bi\u013cet\u0113m b\u016bs nor\u0101d\u012bti s\u0113rijas numuri, kas n\u0101k no V\u0101cijas loterijas.<\/p>\n<p>Citiem v\u0101rdiem sakot, ar m\u016bsu pakalpojumu j\u016bs ieg\u016bsiet piek\u013cuvi loterijai. Ja jums atbilst izloz\u0113tie skait\u013ci, j\u016bs vinn\u0113siet d\u017eekpotu.<\/p>\n<h2>K\u0101 es varu piepras\u012bt savu laimestu?<\/h2>\n<p>Loterijas sp\u0113l\u0113\u0161anas ar mums priek\u0161roc\u012bba ir t\u0101, ka jums nav j\u0101uztraucas par savu laimestu piepras\u012b\u0161anu. Pirmk\u0101rt, j\u016bsu laimests ir dro\u0161\u012bb\u0101 j\u016bsu kont\u0101, un nav bai\u013cu to pazaud\u0113t. T\u0101 k\u0101 \u0161\u012b kv\u012bts jums b\u016bs nepiecie\u0161ama, lai piepras\u012btu savu laimestu, tas ir \u013coti labi. 2021. gad\u0101 11,3 miljonu eiro liels laimests atgriez\u0101s fond\u0101, jo 3 gadus palika nepiepras\u012bts. M\u0113s nev\u0113lamies, lai t\u0101 notiktu ar\u012b ar jums.<\/p>\n<p>Otrk\u0101rt, ja j\u016bs kaut ko vinn\u0113siet, m\u0113s nekav\u0113joties pazi\u0146osim jums par to, un n\u0101kamreiz, kad j\u016bs piesl\u0113gsieties savam kontam, j\u016bsu l\u012bdzek\u013ci b\u016bs turpat, kur j\u016bs gaid\u012bs. Vienk\u0101r\u0161i p\u0101rskaitiet l\u012bdzek\u013cus uz savu bankas kontu, un j\u016bs varat baud\u012bt laimestu.<\/p>\n<p>M\u0113s zin\u0101m, ka, sp\u0113l\u0113jot loteriju, jums ir svar\u012bgi labi pavad\u012bt laiku. Galu gal\u0101 tai ir j\u0101b\u016bt jautrai sp\u0113lei. T\u0101p\u0113c m\u0113s nenogursto\u0161i str\u0101d\u0101jam, lai procesu padar\u012btu vienk\u0101r\u0161\u0101ku, lai tas norit\u0113tu nevainojami un bez sare\u017e\u0123\u012bjumiem, \u013caujot jums br\u012bvi izbaud\u012bt sp\u0113li.<\/p>\n<section class=\"layout\" style=\"border: solid 1px; width: 100%;\">\n<div class=\"img-div\" style=\"margin-top: 5px;\"><img decoding=\"async\" class=\"wp-image-17212 alignleft\" style=\"height: 45px; margin: 8px 8px 0px;\" src=\"http:\/\/jackpotlotteryonline.com\/wp-content\/uploads\/2022\/11\/read1.jpg\" alt=\"las\u012bt\" width=\"\" height=\"\" \/><\/div>\n<div style=\"padding-left: 5px;\">\n<div style=\"font-size: 1.1em;\">\n<p><strong>K\u0101du automa\u0161\u012bnu j\u016bs ieg\u0101d\u0101tosiet, ja uzvar\u0113tu loterij\u0101?<\/strong><\/p>\n<p style=\"font-size: 0.85em; margin-top: -1.5em;\">Uzvariet loterij\u0101 un ieg\u016bstiet jaunu automa\u0161\u012bnu \u00a0<a href=\"https:\/\/jackpotlotteryonline.com\/lv\/kadu-automasinu-jus-iegadatosiet-ja-uzvaretu-loterija\">las\u012bt vair\u0101k<\/a><\/p>\n<\/div>\n<\/div>\n<\/section>\n<h2>6 aus 49 balvu l\u012bme\u0146i<\/h2>\n<p>V\u0113laties uzzin\u0101t, ko varat laim\u0113t, sp\u0113l\u0113jot V\u0101cijas loto? \u0160eit ir nor\u0101d\u012bti da\u017e\u0101die balvu l\u012bme\u0146i un katram l\u012bmenim pie\u0161\u0137irt\u0101 balvu fonda procentu\u0101l\u0101 da\u013ca.<\/p>\n<p>Match 6 + Superzahl &#8211; 12,80 % (d\u017eekpots)<br \/>\nTikai 6. sp\u0113les &#8211; 10%.<br \/>\nMatch 5 + Superzahl &#8211; 5%<br \/>\nTikai 5. ma\u010ds &#8211; 15%<br \/>\nSp\u0113le 4 + Superzahl &#8211; 5%<br \/>\nTikai 4. ma\u010ds &#8211; 10%<br \/>\nMatch 3 + Superzahl &#8211; 10%<br \/>\nTikai 3. sp\u0113les &#8211; 45%<br \/>\nMatch 2 + Superzahl &#8211; \u20ac6<\/p>\n<p>\u0145emiet v\u0113r\u0101, ka p\u0101r\u0113j\u0101s balvas tiek noteiktas p\u0113c d\u017eekpota iz\u0146em\u0161anas no balvu fonda.<\/p>\n<h2>Cik liels ir d\u017eekpots?<\/h2>\n<p>V\u0101cijas loterijas d\u017eekpota balva s\u0101kas no 2 miljoniem eiro un p\u0113c katras izlozes, ja nav uzvar\u0113t\u0101ja, p\u0101rkr\u012bt. T\u0101d\u0113j\u0101di d\u017eekpots palielin\u0101s, l\u012bdz sasniedz apet\u012bti aizraujo\u0161u summu.<\/p>\n<p>Piem\u0113ram, 2020. gada oktobr\u012b viena bi\u013cetes \u012bpa\u0161nieks laim\u0113ja d\u017eekpota balvu 42 583 626 eiro apm\u0113r\u0101. \u0160is laimests bija liel\u0101kais d\u017eekpots V\u0101cijas loto v\u0113stur\u0113. Tuvu tam uz pap\u0113\u017eiem min\u0113ja d\u017eekpota balvu 33 832 008 eiro apm\u0113r\u0101, ko ar\u012b vinn\u0113ja viens loterijas sp\u0113l\u0113t\u0101js.<\/p>\n<p>Vair\u0101ki citi V\u0101cijas loterijas bi\u013ce\u0161u \u012bpa\u0161nieki ir vinn\u0113ju\u0161i miljoniem eiro v\u0113rtus d\u017eekpotus. T\u0101p\u0113c nav p\u0101rsteidzo\u0161i, ka sp\u0113l\u0113t\u0101ji vis\u0101 pasaul\u0113 steidz piedal\u012bties ikned\u0113\u013cas izloz\u0113s.<\/p>\n<h2>Re\u0123istr\u0113jieties pie mums, lai sp\u0113l\u0113tu loteriju tie\u0161saist\u0113<\/h2>\n<p>Lai piedal\u012btos V\u0101cijas loterij\u0101, jums nav j\u0101dz\u012bvo V\u0101cij\u0101. Re\u0123istr\u0113joties pie mums, j\u016bs ieg\u016bstat piek\u013cuvi lab\u0101kaj\u0101m starptautiskaj\u0101m loterij\u0101m. Tas patie\u0161\u0101m paver pla\u0161as iesp\u0113jas. \u0145emiet v\u0113r\u0101 ar\u012b to, ka loterij\u0101 ieg\u016btie l\u012bdzek\u013ci V\u0101cij\u0101 netiek aplikti ar nodok\u013ciem. Tom\u0113r m\u0113s iesak\u0101m p\u0101rbaud\u012bt nodok\u013cu likumus j\u016bsu dz\u012bvesviet\u0101.<\/p>\n<p>T\u0101tad, ko j\u016bs v\u0113l gaid\u0101t? Re\u0123istr\u0113jieties pie mums, lai ieg\u0101d\u0101tos V\u0101cijas loterijas bi\u013cetes tie\u0161saist\u0113, un iel\u016bkojieties aizraujo\u0161aj\u0101 starptautisko loteriju sp\u0113\u013cu pasaul\u0113.<\/p>\n","protected":false},"excerpt":{"rendered":"<p>Sp\u0113l\u0113t\u0101jiem, kuri dz\u012bvo \u0101rpus V\u0101cijas, var \u0161\u0137ist nedaudz sare\u017e\u0123\u012bti ieg\u0101d\u0101ties V\u0101cijas lotto bi\u013cetes, ta\u010du tam t\u0101 nav j\u0101b\u016bt. V\u0101cijas Lotto ir paz\u012bstama ar\u012b k\u0101 6 aus 49, un t\u0101 ir viena no Eirop\u0101 visilg\u0101k r\u012bkotaj\u0101m loterij\u0101m. T\u0101 tika izveidota 1955. gad\u0101 un \u0101tri vien ir k\u013cuvusi par vado\u0161o loterijas sp\u0113li valst\u012b. \u0160\u012bs loterijas ieraksti ir [&hellip;]<\/p>\n","protected":false},"author":1,"featured_media":0,"parent":35766,"menu_order":8,"comment_status":"closed","ping_status":"closed","template":"lotto-german-info.php","meta":{"_et_pb_use_builder":"","_et_pb_old_content":"","_et_gb_content_width":"","exclude_from_search":false,"footnotes":""},"class_list":["post-36683","page","type-page","status-publish","hentry"],"yoast_head":"<!-- This site is optimized with the Yoast SEO plugin v23.3 - https:\/\/yoast.com\/wordpress\/plugins\/seo\/ -->\n<title>Nopirkt V\u0101cijas Lotto bi\u013cetes \u0101rpus V\u0101cijas | V\u0101cijas Lotto online<\/title>\n<meta name=\"description\" content=\"\u0160eit pieejamas V\u0101cijas Lotto 6\/49 bi\u013cetes, \u0161eit t\u0101s var dro\u0161i ieg\u0101d\u0101ties tie\u0161saist\u0113 \u0101rpus V\u0101cijas.\" \/>\n<meta name=\"robots\" content=\"index, follow, max-snippet:-1, max-image-preview:large, max-video-preview:-1\" \/>\n<link rel=\"canonical\" href=\"https:\/\/jackpotlotteryonline.com\/buy-tickets\/lotto-germany\/\" \/>\n<meta property=\"og:locale\" content=\"lv_LV\" \/>\n<meta property=\"og:type\" content=\"article\" \/>\n<meta property=\"og:title\" content=\"Nopirkt V\u0101cijas Lotto bi\u013cetes \u0101rpus V\u0101cijas | V\u0101cijas Lotto online\" \/>\n<meta property=\"og:description\" content=\"\u0160eit pieejamas V\u0101cijas Lotto 6\/49 bi\u013cetes, \u0161eit t\u0101s var dro\u0161i ieg\u0101d\u0101ties tie\u0161saist\u0113 \u0101rpus V\u0101cijas.\" \/>\n<meta property=\"og:url\" content=\"https:\/\/jackpotlotteryonline.com\/buy-tickets\/lotto-germany\/\" \/>\n<meta property=\"og:site_name\" content=\"Lotto Online - Crack The International Lottery Jackpots\" \/>\n<meta property=\"article:modified_time\" content=\"2023-01-03T21:05:12+00:00\" \/>\n<meta property=\"og:image\" content=\"http:\/\/jackpotlotteryonline.com\/wp-content\/uploads\/2022\/11\/2_ticket_euromillions3-1-111x300.jpg\" \/>\n<meta name=\"twitter:card\" content=\"summary_large_image\" \/>\n<meta name=\"twitter:label1\" content=\"Est. reading time\" \/>\n\t<meta name=\"twitter:data1\" content=\"5 minutes\" \/>\n<!-- \/ Yoast SEO plugin. -->","yoast_head_json":{"title":"Nopirkt V\u0101cijas Lotto bi\u013cetes \u0101rpus V\u0101cijas | V\u0101cijas Lotto online","description":"\u0160eit pieejamas V\u0101cijas Lotto 6\/49 bi\u013cetes, \u0161eit t\u0101s var dro\u0161i ieg\u0101d\u0101ties tie\u0161saist\u0113 \u0101rpus V\u0101cijas.","robots":{"index":"index","follow":"follow","max-snippet":"max-snippet:-1","max-image-preview":"max-image-preview:large","max-video-preview":"max-video-preview:-1"},"canonical":"https:\/\/jackpotlotteryonline.com\/buy-tickets\/lotto-germany\/","og_locale":"lv_LV","og_type":"article","og_title":"Nopirkt V\u0101cijas Lotto bi\u013cetes \u0101rpus V\u0101cijas | V\u0101cijas Lotto online","og_description":"\u0160eit pieejamas V\u0101cijas Lotto 6\/49 bi\u013cetes, \u0161eit t\u0101s var dro\u0161i ieg\u0101d\u0101ties tie\u0161saist\u0113 \u0101rpus V\u0101cijas.","og_url":"https:\/\/jackpotlotteryonline.com\/buy-tickets\/lotto-germany\/","og_site_name":"Lotto Online - Crack The International Lottery Jackpots","article_modified_time":"2023-01-03T21:05:12+00:00","og_image":[{"url":"http:\/\/jackpotlotteryonline.com\/wp-content\/uploads\/2022\/11\/2_ticket_euromillions3-1-111x300.jpg"}],"twitter_card":"summary_large_image","twitter_misc":{"Est. reading time":"5 minutes"},"schema":{"@context":"https:\/\/schema.org","@graph":[{"@type":"WebPage","@id":"https:\/\/jackpotlotteryonline.com\/buy-tickets\/lotto-germany\/","url":"https:\/\/jackpotlotteryonline.com\/buy-tickets\/lotto-germany\/","name":"Nopirkt V\u0101cijas Lotto bi\u013cetes \u0101rpus V\u0101cijas | V\u0101cijas Lotto online","isPartOf":{"@id":"https:\/\/jackpotlotteryonline.com\/#website"},"primaryImageOfPage":{"@id":"https:\/\/jackpotlotteryonline.com\/buy-tickets\/lotto-germany\/#primaryimage"},"image":{"@id":"https:\/\/jackpotlotteryonline.com\/buy-tickets\/lotto-germany\/#primaryimage"},"thumbnailUrl":"http:\/\/jackpotlotteryonline.com\/wp-content\/uploads\/2022\/11\/2_ticket_euromillions3-1-111x300.jpg","datePublished":"2022-11-08T10:03:47+00:00","dateModified":"2023-01-03T21:05:12+00:00","description":"\u0160eit pieejamas V\u0101cijas Lotto 6\/49 bi\u013cetes, \u0161eit t\u0101s var dro\u0161i ieg\u0101d\u0101ties tie\u0161saist\u0113 \u0101rpus V\u0101cijas.","breadcrumb":{"@id":"https:\/\/jackpotlotteryonline.com\/buy-tickets\/lotto-germany\/#breadcrumb"},"inLanguage":"lv-LV","potentialAction":[{"@type":"ReadAction","target":["https:\/\/jackpotlotteryonline.com\/buy-tickets\/lotto-germany\/"]}]},{"@type":"ImageObject","inLanguage":"lv-LV","@id":"https:\/\/jackpotlotteryonline.com\/buy-tickets\/lotto-germany\/#primaryimage","url":"http:\/\/jackpotlotteryonline.com\/wp-content\/uploads\/2022\/11\/2_ticket_euromillions3-1-111x300.jpg","contentUrl":"http:\/\/jackpotlotteryonline.com\/wp-content\/uploads\/2022\/11\/2_ticket_euromillions3-1-111x300.jpg"},{"@type":"BreadcrumbList","@id":"https:\/\/jackpotlotteryonline.com\/buy-tickets\/lotto-germany\/#breadcrumb","itemListElement":[{"@type":"ListItem","position":1,"name":"Home","item":"https:\/\/jackpotlotteryonline.com\/lv\/"},{"@type":"ListItem","position":2,"name":"K\u0101 nopirkt loterijas bi\u013cetes tie\u0161saist\u0113","item":"https:\/\/jackpotlotteryonline.com\/lv\/iegadaties-biletes\/"},{"@type":"ListItem","position":3,"name":"Nopirkt bi\u013cetes uz Lotto V\u0101cija"}]},{"@type":"WebSite","@id":"https:\/\/jackpotlotteryonline.com\/#website","url":"https:\/\/jackpotlotteryonline.com\/","name":"Lotto Online - Crack The International Lottery Jackpots","description":"","potentialAction":[{"@type":"SearchAction","target":{"@type":"EntryPoint","urlTemplate":"https:\/\/jackpotlotteryonline.com\/?s={search_term_string}"},"query-input":"required name=search_term_string"}],"inLanguage":"lv-LV"}]}},"_links":{"self":[{"href":"https:\/\/jackpotlotteryonline.com\/lv\/wp-json\/wp\/v2\/pages\/36683","targetHints":{"allow":["GET"]}}],"collection":[{"href":"https:\/\/jackpotlotteryonline.com\/lv\/wp-json\/wp\/v2\/pages"}],"about":[{"href":"https:\/\/jackpotlotteryonline.com\/lv\/wp-json\/wp\/v2\/types\/page"}],"author":[{"embeddable":true,"href":"https:\/\/jackpotlotteryonline.com\/lv\/wp-json\/wp\/v2\/users\/1"}],"replies":[{"embeddable":true,"href":"https:\/\/jackpotlotteryonline.com\/lv\/wp-json\/wp\/v2\/comments?post=36683"}],"version-history":[{"count":0,"href":"https:\/\/jackpotlotteryonline.com\/lv\/wp-json\/wp\/v2\/pages\/36683\/revisions"}],"up":[{"embeddable":true,"href":"https:\/\/jackpotlotteryonline.com\/lv\/wp-json\/wp\/v2\/pages\/35766"}],"wp:attachment":[{"href":"https:\/\/jackpotlotteryonline.com\/lv\/wp-json\/wp\/v2\/media?parent=36683"}],"curies":[{"name":"wp","href":"https:\/\/api.w.org\/{rel}","templated":true}]}}