{"id":36737,"date":"2022-11-08T12:32:40","date_gmt":"2022-11-08T12:32:40","guid":{"rendered":"https:\/\/jackpotlotteryonline.com\/?page_id=36737"},"modified":"2022-12-21T15:12:45","modified_gmt":"2022-12-21T15:12:45","slug":"la-primitiva","status":"publish","type":"page","link":"https:\/\/jackpotlotteryonline.com\/lv\/iegadaties-biletes\/la-primitiva\/","title":{"rendered":"Pirkt La Primitiva bi\u013cetes"},"content":{"rendered":"<h2>La Primitiva Online<\/h2>\n<p>Sp\u0101nijas loterijas vienm\u0113r ir piesaist\u012bju\u0161as daudzu izt\u0113li, un La Primitiva nav iz\u0146\u0113mums. Tagad <strong>La Primitiva bi\u013cetes tie\u0161saist\u0113 var ieg\u0101d\u0101ties ar\u012b \u0101rpus Sp\u0101nijas<\/strong>. Agr\u0101k La Primitiva bija pieejama tikai Sp\u0101nijas pilso\u0146iem, tom\u0113r, izplatoties komunik\u0101cij\u0101m, t\u0101 ir p\u0101rg\u0101jusi pie n\u0101kam\u0101s paaudzes un tiek pied\u0101v\u0101ta ikvienam, kas vec\u0101ks par 18 gadiem.<\/p>\n<p>M\u016bsu t\u012bmek\u013ca vietn\u0113 La Primitiva Lotto tagad var sp\u0113l\u0113t tie\u0161saist\u0113. T\u0101 ir viena no liel\u0101kaj\u0101m Eiropas loterij\u0101m, un taj\u0101 ir lielas balvas.<\/p>\n<p>Ja v\u0113laties ieg\u0101d\u0101ties La Primitiva lotto bi\u013ceti tie\u0161saist\u0113 un dz\u012bvojat \u0101rpus Sp\u0101nijas, vien\u012bg\u0101 iesp\u0113ja ir ieg\u0101d\u0101ties to pie mums. M\u0113s esam piesaist\u012bju\u0161i daudzus klientus no visas pasaules un sniedzam jums vislab\u0101kos pakalpojumus, tostarp p\u0113rkam La Primitiva loterijas bi\u013ceti j\u016bsu v\u0101rd\u0101, pal\u012bdzam jums izv\u0113l\u0113ties skait\u013cus un nodro\u0161in\u0101m, ka laimestu nauda tiek dro\u0161i pieg\u0101d\u0101ta jums.<\/p>\n<section class=\"layout\" style=\"border: solid 1px; width: 100%;\">\n<div class=\"img-div\" style=\"margin-top: 5px;\"><img decoding=\"async\" class=\"wp-image-17212 alignleft\" style=\"height: 45px; margin: 8px 8px 0px;\" src=\"https:\/\/jackpotlotteryonline.com\/wp-content\/uploads\/2022\/11\/read1.jpg\" alt=\"las\u012bt\" width=\"\" height=\"\" \/><\/div>\n<div style=\"padding-left: 5px;\">\n<div style=\"font-size: 1.1em;\">\n<p><strong>K\u0101ds ir loterijas veiksmes nosl\u0113pums?<\/strong><\/p>\n<p style=\"font-size: 0.85em; margin-top: -1.5em;\">K\u0101 veiksm\u012bgi sp\u0113l\u0113t loterij\u0101\u00a0\u00a0<a href=\"https:\/\/jackpotlotteryonline.com\/lv\/kads-ir-looterijas-veiksmes-noslepums\"> las\u012bt vair\u0101k<\/a><\/p>\n<\/div>\n<\/div>\n<\/section>\n<h2>K\u0101p\u0113c sp\u0113l\u0113t La Primitiva tie\u0161saist\u0113<\/h2>\n<p><a href=\"https:\/\/jackpotlotteryonline.com\/lv\/laimejusie-skaitli\/la-primitiva\">La Primitiva Online izlozes<\/a> notiek tr\u012bs reizes ned\u0113\u013c\u0101. Tas dod laiku, lai d\u017eekpoti strauji pieaugtu. Taj\u0101 pa\u0161\u0101 laik\u0101 izredzes laim\u0113t ir diezgan labas, pat attiec\u012bb\u0101 uz augst\u0101kajiem laimestu l\u012bme\u0146iem. Katram La Primitiva Online loterij\u0101 iesaist\u012btajam lotto faniem ir 1 pret 6 izredzes laim\u0113t naudas balvu.<\/p>\n<h2>La Primitiva vs El Gordo vs Sp\u0101nijas Ziemassv\u0113tku loterija<\/h2>\n<p>La Primitiva ir viena no liel\u0101kaj\u0101m loterij\u0101m pied\u0101v\u0101to balvu zi\u0146\u0101, un t\u0101 ir viena no vispiepras\u012bt\u0101kaj\u0101m no daudzajiem lotto d\u017eekpotiem, ko varat<a href=\"https:\/\/jackpotlotteryonline.com\/lv\/ka-spelet\/la-primitiva-2\"> sp\u0113l\u0113t m\u016bsu vietn\u0113.<\/a> Nav iemesla zaud\u0113t cer\u012bbas vai iesp\u0113ju pat tad, ja nedz\u012bvojat Sp\u0101nij\u0101. J\u016bs varat sp\u0113l\u0113t no jebkuras pasaules vietas, ja esat vec\u0101ks par 18 gadiem.<\/p>\n<p>El Gordo ir pavisam cita loterija, ta\u010du ar\u012b to varat sp\u0113l\u0113t m\u016bsu vietn\u0113. El Gordo izlozes notiek tikai reizi ned\u0113\u013c\u0101, sv\u0113tdien\u0101s.<\/p>\n<p>Papildus La Primitiva un El Gordo regul\u0101raj\u0101m ikned\u0113\u013cas izloz\u0113m ir ar\u012b El Gordo Ziemassv\u0113tku izloze, kas tiek izloz\u0113ta tikai reizi gad\u0101, 22. decembr\u012b.<\/p>\n","protected":false},"excerpt":{"rendered":"<p>La Primitiva Online Sp\u0101nijas loterijas vienm\u0113r ir piesaist\u012bju\u0161as daudzu izt\u0113li, un La Primitiva nav iz\u0146\u0113mums. Tagad La Primitiva bi\u013cetes tie\u0161saist\u0113 var ieg\u0101d\u0101ties ar\u012b \u0101rpus Sp\u0101nijas. Agr\u0101k La Primitiva bija pieejama tikai Sp\u0101nijas pilso\u0146iem, tom\u0113r, izplatoties komunik\u0101cij\u0101m, t\u0101 ir p\u0101rg\u0101jusi pie n\u0101kam\u0101s paaudzes un tiek pied\u0101v\u0101ta ikvienam, kas vec\u0101ks par 18 gadiem. M\u016bsu t\u012bmek\u013ca vietn\u0113 La [&hellip;]<\/p>\n","protected":false},"author":1,"featured_media":0,"parent":35766,"menu_order":7,"comment_status":"closed","ping_status":"closed","template":"la-primitiva-info.php","meta":{"_et_pb_use_builder":"","_et_pb_old_content":"","_et_gb_content_width":"","exclude_from_search":false,"footnotes":""},"class_list":["post-36737","page","type-page","status-publish","hentry"],"yoast_head":"<!-- This site is optimized with the Yoast SEO plugin v23.3 - https:\/\/yoast.com\/wordpress\/plugins\/seo\/ -->\n<title>Pirkt bi\u013ceti La Primitiva Lotto tie\u0161saist\u0113 un \u0101rpus Sp\u0101nijas<\/title>\n<meta name=\"description\" content=\"Ieg\u0101d\u0101jieties La Primitiva Lotto bi\u013cetes no \u0101rpus Sp\u0101nijas, krustojiet \u012bk\u0161\u0137us, gaidiet un g\u016bstiet lielo laimestu!\" \/>\n<meta name=\"robots\" content=\"index, follow, max-snippet:-1, max-image-preview:large, max-video-preview:-1\" \/>\n<link rel=\"canonical\" href=\"https:\/\/jackpotlotteryonline.com\/buy-tickets\/la-primitiva\/\" \/>\n<meta property=\"og:locale\" content=\"lv_LV\" \/>\n<meta property=\"og:type\" content=\"article\" \/>\n<meta property=\"og:title\" content=\"Pirkt bi\u013ceti La Primitiva Lotto tie\u0161saist\u0113 un \u0101rpus Sp\u0101nijas\" \/>\n<meta property=\"og:description\" content=\"Ieg\u0101d\u0101jieties La Primitiva Lotto bi\u013cetes no \u0101rpus Sp\u0101nijas, krustojiet \u012bk\u0161\u0137us, gaidiet un g\u016bstiet lielo laimestu!\" \/>\n<meta property=\"og:url\" content=\"https:\/\/jackpotlotteryonline.com\/buy-tickets\/la-primitiva\/\" \/>\n<meta property=\"og:site_name\" content=\"Lotto Online - Crack The International Lottery Jackpots\" \/>\n<meta property=\"article:modified_time\" content=\"2022-12-21T15:12:45+00:00\" \/>\n<meta property=\"og:image\" content=\"https:\/\/jackpotlotteryonline.com\/wp-content\/uploads\/2022\/11\/read1.jpg\" \/>\n<meta name=\"twitter:card\" content=\"summary_large_image\" \/>\n<meta name=\"twitter:label1\" content=\"Est. reading time\" \/>\n\t<meta name=\"twitter:data1\" content=\"2 minutes\" \/>\n<!-- \/ Yoast SEO plugin. -->","yoast_head_json":{"title":"Pirkt bi\u013ceti La Primitiva Lotto tie\u0161saist\u0113 un \u0101rpus Sp\u0101nijas","description":"Ieg\u0101d\u0101jieties La Primitiva Lotto bi\u013cetes no \u0101rpus Sp\u0101nijas, krustojiet \u012bk\u0161\u0137us, gaidiet un g\u016bstiet lielo laimestu!","robots":{"index":"index","follow":"follow","max-snippet":"max-snippet:-1","max-image-preview":"max-image-preview:large","max-video-preview":"max-video-preview:-1"},"canonical":"https:\/\/jackpotlotteryonline.com\/buy-tickets\/la-primitiva\/","og_locale":"lv_LV","og_type":"article","og_title":"Pirkt bi\u013ceti La Primitiva Lotto tie\u0161saist\u0113 un \u0101rpus Sp\u0101nijas","og_description":"Ieg\u0101d\u0101jieties La Primitiva Lotto bi\u013cetes no \u0101rpus Sp\u0101nijas, krustojiet \u012bk\u0161\u0137us, gaidiet un g\u016bstiet lielo laimestu!","og_url":"https:\/\/jackpotlotteryonline.com\/buy-tickets\/la-primitiva\/","og_site_name":"Lotto Online - Crack The International Lottery Jackpots","article_modified_time":"2022-12-21T15:12:45+00:00","og_image":[{"url":"https:\/\/jackpotlotteryonline.com\/wp-content\/uploads\/2022\/11\/read1.jpg"}],"twitter_card":"summary_large_image","twitter_misc":{"Est. reading time":"2 minutes"},"schema":{"@context":"https:\/\/schema.org","@graph":[{"@type":"WebPage","@id":"https:\/\/jackpotlotteryonline.com\/buy-tickets\/la-primitiva\/","url":"https:\/\/jackpotlotteryonline.com\/buy-tickets\/la-primitiva\/","name":"Pirkt bi\u013ceti La Primitiva Lotto tie\u0161saist\u0113 un \u0101rpus Sp\u0101nijas","isPartOf":{"@id":"https:\/\/jackpotlotteryonline.com\/#website"},"primaryImageOfPage":{"@id":"https:\/\/jackpotlotteryonline.com\/buy-tickets\/la-primitiva\/#primaryimage"},"image":{"@id":"https:\/\/jackpotlotteryonline.com\/buy-tickets\/la-primitiva\/#primaryimage"},"thumbnailUrl":"https:\/\/jackpotlotteryonline.com\/wp-content\/uploads\/2022\/11\/read1.jpg","datePublished":"2022-11-08T12:32:40+00:00","dateModified":"2022-12-21T15:12:45+00:00","description":"Ieg\u0101d\u0101jieties La Primitiva Lotto bi\u013cetes no \u0101rpus Sp\u0101nijas, krustojiet \u012bk\u0161\u0137us, gaidiet un g\u016bstiet lielo laimestu!","breadcrumb":{"@id":"https:\/\/jackpotlotteryonline.com\/buy-tickets\/la-primitiva\/#breadcrumb"},"inLanguage":"lv-LV","potentialAction":[{"@type":"ReadAction","target":["https:\/\/jackpotlotteryonline.com\/buy-tickets\/la-primitiva\/"]}]},{"@type":"ImageObject","inLanguage":"lv-LV","@id":"https:\/\/jackpotlotteryonline.com\/buy-tickets\/la-primitiva\/#primaryimage","url":"https:\/\/jackpotlotteryonline.com\/wp-content\/uploads\/2022\/11\/read1.jpg","contentUrl":"https:\/\/jackpotlotteryonline.com\/wp-content\/uploads\/2022\/11\/read1.jpg"},{"@type":"BreadcrumbList","@id":"https:\/\/jackpotlotteryonline.com\/buy-tickets\/la-primitiva\/#breadcrumb","itemListElement":[{"@type":"ListItem","position":1,"name":"Home","item":"https:\/\/jackpotlotteryonline.com\/lv\/"},{"@type":"ListItem","position":2,"name":"K\u0101 nopirkt loterijas bi\u013cetes tie\u0161saist\u0113","item":"https:\/\/jackpotlotteryonline.com\/lv\/iegadaties-biletes\/"},{"@type":"ListItem","position":3,"name":"Pirkt La Primitiva bi\u013cetes"}]},{"@type":"WebSite","@id":"https:\/\/jackpotlotteryonline.com\/#website","url":"https:\/\/jackpotlotteryonline.com\/","name":"Lotto Online - Crack The International Lottery Jackpots","description":"","potentialAction":[{"@type":"SearchAction","target":{"@type":"EntryPoint","urlTemplate":"https:\/\/jackpotlotteryonline.com\/?s={search_term_string}"},"query-input":"required name=search_term_string"}],"inLanguage":"lv-LV"}]}},"_links":{"self":[{"href":"https:\/\/jackpotlotteryonline.com\/lv\/wp-json\/wp\/v2\/pages\/36737","targetHints":{"allow":["GET"]}}],"collection":[{"href":"https:\/\/jackpotlotteryonline.com\/lv\/wp-json\/wp\/v2\/pages"}],"about":[{"href":"https:\/\/jackpotlotteryonline.com\/lv\/wp-json\/wp\/v2\/types\/page"}],"author":[{"embeddable":true,"href":"https:\/\/jackpotlotteryonline.com\/lv\/wp-json\/wp\/v2\/users\/1"}],"replies":[{"embeddable":true,"href":"https:\/\/jackpotlotteryonline.com\/lv\/wp-json\/wp\/v2\/comments?post=36737"}],"version-history":[{"count":0,"href":"https:\/\/jackpotlotteryonline.com\/lv\/wp-json\/wp\/v2\/pages\/36737\/revisions"}],"up":[{"embeddable":true,"href":"https:\/\/jackpotlotteryonline.com\/lv\/wp-json\/wp\/v2\/pages\/35766"}],"wp:attachment":[{"href":"https:\/\/jackpotlotteryonline.com\/lv\/wp-json\/wp\/v2\/media?parent=36737"}],"curies":[{"name":"wp","href":"https:\/\/api.w.org\/{rel}","templated":true}]}}