{"id":36792,"date":"2022-11-09T07:02:16","date_gmt":"2022-11-09T07:02:16","guid":{"rendered":"https:\/\/jackpotlotteryonline.com\/?page_id=36792"},"modified":"2023-01-03T21:39:42","modified_gmt":"2023-01-03T21:39:42","slug":"lotto-france","status":"publish","type":"page","link":"https:\/\/jackpotlotteryonline.com\/lv\/iegadaties-biletes\/lotto-france\/","title":{"rendered":"Nopirkt Lotto France bi\u013cetes"},"content":{"rendered":"<p>Vai Francijas Lotto bi\u013cetes var ieg\u0101d\u0101ties \u0101rpus Eiropas valsts? Varb\u016bt j\u016bs esat pieredz\u0113jis sp\u0113lmanis vai ies\u0101c\u0113js, un j\u016bs dom\u0101jat, k\u0101p\u0113c j\u016bs var\u0113tu interes\u0113t tie\u0161i \u0161\u012b loterija. M\u0113s dal\u012bsimies ar jums ar da\u017eiem iemesliem, k\u0101p\u0113c, m\u016bsupr\u0101t, Francijas valsts loterija ir lieliska sp\u0113le. Ja esat sp\u0113l\u0113t\u0101js no citas pasaules malas, uzzin\u0101siet, k\u0101 ieg\u0101d\u0101ties \u0161\u012bs loterijas ierakstus.<\/p>\n<p>Loterija ir azartsp\u0113le, un da\u017ek\u0101rt, lai no\u0137ertu liel\u0101kas zivis, jums var n\u0101kties izplest t\u012bklu. B\u016bt\u012bb\u0101 tas noz\u012bm\u0113 izp\u0113t\u012bt citas loterijas, lai palielin\u0101tu savas izredzes laim\u0113t. Francijas loterija ir laba loterija, ko izm\u0113\u0123in\u0101t daudzu iemeslu d\u0113\u013c, un m\u0113s tos apl\u016bkosim \u0161aj\u0101 rakst\u0101.<\/p>\n<h2>P\u0101rsteidzo\u0161as d\u017eekpota summas<\/h2>\n<p>Francijas loto, ko d\u0113v\u0113 ar\u012b par France Lotto vai sa\u012bsin\u0101ti tikai Loto, ir \u013coti pievilc\u012bgi d\u017eekpoti, kas piesaista sp\u0113l\u0113t\u0101jus no visas pasaules. S\u0101kotn\u0113j\u0101 d\u017eekpota summa ir 2 miljoni eiro, un, ja tas netiks vinn\u0113ts p\u0113c katras izlozes, d\u017eekpots var k\u013c\u016bt daudz liel\u0101ks.<\/p>\n<p>Francijas loterijas d\u017eekpots, ja nav laim\u0113t\u0101ja, p\u0101rkr\u012bt un turpina pieaugt, l\u012bdz sasniedz iev\u0113rojamu summu. Sp\u0113l\u0113jot \u0161o Eiropas loteriju, j\u016bs varat k\u013c\u016bt par 11 miljonu eiro vai liel\u0101ka d\u017eekpota ieguv\u0113ju.<\/p>\n<p>Piem\u0113ram, p\u0113c katras izlozes d\u017eekpots palielin\u0101s par 1 miljonu eiro, un tas var palielin\u0101ties 34 reizes p\u0113c k\u0101rtas, pirms p\u0101rtrauc ri\u0146\u0137o\u0161anu. Pam\u0113\u0123iniet iedom\u0101ties, cik daudz tas viss var sasniegt, turkl\u0101t diezgan \u0101tri.<\/p>\n<h2>Vair\u0101kas izlozes ned\u0113\u013c\u0101<\/h2>\n<p>Iemesls, k\u0101p\u0113c d\u017eekpota balva aug tik strauji, ir t\u0101s izlo\u017eu skaits.<a href=\"https:\/\/jackpotlotteryonline.com\/lv\/laimejusie-skaitli\/france-lotto\"> Francijas loterij\u0101 ned\u0113\u013c\u0101 notiek tr\u012bs izlozes<\/a>, kas sp\u0113l\u0113t\u0101jiem dod vair\u0101kas iesp\u0113jas laim\u0113t lielu laimestu. Izlozes notiek pirmdien, tre\u0161dien un sestdien.<\/p>\n<p>Ja esat nol\u0113mis piedal\u012bties \u0161aj\u0101 loterij\u0101, iesak\u0101m piedal\u012bties vair\u0101kos izloz\u0113s, jo tas ir lielisks veids, k\u0101 palielin\u0101t savas izredzes laim\u0113t.<\/p>\n<h2>10 da\u017e\u0101das balvu kategorijas<\/h2>\n<p><img loading=\"lazy\" decoding=\"async\" class=\"alignright size-full wp-image-30344\" src=\"https:\/\/jackpotlotteryonline.com\/wp-content\/uploads\/2022\/11\/1_winning_numbers_euromillions.jpg\" alt=\"Francijas loterijas balvu kategorija\" width=\"300\" height=\"300\" srcset=\"https:\/\/jackpotlotteryonline.com\/wp-content\/uploads\/2022\/11\/1_winning_numbers_euromillions.jpg 300w, https:\/\/jackpotlotteryonline.com\/wp-content\/uploads\/2022\/11\/1_winning_numbers_euromillions-100x100.jpg 100w, https:\/\/jackpotlotteryonline.com\/wp-content\/uploads\/2022\/11\/1_winning_numbers_euromillions-150x150.jpg 150w\" sizes=\"auto, (max-width: 300px) 100vw, 300px\" \/><\/p>\n<p>D\u017eekpota balva ir pievilc\u012bga, ta\u010du tas nav vien\u012bgais, ko varat laim\u0113t,<a href=\"https:\/\/jackpotlotteryonline.com\/lv\/ka-spelet\/france-lotto\"> sp\u0113l\u0113jot Francijas loto<\/a>. \u0160aj\u0101 1978. gad\u0101 izveidotaj\u0101 loterij\u0101 ir desmit da\u017e\u0101das balvu kategorijas. Ir pat balva par nejau\u0161\u012bbas skait\u013ca sakrit\u012bbu.<\/p>\n<p>Turpm\u0101k ir uzskait\u012btas balvu kategorijas.<\/p>\n<p>Atbilst 5 skait\u013ciem + izredzes skaitlis &#8211; d\u017eekpots<br \/>\nTikai 5 skait\u013cu sakrit\u012bba &#8211; 8,44 % no balvu fonda.<br \/>\n4 skait\u013cu un izredzes skait\u013ca sakrit\u012bba &#8211; 2,06 % no balvu fonda.<br \/>\nTikai 4 skait\u013cu sakrit\u012bba &#8211; 7,43 % no balvu fonda.<br \/>\n3 skait\u013ci + izredzes skaitlis &#8211; 4,44 % no balvu fonda.<br \/>\nTikai 3 skait\u013cu sakrit\u012bba &#8211; 15,98 % no balvu fonda.<br \/>\n2 skait\u013ci + izredzes skaitlis &#8211; 12,43 % no balvu fonda.<br \/>\nTikai 2 skait\u013cu sakrit\u012bba &#8211; 49,22 % no balvu fonda.<br \/>\n1 skaitlis + izredzes skaitlis &#8211; 2,20 \u20ac.<br \/>\nTikai izredzes skaitlis &#8211; 2,20 \u20ac<\/p>\n<h2>Viegli sp\u0113l\u0113t bezsaist\u0113 un tie\u0161saist\u0113<\/h2>\n<p>V\u0113l viens iemesls, k\u0101d\u0113\u013c b\u016btu v\u0113rts apsv\u0113rt Francijas loterijas sp\u0113l\u0113\u0161anu, ir tas, ka taj\u0101 ir diezgan viegli piedal\u012bties. Ja dz\u012bvojat Francij\u0101, piedal\u012bties loterij\u0101 ir tik vienk\u0101r\u0161i, k\u0101 aiziet pie re\u0123istr\u0113ta loterijas p\u0101rdev\u0113ja un ieg\u0101d\u0101ties loterijas kuponu. Loterijas talon\u0101 j\u016bs varat izv\u0113l\u0113ties 5 galvenos skait\u013cus un vienu nejau\u0161\u012bbas skaitli. J\u016bs varat izv\u0113l\u0113ties vair\u0101kas skait\u013cu rindas, lai palielin\u0101tu savas izredzes laim\u0113t loterij\u0101.<\/p>\n<p>Tom\u0113r, ja dz\u012bvojat \u0101rpus Francijas, piedal\u012bties loterij\u0101 nav tik vienk\u0101r\u0161i. J\u016bs nevarat ieiet veikal\u0101, lai ieg\u0101d\u0101tos \u0161\u012bs loterijas bi\u013cetes, t\u0101p\u0113c jums ir iesp\u0113ja ieg\u0101d\u0101ties bi\u013cetes tie\u0161saist\u0113. Ja loterij\u0101 piedal\u0101ties, izmantojot internetu, darbojas tas pats princips. Tas noz\u012bm\u0113, ka j\u0101izv\u0113las 5 galvenie skait\u013ci un nejau\u0161\u012bbas skaitlis.<\/p>\n<p>Neatkar\u012bgi no t\u0101, vai loterij\u0101 piedal\u0101ties bezsaist\u0113 vai tie\u0161saist\u0113, jums ir j\u0101izv\u0113las, cik izloz\u0113s v\u0113laties piedal\u012bties. Izlozes beig\u0101s loterij\u0101 uzvar bi\u013cete, kas atbilst izloz\u0113tajiem skait\u013ciem.<\/p>\n<section class=\"layout\" style=\"border: solid 1px; width: 100%;\">\n<div class=\"img-div\" style=\"margin-top: 5px;\"><img decoding=\"async\" class=\"wp-image-17212 alignleft\" style=\"height: 45px; margin: 8px 8px 0px;\" src=\"https:\/\/jackpotlotteryonline.com\/wp-content\/uploads\/2022\/11\/read1.jpg\" alt=\"las\u012bt\" width=\"\" height=\"\" \/><\/div>\n<div style=\"padding-left: 5px;\">\n<div style=\"font-size: 1.1em;\">\n<p><strong>Skatieties, k\u0101 izlozes numuri tiek izloz\u0113ti tie\u0161raid\u0113<\/strong><\/p>\n<p style=\"font-size: 0.85em; margin-top: -1.5em;\">K\u0101 skat\u012bties savu iecien\u012bt\u0101ko loteriju tie\u0161raides izlozes\u00a0 <a href=\"https:\/\/jackpotlotteryonline.com\/lv\/skatieties-ka-izlozes-numuri-tiek-izlozeti-dzivaja\">las\u012bt vair\u0101k<\/a><\/p>\n<\/div>\n<\/div>\n<\/section>\n<h2>Sp\u0113l\u0113jiet Francijas Lotto ar jackpotlotlotteryonline.com<\/h2>\n<p>Ja esat ies\u0101c\u0113js loterijas sp\u0113l\u0113\u0161an\u0101 internet\u0101, viss var k\u013c\u016bt \u013coti \u0101tri neskaidrs. K\u0101 j\u016bs varat \u0161\u0137irot da\u017e\u0101das vietnes, kas apgalvo, ka p\u0101rdod loterijas bi\u013cetes, un atrast \u012bstus p\u0101rdev\u0113jus? Tas ir vienk\u0101r\u0161i. Mekl\u0113jiet vietni, kur\u0101 tiek pied\u0101v\u0101ti konsjer\u017ea pakalpojumi.<\/p>\n<p>Vietn\u0113 jackpotlotlotteryoneline.com m\u0113s saviem klientiem pied\u0101v\u0101jam konsjer\u017ea pakalpojumus, lai nodro\u0161in\u0101tu, ka vi\u0146i var piek\u013c\u016bt sav\u0101m izv\u0113l\u0113taj\u0101m loterij\u0101m. Kad ieg\u0101d\u0101jaties ierakstu m\u016bsu vietn\u0113, m\u016bsu a\u0123enti Francij\u0101 ieg\u0101d\u0101sies fiziskus \u017eetonus ar j\u016bsu izv\u0113l\u0113to numuru.<\/p>\n<p>Tas tiek dar\u012bts t\u0101d\u0113\u013c, lai nodro\u0161in\u0101tu, ka j\u016bs ne tikai veicat der\u012bbas par loterijas izn\u0101kumu, bet ka j\u016bs patie\u0161\u0101m piedal\u0101ties izloz\u0113s, lai ieg\u016btu iesp\u0113ju laim\u0113t d\u017eekpotu.<\/p>\n<h2>Padomi, k\u0101 palielin\u0101t savas izredzes uzvar\u0113t<\/h2>\n<p><img loading=\"lazy\" decoding=\"async\" class=\"alignright size-full wp-image-35051\" src=\"https:\/\/jackpotlotteryonline.com\/wp-content\/uploads\/2022\/11\/2_ticket_saturday_lotto_au-1-166x300-1.jpg\" alt=\"Francijas loterijas bi\u013cete\" width=\"166\" height=\"300\" \/><\/p>\n<p>Loterija ir skait\u013cu sp\u0113le. Jo vair\u0101k sp\u0113l\u0113jat, jo liel\u0101kas ir j\u016bsu izredzes laim\u0113t. Liela da\u013ca loterijas uzvar\u0113t\u0101ju atkl\u0101ja, ka pirms laimesta vi\u0146i ir sp\u0113l\u0113ju\u0161i vair\u0101kus gadus. T\u0101p\u0113c \u0161eit ir da\u017ei veidi, k\u0101 j\u016bs varat palielin\u0101t savas izredzes laim\u0113t loterij\u0101.<\/p>\n<ul>\n<li>Ieg\u0101d\u0101jieties vair\u0101kus loterijas ierakstus. Tas \u0161\u0137iet tik pa\u0161saprotami, bet ir cilv\u0113ki, kuri ieg\u0101d\u0101jas vienu ierakstu vienai izlozei un p\u0113c tam j\u016btas v\u012blu\u0161ies, jo nav laim\u0113ju\u0161i. Ja v\u0113laties palielin\u0101t savas izredzes laim\u0113t, jums j\u0101ieg\u0101d\u0101jas vair\u0101ki ieraksti.<\/li>\n<li>Piedalieties ar\u012b vair\u0101k\u0101s izloz\u0113s. Lo\u0123ika ir t\u0101da pati ar\u012b attiec\u012bb\u0101 uz izloz\u0113m. Jo vair\u0101k izloz\u0113s piedal\u012bsieties, jo liel\u0101kas b\u016bs j\u016bsu izredzes laim\u0113t lielu summu.<\/li>\n<li>M\u0113\u0123iniet pievienoties loterijas sindik\u0101tam. T\u0101 ir cilv\u0113ku grupa, kas apvienojas, lai apvienotu savus l\u012bdzek\u013cus un var\u0113tu sp\u0113l\u0113t loterij\u0101. Apvienojot resursus, vi\u0146i var ieg\u0101d\u0101ties vair\u0101k ierakstu un piedal\u012bties vair\u0101k\u0101s izloz\u0113s. Interesanti, ka daudzi loteriju sindik\u0101ti gadu gait\u0101 ir vinn\u0113ju\u0161i neticamus d\u017eekpotus, t\u0101p\u0113c ir v\u0113rts izm\u0113\u0123in\u0101t \u0161o iesp\u0113ju.<\/li>\n<li>Ticiet, ka j\u016bs vinn\u0113siet. Pievilk\u0161an\u0101s likums ir lieta, un daudzi loterijas uzvar\u0113t\u0101ji jums pateiks, ka vi\u0146i tic\u0113ja, ka laim\u0113s loterij\u0101. Ja j\u016bs gatavojaties pavad\u012bt k\u0101du laiku, sp\u0113l\u0113jot loteriju, ir labi stingri tic\u0113t, ka j\u016bs uzvar\u0113siet.<\/li>\n<li>Nepadodieties. Ir k\u0101rdino\u0161i padoties, kad da\u017eas reizes esat sp\u0113l\u0113jis, bet neesat laim\u0113jis. Ta\u010du, ja j\u016bs patie\u0161\u0101m v\u0113laties laim\u0113t lielu summu, jums ir j\u0101b\u016bt konsekventam. Veiciet tikai t\u0101das likmes, k\u0101das varat at\u013cauties.<\/li>\n<li>Neaizmirstiet, ka, sp\u0113l\u0113jot loteriju, jums ir j\u0101priec\u0101jas. Galu gal\u0101 t\u0101 joproj\u0101m ir sp\u0113le, un, ja vien j\u016bs baud\u0101t \u0161o pieredzi, tad tas ir t\u0101 v\u0113rts.<\/li>\n<\/ul>\n<h2>Ieg\u0101d\u0101jieties Francijas Lotto bi\u013cetes tagad<\/h2>\n<p>Ja j\u016bs, t\u0101pat k\u0101 m\u0113s, esat saj\u016bsm\u0101 par Francijas loteriju, tad ir pien\u0101cis laiks ieg\u0101d\u0101ties savu loterijas ierakstu. Par laimi, vairs nav noz\u012bmes, kur j\u016bs dz\u012bvojat, jo bi\u013cetes varat ieg\u0101d\u0101ties tie\u0161saist\u0113.<\/p>\n<p>Re\u0123istr\u0113joties pie mums, jums nav j\u0101uztraucas par to, ka bi\u013cetes var pazaud\u0113t vai aizmirst p\u0101rbaud\u012bt rezult\u0101tus. M\u0113s to visu izdar\u012bsim j\u016bsu viet\u0101 un br\u012bdin\u0101sim j\u016bs par iesp\u0113jamiem laimestiem. Izmantojot m\u016bsu platformu, j\u016bs varat ar\u012b viegli iz\u0146emt savus laimestus.<\/p>\n<p>Sp\u0113l\u0113jot m\u016bsu vietn\u0113, loterijas sp\u0113l\u0113\u0161ana ir vienk\u0101r\u0161a un bez stresa. J\u016bs nekad nevarat zin\u0101t, vai \u0161\u012b ir t\u0101 diena, kad veiksme b\u016bs j\u016bsu pus\u0113. Tad k\u0101p\u0113c gan nere\u0123istr\u0113ties pie mums jau \u0161odien, lai ieg\u0101d\u0101tos Francijas loto bi\u013cetes?<\/p>\n","protected":false},"excerpt":{"rendered":"<p>Vai Francijas Lotto bi\u013cetes var ieg\u0101d\u0101ties \u0101rpus Eiropas valsts? Varb\u016bt j\u016bs esat pieredz\u0113jis sp\u0113lmanis vai ies\u0101c\u0113js, un j\u016bs dom\u0101jat, k\u0101p\u0113c j\u016bs var\u0113tu interes\u0113t tie\u0161i \u0161\u012b loterija. M\u0113s dal\u012bsimies ar jums ar da\u017eiem iemesliem, k\u0101p\u0113c, m\u016bsupr\u0101t, Francijas valsts loterija ir lieliska sp\u0113le. Ja esat sp\u0113l\u0113t\u0101js no citas pasaules malas, uzzin\u0101siet, k\u0101 ieg\u0101d\u0101ties \u0161\u012bs loterijas ierakstus. Loterija [&hellip;]<\/p>\n","protected":false},"author":1,"featured_media":0,"parent":35766,"menu_order":9,"comment_status":"closed","ping_status":"closed","template":"lotto-fr-info.php","meta":{"_et_pb_use_builder":"","_et_pb_old_content":"","_et_gb_content_width":"","exclude_from_search":false,"footnotes":""},"class_list":["post-36792","page","type-page","status-publish","hentry"],"yoast_head":"<!-- This site is optimized with the Yoast SEO plugin v23.3 - https:\/\/yoast.com\/wordpress\/plugins\/seo\/ -->\n<title>Nopirkt Francijas Lotto bi\u013cetes no \u0101rpus Francijas | Ieg\u0101d\u0101ties Francijas Lotto bi\u013cetes tie\u0161saist\u0113<\/title>\n<meta name=\"description\" content=\"Lai ieg\u0101d\u0101tos bi\u013cetes uz France Lotto, jums nav j\u0101atrodas Francij\u0101. Ieg\u0101d\u0101jieties Francijas loterijas bi\u013cetes tie\u0161saist\u0113 \u0161eit!\" \/>\n<meta name=\"robots\" content=\"index, follow, max-snippet:-1, max-image-preview:large, max-video-preview:-1\" \/>\n<link rel=\"canonical\" href=\"https:\/\/jackpotlotteryonline.com\/buy-tickets\/lotto-france\/\" \/>\n<meta property=\"og:locale\" content=\"lv_LV\" \/>\n<meta property=\"og:type\" content=\"article\" \/>\n<meta property=\"og:title\" content=\"Nopirkt Francijas Lotto bi\u013cetes no \u0101rpus Francijas | Ieg\u0101d\u0101ties Francijas Lotto bi\u013cetes tie\u0161saist\u0113\" \/>\n<meta property=\"og:description\" content=\"Lai ieg\u0101d\u0101tos bi\u013cetes uz France Lotto, jums nav j\u0101atrodas Francij\u0101. Ieg\u0101d\u0101jieties Francijas loterijas bi\u013cetes tie\u0161saist\u0113 \u0161eit!\" \/>\n<meta property=\"og:url\" content=\"https:\/\/jackpotlotteryonline.com\/buy-tickets\/lotto-france\/\" \/>\n<meta property=\"og:site_name\" content=\"Lotto Online - Crack The International Lottery Jackpots\" \/>\n<meta property=\"article:modified_time\" content=\"2023-01-03T21:39:42+00:00\" \/>\n<meta property=\"og:image\" content=\"https:\/\/jackpotlotteryonline.com\/wp-content\/uploads\/2022\/11\/1_winning_numbers_euromillions.jpg\" \/>\n<meta name=\"twitter:card\" content=\"summary_large_image\" \/>\n<meta name=\"twitter:label1\" content=\"Est. reading time\" \/>\n\t<meta name=\"twitter:data1\" content=\"5 minutes\" \/>\n<!-- \/ Yoast SEO plugin. -->","yoast_head_json":{"title":"Nopirkt Francijas Lotto bi\u013cetes no \u0101rpus Francijas | Ieg\u0101d\u0101ties Francijas Lotto bi\u013cetes tie\u0161saist\u0113","description":"Lai ieg\u0101d\u0101tos bi\u013cetes uz France Lotto, jums nav j\u0101atrodas Francij\u0101. Ieg\u0101d\u0101jieties Francijas loterijas bi\u013cetes tie\u0161saist\u0113 \u0161eit!","robots":{"index":"index","follow":"follow","max-snippet":"max-snippet:-1","max-image-preview":"max-image-preview:large","max-video-preview":"max-video-preview:-1"},"canonical":"https:\/\/jackpotlotteryonline.com\/buy-tickets\/lotto-france\/","og_locale":"lv_LV","og_type":"article","og_title":"Nopirkt Francijas Lotto bi\u013cetes no \u0101rpus Francijas | Ieg\u0101d\u0101ties Francijas Lotto bi\u013cetes tie\u0161saist\u0113","og_description":"Lai ieg\u0101d\u0101tos bi\u013cetes uz France Lotto, jums nav j\u0101atrodas Francij\u0101. Ieg\u0101d\u0101jieties Francijas loterijas bi\u013cetes tie\u0161saist\u0113 \u0161eit!","og_url":"https:\/\/jackpotlotteryonline.com\/buy-tickets\/lotto-france\/","og_site_name":"Lotto Online - Crack The International Lottery Jackpots","article_modified_time":"2023-01-03T21:39:42+00:00","og_image":[{"url":"https:\/\/jackpotlotteryonline.com\/wp-content\/uploads\/2022\/11\/1_winning_numbers_euromillions.jpg"}],"twitter_card":"summary_large_image","twitter_misc":{"Est. reading time":"5 minutes"},"schema":{"@context":"https:\/\/schema.org","@graph":[{"@type":"WebPage","@id":"https:\/\/jackpotlotteryonline.com\/buy-tickets\/lotto-france\/","url":"https:\/\/jackpotlotteryonline.com\/buy-tickets\/lotto-france\/","name":"Nopirkt Francijas Lotto bi\u013cetes no \u0101rpus Francijas | Ieg\u0101d\u0101ties Francijas Lotto bi\u013cetes tie\u0161saist\u0113","isPartOf":{"@id":"https:\/\/jackpotlotteryonline.com\/#website"},"primaryImageOfPage":{"@id":"https:\/\/jackpotlotteryonline.com\/buy-tickets\/lotto-france\/#primaryimage"},"image":{"@id":"https:\/\/jackpotlotteryonline.com\/buy-tickets\/lotto-france\/#primaryimage"},"thumbnailUrl":"https:\/\/jackpotlotteryonline.com\/wp-content\/uploads\/2022\/11\/1_winning_numbers_euromillions.jpg","datePublished":"2022-11-09T07:02:16+00:00","dateModified":"2023-01-03T21:39:42+00:00","description":"Lai ieg\u0101d\u0101tos bi\u013cetes uz France Lotto, jums nav j\u0101atrodas Francij\u0101. Ieg\u0101d\u0101jieties Francijas loterijas bi\u013cetes tie\u0161saist\u0113 \u0161eit!","breadcrumb":{"@id":"https:\/\/jackpotlotteryonline.com\/buy-tickets\/lotto-france\/#breadcrumb"},"inLanguage":"lv-LV","potentialAction":[{"@type":"ReadAction","target":["https:\/\/jackpotlotteryonline.com\/buy-tickets\/lotto-france\/"]}]},{"@type":"ImageObject","inLanguage":"lv-LV","@id":"https:\/\/jackpotlotteryonline.com\/buy-tickets\/lotto-france\/#primaryimage","url":"https:\/\/jackpotlotteryonline.com\/wp-content\/uploads\/2022\/11\/1_winning_numbers_euromillions.jpg","contentUrl":"https:\/\/jackpotlotteryonline.com\/wp-content\/uploads\/2022\/11\/1_winning_numbers_euromillions.jpg"},{"@type":"BreadcrumbList","@id":"https:\/\/jackpotlotteryonline.com\/buy-tickets\/lotto-france\/#breadcrumb","itemListElement":[{"@type":"ListItem","position":1,"name":"Home","item":"https:\/\/jackpotlotteryonline.com\/lv\/"},{"@type":"ListItem","position":2,"name":"K\u0101 nopirkt loterijas bi\u013cetes tie\u0161saist\u0113","item":"https:\/\/jackpotlotteryonline.com\/lv\/iegadaties-biletes\/"},{"@type":"ListItem","position":3,"name":"Nopirkt Lotto France bi\u013cetes"}]},{"@type":"WebSite","@id":"https:\/\/jackpotlotteryonline.com\/#website","url":"https:\/\/jackpotlotteryonline.com\/","name":"Lotto Online - Crack The International Lottery Jackpots","description":"","potentialAction":[{"@type":"SearchAction","target":{"@type":"EntryPoint","urlTemplate":"https:\/\/jackpotlotteryonline.com\/?s={search_term_string}"},"query-input":"required name=search_term_string"}],"inLanguage":"lv-LV"}]}},"_links":{"self":[{"href":"https:\/\/jackpotlotteryonline.com\/lv\/wp-json\/wp\/v2\/pages\/36792","targetHints":{"allow":["GET"]}}],"collection":[{"href":"https:\/\/jackpotlotteryonline.com\/lv\/wp-json\/wp\/v2\/pages"}],"about":[{"href":"https:\/\/jackpotlotteryonline.com\/lv\/wp-json\/wp\/v2\/types\/page"}],"author":[{"embeddable":true,"href":"https:\/\/jackpotlotteryonline.com\/lv\/wp-json\/wp\/v2\/users\/1"}],"replies":[{"embeddable":true,"href":"https:\/\/jackpotlotteryonline.com\/lv\/wp-json\/wp\/v2\/comments?post=36792"}],"version-history":[{"count":0,"href":"https:\/\/jackpotlotteryonline.com\/lv\/wp-json\/wp\/v2\/pages\/36792\/revisions"}],"up":[{"embeddable":true,"href":"https:\/\/jackpotlotteryonline.com\/lv\/wp-json\/wp\/v2\/pages\/35766"}],"wp:attachment":[{"href":"https:\/\/jackpotlotteryonline.com\/lv\/wp-json\/wp\/v2\/media?parent=36792"}],"curies":[{"name":"wp","href":"https:\/\/api.w.org\/{rel}","templated":true}]}}