{"id":36845,"date":"2022-11-09T08:57:59","date_gmt":"2022-11-09T08:57:59","guid":{"rendered":"https:\/\/jackpotlotteryonline.com\/?page_id=36845"},"modified":"2023-01-04T09:13:57","modified_gmt":"2023-01-04T09:13:57","slug":"lotto-america","status":"publish","type":"page","link":"https:\/\/jackpotlotteryonline.com\/lv\/iegadaties-biletes\/lotto-america\/","title":{"rendered":"Lotto America bi\u013cetes tie\u0161saist\u0113"},"content":{"rendered":"<p>Mart\u0101 2018. gad\u0101 \u0123imene vinn\u0113ja lotto America d\u017eekpotu 23 miljonu ASV dol\u0101ru apm\u0113r\u0101. Tas ir augst\u0101kais laimests, ko l\u012bdz \u0161im ir laim\u0113jis k\u0101ds sp\u0113l\u0113t\u0101js, tom\u0113r tas ir piev\u0113rsis uzman\u012bbu \u0161ai loterijai. Loteriju 1988. gad\u0101 izveidoja septi\u0146i Amerikas \u0161tati, bet v\u0113l\u0101k tai pievienoj\u0101s v\u0113l vair\u0101ki citi \u0161tati. Gadu gait\u0101 t\u0101 ir rad\u012bjusi vair\u0101kus miljon\u0101rus.<\/p>\n<p>\u0160\u012bs loterijas bi\u013cetes var ieg\u0101d\u0101ties jebkur\u0101 no taj\u0101 iesaist\u012btajiem \u0161tatiem. Interesanti, ka \u0161\u012b nav vien\u012bg\u0101 loterija Amerikas Savienotaj\u0101s Valst\u012bs, ta\u010du t\u0101 past\u0101v\u012bgi ir piesaist\u012bjusi sp\u0113l\u0113t\u0101jus no visas pasaules. Ja esat sp\u0113l\u0113t\u0101js \u0101rpus Zieme\u013camerikas, j\u016bs, iesp\u0113jams, interes\u0113, k\u0101 ieg\u0101d\u0101ties \u0161\u012bs loterijas bi\u013cetes.<\/p>\n<p>M\u0113s jums pal\u012bdz\u0113sim<a href=\"https:\/\/jackpotlotteryonline.com\/lv\/ka-spelet\/lotto-america\"> veiksm\u012bgi sp\u0113l\u0113t \u0161o loteriju \u0101rpus ASV<\/a>. M\u0113s ar\u012b cent\u012bsimies atbild\u0113t uz visiem j\u016bsu jaut\u0101jumiem par Lotto America un par to, k\u0101 piedal\u012bties \u0161aj\u0101 loterij\u0101.<\/p>\n<h2>K\u0101 darbojas loterija?<\/h2>\n<p><img loading=\"lazy\" decoding=\"async\" class=\"size-full wp-image-29993 alignright\" src=\"http:\/\/jackpotlotteryonline.com\/wp-content\/uploads\/2022\/11\/1_win_lottery_usa_online.jpg\" alt=\"Lotto America bi\u013cetes tie\u0161saist\u0113\" width=\"300\" height=\"200\" \/><\/p>\n<p>T\u0101pat k\u0101 liel\u0101k\u0101 da\u013ca loteriju, ar\u012b \u0161\u012b ir skait\u013cu sp\u0113le vair\u0101kos veidos. T\u0101 ir skait\u013cu sp\u0113le, jo sp\u0113l\u0113t\u0101jiem nav lielu izred\u017eu laim\u0113t. Ta\u010du t\u0101da ir loterija, un nav iesp\u0113jams noteikt, kad veiksme b\u016bs labv\u0113l\u012bga sp\u0113l\u0113t\u0101jam. T\u0101 ir ar\u012b skait\u013cu sp\u0113le, jo t\u0101 tiek sp\u0113l\u0113ta.<\/p>\n<p>\u0160aj\u0101 ASV loterij\u0101 sp\u0113l\u0113t\u0101jiem ir j\u0101izv\u0113las pieci galvenie skait\u013ci no 1 l\u012bdz 52 skait\u013ciem. T\u0101pat ir j\u0101izv\u0113las Zvaig\u017e\u0146u bumbi\u0146as numurs no 1 l\u012bdz 10. Tas ir kop\u0101 6 skait\u013ci. Ja neesat p\u0101rliecin\u0101ts par to, k\u0101dus skait\u013cus izv\u0113l\u0113ties, varat izmantot autom\u0101tisko atlases programmu, lai to izdar\u012btu \u0101tr\u0101k. Varat ar\u012b izv\u0113l\u0113ties vair\u0101kas skait\u013cu rindas, lai palielin\u0101tu laimesta izredzes.<\/p>\n<p>P\u0113c tam izv\u0113lieties, cik izloz\u0113s v\u0113laties piedal\u012bties. \u0160\u012b amerik\u0101\u0146u loterija r\u012bko tr\u012bs izlozes ned\u0113\u013c\u0101 &#8211; pirmdien, tre\u0161dien un sestdien. J\u016bs varat piedal\u012bties vair\u0101k\u0101s izloz\u0113s.<\/p>\n<h2>Sp\u0113l\u0113jot &#8220;All Star Bonus<\/h2>\n<p>Ar All Star bonusu varat reizin\u0101t savu laimestu. Izv\u0113loties skait\u013cus, par papildu maksu varat iek\u013caut All Star bonusu. Tas ir \u012bpa\u0161i noder\u012bgi tiem, kas laim\u0113ju\u0161i balvas cit\u0101s kategorij\u0101s, jo var iev\u0113rojami palielin\u0101t to, ko vi\u0146i sa\u0146em m\u0101j\u0101s.<\/p>\n<p>All Star bonuss tiek izv\u0113l\u0113ts p\u0113c nejau\u0161\u012bbas principa un pazi\u0146ots <a href=\"https:\/\/jackpotlotteryonline.com\/lv\/laimejusie-skaitli\/lotto-america\">izlozes dien\u0101<\/a>. \u0145emiet v\u0113r\u0101, ka to nevar iek\u013caut p\u0113c tam, kad jau esat veicis pirkumu. Tas ir j\u0101iek\u013cauj bi\u013ce\u0161u ieg\u0101des br\u012bd\u012b.<\/p>\n<section class=\"layout\" style=\"border: solid 1px; width: 100%;\">\n<div class=\"img-div\" style=\"margin-top: 5px;\"><img decoding=\"async\" class=\"wp-image-17212 alignleft\" style=\"height: 45px; margin: 8px 8px 0px;\" src=\"http:\/\/jackpotlotteryonline.com\/wp-content\/uploads\/2022\/11\/read1.jpg\" alt=\"las\u012bt\" width=\"\" height=\"\" \/><\/div>\n<div style=\"padding-left: 5px;\">\n<div style=\"font-size: 1.1em;\">\n<p><strong>Da\u017ei loterijas uzvar\u0113t\u0101ji atgrie\u017eas sabiedr\u012bbai<\/strong><\/p>\n<p style=\"font-size: 0.85em; margin-top: -1.5em;\">Da\u017ei interesanti un uzmundrino\u0161i st\u0101sti par loterijas uzvar\u0113t\u0101jiem, kas dod ieguld\u012bjumu.\u00a0 <a href=\"https:\/\/jackpotlotteryonline.com\/lv\/stasti-par-loterija-uzvaretaju-atdevi-atgriesanos\"> las\u012bt vair\u0101k<\/a><\/p>\n<\/div>\n<\/div>\n<\/section>\n<h2>D\u017eekpota vinnests<\/h2>\n<p>D\u017eekpota s\u0101kums ir 2 miljoni ASV dol\u0101ru. Ja p\u0113c izlozes nav uzvar\u0113t\u0101ja, tas tiek p\u0101rcelts uz n\u0101kamo izlozi. Tas turpin\u0101s p\u0101rkr\u012bt, l\u012bdz sasniedz 10 miljonus ASV dol\u0101ru. K\u0101 jau min\u0113j\u0101m s\u0101kum\u0101, tas var p\u0101rsniegt 10 miljonus ASV dol\u0101ru.<\/p>\n<p>Ir lietder\u012bgi atz\u012bm\u0113t, ka d\u017eekpots nav vien\u012bg\u0101 balva, ko sp\u0113l\u0113t\u0101js var vinn\u0113t, sp\u0113l\u0113jot \u0161o Amerikas loteriju. Tai ir asto\u0146i citi balvu l\u012bme\u0146i, tostarp balva tikai par zvaig\u017e\u0146u bumbi\u0146as sakrit\u012bbu. Ja to apvieno ar All Star bonusu, sp\u0113l\u0113t\u0101js, kas vinn\u0113 papildu balvu, var atgriezties m\u0101j\u0101s daudz bag\u0101t\u0101ks.<\/p>\n<h2>Kad j\u016bs vinn\u0113siet<\/h2>\n<p>Saska\u0146\u0101 ar Lotto America t\u012bmek\u013ca vietn\u0113 sniegto inform\u0101ciju balvu var sa\u0146emt tikai taj\u0101 \u0161tat\u0101, kur\u0101 vinn\u0113j\u0101t. T\u0101tad, ja bi\u013ceti esat ieg\u0101d\u0101jies, piem\u0113ram, Mein\u0101, jums b\u016bs j\u0101dodas uz \u0161o \u0161tatu, lai sa\u0146emtu laimestu. Tom\u0113r, ja dz\u012bvojat \u0101rpus ASV, situ\u0101cija ir nedaudz cit\u0101d\u0101ka.<\/p>\n<h2>K\u0101 ieg\u0101d\u0101ties lotto America bi\u013cetes \u0101rpus ASV?<\/h2>\n<p><img loading=\"lazy\" decoding=\"async\" class=\"alignright size-medium wp-image-34079\" src=\"http:\/\/jackpotlotteryonline.com\/wp-content\/uploads\/2022\/11\/2_ticket_mon_wed_lotto_au-176x300.jpg\" alt=\"Loto America bi\u013cetes no \u0101rpus ASV\" width=\"176\" height=\"300\" srcset=\"https:\/\/jackpotlotteryonline.com\/wp-content\/uploads\/2022\/11\/2_ticket_mon_wed_lotto_au-176x300.jpg 176w, https:\/\/jackpotlotteryonline.com\/wp-content\/uploads\/2022\/11\/2_ticket_mon_wed_lotto_au.jpg 250w\" sizes=\"auto, (max-width: 176px) 100vw, 176px\" \/><\/p>\n<p>Ir tikai divi veidi, k\u0101 piedal\u012bties \u0161aj\u0101 loterij\u0101. Pirmais ir ieg\u0101d\u0101ties bi\u013ceti no p\u0101rdev\u0113ja jebkur\u0101 no \u0161tatiem, kur tiek p\u0101rdotas bi\u013cetes. Otra iesp\u0113ja ir piek\u013c\u016bt loterijai, izmantojot internetu. Aizvien vair\u0101k sp\u0113l\u0113t\u0101ju piedal\u0101s starptautiskaj\u0101s loterij\u0101s tie\u0161saist\u0113.<\/p>\n<p>Ir loteriju vietnes, kas sp\u0113l\u0113t\u0101jiem nodro\u0161ina likum\u012bgu piek\u013cuvi loterij\u0101m vis\u0101 pasaul\u0113. Pirms j\u016bs izv\u0113laties k\u0101du no \u0161\u012bm vietn\u0113m, vispirms ir svar\u012bgi noskaidrot, vai t\u0101 ir vietne, kas pied\u0101v\u0101 pakalpojumus. Tas ir t\u0101p\u0113c, lai j\u016bs nenon\u0101ktu l\u012bdz der\u012bb\u0101m par loterijas rezult\u0101tiem, nevis piedal\u012btos loterij\u0101.<\/p>\n<p>Ieg\u0101d\u0101joties loterijas bi\u013ceti pie mums, j\u016bs sa\u0146emat piek\u013cuvi j\u016bsu izv\u0113l\u0113tajai loterijai. M\u0113s nodro\u0161in\u0101m konsjer\u017eeju pakalpojumus ar a\u0123entiem vis\u0101 pasaul\u0113. Kad j\u016bs ieg\u0101d\u0101jaties bi\u013ceti tie\u0161saist\u0113, m\u016bsu a\u0123enti attiec\u012bgaj\u0101 valst\u012b sa\u0146ems ar\u012b fizisku bi\u013ceti ar attiec\u012bgajiem numuriem. Neatkar\u012bgi no t\u0101, kur j\u016bs atrodaties, varat b\u016bt p\u0101rliecin\u0101ts, ka jums ir iesp\u0113ja laim\u0113t lielu laimestu.<\/p>\n","protected":false},"excerpt":{"rendered":"<p>Mart\u0101 2018. gad\u0101 \u0123imene vinn\u0113ja lotto America d\u017eekpotu 23 miljonu ASV dol\u0101ru apm\u0113r\u0101. Tas ir augst\u0101kais laimests, ko l\u012bdz \u0161im ir laim\u0113jis k\u0101ds sp\u0113l\u0113t\u0101js, tom\u0113r tas ir piev\u0113rsis uzman\u012bbu \u0161ai loterijai. Loteriju 1988. gad\u0101 izveidoja septi\u0146i Amerikas \u0161tati, bet v\u0113l\u0101k tai pievienoj\u0101s v\u0113l vair\u0101ki citi \u0161tati. Gadu gait\u0101 t\u0101 ir rad\u012bjusi vair\u0101kus miljon\u0101rus. \u0160\u012bs loterijas [&hellip;]<\/p>\n","protected":false},"author":1,"featured_media":0,"parent":35766,"menu_order":13,"comment_status":"closed","ping_status":"closed","template":"lotto-america-info.php","meta":{"_et_pb_use_builder":"","_et_pb_old_content":"","_et_gb_content_width":"","exclude_from_search":false,"footnotes":""},"class_list":["post-36845","page","type-page","status-publish","hentry"],"yoast_head":"<!-- This site is optimized with the Yoast SEO plugin v23.3 - https:\/\/yoast.com\/wordpress\/plugins\/seo\/ -->\n<title>Nopirkt Lotto America bi\u013cetes \u0101rpus ASV | Lotto America internet\u0101<\/title>\n<meta name=\"description\" content=\"Lotto America var sp\u0113l\u0113t \u0101rpus ASV - vienk\u0101r\u0161i ieg\u0101d\u0101jieties Lotto America bi\u013ceti, izmantojot m\u016bsu tie\u0161saistes bi\u013ce\u0161u servisu.\" \/>\n<meta name=\"robots\" content=\"index, follow, max-snippet:-1, max-image-preview:large, max-video-preview:-1\" \/>\n<link rel=\"canonical\" href=\"https:\/\/jackpotlotteryonline.com\/lv\/iegadaties-biletes\/lotto-america\/\" \/>\n<meta property=\"og:locale\" content=\"lv_LV\" \/>\n<meta property=\"og:type\" content=\"article\" \/>\n<meta property=\"og:title\" content=\"Nopirkt Lotto America bi\u013cetes \u0101rpus ASV | Lotto America internet\u0101\" \/>\n<meta property=\"og:description\" content=\"Lotto America var sp\u0113l\u0113t \u0101rpus ASV - vienk\u0101r\u0161i ieg\u0101d\u0101jieties Lotto America bi\u013ceti, izmantojot m\u016bsu tie\u0161saistes bi\u013ce\u0161u servisu.\" \/>\n<meta property=\"og:url\" content=\"https:\/\/jackpotlotteryonline.com\/lv\/iegadaties-biletes\/lotto-america\/\" \/>\n<meta property=\"og:site_name\" content=\"Lotto Online - Crack The International Lottery Jackpots\" \/>\n<meta property=\"article:modified_time\" content=\"2023-01-04T09:13:57+00:00\" \/>\n<meta property=\"og:image\" content=\"http:\/\/jackpotlotteryonline.com\/wp-content\/uploads\/2022\/11\/1_win_lottery_usa_online.jpg\" \/>\n<meta name=\"twitter:card\" content=\"summary_large_image\" \/>\n<meta name=\"twitter:label1\" content=\"Est. reading time\" \/>\n\t<meta name=\"twitter:data1\" content=\"4 minutes\" \/>\n<!-- \/ Yoast SEO plugin. -->","yoast_head_json":{"title":"Nopirkt Lotto America bi\u013cetes \u0101rpus ASV | Lotto America internet\u0101","description":"Lotto America var sp\u0113l\u0113t \u0101rpus ASV - vienk\u0101r\u0161i ieg\u0101d\u0101jieties Lotto America bi\u013ceti, izmantojot m\u016bsu tie\u0161saistes bi\u013ce\u0161u servisu.","robots":{"index":"index","follow":"follow","max-snippet":"max-snippet:-1","max-image-preview":"max-image-preview:large","max-video-preview":"max-video-preview:-1"},"canonical":"https:\/\/jackpotlotteryonline.com\/lv\/iegadaties-biletes\/lotto-america\/","og_locale":"lv_LV","og_type":"article","og_title":"Nopirkt Lotto America bi\u013cetes \u0101rpus ASV | Lotto America internet\u0101","og_description":"Lotto America var sp\u0113l\u0113t \u0101rpus ASV - vienk\u0101r\u0161i ieg\u0101d\u0101jieties Lotto America bi\u013ceti, izmantojot m\u016bsu tie\u0161saistes bi\u013ce\u0161u servisu.","og_url":"https:\/\/jackpotlotteryonline.com\/lv\/iegadaties-biletes\/lotto-america\/","og_site_name":"Lotto Online - Crack The International Lottery Jackpots","article_modified_time":"2023-01-04T09:13:57+00:00","og_image":[{"url":"http:\/\/jackpotlotteryonline.com\/wp-content\/uploads\/2022\/11\/1_win_lottery_usa_online.jpg"}],"twitter_card":"summary_large_image","twitter_misc":{"Est. reading time":"4 minutes"},"schema":{"@context":"https:\/\/schema.org","@graph":[{"@type":"WebPage","@id":"https:\/\/jackpotlotteryonline.com\/lv\/iegadaties-biletes\/lotto-america\/","url":"https:\/\/jackpotlotteryonline.com\/lv\/iegadaties-biletes\/lotto-america\/","name":"Nopirkt Lotto America bi\u013cetes \u0101rpus ASV | Lotto America internet\u0101","isPartOf":{"@id":"https:\/\/jackpotlotteryonline.com\/#website"},"primaryImageOfPage":{"@id":"https:\/\/jackpotlotteryonline.com\/lv\/iegadaties-biletes\/lotto-america\/#primaryimage"},"image":{"@id":"https:\/\/jackpotlotteryonline.com\/lv\/iegadaties-biletes\/lotto-america\/#primaryimage"},"thumbnailUrl":"http:\/\/jackpotlotteryonline.com\/wp-content\/uploads\/2022\/11\/1_win_lottery_usa_online.jpg","datePublished":"2022-11-09T08:57:59+00:00","dateModified":"2023-01-04T09:13:57+00:00","description":"Lotto America var sp\u0113l\u0113t \u0101rpus ASV - vienk\u0101r\u0161i ieg\u0101d\u0101jieties Lotto America bi\u013ceti, izmantojot m\u016bsu tie\u0161saistes bi\u013ce\u0161u servisu.","breadcrumb":{"@id":"https:\/\/jackpotlotteryonline.com\/lv\/iegadaties-biletes\/lotto-america\/#breadcrumb"},"inLanguage":"lv-LV","potentialAction":[{"@type":"ReadAction","target":["https:\/\/jackpotlotteryonline.com\/lv\/iegadaties-biletes\/lotto-america\/"]}]},{"@type":"ImageObject","inLanguage":"lv-LV","@id":"https:\/\/jackpotlotteryonline.com\/lv\/iegadaties-biletes\/lotto-america\/#primaryimage","url":"http:\/\/jackpotlotteryonline.com\/wp-content\/uploads\/2022\/11\/1_win_lottery_usa_online.jpg","contentUrl":"http:\/\/jackpotlotteryonline.com\/wp-content\/uploads\/2022\/11\/1_win_lottery_usa_online.jpg"},{"@type":"BreadcrumbList","@id":"https:\/\/jackpotlotteryonline.com\/lv\/iegadaties-biletes\/lotto-america\/#breadcrumb","itemListElement":[{"@type":"ListItem","position":1,"name":"Home","item":"https:\/\/jackpotlotteryonline.com\/lv\/"},{"@type":"ListItem","position":2,"name":"K\u0101 nopirkt loterijas bi\u013cetes tie\u0161saist\u0113","item":"https:\/\/jackpotlotteryonline.com\/lv\/iegadaties-biletes\/"},{"@type":"ListItem","position":3,"name":"Lotto America bi\u013cetes tie\u0161saist\u0113"}]},{"@type":"WebSite","@id":"https:\/\/jackpotlotteryonline.com\/#website","url":"https:\/\/jackpotlotteryonline.com\/","name":"Lotto Online - Crack The International Lottery Jackpots","description":"","potentialAction":[{"@type":"SearchAction","target":{"@type":"EntryPoint","urlTemplate":"https:\/\/jackpotlotteryonline.com\/?s={search_term_string}"},"query-input":"required name=search_term_string"}],"inLanguage":"lv-LV"}]}},"_links":{"self":[{"href":"https:\/\/jackpotlotteryonline.com\/lv\/wp-json\/wp\/v2\/pages\/36845","targetHints":{"allow":["GET"]}}],"collection":[{"href":"https:\/\/jackpotlotteryonline.com\/lv\/wp-json\/wp\/v2\/pages"}],"about":[{"href":"https:\/\/jackpotlotteryonline.com\/lv\/wp-json\/wp\/v2\/types\/page"}],"author":[{"embeddable":true,"href":"https:\/\/jackpotlotteryonline.com\/lv\/wp-json\/wp\/v2\/users\/1"}],"replies":[{"embeddable":true,"href":"https:\/\/jackpotlotteryonline.com\/lv\/wp-json\/wp\/v2\/comments?post=36845"}],"version-history":[{"count":0,"href":"https:\/\/jackpotlotteryonline.com\/lv\/wp-json\/wp\/v2\/pages\/36845\/revisions"}],"up":[{"embeddable":true,"href":"https:\/\/jackpotlotteryonline.com\/lv\/wp-json\/wp\/v2\/pages\/35766"}],"wp:attachment":[{"href":"https:\/\/jackpotlotteryonline.com\/lv\/wp-json\/wp\/v2\/media?parent=36845"}],"curies":[{"name":"wp","href":"https:\/\/api.w.org\/{rel}","templated":true}]}}