{"id":36897,"date":"2022-11-09T10:04:07","date_gmt":"2022-11-09T10:04:07","guid":{"rendered":"https:\/\/jackpotlotteryonline.com\/?page_id=36897"},"modified":"2022-12-22T12:30:02","modified_gmt":"2022-12-22T12:30:02","slug":"uk-lottery","status":"publish","type":"page","link":"https:\/\/jackpotlotteryonline.com\/lv\/iegadaties-biletes\/uk-lottery\/","title":{"rendered":"Apvienot\u0101s Karalistes loterija"},"content":{"rendered":"<h2>Apvienot\u0101s Karalistes loterijas tie\u0161saistes p\u0101rskats<\/h2>\n<p>Apvienot\u0101s Karalistes loterija ir popul\u0101ra sp\u0113le, pateicoties t\u0101s sp\u0113jai padar\u012bt miljon\u0101rus. To var sp\u0113l\u0113t ar\u012b tie\u0161saist\u0113. <a href=\"https:\/\/jackpotlotteryonline.com\/lv\/laimejusie-skaitli\/uk-lottery\">Sp\u0113le tiek izloz\u0113ta divas reizes ned\u0113\u013c\u0101<\/a> &#8211; tre\u0161dien\u0101s un sestdien\u0101s.<\/p>\n<h2>K\u0101 darbojas Apvienot\u0101s Karalistes loterija<\/h2>\n<p>Katram sp\u0113l\u0113t\u0101jam bi\u013cet\u0113 ir j\u0101izv\u0113las 6 skait\u013ci no 1-49 skait\u013cu izlases. Kad notiek izloze, tiek izv\u0113l\u0113ti se\u0161i skait\u013ci un viens bonusa skaitlis. Sal\u012bdzino\u0161i neliel\u0101 izmaksu procenta d\u0113\u013c m\u0113s \u0161o loteriju neiesak\u0101m. Tie\u0161saist\u0113 ir daudz citu starptautisku loteriju sp\u0113\u013cu ar lab\u0101kiem vinnestiem un liel\u0101kiem d\u017eekpotiem.<\/p>\n<section class=\"layout\" style=\"border: solid 1px; width: 100%;\">\n<div class=\"img-div\" style=\"margin-top: 5px;\"><img decoding=\"async\" class=\"wp-image-17212 alignleft\" style=\"height: 45px; margin: 8px 8px 0px;\" src=\"https:\/\/jackpotlotteryonline.com\/wp-content\/uploads\/2022\/11\/read1.jpg\" alt=\"las\u012bt\" width=\"\" height=\"\" \/><\/div>\n<div style=\"padding-left: 5px;\">\n<div style=\"font-size: 1.1em;\">\n<p><strong>Eiropas loterijas<\/strong><\/p>\n<p style=\"font-size: 0.85em; margin-top: -1.5em;\">Kuras Eiropas loterijas ir lab\u0101k\u0101s? \u00a0<a href=\"https:\/\/jackpotlotteryonline.com\/lv\/kuras-eiropas-loterijas-ir-labakas\">las\u012bt vair\u0101k<\/a><\/p>\n<\/div>\n<\/div>\n<\/section>\n<h2>Apvienot\u0101s Karalistes loterijas uzvara<\/h2>\n<p><img loading=\"lazy\" decoding=\"async\" class=\"alignright size-medium wp-image-19520\" src=\"https:\/\/jackpotlotteryonline.com\/wp-content\/uploads\/2022\/10\/2_ticket_uk_lottery-192x300.jpg\" alt=\"nopirkt Apvienot\u0101s Karalistes loterijas bi\u013ceti\" width=\"192\" height=\"300\" srcset=\"https:\/\/jackpotlotteryonline.com\/wp-content\/uploads\/2022\/10\/2_ticket_uk_lottery-192x300.jpg 192w, https:\/\/jackpotlotteryonline.com\/wp-content\/uploads\/2022\/10\/2_ticket_uk_lottery.jpg 250w\" sizes=\"auto, (max-width: 192px) 100vw, 192px\" \/><\/p>\n<p>Lai vinn\u0113tu balvu, jums j\u0101sakr\u012bt vismaz tr\u012bs skait\u013ciem ar izloz\u0113tajiem galvenajiem skait\u013ciem. Bonusa skaitlis ir svar\u012bgs tikai tad, ja izloz\u0113 sakr\u012bt vismaz pieci galvenie skait\u013ci.<\/p>\n<p>J\u016bsu laimestu ir vienk\u0101r\u0161i piepras\u012bt. Ja laim\u0113siet l\u012bdz \u20ac2500, jums tiks izmaks\u0101ts tie\u0161i uz j\u016bsu loterijas sp\u0113l\u0113t\u0101ja kontu \u0161eit, m\u016bsu vietn\u0113. Ja laimestu summa ir liel\u0101ka par 2500 \u20ac, m\u016bsu klientu atbalsta dienests sazin\u0101sies ar jums un organiz\u0113s tie\u0161u izmaksu no loterijas uz\u0146\u0113muma.<\/p>\n<p>Aptuveni 45% no visiem Apvienot\u0101s Karalistes lotto l\u012bdzek\u013ciem tiek novirz\u012bti naudas balv\u0101m. Ja jums atbilst se\u0161i galvenie skait\u013ci, jums tiks izmaks\u0101ti 52% no fonda fonda l\u012bdzek\u013ciem; ja jums atbilst pieci galvenie skait\u013ci un bonusa skaitlis, jums tiks izmaks\u0101ti 16% no atliku\u0161ajiem fonda l\u012bdzek\u013ciem; ja jums atbilst pieci galvenie skait\u013ci, jums tiks izmaks\u0101ti 10% no atliku\u0161ajiem fonda l\u012bdzek\u013ciem; ja jums atbilst \u010detri galvenie skait\u013ci, jums tiks izmaks\u0101ti 22% no atliku\u0161ajiem fonda l\u012bdzek\u013ciem, un, ja jums atbilst tr\u012bs galvenie skait\u013ci, jums parasti tiks izmaks\u0101ti 10 \u00a3. Apvienot\u0101s Karalistes Lotto pied\u0101v\u0101 ar\u012b t\u016bl\u012bt\u0113ja laimesta sp\u0113les tie\u0161saist\u0113.<\/p>\n<h2>Apvienot\u0101s Karalistes loterijas sp\u0113l\u0113\u0161ana tie\u0161saist\u0113<\/h2>\n<p>Apvienot\u0101s <a href=\"https:\/\/jackpotlotteryonline.com\/lv\/ka-spelet\/uk-lottery\">Karalistes Lotto var sp\u0113l\u0113t tie\u0161saist\u0113,<\/a> kas padara to pieejam\u0101ku un \u0113rt\u0101ku. Jums vairs nav j\u0101dodas uz veikalu, lai ieg\u0101d\u0101tos Apvienot\u0101s Karalistes Lotto bi\u013ceti no mazumtirgot\u0101ja; tagad j\u016bs varat ieg\u0101d\u0101ties bi\u013cetes no m\u0101j\u0101m, un tas nav atkar\u012bgs no j\u016bsu dz\u012bvesvietas Apvienotaj\u0101 Karalist\u0113.<\/p>\n<p>Lai sp\u0113l\u0113tu Apvienot\u0101s Karalistes loto tie\u0161saist\u0113 un \u0101rpus Apvienot\u0101s Karalistes, jums b\u016bs j\u0101noklik\u0161\u0137ina uz iepriek\u0161 min\u0113t\u0101 Apvienot\u0101s Karalistes loterijas banera. Jums vienk\u0101r\u0161i j\u0101re\u0123istr\u0113jas un p\u0113c tam j\u0101veic maks\u0101jums tie\u0161saist\u0113.<\/p>\n<h2>K\u0101p\u0113c liel\u0101k\u0101 da\u013ca starptautisko loteriju d\u017eekpoti ir pievilc\u012bg\u0101ki nek\u0101 Apvienot\u0101s Karalistes loterija<\/h2>\n<ul>\n<li>Starptautiskaj\u0101s loterij\u0101s d\u017eekpoti ir daudz liel\u0101ki (p\u0101rbaudiet summas baner\u012b aug\u0161pus\u0113).<\/li>\n<li>Apvienot\u0101s Karalistes Lotto laimestu veid\u0101 izmaks\u0101 tikai 45% l\u012bdzek\u013cu.<\/li>\n<li>M\u016bsu vietn\u0113 jums ir pieejamas da\u017e\u0101das mega loterijas un milz\u012bgi d\u017eekpoti, no kuriem izv\u0113l\u0113ties!<\/li>\n<\/ul>\n","protected":false},"excerpt":{"rendered":"<p>Apvienot\u0101s Karalistes loterijas tie\u0161saistes p\u0101rskats Apvienot\u0101s Karalistes loterija ir popul\u0101ra sp\u0113le, pateicoties t\u0101s sp\u0113jai padar\u012bt miljon\u0101rus. To var sp\u0113l\u0113t ar\u012b tie\u0161saist\u0113. Sp\u0113le tiek izloz\u0113ta divas reizes ned\u0113\u013c\u0101 &#8211; tre\u0161dien\u0101s un sestdien\u0101s. K\u0101 darbojas Apvienot\u0101s Karalistes loterija Katram sp\u0113l\u0113t\u0101jam bi\u013cet\u0113 ir j\u0101izv\u0113las 6 skait\u013ci no 1-49 skait\u013cu izlases. Kad notiek izloze, tiek izv\u0113l\u0113ti se\u0161i skait\u013ci un [&hellip;]<\/p>\n","protected":false},"author":1,"featured_media":0,"parent":35766,"menu_order":10,"comment_status":"closed","ping_status":"closed","template":"lotto-uk-info.php","meta":{"_et_pb_use_builder":"","_et_pb_old_content":"","_et_gb_content_width":"","exclude_from_search":false,"footnotes":""},"class_list":["post-36897","page","type-page","status-publish","hentry"],"yoast_head":"<!-- This site is optimized with the Yoast SEO plugin v23.3 - https:\/\/yoast.com\/wordpress\/plugins\/seo\/ -->\n<title>Pirkt bi\u013cetes tie\u0161saist\u0113 Apvienot\u0101s Karalistes loterijai \u0101rpus Apvienot\u0101s Karalistes<\/title>\n<meta name=\"description\" content=\"K\u0101 darbojas Apvienot\u0101s Karalistes loterija un k\u0101 ieg\u0101d\u0101ties bi\u013ceti un laim\u0113t tie\u0161saist\u0113 \u0101rpus Apvienot\u0101s Karalistes?\" \/>\n<meta name=\"robots\" content=\"index, follow, max-snippet:-1, max-image-preview:large, max-video-preview:-1\" \/>\n<link rel=\"canonical\" href=\"https:\/\/jackpotlotteryonline.com\/lv\/iegadaties-biletes\/uk-lottery\/\" \/>\n<meta property=\"og:locale\" content=\"lv_LV\" \/>\n<meta property=\"og:type\" content=\"article\" \/>\n<meta property=\"og:title\" content=\"Pirkt bi\u013cetes tie\u0161saist\u0113 Apvienot\u0101s Karalistes loterijai \u0101rpus Apvienot\u0101s Karalistes\" \/>\n<meta property=\"og:description\" content=\"K\u0101 darbojas Apvienot\u0101s Karalistes loterija un k\u0101 ieg\u0101d\u0101ties bi\u013ceti un laim\u0113t tie\u0161saist\u0113 \u0101rpus Apvienot\u0101s Karalistes?\" \/>\n<meta property=\"og:url\" content=\"https:\/\/jackpotlotteryonline.com\/lv\/iegadaties-biletes\/uk-lottery\/\" \/>\n<meta property=\"og:site_name\" content=\"Lotto Online - Crack The International Lottery Jackpots\" \/>\n<meta property=\"article:modified_time\" content=\"2022-12-22T12:30:02+00:00\" \/>\n<meta property=\"og:image\" content=\"https:\/\/jackpotlotteryonline.com\/wp-content\/uploads\/2022\/11\/read1.jpg\" \/>\n<meta name=\"twitter:card\" content=\"summary_large_image\" \/>\n<meta name=\"twitter:label1\" content=\"Est. reading time\" \/>\n\t<meta name=\"twitter:data1\" content=\"3 minutes\" \/>\n<!-- \/ Yoast SEO plugin. -->","yoast_head_json":{"title":"Pirkt bi\u013cetes tie\u0161saist\u0113 Apvienot\u0101s Karalistes loterijai \u0101rpus Apvienot\u0101s Karalistes","description":"K\u0101 darbojas Apvienot\u0101s Karalistes loterija un k\u0101 ieg\u0101d\u0101ties bi\u013ceti un laim\u0113t tie\u0161saist\u0113 \u0101rpus Apvienot\u0101s Karalistes?","robots":{"index":"index","follow":"follow","max-snippet":"max-snippet:-1","max-image-preview":"max-image-preview:large","max-video-preview":"max-video-preview:-1"},"canonical":"https:\/\/jackpotlotteryonline.com\/lv\/iegadaties-biletes\/uk-lottery\/","og_locale":"lv_LV","og_type":"article","og_title":"Pirkt bi\u013cetes tie\u0161saist\u0113 Apvienot\u0101s Karalistes loterijai \u0101rpus Apvienot\u0101s Karalistes","og_description":"K\u0101 darbojas Apvienot\u0101s Karalistes loterija un k\u0101 ieg\u0101d\u0101ties bi\u013ceti un laim\u0113t tie\u0161saist\u0113 \u0101rpus Apvienot\u0101s Karalistes?","og_url":"https:\/\/jackpotlotteryonline.com\/lv\/iegadaties-biletes\/uk-lottery\/","og_site_name":"Lotto Online - Crack The International Lottery Jackpots","article_modified_time":"2022-12-22T12:30:02+00:00","og_image":[{"url":"https:\/\/jackpotlotteryonline.com\/wp-content\/uploads\/2022\/11\/read1.jpg"}],"twitter_card":"summary_large_image","twitter_misc":{"Est. reading time":"3 minutes"},"schema":{"@context":"https:\/\/schema.org","@graph":[{"@type":"WebPage","@id":"https:\/\/jackpotlotteryonline.com\/lv\/iegadaties-biletes\/uk-lottery\/","url":"https:\/\/jackpotlotteryonline.com\/lv\/iegadaties-biletes\/uk-lottery\/","name":"Pirkt bi\u013cetes tie\u0161saist\u0113 Apvienot\u0101s Karalistes loterijai \u0101rpus Apvienot\u0101s Karalistes","isPartOf":{"@id":"https:\/\/jackpotlotteryonline.com\/#website"},"primaryImageOfPage":{"@id":"https:\/\/jackpotlotteryonline.com\/lv\/iegadaties-biletes\/uk-lottery\/#primaryimage"},"image":{"@id":"https:\/\/jackpotlotteryonline.com\/lv\/iegadaties-biletes\/uk-lottery\/#primaryimage"},"thumbnailUrl":"https:\/\/jackpotlotteryonline.com\/wp-content\/uploads\/2022\/11\/read1.jpg","datePublished":"2022-11-09T10:04:07+00:00","dateModified":"2022-12-22T12:30:02+00:00","description":"K\u0101 darbojas Apvienot\u0101s Karalistes loterija un k\u0101 ieg\u0101d\u0101ties bi\u013ceti un laim\u0113t tie\u0161saist\u0113 \u0101rpus Apvienot\u0101s Karalistes?","breadcrumb":{"@id":"https:\/\/jackpotlotteryonline.com\/lv\/iegadaties-biletes\/uk-lottery\/#breadcrumb"},"inLanguage":"lv-LV","potentialAction":[{"@type":"ReadAction","target":["https:\/\/jackpotlotteryonline.com\/lv\/iegadaties-biletes\/uk-lottery\/"]}]},{"@type":"ImageObject","inLanguage":"lv-LV","@id":"https:\/\/jackpotlotteryonline.com\/lv\/iegadaties-biletes\/uk-lottery\/#primaryimage","url":"https:\/\/jackpotlotteryonline.com\/wp-content\/uploads\/2022\/11\/read1.jpg","contentUrl":"https:\/\/jackpotlotteryonline.com\/wp-content\/uploads\/2022\/11\/read1.jpg"},{"@type":"BreadcrumbList","@id":"https:\/\/jackpotlotteryonline.com\/lv\/iegadaties-biletes\/uk-lottery\/#breadcrumb","itemListElement":[{"@type":"ListItem","position":1,"name":"Home","item":"https:\/\/jackpotlotteryonline.com\/lv\/"},{"@type":"ListItem","position":2,"name":"K\u0101 nopirkt loterijas bi\u013cetes tie\u0161saist\u0113","item":"https:\/\/jackpotlotteryonline.com\/lv\/iegadaties-biletes\/"},{"@type":"ListItem","position":3,"name":"Apvienot\u0101s Karalistes loterija"}]},{"@type":"WebSite","@id":"https:\/\/jackpotlotteryonline.com\/#website","url":"https:\/\/jackpotlotteryonline.com\/","name":"Lotto Online - Crack The International Lottery Jackpots","description":"","potentialAction":[{"@type":"SearchAction","target":{"@type":"EntryPoint","urlTemplate":"https:\/\/jackpotlotteryonline.com\/?s={search_term_string}"},"query-input":"required name=search_term_string"}],"inLanguage":"lv-LV"}]}},"_links":{"self":[{"href":"https:\/\/jackpotlotteryonline.com\/lv\/wp-json\/wp\/v2\/pages\/36897","targetHints":{"allow":["GET"]}}],"collection":[{"href":"https:\/\/jackpotlotteryonline.com\/lv\/wp-json\/wp\/v2\/pages"}],"about":[{"href":"https:\/\/jackpotlotteryonline.com\/lv\/wp-json\/wp\/v2\/types\/page"}],"author":[{"embeddable":true,"href":"https:\/\/jackpotlotteryonline.com\/lv\/wp-json\/wp\/v2\/users\/1"}],"replies":[{"embeddable":true,"href":"https:\/\/jackpotlotteryonline.com\/lv\/wp-json\/wp\/v2\/comments?post=36897"}],"version-history":[{"count":0,"href":"https:\/\/jackpotlotteryonline.com\/lv\/wp-json\/wp\/v2\/pages\/36897\/revisions"}],"up":[{"embeddable":true,"href":"https:\/\/jackpotlotteryonline.com\/lv\/wp-json\/wp\/v2\/pages\/35766"}],"wp:attachment":[{"href":"https:\/\/jackpotlotteryonline.com\/lv\/wp-json\/wp\/v2\/media?parent=36897"}],"curies":[{"name":"wp","href":"https:\/\/api.w.org\/{rel}","templated":true}]}}