{"id":36950,"date":"2022-11-09T11:19:09","date_gmt":"2022-11-09T11:19:09","guid":{"rendered":"https:\/\/jackpotlotteryonline.com\/?page_id=36950"},"modified":"2023-01-04T08:16:35","modified_gmt":"2023-01-04T08:16:35","slug":"set-for-life","status":"publish","type":"page","link":"https:\/\/jackpotlotteryonline.com\/lv\/iegadaties-biletes\/set-for-life\/","title":{"rendered":"Pirkt Set for Life bi\u013cetes"},"content":{"rendered":"<p>Vai esi gatavs iesp\u0113jai k\u013c\u016bt &#8220;Set for life&#8221;? \u0160obr\u012bd nav izdev\u012bg\u0101ka br\u012b\u017ea, lai n\u0101kamajos 30 gados katru m\u0113nesi laim\u0113tu 10 000 m\u0101rci\u0146u, un viss s\u0101kas ar <a href=\"https:\/\/jackpotlotteryonline.com\/lv\/ka-spelet\/saturday-lotto-2\">Apvienot\u0101s Karalistes loterijas izlozi.<\/a><img loading=\"lazy\" decoding=\"async\" class=\"alignright size-medium wp-image-35457\" src=\"http:\/\/jackpotlotteryonline.com\/wp-content\/uploads\/2022\/11\/2_ticket_uk_lottery-192x300.jpg\" alt=\"Set for Life bi\u013cetes\" width=\"192\" height=\"300\" srcset=\"https:\/\/jackpotlotteryonline.com\/wp-content\/uploads\/2022\/11\/2_ticket_uk_lottery-192x300.jpg 192w, https:\/\/jackpotlotteryonline.com\/wp-content\/uploads\/2022\/11\/2_ticket_uk_lottery.jpg 250w\" sizes=\"auto, (max-width: 192px) 100vw, 192px\" \/><\/p>\n<p>\u0160o loteriju organiz\u0113 Apvienot\u0101s Karalistes Nacion\u0101l\u0101 loterija, un t\u0101s pirm\u0101 izloze notika 1999. gad\u0101. Kop\u0161 t\u0101 laika t\u0101 ir k\u013cuvusi par Lielbrit\u0101nijas loteriju sp\u0113l\u0113t\u0101ju iecien\u012btu loteriju, jo \u0161\u0137iet, ka 10 000 m\u0101rci\u0146u katru m\u0113nesi 30 gadu garum\u0101 ir gandr\u012bz p\u0101r\u0101k gr\u016bti pretoties. Nevajadz\u0113tu ar\u012b jums, ja jums tas ir svar\u012bgi. Uzvar\u0113t \u0161aj\u0101 loterij\u0101 ir gandr\u012bz tas pats, kas katru m\u0113nesi pie jums m\u0101j\u0101s ierasties Ziemassv\u0113tku vec\u012btim.<\/p>\n<p>\u0160\u012bs Lielbrit\u0101nijas loterijas bi\u013cetes tiek p\u0101rdotas pla\u0161\u0101 p\u0101rdev\u0113ju t\u012bkl\u0101 vis\u0101 valst\u012b. Tom\u0113r, ja dz\u012bvojat \u0101rpus Apvienot\u0101s Karalistes, nav iemesla, k\u0101p\u0113c ar\u012b j\u016bs nevar\u0113tu ieg\u0101d\u0101ties \u0161\u012bs loterijas bi\u013cetes. Jackpotlotlotteryonline.com nodro\u0161ina lotto entuziastiem piek\u013cuvi lab\u0101kaj\u0101m starptautiskaj\u0101m loterij\u0101m no datora vai mobil\u0101s ier\u012bces.<\/p>\n<p>Re\u0123istr\u0113jieties pie mums, lai s\u0101ktu sp\u0113l\u0113t loterijas Apvienotaj\u0101 Karalist\u0113 un citur pasaul\u0113.<\/p>\n<h2>K\u0101 sp\u0113l\u0113t Set for Life tie\u0161saist\u0113<\/h2>\n<p>\u0160\u012b loterija at\u0161\u0137iras no cit\u0101m loterij\u0101m, jo t\u0101 ir rentes loterija, t\u0101p\u0113c uzvar\u0113t\u0101ji neatgriez\u012bsies m\u0101j\u0101s ar miljoniem eiro vai m\u0101rci\u0146u. Tom\u0113r vien\u012bg\u0101 at\u0161\u0137ir\u012bba ir t\u0101, k\u0101 tiek pie\u0161\u0137irta balva. T\u0101pat k\u0101 cit\u0101s loterij\u0101s, sp\u0113l\u0113t\u0101jam ir j\u0101izv\u0113las galvenie skait\u013ci no noteikta diapazona un \u012bpa\u0161ais skaitlis.<\/p>\n<p>Lai ieg\u0101d\u0101tos Set for Life bi\u013cetes tie\u0161saist\u0113, apmekl\u0113jiet izv\u0113l\u0113to vietni un p\u0113c tam izv\u0113lieties piecus galvenos skait\u013cus no 1 l\u012bdz 47. Izv\u0113lieties papildu bonusa skaitli, ko sauc par &#8220;Dz\u012bv\u012bbas bumbas numuru&#8221;, no 1 l\u012bdz 10. Varat izmantot savus laim\u012bgos skait\u013cus vai ar\u012b izmantot autom\u0101tisk\u0101s atlases r\u012bku, lai izv\u0113l\u0113tos nejau\u0161u skait\u013cu rindu. Varat ar\u012b izv\u0113l\u0113ties vair\u0101kas skait\u013cu rindas, lai palielin\u0101tu savas izredzes laim\u0113t.<\/p>\n<p>Lai uzvar\u0113tu loterij\u0101, jums j\u0101atbilst visiem 6 izloz\u0113tajiem skait\u013ciem. Ja re\u0123istr\u0113jaties pie mums, varat <a href=\"https:\/\/jackpotlotteryonline.com\/lv\/laimejusie-skaitli\/set-for-life\">piedal\u012bties izloz\u0113s vair\u0101kas ned\u0113\u013cas iepriek\u0161.<\/a><\/p>\n<h2>Balvas<\/h2>\n<p><img loading=\"lazy\" decoding=\"async\" class=\"size-medium wp-image-30128 alignright\" src=\"http:\/\/jackpotlotteryonline.com\/wp-content\/uploads\/2022\/11\/1_win_online_lottery_jackpot-300x182.jpg\" alt=\"Lielbrit\u0101nijas loterijas balva\" width=\"300\" height=\"182\" srcset=\"https:\/\/jackpotlotteryonline.com\/wp-content\/uploads\/2022\/11\/1_win_online_lottery_jackpot-300x182.jpg 300w, https:\/\/jackpotlotteryonline.com\/wp-content\/uploads\/2022\/11\/1_win_online_lottery_jackpot.jpg 320w\" sizes=\"auto, (max-width: 300px) 100vw, 300px\" \/><\/p>\n<p>M\u0113s jau run\u0101j\u0101m par d\u017eekpotu, kas ir 10 000 m\u0101rci\u0146u katru m\u0113nesi 30 gadu garum\u0101. Ta\u010du t\u0101 nav vien\u012bg\u0101 \u0161\u012bs loterijas balva. Piem\u0113ram, ja J\u016bs tr\u0101p\u012bsiet tikai 5 galvenos skait\u013cus, J\u016bs katru m\u0113nesi gada garum\u0101 sa\u0146emsiet \u00a310 000. Nav slikti, vai ne?<\/p>\n<p>Apskat\u012bsim balvu sadal\u012bjumu un to, ko sp\u0113l\u0113t\u0101ji var cer\u0113t laim\u0113t, ieg\u0101d\u0101joties \u0161\u012bs britu loterijas bi\u013cetes.<\/p>\n<p>5 galveno skait\u013cu + Life Ball &#8211; \u00a310 000 katru m\u0113nesi 30 gadu laik\u0101<br \/>\nTikai 5 galveno skait\u013cu sakrit\u012bba &#8211; \u00a310 000 katru m\u0113nesi 1 gadu.<br \/>\n4 galveno skait\u013cu + Life Ball kombin\u0101cija &#8211; 250 \u00a3<br \/>\nAtrodiet tikai 4 galvenos skait\u013cus &#8211; \u00a350<br \/>\n3 galvenie skait\u013ci + Life Ball &#8211; \u00a330<br \/>\nTikai 3 galvenie skait\u013ci &#8211; \u00a320<br \/>\n2 galvenie skait\u013ci + Life Ball &#8211; \u00a310<br \/>\nTikai 2 galveno skait\u013cu kombin\u0101cija &#8211; \u00a35<\/p>\n<h2>Balvas piepras\u012b\u0161ana<\/h2>\n<p>J\u016bsu r\u012bc\u012bb\u0101 ir 180 dienas, lai piepras\u012btu balvu, pret\u0113j\u0101 gad\u012bjum\u0101 J\u016bs vairs nevarat to piepras\u012bt. Loterijas balvas Apvienotaj\u0101 Karalist\u0113 ir atbr\u012bvotas no nodok\u013ciem, t\u0101p\u0113c j\u016bs varat baud\u012bt visu savu laimestu p\u0113c saviem ieskatiem. Tom\u0113r tiem, kas sp\u0113l\u0113 \u0101rpus valsts, ir v\u0113rts noskaidrot, k\u0101di ir nodok\u013cu likumi j\u016bsu dz\u012bvesviet\u0101.<\/p>\n<section class=\"layout\" style=\"border: solid 1px; width: 100%;\">\n<div class=\"img-div\" style=\"margin-top: 5px;\"><img decoding=\"async\" class=\"wp-image-17212 alignleft\" style=\"height: 45px; margin: 8px 8px 0px;\" src=\"http:\/\/jackpotlotteryonline.com\/wp-content\/uploads\/2022\/11\/read1.jpg\" alt=\"las\u012bt\" width=\"\" height=\"\" \/><\/div>\n<div style=\"padding-left: 5px;\">\n<div style=\"font-size: 1.1em;\">\n<p><strong>Nodok\u013ci no loterijas laimestiem<\/strong><\/p>\n<p style=\"font-size: 0.85em; margin-top: -1.5em;\">Vai par loterijas laimestu j\u0101maks\u0101 nodok\u013ci?\u00a0<a href=\"https:\/\/jackpotlotteryonline.com\/lv\/vai-man-ir-jamaksa-nodokli-par-loterijas-laimestiem\"> las\u012bt vair\u0101k<\/a><\/p>\n<\/div>\n<\/div>\n<\/section>\n<h2>Apbr\u012bnojama dz\u012bves iesp\u0113ja<\/h2>\n<p>Iesp\u0113ja vinn\u0113t Set for Life ir iesp\u0113ja uz m\u016b\u017eu. Ja laim\u0113siet, jums vairs nekad neb\u016bs j\u0101uztraucas par sav\u0101m finans\u0113m. Ir st\u0101sti par loterijas uzvar\u0113t\u0101jiem, kuri ir izt\u0113r\u0113ju\u0161i visu savu bag\u0101t\u012bbu un tagad ir bankrot\u0113ju\u0161i. Ar \u0161o loteriju jums t\u0101 nav j\u0101notiek. Pat ja pirmaj\u0101 m\u0113nes\u012b izt\u0113r\u0113siet visu naudu, j\u016bs zin\u0101siet, ka n\u0101kamaj\u0101 m\u0113nes\u012b to var\u0113siet izmantot lab\u0101k.<\/p>\n<p>Padom\u0101jiet, ko noz\u012bm\u0113tu sa\u0146emt \u0161\u0101du summu katru m\u0113nesi 30 gadus.<\/p>\n<h2>Re\u0123istr\u0113jieties pie mums, lai sp\u0113l\u0113tu Set for Life<\/h2>\n<p>Ieg\u016bt bi\u013ceti Apvienot\u0101s Karalistes rentes loterij\u0101 no jebkuras vietas v\u0113l nekad nav bijis viegl\u0101k. Re\u0123istr\u0113joties pie mums, m\u0113s atvieglosim jums iesp\u0113ju bez probl\u0113m\u0101m un bez raiz\u0113m sp\u0113l\u0113t popul\u0101r\u0101k\u0101s loterijas vis\u0101 pasaul\u0113. M\u016bsu m\u0113r\u0137is ir rad\u012bt neaizmirstamu pieredzi saviem klientiem. T\u0101p\u0113c re\u0123istr\u0113jieties pie mums jau \u0161odien, lai ieg\u0101d\u0101tos Set for Life bi\u013cetes no jebkuras vietas pasaul\u0113.<\/p>\n","protected":false},"excerpt":{"rendered":"<p>Vai esi gatavs iesp\u0113jai k\u013c\u016bt &#8220;Set for life&#8221;? \u0160obr\u012bd nav izdev\u012bg\u0101ka br\u012b\u017ea, lai n\u0101kamajos 30 gados katru m\u0113nesi laim\u0113tu 10 000 m\u0101rci\u0146u, un viss s\u0101kas ar Apvienot\u0101s Karalistes loterijas izlozi. \u0160o loteriju organiz\u0113 Apvienot\u0101s Karalistes Nacion\u0101l\u0101 loterija, un t\u0101s pirm\u0101 izloze notika 1999. gad\u0101. Kop\u0161 t\u0101 laika t\u0101 ir k\u013cuvusi par Lielbrit\u0101nijas loteriju sp\u0113l\u0113t\u0101ju iecien\u012btu [&hellip;]<\/p>\n","protected":false},"author":1,"featured_media":0,"parent":35766,"menu_order":11,"comment_status":"closed","ping_status":"closed","template":"set-for-life-info.php","meta":{"_et_pb_use_builder":"","_et_pb_old_content":"","_et_gb_content_width":"","exclude_from_search":false,"footnotes":""},"class_list":["post-36950","page","type-page","status-publish","hentry"],"yoast_head":"<!-- This site is optimized with the Yoast SEO plugin v23.3 - https:\/\/yoast.com\/wordpress\/plugins\/seo\/ -->\n<title>Pirkt Set for life bi\u013cetes \u0101rpus Apvienot\u0101s Karalistes | Ieg\u0101d\u0101ties Set for life bi\u013cetes tie\u0161saist\u0113<\/title>\n<meta name=\"description\" content=\"Set for Life ir \u013coti \u012bpa\u0161a loterija, bet, lai taj\u0101 piedal\u012btos \u0101rpus Apvienot\u0101s Karalistes, jums ir j\u0101p\u0113rk bi\u013cete tie\u0161saist\u0113 \u0161eit.\" \/>\n<meta name=\"robots\" content=\"index, follow, max-snippet:-1, max-image-preview:large, max-video-preview:-1\" \/>\n<link rel=\"canonical\" href=\"https:\/\/jackpotlotteryonline.com\/lv\/iegadaties-biletes\/set-for-life\/\" \/>\n<meta property=\"og:locale\" content=\"lv_LV\" \/>\n<meta property=\"og:type\" content=\"article\" \/>\n<meta property=\"og:title\" content=\"Pirkt Set for life bi\u013cetes \u0101rpus Apvienot\u0101s Karalistes | Ieg\u0101d\u0101ties Set for life bi\u013cetes tie\u0161saist\u0113\" \/>\n<meta property=\"og:description\" content=\"Set for Life ir \u013coti \u012bpa\u0161a loterija, bet, lai taj\u0101 piedal\u012btos \u0101rpus Apvienot\u0101s Karalistes, jums ir j\u0101p\u0113rk bi\u013cete tie\u0161saist\u0113 \u0161eit.\" \/>\n<meta property=\"og:url\" content=\"https:\/\/jackpotlotteryonline.com\/lv\/iegadaties-biletes\/set-for-life\/\" \/>\n<meta property=\"og:site_name\" content=\"Lotto Online - Crack The International Lottery Jackpots\" \/>\n<meta property=\"article:modified_time\" content=\"2023-01-04T08:16:35+00:00\" \/>\n<meta property=\"og:image\" content=\"http:\/\/jackpotlotteryonline.com\/wp-content\/uploads\/2022\/11\/2_ticket_uk_lottery-192x300.jpg\" \/>\n<meta name=\"twitter:card\" content=\"summary_large_image\" \/>\n<meta name=\"twitter:label1\" content=\"Est. reading time\" \/>\n\t<meta name=\"twitter:data1\" content=\"4 minutes\" \/>\n<!-- \/ Yoast SEO plugin. -->","yoast_head_json":{"title":"Pirkt Set for life bi\u013cetes \u0101rpus Apvienot\u0101s Karalistes | Ieg\u0101d\u0101ties Set for life bi\u013cetes tie\u0161saist\u0113","description":"Set for Life ir \u013coti \u012bpa\u0161a loterija, bet, lai taj\u0101 piedal\u012btos \u0101rpus Apvienot\u0101s Karalistes, jums ir j\u0101p\u0113rk bi\u013cete tie\u0161saist\u0113 \u0161eit.","robots":{"index":"index","follow":"follow","max-snippet":"max-snippet:-1","max-image-preview":"max-image-preview:large","max-video-preview":"max-video-preview:-1"},"canonical":"https:\/\/jackpotlotteryonline.com\/lv\/iegadaties-biletes\/set-for-life\/","og_locale":"lv_LV","og_type":"article","og_title":"Pirkt Set for life bi\u013cetes \u0101rpus Apvienot\u0101s Karalistes | Ieg\u0101d\u0101ties Set for life bi\u013cetes tie\u0161saist\u0113","og_description":"Set for Life ir \u013coti \u012bpa\u0161a loterija, bet, lai taj\u0101 piedal\u012btos \u0101rpus Apvienot\u0101s Karalistes, jums ir j\u0101p\u0113rk bi\u013cete tie\u0161saist\u0113 \u0161eit.","og_url":"https:\/\/jackpotlotteryonline.com\/lv\/iegadaties-biletes\/set-for-life\/","og_site_name":"Lotto Online - Crack The International Lottery Jackpots","article_modified_time":"2023-01-04T08:16:35+00:00","og_image":[{"url":"http:\/\/jackpotlotteryonline.com\/wp-content\/uploads\/2022\/11\/2_ticket_uk_lottery-192x300.jpg"}],"twitter_card":"summary_large_image","twitter_misc":{"Est. reading time":"4 minutes"},"schema":{"@context":"https:\/\/schema.org","@graph":[{"@type":"WebPage","@id":"https:\/\/jackpotlotteryonline.com\/lv\/iegadaties-biletes\/set-for-life\/","url":"https:\/\/jackpotlotteryonline.com\/lv\/iegadaties-biletes\/set-for-life\/","name":"Pirkt Set for life bi\u013cetes \u0101rpus Apvienot\u0101s Karalistes | Ieg\u0101d\u0101ties Set for life bi\u013cetes tie\u0161saist\u0113","isPartOf":{"@id":"https:\/\/jackpotlotteryonline.com\/#website"},"primaryImageOfPage":{"@id":"https:\/\/jackpotlotteryonline.com\/lv\/iegadaties-biletes\/set-for-life\/#primaryimage"},"image":{"@id":"https:\/\/jackpotlotteryonline.com\/lv\/iegadaties-biletes\/set-for-life\/#primaryimage"},"thumbnailUrl":"http:\/\/jackpotlotteryonline.com\/wp-content\/uploads\/2022\/11\/2_ticket_uk_lottery-192x300.jpg","datePublished":"2022-11-09T11:19:09+00:00","dateModified":"2023-01-04T08:16:35+00:00","description":"Set for Life ir \u013coti \u012bpa\u0161a loterija, bet, lai taj\u0101 piedal\u012btos \u0101rpus Apvienot\u0101s Karalistes, jums ir j\u0101p\u0113rk bi\u013cete tie\u0161saist\u0113 \u0161eit.","breadcrumb":{"@id":"https:\/\/jackpotlotteryonline.com\/lv\/iegadaties-biletes\/set-for-life\/#breadcrumb"},"inLanguage":"lv-LV","potentialAction":[{"@type":"ReadAction","target":["https:\/\/jackpotlotteryonline.com\/lv\/iegadaties-biletes\/set-for-life\/"]}]},{"@type":"ImageObject","inLanguage":"lv-LV","@id":"https:\/\/jackpotlotteryonline.com\/lv\/iegadaties-biletes\/set-for-life\/#primaryimage","url":"http:\/\/jackpotlotteryonline.com\/wp-content\/uploads\/2022\/11\/2_ticket_uk_lottery-192x300.jpg","contentUrl":"http:\/\/jackpotlotteryonline.com\/wp-content\/uploads\/2022\/11\/2_ticket_uk_lottery-192x300.jpg"},{"@type":"BreadcrumbList","@id":"https:\/\/jackpotlotteryonline.com\/lv\/iegadaties-biletes\/set-for-life\/#breadcrumb","itemListElement":[{"@type":"ListItem","position":1,"name":"Home","item":"https:\/\/jackpotlotteryonline.com\/lv\/"},{"@type":"ListItem","position":2,"name":"K\u0101 nopirkt loterijas bi\u013cetes tie\u0161saist\u0113","item":"https:\/\/jackpotlotteryonline.com\/lv\/iegadaties-biletes\/"},{"@type":"ListItem","position":3,"name":"Pirkt Set for Life bi\u013cetes"}]},{"@type":"WebSite","@id":"https:\/\/jackpotlotteryonline.com\/#website","url":"https:\/\/jackpotlotteryonline.com\/","name":"Lotto Online - Crack The International Lottery Jackpots","description":"","potentialAction":[{"@type":"SearchAction","target":{"@type":"EntryPoint","urlTemplate":"https:\/\/jackpotlotteryonline.com\/?s={search_term_string}"},"query-input":"required name=search_term_string"}],"inLanguage":"lv-LV"}]}},"_links":{"self":[{"href":"https:\/\/jackpotlotteryonline.com\/lv\/wp-json\/wp\/v2\/pages\/36950","targetHints":{"allow":["GET"]}}],"collection":[{"href":"https:\/\/jackpotlotteryonline.com\/lv\/wp-json\/wp\/v2\/pages"}],"about":[{"href":"https:\/\/jackpotlotteryonline.com\/lv\/wp-json\/wp\/v2\/types\/page"}],"author":[{"embeddable":true,"href":"https:\/\/jackpotlotteryonline.com\/lv\/wp-json\/wp\/v2\/users\/1"}],"replies":[{"embeddable":true,"href":"https:\/\/jackpotlotteryonline.com\/lv\/wp-json\/wp\/v2\/comments?post=36950"}],"version-history":[{"count":0,"href":"https:\/\/jackpotlotteryonline.com\/lv\/wp-json\/wp\/v2\/pages\/36950\/revisions"}],"up":[{"embeddable":true,"href":"https:\/\/jackpotlotteryonline.com\/lv\/wp-json\/wp\/v2\/pages\/35766"}],"wp:attachment":[{"href":"https:\/\/jackpotlotteryonline.com\/lv\/wp-json\/wp\/v2\/media?parent=36950"}],"curies":[{"name":"wp","href":"https:\/\/api.w.org\/{rel}","templated":true}]}}