{"id":37003,"date":"2022-11-09T13:08:27","date_gmt":"2022-11-09T13:08:27","guid":{"rendered":"https:\/\/jackpotlotteryonline.com\/?page_id=37003"},"modified":"2022-12-24T08:45:24","modified_gmt":"2022-12-24T08:45:24","slug":"mega-sena","status":"publish","type":"page","link":"https:\/\/jackpotlotteryonline.com\/lv\/iegadaties-biletes\/mega-sena\/","title":{"rendered":"Nopirkt Mega Sena bi\u013cetes"},"content":{"rendered":"<p>Mega Sena ir liel\u0101k\u0101 loterija Braz\u012blij\u0101 ar vienu no liel\u0101kajiem d\u017eekpotiem pasaul\u0113. Nav br\u012bnums, ka sp\u0113lma\u0146i visur alkst p\u0113c iesp\u0113jas laim\u0113t \u0161o d\u017eekpotu. Interesanti, ka Mega Sena ir ar\u012b viegli sp\u0113l\u0113jama loterija, viegl\u0101k nek\u0101 daudzas citas starptautisk\u0101s loterijas. Loterijas sp\u0113l\u0113\u0161anas vieglums, lielais d\u017eekpots un izdev\u012bg\u0101s izredzes padara \u0161o loteriju \u0101rk\u0101rt\u012bgi pievilc\u012bgu sp\u0113l\u0113t\u0101jiem vis\u0101 pasaul\u0113.<\/p>\n<p><a href=\"https:\/\/jackpotlotteryonline.com\/lv\/ka-spelet\/mega-sena-2\">Mega Sena loterijas sp\u0113l\u0113\u0161ana<\/a> ir tikpat vienk\u0101r\u0161a k\u0101 se\u0161u izloz\u0113to skait\u013cu sakrit\u012bba. Sp\u0113l\u0113jot \u0161o loteriju, nav nek\u0101du \u012bpa\u0161u vai bonusa skait\u013cu. Vienk\u0101r\u0161i izv\u0113lieties 6 skait\u013cus no 1 l\u012bdz 60 un <a href=\"https:\/\/jackpotlotteryonline.com\/lv\/laimejusie-skaitli\/mega-sena\">piedalieties izloz\u0113<\/a>.<\/p>\n<p>Lai gan, lai piedal\u012btos izloz\u0113, ir j\u0101izloz\u0113 se\u0161i skait\u013ci, nav ierobe\u017eots l\u012bniju skaits, ko varat izv\u0113l\u0113ties. T\u0101d\u0113j\u0101di j\u016bs varat izv\u0113l\u0113ties desmit rindas ar se\u0161iem skait\u013ciem, lai palielin\u0101tu savas izredzes laim\u0113t loterij\u0101.<\/p>\n<h2>Kur ieg\u0101d\u0101ties Mega Sena bi\u013cetes<\/h2>\n<p><img loading=\"lazy\" decoding=\"async\" class=\"alignright size-full wp-image-28778\" src=\"http:\/\/jackpotlotteryonline.com\/wp-content\/uploads\/2022\/11\/1_online_ticket_eurojackpot2.jpg\" alt=\"nopirkt Mega Sena bi\u013cetes\" width=\"300\" height=\"200\" \/><\/p>\n<p>Ja dz\u012bvojat Braz\u012blij\u0101, piedal\u012bties \u0161aj\u0101 loterij\u0101 ir tikpat vienk\u0101r\u0161i k\u0101 aiziet pie loterijas p\u0101rdev\u0113ja un ieg\u0101d\u0101ties bi\u013cetes. Tom\u0113r sp\u0113l\u0113t\u0101jiem, kas dz\u012bvo \u0101rpus valsts, tas var rad\u012bt zin\u0101mu izaicin\u0101jumu. Ja dz\u012bvojat \u0101rpus \u0161\u012bs jurisdikcijas, jums ir viena iesp\u0113ja. Jums bi\u013cetes b\u016bs j\u0101ieg\u0101d\u0101jas tie\u0161saist\u0113.<\/p>\n<h2>Mega Sena bi\u013ce\u0161u ieg\u0101de tie\u0161saist\u0113<\/h2>\n<p>Loterijas sp\u0113l\u0113\u0161ana tie\u0161saist\u0113 ir diezgan vienk\u0101r\u0161a, un t\u0101 sniedz sp\u0113l\u0113t\u0101jiem iesp\u0113ju piedal\u012bties loterij\u0101s no visas pasaules. Parasti sp\u0113l\u0113t\u0101ji, kas nedz\u012bvo k\u0101d\u0101 valst\u012b, nevar sp\u0113l\u0113t loterij\u0101 no \u0161\u012bs valsts. Internets ir demokratiz\u0113jis dal\u012bbu loterij\u0101, nodro\u0161inot iesp\u0113ju sp\u0113l\u0113t\u0101jiem, kuriem iepriek\u0161 \u0123eogr\u0101fisk\u0101s robe\u017eas liedza piedal\u012bties.<\/p>\n<p>Tagad sp\u0113l\u0113t Mega Sena loteriju ir tikpat vienk\u0101r\u0161i k\u0101 apmekl\u0113t tie\u0161saistes loterijas vietni, piem\u0113ram, jackpotlotlotteryonline.com. Tur j\u016bs varat ieg\u0101d\u0101ties savu bi\u013ceti, izv\u0113loties skait\u013cus un p\u0113c tam izlemjot, cik izloz\u0113s v\u0113laties piedal\u012bties. Kad tas ir izdar\u012bts, jums atliek tikai gaid\u012bt izlozes rezult\u0101tus.<\/p>\n<h2>K\u0101ds ir \u0161\u012bs loterijas d\u017eekpots?<\/h2>\n<p>Vai m\u0113s jau min\u0113j\u0101m, ka Mega Sena ir viena no liel\u0101kaj\u0101m loterij\u0101m pasaul\u0113? Tam var \u0161\u0137ist gr\u016bti notic\u0113t, ja \u0146emam v\u0113r\u0101 s\u0101kuma d\u017eekpota balvu 450 000 ASV dol\u0101ru apm\u0113r\u0101, jo \u012bpa\u0161i, ja to liek l\u012bdz\u0101s cit\u0101m loterij\u0101m ar liel\u0101kiem s\u0101kuma d\u017eekpotiem.<\/p>\n<p>Ta\u010du Mega Sena skaistums ir tas, ka d\u017eekpoti var palielin\u0101ties l\u012bdz neticami liel\u0101m summ\u0101m. Da\u017ei no liel\u0101kajiem d\u017eekpotiem, ko Mega Sena sp\u0113l\u0113t\u0101ji ir vinn\u0113ju\u0161i, sasniedz miljonus ASV dol\u0101ru. Liel\u0101kais d\u017eekpots nedaudz p\u0101rsniedza 73 miljonus ASV dol\u0101ru.<\/p>\n<p>\u0145emot to v\u0113r\u0101, ir skaidrs, ka Mega Sena loterijas sp\u0113l\u0113\u0161ana var\u0113tu b\u016bt \u013coti labs risin\u0101jums, kad mekl\u0113jat, kur\u0101 loterij\u0101 piedal\u012bties.<\/p>\n<section class=\"layout\" style=\"border: solid 1px; width: 100%;\">\n<div class=\"img-div\" style=\"margin-top: 5px;\"><img decoding=\"async\" class=\"wp-image-17212 alignleft\" style=\"height: 45px; margin: 8px 8px 0px;\" src=\"http:\/\/jackpotlotteryonline.com\/wp-content\/uploads\/2022\/11\/read1.jpg\" alt=\"las\u012bt\" width=\"\" height=\"\" \/><\/div>\n<div style=\"padding-left: 5px;\">\n<div style=\"font-size: 1.1em;\">\n<p><strong>Da\u017ei triki un padomi numuru izv\u0113lei<\/strong><\/p>\n<p style=\"font-size: 0.85em; margin-top: -1.5em;\">Palieliniet savas laimestu izredzes &#8211; izmantojiet k\u0101du strat\u0113\u0123iju, lai izv\u0113l\u0113tos skait\u013cus.\u00a0<a href=\"https:\/\/jackpotlotteryonline.com\/lv\/a-daudz-triku-un-padomu-ka-izveleties-jaunus-lozetes-numurus\"> skaityti<\/a><\/p>\n<\/div>\n<\/div>\n<\/section>\n<h2>Kas notiks, ja j\u016bs vinn\u0113siet loterij\u0101?<\/h2>\n<p>Ar \u0161o jaut\u0101jumu m\u0113s bie\u017ei sastopamies, jo \u012bpa\u0161i no tiem, kuri p\u0113rk Mega Sena loterijas bi\u013cetes \u0101rpus Dienvidamerikas valsts. Iesp\u0113jams, j\u016bs interes\u0113, vai jums ir j\u0101lido l\u012bdz \u0161ai Dienvidamerikas valstij, lai sa\u0146emtu savu laimestu. Ta\u010du tas nemaz nav nepiecie\u0161ams, lai gan, ja jums ir v\u0113lme apmekl\u0113t \u0161\u012bs vietas, noteikti rezerv\u0113jiet lidojumu.<\/p>\n<p>Tom\u0113r, ja j\u016bs mekl\u0113jat \u0113rtu veidu, k\u0101 sp\u0113l\u0113t loterij\u0101 un sa\u0146emt savu laimestu bez stresa, tad sp\u0113l\u0113\u0161ana tie\u0161saist\u0113 ir lielisks veids, k\u0101 to izdar\u012bt.<\/p>\n<p>Re\u0123istr\u0113joties pie mums, m\u0113s speram soli t\u0101l\u0101k, nodro\u0161inot, ka j\u016bs varat piedal\u012bties izv\u0113l\u0113taj\u0101s starptautiskaj\u0101s loterij\u0101s, tostarp Mega Sena loterij\u0101. Un ne tikai to, bet ar\u012b to, ka j\u016bs varat viegli iz\u0146emt laimestus no m\u016bsu vietnes uz savu kontu. Loterijas sp\u0113l\u0113\u0161ana v\u0113l nekad nav bijusi viegl\u0101ka.<\/p>\n<h2>K\u0101 ir ar Mega da Virada?<\/h2>\n<p><img loading=\"lazy\" decoding=\"async\" class=\"alignright size-full wp-image-35593\" src=\"http:\/\/jackpotlotteryonline.com\/wp-content\/uploads\/2022\/11\/2_ticket_uk_lottery2-1-190x300-1.jpg\" alt=\"Mega Sena loterijas bi\u013cete\" width=\"190\" height=\"300\" \/><\/p>\n<p>M\u0113s \u012bpa\u0161i priec\u0101jamies, ka j\u016bs par to jaut\u0101j\u0101t, jo tas ir viens no liel\u0101kajiem d\u017eekpotiem. Paties\u012bb\u0101 tas ir gada liel\u0101kais d\u017eekpots Braz\u012blij\u0101, un t\u0101 summa var sasniegt pat 60 miljonus dol\u0101ru.<\/p>\n<p>Mega da Virada ir \u012bpa\u0161s Mega Sena loterijas d\u017eekpots, kas notiek reizi gad\u0101. Mega Virada izloze notiek katru gadu 31. oktobr\u012b, un t\u0101 dod sp\u0113l\u0113t\u0101jiem iesp\u0113ju laim\u0113t lielu laimestu.<\/p>\n<p>Turkl\u0101t Mega da Virada netiek p\u0101rskait\u012bta, t\u0101p\u0113c \u0161is laimests ir j\u0101izloz\u0113, pret\u0113j\u0101 gad\u012bjum\u0101 tas ir zaud\u0113ts uz gadu.<\/p>\n<h2>Regul\u0101r\u0101s Mega Sena izlozes dienas<\/h2>\n<p>Ieg\u0101d\u0101joties Mega Sena bi\u013cetes, jums ir iesp\u0113ja piedal\u012bties izloz\u0113 tre\u0161dien vai sestdien. Protams, j\u016bs varat piedal\u012bties abos gad\u012bjumos, ko m\u0113s iesak\u0101m dar\u012bt, jo tas palielina j\u016bsu izredzes laim\u0113t balvu.<\/p>\n<p>Ja patie\u0161\u0101m v\u0113laties palielin\u0101t savas izredzes laim\u0113t d\u017eekpotu, jums vajadz\u0113tu apsv\u0113rt iesp\u0113ju pievienoties loterijas sindik\u0101tam. Priek\u0161roc\u012bba ir t\u0101, ka jums b\u016bs piek\u013cuve kop\u0113jam fondam, kas \u013caus jums piedal\u012bties vair\u0101k\u0101s izloz\u0113s, neizt\u0113r\u0113jot visus savus l\u012bdzek\u013cus.<\/p>\n<h2>Balvu l\u012bme\u0146i<\/h2>\n<p>Mega Sena loterij\u0101 ir tr\u012bs balvu l\u012bme\u0146i, kas ietver d\u017eekpotu. Tas noz\u012bm\u0113, ka papildus d\u017eekpota balvai sp\u0113l\u0113t\u0101jiem ir iesp\u0113ja laim\u0113t balvas v\u0113l div\u0101s kategorij\u0101s. Turpm\u0101k m\u0113s t\u0101s uzskait\u012bsim un par\u0101d\u012bsim, k\u0101 j\u016bs varat vinn\u0113t \u0161ajos l\u012bme\u0146os.<\/p>\n<p>6 skait\u013cu sakrit\u012bba &#8211; d\u017eekpots &#8211; 35% no balvu fonda naudas.<br \/>\n5 skait\u013cu sakrit\u012bba &#8211; 2. l\u012bmenis &#8211; 19% no balvu fonda naudas balvas<br \/>\n4 skait\u013cu sakrit\u012bba &#8211; 3. l\u012bmenis &#8211; 19% no balvu fonda naudas.<\/p>\n<p><strong>Interesants fakts: izredzes laim\u0113t balvu, ja izsp\u0113l\u0113jat vienu bi\u013ceti ar 6 skait\u013ciem, ir 1 pret 2298.<\/strong><\/p>\n<h2>Re\u0123istr\u0113jieties pie mums, lai piedal\u012btos Mega Sena loterij\u0101<\/h2>\n<p>Ne\u013caujiet tam, ka nedz\u012bvojat Dienvidamerik\u0101, attur\u0113t j\u016bs no iesp\u0113jas piedal\u012bties Mega Sena loterij\u0101. Izredzes laim\u0113t ir lielas, un balvas ir vilino\u0161as. T\u0101p\u0113c, ja dz\u012bvojat \u0101rpus Braz\u012blijas, varat ieg\u0101d\u0101ties Mega Sena bi\u013cetes m\u016bsu vietn\u0113, re\u0123istr\u0113joties pie mums.<\/p>\n<p>M\u0113s pied\u0101v\u0101jam vienas pieturas risin\u0101jumu, kas vienk\u0101r\u0161o visu loterijas sp\u0113l\u0113\u0161anas procesu. Tagad j\u016bs varat atsl\u0101bin\u0101ties un viegli uzlikt likmi, jo m\u0113s par\u016bp\u0113simies par stresa pilno da\u013cu j\u016bsu viet\u0101. K\u0101p\u0113c gan neieg\u0101d\u0101ties Mega Sena bi\u013cetes jau tagad, lai ieg\u016btu iesp\u0113ju laim\u0113t lielu laimestu?<\/p>\n","protected":false},"excerpt":{"rendered":"<p>Mega Sena ir liel\u0101k\u0101 loterija Braz\u012blij\u0101 ar vienu no liel\u0101kajiem d\u017eekpotiem pasaul\u0113. Nav br\u012bnums, ka sp\u0113lma\u0146i visur alkst p\u0113c iesp\u0113jas laim\u0113t \u0161o d\u017eekpotu. Interesanti, ka Mega Sena ir ar\u012b viegli sp\u0113l\u0113jama loterija, viegl\u0101k nek\u0101 daudzas citas starptautisk\u0101s loterijas. Loterijas sp\u0113l\u0113\u0161anas vieglums, lielais d\u017eekpots un izdev\u012bg\u0101s izredzes padara \u0161o loteriju \u0101rk\u0101rt\u012bgi pievilc\u012bgu sp\u0113l\u0113t\u0101jiem vis\u0101 pasaul\u0113. Mega [&hellip;]<\/p>\n","protected":false},"author":1,"featured_media":0,"parent":35766,"menu_order":15,"comment_status":"closed","ping_status":"closed","template":"megasena-info.php","meta":{"_et_pb_use_builder":"","_et_pb_old_content":"","_et_gb_content_width":"","exclude_from_search":false,"footnotes":""},"class_list":["post-37003","page","type-page","status-publish","hentry"],"yoast_head":"<!-- This site is optimized with the Yoast SEO plugin v23.3 - https:\/\/yoast.com\/wordpress\/plugins\/seo\/ -->\n<title>Ieg\u0101d\u0101ties Mega Sena bi\u013cetes \u0101rpus Braz\u012blijas | Ieg\u0101d\u0101ties Mega Sena bi\u013cetes tie\u0161saist\u0113<\/title>\n<meta name=\"description\" content=\"Jums nav j\u0101b\u016bt Braz\u012blij\u0101, lai piedal\u012btos Mega Sena, ieg\u0101d\u0101jieties Mega Sena bi\u013cetes tie\u0161saist\u0113 m\u016bsu vietn\u0113\" \/>\n<meta name=\"robots\" content=\"index, follow, max-snippet:-1, max-image-preview:large, max-video-preview:-1\" \/>\n<link rel=\"canonical\" href=\"https:\/\/jackpotlotteryonline.com\/lv\/iegadaties-biletes\/mega-sena\/\" \/>\n<meta property=\"og:locale\" content=\"lv_LV\" \/>\n<meta property=\"og:type\" content=\"article\" \/>\n<meta property=\"og:title\" content=\"Ieg\u0101d\u0101ties Mega Sena bi\u013cetes \u0101rpus Braz\u012blijas | Ieg\u0101d\u0101ties Mega Sena bi\u013cetes tie\u0161saist\u0113\" \/>\n<meta property=\"og:description\" content=\"Jums nav j\u0101b\u016bt Braz\u012blij\u0101, lai piedal\u012btos Mega Sena, ieg\u0101d\u0101jieties Mega Sena bi\u013cetes tie\u0161saist\u0113 m\u016bsu vietn\u0113\" \/>\n<meta property=\"og:url\" content=\"https:\/\/jackpotlotteryonline.com\/lv\/iegadaties-biletes\/mega-sena\/\" \/>\n<meta property=\"og:site_name\" content=\"Lotto Online - Crack The International Lottery Jackpots\" \/>\n<meta property=\"article:modified_time\" content=\"2022-12-24T08:45:24+00:00\" \/>\n<meta property=\"og:image\" content=\"http:\/\/jackpotlotteryonline.com\/wp-content\/uploads\/2022\/11\/1_online_ticket_eurojackpot2.jpg\" \/>\n<meta name=\"twitter:card\" content=\"summary_large_image\" \/>\n<meta name=\"twitter:label1\" content=\"Est. reading time\" \/>\n\t<meta name=\"twitter:data1\" content=\"5 minutes\" \/>\n<!-- \/ Yoast SEO plugin. -->","yoast_head_json":{"title":"Ieg\u0101d\u0101ties Mega Sena bi\u013cetes \u0101rpus Braz\u012blijas | Ieg\u0101d\u0101ties Mega Sena bi\u013cetes tie\u0161saist\u0113","description":"Jums nav j\u0101b\u016bt Braz\u012blij\u0101, lai piedal\u012btos Mega Sena, ieg\u0101d\u0101jieties Mega Sena bi\u013cetes tie\u0161saist\u0113 m\u016bsu vietn\u0113","robots":{"index":"index","follow":"follow","max-snippet":"max-snippet:-1","max-image-preview":"max-image-preview:large","max-video-preview":"max-video-preview:-1"},"canonical":"https:\/\/jackpotlotteryonline.com\/lv\/iegadaties-biletes\/mega-sena\/","og_locale":"lv_LV","og_type":"article","og_title":"Ieg\u0101d\u0101ties Mega Sena bi\u013cetes \u0101rpus Braz\u012blijas | Ieg\u0101d\u0101ties Mega Sena bi\u013cetes tie\u0161saist\u0113","og_description":"Jums nav j\u0101b\u016bt Braz\u012blij\u0101, lai piedal\u012btos Mega Sena, ieg\u0101d\u0101jieties Mega Sena bi\u013cetes tie\u0161saist\u0113 m\u016bsu vietn\u0113","og_url":"https:\/\/jackpotlotteryonline.com\/lv\/iegadaties-biletes\/mega-sena\/","og_site_name":"Lotto Online - Crack The International Lottery Jackpots","article_modified_time":"2022-12-24T08:45:24+00:00","og_image":[{"url":"http:\/\/jackpotlotteryonline.com\/wp-content\/uploads\/2022\/11\/1_online_ticket_eurojackpot2.jpg"}],"twitter_card":"summary_large_image","twitter_misc":{"Est. reading time":"5 minutes"},"schema":{"@context":"https:\/\/schema.org","@graph":[{"@type":"WebPage","@id":"https:\/\/jackpotlotteryonline.com\/lv\/iegadaties-biletes\/mega-sena\/","url":"https:\/\/jackpotlotteryonline.com\/lv\/iegadaties-biletes\/mega-sena\/","name":"Ieg\u0101d\u0101ties Mega Sena bi\u013cetes \u0101rpus Braz\u012blijas | Ieg\u0101d\u0101ties Mega Sena bi\u013cetes tie\u0161saist\u0113","isPartOf":{"@id":"https:\/\/jackpotlotteryonline.com\/#website"},"primaryImageOfPage":{"@id":"https:\/\/jackpotlotteryonline.com\/lv\/iegadaties-biletes\/mega-sena\/#primaryimage"},"image":{"@id":"https:\/\/jackpotlotteryonline.com\/lv\/iegadaties-biletes\/mega-sena\/#primaryimage"},"thumbnailUrl":"http:\/\/jackpotlotteryonline.com\/wp-content\/uploads\/2022\/11\/1_online_ticket_eurojackpot2.jpg","datePublished":"2022-11-09T13:08:27+00:00","dateModified":"2022-12-24T08:45:24+00:00","description":"Jums nav j\u0101b\u016bt Braz\u012blij\u0101, lai piedal\u012btos Mega Sena, ieg\u0101d\u0101jieties Mega Sena bi\u013cetes tie\u0161saist\u0113 m\u016bsu vietn\u0113","breadcrumb":{"@id":"https:\/\/jackpotlotteryonline.com\/lv\/iegadaties-biletes\/mega-sena\/#breadcrumb"},"inLanguage":"lv-LV","potentialAction":[{"@type":"ReadAction","target":["https:\/\/jackpotlotteryonline.com\/lv\/iegadaties-biletes\/mega-sena\/"]}]},{"@type":"ImageObject","inLanguage":"lv-LV","@id":"https:\/\/jackpotlotteryonline.com\/lv\/iegadaties-biletes\/mega-sena\/#primaryimage","url":"http:\/\/jackpotlotteryonline.com\/wp-content\/uploads\/2022\/11\/1_online_ticket_eurojackpot2.jpg","contentUrl":"http:\/\/jackpotlotteryonline.com\/wp-content\/uploads\/2022\/11\/1_online_ticket_eurojackpot2.jpg"},{"@type":"BreadcrumbList","@id":"https:\/\/jackpotlotteryonline.com\/lv\/iegadaties-biletes\/mega-sena\/#breadcrumb","itemListElement":[{"@type":"ListItem","position":1,"name":"Home","item":"https:\/\/jackpotlotteryonline.com\/lv\/"},{"@type":"ListItem","position":2,"name":"K\u0101 nopirkt loterijas bi\u013cetes tie\u0161saist\u0113","item":"https:\/\/jackpotlotteryonline.com\/lv\/iegadaties-biletes\/"},{"@type":"ListItem","position":3,"name":"Nopirkt Mega Sena bi\u013cetes"}]},{"@type":"WebSite","@id":"https:\/\/jackpotlotteryonline.com\/#website","url":"https:\/\/jackpotlotteryonline.com\/","name":"Lotto Online - Crack The International Lottery Jackpots","description":"","potentialAction":[{"@type":"SearchAction","target":{"@type":"EntryPoint","urlTemplate":"https:\/\/jackpotlotteryonline.com\/?s={search_term_string}"},"query-input":"required name=search_term_string"}],"inLanguage":"lv-LV"}]}},"_links":{"self":[{"href":"https:\/\/jackpotlotteryonline.com\/lv\/wp-json\/wp\/v2\/pages\/37003","targetHints":{"allow":["GET"]}}],"collection":[{"href":"https:\/\/jackpotlotteryonline.com\/lv\/wp-json\/wp\/v2\/pages"}],"about":[{"href":"https:\/\/jackpotlotteryonline.com\/lv\/wp-json\/wp\/v2\/types\/page"}],"author":[{"embeddable":true,"href":"https:\/\/jackpotlotteryonline.com\/lv\/wp-json\/wp\/v2\/users\/1"}],"replies":[{"embeddable":true,"href":"https:\/\/jackpotlotteryonline.com\/lv\/wp-json\/wp\/v2\/comments?post=37003"}],"version-history":[{"count":0,"href":"https:\/\/jackpotlotteryonline.com\/lv\/wp-json\/wp\/v2\/pages\/37003\/revisions"}],"up":[{"embeddable":true,"href":"https:\/\/jackpotlotteryonline.com\/lv\/wp-json\/wp\/v2\/pages\/35766"}],"wp:attachment":[{"href":"https:\/\/jackpotlotteryonline.com\/lv\/wp-json\/wp\/v2\/media?parent=37003"}],"curies":[{"name":"wp","href":"https:\/\/api.w.org\/{rel}","templated":true}]}}