{"id":37057,"date":"2022-11-10T07:12:23","date_gmt":"2022-11-10T07:12:23","guid":{"rendered":"https:\/\/jackpotlotteryonline.com\/?page_id=37057"},"modified":"2023-01-06T09:46:36","modified_gmt":"2023-01-06T09:46:36","slug":"new-york-lottery","status":"publish","type":"page","link":"https:\/\/jackpotlotteryonline.com\/lv\/iegadaties-biletes\/new-york-lottery\/","title":{"rendered":"Bi\u013cetes uz \u0145ujorkas loterija"},"content":{"rendered":"<p>Ja j\u016bs mekl\u0113jat loteriju ar kr\u0101sainu v\u0113sturi, tad \u0145ujorkas loto ir j\u016bsu lab\u0101kais variants. T\u0101 ir ar\u012b loterija, kuras v\u0113sture un skand\u0101li ir cie\u0161i saist\u012bti, ta\u010du t\u0101 tika izveidota ar labu m\u0113r\u0137i. <a href=\"https:\/\/jackpotlotteryonline.com\/lv\/ka-spelet\/new-york-lottery-2\">Loterijas sp\u0113l\u0113\u0161ana<\/a> ir labs veids, k\u0101 izklaid\u0113ties, un t\u0101 sniedz jums ar\u012b kaut ko, ko gaid\u012bt ar nepaciet\u012bbu.<\/p>\n<p>Sp\u0113l\u0113t\u0101ji \u0101rpus ASV, kuri v\u0113las ieg\u0101d\u0101ties \u0161\u012bs loterijas bi\u013cetes, to var izdar\u012bt, apmekl\u0113jot vietni jackpotlotlotteryonline.com. M\u0113s sniedzam sp\u0113l\u0113t\u0101jiem piek\u013cuvi lab\u0101kaj\u0101m starptautiskaj\u0101m loterij\u0101m neatkar\u012bgi no t\u0101, kur\u0101 pasaules mal\u0101 vi\u0146i atrodas.<\/p>\n<h2>\u012asa \u0145ujorkas loto v\u0113sture<\/h2>\n<p>\u0160o loteriju vada \u0145ujorkas \u0161tata vald\u012bba ASV. T\u0101 tika izveidota 1967. gad\u0101, lai pal\u012bdz\u0113tu finans\u0113t \u0161tata izgl\u012bt\u012bbu. \u0160tata pilso\u0146i referendum\u0101 nobalsoja par groz\u012bjumiem konstit\u016bcij\u0101, lai at\u013cautu valsts vad\u012btu loteriju. Interesanti, ka loterijas pirmais sauklis bija &#8220;Tava dz\u012bves iesp\u0113ja pal\u012bdz\u0113t izgl\u012bt\u012bbai&#8221;.<\/p>\n<p>T\u0101tad, ja jums ir nepiecie\u0161ams justies labi, sp\u0113l\u0113jot loterij\u0101, tad \u0161\u012b loterija ir laba iesp\u0113ja jums. J\u016bs ne tikai ieg\u016bsiet iesp\u0113ju ieg\u016bt lielu laimestu, bet ar\u012b zin\u0101siet, ka \u0161aj\u0101 proces\u0101 dar\u0101t labu darbu.<\/p>\n<p>V\u0113l viens interesants fakts ir tas, ka \u0161\u012bs loterijas s\u0101kum\u0101 skand\u0101ls sk\u0101ra ne vienu, bet divas reizes. No 1975. l\u012bdz 1996. gadam p\u0101rdo\u0161ana tika aptur\u0113ta, jo atkl\u0101j\u0101s, ka par laim\u0113t\u0101jiem tika pasludin\u0101tas nep\u0101rdotas bi\u013cetes. P\u0113c tam 80. gados valsts darbinieki manipul\u0113ja ar rezult\u0101tiem par labu \u0123imenei un draugiem. \u0160ie laiki jau sen ir aiz muguras, un t\u0101 ir k\u013cuvusi par vienu no uzticam\u0101kaj\u0101m loterij\u0101m valst\u012b.<\/p>\n<h2>K\u0101 ieg\u0101d\u0101ties Lotto bi\u013cetes \u0101rpus ASV<\/h2>\n<p><img loading=\"lazy\" decoding=\"async\" class=\"alignright size-full wp-image-26402\" src=\"http:\/\/jackpotlotteryonline.com\/wp-content\/uploads\/2022\/11\/1_buy_online_ticket_powerball.jpg\" alt=\"\u0145ujorkas loterijas balva\" width=\"300\" height=\"194\" \/><\/p>\n<p>Ja dz\u012bvojat \u0101rpus ASV, ir tikai viens likum\u012bgs veids, k\u0101 ieg\u0101d\u0101ties loterijas bi\u013cetes. Tas ir, ieg\u0101d\u0101joties t\u0101s internet\u0101 no tie\u0161saistes loteriju p\u0101rdev\u0113ja, piem\u0113ram, jackpotlotlotteryonline.com.<\/p>\n<p>Lai ieg\u0101d\u0101tos bi\u013cetes, vienk\u0101r\u0161i apmekl\u0113jiet vietni un noklik\u0161\u0137iniet uz v\u0113lam\u0101s loterijas. P\u0113c tam izv\u0113lieties se\u0161us skait\u013cus no 1 l\u012bdz 59. Lai palielin\u0101tu savas izredzes uz laimestu, varat ieg\u0101d\u0101ties vair\u0101kas ierakstu rindas. Kad esat izv\u0113l\u0113jies skait\u013cus, ievadiet savu izv\u0113l\u0113to izlozi un veiciet maks\u0101jumu.<\/p>\n<p>Loterijas sp\u0113l\u0113\u0161ana \u0101rpus ASV, izmantojot internetu, ir likum\u012bga un leg\u0101la. Turkl\u0101t t\u0101 paver pla\u0161as iesp\u0113jas sp\u0113l\u0113t\u0101jiem vis\u0101 pasaul\u0113. J\u016bs vairs neierobe\u017eo \u0123eogr\u0101fija, jo j\u016bs varat veikt likmes bez robe\u017e\u0101m.<\/p>\n<h2>Bonusa numurs<\/h2>\n<p>J\u0101, ir bonusa skaitlis, un tas ir sept\u012btais izloz\u0113tais skaitlis. Tom\u0113r bonusa skaitlis netiek izmantots, lai noteiktu d\u017eekpota balvu, bet gan otrajai balvai. Lai vinn\u0113tu otr\u0101s balvas kategorij\u0101, sp\u0113l\u0113t\u0101jam ir j\u0101sakr\u012bt se\u0161iem izloz\u0113tajiem skait\u013ciem un bonusa skaitlim.<\/p>\n<section class=\"layout\" style=\"border: solid 1px; width: 100%;\">\n<div class=\"img-div\" style=\"margin-top: 5px;\"><img decoding=\"async\" class=\"wp-image-17212 alignleft\" style=\"height: 45px; margin: 8px 8px 0px;\" src=\"http:\/\/jackpotlotteryonline.com\/wp-content\/uploads\/2022\/11\/read1.jpg\" alt=\"las\u012bt\" width=\"\" height=\"\" \/><\/div>\n<div style=\"padding-left: 5px;\">\n<div style=\"font-size: 1.1em;\">\n<p><strong>Loterijas padomi<\/strong><\/p>\n<p style=\"font-size: 0.85em; margin-top: -1.5em;\">Padomi, kas pal\u012bdz uzvar\u0113t loterij\u0101\u00a0<a href=\"https:\/\/jackpotlotteryonline.com\/lv\/padomi-kas-palidz-uzvaret-loterija\"> las\u012bt vair\u0101k<\/a><\/p>\n<\/div>\n<\/div>\n<\/section>\n<h2>Balvu kategorijas<\/h2>\n<p>Izredzes laim\u0113t balvu kopum\u0101 ir 1 pret 92,05. Balvu sadal\u012bjums ir atkar\u012bgs no kop\u0113j\u0101 apgroz\u012bjuma. T\u0101d\u0113j\u0101di katr\u0101 loto 40 % no p\u0101rdo\u0161anas apjoma tiek pie\u0161\u0137irti k\u0101 naudas balva. D\u017eekpots ir procentu\u0101la da\u013ca no \u0161\u012bs summas, un t\u0101 nav fiks\u0113ta summa. Balvu kategorijas ir izkl\u0101st\u012btas turpm\u0101k:<\/p>\n<p>kategorija: 6 skait\u013ci &#8211; d\u017eekpots (30 %).<br \/>\n2. kategorija: 5 + bonusa skaitlis &#8211; 2,9 % no p\u0101rdo\u0161anas apjoma.<br \/>\nkategorija: 5 skait\u013ci &#8211; 2,2 % no p\u0101rdo\u0161anas apjoma. 3. kategorija: 5 skait\u013ci &#8211; 2,2 % no p\u0101rdo\u0161anas apjoma.<br \/>\nkategorija: 4 skait\u013ci &#8211; 2,5 % no p\u0101rdo\u0161anas apjoma. 4. kategorija: 4 skait\u013ci &#8211; 2,5 % no p\u0101rdo\u0161anas apjoma.<br \/>\nkategorija: 3 skait\u013ci &#8211; 2,4 % no p\u0101rdo\u0161anas apjoma.<\/p>\n<h2>\u0145ujorkas Loto izlozes dienas<\/h2>\n<p><a href=\"https:\/\/jackpotlotteryonline.com\/lv\/laimejusie-skaitli\/new-york-lottery\">\u0145ujorkas loterijai (k\u0101 to da\u017ek\u0101rt sauc) katru ned\u0113\u013cu ir divas izlozes dienas<\/a>. T\u0101s ir tre\u0161dien\u0101s un sestdien\u0101s. T\u0101tad j\u016bs varat pieteikties vair\u0101k\u0101m izlozes dien\u0101m vair\u0101kas ned\u0113\u013cas iepriek\u0161.<\/p>\n<p>Lai uzzin\u0101tu, vai esat vinn\u0113jis balvu, varat v\u0113rot izlozes telev\u012bzij\u0101 vai p\u0101rbaud\u012bt izlozes rezult\u0101tus zi\u0146\u0101s. Tom\u0113r tas var k\u013c\u016bt nogurdino\u0161i, jo \u012bpa\u0161i, ja taj\u0101 laik\u0101 esat aiz\u0146emts. Lai ieg\u016btu vienk\u0101r\u0161\u0101ku alternat\u012bvu, re\u0123istr\u0113jieties pie mums, un m\u0113s nekav\u0113joties pazi\u0146osim jums, ja j\u016bs vinn\u0113siet.<\/p>\n<h2>K\u0101p\u0113c jums vajadz\u0113tu sp\u0113l\u0113t \u0145ujorkas loterij\u0101?<\/h2>\n<p>Ja j\u016bs padom\u0101jat par to, ka naudas balvu nosaka p\u0101rdo\u0161anas apjoms, j\u016bs var\u0113tu k\u013c\u016bt nedro\u0161s. Kas notiek, ja p\u0101rdo\u0161anas rezult\u0101ti nav labi? Tas noz\u012bm\u0113, ka d\u017eekpota balva var tikt iev\u0113rojami samazin\u0101ta. T\u0101s ir re\u0101las bailes, ar kur\u0101m sp\u0113l\u0113t\u0101ji saskaras, sp\u0113l\u0113jot \u0161o loteriju.<\/p>\n<p>Ta\u010du ir vair\u0101kas lietas, kas darbojas par labu \u0145ujorkas \u0161tata vald\u012bbas vad\u012btajai loterijai. Pirmk\u0101rt, par \u0161o loteriju ir liela interese, t\u0101p\u0113c t\u0101s p\u0101rdo\u0161anas apjomi joproj\u0101m ir diezgan labi. D\u017eekpots nav tik liels k\u0101 da\u017e\u0101s cit\u0101s starptautisk\u0101s loterij\u0101s, ta\u010du sp\u0113l\u0113t\u0101ji var laim\u0113t l\u012bdz pat 10 miljoniem ASV dol\u0101ru.<\/p>\n<p>Turkl\u0101t izredzes laim\u0113t balvu ir daudz liel\u0101kas nek\u0101 cit\u0101s loterij\u0101s ar liel\u0101kiem d\u017eekpotiem. Lai gan da\u017ei sp\u0113lma\u0146i var neuzskat\u012bt, ka \u0161\u012bs der\u012bbas ir augstas likmes, labv\u0113l\u012bg\u0101s izredzes noteikti padara \u0161o likmi izdev\u012bg\u0101ku. Turkl\u0101t d\u017eekpota balva neb\u016bt nav slikta un joproj\u0101m var padar\u012bt uzvar\u0113t\u0101jus par miljon\u0101riem.<\/p>\n<h2>Re\u0123istr\u0113jieties pie mums, lai bez stresa g\u016btu pieredzi<\/h2>\n<p><img loading=\"lazy\" decoding=\"async\" class=\"size-full wp-image-35321 alignright\" src=\"http:\/\/jackpotlotteryonline.com\/wp-content\/uploads\/2022\/11\/2_ticket_superenalotto-1.jpg\" alt=\"\u0145ujorkas loto bi\u013cete\" width=\"228\" height=\"300\" \/><\/p>\n<p>Ja re\u0123istr\u0113jaties pie mums, sp\u0113l\u0113t \u0145ujorkas loto ir viegli un bez probl\u0113m\u0101m. Apmekl\u0113jot m\u016bsu vietni, j\u016bs atrad\u012bsiet pla\u0161u starptautisko loteriju kl\u0101stu, kur\u0101s varat piedal\u012bties. Ieg\u0101d\u0101jieties bi\u013ceti un veiciet likmi uz j\u016bsu izv\u0113l\u0113to loteriju, un, ja v\u0113laties, izv\u0113lieties vair\u0101kus ierakstus. Ja neesat p\u0101rliecin\u0101ts par to, k\u0101dus skait\u013cus izv\u0113l\u0113ties, jums pal\u012bdz\u0113s m\u016bsu autom\u0101tisk\u0101s atlases r\u012bks.<\/p>\n<p>Kad esat izv\u0113l\u0113jies numurus, ievadiet izlozes un dodieties uz maks\u0101jumu zonu. \u0160aj\u0101 br\u012bd\u012b m\u0113s jums l\u016bgsim re\u0123istr\u0113ties. Tas tiek dar\u012bts \u0161\u0101du iemeslu d\u0113\u013c:<\/p>\n<ul>\n<li>Re\u0123istr\u0113joties j\u016bs varat nodro\u0161in\u0101t, ka j\u016bsu bi\u013cetes tiek glab\u0101tas dro\u0161\u012bb\u0101, lai j\u016bs var\u0113tu viegli sa\u0146emt laim\u0113t\u0101s balvas.<\/li>\n<li>ja j\u016bs vinn\u0113siet k\u0101du balvu, j\u016bs sa\u0146emsiet br\u012bdin\u0101jumu sav\u0101 vad\u012bbas panel\u012b un e-past\u0101.<\/li>\n<li>Iz\u0146emt balvu v\u0113l nekad nav bijis viegl\u0101k, jo to varat izdar\u012bt turpat m\u016bsu platform\u0101.<\/li>\n<\/ul>\n<h2>K\u0101 j\u016bs zin\u0101t, ka piedal\u0101ties loterij\u0101?<\/h2>\n<p>\u0160is ir pamatots jaut\u0101jums, jo ir vair\u0101ki pakalpojumi, kas p\u0101rdod loterijas bi\u013cetes, bet nedod jums piek\u013cuvi loterijai. Tie sniedz jums iesp\u0113ju veikt der\u012bbas pret d\u017eekpotu. T\u0101tad pat tad, ja j\u016bs vinn\u0113siet, j\u016bs varat sa\u0146emt tikai da\u013cu no d\u017eekpota summas. M\u0113s t\u0101 nedar\u0101m.<\/p>\n<p>M\u0113s sniedzam konsjer\u017ea pakalpojumus, kas nodro\u0161ina, ka m\u016bsu klienti re\u0101llaik\u0101 sa\u0146em piek\u013cuvi vi\u0146u izv\u0113l\u0113taj\u0101m loterij\u0101m. Ieg\u0101d\u0101joties ierakstu, m\u016bsu a\u0123enti \u0145ujork\u0101 ieg\u0101d\u0101sies ar\u012b fizisku bi\u013ceti ar j\u016bsu v\u0113lamajiem skait\u013ciem. Tas noz\u012bm\u0113, ka, ja j\u016bsu skait\u013ci sakr\u012bt ar izloz\u0113tajiem skait\u013ciem, j\u016bs esat laim\u0113jis d\u017eekpotu.<\/p>\n<p>\u0160\u0137iet, ka \u0161is ir \u012bstais br\u012bdis piemin\u0113t, ka loterija ir nejau\u0161\u012bbas sp\u0113le. T\u0101d\u0113j\u0101di nav iesp\u0113jams noteikt, kur\u0161 uzvar\u0113s. M\u0113s zin\u0101m tikai to, ka vien\u012bgais veids, k\u0101 ieg\u016bt iesp\u0113ju laim\u0113t, ir veikt likmi. T\u0101p\u0113c m\u0113s dar\u0101m visu iesp\u0113jamo, lai nodro\u0161in\u0101tu, ka m\u016bsu klientiem ir \u0161\u0101da iesp\u0113ja.<\/p>\n<h2>Sp\u0113l\u0113jiet \u0145ujorkas loto tie\u0161saist\u0113 jau \u0161odien<\/h2>\n<p>Ir pien\u0101cis laiks beigt dom\u0101t par loterijas bi\u013cetes ieg\u0101di un ieg\u0101d\u0101ties to. Tas var\u0113tu b\u016bt dz\u012bves piedz\u012bvojuma s\u0101kums. Tad k\u0101p\u0113c gan neapmekl\u0113t m\u016bs jau \u0161odien vietn\u0113 jackpotlotlotteryonline.com, lai veiktu likmi no jebkuras vietas pasaul\u0113? J\u016bs nekad nevarat zin\u0101t, kad laim\u0113siet loterij\u0101.<\/p>\n","protected":false},"excerpt":{"rendered":"<p>Ja j\u016bs mekl\u0113jat loteriju ar kr\u0101sainu v\u0113sturi, tad \u0145ujorkas loto ir j\u016bsu lab\u0101kais variants. T\u0101 ir ar\u012b loterija, kuras v\u0113sture un skand\u0101li ir cie\u0161i saist\u012bti, ta\u010du t\u0101 tika izveidota ar labu m\u0113r\u0137i. Loterijas sp\u0113l\u0113\u0161ana ir labs veids, k\u0101 izklaid\u0113ties, un t\u0101 sniedz jums ar\u012b kaut ko, ko gaid\u012bt ar nepaciet\u012bbu. Sp\u0113l\u0113t\u0101ji \u0101rpus ASV, kuri v\u0113las [&hellip;]<\/p>\n","protected":false},"author":1,"featured_media":0,"parent":35766,"menu_order":14,"comment_status":"closed","ping_status":"closed","template":"newyork-info.php","meta":{"_et_pb_use_builder":"","_et_pb_old_content":"","_et_gb_content_width":"","exclude_from_search":false,"footnotes":""},"class_list":["post-37057","page","type-page","status-publish","hentry"],"yoast_head":"<!-- This site is optimized with the Yoast SEO plugin v23.3 - https:\/\/yoast.com\/wordpress\/plugins\/seo\/ -->\n<title>Nopirkt \u0145ujorkas loterijas bi\u013cetes no \u0101rpus ASV | Ieg\u016bt \u0145ujorkas loterijas bi\u013cetes tie\u0161saist\u0113<\/title>\n<meta name=\"description\" content=\"V\u0113laties ieg\u0101d\u0101ties \u0145ujorkas loterijas bi\u013ceti, bet dz\u012bvojat \u0101rpus ASV? Ieg\u0101d\u0101jieties loto bi\u013cetes tie\u0161saist\u0113 \u0161eit\" \/>\n<meta name=\"robots\" content=\"index, follow, max-snippet:-1, max-image-preview:large, max-video-preview:-1\" \/>\n<link rel=\"canonical\" href=\"https:\/\/jackpotlotteryonline.com\/lv\/iegadaties-biletes\/new-york-lottery\/\" \/>\n<meta property=\"og:locale\" content=\"lv_LV\" \/>\n<meta property=\"og:type\" content=\"article\" \/>\n<meta property=\"og:title\" content=\"Nopirkt \u0145ujorkas loterijas bi\u013cetes no \u0101rpus ASV | Ieg\u016bt \u0145ujorkas loterijas bi\u013cetes tie\u0161saist\u0113\" \/>\n<meta property=\"og:description\" content=\"V\u0113laties ieg\u0101d\u0101ties \u0145ujorkas loterijas bi\u013ceti, bet dz\u012bvojat \u0101rpus ASV? Ieg\u0101d\u0101jieties loto bi\u013cetes tie\u0161saist\u0113 \u0161eit\" \/>\n<meta property=\"og:url\" content=\"https:\/\/jackpotlotteryonline.com\/lv\/iegadaties-biletes\/new-york-lottery\/\" \/>\n<meta property=\"og:site_name\" content=\"Lotto Online - Crack The International Lottery Jackpots\" \/>\n<meta property=\"article:modified_time\" content=\"2023-01-06T09:46:36+00:00\" \/>\n<meta property=\"og:image\" content=\"http:\/\/jackpotlotteryonline.com\/wp-content\/uploads\/2022\/11\/1_buy_online_ticket_powerball.jpg\" \/>\n<meta name=\"twitter:card\" content=\"summary_large_image\" \/>\n<meta name=\"twitter:label1\" content=\"Est. reading time\" \/>\n\t<meta name=\"twitter:data1\" content=\"5 minutes\" \/>\n<!-- \/ Yoast SEO plugin. -->","yoast_head_json":{"title":"Nopirkt \u0145ujorkas loterijas bi\u013cetes no \u0101rpus ASV | Ieg\u016bt \u0145ujorkas loterijas bi\u013cetes tie\u0161saist\u0113","description":"V\u0113laties ieg\u0101d\u0101ties \u0145ujorkas loterijas bi\u013ceti, bet dz\u012bvojat \u0101rpus ASV? Ieg\u0101d\u0101jieties loto bi\u013cetes tie\u0161saist\u0113 \u0161eit","robots":{"index":"index","follow":"follow","max-snippet":"max-snippet:-1","max-image-preview":"max-image-preview:large","max-video-preview":"max-video-preview:-1"},"canonical":"https:\/\/jackpotlotteryonline.com\/lv\/iegadaties-biletes\/new-york-lottery\/","og_locale":"lv_LV","og_type":"article","og_title":"Nopirkt \u0145ujorkas loterijas bi\u013cetes no \u0101rpus ASV | Ieg\u016bt \u0145ujorkas loterijas bi\u013cetes tie\u0161saist\u0113","og_description":"V\u0113laties ieg\u0101d\u0101ties \u0145ujorkas loterijas bi\u013ceti, bet dz\u012bvojat \u0101rpus ASV? Ieg\u0101d\u0101jieties loto bi\u013cetes tie\u0161saist\u0113 \u0161eit","og_url":"https:\/\/jackpotlotteryonline.com\/lv\/iegadaties-biletes\/new-york-lottery\/","og_site_name":"Lotto Online - Crack The International Lottery Jackpots","article_modified_time":"2023-01-06T09:46:36+00:00","og_image":[{"url":"http:\/\/jackpotlotteryonline.com\/wp-content\/uploads\/2022\/11\/1_buy_online_ticket_powerball.jpg"}],"twitter_card":"summary_large_image","twitter_misc":{"Est. reading time":"5 minutes"},"schema":{"@context":"https:\/\/schema.org","@graph":[{"@type":"WebPage","@id":"https:\/\/jackpotlotteryonline.com\/lv\/iegadaties-biletes\/new-york-lottery\/","url":"https:\/\/jackpotlotteryonline.com\/lv\/iegadaties-biletes\/new-york-lottery\/","name":"Nopirkt \u0145ujorkas loterijas bi\u013cetes no \u0101rpus ASV | Ieg\u016bt \u0145ujorkas loterijas bi\u013cetes tie\u0161saist\u0113","isPartOf":{"@id":"https:\/\/jackpotlotteryonline.com\/#website"},"primaryImageOfPage":{"@id":"https:\/\/jackpotlotteryonline.com\/lv\/iegadaties-biletes\/new-york-lottery\/#primaryimage"},"image":{"@id":"https:\/\/jackpotlotteryonline.com\/lv\/iegadaties-biletes\/new-york-lottery\/#primaryimage"},"thumbnailUrl":"http:\/\/jackpotlotteryonline.com\/wp-content\/uploads\/2022\/11\/1_buy_online_ticket_powerball.jpg","datePublished":"2022-11-10T07:12:23+00:00","dateModified":"2023-01-06T09:46:36+00:00","description":"V\u0113laties ieg\u0101d\u0101ties \u0145ujorkas loterijas bi\u013ceti, bet dz\u012bvojat \u0101rpus ASV? Ieg\u0101d\u0101jieties loto bi\u013cetes tie\u0161saist\u0113 \u0161eit","breadcrumb":{"@id":"https:\/\/jackpotlotteryonline.com\/lv\/iegadaties-biletes\/new-york-lottery\/#breadcrumb"},"inLanguage":"lv-LV","potentialAction":[{"@type":"ReadAction","target":["https:\/\/jackpotlotteryonline.com\/lv\/iegadaties-biletes\/new-york-lottery\/"]}]},{"@type":"ImageObject","inLanguage":"lv-LV","@id":"https:\/\/jackpotlotteryonline.com\/lv\/iegadaties-biletes\/new-york-lottery\/#primaryimage","url":"http:\/\/jackpotlotteryonline.com\/wp-content\/uploads\/2022\/11\/1_buy_online_ticket_powerball.jpg","contentUrl":"http:\/\/jackpotlotteryonline.com\/wp-content\/uploads\/2022\/11\/1_buy_online_ticket_powerball.jpg"},{"@type":"BreadcrumbList","@id":"https:\/\/jackpotlotteryonline.com\/lv\/iegadaties-biletes\/new-york-lottery\/#breadcrumb","itemListElement":[{"@type":"ListItem","position":1,"name":"Home","item":"https:\/\/jackpotlotteryonline.com\/lv\/"},{"@type":"ListItem","position":2,"name":"K\u0101 nopirkt loterijas bi\u013cetes tie\u0161saist\u0113","item":"https:\/\/jackpotlotteryonline.com\/lv\/iegadaties-biletes\/"},{"@type":"ListItem","position":3,"name":"Bi\u013cetes uz \u0145ujorkas loterija"}]},{"@type":"WebSite","@id":"https:\/\/jackpotlotteryonline.com\/#website","url":"https:\/\/jackpotlotteryonline.com\/","name":"Lotto Online - Crack The International Lottery Jackpots","description":"","potentialAction":[{"@type":"SearchAction","target":{"@type":"EntryPoint","urlTemplate":"https:\/\/jackpotlotteryonline.com\/?s={search_term_string}"},"query-input":"required name=search_term_string"}],"inLanguage":"lv-LV"}]}},"_links":{"self":[{"href":"https:\/\/jackpotlotteryonline.com\/lv\/wp-json\/wp\/v2\/pages\/37057","targetHints":{"allow":["GET"]}}],"collection":[{"href":"https:\/\/jackpotlotteryonline.com\/lv\/wp-json\/wp\/v2\/pages"}],"about":[{"href":"https:\/\/jackpotlotteryonline.com\/lv\/wp-json\/wp\/v2\/types\/page"}],"author":[{"embeddable":true,"href":"https:\/\/jackpotlotteryonline.com\/lv\/wp-json\/wp\/v2\/users\/1"}],"replies":[{"embeddable":true,"href":"https:\/\/jackpotlotteryonline.com\/lv\/wp-json\/wp\/v2\/comments?post=37057"}],"version-history":[{"count":0,"href":"https:\/\/jackpotlotteryonline.com\/lv\/wp-json\/wp\/v2\/pages\/37057\/revisions"}],"up":[{"embeddable":true,"href":"https:\/\/jackpotlotteryonline.com\/lv\/wp-json\/wp\/v2\/pages\/35766"}],"wp:attachment":[{"href":"https:\/\/jackpotlotteryonline.com\/lv\/wp-json\/wp\/v2\/media?parent=37057"}],"curies":[{"name":"wp","href":"https:\/\/api.w.org\/{rel}","templated":true}]}}