{"id":37109,"date":"2022-11-10T09:20:40","date_gmt":"2022-11-10T09:20:40","guid":{"rendered":"https:\/\/jackpotlotteryonline.com\/?page_id=37109"},"modified":"2023-01-04T08:47:42","modified_gmt":"2023-01-04T08:47:42","slug":"thunderball","status":"publish","type":"page","link":"https:\/\/jackpotlotteryonline.com\/lv\/iegadaties-biletes\/thunderball\/","title":{"rendered":"Nopirkt Thunderball bi\u013cetes"},"content":{"rendered":"<p>Apvienotaj\u0101 Karalist\u0113 sp\u0113l\u0113t\u0101jiem netr\u016bkst loteriju, kur\u0101s sp\u0113l\u0113t. S\u0101kot ar loto sp\u0113l\u0113m un beidzot ar rentes sp\u0113l\u0113m &#8211; ikvienam ir kaut kas piem\u0113rots, turkl\u0101t gandr\u012bz katru dienu. Ta\u010du viena no sp\u0113l\u0113t\u0101ju iecien\u012bt\u0101kaj\u0101m sp\u0113l\u0113m ir Thunderball. T\u0101 ir interesanta, jo \u0161\u012b ir loterija, kas nepied\u0101v\u0101 miljoniem m\u0101rci\u0146u v\u0113rtu d\u017eekpotu. Paties\u012bb\u0101 m\u0113s varam garant\u0113t, ka pat tad, ja j\u016bs vinn\u0113siet d\u017eekpotu, j\u016bs nek\u013c\u016bsiet par miljon\u0101ru. K\u0101p\u0113c tad sp\u0113l\u0113t\u0101ji, \u0161\u0137iet, m\u012bl \u0161o loteriju?<\/p>\n<p>Iemesls ir vienk\u0101r\u0161s &#8211; izredzes ir daudz liel\u0101kas nek\u0101 cit\u0101s sp\u0113l\u0113s ar liel\u0101kiem d\u017eekpotiem. T\u0101 k\u0101 katru ned\u0113\u013cu notiek \u010detras izlozes un d\u017eekpota summa ir iev\u0113rojama, nav br\u012bnums, ka \u0161\u012bs loterijas entuziasti katru ned\u0113\u013cu pulc\u0113jas uz \u0161o loteriju.<\/p>\n<p>Ja dz\u012bvojat \u0101rpus Apvienot\u0101s Karalistes, varat piedal\u012bties ar\u012b jebkur\u0101 no izloz\u0113m. Apmekl\u0113jiet jackpotlotteryonline.com, lai efekt\u012bvi un bez stresa ieg\u0101d\u0101tos loterijas bi\u013cetes, lai kur j\u016bs atrastos.<\/p>\n<h2>K\u0101 darbojas Thunderball?<\/h2>\n<p><img loading=\"lazy\" decoding=\"async\" class=\"alignright size-medium wp-image-30425\" src=\"https:\/\/jackpotlotteryonline.com\/wp-content\/uploads\/2022\/11\/1_you_win_jackpot-300x300.jpg\" alt=\"K\u0101 sp\u0113l\u0113t Thunderball\" width=\"300\" height=\"300\" srcset=\"https:\/\/jackpotlotteryonline.com\/wp-content\/uploads\/2022\/11\/1_you_win_jackpot-300x300.jpg 300w, https:\/\/jackpotlotteryonline.com\/wp-content\/uploads\/2022\/11\/1_you_win_jackpot-100x100.jpg 100w, https:\/\/jackpotlotteryonline.com\/wp-content\/uploads\/2022\/11\/1_you_win_jackpot-150x150.jpg 150w, https:\/\/jackpotlotteryonline.com\/wp-content\/uploads\/2022\/11\/1_you_win_jackpot.jpg 320w\" sizes=\"auto, (max-width: 300px) 100vw, 300px\" \/><\/p>\n<p>\u0160\u012b britu loterija ir vienk\u0101r\u0161a un viegli sp\u0113l\u0113jama, un pieredz\u0113ju\u0161iem loto sp\u0113l\u0113t\u0101jiem nevajadz\u0113tu rasties probl\u0113m\u0101m ar \u0161o britu loteriju.<\/p>\n<p><a href=\"https:\/\/jackpotlotteryonline.com\/lv\/ka-spelet\/thunderball\">Lai sp\u0113l\u0113tu \u0161o britu loteriju<\/a>, sp\u0113l\u0113t\u0101jiem ir j\u0101izv\u0113las pieci galvenie skait\u013ci no 1 l\u012bdz 39 un viens \u012bpa\u0161ais skaitlis no 1 l\u012bdz 14. \u012apa\u0161ais skaitlis tiek saukts par Thunderball.<\/p>\n<p>P\u0113c numuru izlozes n\u0101kamais solis ir <a href=\"https:\/\/jackpotlotteryonline.com\/lv\/laimejusie-skaitli\/thunderball\">piedal\u012bties izloz\u0113s<\/a> un gaid\u012bt rezult\u0101tus. M\u0113s jau min\u0113j\u0101m, ka t\u0101 pied\u0101v\u0101 \u010detras ned\u0113\u013cas izlozes. T\u0101s ir \u010detras iesp\u0113jas laim\u0113t d\u017eekpotu! Izlozes notiek otrdien, tre\u0161dien, ceturtdien un sestdien.<\/p>\n<h2>Vai ir likum\u012bgi ieg\u0101d\u0101ties Apvienot\u0101s Karalistes loterijas bi\u013ceti tie\u0161saist\u0113?<\/h2>\n<p>Jaut\u0101jums par to, vai j\u016bs varat piedal\u012bties loterij\u0101, izmantojot internetu, ir pamatots. Tiesa, ka past\u0101v kr\u0101p\u0161anas gad\u012bjumi, un b\u016btu mu\u013c\u0137\u012bgi to ignor\u0113t. Tom\u0113r ir likum\u012bgas loteriju vietnes, kas p\u0101rdod loteriju bi\u013cetes vis\u0101 pasaul\u0113, un tas ir piln\u012bgi likum\u012bgi.<\/p>\n<p>Pirmk\u0101rt, \u0161\u012b britu loterija nav paredz\u0113ta tikai Apvienot\u0101s Karalistes pilso\u0146iem. Vien\u012bgais ierobe\u017eojums ir \u0123eogr\u0101fisks, jo fizisk\u0101s bi\u013cetes p\u0101rdod p\u0101rdev\u0113ji \u0161aj\u0101 valst\u012b. Vien\u012bgais veids, k\u0101 sp\u0113l\u0113t loterij\u0101 \u0101rpus valsts, ir ieg\u0101d\u0101ties bi\u013cetes tie\u0161saist\u0113.<\/p>\n<p>Pirms p\u0113rkat loterijas bi\u013ceti, p\u0101rliecinieties, ka izmantojat likum\u012bga loterijas p\u0101rdev\u0113ja pakalpojumus, jo \u012bpa\u0161i t\u0101da, kuram ir laba reput\u0101cija. Labs veids, k\u0101 to p\u0101rbaud\u012bt, ir noskaidrot, vai vi\u0146iem ir bijusi laimestu izmaksas v\u0113sture, lai j\u016bs nezaud\u0113tu savu laimestu.<\/p>\n<section class=\"layout\" style=\"border: solid 1px; width: 100%;\">\n<div class=\"img-div\" style=\"margin-top: 5px;\"><img decoding=\"async\" class=\"wp-image-17212 alignleft\" style=\"height: 45px; margin: 8px 8px 0px;\" src=\"https:\/\/jackpotlotteryonline.com\/wp-content\/uploads\/2022\/11\/read1.jpg\" alt=\"las\u012bt\" width=\"\" height=\"\" \/><\/div>\n<div style=\"padding-left: 5px;\">\n<div style=\"font-size: 1.1em;\">\n<p><strong>J\u016bsu valsts loterija starptautisk\u0101 sal\u012bdzin\u0101jum\u0101<\/strong><\/p>\n<p style=\"font-size: 0.85em; margin-top: -1.5em;\">J\u016bsu viet\u0113j\u0101 loterija var b\u016bt slikt\u0101kais variants &#8211; k\u0101p\u0113c ir lietder\u012bg\u0101k maks\u0101t vair\u0101k, bet izv\u0113l\u0113ties liel\u0101kus laimestus? <a href=\"https:\/\/jackpotlotteryonline.com\/lv\/jusu-valsts-loterija-starptautiskaja-salikuma\">las\u012bt vair\u0101k<\/a><\/p>\n<\/div>\n<\/div>\n<\/section>\n<h2>D\u017eekpots un balvas<\/h2>\n<p>K\u0101ds ir \u0161\u012bs britu loterijas d\u017eekpota laimests? D\u017eekpota balva ir pieci simti t\u016bksto\u0161i m\u0101rci\u0146u, un t\u0101 ir garant\u0113ta katr\u0101 izloz\u0113. D\u017eekpotu vinn\u0113 jebkura bi\u013cete, kas atbilst pieciem izloz\u0113tajiem skait\u013ciem un \u012bpa\u0161ajam skaitlim.<\/p>\n<p>D\u017eekpots nav vien\u012bg\u0101 balva, ko sp\u0113l\u0113t\u0101ji var vinn\u0113t \u0161aj\u0101 loterij\u0101, jo ir ar\u012b citi balvu l\u012bme\u0146i. Ar\u012b otr\u0101 l\u012bme\u0146a balva ir fiks\u0113ta summa piecu t\u016bksto\u0161u m\u0101rci\u0146u apm\u0113r\u0101, kas ir patie\u0161\u0101m lieliska. Kopum\u0101 ir devi\u0146i balvu l\u012bme\u0146i, un ir ar\u012b balva tikai par \u012bpa\u0161a skait\u013ca sakrit\u012bbu.<\/p>\n<p>\u0160\u012bs loterijas izredzes atkal ir neticamas, t\u0101p\u0113c kop\u0161 pirm\u0101s izlozes 1999. gad\u0101 taj\u0101 ir tik daudz uzvar\u0113t\u0101ju. T\u0101 k\u0101 p\u0113c \u0161\u012bs loterijas bija liels piepras\u012bjums, t\u0101 no vienas ned\u0113\u013cas izlozes k\u013cuva par \u010detru ikned\u0113\u013cas izlo\u017eu loteriju. T\u0101tad, sp\u0113l\u0113jot \u0161o britu loteriju, izredzes laim\u0113t d\u017eekpotu ir 1 pret 8 060 598, bet izredzes laim\u0113t jebkuru balvu ir 1 pret 13.<br \/>\n<img loading=\"lazy\" decoding=\"async\" class=\"alignright size-medium wp-image-35457\" src=\"https:\/\/jackpotlotteryonline.com\/wp-content\/uploads\/2022\/11\/2_ticket_uk_lottery-192x300.jpg\" alt=\"Thunderball bi\u013cete\" width=\"192\" height=\"300\" srcset=\"https:\/\/jackpotlotteryonline.com\/wp-content\/uploads\/2022\/11\/2_ticket_uk_lottery-192x300.jpg 192w, https:\/\/jackpotlotteryonline.com\/wp-content\/uploads\/2022\/11\/2_ticket_uk_lottery.jpg 250w\" sizes=\"auto, (max-width: 192px) 100vw, 192px\" \/><\/p>\n<p><strong>Sp\u0113l\u0113jot \u0161o loteriju, ir nor\u0101d\u012bts, ko j\u016bs varat cer\u0113t laim\u0113t:<\/strong><\/p>\n<p>Atbilst 5 skait\u013ciem + \u012bpa\u0161ais skaitlis &#8211; 500 000 \u00a3 (d\u017eekpots).<br \/>\nTikai 5 skait\u013cu sakrit\u012bba &#8211; \u00a35000<br \/>\n4 skait\u013cu un \u012bpa\u0161\u0101 skait\u013ca sakrit\u012bba &#8211; 250 \u00a3<br \/>\nTikai 4 skait\u013cu sakrit\u012bba &#8211; \u00a3100<br \/>\n3 skait\u013ci + \u012bpa\u0161ais skaitlis &#8211; \u00a320<br \/>\nTikai 3 skait\u013cu kombin\u0101cija &#8211; \u00a310<br \/>\n2 skait\u013ci + \u012bpa\u0161s skaitlis &#8211; \u00a310<br \/>\n1 skaitlis + \u012bpa\u0161ais skaitlis &#8211; \u00a35<br \/>\n0 skaitlis + \u012bpa\u0161ais skaitlis &#8211; \u00a33<\/p>\n<h2>K\u0101 piepras\u012bt balvu<\/h2>\n<p>Veids, k\u0101 j\u016bs piepras\u012bsiet savu balvu, b\u016bs atkar\u012bgs no t\u0101, k\u0101 j\u016bs ieg\u0101d\u0101j\u0101ties loterijas bi\u013ceti. Ja loterij\u0101 piedal\u012bj\u0101ties, izmantojot m\u016bsu vietni, j\u016bs varat piepras\u012bt savu balvu, piesl\u0113dzoties savam kontam un izmaks\u0101jot savu laimestu no m\u016bsu platformas.<\/p>\n<p>Pirms piepras\u0101t savu balvu, ir svar\u012bgi zin\u0101t da\u017eas lietas par loterijas sp\u0113l\u0113\u0161anu Apvienotaj\u0101 Karalist\u0113. M\u0113s jau zin\u0101m, ka loterij\u0101 var piedal\u012bties ikviens neatkar\u012bgi no valstspieder\u012bbas, tom\u0113r \u0161eit ir da\u017eas lietas, kas j\u0101\u0146em v\u0113r\u0101:<\/p>\n<ul>\n<li>Loterij\u0101 var piedal\u012bties sp\u0113l\u0113t\u0101ji, kas vec\u0101ki par 16 gadiem.<\/li>\n<li>balvas tiek izmaks\u0101tas k\u0101 vienreiz\u0113ja summa<\/li>\n<li>Loterijas laimestiem valst\u012b netiek piem\u0113roti nodok\u013ci. Tom\u0113r, ja j\u016bs sp\u0113l\u0113jat \u0101rpus valsts, jums j\u0101p\u0101rbauda savas valsts nodok\u013cu likumi.<\/li>\n<li>Jums ir 180 dienas, lai piepras\u012btu laimestu, pirms tas non\u0101k atpaka\u013c fond\u0101.<\/li>\n<li>Ja loterij\u0101 piedal\u012bj\u0101ties, izmantojot fizisku p\u0101rdev\u0113ju, jums, iesp\u0113jams, b\u016bs j\u0101sazin\u0101s ar loterijas organizatoriem, lai piepras\u012btu savu laimestu.<\/li>\n<\/ul>\n<h2>K\u0101p\u0113c jums vajadz\u0113tu sp\u0113l\u0113t loterij\u0101 ar mums<\/h2>\n<p>M\u0113s esam individu\u0101li piel\u0101gots konsjer\u017es, kas sp\u0113l\u0113t\u0101jiem vis\u0101 pasaul\u0113 nodro\u0161ina piek\u013cuvi lab\u0101kaj\u0101m starptautiskaj\u0101m loterij\u0101m. M\u0113s esam pavad\u012bju\u0161i daudzus gadus, pilnveidojot procesu, lai nodro\u0161in\u0101tu m\u016bsu klientiem aizraujo\u0161u pieredzi, kas ir pat\u012bkama un bez stresa.<\/p>\n<p>Re\u0123istr\u0113joties pie mums, j\u016bs varat \u0113rti piedal\u012bties vair\u0101k\u0101s loterij\u0101s, izmantojot vienu tie\u0161saistes platformu. M\u0113s sniedzam papildu dro\u0161\u012bbu, jo j\u016bsu re\u0123istr\u0101cijas kv\u012bts ir dro\u0161\u012bb\u0101, t\u0101p\u0113c jums nav j\u0101uztraucas par t\u0101s pazaud\u0113\u0161anu. J\u016bs varat ar\u012b atsl\u0101bin\u0101ties, zinot, ka nepalaid\u012bsiet gar\u0101m nevienu laimestu, jo m\u0113s j\u016bs inform\u0113sim, tikl\u012bdz laim\u0113siet k\u0101du balvu.<\/p>\n<p>B\u016bt\u012bb\u0101 m\u0113s nov\u0113r\u0161am visas ar loterijas sp\u0113l\u0113\u0161anu saist\u012bt\u0101s \u0137ibeles un \u0137ibeles, \u013caujot jums br\u012bvi nodarboties ar to, kas jums pat\u012bk visvair\u0101k &#8211; izklaid\u0113ties. Nav svar\u012bgi, kur\u0101 pasaules mal\u0101 atrodaties &#8211; tikl\u012bdz jums ir interneta piesl\u0113gums, j\u016bs varat piedal\u012bties lab\u0101kaj\u0101s starptautiskaj\u0101s loterij\u0101s.<\/p>\n<p>Ar jackpotlotlotteryonline.com jums ir vair\u0101kas iesp\u0113jas. J\u016bs varat sp\u0113l\u0113t vienu vai vair\u0101kas loterijas, piedal\u012bties vien\u0101 vai vair\u0101k\u0101s izloz\u0113s un pat izveidot abonementu, lai j\u016bsu ieraksti notiktu autopilota re\u017e\u012bm\u0101. K\u0101p\u0113c neapmekl\u0113t m\u016bs \u0161odien, lai ieg\u0101d\u0101tos Thunderball bi\u013cetes \u0101rpus Apvienot\u0101s Karalistes?<\/p>\n","protected":false},"excerpt":{"rendered":"<p>Apvienotaj\u0101 Karalist\u0113 sp\u0113l\u0113t\u0101jiem netr\u016bkst loteriju, kur\u0101s sp\u0113l\u0113t. S\u0101kot ar loto sp\u0113l\u0113m un beidzot ar rentes sp\u0113l\u0113m &#8211; ikvienam ir kaut kas piem\u0113rots, turkl\u0101t gandr\u012bz katru dienu. Ta\u010du viena no sp\u0113l\u0113t\u0101ju iecien\u012bt\u0101kaj\u0101m sp\u0113l\u0113m ir Thunderball. T\u0101 ir interesanta, jo \u0161\u012b ir loterija, kas nepied\u0101v\u0101 miljoniem m\u0101rci\u0146u v\u0113rtu d\u017eekpotu. Paties\u012bb\u0101 m\u0113s varam garant\u0113t, ka pat tad, ja [&hellip;]<\/p>\n","protected":false},"author":1,"featured_media":0,"parent":35766,"menu_order":12,"comment_status":"closed","ping_status":"closed","template":"thunderball-info.php","meta":{"_et_pb_use_builder":"","_et_pb_old_content":"","_et_gb_content_width":"","exclude_from_search":false,"footnotes":""},"class_list":["post-37109","page","type-page","status-publish","hentry"],"yoast_head":"<!-- This site is optimized with the Yoast SEO plugin v23.3 - https:\/\/yoast.com\/wordpress\/plugins\/seo\/ -->\n<title>Nopirkt Thunderball bi\u013cetes \u0101rpus Apvienot\u0101s Karalistes | Thunderball loterija tie\u0161saist\u0113<\/title>\n<meta name=\"description\" content=\"Ieg\u0101d\u0101jieties Thunderball bi\u013ceti \u0101rpus Apvienot\u0101s Karalistes, ieg\u0101d\u0101joties to tie\u0161saist\u0113 \u0161eit! Ieg\u0101d\u0101jieties sken\u0113tu Thunderball bi\u013ceti, izmantojot m\u016bsu juridisko pakalpojumu\" \/>\n<meta name=\"robots\" content=\"index, follow, max-snippet:-1, max-image-preview:large, max-video-preview:-1\" \/>\n<link rel=\"canonical\" href=\"https:\/\/jackpotlotteryonline.com\/lv\/iegadaties-biletes\/thunderball\/\" \/>\n<meta property=\"og:locale\" content=\"lv_LV\" \/>\n<meta property=\"og:type\" content=\"article\" \/>\n<meta property=\"og:title\" content=\"Nopirkt Thunderball bi\u013cetes \u0101rpus Apvienot\u0101s Karalistes | Thunderball loterija tie\u0161saist\u0113\" \/>\n<meta property=\"og:description\" content=\"Ieg\u0101d\u0101jieties Thunderball bi\u013ceti \u0101rpus Apvienot\u0101s Karalistes, ieg\u0101d\u0101joties to tie\u0161saist\u0113 \u0161eit! Ieg\u0101d\u0101jieties sken\u0113tu Thunderball bi\u013ceti, izmantojot m\u016bsu juridisko pakalpojumu\" \/>\n<meta property=\"og:url\" content=\"https:\/\/jackpotlotteryonline.com\/lv\/iegadaties-biletes\/thunderball\/\" \/>\n<meta property=\"og:site_name\" content=\"Lotto Online - Crack The International Lottery Jackpots\" \/>\n<meta property=\"article:modified_time\" content=\"2023-01-04T08:47:42+00:00\" \/>\n<meta property=\"og:image\" content=\"https:\/\/jackpotlotteryonline.com\/wp-content\/uploads\/2022\/11\/1_you_win_jackpot-300x300.jpg\" \/>\n<meta name=\"twitter:card\" content=\"summary_large_image\" \/>\n<meta name=\"twitter:label1\" content=\"Est. reading time\" \/>\n\t<meta name=\"twitter:data1\" content=\"5 minutes\" \/>\n<!-- \/ Yoast SEO plugin. -->","yoast_head_json":{"title":"Nopirkt Thunderball bi\u013cetes \u0101rpus Apvienot\u0101s Karalistes | Thunderball loterija tie\u0161saist\u0113","description":"Ieg\u0101d\u0101jieties Thunderball bi\u013ceti \u0101rpus Apvienot\u0101s Karalistes, ieg\u0101d\u0101joties to tie\u0161saist\u0113 \u0161eit! Ieg\u0101d\u0101jieties sken\u0113tu Thunderball bi\u013ceti, izmantojot m\u016bsu juridisko pakalpojumu","robots":{"index":"index","follow":"follow","max-snippet":"max-snippet:-1","max-image-preview":"max-image-preview:large","max-video-preview":"max-video-preview:-1"},"canonical":"https:\/\/jackpotlotteryonline.com\/lv\/iegadaties-biletes\/thunderball\/","og_locale":"lv_LV","og_type":"article","og_title":"Nopirkt Thunderball bi\u013cetes \u0101rpus Apvienot\u0101s Karalistes | Thunderball loterija tie\u0161saist\u0113","og_description":"Ieg\u0101d\u0101jieties Thunderball bi\u013ceti \u0101rpus Apvienot\u0101s Karalistes, ieg\u0101d\u0101joties to tie\u0161saist\u0113 \u0161eit! Ieg\u0101d\u0101jieties sken\u0113tu Thunderball bi\u013ceti, izmantojot m\u016bsu juridisko pakalpojumu","og_url":"https:\/\/jackpotlotteryonline.com\/lv\/iegadaties-biletes\/thunderball\/","og_site_name":"Lotto Online - Crack The International Lottery Jackpots","article_modified_time":"2023-01-04T08:47:42+00:00","og_image":[{"url":"https:\/\/jackpotlotteryonline.com\/wp-content\/uploads\/2022\/11\/1_you_win_jackpot-300x300.jpg"}],"twitter_card":"summary_large_image","twitter_misc":{"Est. reading time":"5 minutes"},"schema":{"@context":"https:\/\/schema.org","@graph":[{"@type":"WebPage","@id":"https:\/\/jackpotlotteryonline.com\/lv\/iegadaties-biletes\/thunderball\/","url":"https:\/\/jackpotlotteryonline.com\/lv\/iegadaties-biletes\/thunderball\/","name":"Nopirkt Thunderball bi\u013cetes \u0101rpus Apvienot\u0101s Karalistes | Thunderball loterija tie\u0161saist\u0113","isPartOf":{"@id":"https:\/\/jackpotlotteryonline.com\/#website"},"primaryImageOfPage":{"@id":"https:\/\/jackpotlotteryonline.com\/lv\/iegadaties-biletes\/thunderball\/#primaryimage"},"image":{"@id":"https:\/\/jackpotlotteryonline.com\/lv\/iegadaties-biletes\/thunderball\/#primaryimage"},"thumbnailUrl":"https:\/\/jackpotlotteryonline.com\/wp-content\/uploads\/2022\/11\/1_you_win_jackpot-300x300.jpg","datePublished":"2022-11-10T09:20:40+00:00","dateModified":"2023-01-04T08:47:42+00:00","description":"Ieg\u0101d\u0101jieties Thunderball bi\u013ceti \u0101rpus Apvienot\u0101s Karalistes, ieg\u0101d\u0101joties to tie\u0161saist\u0113 \u0161eit! Ieg\u0101d\u0101jieties sken\u0113tu Thunderball bi\u013ceti, izmantojot m\u016bsu juridisko pakalpojumu","breadcrumb":{"@id":"https:\/\/jackpotlotteryonline.com\/lv\/iegadaties-biletes\/thunderball\/#breadcrumb"},"inLanguage":"lv-LV","potentialAction":[{"@type":"ReadAction","target":["https:\/\/jackpotlotteryonline.com\/lv\/iegadaties-biletes\/thunderball\/"]}]},{"@type":"ImageObject","inLanguage":"lv-LV","@id":"https:\/\/jackpotlotteryonline.com\/lv\/iegadaties-biletes\/thunderball\/#primaryimage","url":"https:\/\/jackpotlotteryonline.com\/wp-content\/uploads\/2022\/11\/1_you_win_jackpot-300x300.jpg","contentUrl":"https:\/\/jackpotlotteryonline.com\/wp-content\/uploads\/2022\/11\/1_you_win_jackpot-300x300.jpg"},{"@type":"BreadcrumbList","@id":"https:\/\/jackpotlotteryonline.com\/lv\/iegadaties-biletes\/thunderball\/#breadcrumb","itemListElement":[{"@type":"ListItem","position":1,"name":"Home","item":"https:\/\/jackpotlotteryonline.com\/lv\/"},{"@type":"ListItem","position":2,"name":"K\u0101 nopirkt loterijas bi\u013cetes tie\u0161saist\u0113","item":"https:\/\/jackpotlotteryonline.com\/lv\/iegadaties-biletes\/"},{"@type":"ListItem","position":3,"name":"Nopirkt Thunderball bi\u013cetes"}]},{"@type":"WebSite","@id":"https:\/\/jackpotlotteryonline.com\/#website","url":"https:\/\/jackpotlotteryonline.com\/","name":"Lotto Online - Crack The International Lottery Jackpots","description":"","potentialAction":[{"@type":"SearchAction","target":{"@type":"EntryPoint","urlTemplate":"https:\/\/jackpotlotteryonline.com\/?s={search_term_string}"},"query-input":"required name=search_term_string"}],"inLanguage":"lv-LV"}]}},"_links":{"self":[{"href":"https:\/\/jackpotlotteryonline.com\/lv\/wp-json\/wp\/v2\/pages\/37109","targetHints":{"allow":["GET"]}}],"collection":[{"href":"https:\/\/jackpotlotteryonline.com\/lv\/wp-json\/wp\/v2\/pages"}],"about":[{"href":"https:\/\/jackpotlotteryonline.com\/lv\/wp-json\/wp\/v2\/types\/page"}],"author":[{"embeddable":true,"href":"https:\/\/jackpotlotteryonline.com\/lv\/wp-json\/wp\/v2\/users\/1"}],"replies":[{"embeddable":true,"href":"https:\/\/jackpotlotteryonline.com\/lv\/wp-json\/wp\/v2\/comments?post=37109"}],"version-history":[{"count":0,"href":"https:\/\/jackpotlotteryonline.com\/lv\/wp-json\/wp\/v2\/pages\/37109\/revisions"}],"up":[{"embeddable":true,"href":"https:\/\/jackpotlotteryonline.com\/lv\/wp-json\/wp\/v2\/pages\/35766"}],"wp:attachment":[{"href":"https:\/\/jackpotlotteryonline.com\/lv\/wp-json\/wp\/v2\/media?parent=37109"}],"curies":[{"name":"wp","href":"https:\/\/api.w.org\/{rel}","templated":true}]}}