{"id":37164,"date":"2022-11-10T12:25:33","date_gmt":"2022-11-10T12:25:33","guid":{"rendered":"https:\/\/jackpotlotteryonline.com\/?page_id=37164"},"modified":"2022-12-24T15:24:17","modified_gmt":"2022-12-24T15:24:17","slug":"powerball-australia","status":"publish","type":"page","link":"https:\/\/jackpotlotteryonline.com\/lv\/iegadaties-biletes\/powerball-australia\/","title":{"rendered":"Nopirkt Powerball Australia bi\u013cetes"},"content":{"rendered":"<p>Dom\u0101jot par \u0161o loteriju, vispirms pr\u0101t\u0101 n\u0101k ASV loterija, nevis Austr\u0101lijas versija. \u0160o p\u0101rsteidzo\u0161o loteriju ir iecien\u012bju\u0161i Aussie lotto entuziasti. Powerball Australia strauji k\u013c\u016bst par vienu no popul\u0101r\u0101kaj\u0101m starptautiskaj\u0101m loterij\u0101m, jo sp\u0113lma\u0146i vis\u0101 pasaul\u0113 atz\u012bst t\u0101s potenci\u0101lu.<\/p>\n<p>Garant\u0113tais minim\u0101lais d\u017eekpots ir 3 miljoni ASV dol\u0101ru, un, ja p\u0113c izlozes nav uzvar\u0113t\u0101ja, \u0161\u012b summa tiek p\u0101rskait\u012bta. T\u0101 var p\u0101rkr\u012bt vair\u0101kas reizes, l\u012bdz k\u013c\u016bst diezgan liela. Rekordliel\u0101 d\u017eekpota summa 160 miljonu ASV dol\u0101ru apm\u0113r\u0101 tika laim\u0113ta 2022. gada oktobr\u012b ar vienu bi\u013ceti.<\/p>\n<p>Ja v\u0113laties papla\u0161in\u0101t savu k\u0101 loterijas sp\u0113l\u0113t\u0101ja redzesloku, tad jums vajadz\u0113tu apsv\u0113rt Powerball Australia. T\u0101 ir jautra, garast\u0101vok\u013ca pilna un sniedz sp\u0113l\u0113t\u0101jiem iesp\u0113ju laim\u0113t lielas summas bez trakaj\u0101m izredz\u0113m, k\u0101das ir ASV versijai. Turkl\u0101t nav noz\u012bmes, kur j\u016bs dz\u012bvojat, jo j\u016bs varat <a href=\"https:\/\/jackpotlotteryonline.com\/lv\/ka-spelet\/powerball-australia\">sp\u0113l\u0113t tie\u0161saist\u0113 vietn\u0113 jackpotlotlotteryonline.com.<\/a><\/p>\n<h2>K\u0101 darbojas Powerball Australia?<\/h2>\n<p><img loading=\"lazy\" decoding=\"async\" class=\"size-full wp-image-31181 alignright\" src=\"http:\/\/jackpotlotteryonline.com\/wp-content\/uploads\/2022\/11\/logo_powerball-300x50-1.jpg\" alt=\"Powerball Australia\" width=\"300\" height=\"50\" \/><\/p>\n<p>\u0160aj\u0101 loterij\u0101 ir bumbi\u0146as ar diviem skait\u013cu komplektiem div\u0101s da\u017e\u0101d\u0101s muc\u0101s. No katras mucas bumbi\u0146as tiek izloz\u0113tas p\u0113c nejau\u0161\u012bbas principa, un jebkur\u0161 ieraksts, kas atbilst izloz\u0113tajiem skait\u013ciem, vinn\u0113. Pirmaj\u0101 muc\u0101 ir 35 bumbi\u0146as, un sp\u0113l\u0113t\u0101jiem ir j\u0101izv\u0113las 7 skait\u013ci \u0161aj\u0101 diapazon\u0101. Otraj\u0101 muc\u0101 ir 20 skait\u013ci, un sp\u0113l\u0113t\u0101ji izv\u0113las VIENU skaitli \u0161aj\u0101 diapazon\u0101.<\/p>\n<p>Ieraksta l\u012bnij\u0101 ir 8 skait\u013ci, un bi\u013cetei var b\u016bt vair\u0101k nek\u0101 viena ieraksta l\u012bnija. Paties\u012bb\u0101 ieteicams ievad\u012bt vair\u0101kas rindas, lai palielin\u0101tu laimesta izredzes. Izredzes laim\u0113t d\u017eekpotu ir 1:1:134 490 400.<\/p>\n<p>J\u0101, izredzes ir diezgan augstas, bet t\u0101da ir loterijas darb\u012bba. T\u0101 ir skait\u013cu sp\u0113le, un daudz kas ir atkar\u012bgs no veiksmes. Neviens nevar pateikt, kad veiksme b\u016bs labv\u0113l\u012bga sp\u0113l\u0113t\u0101jam. Turkl\u0101t tas ir jautrs hobijs, ja vien j\u016bs pieturoties pie t\u0101, ko varat at\u013cauties.<\/p>\n<h2>Vai j\u016bs varat palielin\u0101t savas izredzes laim\u0113t?<\/h2>\n<p>Interesanti, ka j\u016bs varat palielin\u0101t savas izredzes laim\u0113t d\u017eekpotu. Nav garant\u0113tas metodes, lai gan liel\u0101k\u0101 da\u013ca uzvar\u0113t\u0101ju atz\u012bst, ka sp\u0113l\u0113ju\u0161i vair\u0101kas reizes, pirms kaut ko laim\u0113ju\u0161i. Tie\u0161i taj\u0101 sl\u0113pjas nosl\u0113pums.<\/p>\n<p>Cik mums zin\u0101ms, veids, k\u0101 izredzes laim\u0113t sav\u0101 lab\u0101, ir ieg\u0101d\u0101ties vair\u0101k ierakstu. Tas noz\u012bm\u0113 vair\u0101kas ierakstu l\u012bnijas un vair\u0101kas izlozes. Loterija izlozes notiek reizi ned\u0113\u013c\u0101 ceturtdien\u0101s. Ja bi\u013cetes ieg\u0101d\u0101jaties m\u016bsu vietn\u0113, j\u016bs varat piedal\u012bties izloz\u0113s vair\u0101kas ned\u0113\u013cas iepriek\u0161.<\/p>\n<p>V\u0113l viena iesp\u0113ja ir pievienoties loterijas sindik\u0101tam. Pievieno\u0161an\u0101s sindik\u0101tam ir t\u0101 priek\u0161roc\u012bba, ka ar savu naudu j\u016bs varat ieg\u016bt daudz vair\u0101k nek\u0101 tad, ja sp\u0113l\u0113jat viens pats. Protams, ja bi\u013cete vinn\u0113, katrs sindik\u0101ta dal\u012bbnieks dal\u0101s laimestu.<\/p>\n<section class=\"layout\" style=\"border: solid 1px; width: 100%;\">\n<div class=\"img-div\" style=\"margin-top: 5px;\"><img decoding=\"async\" class=\"wp-image-17212 alignleft\" style=\"height: 45px; margin: 8px 8px 0px;\" src=\"http:\/\/jackpotlotteryonline.com\/wp-content\/uploads\/2022\/11\/read1.jpg\" alt=\"las\u012bt\" width=\"\" height=\"\" \/><\/div>\n<div style=\"padding-left: 5px;\">\n<div style=\"font-size: 1.1em;\">\n<p><strong>Izv\u0113l\u0113ties laim\u012bgos loto numurus manu\u0101li vai izmantojot RNG<\/strong><\/p>\n<p style=\"font-size: 0.85em; margin-top: -1.5em;\">K\u0101 \u0123ener\u0113t laim\u012bgos loto numurus?\u00a0<a href=\"https:\/\/jackpotlotteryonline.com\/lv\/ka-generet-uzvaretaju-loto-numurus\"> las\u012bt vair\u0101k<\/a><\/p>\n<\/div>\n<\/div>\n<\/section>\n<h2>K\u0101 sp\u0113l\u0113t Aussie loteriju tie\u0161saist\u0113<\/h2>\n<p><img loading=\"lazy\" decoding=\"async\" class=\"alignright size-medium wp-image-34538\" src=\"http:\/\/jackpotlotteryonline.com\/wp-content\/uploads\/2022\/11\/2_ticket_powerball_au-157x300.jpg\" alt=\"Austr\u0101lijas loterijas bi\u013cete\" width=\"157\" height=\"300\" srcset=\"https:\/\/jackpotlotteryonline.com\/wp-content\/uploads\/2022\/11\/2_ticket_powerball_au-157x300.jpg 157w, https:\/\/jackpotlotteryonline.com\/wp-content\/uploads\/2022\/11\/2_ticket_powerball_au.jpg 250w\" sizes=\"auto, (max-width: 157px) 100vw, 157px\" \/><\/p>\n<p>Sp\u0113l\u0113t loteriju tie\u0161saist\u0113 ir vienk\u0101r\u0161i, un to varat dar\u012bt neatkar\u012bgi no atra\u0161an\u0101s vietas. Apmekl\u0113jot m\u016bs vietn\u0113 jackpotlotteryonline.com, j\u016bs varat viegli ieg\u0101d\u0101ties ierakstus uz lab\u0101kaj\u0101m starptautiskaj\u0101m loterij\u0101m, tostarp Aussie loterij\u0101m. Lai ieg\u0101d\u0101tos savus ierakstus, vienk\u0101r\u0161i izv\u0113lieties skait\u013cus un piedalieties izloz\u0113. Ja neesat p\u0101rliecin\u0101ts, k\u0101dus skait\u013cus izmantot, izmantojiet m\u016bsu \u0101tro izv\u0113les r\u012bku, lai \u0123ener\u0113tu nejau\u0161us skait\u013cus.<\/p>\n<p>Kad nok\u013c\u016bsiet maks\u0101jumu lap\u0101, m\u0113s l\u016bgsim j\u016bs re\u0123istr\u0113ties. Tas tiek dar\u012bts, lai j\u016bsu kv\u012bts paliktu dro\u0161\u012bb\u0101 j\u016bsu kont\u0101. J\u016bs varat ar\u012b iestat\u012bt loterijas sp\u0113les autopilota re\u017e\u012bm\u0101, lai j\u016bs autom\u0101tiski tiktu pieteikts J\u016bsu izv\u0113l\u0113tajiem izlozes numuriem. Ja laim\u0113siet balvu, m\u0113s j\u016bs par to nekav\u0113joties inform\u0113sim, un tad j\u016bs var\u0113siet iz\u0146emt balvu no m\u016bsu platformas.<\/p>\n<p>M\u0113s c\u012bt\u012bgi str\u0101d\u0101jam, lai vienk\u0101r\u0161otu jums loterijas pieredzi, lai j\u016bs var\u0113tu atp\u016bsties un koncentr\u0113ties uz labu laika pavad\u012b\u0161anu.<\/p>\n<h2>Balvu sadal\u012bjums<\/h2>\n<p>\u0160aj\u0101 Aussie loterij\u0101 ir 9 balvu noda\u013cas, un sp\u0113l\u0113t\u0101jiem nav j\u0101atbilst visiem 8 izloz\u0113tajiem skait\u013ciem, lai vinn\u0113tu balvu. Lai gan d\u017eekpota balva s\u0101kas no 3 miljoniem ASV dol\u0101ru, t\u0101 var tikt pie\u0161\u0137irta vair\u0101kas reizes, l\u012bdz k\u013c\u016bst par daudz liel\u0101ku balvu.<\/p>\n<p>\u0145emiet v\u0113r\u0101, ka d\u017eekpota lielums nav ierobe\u017eots, tom\u0113r tas var tikt p\u0101rlikts tikai 25 reizes, pirms tas atkal sasniedz 3 miljonus ASV dol\u0101ru.<\/p>\n<p>Zem\u0101ko kategoriju balvas ir procentu\u0101la da\u013ca no balvu fonda. Lai g\u016btu priek\u0161statu, dal\u012bsimies ar vid\u0113jo vinnestu summu. T\u0101 nav garant\u0113t\u0101 izmaksa katr\u0101 izloz\u0113, jo summas var at\u0161\u0137irties.<\/p>\n<p>7 galveno skait\u013cu un \u012bpa\u0161\u0101 skait\u013ca sakrit\u012bba &#8211; $23 043 155,47 (vid\u0113j\u0101 izmaksa)<br \/>\nTikai 7 skait\u013cu sakrit\u012bba &#8211; 126 484,05 $.<br \/>\n6 skait\u013cu un \u012bpa\u0161\u0101 skait\u013ca sakrit\u012bba &#8211; 5 326,97 $.<br \/>\nTikai 6 skait\u013cu sakrit\u012bba &#8211; 454,35 $.<br \/>\n5 skait\u013cu un \u012bpa\u0161\u0101 skait\u013ca sakrit\u012bba &#8211; 158,34 $.<br \/>\n4 skait\u013cu un \u012bpa\u0161\u0101 skait\u013ca sakrit\u012bba &#8211; $70,85<br \/>\nTikai 5 skait\u013cu sakrit\u012bba &#8211; $42,23<br \/>\n3 skait\u013cu un \u012bpa\u0161\u0101 skait\u013ca sakrit\u012bba &#8211; 17,57 $.<br \/>\n2 skait\u013ci + \u012bpa\u0161ais skaitlis &#8211; 10,71 $.<\/p>\n<h2>K\u0101 p\u0101rbaud\u012bt rezult\u0101tus<\/h2>\n<p>P\u0113c katras izlozes rezult\u0101ti tiek public\u0113ti m\u016bsu vietn\u0113. Izlozes notiek katru ceturtdienu plkst. 19:25 p\u0113c Austrumeiropas laika.<\/p>\n<p>M\u0113s saprotam, ka da\u017ek\u0101rt dz\u012bv\u0113 gad\u0101s da\u017e\u0101di notikumi un jums var neb\u016bt <a href=\"https:\/\/jackpotlotteryonline.com\/lv\/laimejusie-skaitli\/powerball-australia\">iesp\u0113jams uzreiz p\u0101rbaud\u012bt izlozes rezult\u0101tus<\/a>. T\u0101p\u0113c, ja vinn\u0113siet k\u0101du balvu, m\u0113s ne tikai br\u012bdin\u0101sim j\u016bs sav\u0101 kont\u0101, bet ar\u012b nos\u016bt\u012bsim jums e-pastu. T\u0101d\u0113j\u0101di jums neb\u016bs j\u0101palaid gar\u0101m iesp\u0113ja sa\u0146emt balvu.<\/p>\n<h2>Re\u0123istr\u0113jieties pie mums, lai ieg\u0101d\u0101tos Powerball Australia bi\u013cetes tie\u0161saist\u0113<\/h2>\n<p>Vai j\u016bs esat saj\u016bsm\u0101 par iesp\u0113ju sp\u0113l\u0113t \u0161o loteriju? M\u0113s ar\u012b, un m\u0113s esam priec\u012bgi, ka varam pied\u0101v\u0101t to jums tuv\u0101kaj\u0101 mobilaj\u0101 ier\u012bc\u0113. Tikl\u012bdz jums ir interneta piesl\u0113gums, varat ieg\u0101d\u0101ties Austr\u0101lijas loterijas ierakstu.<\/p>\n<p>Loterija ir jautra sp\u0113le, un visur ir st\u0101sti par loterijas uzvar\u0113t\u0101jiem. J\u016bs var\u0113tu b\u016bt n\u0101kamais uzvar\u0113t\u0101js, bet j\u016bs to uzzin\u0101siet tikai tad, ja piedal\u012bsieties izloz\u0113s. M\u0113s esam vienk\u0101r\u0161oju\u0161i \u0161o procesu, lai jums tas b\u016btu bez stresa. Jums nav j\u0101atst\u0101j m\u016bsu lapa, lai veiktu ar loteriju saist\u012btos uzdevumus. Tas ir tik vienk\u0101r\u0161i.<\/p>\n<p>Neatkar\u012bgi no t\u0101, kur\u0101 pasaules mal\u0101 atrodaties, j\u016bs varat ieg\u0101d\u0101ties dal\u012bbu liel\u0101kaj\u0101 Austr\u0101lijas loterij\u0101 tie\u0161i \u0161eit, m\u016bsu vietn\u0113. Re\u0123istr\u0113jieties pie mums jau \u0161odien.<\/p>\n","protected":false},"excerpt":{"rendered":"<p>Dom\u0101jot par \u0161o loteriju, vispirms pr\u0101t\u0101 n\u0101k ASV loterija, nevis Austr\u0101lijas versija. \u0160o p\u0101rsteidzo\u0161o loteriju ir iecien\u012bju\u0161i Aussie lotto entuziasti. Powerball Australia strauji k\u013c\u016bst par vienu no popul\u0101r\u0101kaj\u0101m starptautiskaj\u0101m loterij\u0101m, jo sp\u0113lma\u0146i vis\u0101 pasaul\u0113 atz\u012bst t\u0101s potenci\u0101lu. Garant\u0113tais minim\u0101lais d\u017eekpots ir 3 miljoni ASV dol\u0101ru, un, ja p\u0113c izlozes nav uzvar\u0113t\u0101ja, \u0161\u012b summa tiek p\u0101rskait\u012bta. [&hellip;]<\/p>\n","protected":false},"author":1,"featured_media":0,"parent":35766,"menu_order":17,"comment_status":"closed","ping_status":"closed","template":"powerball-au-info.php","meta":{"_et_pb_use_builder":"","_et_pb_old_content":"","_et_gb_content_width":"","exclude_from_search":false,"footnotes":""},"class_list":["post-37164","page","type-page","status-publish","hentry"],"yoast_head":"<!-- This site is optimized with the Yoast SEO plugin v23.3 - https:\/\/yoast.com\/wordpress\/plugins\/seo\/ -->\n<title>Nopirkt Powerball Australia bi\u013cetes no \u0101rpus Austr\u0101lijas<\/title>\n<meta name=\"description\" content=\"Powerball loterijas Austr\u0101lijas versija - j\u016bs varat piedal\u012bties, ja vienk\u0101r\u0161i ieg\u0101d\u0101jaties bi\u013ceti tie\u0161saist\u0113 tie\u0161i \u0161eit, m\u016bsu t\u012bmek\u013ca vietn\u0113.\" \/>\n<meta name=\"robots\" content=\"index, follow, max-snippet:-1, max-image-preview:large, max-video-preview:-1\" \/>\n<link rel=\"canonical\" href=\"https:\/\/jackpotlotteryonline.com\/lv\/iegadaties-biletes\/powerball-australia\/\" \/>\n<meta property=\"og:locale\" content=\"lv_LV\" \/>\n<meta property=\"og:type\" content=\"article\" \/>\n<meta property=\"og:title\" content=\"Nopirkt Powerball Australia bi\u013cetes no \u0101rpus Austr\u0101lijas\" \/>\n<meta property=\"og:description\" content=\"Powerball loterijas Austr\u0101lijas versija - j\u016bs varat piedal\u012bties, ja vienk\u0101r\u0161i ieg\u0101d\u0101jaties bi\u013ceti tie\u0161saist\u0113 tie\u0161i \u0161eit, m\u016bsu t\u012bmek\u013ca vietn\u0113.\" \/>\n<meta property=\"og:url\" content=\"https:\/\/jackpotlotteryonline.com\/lv\/iegadaties-biletes\/powerball-australia\/\" \/>\n<meta property=\"og:site_name\" content=\"Lotto Online - Crack The International Lottery Jackpots\" \/>\n<meta property=\"article:modified_time\" content=\"2022-12-24T15:24:17+00:00\" \/>\n<meta property=\"og:image\" content=\"http:\/\/jackpotlotteryonline.com\/wp-content\/uploads\/2022\/11\/logo_powerball-300x50-1.jpg\" \/>\n<meta name=\"twitter:card\" content=\"summary_large_image\" \/>\n<meta name=\"twitter:label1\" content=\"Est. reading time\" \/>\n\t<meta name=\"twitter:data1\" content=\"5 minutes\" \/>\n<!-- \/ Yoast SEO plugin. -->","yoast_head_json":{"title":"Nopirkt Powerball Australia bi\u013cetes no \u0101rpus Austr\u0101lijas","description":"Powerball loterijas Austr\u0101lijas versija - j\u016bs varat piedal\u012bties, ja vienk\u0101r\u0161i ieg\u0101d\u0101jaties bi\u013ceti tie\u0161saist\u0113 tie\u0161i \u0161eit, m\u016bsu t\u012bmek\u013ca vietn\u0113.","robots":{"index":"index","follow":"follow","max-snippet":"max-snippet:-1","max-image-preview":"max-image-preview:large","max-video-preview":"max-video-preview:-1"},"canonical":"https:\/\/jackpotlotteryonline.com\/lv\/iegadaties-biletes\/powerball-australia\/","og_locale":"lv_LV","og_type":"article","og_title":"Nopirkt Powerball Australia bi\u013cetes no \u0101rpus Austr\u0101lijas","og_description":"Powerball loterijas Austr\u0101lijas versija - j\u016bs varat piedal\u012bties, ja vienk\u0101r\u0161i ieg\u0101d\u0101jaties bi\u013ceti tie\u0161saist\u0113 tie\u0161i \u0161eit, m\u016bsu t\u012bmek\u013ca vietn\u0113.","og_url":"https:\/\/jackpotlotteryonline.com\/lv\/iegadaties-biletes\/powerball-australia\/","og_site_name":"Lotto Online - Crack The International Lottery Jackpots","article_modified_time":"2022-12-24T15:24:17+00:00","og_image":[{"url":"http:\/\/jackpotlotteryonline.com\/wp-content\/uploads\/2022\/11\/logo_powerball-300x50-1.jpg"}],"twitter_card":"summary_large_image","twitter_misc":{"Est. reading time":"5 minutes"},"schema":{"@context":"https:\/\/schema.org","@graph":[{"@type":"WebPage","@id":"https:\/\/jackpotlotteryonline.com\/lv\/iegadaties-biletes\/powerball-australia\/","url":"https:\/\/jackpotlotteryonline.com\/lv\/iegadaties-biletes\/powerball-australia\/","name":"Nopirkt Powerball Australia bi\u013cetes no \u0101rpus Austr\u0101lijas","isPartOf":{"@id":"https:\/\/jackpotlotteryonline.com\/#website"},"primaryImageOfPage":{"@id":"https:\/\/jackpotlotteryonline.com\/lv\/iegadaties-biletes\/powerball-australia\/#primaryimage"},"image":{"@id":"https:\/\/jackpotlotteryonline.com\/lv\/iegadaties-biletes\/powerball-australia\/#primaryimage"},"thumbnailUrl":"http:\/\/jackpotlotteryonline.com\/wp-content\/uploads\/2022\/11\/logo_powerball-300x50-1.jpg","datePublished":"2022-11-10T12:25:33+00:00","dateModified":"2022-12-24T15:24:17+00:00","description":"Powerball loterijas Austr\u0101lijas versija - j\u016bs varat piedal\u012bties, ja vienk\u0101r\u0161i ieg\u0101d\u0101jaties bi\u013ceti tie\u0161saist\u0113 tie\u0161i \u0161eit, m\u016bsu t\u012bmek\u013ca vietn\u0113.","breadcrumb":{"@id":"https:\/\/jackpotlotteryonline.com\/lv\/iegadaties-biletes\/powerball-australia\/#breadcrumb"},"inLanguage":"lv-LV","potentialAction":[{"@type":"ReadAction","target":["https:\/\/jackpotlotteryonline.com\/lv\/iegadaties-biletes\/powerball-australia\/"]}]},{"@type":"ImageObject","inLanguage":"lv-LV","@id":"https:\/\/jackpotlotteryonline.com\/lv\/iegadaties-biletes\/powerball-australia\/#primaryimage","url":"http:\/\/jackpotlotteryonline.com\/wp-content\/uploads\/2022\/11\/logo_powerball-300x50-1.jpg","contentUrl":"http:\/\/jackpotlotteryonline.com\/wp-content\/uploads\/2022\/11\/logo_powerball-300x50-1.jpg"},{"@type":"BreadcrumbList","@id":"https:\/\/jackpotlotteryonline.com\/lv\/iegadaties-biletes\/powerball-australia\/#breadcrumb","itemListElement":[{"@type":"ListItem","position":1,"name":"Home","item":"https:\/\/jackpotlotteryonline.com\/lv\/"},{"@type":"ListItem","position":2,"name":"K\u0101 nopirkt loterijas bi\u013cetes tie\u0161saist\u0113","item":"https:\/\/jackpotlotteryonline.com\/lv\/iegadaties-biletes\/"},{"@type":"ListItem","position":3,"name":"Nopirkt Powerball Australia bi\u013cetes"}]},{"@type":"WebSite","@id":"https:\/\/jackpotlotteryonline.com\/#website","url":"https:\/\/jackpotlotteryonline.com\/","name":"Lotto Online - Crack The International Lottery Jackpots","description":"","potentialAction":[{"@type":"SearchAction","target":{"@type":"EntryPoint","urlTemplate":"https:\/\/jackpotlotteryonline.com\/?s={search_term_string}"},"query-input":"required name=search_term_string"}],"inLanguage":"lv-LV"}]}},"_links":{"self":[{"href":"https:\/\/jackpotlotteryonline.com\/lv\/wp-json\/wp\/v2\/pages\/37164","targetHints":{"allow":["GET"]}}],"collection":[{"href":"https:\/\/jackpotlotteryonline.com\/lv\/wp-json\/wp\/v2\/pages"}],"about":[{"href":"https:\/\/jackpotlotteryonline.com\/lv\/wp-json\/wp\/v2\/types\/page"}],"author":[{"embeddable":true,"href":"https:\/\/jackpotlotteryonline.com\/lv\/wp-json\/wp\/v2\/users\/1"}],"replies":[{"embeddable":true,"href":"https:\/\/jackpotlotteryonline.com\/lv\/wp-json\/wp\/v2\/comments?post=37164"}],"version-history":[{"count":0,"href":"https:\/\/jackpotlotteryonline.com\/lv\/wp-json\/wp\/v2\/pages\/37164\/revisions"}],"up":[{"embeddable":true,"href":"https:\/\/jackpotlotteryonline.com\/lv\/wp-json\/wp\/v2\/pages\/35766"}],"wp:attachment":[{"href":"https:\/\/jackpotlotteryonline.com\/lv\/wp-json\/wp\/v2\/media?parent=37164"}],"curies":[{"name":"wp","href":"https:\/\/api.w.org\/{rel}","templated":true}]}}