{"id":37219,"date":"2022-11-11T06:34:46","date_gmt":"2022-11-11T06:34:46","guid":{"rendered":"https:\/\/jackpotlotteryonline.com\/?page_id=37219"},"modified":"2022-12-24T10:36:59","modified_gmt":"2022-12-24T10:36:59","slug":"oz-lotto","status":"publish","type":"page","link":"https:\/\/jackpotlotteryonline.com\/lv\/iegadaties-biletes\/oz-lotto\/","title":{"rendered":"Nopirkt Oz Lotto bi\u013cetes"},"content":{"rendered":"<p>Oz Lotto ir pirm\u0101 Austr\u0101lijas nacion\u0101l\u0101 loterija. T\u0101 tika uzs\u0101kta 1994. gad\u0101 un ir k\u013cuvusi popul\u0101ra starp sp\u0113lma\u0146iem vis\u0101 pasaul\u0113 d\u0101sn\u0101 d\u017eekpota balvu fonda d\u0113\u013c. Sp\u0113l\u0113t\u0101jus piesaista ne tikai lielais d\u017eekpots.<\/p>\n<p>Da\u017e\u0101d\u0101m loterij\u0101m ir savi noteikumi un metodes, ta\u010du kop\u012bgs ir tas, ka izredzes ne vienm\u0113r ir labv\u0113l\u012bgas. Tom\u0113r tas neattiecas uz \u0161o Austr\u0101lijas loteriju. Ja j\u016bs mekl\u0113jat loteriju ar neticam\u0101m izredz\u0113m, tad sp\u0113l\u0113iet \u0161o Ozas loteriju.<\/p>\n<p>Parasti loterij\u0101s var piedal\u012bties to valstu iedz\u012bvot\u0101ji, kur\u0101s atrodas attiec\u012bg\u0101 loterija. T\u0101d\u0113j\u0101di \u0161aj\u0101 loterij\u0101 var piedal\u012bties Austr\u0101lijas iedz\u012bvot\u0101ji. Lai piedal\u012btos loterij\u0101, jums nav j\u0101b\u016bt t\u0101s pilsonim. Tom\u0113r, ja dz\u012bvojat \u0101rpus valsts, jums b\u016bs j\u0101p\u0113rk loterijas bi\u013cetes tie\u0161saist\u0113.<\/p>\n<h2>K\u0101 ieg\u0101d\u0101ties Oz Lotto bi\u013cetes vis\u0101 pasaul\u0113<\/h2>\n<p><img loading=\"lazy\" decoding=\"async\" class=\"alignright size-full wp-image-31532\" src=\"https:\/\/jackpotlotteryonline.com\/wp-content\/uploads\/2022\/11\/lottoballs.jpg\" alt=\"Oz loterija\" width=\"245\" height=\"123\" \/><\/p>\n<p>Vis\u0113rt\u0101kais un vienk\u0101r\u0161\u0101kais veids, k\u0101 piek\u013c\u016bt Oz loterijai \u0101rpus Austr\u0101lijas, ir internet\u0101. Ir tie\u0161saistes loteriju p\u0101rdev\u0113ji, kas sp\u0113l\u0113t\u0101jiem nodro\u0161ina piek\u013cuvi lab\u0101kaj\u0101m starptautiskaj\u0101m loterij\u0101m. \u0160\u012bs vietnes nodro\u0161ina likum\u012bgu veidu, k\u0101 sp\u0113l\u0113t\u0101ji vis\u0101 pasaul\u0113 var izm\u0113\u0123in\u0101t savus sp\u0113kus, lai laim\u0113tu miljonus.<\/p>\n<p>Internets pied\u0101v\u0101 gandr\u012bz bezgal\u012bgu iesp\u0113ju pasauli, un ne visas t\u0101s ir pozit\u012bvas. Jebkuras nejau\u0161as loterijas vietnes mekl\u0113\u0161ana var rad\u012bt nepat\u012bkamu pieredzi. T\u0101p\u0113c vienm\u0113r ir ieteicams mekl\u0113t uzticamas vietnes, kas ir guvu\u0161as labu pieredzi ar sp\u0113lma\u0146iem. Zem\u0101k m\u0113s dal\u0101mies ar padomiem, kas pal\u012bdz\u0113s jums izv\u0113l\u0113ties pareizo loterijas p\u0101rdev\u0113ju internet\u0101.<\/p>\n<h2>Padomi, k\u0101 izmantot pareizo loterijas vietni<\/h2>\n<p>Izmantojiet tikai tos p\u0101rdev\u0113jus, kas ir re\u0123istr\u0113ti saska\u0146\u0101 ar likumu. Likum\u012bgam loterijas p\u0101rdev\u0113jam ir darb\u012bbas licence un re\u0123istr\u0113ts birojs. \u0160iem datiem j\u0101b\u016bt nor\u0101d\u012btiem t\u012bmek\u013ca vietn\u0113, lai nodro\u0161in\u0101tu autentiskumu.<\/p>\n<p>P\u0101rliecinieties, ka vi\u0146iem ir pla\u0161s starptautisko loteriju kl\u0101sts. Nav j\u0113gas re\u0123istr\u0113ties vietn\u0113, kur\u0101 ir tikai da\u017eas loterijas. Galven\u0101 <a href=\"https:\/\/jackpotlotteryonline.com\/lv\/ka-spelet\/oz-lotto\">loterijas sp\u0113l\u0113\u0161anas internet\u0101<\/a> b\u016bt\u012bba ir pieejam\u012bba un \u0113rt\u012bbas. Kas ir \u0113rt\u0101k par iesp\u0113ju piedal\u012bties vair\u0101k\u0101s starptautisk\u0101s loterij\u0101s no vienas vietas tie\u0161saist\u0113?<\/p>\n<p>Ja v\u0113laties piedal\u012bties loterij\u0101, izmantojiet vietni, kas pied\u0101v\u0101 pakalpojumus. \u0160is p\u0113d\u0113jais padoms ir \u013coti svar\u012bgs, jo j\u016bs varat \u0161\u0137irties no savas naudas, faktiski neiesaistoties loterij\u0101. Tas ir t\u0101p\u0113c, ka da\u017eas loteriju vietnes \u013cauj sp\u0113l\u0113t\u0101jiem likt likmes uz rezult\u0101tu. T\u0101tad, pat ja j\u016bsu skait\u013ci sakr\u012bt, jums pien\u0101kas tikai da\u013ca no laimesta, jo j\u016bs loterij\u0101 neesat piedal\u012bjies.<\/p>\n<section class=\"layout\" style=\"border: solid 1px; width: 100%;\">\n<div class=\"img-div\" style=\"margin-top: 5px;\"><img decoding=\"async\" class=\"wp-image-17212 alignleft\" style=\"height: 45px; margin: 8px 8px 0px;\" src=\"https:\/\/jackpotlotteryonline.com\/wp-content\/uploads\/2022\/11\/read1.jpg\" alt=\"las\u012bt\" width=\"\" height=\"\" \/><\/div>\n<div style=\"padding-left: 5px;\">\n<div style=\"font-size: 1.1em;\">\n<p><strong>Loterijas kr\u0101p\u0161ana, par kuru jums b\u016btu j\u0101zina<\/strong><\/p>\n<p style=\"font-size: 0.85em; margin-top: -1.5em;\">Neiekr\u012btiet loterijas slazdos <a href=\"https:\/\/jackpotlotteryonline.com\/lv\/piesargaties-no-tiessaistes-loterijas-krapsanas\">\u00a0las\u012bt vair\u0101k<\/a><\/p>\n<\/div>\n<\/div>\n<\/section>\n<h2>Re\u0123istr\u0113jieties pie mums, lai piedal\u012btos loterij\u0101 tie\u0161saist\u0113<\/h2>\n<p><img loading=\"lazy\" decoding=\"async\" class=\"size-medium wp-image-34403 alignright\" src=\"https:\/\/jackpotlotteryonline.com\/wp-content\/uploads\/2022\/11\/2_ticket_oz_lotto2-179x300.jpg\" alt=\"Oz Lotto bi\u013cetes\" width=\"179\" height=\"300\" srcset=\"https:\/\/jackpotlotteryonline.com\/wp-content\/uploads\/2022\/11\/2_ticket_oz_lotto2-179x300.jpg 179w, https:\/\/jackpotlotteryonline.com\/wp-content\/uploads\/2022\/11\/2_ticket_oz_lotto2.jpg 250w\" sizes=\"auto, (max-width: 179px) 100vw, 179px\" \/><\/p>\n<p>Ieg\u0101d\u0101ties loterijas bi\u013cetes internet\u0101 vai izmantojot mobilo lietotni ir vienk\u0101r\u0161i un bez probl\u0113m\u0101m. Kad esat noskaidroju\u0161i p\u0101rdev\u0113ju, kuru v\u0113laties izmantot, apmekl\u0113jiet t\u0101 vietni un izv\u0113lieties v\u0113lamo loteriju. N\u0101kamais solis ir numuru izv\u0113le. Oz Lotto gad\u012bjum\u0101 jums b\u016bs j\u0101izv\u0113las desmit skait\u013ci no 1 l\u012bdz 47.<\/p>\n<p><a href=\"https:\/\/jackpotlotteryonline.com\/lv\/laimejusie-skaitli\/oz-lotto\">Ievadiet izlozi un veiciet maks\u0101jumu<\/a>. Izloze notiek reizi ned\u0113\u013c\u0101 otrdien. Interesanti ir tas, ka, sp\u0113l\u0113jot tie\u0161saist\u0113, j\u016bs varat ieg\u0101d\u0101ties vair\u0101kas bi\u013cetes un piedal\u012bties vair\u0101k\u0101s izloz\u0113s jau iepriek\u0161. Turkl\u0101t, ja neesat p\u0101rliecin\u0101ts, k\u0101du skaitli izv\u0113l\u0113ties, varat viegli izmantot autom\u0101tisko skait\u013cu atlases programmu.<\/p>\n<p>K\u0101 jau min\u0113j\u0101m, loterijas sp\u0113l\u0113\u0161ana internet\u0101 ir \u0113rts un bez stresa pat\u012bkams veids, k\u0101 g\u016bt pat\u012bkamu pieredzi. Neatkar\u012bgi no t\u0101, vai esat pieredz\u0113jis sp\u0113lmanis vai ies\u0101c\u0113js, tie\u0161i \u0161eit j\u016bs varat izbaud\u012bt br\u012bni\u0161\u0137\u012bgu ce\u013cojumu. M\u016bsu konsjer\u017eu pakalpojumi sniedz sp\u0113l\u0113t\u0101jiem likum\u012bgu veidu, k\u0101 piedal\u012bties loterij\u0101. Ieg\u0101d\u0101joties Ozas loterijas bi\u013ceti pie mums, j\u016bs sa\u0146emat \u012bstu pied\u0101v\u0101jumu.<\/p>\n","protected":false},"excerpt":{"rendered":"<p>Oz Lotto ir pirm\u0101 Austr\u0101lijas nacion\u0101l\u0101 loterija. T\u0101 tika uzs\u0101kta 1994. gad\u0101 un ir k\u013cuvusi popul\u0101ra starp sp\u0113lma\u0146iem vis\u0101 pasaul\u0113 d\u0101sn\u0101 d\u017eekpota balvu fonda d\u0113\u013c. Sp\u0113l\u0113t\u0101jus piesaista ne tikai lielais d\u017eekpots. Da\u017e\u0101d\u0101m loterij\u0101m ir savi noteikumi un metodes, ta\u010du kop\u012bgs ir tas, ka izredzes ne vienm\u0113r ir labv\u0113l\u012bgas. Tom\u0113r tas neattiecas uz \u0161o Austr\u0101lijas loteriju. [&hellip;]<\/p>\n","protected":false},"author":1,"featured_media":0,"parent":35766,"menu_order":16,"comment_status":"closed","ping_status":"closed","template":"","meta":{"_et_pb_use_builder":"","_et_pb_old_content":"","_et_gb_content_width":"","exclude_from_search":false,"footnotes":""},"class_list":["post-37219","page","type-page","status-publish","hentry"],"yoast_head":"<!-- This site is optimized with the Yoast SEO plugin v23.3 - https:\/\/yoast.com\/wordpress\/plugins\/seo\/ -->\n<title>Nopirkt Oz Lotto bi\u013cetes no \u0101rpus Austr\u0101lijas | Oz Lotto bi\u013cetes tie\u0161saist\u0113<\/title>\n<meta name=\"description\" content=\"OZ Lotto var sp\u0113l\u0113t, ja nedz\u012bvojat Austr\u0101lij\u0101, m\u0113s varam jums ieg\u016bt leg\u0101lu \u0161\u012bs Austr\u0101lijas loterijas bi\u013ceti tie\u0161saist\u0113.\" \/>\n<meta name=\"robots\" content=\"index, follow, max-snippet:-1, max-image-preview:large, max-video-preview:-1\" \/>\n<link rel=\"canonical\" href=\"https:\/\/jackpotlotteryonline.com\/lv\/iegadaties-biletes\/oz-lotto\/\" \/>\n<meta property=\"og:locale\" content=\"lv_LV\" \/>\n<meta property=\"og:type\" content=\"article\" \/>\n<meta property=\"og:title\" content=\"Nopirkt Oz Lotto bi\u013cetes no \u0101rpus Austr\u0101lijas | Oz Lotto bi\u013cetes tie\u0161saist\u0113\" \/>\n<meta property=\"og:description\" content=\"OZ Lotto var sp\u0113l\u0113t, ja nedz\u012bvojat Austr\u0101lij\u0101, m\u0113s varam jums ieg\u016bt leg\u0101lu \u0161\u012bs Austr\u0101lijas loterijas bi\u013ceti tie\u0161saist\u0113.\" \/>\n<meta property=\"og:url\" content=\"https:\/\/jackpotlotteryonline.com\/lv\/iegadaties-biletes\/oz-lotto\/\" \/>\n<meta property=\"og:site_name\" content=\"Lotto Online - Crack The International Lottery Jackpots\" \/>\n<meta property=\"article:modified_time\" content=\"2022-12-24T10:36:59+00:00\" \/>\n<meta property=\"og:image\" content=\"https:\/\/jackpotlotteryonline.com\/wp-content\/uploads\/2022\/11\/lottoballs.jpg\" \/>\n<meta name=\"twitter:card\" content=\"summary_large_image\" \/>\n<meta name=\"twitter:label1\" content=\"Est. reading time\" \/>\n\t<meta name=\"twitter:data1\" content=\"3 minutes\" \/>\n<!-- \/ Yoast SEO plugin. -->","yoast_head_json":{"title":"Nopirkt Oz Lotto bi\u013cetes no \u0101rpus Austr\u0101lijas | Oz Lotto bi\u013cetes tie\u0161saist\u0113","description":"OZ Lotto var sp\u0113l\u0113t, ja nedz\u012bvojat Austr\u0101lij\u0101, m\u0113s varam jums ieg\u016bt leg\u0101lu \u0161\u012bs Austr\u0101lijas loterijas bi\u013ceti tie\u0161saist\u0113.","robots":{"index":"index","follow":"follow","max-snippet":"max-snippet:-1","max-image-preview":"max-image-preview:large","max-video-preview":"max-video-preview:-1"},"canonical":"https:\/\/jackpotlotteryonline.com\/lv\/iegadaties-biletes\/oz-lotto\/","og_locale":"lv_LV","og_type":"article","og_title":"Nopirkt Oz Lotto bi\u013cetes no \u0101rpus Austr\u0101lijas | Oz Lotto bi\u013cetes tie\u0161saist\u0113","og_description":"OZ Lotto var sp\u0113l\u0113t, ja nedz\u012bvojat Austr\u0101lij\u0101, m\u0113s varam jums ieg\u016bt leg\u0101lu \u0161\u012bs Austr\u0101lijas loterijas bi\u013ceti tie\u0161saist\u0113.","og_url":"https:\/\/jackpotlotteryonline.com\/lv\/iegadaties-biletes\/oz-lotto\/","og_site_name":"Lotto Online - Crack The International Lottery Jackpots","article_modified_time":"2022-12-24T10:36:59+00:00","og_image":[{"url":"https:\/\/jackpotlotteryonline.com\/wp-content\/uploads\/2022\/11\/lottoballs.jpg"}],"twitter_card":"summary_large_image","twitter_misc":{"Est. reading time":"3 minutes"},"schema":{"@context":"https:\/\/schema.org","@graph":[{"@type":"WebPage","@id":"https:\/\/jackpotlotteryonline.com\/lv\/iegadaties-biletes\/oz-lotto\/","url":"https:\/\/jackpotlotteryonline.com\/lv\/iegadaties-biletes\/oz-lotto\/","name":"Nopirkt Oz Lotto bi\u013cetes no \u0101rpus Austr\u0101lijas | Oz Lotto bi\u013cetes tie\u0161saist\u0113","isPartOf":{"@id":"https:\/\/jackpotlotteryonline.com\/#website"},"primaryImageOfPage":{"@id":"https:\/\/jackpotlotteryonline.com\/lv\/iegadaties-biletes\/oz-lotto\/#primaryimage"},"image":{"@id":"https:\/\/jackpotlotteryonline.com\/lv\/iegadaties-biletes\/oz-lotto\/#primaryimage"},"thumbnailUrl":"https:\/\/jackpotlotteryonline.com\/wp-content\/uploads\/2022\/11\/lottoballs.jpg","datePublished":"2022-11-11T06:34:46+00:00","dateModified":"2022-12-24T10:36:59+00:00","description":"OZ Lotto var sp\u0113l\u0113t, ja nedz\u012bvojat Austr\u0101lij\u0101, m\u0113s varam jums ieg\u016bt leg\u0101lu \u0161\u012bs Austr\u0101lijas loterijas bi\u013ceti tie\u0161saist\u0113.","breadcrumb":{"@id":"https:\/\/jackpotlotteryonline.com\/lv\/iegadaties-biletes\/oz-lotto\/#breadcrumb"},"inLanguage":"lv-LV","potentialAction":[{"@type":"ReadAction","target":["https:\/\/jackpotlotteryonline.com\/lv\/iegadaties-biletes\/oz-lotto\/"]}]},{"@type":"ImageObject","inLanguage":"lv-LV","@id":"https:\/\/jackpotlotteryonline.com\/lv\/iegadaties-biletes\/oz-lotto\/#primaryimage","url":"https:\/\/jackpotlotteryonline.com\/wp-content\/uploads\/2022\/11\/lottoballs.jpg","contentUrl":"https:\/\/jackpotlotteryonline.com\/wp-content\/uploads\/2022\/11\/lottoballs.jpg"},{"@type":"BreadcrumbList","@id":"https:\/\/jackpotlotteryonline.com\/lv\/iegadaties-biletes\/oz-lotto\/#breadcrumb","itemListElement":[{"@type":"ListItem","position":1,"name":"Home","item":"https:\/\/jackpotlotteryonline.com\/lv\/"},{"@type":"ListItem","position":2,"name":"K\u0101 nopirkt loterijas bi\u013cetes tie\u0161saist\u0113","item":"https:\/\/jackpotlotteryonline.com\/lv\/iegadaties-biletes\/"},{"@type":"ListItem","position":3,"name":"Nopirkt Oz Lotto bi\u013cetes"}]},{"@type":"WebSite","@id":"https:\/\/jackpotlotteryonline.com\/#website","url":"https:\/\/jackpotlotteryonline.com\/","name":"Lotto Online - Crack The International Lottery Jackpots","description":"","potentialAction":[{"@type":"SearchAction","target":{"@type":"EntryPoint","urlTemplate":"https:\/\/jackpotlotteryonline.com\/?s={search_term_string}"},"query-input":"required name=search_term_string"}],"inLanguage":"lv-LV"}]}},"_links":{"self":[{"href":"https:\/\/jackpotlotteryonline.com\/lv\/wp-json\/wp\/v2\/pages\/37219","targetHints":{"allow":["GET"]}}],"collection":[{"href":"https:\/\/jackpotlotteryonline.com\/lv\/wp-json\/wp\/v2\/pages"}],"about":[{"href":"https:\/\/jackpotlotteryonline.com\/lv\/wp-json\/wp\/v2\/types\/page"}],"author":[{"embeddable":true,"href":"https:\/\/jackpotlotteryonline.com\/lv\/wp-json\/wp\/v2\/users\/1"}],"replies":[{"embeddable":true,"href":"https:\/\/jackpotlotteryonline.com\/lv\/wp-json\/wp\/v2\/comments?post=37219"}],"version-history":[{"count":0,"href":"https:\/\/jackpotlotteryonline.com\/lv\/wp-json\/wp\/v2\/pages\/37219\/revisions"}],"up":[{"embeddable":true,"href":"https:\/\/jackpotlotteryonline.com\/lv\/wp-json\/wp\/v2\/pages\/35766"}],"wp:attachment":[{"href":"https:\/\/jackpotlotteryonline.com\/lv\/wp-json\/wp\/v2\/media?parent=37219"}],"curies":[{"name":"wp","href":"https:\/\/api.w.org\/{rel}","templated":true}]}}