{"id":37275,"date":"2022-11-11T08:34:37","date_gmt":"2022-11-11T08:34:37","guid":{"rendered":"https:\/\/jackpotlotteryonline.com\/?page_id=37275"},"modified":"2022-12-24T20:43:37","modified_gmt":"2022-12-24T20:43:37","slug":"saturday-lotto","status":"publish","type":"page","link":"https:\/\/jackpotlotteryonline.com\/lv\/iegadaties-biletes\/saturday-lotto\/","title":{"rendered":"Nopirkt bi\u013cetes uz Sestdiena Lotto Australia"},"content":{"rendered":"<p>Austr\u0101lij\u0101 ir daudz loteriju, piem\u0113ram, Wednesday Lotto, Powerball un Saturday Lotto Australia. Sestdienas loterija ir popul\u0101ra sp\u0113l\u0113t\u0101ju vid\u016b, un t\u0101 dod cilv\u0113kiem iesp\u0113ju katru ned\u0113\u013cu kaut ko gaid\u012bt. Kad \u0161\u012b loterija s\u0101k\u0101s, taj\u0101 var\u0113ja piedal\u012bties tikai Ozas sp\u0113l\u0113t\u0101ji. Par laimi, tagad sestdienas loterij\u0101 var piedal\u012bties sp\u0113l\u0113t\u0101ji vis\u0101 pasaul\u0113.<\/p>\n<p>T\u0101tad, k\u0101 ieg\u0101d\u0101ties bi\u013cetes uz Saturday Lotto \u0101rpus valsts? Turpiniet las\u012bt, lai to uzzin\u0101tu. M\u0113s iepaz\u012bstin\u0101sim j\u016bs ar \u0161o procesu un atbild\u0113sim uz visiem jaut\u0101jumiem. Tiem, kas nav iepazinu\u0161ies ar \u0161o loteriju, velt\u012bsim ar\u012b nedaudz laika, lai par to past\u0101st\u012btu. Cerams, ka l\u012bdz las\u012bjuma beig\u0101m j\u016bs jau v\u0113l\u0113sieties ieg\u0101d\u0101ties \u0161\u012bs loterijas bi\u013cetes.<\/p>\n<h2>Kas ir Saturday Lotto Australia<\/h2>\n<p>\u0160\u012b ir loterija, kas valst\u012b tika ieviesta 1972. gad\u0101, un tagad t\u0101 ir k\u013cuvusi par vienu no sp\u0113l\u0113t\u0101ju iecien\u012bt\u0101kaj\u0101m loterij\u0101m. Da\u017e\u0101s valsts da\u013c\u0101s t\u0101 ir paz\u012bstama k\u0101 Tatts lotto, X lotto un Gold lotto, un to vada Tatts loteriju grupa.<\/p>\n<p>\u0160ai loterijai ir se\u0161as balvu kategorijas, par kur\u0101m m\u0113s p\u0113c br\u012b\u017ea past\u0101st\u012bsim. Sestdienas loterijas s\u0101kuma d\u017eekpots ir 5 miljoni Austr\u0101lijas dol\u0101ru. P\u0101rsteidzo\u0161\u0101kais ir tas, ka izredzes laim\u0113t d\u017eekpotu ir patie\u0161\u0101m labas. At\u0161\u0137ir\u012bb\u0101 no cit\u0101m loterij\u0101m, lai vinn\u0113tu d\u017eekpotu, sp\u0113l\u0113t\u0101jam ir tikai j\u0101atbilst galvenajiem skait\u013ciem.<\/p>\n<p>Ir papildu skait\u013ci, bet tie tiek izmantoti, lai noteiktu citu balvu sadal\u012bjumu uzvar\u0113t\u0101jus. Tas daudz ko liecina par to, ka, lai gan gandr\u012bz katru ned\u0113\u013cas dienu ir k\u0101da loterija, austr\u0101lie\u0161i izv\u0113las tie\u0161i \u0161o loteriju. Turpin\u0101jum\u0101 m\u0113s run\u0101sim par to, k\u0101 sp\u0113l\u0113t \u0161o loteriju un par da\u017e\u0101d\u0101m balvu dal\u012b\u0161anas iesp\u0113j\u0101m.<\/p>\n<h2>K\u0101 sp\u0113l\u0113t sestdienas loteriju<\/h2>\n<p><img loading=\"lazy\" decoding=\"async\" class=\"alignright size-full wp-image-35132\" src=\"https:\/\/jackpotlotteryonline.com\/wp-content\/uploads\/2022\/11\/2_ticket_saturday_lotto_au2-1-180x300-1.jpg\" alt=\"Sestdienas loterijas bi\u013cete\" width=\"180\" height=\"300\" \/><\/p>\n<p>Lai <a href=\"https:\/\/jackpotlotteryonline.com\/lv\/ka-spelet\/saturday-lotto\">sp\u0113l\u0113tu \u0161o loteriju<\/a>, sp\u0113l\u0113t\u0101jam ir j\u0101izv\u0113las 6 galvenie skait\u013ci no 1 l\u012bdz 45. Tad 2 papildu skait\u013ci no 1 l\u012bdz 6. Papildu skait\u013ci netiek izmantoti d\u017eekpota noteik\u0161an\u0101. Lai vinn\u0113tu d\u017eekpotu, sp\u0113l\u0113t\u0101jam tikai j\u0101atbilst asto\u0146iem izloz\u0113tajiem skait\u013ciem.<\/p>\n<p>Izlozes laik\u0101 no mucas, kur\u0101 ir 45 bumbi\u0146as, p\u0113c nejau\u0161\u012bbas principa tiek izloz\u0113tas se\u0161as bumbi\u0146as. Uz \u0161\u012bm bumbi\u0146\u0101m eso\u0161ie skait\u013ci ir laim\u012bgie skait\u013ci, un jebkura bi\u013cete, kas atbilst \u0161iem skait\u013ciem, ir laim\u0113t\u0101ja bi\u013cete. P\u0113c tam no citas mucas, kur\u0101 ir se\u0161as bumbi\u0146as, izv\u0113las divas citas bumbi\u0146as. Tie ir papildu skait\u013ci, kas tiek izmantoti, nosakot citas balvu kategorijas.<\/p>\n<p>K\u0101 nor\u0101da nosaukums, izlozes notiek katru ned\u0113\u013cu sestdien\u0101. Izlozes beidzas sestdien l\u012bdz plkst. 19.25 p\u0113c Austrumeiropas austrumu laika. Sp\u0113l\u0113t\u0101jiem, kuri v\u0113las piedal\u012bties attiec\u012bg\u0101s ned\u0113\u013cas izloz\u0113, bi\u013cetes ir j\u0101ieg\u0101d\u0101jas l\u012bdz t\u0101s sl\u0113g\u0161anas laikam.<\/p>\n<h2>Balvu noda\u013cas<\/h2>\n<p>Tatts lotto ir asto\u0146as balvu noda\u013cas. Ieg\u0101d\u0101joties \u0161\u012bs loterijas bi\u013ceti, jums ir iesp\u0113ja ieg\u016bt k\u0101du no \u0161\u012bm balvu kategorij\u0101m. T\u0101l\u0101k ir nor\u0101d\u012bta katras noda\u013cas laimestu kombin\u0101cija.<\/p>\n<p>1. noda\u013ca (d\u017eekpots) &#8211; atbilst 6 galvenajiem skait\u013ciem.<br \/>\n2. noda\u013ca &#8211; atbilst jebkuriem 5 galvenajiem skait\u013ciem + 1 papildu skaitlim.<br \/>\n3. noda\u013ca &#8211; mart\u0101 jebkurus 5 galvenos skait\u013cus<br \/>\nnoda\u013ca &#8211; Sakr\u012bt ar jebkuriem 4 galvenajiem skait\u013ciem.<br \/>\n5. dal\u012bjums &#8211; atbilst 3 galvenajiem skait\u013ciem + 1 papildu skaitlim.<br \/>\n6. da\u013ca &#8211; Atrodi 3 galvenos skait\u013cus.<\/p>\n<p>Organizatori ir nodro\u0161in\u0101ju\u0161i iesp\u0113ju sp\u0113l\u0113t\u0101jiem uzvar\u0113t \u0161aj\u0101 loterij\u0101. Izredzes ir lieliskas, un d\u017eekpota summa ir 5 miljoni Austr\u0101lijas dol\u0101ru, vai ir br\u012bnums, ka sp\u0113l\u0113t\u0101jiem pat\u012bk sestdienas loterija? Ja v\u0113l neesat to izdar\u012bjis, \u0161is ir \u012bstais br\u012bdis padom\u0101t par bi\u013cetes ieg\u0101di.<\/p>\n<h2>Iepriek\u0161\u0113jie uzvar\u0113t\u0101ji<\/h2>\n<p>Pirms m\u0113s past\u0101st\u012bsim, k\u0101 ieg\u0101d\u0101ties \u0161\u012bs loterijas bi\u013cetes \u0101rpus Ozas, b\u016btu labi past\u0101st\u012bt par iepriek\u0161\u0113jiem uzvar\u0113t\u0101jiem. Gadu gait\u0101 ir biju\u0161i daudzi uzvar\u0113t\u0101ji, t\u0101p\u0113c m\u0113s izv\u0113l\u0113simies tikai da\u017eus nesenos uzvar\u0113t\u0101jus un ceram, ka j\u016bs iedvesmosim.<\/p>\n<p>Pirm\u0101 m\u016bsu sarakst\u0101 ir k\u0101da austr\u0101liete mamma, kura izv\u0113l\u0113j\u0101s palikt anon\u012bma. Vi\u0146a kop\u0101 ar v\u0113l vienu uzvar\u0113t\u0101ju laim\u0113ja sestdienas d\u017eekpotu. K\u0101 zi\u0146ots, vi\u0146ai pag\u0101ja divas ned\u0113\u013cas, pirms vi\u0146a saprata, ka ir laim\u0113jusi d\u017eekpotu. Ja vi\u0146a b\u016btu gaid\u012bjusi ilg\u0101k, vi\u0146a neb\u016btu var\u0113jusi sa\u0146emt balvu. Par laimi, vi\u0146a atgriez\u0101s, lai p\u0101rbaud\u012btu un atkl\u0101ja, ka ir laim\u0113jusi.<\/p>\n<p>V\u0113l viens uzvar\u0113t\u0101js ir v\u012brietis, kur\u0161 sestdienas loterij\u0101 vair\u0101kus gadus bija sp\u0113l\u0113jis ar vieniem un tiem pa\u0161iem skait\u013ciem. Vi\u0146a neatlaid\u012bba atmaks\u0101j\u0101s, un vi\u0146\u0161 laim\u0113ja d\u017eekpotu. Daudzi loterijas uzvar\u0113t\u0101ji st\u0101sta, ka pirms uzvaras loterij\u0101 ir sp\u0113l\u0113ju\u0161i gadiem ilgi. Da\u017ereiz, lai sasniegtu v\u0113lamos rezult\u0101tus, ir nepiecie\u0161ama tic\u012bba un konsekvence.<\/p>\n<section class=\"layout\" style=\"border: solid 1px; width: 100%;\">\n<div class=\"img-div\" style=\"margin-top: 5px;\"><img decoding=\"async\" class=\"wp-image-17212 alignleft\" style=\"height: 45px; margin: 8px 8px 0px;\" src=\"https:\/\/jackpotlotteryonline.com\/wp-content\/uploads\/2022\/11\/read1.jpg\" alt=\"las\u012bt\" width=\"\" height=\"\" \/><\/div>\n<div style=\"padding-left: 5px;\">\n<div style=\"font-size: 1.1em;\">\n<p><strong>Da\u017ei loterijas uzvar\u0113t\u0101ji atgrie\u017eas sabiedr\u012bbai<\/strong><\/p>\n<p style=\"font-size: 0.85em; margin-top: -1.5em;\">Da\u017ei interesanti un uzmundrino\u0161i st\u0101sti par loterijas uzvar\u0113t\u0101jiem, kas dod ieguld\u012bjumu \u00a0<a href=\"https:\/\/jackpotlotteryonline.com\/lv\/stasti-par-loterija-uzvaretaju-atdevi-atgriesanos\">las\u012bt vair\u0101k<\/a><\/p>\n<\/div>\n<\/div>\n<\/section>\n<h2>Pirkt bi\u013cetes \u0101rpus Austr\u0101lijas<\/h2>\n<p>T\u0101tad, ja nedz\u012bvojat skaistaj\u0101 Oza zem\u0113, k\u0101 j\u016bs varat ieg\u0101d\u0101ties bi\u013cetes uz Saturday Lotto? Pirms interneta tas b\u016btu bijis neiesp\u0113jami vai vismaz \u013coti sare\u017e\u0123\u012bti. Ta\u010du, pateicoties internetam, j\u016bs varat ieg\u0101d\u0101ties Tatts loterijas bi\u013cetes tie\u0161saist\u0113.<\/p>\n<p>Ir tie\u0161saistes loteriju p\u0101rdev\u0113ji, kas \u013cauj sp\u0113l\u0113t\u0101jiem ieg\u0101d\u0101ties bi\u013cetes uz lab\u0101kaj\u0101m starptautiskaj\u0101m loterij\u0101m. \u0160ie p\u0101rdev\u0113ji sniedz t\u0101 d\u0113v\u0113to konsjer\u017eu pakalpojumu, kas pal\u012bdz sp\u0113l\u0113t\u0101jiem ieg\u0101d\u0101ties loterijas bi\u013cetes jebkur\u0101 valst\u012b. Re\u0123istr\u0113joties \u0161aj\u0101s vietn\u0113s, j\u016bs varat viegli piedal\u012bties sestdienas loterij\u0101 un piepras\u012bt laimestu.<\/p>\n<p>Jackpotlotlotteryonline.com m\u0113s nodro\u0161in\u0101m konsjer\u017ea pakalpojumu, kas m\u016bsu lietot\u0101jiem sniedz nevainojamu pieredzi. Pierakstoties pie mums, j\u016bs varat viegli ieg\u0101d\u0101ties bi\u013ceti uz sestdienas loteriju un daudz\u0101m cit\u0101m starptautiskaj\u0101m loterij\u0101m. Vai uztraucaties par to, k\u0101 sa\u0146emt savu balvu, ja vinn\u0113siet? Vienk\u0101r\u0161i izmaks\u0101jiet savu balvu no m\u016bsu platformas, neradot nek\u0101das gr\u016bt\u012bbas.<\/p>\n<h2>Bie\u017e\u0101k uzdotie jaut\u0101jumi (FAQ)<\/h2>\n<p><img loading=\"lazy\" decoding=\"async\" class=\"wp-image-29264 alignright\" src=\"https:\/\/jackpotlotteryonline.com\/wp-content\/uploads\/2022\/11\/1_play_online_lotto-300x300.jpg\" alt=\"Tie\u0161saistes sestdienas loto Austr\u0101lija\" width=\"235\" height=\"235\" srcset=\"https:\/\/jackpotlotteryonline.com\/wp-content\/uploads\/2022\/11\/1_play_online_lotto-300x300.jpg 300w, https:\/\/jackpotlotteryonline.com\/wp-content\/uploads\/2022\/11\/1_play_online_lotto-100x100.jpg 100w, https:\/\/jackpotlotteryonline.com\/wp-content\/uploads\/2022\/11\/1_play_online_lotto-150x150.jpg 150w, https:\/\/jackpotlotteryonline.com\/wp-content\/uploads\/2022\/11\/1_play_online_lotto.jpg 480w\" sizes=\"auto, (max-width: 235px) 100vw, 235px\" \/><\/p>\n<p>M\u0113s zin\u0101m, ka, iesp\u0113jams, j\u016bsu pr\u0101t\u0101 ir vair\u0101ki jaut\u0101jumi. Tas nekas, m\u0113s esam \u0161eit, lai atbild\u0113tu uz j\u016bsu jaut\u0101jumiem. M\u0113s cent\u012bsimies \u0161eit aptvert visus jaut\u0101jumus, bet, ja jums joproj\u0101m ir k\u0101das neskaidr\u012bbas, sazinieties ar mums. M\u0113s vienm\u0113r priec\u0101simies j\u016bs uzklaus\u012bt. M\u0113s dar\u012bsim visu iesp\u0113jamo, lai pal\u012bdz\u0113tu jums ce\u013c\u0101 uz loterijas uzvar\u0113t\u0101ja titulu.<\/p>\n<h2>Vai es varu ieg\u0101d\u0101ties loterijas bi\u013cetes tie\u0161saist\u0113?<\/h2>\n<p>J\u0101, j\u016bs varat ieg\u0101d\u0101ties loterijas bi\u013cetes tie\u0161saist\u0113, un tas ir piln\u012bgi likum\u012bgi. P\u0101rliecinieties, ka izmantojat uzticamu loterijas p\u0101rdev\u0113ju, lai p\u0101rliecin\u0101tos, ka j\u016bs piedal\u0101ties loterij\u0101. Daudz\u0101m loteriju grup\u0101m ir t\u012bmek\u013ca vietnes. Tom\u0113r, ja v\u0113laties sp\u0113l\u0113t vair\u0101k nek\u0101 vien\u0101 loterij\u0101, tad jums b\u016btu lab\u0101k re\u0123istr\u0113ties pie loterijas p\u0101rdev\u0113ja. Proti, t\u0101du, kas nodro\u0161ina piek\u013cuvi vair\u0101k\u0101m cit\u0101m loterij\u0101m.<\/p>\n<h2>K\u0101 ieg\u0101d\u0101ties bi\u013ceti?<\/h2>\n<p>Ja esat re\u0123istr\u0113jies pie mums, ieg\u0101d\u0101ties loterijas bi\u013ceti ir vienk\u0101r\u0161i. Vienk\u0101r\u0161i izv\u0113lieties skait\u013cus un piedalieties izloz\u0113. J\u016bs varat ieg\u0101d\u0101ties vair\u0101kus ierakstus, lai palielin\u0101tu savas izredzes laim\u0113t balvu. Tas viss ir atkar\u012bgs no jums. Ja neesat p\u0101rliecin\u0101ts, k\u0101du skaitli izv\u0113l\u0113ties, autom\u0101tiskais izlozes atlas\u012bt\u0101js to var izdar\u012bt j\u016bsu viet\u0101. M\u0113s c\u012bt\u012bgi str\u0101d\u0101jam, lai nodro\u0161in\u0101tu, ka sp\u0113l\u0113t\u0101jiem \u0161is process ir vienk\u0101r\u0161s un intuit\u012bvs.<\/p>\n<h2>Kas \u012bsti ir konsjer\u017ea pakalpojums?<\/h2>\n<p>M\u0113s priec\u0101jamies, ka j\u016bs pajaut\u0101jat. Kad m\u0113s sak\u0101m, ka mums ir konsjer\u017eu dienests, tas noz\u012bm\u0113, ka mums ir a\u0123enti da\u017e\u0101d\u0101s valst\u012bs, tostarp Austr\u0101lij\u0101. Kad j\u016bs p\u0113rkat loterijas bi\u013ceti pie mums, m\u016bsu a\u0123enti dodas un ieg\u0101d\u0101jas fizisku bi\u013ceti ar atbilsto\u0161iem numuriem. Tas noz\u012bm\u0113, ka, lai kur j\u016bs atrastos, j\u016bs esat iek\u013cauts loterij\u0101.<\/p>\n<h2>K\u0101 es varu uzvar\u0113t?<\/h2>\n<p>Lai uzvar\u0113tu \u0161aj\u0101 Austr\u0101lijas loterij\u0101, jums tikai j\u0101atbilst se\u0161iem galvenajiem izloz\u0113tajiem skait\u013ciem, un j\u016bs k\u013c\u016bsiet par d\u017eekpota ieguv\u0113ju. Jums nav j\u0101atbilst papildu skait\u013ciem, jo tie tiek izmantoti, lai noteiktu balvas 2. un 5. noda\u013c\u0101.<\/p>\n<h2>K\u0101 es varu p\u0101rbaud\u012bt rezult\u0101tus?<\/h2>\n<p>P\u0113c katras izlozes m\u0113s public\u0113jam rezult\u0101tus tie\u0161i \u0161eit, vietn\u0113 jackpotlotteryonline.com. Attiec\u012bb\u0101 uz sestdienas loteriju, vienk\u0101r\u0161i apmekl\u0113jiet <a href=\"https:\/\/jackpotlotteryonline.com\/lv\/laimejusie-skaitli\/saturday-lotto\">sestdienas loterijas izlozes lapu<\/a> p\u0113c izlozes sestdien, lai atrastu rezult\u0101tus.<\/p>\n<h2>Ko dar\u012bt, ja esmu aizmirsis p\u0101rbaud\u012bt rezult\u0101tus?<\/h2>\n<p>\u0160\u012b ir lab\u0101k\u0101 da\u013ca. P\u0113rkot pie mums, nav svar\u012bgi, ja aizmirstat p\u0101rbaud\u012bt loto rezult\u0101tus, jo m\u0113s jums nodro\u0161in\u0101m muguru. Ja vinn\u0113siet balvu, m\u0113s nos\u016bt\u012bsim jums zi\u0146ojumu uz vad\u012bbas pane\u013ca, k\u0101 ar\u012b e-pastu, lai j\u016bs par to br\u012bdin\u0101tu. P\u0113rkot loterijas kuponu no mums, j\u016bs zin\u0101t, ka esat nodro\u0161in\u0101ts.<\/p>\n<h2>Es vinn\u0113ju, ko tagad?<\/h2>\n<p>Ja esat laim\u0113jis loterij\u0101, vispirms apsveicam! M\u0113s priec\u0101jamies par jums. Ja esat pie mums re\u0123istr\u0113jies, tad n\u0101kamais solis ir vienk\u0101r\u0161s. Dodieties uz savu vad\u012bbas paneli un iz\u0146emiet savus l\u012bdzek\u013cus, izmantojot pieejam\u0101s metodes. Tas ir tik vienk\u0101r\u0161i.<\/p>\n<h2>Re\u0123istr\u0113jieties pie mums jau \u0161odien!<\/h2>\n<p>Sp\u0113l\u0113jot loteriju, ir jautri, un t\u0101 sniedz sp\u0113l\u0113t\u0101jiem kaut ko, ko gaid\u012bt ar nepaciet\u012bbu katru ned\u0113\u013cu. Sestdienas loterijai ir jauka d\u017eekpota balva un izdev\u012bgas izredzes, t\u0101p\u0113c t\u0101 ir ide\u0101li piem\u0113rota gan jaunajiem, gan vecajiem sp\u0113l\u0113t\u0101jiem. Tagad loterij\u0101 var piedal\u012bties ne tikai Austr\u0101lijas iedz\u012bvot\u0101ji, jo cilv\u0113ki vis\u0101 pasaul\u0113 tagad var ieg\u0101d\u0101ties loterijas ierakstus.<\/p>\n<p>Ja mekl\u0113jat interesantu sp\u0113li, k\u0101p\u0113c gan neizm\u0113\u0123in\u0101t Tatts loteriju? Lai kur j\u016bs atrastos, j\u016bs varat ieg\u0101d\u0101ties \u0161\u012bs loterijas kuponu, re\u0123istr\u0113joties pie mums. nopirkt vair\u0101kus ierakstus un bez gr\u016bt\u012bb\u0101m piedal\u012bties vair\u0101kos izloz\u0113s iepriek\u0161. M\u016bsu uzdevums ir nodro\u0161in\u0101t jums iesp\u0113ju sp\u0113l\u0113t j\u016bsu izv\u0113l\u0113t\u0101s loterijas ar minim\u0101lu stresu.<\/p>\n<p>Atp\u016btieties un izklaid\u0113jieties, sp\u0113l\u0113jot, jo nekad nevar zin\u0101t, vai \u0161\u012b neb\u016bs t\u0101 diena, kad j\u016bs vinn\u0113siet lielo laimestu. K\u0101p\u0113c gan nenopirkt piek\u013cuvi loterijai, re\u0123istr\u0113joties pie mums jau \u0161odien?<\/p>\n","protected":false},"excerpt":{"rendered":"<p>Austr\u0101lij\u0101 ir daudz loteriju, piem\u0113ram, Wednesday Lotto, Powerball un Saturday Lotto Australia. Sestdienas loterija ir popul\u0101ra sp\u0113l\u0113t\u0101ju vid\u016b, un t\u0101 dod cilv\u0113kiem iesp\u0113ju katru ned\u0113\u013cu kaut ko gaid\u012bt. Kad \u0161\u012b loterija s\u0101k\u0101s, taj\u0101 var\u0113ja piedal\u012bties tikai Ozas sp\u0113l\u0113t\u0101ji. Par laimi, tagad sestdienas loterij\u0101 var piedal\u012bties sp\u0113l\u0113t\u0101ji vis\u0101 pasaul\u0113. T\u0101tad, k\u0101 ieg\u0101d\u0101ties bi\u013cetes uz Saturday Lotto [&hellip;]<\/p>\n","protected":false},"author":1,"featured_media":0,"parent":35766,"menu_order":18,"comment_status":"closed","ping_status":"closed","template":"saturday-lotto-info.php","meta":{"_et_pb_use_builder":"","_et_pb_old_content":"","_et_gb_content_width":"","exclude_from_search":false,"footnotes":""},"class_list":["post-37275","page","type-page","status-publish","hentry"],"yoast_head":"<!-- This site is optimized with the Yoast SEO plugin v23.3 - https:\/\/yoast.com\/wordpress\/plugins\/seo\/ -->\n<title>Nopirkt bi\u013cetes uz Saturday Lotto Australia no \u0101rpus Austr\u0101lijas<\/title>\n<meta name=\"description\" content=\"Popul\u0101raj\u0101 Austr\u0101lijas sestdienas loto ir lieli d\u017eekpoti. Sp\u0113l\u0113t\u0101ji no jebkuras vietas tagad var ieg\u0101d\u0101ties bi\u013ceti sestdienas lotto tie\u0161saist\u0113.\" \/>\n<meta name=\"robots\" content=\"index, follow, max-snippet:-1, max-image-preview:large, max-video-preview:-1\" \/>\n<link rel=\"canonical\" href=\"https:\/\/jackpotlotteryonline.com\/lv\/iegadaties-biletes\/saturday-lotto\/\" \/>\n<meta property=\"og:locale\" content=\"lv_LV\" \/>\n<meta property=\"og:type\" content=\"article\" \/>\n<meta property=\"og:title\" content=\"Nopirkt bi\u013cetes uz Saturday Lotto Australia no \u0101rpus Austr\u0101lijas\" \/>\n<meta property=\"og:description\" content=\"Popul\u0101raj\u0101 Austr\u0101lijas sestdienas loto ir lieli d\u017eekpoti. Sp\u0113l\u0113t\u0101ji no jebkuras vietas tagad var ieg\u0101d\u0101ties bi\u013ceti sestdienas lotto tie\u0161saist\u0113.\" \/>\n<meta property=\"og:url\" content=\"https:\/\/jackpotlotteryonline.com\/lv\/iegadaties-biletes\/saturday-lotto\/\" \/>\n<meta property=\"og:site_name\" content=\"Lotto Online - Crack The International Lottery Jackpots\" \/>\n<meta property=\"article:modified_time\" content=\"2022-12-24T20:43:37+00:00\" \/>\n<meta property=\"og:image\" content=\"https:\/\/jackpotlotteryonline.com\/wp-content\/uploads\/2022\/11\/2_ticket_saturday_lotto_au2-1-180x300-1.jpg\" \/>\n<meta name=\"twitter:card\" content=\"summary_large_image\" \/>\n<meta name=\"twitter:label1\" content=\"Est. reading time\" \/>\n\t<meta name=\"twitter:data1\" content=\"7 minutes\" \/>\n<!-- \/ Yoast SEO plugin. -->","yoast_head_json":{"title":"Nopirkt bi\u013cetes uz Saturday Lotto Australia no \u0101rpus Austr\u0101lijas","description":"Popul\u0101raj\u0101 Austr\u0101lijas sestdienas loto ir lieli d\u017eekpoti. Sp\u0113l\u0113t\u0101ji no jebkuras vietas tagad var ieg\u0101d\u0101ties bi\u013ceti sestdienas lotto tie\u0161saist\u0113.","robots":{"index":"index","follow":"follow","max-snippet":"max-snippet:-1","max-image-preview":"max-image-preview:large","max-video-preview":"max-video-preview:-1"},"canonical":"https:\/\/jackpotlotteryonline.com\/lv\/iegadaties-biletes\/saturday-lotto\/","og_locale":"lv_LV","og_type":"article","og_title":"Nopirkt bi\u013cetes uz Saturday Lotto Australia no \u0101rpus Austr\u0101lijas","og_description":"Popul\u0101raj\u0101 Austr\u0101lijas sestdienas loto ir lieli d\u017eekpoti. Sp\u0113l\u0113t\u0101ji no jebkuras vietas tagad var ieg\u0101d\u0101ties bi\u013ceti sestdienas lotto tie\u0161saist\u0113.","og_url":"https:\/\/jackpotlotteryonline.com\/lv\/iegadaties-biletes\/saturday-lotto\/","og_site_name":"Lotto Online - Crack The International Lottery Jackpots","article_modified_time":"2022-12-24T20:43:37+00:00","og_image":[{"url":"https:\/\/jackpotlotteryonline.com\/wp-content\/uploads\/2022\/11\/2_ticket_saturday_lotto_au2-1-180x300-1.jpg"}],"twitter_card":"summary_large_image","twitter_misc":{"Est. reading time":"7 minutes"},"schema":{"@context":"https:\/\/schema.org","@graph":[{"@type":"WebPage","@id":"https:\/\/jackpotlotteryonline.com\/lv\/iegadaties-biletes\/saturday-lotto\/","url":"https:\/\/jackpotlotteryonline.com\/lv\/iegadaties-biletes\/saturday-lotto\/","name":"Nopirkt bi\u013cetes uz Saturday Lotto Australia no \u0101rpus Austr\u0101lijas","isPartOf":{"@id":"https:\/\/jackpotlotteryonline.com\/#website"},"primaryImageOfPage":{"@id":"https:\/\/jackpotlotteryonline.com\/lv\/iegadaties-biletes\/saturday-lotto\/#primaryimage"},"image":{"@id":"https:\/\/jackpotlotteryonline.com\/lv\/iegadaties-biletes\/saturday-lotto\/#primaryimage"},"thumbnailUrl":"https:\/\/jackpotlotteryonline.com\/wp-content\/uploads\/2022\/11\/2_ticket_saturday_lotto_au2-1-180x300-1.jpg","datePublished":"2022-11-11T08:34:37+00:00","dateModified":"2022-12-24T20:43:37+00:00","description":"Popul\u0101raj\u0101 Austr\u0101lijas sestdienas loto ir lieli d\u017eekpoti. Sp\u0113l\u0113t\u0101ji no jebkuras vietas tagad var ieg\u0101d\u0101ties bi\u013ceti sestdienas lotto tie\u0161saist\u0113.","breadcrumb":{"@id":"https:\/\/jackpotlotteryonline.com\/lv\/iegadaties-biletes\/saturday-lotto\/#breadcrumb"},"inLanguage":"lv-LV","potentialAction":[{"@type":"ReadAction","target":["https:\/\/jackpotlotteryonline.com\/lv\/iegadaties-biletes\/saturday-lotto\/"]}]},{"@type":"ImageObject","inLanguage":"lv-LV","@id":"https:\/\/jackpotlotteryonline.com\/lv\/iegadaties-biletes\/saturday-lotto\/#primaryimage","url":"https:\/\/jackpotlotteryonline.com\/wp-content\/uploads\/2022\/11\/2_ticket_saturday_lotto_au2-1-180x300-1.jpg","contentUrl":"https:\/\/jackpotlotteryonline.com\/wp-content\/uploads\/2022\/11\/2_ticket_saturday_lotto_au2-1-180x300-1.jpg"},{"@type":"BreadcrumbList","@id":"https:\/\/jackpotlotteryonline.com\/lv\/iegadaties-biletes\/saturday-lotto\/#breadcrumb","itemListElement":[{"@type":"ListItem","position":1,"name":"Home","item":"https:\/\/jackpotlotteryonline.com\/lv\/"},{"@type":"ListItem","position":2,"name":"K\u0101 nopirkt loterijas bi\u013cetes tie\u0161saist\u0113","item":"https:\/\/jackpotlotteryonline.com\/lv\/iegadaties-biletes\/"},{"@type":"ListItem","position":3,"name":"Nopirkt bi\u013cetes uz Sestdiena Lotto Australia"}]},{"@type":"WebSite","@id":"https:\/\/jackpotlotteryonline.com\/#website","url":"https:\/\/jackpotlotteryonline.com\/","name":"Lotto Online - Crack The International Lottery Jackpots","description":"","potentialAction":[{"@type":"SearchAction","target":{"@type":"EntryPoint","urlTemplate":"https:\/\/jackpotlotteryonline.com\/?s={search_term_string}"},"query-input":"required name=search_term_string"}],"inLanguage":"lv-LV"}]}},"_links":{"self":[{"href":"https:\/\/jackpotlotteryonline.com\/lv\/wp-json\/wp\/v2\/pages\/37275","targetHints":{"allow":["GET"]}}],"collection":[{"href":"https:\/\/jackpotlotteryonline.com\/lv\/wp-json\/wp\/v2\/pages"}],"about":[{"href":"https:\/\/jackpotlotteryonline.com\/lv\/wp-json\/wp\/v2\/types\/page"}],"author":[{"embeddable":true,"href":"https:\/\/jackpotlotteryonline.com\/lv\/wp-json\/wp\/v2\/users\/1"}],"replies":[{"embeddable":true,"href":"https:\/\/jackpotlotteryonline.com\/lv\/wp-json\/wp\/v2\/comments?post=37275"}],"version-history":[{"count":0,"href":"https:\/\/jackpotlotteryonline.com\/lv\/wp-json\/wp\/v2\/pages\/37275\/revisions"}],"up":[{"embeddable":true,"href":"https:\/\/jackpotlotteryonline.com\/lv\/wp-json\/wp\/v2\/pages\/35766"}],"wp:attachment":[{"href":"https:\/\/jackpotlotteryonline.com\/lv\/wp-json\/wp\/v2\/media?parent=37275"}],"curies":[{"name":"wp","href":"https:\/\/api.w.org\/{rel}","templated":true}]}}