{"id":37769,"date":"2022-11-15T08:30:31","date_gmt":"2022-11-15T08:30:31","guid":{"rendered":"https:\/\/jackpotlotteryonline.com\/?page_id=37769"},"modified":"2022-11-15T08:30:31","modified_gmt":"2022-11-15T08:30:31","slug":"faq","status":"publish","type":"page","link":"https:\/\/jackpotlotteryonline.com\/lv\/faq\/","title":{"rendered":"BIE\u017d\u0100K UZDOTIE JAUT\u0100JUMI"},"content":{"rendered":"<h2>Bie\u017ei uzdotie jaut\u0101jumi par tie\u0161saistes loteriju<\/h2>\n<p>\u0160eit sniegsim atbildes uz visbie\u017e\u0101k uzdotajiem jaut\u0101jumiem par tie\u0161saistes loteriju un tie\u0161saistes loto d\u017eekpotiem. Loteriju sp\u0113l\u0113\u0161ana tie\u0161saist\u0113 ir \u0113rt\u0101kais un vienk\u0101r\u0161\u0101kais veids, k\u0101 ieg\u016bt \u0161os lielos starptautiskos Lotto d\u017eekpotus.<\/p>\n<h2>K\u0101 tas darbojas?<\/h2>\n<p>M\u0113s darbojamies k\u0101 kurjerpasts starp jums un da\u017e\u0101d\u0101m loterij\u0101m. M\u0113s nop\u0113rkam bi\u013ceti j\u016bsu v\u0101rd\u0101 un j\u016bsu uzdevum\u0101, p\u0113c tam sken\u0113jam j\u016bsu jauno bi\u013ceti un aug\u0161upiel\u0101d\u0113jam sken\u0113to bi\u013ceti j\u016bsu klienta kont\u0101, nos\u016bt\u0101m jums zi\u0146ojumu, kad j\u016bs vinn\u0113siet, un pal\u012bdzam jums sa\u0146emt naudu ar\u012b tad, kad vinn\u0113siet.<\/p>\n<h2>K\u0101das ir priek\u0161roc\u012bbas, sp\u0113l\u0113jot ar m\u016bsu starpniec\u012bbu?<\/h2>\n<ul>\n<li>nav nepiecie\u0161ams doties uz loterijas veikalu. J\u016bs varat viegli sp\u0113l\u0113t no m\u0101j\u0101m vai no sava biroja.<\/li>\n<li>j\u016bs varat maks\u0101t tie\u0161saist\u0113, piem\u0113ram, ar kred\u012btkarti vai citiem l\u012bdzek\u013ciem.<\/li>\n<li>J\u016bsu loterijas laimests l\u012bdz \u20ac2500 tiks ieskait\u012bts J\u016bsu kont\u0101.<\/li>\n<li>ja laim\u0113siet vair\u0101k nek\u0101 \u20ac2500, m\u0113s jums pal\u012bdz\u0113sim sa\u0146emt naudu bez maksas.<\/li>\n<li>ja j\u016bs vinn\u0113siet naudu, jums nav nek\u0101du papildu izmaksu.<\/li>\n<\/ul>\n<p><strong>Kas var sp\u0113l\u0113t loterijas?<\/strong><\/p>\n<p>Loteriju var sp\u0113l\u0113t ikviens, kas vec\u0101ks par 18 gadiem.<\/p>\n<p><strong>Vai es varu sp\u0113l\u0113t loterij\u0101 no citas valsts?<\/strong><\/p>\n<p>J\u0101, varat. Nav svar\u012bgi, kur\u0101 valst\u012b dz\u012bvojat, j\u016bs varat sp\u0113l\u0113t jebkuru loteriju un loto d\u017eekpotu jebkur\u0101 j\u016bsu izv\u0113l\u0113taj\u0101 valst\u012b.<\/p>\n<p><strong>Vai es pats varu izv\u0113l\u0113ties savus loto numurus?<\/strong><\/p>\n<p>J\u0101. J\u016bs varat izv\u0113l\u0113ties sev v\u0113lamos skait\u013cus vai ar\u012b varat \u0113rti likt datoram izv\u0113l\u0113ties skait\u013cus p\u0113c nejau\u0161\u012bbas principa.<\/p>\n<p><strong>K\u0101 es sa\u0146em\u0161u savu loterijas bi\u013ceti?<\/strong><\/p>\n<p>Kad j\u016bsu maks\u0101jums b\u016bs apstr\u0101d\u0101ts, m\u0113s nos\u016bt\u012bsim pirkuma apstiprin\u0101jumu pa e-pastu. J\u016bsu izv\u0113l\u0113tos numurus var\u0113siet redz\u0113t sav\u0101 kont\u0101. Dr\u012bz p\u0113c tam sav\u0101 kont\u0101 redz\u0113siet ar\u012b iesken\u0113to bi\u013ceti.<\/p>\n<p><strong>K\u0101 es varu samaks\u0101t par savu loteriju vai bi\u013ceti?<\/strong><\/p>\n<p>Jums ir pieejamas vair\u0101kas maks\u0101\u0161anas iesp\u0113jas, tostarp maks\u0101jums ar kred\u012btkarti, bankas p\u0101rskait\u012bjumu, da\u017e\u0101d\u0101m kriptoval\u016bt\u0101m un citas.<\/p>\n<p><strong>Vai j\u016bs sa\u0146emat da\u013cu no mana laimesta?<\/strong><\/p>\n<p>N\u0113. Visi loterijas laimesti jums tiks izmaks\u0101ti piln\u0101 apm\u0113r\u0101, neatskaitot nek\u0101dus maks\u0101jumus.<\/p>\n<p><strong>Kad es varu veikt loterijas bi\u013cetes pas\u016bt\u012bjumu?<\/strong><\/p>\n<p>Lai piedal\u012btos loterij\u0101, jums bi\u013cete j\u0101piesaka vismaz 2 stundas pirms izlozes. Tas \u013cauj mums apstr\u0101d\u0101t j\u016bsu loterijas bi\u013cetes pas\u016bt\u012bjumu.<\/p>\n<p><strong>K\u0101 es varu uzzin\u0101t, vai esmu laim\u0113jis?<\/strong><\/p>\n<p>Ja j\u016bs vinn\u0113siet, m\u0113s jums nos\u016bt\u012bsim e-pastu, kur\u0101 pazi\u0146osim par j\u016bsu laimestu. Turkl\u0101t visu loteriju laim\u0113ju\u0161ie skait\u013ci tiks public\u0113ti m\u016bsu t\u012bmek\u013ca vietn\u0113.<\/p>\n<p><strong>K\u0101 es varu sa\u0146emt savu naudu, ja laim\u0113ju?<\/strong><\/p>\n<p>Ja j\u016bs vinn\u0113siet summu, kas ir maz\u0101ka par \u20ac2500, nauda tiks ieskait\u012bta j\u016bsu sp\u0113l\u0113t\u0101ja kont\u0101. Ja laim\u0113t\u0101 summa p\u0101rsniedz \u20ac2500, m\u0113s jums nos\u016bt\u012bsim piepras\u012bjuma veidlapu, kas jums b\u016bs j\u0101aizpilda. Jums b\u016bs j\u0101identific\u0113 sava identit\u0101te, un tad m\u0113s apstr\u0101d\u0101sim j\u016bsu pras\u012bbu loterijas uz\u0146\u0113mumam. P\u0113c tam loterijas uz\u0146\u0113mums jums izsniegs \u010deku. L\u016bdzu, \u0146emiet v\u0113r\u0101, ka da\u017ei loteriju uz\u0146\u0113mumi pieprasa, lai j\u016bs person\u012bgi piepras\u012btu savu laimestu, ja esat laim\u0113jis d\u017eekpota balvu.<\/p>\n<p><strong>Vai \u0161is pakalpojums ir likum\u012bgs?<\/strong><\/p>\n<p>J\u0101, ir. T\u0101 k\u0101 m\u016bsu pakalpojums ir tikai kurjerpasta pakalpojums, tas ir piln\u012bgi likum\u012bgs.<\/p>\n<p><strong>K\u0101 es varu zin\u0101t, ka loterijas bi\u013cete tiek nopirkta man\u0101 v\u0101rd\u0101?<\/strong><\/p>\n<p>Kad b\u016bsiet samaks\u0101jis par loterijas bi\u013ceti, j\u016bs sa\u0146emsiet maks\u0101juma apstiprin\u0101jumu. Kam\u0113r j\u016bsu loterijas bi\u013cete ir akt\u012bva, j\u016bs sa\u0146emsiet e-pasta pazi\u0146ojumu, un p\u0113c pieteik\u0161an\u0101s j\u016bs var\u0113siet redz\u0113t savas bi\u013cetes sav\u0101 klientu zon\u0101 m\u016bsu t\u012bmek\u013ca vietn\u0113.<\/p>\n","protected":false},"excerpt":{"rendered":"<p>Bie\u017ei uzdotie jaut\u0101jumi par tie\u0161saistes loteriju \u0160eit sniegsim atbildes uz visbie\u017e\u0101k uzdotajiem jaut\u0101jumiem par tie\u0161saistes loteriju un tie\u0161saistes loto d\u017eekpotiem. Loteriju sp\u0113l\u0113\u0161ana tie\u0161saist\u0113 ir \u0113rt\u0101kais un vienk\u0101r\u0161\u0101kais veids, k\u0101 ieg\u016bt \u0161os lielos starptautiskos Lotto d\u017eekpotus. K\u0101 tas darbojas? M\u0113s darbojamies k\u0101 kurjerpasts starp jums un da\u017e\u0101d\u0101m loterij\u0101m. M\u0113s nop\u0113rkam bi\u013ceti j\u016bsu v\u0101rd\u0101 un j\u016bsu uzdevum\u0101, [&hellip;]<\/p>\n","protected":false},"author":1,"featured_media":0,"parent":0,"menu_order":6,"comment_status":"closed","ping_status":"closed","template":"","meta":{"_et_pb_use_builder":"","_et_pb_old_content":"","_et_gb_content_width":"","exclude_from_search":false,"footnotes":""},"class_list":["post-37769","page","type-page","status-publish","hentry"],"yoast_head":"<!-- This site is optimized with the Yoast SEO plugin v23.3 - https:\/\/yoast.com\/wordpress\/plugins\/seo\/ -->\n<title>Bie\u017e\u0101k uzdotie jaut\u0101jumi par loterij\u0101m | Bie\u017e\u0101k uzdotie jaut\u0101jumi par Loto tie\u0161saist\u0113<\/title>\n<meta name=\"description\" content=\"\u0160eit atrad\u012bsiet atbildes uz bie\u017e\u0101k uzdotajiem jaut\u0101jumiem par loteriju tie\u0161saist\u0113, k\u0101 ar\u012b lab\u0101kos pakalpojumus.\" \/>\n<meta name=\"robots\" content=\"index, follow, max-snippet:-1, max-image-preview:large, max-video-preview:-1\" \/>\n<link rel=\"canonical\" href=\"https:\/\/jackpotlotteryonline.com\/lv\/faq\/\" \/>\n<meta property=\"og:locale\" content=\"lv_LV\" \/>\n<meta property=\"og:type\" content=\"article\" \/>\n<meta property=\"og:title\" content=\"Bie\u017e\u0101k uzdotie jaut\u0101jumi par loterij\u0101m | Bie\u017e\u0101k uzdotie jaut\u0101jumi par Loto tie\u0161saist\u0113\" \/>\n<meta property=\"og:description\" content=\"\u0160eit atrad\u012bsiet atbildes uz bie\u017e\u0101k uzdotajiem jaut\u0101jumiem par loteriju tie\u0161saist\u0113, k\u0101 ar\u012b lab\u0101kos pakalpojumus.\" \/>\n<meta property=\"og:url\" content=\"https:\/\/jackpotlotteryonline.com\/lv\/faq\/\" \/>\n<meta property=\"og:site_name\" content=\"Lotto Online - Crack The International Lottery Jackpots\" \/>\n<meta name=\"twitter:card\" content=\"summary_large_image\" \/>\n<meta name=\"twitter:label1\" content=\"Est. reading time\" \/>\n\t<meta name=\"twitter:data1\" content=\"3 minutes\" \/>\n<!-- \/ Yoast SEO plugin. -->","yoast_head_json":{"title":"Bie\u017e\u0101k uzdotie jaut\u0101jumi par loterij\u0101m | Bie\u017e\u0101k uzdotie jaut\u0101jumi par Loto tie\u0161saist\u0113","description":"\u0160eit atrad\u012bsiet atbildes uz bie\u017e\u0101k uzdotajiem jaut\u0101jumiem par loteriju tie\u0161saist\u0113, k\u0101 ar\u012b lab\u0101kos pakalpojumus.","robots":{"index":"index","follow":"follow","max-snippet":"max-snippet:-1","max-image-preview":"max-image-preview:large","max-video-preview":"max-video-preview:-1"},"canonical":"https:\/\/jackpotlotteryonline.com\/lv\/faq\/","og_locale":"lv_LV","og_type":"article","og_title":"Bie\u017e\u0101k uzdotie jaut\u0101jumi par loterij\u0101m | Bie\u017e\u0101k uzdotie jaut\u0101jumi par Loto tie\u0161saist\u0113","og_description":"\u0160eit atrad\u012bsiet atbildes uz bie\u017e\u0101k uzdotajiem jaut\u0101jumiem par loteriju tie\u0161saist\u0113, k\u0101 ar\u012b lab\u0101kos pakalpojumus.","og_url":"https:\/\/jackpotlotteryonline.com\/lv\/faq\/","og_site_name":"Lotto Online - Crack The International Lottery Jackpots","twitter_card":"summary_large_image","twitter_misc":{"Est. reading time":"3 minutes"},"schema":{"@context":"https:\/\/schema.org","@graph":[{"@type":"WebPage","@id":"https:\/\/jackpotlotteryonline.com\/lv\/faq\/","url":"https:\/\/jackpotlotteryonline.com\/lv\/faq\/","name":"Bie\u017e\u0101k uzdotie jaut\u0101jumi par loterij\u0101m | Bie\u017e\u0101k uzdotie jaut\u0101jumi par Loto tie\u0161saist\u0113","isPartOf":{"@id":"https:\/\/jackpotlotteryonline.com\/#website"},"datePublished":"2022-11-15T08:30:31+00:00","dateModified":"2022-11-15T08:30:31+00:00","description":"\u0160eit atrad\u012bsiet atbildes uz bie\u017e\u0101k uzdotajiem jaut\u0101jumiem par loteriju tie\u0161saist\u0113, k\u0101 ar\u012b lab\u0101kos pakalpojumus.","breadcrumb":{"@id":"https:\/\/jackpotlotteryonline.com\/lv\/faq\/#breadcrumb"},"inLanguage":"lv-LV","potentialAction":[{"@type":"ReadAction","target":["https:\/\/jackpotlotteryonline.com\/lv\/faq\/"]}]},{"@type":"BreadcrumbList","@id":"https:\/\/jackpotlotteryonline.com\/lv\/faq\/#breadcrumb","itemListElement":[{"@type":"ListItem","position":1,"name":"Home","item":"https:\/\/jackpotlotteryonline.com\/lv\/"},{"@type":"ListItem","position":2,"name":"BIE\u017d\u0100K UZDOTIE JAUT\u0100JUMI"}]},{"@type":"WebSite","@id":"https:\/\/jackpotlotteryonline.com\/#website","url":"https:\/\/jackpotlotteryonline.com\/","name":"Lotto Online - Crack The International Lottery Jackpots","description":"","potentialAction":[{"@type":"SearchAction","target":{"@type":"EntryPoint","urlTemplate":"https:\/\/jackpotlotteryonline.com\/?s={search_term_string}"},"query-input":"required name=search_term_string"}],"inLanguage":"lv-LV"}]}},"_links":{"self":[{"href":"https:\/\/jackpotlotteryonline.com\/lv\/wp-json\/wp\/v2\/pages\/37769","targetHints":{"allow":["GET"]}}],"collection":[{"href":"https:\/\/jackpotlotteryonline.com\/lv\/wp-json\/wp\/v2\/pages"}],"about":[{"href":"https:\/\/jackpotlotteryonline.com\/lv\/wp-json\/wp\/v2\/types\/page"}],"author":[{"embeddable":true,"href":"https:\/\/jackpotlotteryonline.com\/lv\/wp-json\/wp\/v2\/users\/1"}],"replies":[{"embeddable":true,"href":"https:\/\/jackpotlotteryonline.com\/lv\/wp-json\/wp\/v2\/comments?post=37769"}],"version-history":[{"count":0,"href":"https:\/\/jackpotlotteryonline.com\/lv\/wp-json\/wp\/v2\/pages\/37769\/revisions"}],"wp:attachment":[{"href":"https:\/\/jackpotlotteryonline.com\/lv\/wp-json\/wp\/v2\/media?parent=37769"}],"curies":[{"name":"wp","href":"https:\/\/api.w.org\/{rel}","templated":true}]}}