{"id":39207,"date":"2022-11-22T11:29:53","date_gmt":"2022-11-22T11:29:53","guid":{"rendered":"https:\/\/jackpotlotteryonline.com\/?page_id=39207"},"modified":"2023-01-03T08:53:54","modified_gmt":"2023-01-03T08:53:54","slug":"la-primitiva-2","status":"publish","type":"page","link":"https:\/\/jackpotlotteryonline.com\/lv\/ka-spelet\/la-primitiva-2\/","title":{"rendered":"sp\u0113l\u0113t La Primitiva online"},"content":{"rendered":"<p>Sp\u0101nijas loterija ir viena no popul\u0101r\u0101kaj\u0101m loterij\u0101m Eirop\u0101, un t\u0101 piesaista lotto cien\u012bt\u0101jus vis\u0101 valst\u012b. La Primitiva ir ar\u012b viena no vec\u0101kaj\u0101m loterij\u0101m pasaul\u0113. T\u0101 tika izveidota 1763. gad\u0101 un jau gandr\u012bz 260 gadus priec\u0113 loteriju fanu valst\u012b. L\u012bdz \u0161im t\u0101 bija dom\u0101ta tikai tiem sp\u0113l\u0113t\u0101jiem, kuri dz\u012bvoja \u0161aj\u0101 \u0123eogr\u0101fiskaj\u0101 viet\u0101, ta\u010du, pateicoties internetam, tagad \u0161aj\u0101 loterij\u0101 var piedal\u012bties sp\u0113l\u0113t\u0101ji vis\u0101 pasaul\u0113. Loto sp\u0113les ir \u013coti atkar\u012bgas no veiksmes, un \u0161\u012b nav iz\u0146\u0113mums. T\u0101p\u0113c katr\u0101 izloz\u0113 ir \u013coti daudz pieteikumu, un sp\u0113l\u0113t\u0101ji cen\u0161as ieg\u016bt iesp\u0113ju laim\u0113t lielu laimestu.<\/p>\n<p>Ja v\u0113laties likt <a href=\"https:\/\/jackpotlotteryonline.com\/lv\/iegadaties-biletes\/la-primitiva\">likmes uz popul\u0101r\u0101kaj\u0101m starptautiskaj\u0101m loterij\u0101m<\/a>, tostarp La Primitiva, apmekl\u0113jiet jackptlotteryonline.com jau tagad, lai s\u0101ktu.<\/p>\n<h2>K\u0101 sp\u0113l\u0113t La Primitiva<\/h2>\n<p><img loading=\"lazy\" decoding=\"async\" class=\"alignright size-medium wp-image-28103\" src=\"https:\/\/jackpotlotteryonline.com\/wp-content\/uploads\/2022\/11\/1_lotto_jackpot_online-257x300.jpg\" alt=\"Sp\u0113l\u0113jiet La Primitiva\" width=\"257\" height=\"300\" srcset=\"https:\/\/jackpotlotteryonline.com\/wp-content\/uploads\/2022\/11\/1_lotto_jackpot_online-257x300.jpg 257w, https:\/\/jackpotlotteryonline.com\/wp-content\/uploads\/2022\/11\/1_lotto_jackpot_online.jpg 321w\" sizes=\"auto, (max-width: 257px) 100vw, 257px\" \/><\/p>\n<p>Lai cik jautri b\u016btu sp\u0113l\u0113t Sp\u0101nijas loteriju, t\u0101 var b\u016bt nedaudz mulsino\u0161a tiem, kas ar loterij\u0101m ir ies\u0101c\u0113ji. \u0160\u0137iet, ka taj\u0101 ir nedaudz vair\u0101k skait\u013cu, nek\u0101 da\u017ei sp\u0113l\u0113t\u0101ji ir pieradu\u0161i, un ir ar\u012b da\u017ei citi j\u0113dzieni, kurus var\u0113tu b\u016bt gr\u016bti saprast. Ta\u010du, tikl\u012bdz j\u016bs saprat\u012bsiet, k\u0101 sp\u0113l\u0113t La Primitiva, tas k\u013c\u016bs patie\u0161\u0101m vienk\u0101r\u0161i.<\/p>\n<p>Pirm\u0101 lieta, kas j\u0101izprot, sp\u0113l\u0113jot \u0161o loteriju, ir <strong>Reintegro<\/strong> un<strong> Complementario<\/strong>. Reintegro un Complementarior ir b\u016btiski, lai noteiktu d\u017eekpota ieguv\u0113ju. Ja pl\u0101nojat laim\u0113t d\u017eekpotu, ir svar\u012bgi zin\u0101t, kas tie ir un k\u0101 tie darbojas.<\/p>\n<p>B\u016bt\u012bb\u0101 Reintegro (tulkojum\u0101 no ang\u013cu valodas &#8211; atmaksa) ir viens no bonusa skait\u013ciem, ko izmanto balvu ieguv\u0113ju izv\u0113l\u0113. Complementario (tulkojum\u0101 no ang\u013cu valodas Complementary) ir otrais bonusa skaitlis.<\/p>\n<p><strong>Lai sp\u0113l\u0113tu La Primitiva, sp\u0113l\u0113t\u0101jam ir j\u0101izv\u0113las pieci galvenie skait\u013ci no 1 l\u012bdz 49 un Reintegro no 0 l\u012bdz 9<\/strong>. Jebkur\u0161, kura bi\u013cete atbilst izloz\u0113tajiem skait\u013ciem, vinn\u0113 d\u017eekpotu.<\/p>\n<h2>Ta\u010du Reintegro ir v\u0113l kas cits.<\/h2>\n<p>Reintegro pamat\u0101 tiek izmantots, lai izv\u0113l\u0113tos d\u017eekpota laim\u0113t\u0101ju. T\u0101d\u0113j\u0101di, lai vinn\u0113tu d\u017eekpotu, jums j\u0101sakr\u012bt pieciem galvenajiem skait\u013ciem un Reintegro skaitlim.<\/p>\n<p>Reintegro tiek izmantots ar\u012b citas balvu kategorijas noteik\u0161anai. Sp\u0113lma\u0146i, kas atbilst tikai Reintegro skaitlim, sa\u0146em atpaka\u013c bi\u013cetes cenu. T\u0101p\u0113c to sauc par &#8220;naudas atmaksu&#8221;.<\/p>\n<section class=\"layout\" style=\"border: solid 1px; width: 100%;\">\n<div class=\"img-div\" style=\"margin-top: 5px;\"><img decoding=\"async\" class=\"wp-image-17212 alignleft\" style=\"height: 45px; margin: 8px 8px 0px;\" src=\"https:\/\/jackpotlotteryonline.com\/wp-content\/uploads\/2022\/11\/read1.jpg\" alt=\"las\u012bt\" width=\"\" height=\"\" \/><\/div>\n<div style=\"padding-left: 5px;\">\n<div style=\"font-size: 1.1em;\">\n<p><strong>K\u0101ds ir loterijas veiksmes nosl\u0113pums?<\/strong><\/p>\n<p style=\"font-size: 0.85em; margin-top: -1.5em;\">K\u0101 veiksm\u012bgi sp\u0113l\u0113t loterij\u0101\u00a0<a href=\"https:\/\/jackpotlotteryonline.com\/lv\/kads-ir-looterijas-veiksmes-noslepums\"> las\u012bt vair\u0101k<\/a><\/p>\n<\/div>\n<\/div>\n<\/section>\n<h2>K\u0101 ir ar Complementario?<\/h2>\n<p>Otrs papildnumurs nav svar\u012bgs d\u017eekpota vinn\u0113\u0161anai, ta\u010du tas tiek izmantots, nosakot 2. noda\u013cas balvu kategoriju. T\u0101tad laim\u0113t\u0101js, kur\u0161 sakrit\u012bs ar pieciem galvenajiem skait\u013ciem un Complementario skaitli, ieg\u016bs balvu.<\/p>\n<h2>Izpratne par to, k\u0101 darbojas d\u017eokers<\/h2>\n<p>Ja p\u0113rkat La Primitiva bi\u013cetes pirmo reizi, Joker ir v\u0113l viens nosl\u0113pums, jo \u0161\u0137iet, ka tas veido pavisam citu balvu kategoriju. Paties\u012bb\u0101 tas rada citu balvu kategoriju.\u00a0 Tom\u0113r tas nav oblig\u0101ts, un, ieg\u0101d\u0101joties loterijas bi\u013ceti, j\u016bs varat izv\u0113l\u0113ties iek\u013caut taj\u0101 Joker par papildu samaksu.<\/p>\n<p>Joker ir vair\u0101k l\u012bdz\u012bgs izlozei nek\u0101 loterijai, jo sp\u0113l\u0113t\u0101ji nevar izv\u0113l\u0113ties skait\u013cus. Ja izv\u0113laties Joker, j\u016bsu bi\u013cetei tiek pievienoti septi\u0146i nejau\u0161i izloz\u0113ti skait\u013ci. Tas nenoz\u012bm\u0113, ka j\u016bsu loterijas bi\u013cete tiek anul\u0113ta, tas ir tikai papildin\u0101jums. D\u017eokers dod iesp\u0113ju vinn\u0113t l\u012bdz pat 1 miljonam eiro. Taj\u0101 ir septi\u0146as balvu kategorijas. T\u0101s atrodamas turpm\u0101k:<\/p>\n<p>1. balva &#8211; \u20ac 1 000 000<\/p>\n<p>2. balva &#8211; 10 000 \u20ac<\/p>\n<p>3. balva &#8211; 1000 eiro<\/p>\n<p>4. balva &#8211; 300 \u20ac<\/p>\n<p>5. balva &#8211; \u20ac50<\/p>\n<p>6. balva &#8211; 5 eiro<\/p>\n<p>7. balva &#8211; 5 eiro<\/p>\n<h2>D\u017eokera vinnests<\/h2>\n<p>Ja vinn\u0113siet gan loterij\u0101, gan D\u017eokera loterij\u0101, jums b\u016bs j\u0101izv\u0113las viena no t\u0101m, jo vienas bi\u013cetes izloz\u0113 nevar sa\u0146emt abas balvas. Tom\u0113r tiks izmaks\u0101ta liel\u0101ka balva.<\/p>\n<h2>Loterijas sp\u0113l\u0113\u0161anas so\u013ci tie\u0161saist\u0113<\/h2>\n<p><img loading=\"lazy\" decoding=\"async\" class=\"alignright size-medium wp-image-33512\" src=\"https:\/\/jackpotlotteryonline.com\/wp-content\/uploads\/2022\/11\/2_ticket_la_primitiva2-210x300.jpg\" alt=\"La Primitiva tie\u0161saistes bi\u013cete\" width=\"210\" height=\"300\" srcset=\"https:\/\/jackpotlotteryonline.com\/wp-content\/uploads\/2022\/11\/2_ticket_la_primitiva2-210x300.jpg 210w, https:\/\/jackpotlotteryonline.com\/wp-content\/uploads\/2022\/11\/2_ticket_la_primitiva2.jpg 250w\" sizes=\"auto, (max-width: 210px) 100vw, 210px\" \/><\/p>\n<p>Loterijas likmju lik\u0161ana tie\u0161saist\u0113 ir viens no vienk\u0101r\u0161iem dz\u012bves priekiem galvenok\u0101rt t\u0101p\u0113c, ka viss ir \u0113rti un paroc\u012bgi. J\u016bs varat uzlikt likmi, veicot tikai da\u017eus g\u0101jienus vai piesk\u0101rienus. \u0160eit ir soli pa solim aprakst\u012bts, k\u0101 veikt likmes \u0161aj\u0101 vietn\u0113.<\/p>\n<p>1. solis: Apmekl\u0113jiet izv\u0113l\u0113to vietni un samekl\u0113jiet loteriju, kuru v\u0113laties sp\u0113l\u0113t. M\u0113s loteriju faniem sniedzam piek\u013cuvi daudz\u0101m da\u017e\u0101d\u0101m starptautisk\u0101m loterij\u0101m, tostarp La Primitiva.<\/p>\n<p><strong>2. solis:<\/strong> izv\u0113lieties piecus galvenos skait\u013cus un divus bonusa skait\u013cus. Ja neesat p\u0101rliecin\u0101ts par to, k\u0101dus skait\u013cus v\u0113laties izmantot, varat izmantot vietn\u0113 pieejamo nejau\u0161o skait\u013cu \u0123eneratoru. Varat ar\u012b izv\u0113l\u0113ties vair\u0101k nek\u0101 vienu skait\u013cu rindu, lai palielin\u0101tu savas izredzes laim\u0113t.<\/p>\n<p><strong>3. solis:<\/strong> <a href=\"https:\/\/jackpotlotteryonline.com\/lv\/laimejusie-skaitli\/la-primitiva\">Ievadiet izlozes<\/a>. \u0145emiet v\u0113r\u0101, ka, ja j\u016bs piedal\u0101ties tikai vien\u0101 izloz\u0113, to varat dar\u012bt tikai pirmdien. P\u0101r\u0113j\u0101s izlozes ir ikned\u0113\u013cas izlozes, un, ja v\u0113laties, varat piedal\u012bties vis\u0101s.<\/p>\n<p><strong>4. solis:<\/strong> re\u0123istr\u0113jieties un samaks\u0101jiet. Kad nok\u013c\u016bsiet maks\u0101jumu lap\u0101, jums tiks pied\u0101v\u0101ts re\u0123istr\u0113ties. Tas ir t\u0101d\u0113\u013c, lai j\u016bs var\u0113tu viegli piek\u013c\u016bt savai bi\u013cetei no sava konta, k\u0101 ar\u012b t\u0101d\u0113\u013c, lai m\u0113s var\u0113tu j\u016bs br\u012bdin\u0101t, ja j\u016bs vinn\u0113siet balvas. Jums b\u016bs j\u0101re\u0123istr\u0113jas tikai vienu reizi, bet turpm\u0101k\u0101s reizes vienk\u0101r\u0161i j\u0101piesak\u0101s sav\u0101 kont\u0101.<\/p>\n<p>Tas ir viss, kas nepiecie\u0161ams, lai ieg\u016btu piek\u013cuvi popul\u0101r\u0101kaj\u0101m starptautiskaj\u0101m loterij\u0101m no sava datora vai mobil\u0101s ier\u012bces!<\/p>\n<h2>La Primitiva izlozes rezult\u0101ti<\/h2>\n<p>Izlozes dienas ir aizraujo\u0161as, un daudzi loterijas sp\u0113l\u0113t\u0101ji t\u0101s gaida ar nepaciet\u012bbu. Tie\u0161i tad tie, kas piedal\u012bju\u0161ies izloz\u0113, uzzina, vai vi\u0146i ir laim\u0113ju\u0161i d\u017eekpotu. Papildus d\u017eekpotam ir ar\u012b citas balvas, ko sp\u0113l\u0113t\u0101ji var laim\u0113t, un t\u0101s visas tiek atkl\u0101tas izlozes dien\u0101.<\/p>\n<p>Sp\u0101nijas loterija r\u012bko tr\u012bs izlozes ned\u0113\u013c\u0101 &#8211; pirmdien, ceturtdien un sestdien. Tas noz\u012bm\u0113, ka katru ned\u0113\u013cu sp\u0113l\u0113t\u0101jiem ir tr\u012bs iesp\u0113jas laim\u0113t loterij\u0101. Ja j\u016bs sp\u0113l\u0113jat La Primitive, izmantojot internetu, j\u016bs varat piedal\u012bties n\u0101kamaj\u0101 izloz\u0113 vai ar\u012b autom\u0101tiski piedal\u012bties katr\u0101 izloz\u0113. Atcerieties, ka, jo vair\u0101k izloz\u0113s piedal\u0101ties, jo liel\u0101kas ir j\u016bsu izredzes laim\u0113t loterij\u0101.<\/p>\n<p>Kad izlozes tiek izzi\u0146otas, sp\u0113l\u0113t\u0101ji var noklaus\u012bties izlozes rezult\u0101tus tie\u0161raid\u0113. Tom\u0113r, ja jums nav laika to dar\u012bt, varat atgriezties \u0161eit, lai uzzin\u0101tu izlozes rezult\u0101tus. M\u0113s public\u0113jam ne tikai tos skait\u013cus, kas atbilst visiem izloz\u0113tajiem skait\u013ciem, bet ar\u012b citu l\u012bme\u0146u rezult\u0101tus.<\/p>\n<h2>Par La Primitiva balv\u0101m: ko j\u016bs varat laim\u0113t?<\/h2>\n<p>Papildus galvenajai balvai La Primitiva ir v\u0113l 5 citi balvu l\u012bme\u0146i. Ja pieskaita ar\u012b d\u017eekpotu, tad kop\u0101 ir 6 l\u012bme\u0146i. Ir pat balva, kas tiek pie\u0161\u0137irta par Reintegro numura sakrit\u012bbu. \u0160\u012bs balvas var neb\u016bt miljonos, ta\u010du t\u0101s sasniedz vair\u0101kus t\u016bksto\u0161us eiro. T\u0101p\u0113c t\u0101s noteikti ir v\u0113rts p\u0101rbaud\u012bt.<\/p>\n<p>Ir svar\u012bgi saprast, ka p\u0101r\u0113jiem l\u012bme\u0146iem nav noteiktas konkr\u0113tas balvas, jo t\u0101s ir atkar\u012bgas no attiec\u012bg\u0101 izlozes izlozes sp\u0113l\u0113t\u0101ju skaita. D\u017eekpots ir vien\u012bgais garant\u0113tais balvu l\u012bmenis. 40% no d\u017eekpota summas tiek pie\u0161\u0137irti citiem balvu l\u012bme\u0146iem un sadal\u012bti \u0161o kategoriju uzvar\u0113t\u0101jiem.<\/p>\n<p>Ta\u010du j\u016bs varat ar\u012b izv\u0113l\u0113ties sp\u0113l\u0113t d\u017eokeru, kas iev\u0113rojami palielina potenci\u0101lo laimestu. Joker ir ar\u012b septi\u0146as citas balvu kategorijas, kas ir nodal\u012btas no galvenaj\u0101m balvu kategorij\u0101m, dodot La Primitiva sp\u0113l\u0113t\u0101jiem v\u0113l liel\u0101kas izredzes laim\u0113t.<\/p>\n<h2>Balvu l\u012bme\u0146i<\/h2>\n<p>D\u017eekpots &#8211; atbilst 6 galvenajiem skait\u013ciem + Reintegro<\/p>\n<p>1. da\u013ca &#8211; 6 galveno skait\u013cu sakrit\u012bba<\/p>\n<p>2. da\u013ca &#8211; atbilst 5 galvenajiem skait\u013ciem + bezmaksas skaitlis<\/p>\n<p>3. dal\u012bjums &#8211; 5 galveno skait\u013cu izloze<\/p>\n<p>4. da\u013ca &#8211; 4 galvenie skait\u013ci<\/p>\n<p>5. noda\u013ca &#8211; 3 galveno numuru sakrit\u012bba<\/p>\n<p>Reintegro &#8211; atbilst tikai Reintegro numuram.<\/p>\n<h2>K\u0101 iz\u0146emt laimestu<\/h2>\n<p>Sp\u0113lma\u0146i bie\u017ei interes\u0113jas, k\u0101 vi\u0146i var sa\u0146emt savus laimestus, ja vi\u0146i sp\u0113l\u0113 internet\u0101. Atbilde uz \u0161o jaut\u0101jumu ir atkar\u012bga no loterijas vietnes, kuru j\u016bs izmantojat. Da\u017eas loteriju vietnes nav p\u0101r\u0101k labv\u0113l\u012bgas attiec\u012bb\u0101 uz laimestu izmaks\u0101\u0161anu uzvar\u0113t\u0101jiem, ta\u010du tas ir dr\u012bz\u0101k iz\u0146\u0113mums, nevis likums. Tom\u0113r vienm\u0113r ir labi palikt dro\u0161\u012bb\u0101 un izmantot uzticamu loterijas p\u0101rdev\u0113ju.<\/p>\n<p>Ja j\u016bs sp\u0113l\u0113jat loterij\u0101 kop\u0101 ar mums, tad j\u016bs varat viegli iz\u0146emt savu laimestu. M\u0113s esam izstr\u0101d\u0101ju\u0161i savu sist\u0113mu t\u0101, lai nodro\u0161in\u0101tu maksim\u0101li \u0113rtu lieto\u0161anu un nulles stresu. Izmantojot vair\u0101kas izmaksas iesp\u0113jas, m\u0113s nodro\u0161in\u0101m dro\u0161u metodi, k\u0101 j\u016bs varat sa\u0146emt savu laimestu.<\/p>\n<p>Ja j\u016bsu laimests p\u0101rsniedz noteiktu summu (piem\u0113ram, ja j\u016bs vinn\u0113siet d\u017eekpotu), jums b\u016bs j\u0101identific\u0113 sevi loterijas uz\u0146\u0113mumam. Ta\u010du neuztraucieties, m\u0113s nodro\u0161in\u0101sim jums veidlapu, kuru aizpild\u012bt, un, kad to b\u016bsiet izdar\u012bjis, m\u0113s apstr\u0101d\u0101sim j\u016bsu piepras\u012bjumu.<\/p>\n<h2>Sp\u0113l\u0113jiet kop\u0101 ar mums, lai ieg\u016btu iesp\u0113ju laim\u0113t lielu laimestu<\/h2>\n<p>Ir \u013coti svar\u012bgi, kur j\u016bs veicat savu likmi, un m\u016bsu vietn\u0113 m\u0113s esam dar\u012bju\u0161i visu iesp\u0113jamo, lai izveidotu dro\u0161u vietu sp\u0113lma\u0146iem vis\u0101 pasaul\u0113. Pateicoties pla\u0161ajam starptautisko loteriju kl\u0101stam, j\u016bs varat izv\u0113l\u0113ties jebkuru sp\u0113li, tostarp La Primitiva. D\u017eekpota balvas ir lielas, ta\u010du atcerieties, ka liel\u0101kaj\u0101 da\u013c\u0101 loteriju sp\u0113\u013cu ir vair\u0101ki balvu l\u012bme\u0146i, un da\u017eas no t\u0101m ir \u013coti d\u0101snas.<\/p>\n<p>Ja esat gatavs laim\u0113t lielus laimestus ar La Primitiva, apmekl\u0113jiet m\u016bs jau tagad un veiciet savas likmes. Sp\u0101nijas loterija, kur\u0101 katru ned\u0113\u013cu notiek tr\u012bs izlozes, sniedz sp\u0113l\u0113t\u0101jiem vair\u0101kas iesp\u0113jas laim\u0113t d\u017eekpotu katru ned\u0113\u013cu. Vietn\u0113 jackpotlotteryonline.com vienm\u0113r ir izloze, kur\u0101 j\u016bs varat piedal\u012bties, un j\u016bs nekad nevarat zin\u0101t, vai tie\u0161i \u0161odien ir t\u0101 diena, kad j\u016bs vinn\u0113siet lielo laimestu.<\/p>\n","protected":false},"excerpt":{"rendered":"<p>Sp\u0101nijas loterija ir viena no popul\u0101r\u0101kaj\u0101m loterij\u0101m Eirop\u0101, un t\u0101 piesaista lotto cien\u012bt\u0101jus vis\u0101 valst\u012b. La Primitiva ir ar\u012b viena no vec\u0101kaj\u0101m loterij\u0101m pasaul\u0113. T\u0101 tika izveidota 1763. gad\u0101 un jau gandr\u012bz 260 gadus priec\u0113 loteriju fanu valst\u012b. L\u012bdz \u0161im t\u0101 bija dom\u0101ta tikai tiem sp\u0113l\u0113t\u0101jiem, kuri dz\u012bvoja \u0161aj\u0101 \u0123eogr\u0101fiskaj\u0101 viet\u0101, ta\u010du, pateicoties internetam, tagad [&hellip;]<\/p>\n","protected":false},"author":1,"featured_media":0,"parent":35705,"menu_order":7,"comment_status":"closed","ping_status":"closed","template":"la-primitiva.php","meta":{"_et_pb_use_builder":"","_et_pb_old_content":"","_et_gb_content_width":"","exclude_from_search":false,"footnotes":""},"class_list":["post-39207","page","type-page","status-publish","hentry"],"yoast_head":"<!-- This site is optimized with the Yoast SEO plugin v23.3 - https:\/\/yoast.com\/wordpress\/plugins\/seo\/ -->\n<title>Sp\u0113l\u0113jiet Sp\u0101nijas La Primitiva tie\u0161saistes loteriju no jebkuras valsts<\/title>\n<meta name=\"description\" content=\"K\u0101 sp\u0113l\u0113t La Primitiva un ieg\u016bt lielu laimestu no jebkuras pasaules vietas. Uzziniet, k\u0101 sp\u0113l\u0113t loteriju tie\u0161saist\u0113 un k\u0101das balvas var vinn\u0113t.\" \/>\n<meta name=\"robots\" content=\"index, follow, max-snippet:-1, max-image-preview:large, max-video-preview:-1\" \/>\n<link rel=\"canonical\" href=\"https:\/\/jackpotlotteryonline.com\/lv\/ka-spelet\/la-primitiva-2\/\" \/>\n<meta property=\"og:locale\" content=\"lv_LV\" \/>\n<meta property=\"og:type\" content=\"article\" \/>\n<meta property=\"og:title\" content=\"Sp\u0113l\u0113jiet Sp\u0101nijas La Primitiva tie\u0161saistes loteriju no jebkuras valsts\" \/>\n<meta property=\"og:description\" content=\"K\u0101 sp\u0113l\u0113t La Primitiva un ieg\u016bt lielu laimestu no jebkuras pasaules vietas. Uzziniet, k\u0101 sp\u0113l\u0113t loteriju tie\u0161saist\u0113 un k\u0101das balvas var vinn\u0113t.\" \/>\n<meta property=\"og:url\" content=\"https:\/\/jackpotlotteryonline.com\/lv\/ka-spelet\/la-primitiva-2\/\" \/>\n<meta property=\"og:site_name\" content=\"Lotto Online - Crack The International Lottery Jackpots\" \/>\n<meta property=\"article:modified_time\" content=\"2023-01-03T08:53:54+00:00\" \/>\n<meta property=\"og:image\" content=\"https:\/\/jackpotlotteryonline.com\/wp-content\/uploads\/2022\/11\/1_lotto_jackpot_online-257x300.jpg\" \/>\n<meta name=\"twitter:card\" content=\"summary_large_image\" \/>\n<meta name=\"twitter:label1\" content=\"Est. reading time\" \/>\n\t<meta name=\"twitter:data1\" content=\"7 minutes\" \/>\n<!-- \/ Yoast SEO plugin. -->","yoast_head_json":{"title":"Sp\u0113l\u0113jiet Sp\u0101nijas La Primitiva tie\u0161saistes loteriju no jebkuras valsts","description":"K\u0101 sp\u0113l\u0113t La Primitiva un ieg\u016bt lielu laimestu no jebkuras pasaules vietas. Uzziniet, k\u0101 sp\u0113l\u0113t loteriju tie\u0161saist\u0113 un k\u0101das balvas var vinn\u0113t.","robots":{"index":"index","follow":"follow","max-snippet":"max-snippet:-1","max-image-preview":"max-image-preview:large","max-video-preview":"max-video-preview:-1"},"canonical":"https:\/\/jackpotlotteryonline.com\/lv\/ka-spelet\/la-primitiva-2\/","og_locale":"lv_LV","og_type":"article","og_title":"Sp\u0113l\u0113jiet Sp\u0101nijas La Primitiva tie\u0161saistes loteriju no jebkuras valsts","og_description":"K\u0101 sp\u0113l\u0113t La Primitiva un ieg\u016bt lielu laimestu no jebkuras pasaules vietas. Uzziniet, k\u0101 sp\u0113l\u0113t loteriju tie\u0161saist\u0113 un k\u0101das balvas var vinn\u0113t.","og_url":"https:\/\/jackpotlotteryonline.com\/lv\/ka-spelet\/la-primitiva-2\/","og_site_name":"Lotto Online - Crack The International Lottery Jackpots","article_modified_time":"2023-01-03T08:53:54+00:00","og_image":[{"url":"https:\/\/jackpotlotteryonline.com\/wp-content\/uploads\/2022\/11\/1_lotto_jackpot_online-257x300.jpg"}],"twitter_card":"summary_large_image","twitter_misc":{"Est. reading time":"7 minutes"},"schema":{"@context":"https:\/\/schema.org","@graph":[{"@type":"WebPage","@id":"https:\/\/jackpotlotteryonline.com\/lv\/ka-spelet\/la-primitiva-2\/","url":"https:\/\/jackpotlotteryonline.com\/lv\/ka-spelet\/la-primitiva-2\/","name":"Sp\u0113l\u0113jiet Sp\u0101nijas La Primitiva tie\u0161saistes loteriju no jebkuras valsts","isPartOf":{"@id":"https:\/\/jackpotlotteryonline.com\/#website"},"primaryImageOfPage":{"@id":"https:\/\/jackpotlotteryonline.com\/lv\/ka-spelet\/la-primitiva-2\/#primaryimage"},"image":{"@id":"https:\/\/jackpotlotteryonline.com\/lv\/ka-spelet\/la-primitiva-2\/#primaryimage"},"thumbnailUrl":"https:\/\/jackpotlotteryonline.com\/wp-content\/uploads\/2022\/11\/1_lotto_jackpot_online-257x300.jpg","datePublished":"2022-11-22T11:29:53+00:00","dateModified":"2023-01-03T08:53:54+00:00","description":"K\u0101 sp\u0113l\u0113t La Primitiva un ieg\u016bt lielu laimestu no jebkuras pasaules vietas. Uzziniet, k\u0101 sp\u0113l\u0113t loteriju tie\u0161saist\u0113 un k\u0101das balvas var vinn\u0113t.","breadcrumb":{"@id":"https:\/\/jackpotlotteryonline.com\/lv\/ka-spelet\/la-primitiva-2\/#breadcrumb"},"inLanguage":"lv-LV","potentialAction":[{"@type":"ReadAction","target":["https:\/\/jackpotlotteryonline.com\/lv\/ka-spelet\/la-primitiva-2\/"]}]},{"@type":"ImageObject","inLanguage":"lv-LV","@id":"https:\/\/jackpotlotteryonline.com\/lv\/ka-spelet\/la-primitiva-2\/#primaryimage","url":"https:\/\/jackpotlotteryonline.com\/wp-content\/uploads\/2022\/11\/1_lotto_jackpot_online-257x300.jpg","contentUrl":"https:\/\/jackpotlotteryonline.com\/wp-content\/uploads\/2022\/11\/1_lotto_jackpot_online-257x300.jpg"},{"@type":"BreadcrumbList","@id":"https:\/\/jackpotlotteryonline.com\/lv\/ka-spelet\/la-primitiva-2\/#breadcrumb","itemListElement":[{"@type":"ListItem","position":1,"name":"Home","item":"https:\/\/jackpotlotteryonline.com\/lv\/"},{"@type":"ListItem","position":2,"name":"K\u0101 sp\u0113l\u0113t","item":"https:\/\/jackpotlotteryonline.com\/play-online\/"},{"@type":"ListItem","position":3,"name":"sp\u0113l\u0113t La Primitiva online"}]},{"@type":"WebSite","@id":"https:\/\/jackpotlotteryonline.com\/#website","url":"https:\/\/jackpotlotteryonline.com\/","name":"Lotto Online - Crack The International Lottery Jackpots","description":"","potentialAction":[{"@type":"SearchAction","target":{"@type":"EntryPoint","urlTemplate":"https:\/\/jackpotlotteryonline.com\/?s={search_term_string}"},"query-input":"required name=search_term_string"}],"inLanguage":"lv-LV"}]}},"_links":{"self":[{"href":"https:\/\/jackpotlotteryonline.com\/lv\/wp-json\/wp\/v2\/pages\/39207","targetHints":{"allow":["GET"]}}],"collection":[{"href":"https:\/\/jackpotlotteryonline.com\/lv\/wp-json\/wp\/v2\/pages"}],"about":[{"href":"https:\/\/jackpotlotteryonline.com\/lv\/wp-json\/wp\/v2\/types\/page"}],"author":[{"embeddable":true,"href":"https:\/\/jackpotlotteryonline.com\/lv\/wp-json\/wp\/v2\/users\/1"}],"replies":[{"embeddable":true,"href":"https:\/\/jackpotlotteryonline.com\/lv\/wp-json\/wp\/v2\/comments?post=39207"}],"version-history":[{"count":0,"href":"https:\/\/jackpotlotteryonline.com\/lv\/wp-json\/wp\/v2\/pages\/39207\/revisions"}],"up":[{"embeddable":true,"href":"https:\/\/jackpotlotteryonline.com\/lv\/wp-json\/wp\/v2\/pages\/35705"}],"wp:attachment":[{"href":"https:\/\/jackpotlotteryonline.com\/lv\/wp-json\/wp\/v2\/media?parent=39207"}],"curies":[{"name":"wp","href":"https:\/\/api.w.org\/{rel}","templated":true}]}}