{"id":39319,"date":"2022-11-23T10:57:48","date_gmt":"2022-11-23T10:57:48","guid":{"rendered":"https:\/\/jackpotlotteryonline.com\/?page_id=39319"},"modified":"2023-01-03T09:53:04","modified_gmt":"2023-01-03T09:53:04","slug":"lotto-america","status":"publish","type":"page","link":"https:\/\/jackpotlotteryonline.com\/lv\/ka-spelet\/lotto-america\/","title":{"rendered":"Sp\u0113l\u0113t Lotto America tie\u0161saist\u0113"},"content":{"rendered":"<p>Vai v\u0113laties uzzin\u0101t, k\u0101 piedal\u012bties Lotto America no jebkuras vietas pasaul\u0113? ASV ir vienas no liel\u0101kaj\u0101m loterij\u0101m pasaul\u0113, piem\u0113ram, Lotto America. Interesanti, ka \u0161\u012b ir ar\u012b t\u0101 lotto, kas bie\u017ei tiek ignor\u0113ta par labu t\u0101s daudz liel\u0101kajiem radiniekiem Powerball un Mega Millions. Tom\u0113r ir da\u017ei pieredz\u0113ju\u0161i sp\u0113lma\u0146i, kuri zina, cik neticams ir \u0161is d\u017eekpots, turkl\u0101t izredzes laim\u0113t d\u017eekpotu ir daudz maz\u0101kas nek\u0101, piem\u0113ram, ASV Powerball. T\u0101tad, ja mekl\u0113jat ASV loto, kas dod jums liel\u0101kas izredzes laim\u0113t d\u017eekpotu nek\u0101 citas loterijas, tad jums vajadz\u0113tu p\u0101rbaud\u012bt Lotto America.<\/p>\n<p>Tiesa, Lotto America ir ASV loterija, t\u0101p\u0113c bi\u013cetes tiek p\u0101rdotas ASV. Tom\u0113r sp\u0113l\u0113t\u0101ji var ieg\u0101d\u0101ties \u0161\u012bs loterijas bi\u013cetes, izmantojot t\u0101du vietni k\u0101 jackpotlotteryonline.com. M\u0113s dal\u012bsimies ar da\u017eiem s\u012bkumiem par to, k\u0101 ar\u012b cent\u012bsimies atbild\u0113t uz bie\u017e\u0101k uzdotajiem jaut\u0101jumiem par Lotto America.<\/p>\n<p>Turpiniet las\u012bt, lai uzzin\u0101tu vair\u0101k par Lotto America un par to, k\u0101 orient\u0113ties bi\u013ce\u0161u ieg\u0101des un laimestu sa\u0146em\u0161anas proces\u0101.<\/p>\n<section class=\"layout\" style=\"border: solid 1px; width: 100%;\">\n<div class=\"img-div\" style=\"margin-top: 5px;\"><img decoding=\"async\" class=\"wp-image-17212 alignleft\" style=\"height: 45px; margin: 8px 8px 0px;\" src=\"https:\/\/jackpotlotteryonline.com\/wp-content\/uploads\/2022\/11\/read1.jpg\" alt=\"Las\u012bt \" width=\"\" height=\"\" \/><\/div>\n<div style=\"padding-left: 5px;\">\n<div style=\"font-size: 1.1em;\">\n<p><strong>Izv\u0113l\u0113ties laim\u012bgos loto numurus manu\u0101li vai izmantojot RNG<\/strong><\/p>\n<p style=\"font-size: 0.85em; margin-top: -1.5em;\">K\u0101 \u0123ener\u0113t laim\u012bgos loto numurus? <a href=\"https:\/\/jackpotlotteryonline.com\/lv\/ka-generet-uzvaretaju-loto-numurus\">las\u012bt vair\u0101k<\/a><\/p>\n<\/div>\n<\/div>\n<\/section>\n<h2>Nedaudz par Lotto America<\/h2>\n<p><img loading=\"lazy\" decoding=\"async\" class=\"alignright size-full wp-image-29534\" src=\"https:\/\/jackpotlotteryonline.com\/wp-content\/uploads\/2022\/11\/1_results_lottery_online5.jpg\" alt=\"\" width=\"300\" height=\"200\" \/>Sal\u012bdzinot ar cit\u0101m loterij\u0101m vis\u0101 pasaul\u0113, Lotto America ir sal\u012bdzino\u0161i jauna. T\u0101 tika izveidota 2017. gad\u0101 un darbojas tikai piecus gadus, un t\u0101 tika izveidota, lai aizst\u0101tu Hot Lotto, kas bija apv\u012bta ar daudziem skand\u0101liem. M\u0113s j\u016bs nenogurdin\u0101sim ar deta\u013c\u0101m, pietiek ar to, ka 5 darb\u012bbas gados Lotto America ir bijusi bez skand\u0101liem.<\/p>\n<p>Lotto America ir vair\u0101ku \u0161tatu loterija, kas noz\u012bm\u0113, ka to pied\u0101v\u0101 vair\u0101ki Amerikas \u0161tati. \u0160o \u0161tatu iedz\u012bvot\u0101ji var viegli ieg\u0101d\u0101ties Lotto America bi\u013cetes, ieejot pie jebkura loterijas p\u0101rdev\u0113ja vis\u0101 \u0161tat\u0101. Bet kas notiek, ja dz\u012bvojat \u0101rpus ASV?<\/p>\n<p>Tiem sp\u0113l\u0113t\u0101jiem, kuri dz\u012bvo \u0101rpus ASV un v\u0113las piedal\u012bties Lotto America, ir vienk\u0101r\u0161s risin\u0101jums. Internets ir \u013c\u0101vis sp\u0113l\u0113t\u0101jiem vis\u0101 pasaul\u0113 piedal\u012bties lab\u0101kaj\u0101s starptautiskaj\u0101s loterij\u0101s, ieg\u0101d\u0101joties bi\u013cetes no tie\u0161saistes loteriju p\u0101rdev\u0113ja. Zem\u0101k m\u0113s dal\u012bsimies ar padomiem, k\u0101 sp\u0113l\u0113t Lotto America tie\u0161saist\u0113.<\/p>\n<h2>Lotto America sp\u0113l\u0113\u0161ana tie\u0161saist\u0113<\/h2>\n<p>Pirmais solis, lai sp\u0113l\u0113tu Lotto America tie\u0161saist\u0113, ir atrast t\u012bmek\u013ca vietni, kur\u0101 var\u0113siet <a href=\"https:\/\/jackpotlotteryonline.com\/lv\/iegadaties-biletes\/lotto-america\">ieg\u0101d\u0101ties bi\u013cetes<\/a>. Tas \u0161\u0137iet nedaudz ac\u012bmredzami, ta\u010du p\u0113c br\u012b\u017ea j\u016bs redz\u0113siet, ka tas nav tik vienk\u0101r\u0161i, k\u0101 \u0161\u0137iet.<\/p>\n<p>Paties\u012bba ir t\u0101da, ka ir vair\u0101kas vietnes, kas apgalvo, ka pied\u0101v\u0101 sp\u0113l\u0113t\u0101jiem iesp\u0113ju piedal\u012bties Lotto America. Ta\u010du t\u0101s pied\u0101v\u0101 tikai iesp\u0113ju veikt likmes uz loto izn\u0101kumu. Ja j\u016bs ieg\u0101d\u0101jaties bi\u013cetes \u0161aj\u0101 vietn\u0113, j\u016bs faktiski neesat piedal\u012bjies Lotto America, un pat tad, ja jums atbilst visi izloz\u0113tie skait\u013ci, j\u016bs d\u017eekpotu vinn\u0113t neizdosies. T\u0101p\u0113c ir \u013coti svar\u012bgi izv\u0113l\u0113ties vietni, kuru izmantojat.<\/p>\n<p>Kad esat izv\u0113l\u0113jies vietni, izpildiet t\u0101l\u0101k aprakst\u012btos so\u013cus:<\/p>\n<ol>\n<li>Apmekl\u0113jiet vietni, kuru v\u0113laties izmantot, un noklik\u0161\u0137iniet uz Lotto America.<\/li>\n<li>Izv\u0113lieties 5 skait\u013cus no 1 l\u012bdz 52 (ja neesat p\u0101rliecin\u0101ts, k\u0101dus skait\u013cus izmantot, izm\u0113\u0123iniet autom\u0101tisko skait\u013cu \u0123eneratoru).<\/li>\n<li>P\u0113c tam izv\u0113lieties bonusa skaitli (Star Ball) no 1 l\u012bdz 10.<\/li>\n<li>Ieg\u0101d\u0101jieties papildu skait\u013cu rindas, lai ieg\u016btu liel\u0101kas izredzes laim\u0113t.<\/li>\n<li><a href=\"https:\/\/jackpotlotteryonline.com\/lv\/laimejusie-skaitli\/lotto-america\">Piedalieties izloz\u0113s<\/a> (varat piedal\u012bties vair\u0101k nek\u0101 vien\u0101 izloz\u0113).<\/li>\n<li>Re\u0123istr\u0113jieties un samaks\u0101jiet par saviem ierakstiem.<\/li>\n<\/ol>\n<h2>Kas ir abon\u0113\u0161anas pakalpojums?<\/h2>\n<p>Ja j\u016bs izmantojat t\u0101du vietni k\u0101 m\u016bsu vietne, past\u0101v t\u0101 sauktais abon\u0113\u0161anas pakalpojums, kas \u013cauj bez probl\u0113m\u0101m un bez stresa piedal\u012bties loterij\u0101. Lai gan ir piln\u012bgi norm\u0101li b\u016bt vienreiz\u0113jam sp\u0113l\u0113t\u0101jam (ja j\u016bs to v\u0113laties), liel\u0101k\u0101 da\u013ca sp\u0113l\u0113t\u0101ju sp\u0113l\u0113 bie\u017ei. Lab\u0101kais veids, k\u0101 uzvar\u0113t Lotto America, ir veikt regul\u0101ras likmes, un tie\u0161i tam ir dom\u0101ts \u0161is pakalpojums.<\/p>\n<p>J\u016bs varat iestat\u012bt, lai j\u016bs autom\u0101tiski tiktu pieteikts n\u0101kamajiem izloz\u0113m. Katru ned\u0113\u013cu Lotto America ir 3 izlozes dienas: Pirmdien\u0101s, tre\u0161dien\u0101s un sestdien\u0101s. B\u016bsim god\u012bgi, tas var k\u013c\u016bt mazliet nogurdino\u0161i, cen\u0161oties atcer\u0113ties ieg\u0101d\u0101ties bi\u013cetes katram izloz\u0113jumam, ta\u010du tie\u0161i t\u0101p\u0113c m\u0113s esam \u0161eit.<\/p>\n<p>P\u0113c abon\u0113\u0161anas pakalpojuma iestat\u012b\u0161anas j\u016bs varat atsl\u0101bin\u0101ties un zin\u0101t, ka jums neb\u016bs j\u0101palaid gar\u0101m neviens Lotto America izlozes izlozes izloze.<\/p>\n<h2>Par m\u016bsu konsjer\u017ea pakalpojumiem<\/h2>\n<p>M\u0113s min\u0113j\u0101m, cik b\u012bstami ir izmantot jebkuru interneta vietni, lai sp\u0113l\u0113tu Lotto America. Bet k\u0101 j\u016bs zin\u0101t, ka, sp\u0113l\u0113jot m\u016bsu vietn\u0113, j\u016bs ieejat Lotto America? Tas ir vienk\u0101r\u0161i. M\u0113s pied\u0101v\u0101jam pakalpojumu, kas pal\u012bdz jums ieg\u0101d\u0101ties bi\u013ceti valst\u012b, kur\u0101 tiek sp\u0113l\u0113ta loterija. M\u0113s ar\u012b atvieglosim j\u016bsu pras\u012bbu iesnieg\u0161anu, kad j\u016bs vinn\u0113siet. B\u016bt\u012bb\u0101 j\u016bs varat dom\u0101t par mums k\u0101 par konsjer\u017ea pakalpojumu loteriju sp\u0113l\u0113t\u0101jiem.<\/p>\n<p>Kad sp\u0113l\u0113jat Lotto America m\u016bsu vietn\u0113, notiek tas, kas notiek. Kad b\u016bsiet izv\u0113l\u0113jies savus skait\u013cus un veicis maks\u0101jumu, m\u016bsu a\u0123ents ASV ieg\u0101d\u0101sies fizisku bi\u013ceti, izmantojot j\u016bsu skait\u013cus. T\u0101, protams, b\u016bs j\u016bsu izv\u0113l\u0113tajam izlozei. P\u0113c tam \u0161\u012b bi\u013cete tiek sken\u0113ta un aug\u0161upiel\u0101d\u0113ta j\u016bsu kont\u0101.<\/p>\n<p>\u0160is ir piln\u012bgi likum\u012bgs veids, k\u0101 sp\u0113l\u0113t Lotto America no jebkuras pasaules vietas. Turkl\u0101t tas nodro\u0161ina, ka j\u016bs patie\u0161\u0101m piedal\u0101ties izv\u0113l\u0113taj\u0101 loterij\u0101.<\/p>\n<h2>Izlozes p\u0101rbaude<\/h2>\n<p><img loading=\"lazy\" decoding=\"async\" class=\"alignright size-full wp-image-30506\" src=\"https:\/\/jackpotlotteryonline.com\/wp-content\/uploads\/2022\/11\/3_screen_buy_lotto_tickets_online.jpg\" alt=\"\" width=\"300\" height=\"217\" \/>Lotto America ir tr\u012bs izlozes dienas ned\u0113\u013c\u0101 &#8211; pirmdiena, tre\u0161diena un sestdiena. Izlozes laik\u0101 tiek pazi\u0146ota laim\u0113jus\u012b bi\u013cete. Lai vinn\u0113tu d\u017eekpotu, j\u016bsu bi\u013cetei j\u0101atbilst se\u0161iem izloz\u0113tajiem skait\u013ciem. Lotto America d\u017eekpota balvas s\u0101kas no 2 miljoniem ASV dol\u0101ru, un t\u0101s var p\u0101riet, ja p\u0113c izlozes nav uzvar\u0113t\u0101ja.<\/p>\n<p>T\u0101 k\u0101 p\u0113c katras izlozes (ja nav uzvar\u0113t\u0101ja) laimests tiek p\u0101rlikts, tas var sasniegt pat 18 miljonus ASV dol\u0101ru. T\u0101 ir krietna summa, ko vinn\u0113t, vai ne?<\/p>\n<p>P\u0113c katras izlozes varat atgriezties m\u016bsu vietn\u0113, lai uzzin\u0101tu, vai esat laim\u0113jis balvu. Lotto America ir 9 da\u017e\u0101das balvu kategorijas, un, ja j\u016bs vinn\u0113siet k\u0101du no balv\u0101m, m\u0113s jums nos\u016bt\u012bsim br\u012bdin\u0101juma e-pastu.<\/p>\n<h2>K\u0101 piepras\u012bt savu laimestu<\/h2>\n<p>Viens no jaut\u0101jumiem, ko m\u0113s bie\u017ei dzirdam no sp\u0113l\u0113t\u0101jiem, ir par to, k\u0101 piek\u013c\u016bt saviem laimestiem, kad vi\u0146i piedal\u0101s Lotto America tie\u0161saist\u0113. Ja p\u0113rkat Lotto America bi\u013cetes m\u016bsu vietn\u0113, m\u0113s pied\u0101v\u0101jam vienk\u0101r\u0161u un \u0113rtu metodi, k\u0101 piepras\u012bt savus laimestus. J\u016bsu kont\u0101 tiks ieskait\u012bti vinnesti, kuru summa ir \u20ac2500, un p\u0113c tam j\u016bs var\u0113siet tos iz\u0146emt bez papildu izmaks\u0101m.<\/p>\n<p>Ja j\u016bs vinn\u0113siet liel\u0101ku summu, proced\u016bra ir nedaudz at\u0161\u0137ir\u012bga. M\u0113s jums nodro\u0161in\u0101sim pras\u012bbu veidlapu, kas jums b\u016bs j\u0101aizpilda, un p\u0113c tam m\u0113s apstr\u0101d\u0101sim j\u016bsu pras\u012bbu. Iemesls tam ir t\u0101ds, ka jums b\u016bs nepiecie\u0161ams sevi identific\u0113t. Turkl\u0101t, lai sa\u0146emtu liel\u0101kas summas, da\u017e\u0101s loteriju sabiedr\u012bb\u0101s var b\u016bt nepiecie\u0161ams ierasties person\u012bgi. Ja t\u0101 notiks, m\u0113s nekav\u0113joties j\u016bs par to inform\u0113sim.<\/p>\n<h2>Ieg\u0101d\u0101jieties Lotto America bi\u013cetes kop\u0101 ar mums<\/h2>\n<p>M\u0113s esam pavad\u012bju\u0161i daudzus gadus, izmantojot modern\u0101s tehnolo\u0123ijas un g\u016bstot pla\u0161u pieredzi, lai nodro\u0161in\u0101tu vietu, kur sp\u0113lma\u0146i var dro\u0161i ieg\u0101d\u0101ties bi\u013cetes. J\u016bs varat viegli ieg\u0101d\u0101ties bi\u013cetes uz Lotto America vai jebkuru citu m\u016bsu starptautisko loteriju m\u016bsu vietn\u0113.<\/p>\n<p>K\u0101p\u0113c gan neieg\u0101d\u0101ties bi\u013ceti pie mums jau \u0161odien, ievadot Lotto America? M\u0113s par\u016bp\u0113simies par visu, lai j\u016bs var\u0113tu dar\u012bt to, kas jums pat\u012bk vislab\u0101k. Apmekl\u0113jiet jackpotlotlotteryonline.com, lai ieg\u016btu vair\u0101k inform\u0101cijas.<\/p>\n","protected":false},"excerpt":{"rendered":"<p>Vai v\u0113laties uzzin\u0101t, k\u0101 piedal\u012bties Lotto America no jebkuras vietas pasaul\u0113? ASV ir vienas no liel\u0101kaj\u0101m loterij\u0101m pasaul\u0113, piem\u0113ram, Lotto America. Interesanti, ka \u0161\u012b ir ar\u012b t\u0101 lotto, kas bie\u017ei tiek ignor\u0113ta par labu t\u0101s daudz liel\u0101kajiem radiniekiem Powerball un Mega Millions. Tom\u0113r ir da\u017ei pieredz\u0113ju\u0161i sp\u0113lma\u0146i, kuri zina, cik neticams ir \u0161is d\u017eekpots, turkl\u0101t [&hellip;]<\/p>\n","protected":false},"author":1,"featured_media":0,"parent":35705,"menu_order":13,"comment_status":"closed","ping_status":"closed","template":"lotto-america.php","meta":{"_et_pb_use_builder":"","_et_pb_old_content":"","_et_gb_content_width":"","exclude_from_search":false,"footnotes":""},"class_list":["post-39319","page","type-page","status-publish","hentry"],"yoast_head":"<!-- This site is optimized with the Yoast SEO plugin v23.3 - https:\/\/yoast.com\/wordpress\/plugins\/seo\/ -->\n<title>Sp\u0113l\u0113jiet Lotto America tie\u0161saist\u0113 no jebkuras vietas pasaul\u0113<\/title>\n<meta name=\"description\" content=\"Uzziniet, k\u0101 j\u016bs varat sp\u0113l\u0113t Lotto America tie\u0161saist\u0113. Ieg\u0101d\u0101jieties bi\u013cetes no jebkuras vietas pasaul\u0113 un vinn\u0113jiet p\u0101rsteidzo\u0161as balvas.\" \/>\n<meta name=\"robots\" content=\"index, follow, max-snippet:-1, max-image-preview:large, max-video-preview:-1\" \/>\n<link rel=\"canonical\" href=\"https:\/\/jackpotlotteryonline.com\/lv\/ka-spelet\/lotto-america\/\" \/>\n<meta property=\"og:locale\" content=\"lv_LV\" \/>\n<meta property=\"og:type\" content=\"article\" \/>\n<meta property=\"og:title\" content=\"Sp\u0113l\u0113jiet Lotto America tie\u0161saist\u0113 no jebkuras vietas pasaul\u0113\" \/>\n<meta property=\"og:description\" content=\"Uzziniet, k\u0101 j\u016bs varat sp\u0113l\u0113t Lotto America tie\u0161saist\u0113. Ieg\u0101d\u0101jieties bi\u013cetes no jebkuras vietas pasaul\u0113 un vinn\u0113jiet p\u0101rsteidzo\u0161as balvas.\" \/>\n<meta property=\"og:url\" content=\"https:\/\/jackpotlotteryonline.com\/lv\/ka-spelet\/lotto-america\/\" \/>\n<meta property=\"og:site_name\" content=\"Lotto Online - Crack The International Lottery Jackpots\" \/>\n<meta property=\"article:modified_time\" content=\"2023-01-03T09:53:04+00:00\" \/>\n<meta property=\"og:image\" content=\"https:\/\/jackpotlotteryonline.com\/wp-content\/uploads\/2022\/11\/read1.jpg\" \/>\n<meta name=\"twitter:card\" content=\"summary_large_image\" \/>\n<meta name=\"twitter:label1\" content=\"Est. reading time\" \/>\n\t<meta name=\"twitter:data1\" content=\"6 minutes\" \/>\n<!-- \/ Yoast SEO plugin. -->","yoast_head_json":{"title":"Sp\u0113l\u0113jiet Lotto America tie\u0161saist\u0113 no jebkuras vietas pasaul\u0113","description":"Uzziniet, k\u0101 j\u016bs varat sp\u0113l\u0113t Lotto America tie\u0161saist\u0113. Ieg\u0101d\u0101jieties bi\u013cetes no jebkuras vietas pasaul\u0113 un vinn\u0113jiet p\u0101rsteidzo\u0161as balvas.","robots":{"index":"index","follow":"follow","max-snippet":"max-snippet:-1","max-image-preview":"max-image-preview:large","max-video-preview":"max-video-preview:-1"},"canonical":"https:\/\/jackpotlotteryonline.com\/lv\/ka-spelet\/lotto-america\/","og_locale":"lv_LV","og_type":"article","og_title":"Sp\u0113l\u0113jiet Lotto America tie\u0161saist\u0113 no jebkuras vietas pasaul\u0113","og_description":"Uzziniet, k\u0101 j\u016bs varat sp\u0113l\u0113t Lotto America tie\u0161saist\u0113. Ieg\u0101d\u0101jieties bi\u013cetes no jebkuras vietas pasaul\u0113 un vinn\u0113jiet p\u0101rsteidzo\u0161as balvas.","og_url":"https:\/\/jackpotlotteryonline.com\/lv\/ka-spelet\/lotto-america\/","og_site_name":"Lotto Online - Crack The International Lottery Jackpots","article_modified_time":"2023-01-03T09:53:04+00:00","og_image":[{"url":"https:\/\/jackpotlotteryonline.com\/wp-content\/uploads\/2022\/11\/read1.jpg"}],"twitter_card":"summary_large_image","twitter_misc":{"Est. reading time":"6 minutes"},"schema":{"@context":"https:\/\/schema.org","@graph":[{"@type":"WebPage","@id":"https:\/\/jackpotlotteryonline.com\/lv\/ka-spelet\/lotto-america\/","url":"https:\/\/jackpotlotteryonline.com\/lv\/ka-spelet\/lotto-america\/","name":"Sp\u0113l\u0113jiet Lotto America tie\u0161saist\u0113 no jebkuras vietas pasaul\u0113","isPartOf":{"@id":"https:\/\/jackpotlotteryonline.com\/#website"},"primaryImageOfPage":{"@id":"https:\/\/jackpotlotteryonline.com\/lv\/ka-spelet\/lotto-america\/#primaryimage"},"image":{"@id":"https:\/\/jackpotlotteryonline.com\/lv\/ka-spelet\/lotto-america\/#primaryimage"},"thumbnailUrl":"https:\/\/jackpotlotteryonline.com\/wp-content\/uploads\/2022\/11\/read1.jpg","datePublished":"2022-11-23T10:57:48+00:00","dateModified":"2023-01-03T09:53:04+00:00","description":"Uzziniet, k\u0101 j\u016bs varat sp\u0113l\u0113t Lotto America tie\u0161saist\u0113. Ieg\u0101d\u0101jieties bi\u013cetes no jebkuras vietas pasaul\u0113 un vinn\u0113jiet p\u0101rsteidzo\u0161as balvas.","breadcrumb":{"@id":"https:\/\/jackpotlotteryonline.com\/lv\/ka-spelet\/lotto-america\/#breadcrumb"},"inLanguage":"lv-LV","potentialAction":[{"@type":"ReadAction","target":["https:\/\/jackpotlotteryonline.com\/lv\/ka-spelet\/lotto-america\/"]}]},{"@type":"ImageObject","inLanguage":"lv-LV","@id":"https:\/\/jackpotlotteryonline.com\/lv\/ka-spelet\/lotto-america\/#primaryimage","url":"https:\/\/jackpotlotteryonline.com\/wp-content\/uploads\/2022\/11\/read1.jpg","contentUrl":"https:\/\/jackpotlotteryonline.com\/wp-content\/uploads\/2022\/11\/read1.jpg"},{"@type":"BreadcrumbList","@id":"https:\/\/jackpotlotteryonline.com\/lv\/ka-spelet\/lotto-america\/#breadcrumb","itemListElement":[{"@type":"ListItem","position":1,"name":"Home","item":"https:\/\/jackpotlotteryonline.com\/lv\/"},{"@type":"ListItem","position":2,"name":"K\u0101 sp\u0113l\u0113t","item":"https:\/\/jackpotlotteryonline.com\/play-online\/"},{"@type":"ListItem","position":3,"name":"Sp\u0113l\u0113t Lotto America tie\u0161saist\u0113"}]},{"@type":"WebSite","@id":"https:\/\/jackpotlotteryonline.com\/#website","url":"https:\/\/jackpotlotteryonline.com\/","name":"Lotto Online - Crack The International Lottery Jackpots","description":"","potentialAction":[{"@type":"SearchAction","target":{"@type":"EntryPoint","urlTemplate":"https:\/\/jackpotlotteryonline.com\/?s={search_term_string}"},"query-input":"required name=search_term_string"}],"inLanguage":"lv-LV"}]}},"_links":{"self":[{"href":"https:\/\/jackpotlotteryonline.com\/lv\/wp-json\/wp\/v2\/pages\/39319","targetHints":{"allow":["GET"]}}],"collection":[{"href":"https:\/\/jackpotlotteryonline.com\/lv\/wp-json\/wp\/v2\/pages"}],"about":[{"href":"https:\/\/jackpotlotteryonline.com\/lv\/wp-json\/wp\/v2\/types\/page"}],"author":[{"embeddable":true,"href":"https:\/\/jackpotlotteryonline.com\/lv\/wp-json\/wp\/v2\/users\/1"}],"replies":[{"embeddable":true,"href":"https:\/\/jackpotlotteryonline.com\/lv\/wp-json\/wp\/v2\/comments?post=39319"}],"version-history":[{"count":0,"href":"https:\/\/jackpotlotteryonline.com\/lv\/wp-json\/wp\/v2\/pages\/39319\/revisions"}],"up":[{"embeddable":true,"href":"https:\/\/jackpotlotteryonline.com\/lv\/wp-json\/wp\/v2\/pages\/35705"}],"wp:attachment":[{"href":"https:\/\/jackpotlotteryonline.com\/lv\/wp-json\/wp\/v2\/media?parent=39319"}],"curies":[{"name":"wp","href":"https:\/\/api.w.org\/{rel}","templated":true}]}}