{"id":39489,"date":"2022-11-24T11:41:22","date_gmt":"2022-11-24T11:41:22","guid":{"rendered":"https:\/\/jackpotlotteryonline.com\/?page_id=39489"},"modified":"2023-01-03T17:43:08","modified_gmt":"2023-01-03T17:43:08","slug":"mega-sena-2","status":"publish","type":"page","link":"https:\/\/jackpotlotteryonline.com\/lv\/ka-spelet\/mega-sena-2\/","title":{"rendered":"Sp\u0113l\u0113t Mega-Sena loterijas tie\u0161saist\u0113"},"content":{"rendered":"<p>Vai v\u0113laties ieg\u0101d\u0101ties Mega-Sena loterijas bi\u013cetes no jebkuras vietas pasaul\u0113? Mega-Sena ir Braz\u012blijas liel\u0101k\u0101 loterija, kas darbojas kop\u0161 1996. gada. Miljoniem lotto fanu Braz\u012blij\u0101 pirms katras izlozes steidz ieg\u0101d\u0101ties Mega-Sena bi\u013cetes, un tagad ar\u012b sp\u0113l\u0113t\u0101ji vis\u0101 pasaul\u0113 var piedal\u012bties izloz\u0113, lai laim\u0113tu miljoniem re\u0101lu.<\/p>\n<p>Iesp\u0113jams, viens no iemesliem, k\u0101p\u0113c Mega-Sena ir tik popul\u0101ra, ir tas, ka to vada banka, kas ir liel\u0101k\u0101 valsts banka Braz\u012blij\u0101. Ir j\u0101b\u016bt kaut kam mierino\u0161am un uzticamam, p\u0113rkot bi\u013cetes loterij\u0101, kas pieder bankai.<\/p>\n<p>Tiem, kas dz\u012bvo \u0101rpus Braz\u012blijas, dal\u012bba loterij\u0101 Mega-Sena vairs nav nesasniedzama v\u0113lme. Neatkar\u012bgi no dz\u012bvesvietas j\u016bs varat piedal\u012bties Mega-Sena, protams, ja esat sasniedzis likum\u0101 noteikto vecumu. Ja v\u0113laties uzzin\u0101t, k\u0101 j\u016bs varat piek\u013c\u016bt Braz\u012blijas loto bi\u013cet\u0113m, turpiniet las\u012bt.<\/p>\n<p>Mega-Sena nav vien\u012bgais loto, ko varat sp\u0113l\u0113t no jebkuras vietas. Apmekl\u0113jiet m\u016bs vietn\u0113 jackpotlotteryonline.com, lai uzzin\u0101tu vair\u0101k par lab\u0101kaj\u0101m starptautiskaj\u0101m loterij\u0101m, kur\u0101m varat ieg\u016bt piek\u013cuvi.<\/p>\n<h2>K\u0101 sp\u0113l\u0113t Mega-Sena tie\u0161saist\u0113<\/h2>\n<p>Neatkar\u012bgi no t\u0101, vai atrodaties Braz\u012blij\u0101 vai cit\u0101 kontinent\u0101, j\u016bs varat sp\u0113l\u0113t Mega-Sena. To var izdar\u012bt, <a href=\"https:\/\/jackpotlotteryonline.com\/lv\/iegadaties-biletes\/mega-sena\">ieg\u0101d\u0101joties bi\u013cetes tie\u0161saist\u0113<\/a> pie mums. M\u0113s sniedzam lietot\u0101jiem piek\u013cuvi loterij\u0101m no visas pasaules, tostarp Mega-Sena. Ja j\u016bs izmantojat m\u016bsu vietni, lai sp\u0113l\u0113tu Mega-Sena, m\u0113s nodro\u0161in\u0101m vienk\u0101r\u0161u procesu, lai j\u016bs var\u0113tu sp\u0113l\u0113t bez stresa.<\/p>\n<p>Pirmais solis ir apmekl\u0113t m\u016bsu vietni, p\u0113c tam noklik\u0161\u0137iniet uz saites uz Mega-Sena loteriju. P\u0113c tam jums j\u0101izv\u0113las 6 skait\u013ci no 1 l\u012bdz 60. Katrai izlozei varat izv\u0113l\u0113ties l\u012bdz pat 6 skait\u013cu komplektiem, lai palielin\u0101tu savas izredzes laim\u0113t d\u017eekpotu. Kad esat izv\u0113l\u0113jies skait\u013cus, izv\u0113lieties izlozes dienas un pabeidziet procesu.<\/p>\n<p>Sp\u0113l\u0113jot tie\u0161saist\u0113, ir svar\u012bgi izmantot pakalpojumu, kas nodro\u0161ina piek\u013cuvi Mega-Sena. Daudzas vietnes to sola, ta\u010du, izlasot s\u012bko druk\u0101to tekstu, j\u016bs uzzin\u0101siet, ka t\u0101s \u013cauj jums veikt likmes tikai uz loto izn\u0101kumu. Ja j\u016bs ieg\u0101d\u0101jaties Mega-Sena bi\u013cetes m\u016bsu vietn\u0113, m\u0113s nodro\u0161in\u0101sim, ka j\u016bs tiksiet iek\u013cauts Mega-Sena, un, ja j\u016bsu bi\u013cete sakrit\u012bs ar izloz\u0113tajiem skait\u013ciem, j\u016bs vinn\u0113siet.<\/p>\n<h2>K\u0101 laim\u0113t Mega-Sena<\/h2>\n<p><img loading=\"lazy\" decoding=\"async\" class=\"size-medium wp-image-28319 alignright\" src=\"https:\/\/jackpotlotteryonline.com\/wp-content\/uploads\/2022\/11\/1_mega_lottery_jackpot-300x207.jpg\" alt=\"Uzvar\u0113t Mega-Sena loterij\u0101 \" width=\"300\" height=\"207\" srcset=\"https:\/\/jackpotlotteryonline.com\/wp-content\/uploads\/2022\/11\/1_mega_lottery_jackpot-300x207.jpg 300w, https:\/\/jackpotlotteryonline.com\/wp-content\/uploads\/2022\/11\/1_mega_lottery_jackpot.jpg 320w\" sizes=\"auto, (max-width: 300px) 100vw, 300px\" \/><\/p>\n<p>Izkr\u012bt nauda. Lidojo\u0161as za\u013cas banknotes, izol\u0113tas uz balta, plakanas naudas konfeti, loterijas laimesta koncepcija. Vektore ilustr\u0101cija baneris peln\u012bt naudu fons<\/p>\n<p><a href=\"https:\/\/jackpotlotteryonline.com\/lv\/laimejusie-skaitli\/mega-sena\">Uzvar\u0113t Mega-Sena<\/a> noz\u012bm\u0113, ka jums atbilst izloz\u0113tie skait\u013ci. Pamat\u0101 no iesp\u0113jamiem 60 skait\u013ciem nejau\u0161\u012bbas k\u0101rt\u0101 tiek izloz\u0113ti 6 skait\u013ci. Jebkura bi\u013cete, kas atbilst 6 izloz\u0113tajiem skait\u013ciem, vinn\u0113 d\u017eekpotu.<\/p>\n<p>Mega-Sena izlozes notiek divas reizes ned\u0113\u013c\u0101 &#8211; tre\u0161dien\u0101s un sestdien\u0101s. Ieg\u0101d\u0101joties Mega-Sena bi\u013cetes, j\u016bs varat izv\u0113l\u0113ties, kur\u0101 izloz\u0113 piedal\u012bties. J\u016bs varat piedal\u012bties ar\u012b vair\u0101k\u0101s izloz\u0113s. To dara lab\u0101kie sp\u0113l\u0113t\u0101ji, lai nodro\u0161in\u0101tu p\u0113c iesp\u0113jas liel\u0101kas iesp\u0113jas laim\u0113t d\u017eekpotu.<\/p>\n<p>V\u0113l viena m\u016bsu vietnes priek\u0161roc\u012bba ir t\u0101, ka j\u016bs varat viegli iestat\u012bt autom\u0101tisk\u0101s abon\u0113\u0161anas pakalpojumu, lai ieg\u0101d\u0101tos Mega-Sena bi\u013cetes. Tas noz\u012bm\u0113, ka jums nav manu\u0101li j\u0101ievada katra izloze. Ir viegli aizmirst par t\u0101d\u0101m liet\u0101m un dom\u0101t par to, cik briesm\u012bgi j\u016bs justos, ja izloz\u0113, kur\u0101 neiesaist\u012bj\u0101ties, j\u016bs b\u016btu var\u0113jis laim\u0113t. Iestatiet to t\u0101, lai katr\u0101 izloz\u0113 j\u016bs tiktu autom\u0101tiski ievad\u012bts.<\/p>\n<h2>Mega Sena d\u017eekpots<\/h2>\n<p>D\u017eekpota balva s\u0101kas no 3 miljoniem R$, un, ja p\u0113c izlozes nav uzvar\u0113t\u0101ja, t\u0101 palielin\u0101s. Un tas var k\u013c\u016bt diezgan liels. Izredzes laim\u0113t d\u017eekpotu ir 1 pret 50 miljoniem, kas ir patie\u0161\u0101m labas, sal\u012bdzinot ar cit\u0101m popul\u0101r\u0101kaj\u0101m starptautiskaj\u0101m loterij\u0101m.<\/p>\n<p>Liel\u0101kais d\u017eekpots, ko k\u0101ds ir laim\u0113jis Mega-Sena, bija aptuveni 53 miljoni eiro. T\u0101 ir summa, kas var main\u012bt visu dz\u012bvi. Un l\u012bdz \u0161im liel\u0101kais Mega-Sena d\u017eekpots bija milz\u012bgais 73 miljoni eiro.<\/p>\n<p>Lai gan Mega-Sena d\u017eekpota summa nesasniedz miljardus dol\u0101ru, nav \u0161aubu, ka sp\u0113l\u0113t\u0101js \u0161aj\u0101 loterij\u0101 var laim\u0113t lielu summu. Ja esat s\u0113d\u0113jis uz \u017eogiem, dom\u0101jot par \u0161o loteriju, tagad ir \u012bstais br\u012bdis, lai pie\u0137ertos un ieg\u0101d\u0101tos bi\u013ceti.<\/p>\n<h2>Balvas, ko varat laim\u0113t<\/h2>\n<p>M\u0113s esam pla\u0161i run\u0101ju\u0161i par Mega Sena d\u017eekpotu, kas ir galven\u0101 balva, kuru var laim\u0113t ikviens sp\u0113l\u0113t\u0101js, piedaloties \u0161aj\u0101 loto sp\u0113l\u0113. Tom\u0113r d\u017eekpots nav vien\u012bg\u0101 balva, ko Mega-Sena fani var laim\u0113t.<\/p>\n<p>Mega-Sena ir tr\u012bs balvu l\u012bme\u0146i, ieskaitot d\u017eekpotu. Tom\u0113r ir mazliet gr\u016bti pateikt, cik tie\u0161i lielas b\u016bs balvas, jo katram l\u012bmenim tiek pie\u0161\u0137irta procentu\u0101l\u0101 da\u013ca no balvu fonda. Uzziniet vair\u0101k par balvu l\u012bme\u0146iem.<\/p>\n<p>D\u017eekpots &#8211; Sena: 6 skait\u013cu sakrit\u012bba &#8211; 35% no balvu fonda.<\/p>\n<p>2. l\u012bmenis &#8211; Quina: 5 skait\u013cu sakrit\u012bba &#8211; 19 % no balvu fonda.<\/p>\n<p>3. l\u012bmenis &#8211; Quadra: 4 skait\u013cu sakrit\u012bba &#8211; 19 % no balvu fonda.<\/p>\n<h2>Mega da virada<\/h2>\n<p>Kas ir mega da virada? Ja j\u016bs k\u0101dreiz esat piev\u0113rsies Mega-Sena sp\u0113l\u0113\u0161anai, j\u016bs noteikti esat sask\u0101ries ar mega da virada. Vai t\u0101 ir v\u0113l viena sp\u0113le vai balvu kategorija? Nu, t\u0101 nav ne tas, ne tas. T\u0101 ir Mega Sena loterijas da\u013ca, bet t\u0101 ir \u012bpa\u0161a izloze, kas notiek katru gadu Jaungada nakt\u012b.<\/p>\n<p>Mega da virada visur piesaista pieredz\u0113ju\u0161us sp\u0113lma\u0146us, jo d\u017eekpots parasti ir liels. D\u017eekpots 2022. gad\u0101 ir 450 miljoni R$, un tiek uzskat\u012bts, ka tas ir liel\u0101kais laimests Mega Sena v\u0113stur\u0113! Nav br\u012bnums, ka lotto entuziasti steidz ieg\u0101d\u0101ties ierakstus uz \u0161o izlozi.<\/p>\n<p>J\u016bs varat piedal\u012bties mega da virada izloz\u0113 tie\u0161i \u0161eit, m\u016bsu vietn\u0113. Jums nav j\u0101iziet cauri cilp\u0101m un cilpi\u0146\u0101m, lai piedal\u012btos mega da virada izloz\u0113. Atkl\u0101sim jums nosl\u0113pumu: mega da virada paties\u012bb\u0101 ir Mega Sena, ta\u010du t\u0101 ir p\u0113d\u0113j\u0101 izloze \u0161aj\u0101 gad\u0101. Tas ir viss. T\u0101p\u0113c piedalieties Mega-Sena izloz\u0113 31. decembr\u012b, lai ieg\u016btu iesp\u0113ju laim\u0113t lielu laimestu.<\/p>\n<h2>Paties\u012bba par Mega-Sena loterijas sp\u0113l\u0113\u0161anu tie\u0161saist\u0113<\/h2>\n<p><img loading=\"lazy\" decoding=\"async\" class=\"alignright size-medium wp-image-32000\" src=\"https:\/\/jackpotlotteryonline.com\/wp-content\/uploads\/2022\/11\/1_mega_lotto_ticket-213x300.jpg\" alt=\"Mega-Sena loterijas tie\u0161saistes bi\u013cete\" width=\"213\" height=\"300\" srcset=\"https:\/\/jackpotlotteryonline.com\/wp-content\/uploads\/2022\/11\/1_mega_lotto_ticket-213x300.jpg 213w, https:\/\/jackpotlotteryonline.com\/wp-content\/uploads\/2022\/11\/1_mega_lotto_ticket.jpg 320w\" sizes=\"auto, (max-width: 213px) 100vw, 213px\" \/><\/p>\n<p>Labi, m\u0113s v\u0113lamies velt\u012bt da\u017eas min\u016btes, lai sniegtu jums da\u017eus padomus par Mega-Sena sp\u0113l\u0113\u0161anu internet\u0101. Pirms p\u0113rkat Mega-Sena bi\u013ceti, jums ir j\u0101p\u0101rliecin\u0101s, ka j\u016bs piedal\u0101ties loterij\u0101. Vislab\u0101kais veids ir noskaidrot, vai vietne darbojas k\u0101 a\u0123ents. Tas noz\u012bm\u0113, ka vi\u0146iem ir a\u0123enti Braz\u012blij\u0101, kas ieg\u0101d\u0101jas fiziskas Mega-Sena bi\u013cetes.<\/p>\n<p>V\u0113l viena lieta, kas j\u0101\u0146em v\u0113r\u0101 par \u0161o sp\u0113li, ir t\u0101, ka t\u0101 ir skait\u013cu sp\u0113le. B\u016bt\u012bb\u0101 viss ir saist\u012bts ar to, cik jums paveicas. Tom\u0113r ir da\u017ei veidi, k\u0101 j\u016bs varat pal\u012bdz\u0113t veiksmei un palielin\u0101t savas izredzes laim\u0113t. Viens no veidiem ir ieg\u0101d\u0101ties vair\u0101kus ierakstus.<\/p>\n<p>Mega-Sena ir patie\u0161\u0101m labas izredzes sp\u0113l\u0113t\u0101jiem, t\u0101p\u0113c, jo vair\u0101k bi\u013ce\u0161u j\u016bs ieg\u0101d\u0101jaties, jo liel\u0101kas ir j\u016bsu izredzes laim\u0113t loterij\u0101. Tas pats attiecas uz dal\u012bbu vair\u0101kos izloz\u0113s. Vienm\u0113r ir labs sp\u0113les pl\u0101ns piedal\u012bties vair\u0101k\u0101s izloz\u0113s.<\/p>\n<h2>K\u0101p\u0113c jums vajadz\u0113tu sp\u0113l\u0113t loterij\u0101 kop\u0101 ar mums<\/h2>\n<p>Ir vair\u0101kas loterijas vietnes, kas pied\u0101v\u0101 iesp\u0113ju sp\u0113l\u0113t Mega Sena loteriju. K\u0101p\u0113c jums vajadz\u0113tu izv\u0113l\u0113ties m\u016bs?<\/p>\n<ul>\n<li>M\u0113s esam vietne, kur\u0101 darbojas loteriju a\u0123enti vis\u0101 pasaul\u0113. Ieg\u0101d\u0101joties Mega-Sena bi\u013ceti no mums, m\u016bsu a\u0123enti Braz\u012blij\u0101 ieg\u0101d\u0101sies bi\u013ceti ar j\u016bsu izv\u0113l\u0113tajiem skait\u013ciem. T\u0101d\u0113j\u0101di j\u016bs tiksiet iek\u013cauts Mega-Sena izloz\u0113.<\/li>\n<li>J\u016bs varat iz\u0146emt savu laimestu (l\u012bdz noteiktai summai) no m\u016bsu vietnes. Neatkar\u012bgi no t\u0101, cik daudz j\u016bs vinn\u0113jat, m\u0113s neiekas\u0113jam nek\u0101du komisijas maksu.<\/li>\n<li>Ieg\u0101d\u0101joties bi\u013cetes m\u016bsu vietn\u0113, jums nav j\u0101uztraucas par izlozes nokav\u0113jumu. M\u0113s public\u0113jam izlozes rezult\u0101tus sav\u0101 vietn\u0113, un, ja j\u016bs vinn\u0113siet k\u0101du balvu, m\u0113s jums nos\u016bt\u012bsim e-pastu.<\/li>\n<li>\u0160eit j\u016bs esat dro\u0161\u012bb\u0101. M\u0113s dar\u0101m visu iesp\u0113jamo, lai aizsarg\u0101tu j\u016bsu bi\u013ceti, t\u0101p\u0113c jums nekad neb\u016bs j\u0101uztraucas par bi\u013cetes nozaud\u0113\u0161anu.<\/li>\n<\/ul>\n<p>B\u016bt\u012bb\u0101, ieg\u0101d\u0101joties loterijas bi\u013cetes pie mums, j\u016bs nodro\u0161in\u0101siet savu sirdsmieru. M\u0113s nev\u0113lamies, lai j\u016bs uztraucaties par s\u012bkumiem, t\u0101p\u0113c \u013caujiet mums par to par\u016bp\u0113ties, kam\u0113r j\u016bs koncentr\u0113jaties uz svar\u012bg\u0101ko.<\/p>\n<section class=\"layout\" style=\"border: solid 1px; width: 100%;\">\n<div class=\"img-div\" style=\"margin-top: 5px;\"><img decoding=\"async\" class=\"wp-image-17212 alignleft\" style=\"height: 45px; margin: 8px 8px 0px;\" src=\"https:\/\/jackpotlotteryonline.com\/wp-content\/uploads\/2022\/11\/read1.jpg\" alt=\"Las\u012bt \" width=\"\" height=\"\" \/><\/div>\n<div style=\"padding-left: 5px;\">\n<div style=\"font-size: 1.1em;\">\n<p><strong>Nodok\u013ci no loterijas laimestiem<\/strong><\/p>\n<p style=\"font-size: 0.85em; margin-top: -1.5em;\">Vai par loterijas laimestu j\u0101maks\u0101 nodok\u013ci?\u00a0<a href=\"https:\/\/jackpotlotteryonline.com\/lv\/vai-man-ir-jamaksa-nodokli-par-loterijas-laimestiem\"> las\u012bt vair\u0101k<\/a><\/p>\n<\/div>\n<\/div>\n<\/section>\n<h2>Re\u0123istr\u0113jieties pie mums, lai sp\u0113l\u0113tu Mega-Sena tie\u0161saist\u0113<\/h2>\n<p>Vai esat gatavs piedal\u012bties Mega-Sena loto sp\u0113l\u0113? Turpm\u0101k vairs nemekl\u0113jiet, vienk\u0101r\u0161i re\u0123istr\u0113jieties pie mums, lai s\u0101ktu sp\u0113l\u0113t. Kad esat re\u0123istr\u0113jies, j\u016bs ieg\u016bsiet piek\u013cuvi lab\u0101kaj\u0101m starptautiskaj\u0101m loterij\u0101m, tostarp Mega-Sena. Vislab\u0101kais ir tas, ka, sp\u0113l\u0113jot ar mums, J\u016bsu laimesti ir dro\u0161i; J\u016bs varat iz\u0146emt laim\u0113to naudu.<\/p>\n<p>M\u0113s esam priec\u012bgi saviem klientiem pied\u0101v\u0101t vair\u0101kas izv\u0113les iesp\u0113jas. K\u0101p\u0113c aprobe\u017eoties tikai ar vienu loteriju, ja j\u016bs varat sp\u0113l\u0113t vair\u0101k nek\u0101 divus desmitus da\u017e\u0101du sp\u0113\u013cu? M\u016bsu vietn\u0113 j\u016bs atrad\u012bsiet t\u0101das popul\u0101r\u0101k\u0101s sp\u0113les k\u0101 ASV Powerball, La Primitiva un Eurojackpot. Katr\u0101 m\u016bsu vietn\u0113 pieejamaj\u0101 sp\u0113l\u0113 ir viegli piedal\u012bties.<\/p>\n<p>Ir pien\u0101cis laiks beigt s\u0113d\u0113t uz \u017eoga. Ja nopietni v\u0113laties laim\u0113t lielus laimestus, re\u0123istr\u0113jieties Mega-Sena jau \u0161odien. N\u0101kam\u0101 izloze var\u0113tu b\u016bt laim\u012bgais izloze, kuru esat gaid\u012bjis. Dodieties uz m\u016bsu vietni jau tagad un izv\u0113lieties no pla\u0161\u0101 loteriju kl\u0101sta. Neaizmirstiet iepriek\u0161 pl\u0101not Mega da virada.<\/p>\n","protected":false},"excerpt":{"rendered":"<p>Vai v\u0113laties ieg\u0101d\u0101ties Mega-Sena loterijas bi\u013cetes no jebkuras vietas pasaul\u0113? Mega-Sena ir Braz\u012blijas liel\u0101k\u0101 loterija, kas darbojas kop\u0161 1996. gada. Miljoniem lotto fanu Braz\u012blij\u0101 pirms katras izlozes steidz ieg\u0101d\u0101ties Mega-Sena bi\u013cetes, un tagad ar\u012b sp\u0113l\u0113t\u0101ji vis\u0101 pasaul\u0113 var piedal\u012bties izloz\u0113, lai laim\u0113tu miljoniem re\u0101lu. Iesp\u0113jams, viens no iemesliem, k\u0101p\u0113c Mega-Sena ir tik popul\u0101ra, ir tas, [&hellip;]<\/p>\n","protected":false},"author":1,"featured_media":0,"parent":35705,"menu_order":15,"comment_status":"closed","ping_status":"closed","template":"megasena.php","meta":{"_et_pb_use_builder":"","_et_pb_old_content":"","_et_gb_content_width":"","exclude_from_search":false,"footnotes":""},"class_list":["post-39489","page","type-page","status-publish","hentry"],"yoast_head":"<!-- This site is optimized with the Yoast SEO plugin v23.3 - https:\/\/yoast.com\/wordpress\/plugins\/seo\/ -->\n<title>Ieg\u0101d\u0101jies Mega-Sena bi\u013cetes tie\u0161saist\u0113<\/title>\n<meta name=\"description\" content=\"J\u016bs varat ieg\u0101d\u0101ties Mega-Sena loterijas bi\u013cetes tie\u0161saist\u0113. Uzziniet, k\u0101 sp\u0113l\u0113t un sa\u0146emt laimestus, \u0161eit.\" \/>\n<meta name=\"robots\" content=\"index, follow, max-snippet:-1, max-image-preview:large, max-video-preview:-1\" \/>\n<link rel=\"canonical\" href=\"https:\/\/jackpotlotteryonline.com\/lv\/ka-spelet\/mega-sena-2\/\" \/>\n<meta property=\"og:locale\" content=\"lv_LV\" \/>\n<meta property=\"og:type\" content=\"article\" \/>\n<meta property=\"og:title\" content=\"Ieg\u0101d\u0101jies Mega-Sena bi\u013cetes tie\u0161saist\u0113\" \/>\n<meta property=\"og:description\" content=\"J\u016bs varat ieg\u0101d\u0101ties Mega-Sena loterijas bi\u013cetes tie\u0161saist\u0113. Uzziniet, k\u0101 sp\u0113l\u0113t un sa\u0146emt laimestus, \u0161eit.\" \/>\n<meta property=\"og:url\" content=\"https:\/\/jackpotlotteryonline.com\/lv\/ka-spelet\/mega-sena-2\/\" \/>\n<meta property=\"og:site_name\" content=\"Lotto Online - Crack The International Lottery Jackpots\" \/>\n<meta property=\"article:modified_time\" content=\"2023-01-03T17:43:08+00:00\" \/>\n<meta property=\"og:image\" content=\"https:\/\/jackpotlotteryonline.com\/wp-content\/uploads\/2022\/11\/1_mega_lottery_jackpot-300x207.jpg\" \/>\n<meta name=\"twitter:card\" content=\"summary_large_image\" \/>\n<meta name=\"twitter:label1\" content=\"Est. reading time\" \/>\n\t<meta name=\"twitter:data1\" content=\"7 minutes\" \/>\n<!-- \/ Yoast SEO plugin. -->","yoast_head_json":{"title":"Ieg\u0101d\u0101jies Mega-Sena bi\u013cetes tie\u0161saist\u0113","description":"J\u016bs varat ieg\u0101d\u0101ties Mega-Sena loterijas bi\u013cetes tie\u0161saist\u0113. Uzziniet, k\u0101 sp\u0113l\u0113t un sa\u0146emt laimestus, \u0161eit.","robots":{"index":"index","follow":"follow","max-snippet":"max-snippet:-1","max-image-preview":"max-image-preview:large","max-video-preview":"max-video-preview:-1"},"canonical":"https:\/\/jackpotlotteryonline.com\/lv\/ka-spelet\/mega-sena-2\/","og_locale":"lv_LV","og_type":"article","og_title":"Ieg\u0101d\u0101jies Mega-Sena bi\u013cetes tie\u0161saist\u0113","og_description":"J\u016bs varat ieg\u0101d\u0101ties Mega-Sena loterijas bi\u013cetes tie\u0161saist\u0113. Uzziniet, k\u0101 sp\u0113l\u0113t un sa\u0146emt laimestus, \u0161eit.","og_url":"https:\/\/jackpotlotteryonline.com\/lv\/ka-spelet\/mega-sena-2\/","og_site_name":"Lotto Online - Crack The International Lottery Jackpots","article_modified_time":"2023-01-03T17:43:08+00:00","og_image":[{"url":"https:\/\/jackpotlotteryonline.com\/wp-content\/uploads\/2022\/11\/1_mega_lottery_jackpot-300x207.jpg"}],"twitter_card":"summary_large_image","twitter_misc":{"Est. reading time":"7 minutes"},"schema":{"@context":"https:\/\/schema.org","@graph":[{"@type":"WebPage","@id":"https:\/\/jackpotlotteryonline.com\/lv\/ka-spelet\/mega-sena-2\/","url":"https:\/\/jackpotlotteryonline.com\/lv\/ka-spelet\/mega-sena-2\/","name":"Ieg\u0101d\u0101jies Mega-Sena bi\u013cetes tie\u0161saist\u0113","isPartOf":{"@id":"https:\/\/jackpotlotteryonline.com\/#website"},"primaryImageOfPage":{"@id":"https:\/\/jackpotlotteryonline.com\/lv\/ka-spelet\/mega-sena-2\/#primaryimage"},"image":{"@id":"https:\/\/jackpotlotteryonline.com\/lv\/ka-spelet\/mega-sena-2\/#primaryimage"},"thumbnailUrl":"https:\/\/jackpotlotteryonline.com\/wp-content\/uploads\/2022\/11\/1_mega_lottery_jackpot-300x207.jpg","datePublished":"2022-11-24T11:41:22+00:00","dateModified":"2023-01-03T17:43:08+00:00","description":"J\u016bs varat ieg\u0101d\u0101ties Mega-Sena loterijas bi\u013cetes tie\u0161saist\u0113. Uzziniet, k\u0101 sp\u0113l\u0113t un sa\u0146emt laimestus, \u0161eit.","breadcrumb":{"@id":"https:\/\/jackpotlotteryonline.com\/lv\/ka-spelet\/mega-sena-2\/#breadcrumb"},"inLanguage":"lv-LV","potentialAction":[{"@type":"ReadAction","target":["https:\/\/jackpotlotteryonline.com\/lv\/ka-spelet\/mega-sena-2\/"]}]},{"@type":"ImageObject","inLanguage":"lv-LV","@id":"https:\/\/jackpotlotteryonline.com\/lv\/ka-spelet\/mega-sena-2\/#primaryimage","url":"https:\/\/jackpotlotteryonline.com\/wp-content\/uploads\/2022\/11\/1_mega_lottery_jackpot-300x207.jpg","contentUrl":"https:\/\/jackpotlotteryonline.com\/wp-content\/uploads\/2022\/11\/1_mega_lottery_jackpot-300x207.jpg"},{"@type":"BreadcrumbList","@id":"https:\/\/jackpotlotteryonline.com\/lv\/ka-spelet\/mega-sena-2\/#breadcrumb","itemListElement":[{"@type":"ListItem","position":1,"name":"Home","item":"https:\/\/jackpotlotteryonline.com\/lv\/"},{"@type":"ListItem","position":2,"name":"K\u0101 sp\u0113l\u0113t","item":"https:\/\/jackpotlotteryonline.com\/play-online\/"},{"@type":"ListItem","position":3,"name":"Sp\u0113l\u0113t Mega-Sena loterijas tie\u0161saist\u0113"}]},{"@type":"WebSite","@id":"https:\/\/jackpotlotteryonline.com\/#website","url":"https:\/\/jackpotlotteryonline.com\/","name":"Lotto Online - Crack The International Lottery Jackpots","description":"","potentialAction":[{"@type":"SearchAction","target":{"@type":"EntryPoint","urlTemplate":"https:\/\/jackpotlotteryonline.com\/?s={search_term_string}"},"query-input":"required name=search_term_string"}],"inLanguage":"lv-LV"}]}},"_links":{"self":[{"href":"https:\/\/jackpotlotteryonline.com\/lv\/wp-json\/wp\/v2\/pages\/39489","targetHints":{"allow":["GET"]}}],"collection":[{"href":"https:\/\/jackpotlotteryonline.com\/lv\/wp-json\/wp\/v2\/pages"}],"about":[{"href":"https:\/\/jackpotlotteryonline.com\/lv\/wp-json\/wp\/v2\/types\/page"}],"author":[{"embeddable":true,"href":"https:\/\/jackpotlotteryonline.com\/lv\/wp-json\/wp\/v2\/users\/1"}],"replies":[{"embeddable":true,"href":"https:\/\/jackpotlotteryonline.com\/lv\/wp-json\/wp\/v2\/comments?post=39489"}],"version-history":[{"count":0,"href":"https:\/\/jackpotlotteryonline.com\/lv\/wp-json\/wp\/v2\/pages\/39489\/revisions"}],"up":[{"embeddable":true,"href":"https:\/\/jackpotlotteryonline.com\/lv\/wp-json\/wp\/v2\/pages\/35705"}],"wp:attachment":[{"href":"https:\/\/jackpotlotteryonline.com\/lv\/wp-json\/wp\/v2\/media?parent=39489"}],"curies":[{"name":"wp","href":"https:\/\/api.w.org\/{rel}","templated":true}]}}