{"id":39549,"date":"2022-11-28T07:23:08","date_gmt":"2022-11-28T07:23:08","guid":{"rendered":"https:\/\/jackpotlotteryonline.com\/?page_id=39549"},"modified":"2023-01-03T18:02:47","modified_gmt":"2023-01-03T18:02:47","slug":"powerball-australia","status":"publish","type":"page","link":"https:\/\/jackpotlotteryonline.com\/lv\/ka-spelet\/powerball-australia\/","title":{"rendered":"sp\u0113l\u0113t Powerball Australia tie\u0161saist\u0113"},"content":{"rendered":"<p>Ir iemesls, k\u0101p\u0113c loteriju entuziasti vis\u0101 pasaul\u0113 steidz sp\u0113l\u0113t Austr\u0101lijas Powerball. 2022. gads ir bijis mega d\u017eekpotu gads, un m\u0113s esam redz\u0113ju\u0161i vair\u0101kus sp\u0113l\u0113t\u0101jus, kas starptautiskaj\u0101s loterij\u0101s ir laim\u0113ju\u0161i miljoniem dol\u0101ru. \u0160aj\u0101 vis\u0101 Powerball AU nav bijis iz\u0146\u0113mums, jo l\u012bdz \u0161im liel\u0101kais d\u017eekpots 160 miljonu Austr\u0101lijas dol\u0101ru apm\u0113r\u0101 tika ieg\u016bts 2022. gada oktobr\u012b. \u0145emot v\u0113r\u0101 vair\u0101kus lielus d\u017eekpotus, ko vinn\u0113ju\u0161i atsevi\u0161\u0137u bi\u013ce\u0161u \u012bpa\u0161nieki, jums vajadz\u0113tu apsv\u0113rt iesp\u0113ju sp\u0113l\u0113t \u0161o Powerball.<\/p>\n<p>Interesanti, ka \u0161is Powerball jau k\u0101du laiku past\u0101v. Pirm\u0101 izloze notika 1996. gada 23. maij\u0101, t\u0101tad tai ir 25 gadi. Tiesa, sal\u012bdzinot ar t\u0101d\u0101m loterij\u0101m k\u0101 Sp\u0101nijas La Primitiva, Oz Powerball ir praktiski mazulis. (La Primitiva tika dibin\u0101ta 1763. gad\u0101, un \u0161aj\u0101 loterij\u0101 var piedal\u012bties vietn\u0113 jackpotlotlotteryonline.com).<\/p>\n<p>P\u0113d\u0113jos 25 gadus Oz Powerball ir saglab\u0101jusi d\u0101snu vinnestu un dedz\u012bgu fanu reput\u0101ciju. Agr\u0101k taj\u0101 var\u0113ja piedal\u012bties tikai tie sp\u0113l\u0113t\u0101ji, kuri dz\u012bvoja kontinent\u0101. Tagad sp\u0113lma\u0146i vis\u0101 pasaul\u0113 var sp\u0113l\u0113t Powerball AU tie\u0161saist\u0113, izmantojot savu datoru vai mobil\u0101s ier\u012bces. Turpiniet las\u012bt, lai uzzin\u0101tu, k\u0101 j\u016bs varat sp\u0113l\u0113t \u0161o loteriju tie\u0161saist\u0113.<\/p>\n<h2>K\u0101 sp\u0113l\u0113t Powerball Australia<\/h2>\n<p><img loading=\"lazy\" decoding=\"async\" class=\"alignright size-full wp-image-26402\" src=\"http:\/\/jackpotlotteryonline.com\/wp-content\/uploads\/2022\/11\/1_buy_online_ticket_powerball.jpg\" alt=\"Sp\u0113l\u0113jiet Powerball Australia tie\u0161saist\u0113\" width=\"300\" height=\"194\" \/><\/p>\n<p>Viena no \u0161\u012bs loterijas p\u0101rsteidzo\u0161aj\u0101m \u012bpa\u0161\u012bb\u0101m ir t\u0101, ka tai ir lielas izredzes. Izredzes laim\u0113t d\u017eekpotu ir 1 pret aptuveni 76 miljoniem. Tom\u0113r ir ar\u012b vair\u0101kas citas izlozes, un t\u0101m ir fantastiskas izredzes.<\/p>\n<p>Lai sp\u0113l\u0113tu \u0161o Powerball, jums b\u016bs j\u0101izv\u0113las 7 skait\u013ci no 1 l\u012bdz 35 un Powerball skaitlis no 1 l\u012bdz 20. Tas ir kop\u0101 8 skait\u013ci katrai l\u012bnijai. \u0145emiet v\u0113r\u0101, ka varat ievad\u012bt ar\u012b vair\u0101kas rindas, lai palielin\u0101tu izredzes laim\u0113t loterij\u0101. Jo vair\u0101k l\u012bniju ievad\u0101t, jo liel\u0101kas ir j\u016bsu izredzes laim\u0113t.<\/p>\n<p>Kad esat izv\u0113l\u0113jies skait\u013cus, n\u0101kamais solis ir piedal\u012bties izloz\u0113s. \u0160ai loterijai ir tikai viena izlozes diena &#8211; katru ceturtdienas vakaru. K\u0101 j\u016bs varat iedom\u0101ties, ceturtdienas vakari ir pilni ar satraukumu starp kontinenta sp\u0113l\u0113t\u0101jiem. Ar\u012b j\u016bs varat pievienoties \u0161im uztraukumam, sp\u0113l\u0113jot Powerball.<\/p>\n<h2>K\u0101p\u0113c Powerball Austr\u0101lij\u0101?<\/h2>\n<p>\u0160is ir patie\u0161\u0101m labs jaut\u0101jums. Pateicoties internetam, loteriju entuziastiem vis\u0101 pasaul\u0113 ir pieejams pla\u0161s loteriju kl\u0101sts, kur\u0101s vi\u0146i var piedal\u012bties. K\u0101p\u0113c j\u016bs apsverat iesp\u0113ju sp\u0113l\u0113t Oz Powerball? B\u016bt\u012bb\u0101 \u0161aj\u0101 loterij\u0101 jums ir iesp\u0113ja laim\u0113t miljonus, nesaskaroties ar neticami augst\u0101m izredz\u0113m.<\/p>\n<p>Probl\u0113ma ar daudz\u0101m cit\u0101s pasaules da\u013c\u0101s popul\u0101r\u0101k\u0101m loterij\u0101m ir augst\u0101s izredzes. Piem\u0113ram, ASV Powerball izredzes laim\u0113t \u0161aj\u0101 loterij\u0101 ir 1 pret 200 miljoniem. Sal\u012bdzinot ar Oz Powerball izredz\u0113m 1 pret 76 miljoniem, ir viegli saprast, k\u0101p\u0113c daudzi sp\u0113l\u0113t\u0101ji izv\u0113las \u0161o loteriju.<\/p>\n<section class=\"layout\" style=\"border: solid 1px; width: 100%;\">\n<div class=\"img-div\" style=\"margin-top: 5px;\"><img decoding=\"async\" class=\"wp-image-17212 alignleft\" style=\"height: 45px; margin: 8px 8px 0px;\" src=\"http:\/\/jackpotlotteryonline.com\/wp-content\/uploads\/2022\/11\/read1.jpg\" alt=\"Las\u012bt \" width=\"\" height=\"\" \/><\/div>\n<div style=\"padding-left: 5px;\">\n<div style=\"font-size: 1.1em;\">\n<p><strong>Loterijas kr\u0101p\u0161ana, par kuru jums b\u016btu j\u0101zina<\/strong><\/p>\n<p style=\"font-size: 0.85em; margin-top: -1.5em;\">Neiekr\u012btiet loterijas slazdos\u00a0<a href=\"https:\/\/jackpotlotteryonline.com\/lv\/piesargaties-no-tiessaistes-loterijas-krapsanas\"> las\u012bt vair\u0101k<\/a><\/p>\n<\/div>\n<\/div>\n<\/section>\n<h2>Powerball Austr\u0101lij\u0101 un Powerball ASV: kas at\u0161\u0137iras?<\/h2>\n<p>Bet vai ir k\u0101da at\u0161\u0137ir\u012bba starp Oz un ASV Powerball? Nu, pirm\u0101 un ac\u012bmredzam\u0101k\u0101 at\u0161\u0137ir\u012bba ir d\u017eekpotu lielums. Pasaul\u0113 ir \u013coti maz d\u017eekpotu, kas p\u0113c lieluma var\u0113tu sal\u012bdzin\u0101ties ar ASV Powerball. Nesen tas sasniedza 2 miljardu ASV dol\u0101ru atz\u012bmi. Ja sp\u0113l\u0113siet Oz Powerball, j\u016bs nesa\u0146emsiet ne tuvu \u0161\u0101dam laimestam.<\/p>\n<p>Ar\u012b ASV versij\u0101 laimestu diapazons ir no 1 l\u012bdz 69. Tas noz\u012bm\u0113, ka no mucas ar 69 bumbi\u0146\u0101m tiek izloz\u0113tas 5 bumbi\u0146as. OZ versij\u0101 no mucas, kur\u0101 ir tikai 35 bumbi\u0146as, tiek izloz\u0113ti 7 skait\u013ci. Turkl\u0101t Powerball ASV tiek izloz\u0113ts no mucas ar 26 bumbi\u0146\u0101m, bet Austr\u0101lij\u0101 &#8211; ar 20 bumbi\u0146\u0101m.<\/p>\n<p>Ja v\u0113laties loteriju, kur\u0101, iesp\u0113jams, varat vinn\u0113t miljonus, nepiem\u0113rojot augstas izredzes, tad jums vajadz\u0113tu sp\u0113l\u0113t Austr\u0101lijas Powerball.<\/p>\n<h2>Sp\u0113l\u0113jot tie\u0161saist\u0113<\/h2>\n<p>Tagad, kad j\u016bs zin\u0101t, ka Oz Powerball varat sp\u0113l\u0113t no jebkuras vietas, \u0161eit ir aprakst\u012bts, k\u0101 to izdar\u012bt.<\/p>\n<ul>\n<li>Pirmais solis ir apmekl\u0113t loterijas p\u0101rdev\u0113ju, piem\u0113ram, jackpotlotlotteryonline.com, un doties uz Australian Powerball lapu.<\/li>\n<li>P\u0113c tam izv\u0113lieties skait\u013cus (varat izmantot autom\u0101tisko numuru \u0123eneratoru, lai nejau\u0161i izv\u0113l\u0113tos skait\u013cus).<\/li>\n<li><a href=\"https:\/\/jackpotlotteryonline.com\/lv\/laimejusie-skaitli\/powerball-australia\">Ievadiet izlozi<\/a> un pabeidziet procesu<\/li>\n<li>D\u017eekpota vinnests<\/li>\n<\/ul>\n<p>Izloze notiek reizi ned\u0113\u013c\u0101 ceturtdien\u0101s. T\u0101tad, kad esat re\u0123istr\u0113jies izloz\u0113, n\u0101kamais solis ir gaid\u012bt rezult\u0101tus. Jebkura bi\u013cete, kas atbilst 8 izloz\u0113tajiem skait\u013ciem, vinn\u0113 d\u017eekpotu.<\/p>\n<p>Ir ar\u012b citas balvas par da\u017e\u0101du skait\u013cu sakrit\u012bbu, tostarp balva par tikai 2 skait\u013cu un bonusa skait\u013ca sakrit\u012bbu.<\/p>\n<h2>Balvas, ko varat vinn\u0113t<\/h2>\n<p><img loading=\"lazy\" decoding=\"async\" class=\"alignright size-medium wp-image-19277\" src=\"http:\/\/jackpotlotteryonline.com\/wp-content\/uploads\/2022\/10\/2_ticket_powerball_au2-163x300.jpg\" alt=\"Loterijas bi\u013ce\u0161u sken\u0113\u0161ana\" width=\"163\" height=\"300\" srcset=\"https:\/\/jackpotlotteryonline.com\/wp-content\/uploads\/2022\/10\/2_ticket_powerball_au2-163x300.jpg 163w, https:\/\/jackpotlotteryonline.com\/wp-content\/uploads\/2022\/10\/2_ticket_powerball_au2.jpg 250w\" sizes=\"auto, (max-width: 163px) 100vw, 163px\" \/><\/p>\n<p>Sp\u0113l\u0113jot loterij\u0101, kopum\u0101 ir 9 balvu noda\u013cas.<\/p>\n<p>1. noda\u013ca: 7 skait\u013ci + bonusa skaitlis &#8211; d\u017eekpots (vid\u0113ji 8 miljoni Austr\u0101lijas dol\u0101ru).<\/p>\n<p>2. da\u013ca: tikai 7 skait\u013ci<\/p>\n<p>noda\u013ca: 6 skait\u013ci + bonusa skaitlis<\/p>\n<p>noda\u013ca: tikai 6 skait\u013ci<\/p>\n<p>da\u013ca: 5 skait\u013ci + bonusa skaitlis<\/p>\n<p>6. da\u013ca: tikai 5 skait\u013ci<\/p>\n<p>noda\u013ca: 4 skait\u013ci + bonusa skaitlis<\/p>\n<p>noda\u013ca: 3 skait\u013ci + bonusa skaitlis<\/p>\n<p>noda\u013ca: 2 skait\u013ci + bonusa skaitlis<\/p>\n<p>Katram sadal\u012bjumam pie\u0161\u0137irt\u0101s balvas ir procentu\u0101l\u0101 da\u013ca no balvu fonda. T\u0101tad, jo liel\u0101ks balvu fonds, jo vair\u0101k naudas tiek pie\u0161\u0137irts katrai div\u012bzijai. 2. noda\u013cas balvas ir biju\u0161as pat 800 000 Austr\u0101lijas dol\u0101ru.<\/p>\n<h2>Nopirkt loterijas bi\u013cetes tie\u0161saist\u0113<\/h2>\n<p>Ja esat loterijas fans, tagad varat sp\u0113l\u0113t loteriju tie\u0161saist\u0113, izmantojot m\u016bsu vietni. M\u0113s atvieglojam \u0161o procesu saviem klientiem, nodro\u0161inot visu nepiecie\u0161amo vienuviet. J\u016bs varat ieg\u0101d\u0101ties bi\u013cetes, p\u0101rbaud\u012bt rezult\u0101tus un, ja vinn\u0113siet, sa\u0146emt laimestu tie\u0161i m\u016bsu vietn\u0113.<\/p>\n<p>Mums ir vair\u0101kas iesp\u0113jas, ko varat izmantot, lai <a href=\"https:\/\/jackpotlotteryonline.com\/lv\/iegadaties-biletes\/powerball-australia\">samaks\u0101tu par loterijas bi\u013cet\u0113m<\/a>. Varat ar\u012b iestat\u012bt savu kontu t\u0101, lai j\u016bs autom\u0101tiski tiktu pieteikts vair\u0101kiem izlozes izloz\u0113m jau iepriek\u0161. M\u016bsu klienti bauda grezn\u012bbu, ka vi\u0146iem nav j\u0101p\u0101rbauda izlozes rezult\u0101ti, jo m\u0113s jums pazi\u0146osim, ja j\u016bs kaut ko vinn\u0113siet.<\/p>\n<p>Visbeidzot, ieg\u0101d\u0101joties loterijas bi\u013ceti pie mums, j\u016bs esat p\u0101rliecin\u0101ts, ka sp\u0113l\u0113jat loterij\u0101, kuru esat izv\u0113l\u0113jies. Tas ir t\u0101p\u0113c, ka mums ir a\u0123enti da\u017e\u0101d\u0101s valst\u012bs, kuri ieg\u0101d\u0101sies fizisku bi\u013ceti ar jums atbilsto\u0161iem numuriem. T\u0101d\u0113j\u0101di jums nav fiziski j\u0101atrodas valst\u012b, lai sp\u0113l\u0113tu loteriju. Dodieties uz priek\u0161u un sp\u0113l\u0113jiet Powerball Australia tagad.<\/p>\n","protected":false},"excerpt":{"rendered":"<p>Ir iemesls, k\u0101p\u0113c loteriju entuziasti vis\u0101 pasaul\u0113 steidz sp\u0113l\u0113t Austr\u0101lijas Powerball. 2022. gads ir bijis mega d\u017eekpotu gads, un m\u0113s esam redz\u0113ju\u0161i vair\u0101kus sp\u0113l\u0113t\u0101jus, kas starptautiskaj\u0101s loterij\u0101s ir laim\u0113ju\u0161i miljoniem dol\u0101ru. \u0160aj\u0101 vis\u0101 Powerball AU nav bijis iz\u0146\u0113mums, jo l\u012bdz \u0161im liel\u0101kais d\u017eekpots 160 miljonu Austr\u0101lijas dol\u0101ru apm\u0113r\u0101 tika ieg\u016bts 2022. gada oktobr\u012b. \u0145emot v\u0113r\u0101 [&hellip;]<\/p>\n","protected":false},"author":1,"featured_media":0,"parent":35705,"menu_order":17,"comment_status":"closed","ping_status":"closed","template":"powerball-au.php","meta":{"_et_pb_use_builder":"","_et_pb_old_content":"","_et_gb_content_width":"","exclude_from_search":false,"footnotes":""},"class_list":["post-39549","page","type-page","status-publish","hentry"],"yoast_head":"<!-- This site is optimized with the Yoast SEO plugin v23.3 - https:\/\/yoast.com\/wordpress\/plugins\/seo\/ -->\n<title>Sp\u0113l\u0113jiet Powerball Australia \u0101rpus Austr\u0101lijas<\/title>\n<meta name=\"description\" content=\"Jums nav j\u0101dz\u012bvo Austr\u0101lij\u0101, lai sp\u0113l\u0113tu Powerball Australia. Uzziniet, k\u0101 sp\u0113l\u0113t tie\u0161saist\u0113.\" \/>\n<meta name=\"robots\" content=\"index, follow, max-snippet:-1, max-image-preview:large, max-video-preview:-1\" \/>\n<link rel=\"canonical\" href=\"https:\/\/jackpotlotteryonline.com\/lv\/ka-spelet\/powerball-australia\/\" \/>\n<meta property=\"og:locale\" content=\"lv_LV\" \/>\n<meta property=\"og:type\" content=\"article\" \/>\n<meta property=\"og:title\" content=\"Sp\u0113l\u0113jiet Powerball Australia \u0101rpus Austr\u0101lijas\" \/>\n<meta property=\"og:description\" content=\"Jums nav j\u0101dz\u012bvo Austr\u0101lij\u0101, lai sp\u0113l\u0113tu Powerball Australia. Uzziniet, k\u0101 sp\u0113l\u0113t tie\u0161saist\u0113.\" \/>\n<meta property=\"og:url\" content=\"https:\/\/jackpotlotteryonline.com\/lv\/ka-spelet\/powerball-australia\/\" \/>\n<meta property=\"og:site_name\" content=\"Lotto Online - Crack The International Lottery Jackpots\" \/>\n<meta property=\"article:modified_time\" content=\"2023-01-03T18:02:47+00:00\" \/>\n<meta property=\"og:image\" content=\"http:\/\/jackpotlotteryonline.com\/wp-content\/uploads\/2022\/11\/1_buy_online_ticket_powerball.jpg\" \/>\n<meta name=\"twitter:card\" content=\"summary_large_image\" \/>\n<meta name=\"twitter:label1\" content=\"Est. reading time\" \/>\n\t<meta name=\"twitter:data1\" content=\"5 minutes\" \/>\n<!-- \/ Yoast SEO plugin. -->","yoast_head_json":{"title":"Sp\u0113l\u0113jiet Powerball Australia \u0101rpus Austr\u0101lijas","description":"Jums nav j\u0101dz\u012bvo Austr\u0101lij\u0101, lai sp\u0113l\u0113tu Powerball Australia. Uzziniet, k\u0101 sp\u0113l\u0113t tie\u0161saist\u0113.","robots":{"index":"index","follow":"follow","max-snippet":"max-snippet:-1","max-image-preview":"max-image-preview:large","max-video-preview":"max-video-preview:-1"},"canonical":"https:\/\/jackpotlotteryonline.com\/lv\/ka-spelet\/powerball-australia\/","og_locale":"lv_LV","og_type":"article","og_title":"Sp\u0113l\u0113jiet Powerball Australia \u0101rpus Austr\u0101lijas","og_description":"Jums nav j\u0101dz\u012bvo Austr\u0101lij\u0101, lai sp\u0113l\u0113tu Powerball Australia. Uzziniet, k\u0101 sp\u0113l\u0113t tie\u0161saist\u0113.","og_url":"https:\/\/jackpotlotteryonline.com\/lv\/ka-spelet\/powerball-australia\/","og_site_name":"Lotto Online - Crack The International Lottery Jackpots","article_modified_time":"2023-01-03T18:02:47+00:00","og_image":[{"url":"http:\/\/jackpotlotteryonline.com\/wp-content\/uploads\/2022\/11\/1_buy_online_ticket_powerball.jpg"}],"twitter_card":"summary_large_image","twitter_misc":{"Est. reading time":"5 minutes"},"schema":{"@context":"https:\/\/schema.org","@graph":[{"@type":"WebPage","@id":"https:\/\/jackpotlotteryonline.com\/lv\/ka-spelet\/powerball-australia\/","url":"https:\/\/jackpotlotteryonline.com\/lv\/ka-spelet\/powerball-australia\/","name":"Sp\u0113l\u0113jiet Powerball Australia \u0101rpus Austr\u0101lijas","isPartOf":{"@id":"https:\/\/jackpotlotteryonline.com\/#website"},"primaryImageOfPage":{"@id":"https:\/\/jackpotlotteryonline.com\/lv\/ka-spelet\/powerball-australia\/#primaryimage"},"image":{"@id":"https:\/\/jackpotlotteryonline.com\/lv\/ka-spelet\/powerball-australia\/#primaryimage"},"thumbnailUrl":"http:\/\/jackpotlotteryonline.com\/wp-content\/uploads\/2022\/11\/1_buy_online_ticket_powerball.jpg","datePublished":"2022-11-28T07:23:08+00:00","dateModified":"2023-01-03T18:02:47+00:00","description":"Jums nav j\u0101dz\u012bvo Austr\u0101lij\u0101, lai sp\u0113l\u0113tu Powerball Australia. Uzziniet, k\u0101 sp\u0113l\u0113t tie\u0161saist\u0113.","breadcrumb":{"@id":"https:\/\/jackpotlotteryonline.com\/lv\/ka-spelet\/powerball-australia\/#breadcrumb"},"inLanguage":"lv-LV","potentialAction":[{"@type":"ReadAction","target":["https:\/\/jackpotlotteryonline.com\/lv\/ka-spelet\/powerball-australia\/"]}]},{"@type":"ImageObject","inLanguage":"lv-LV","@id":"https:\/\/jackpotlotteryonline.com\/lv\/ka-spelet\/powerball-australia\/#primaryimage","url":"http:\/\/jackpotlotteryonline.com\/wp-content\/uploads\/2022\/11\/1_buy_online_ticket_powerball.jpg","contentUrl":"http:\/\/jackpotlotteryonline.com\/wp-content\/uploads\/2022\/11\/1_buy_online_ticket_powerball.jpg"},{"@type":"BreadcrumbList","@id":"https:\/\/jackpotlotteryonline.com\/lv\/ka-spelet\/powerball-australia\/#breadcrumb","itemListElement":[{"@type":"ListItem","position":1,"name":"Home","item":"https:\/\/jackpotlotteryonline.com\/lv\/"},{"@type":"ListItem","position":2,"name":"K\u0101 sp\u0113l\u0113t","item":"https:\/\/jackpotlotteryonline.com\/play-online\/"},{"@type":"ListItem","position":3,"name":"sp\u0113l\u0113t Powerball Australia tie\u0161saist\u0113"}]},{"@type":"WebSite","@id":"https:\/\/jackpotlotteryonline.com\/#website","url":"https:\/\/jackpotlotteryonline.com\/","name":"Lotto Online - Crack The International Lottery Jackpots","description":"","potentialAction":[{"@type":"SearchAction","target":{"@type":"EntryPoint","urlTemplate":"https:\/\/jackpotlotteryonline.com\/?s={search_term_string}"},"query-input":"required name=search_term_string"}],"inLanguage":"lv-LV"}]}},"_links":{"self":[{"href":"https:\/\/jackpotlotteryonline.com\/lv\/wp-json\/wp\/v2\/pages\/39549","targetHints":{"allow":["GET"]}}],"collection":[{"href":"https:\/\/jackpotlotteryonline.com\/lv\/wp-json\/wp\/v2\/pages"}],"about":[{"href":"https:\/\/jackpotlotteryonline.com\/lv\/wp-json\/wp\/v2\/types\/page"}],"author":[{"embeddable":true,"href":"https:\/\/jackpotlotteryonline.com\/lv\/wp-json\/wp\/v2\/users\/1"}],"replies":[{"embeddable":true,"href":"https:\/\/jackpotlotteryonline.com\/lv\/wp-json\/wp\/v2\/comments?post=39549"}],"version-history":[{"count":0,"href":"https:\/\/jackpotlotteryonline.com\/lv\/wp-json\/wp\/v2\/pages\/39549\/revisions"}],"up":[{"embeddable":true,"href":"https:\/\/jackpotlotteryonline.com\/lv\/wp-json\/wp\/v2\/pages\/35705"}],"wp:attachment":[{"href":"https:\/\/jackpotlotteryonline.com\/lv\/wp-json\/wp\/v2\/media?parent=39549"}],"curies":[{"name":"wp","href":"https:\/\/api.w.org\/{rel}","templated":true}]}}