{"id":39601,"date":"2022-11-28T08:52:49","date_gmt":"2022-11-28T08:52:49","guid":{"rendered":"https:\/\/jackpotlotteryonline.com\/?page_id=39601"},"modified":"2023-01-03T18:27:50","modified_gmt":"2023-01-03T18:27:50","slug":"saturday-lotto","status":"publish","type":"page","link":"https:\/\/jackpotlotteryonline.com\/lv\/ka-spelet\/saturday-lotto\/","title":{"rendered":"sp\u0113l\u0113t Saturday Lotto tie\u0161saist\u0113"},"content":{"rendered":"<p>Saturday Lotto ir viena no popul\u0101r\u0101kaj\u0101m Austr\u0101lijas loterij\u0101m, un sp\u0113l\u0113t\u0101ji vis\u0101 valst\u012b to gaida ar nepaciet\u012bbu. Viens no iemesliem ir tas, ka t\u0101s v\u0113stur\u0113 ir izloz\u0113ts daudz miljon\u0101ru. D\u017eekpots var sasniegt pat 10 miljonus Austr\u0101lijas dol\u0101ru, kas, ja par to padom\u0101, ir neticams laimests. L\u012bdz \u0161im, lai var\u0113tu sp\u0113l\u0113t \u0161aj\u0101 loterij\u0101, jums bija j\u0101b\u016bt Austr\u0101lijas iedz\u012bvot\u0101jam, jo bi\u013cetes bija pieejamas tikai \u0161aj\u0101 valst\u012b. L\u012bdz ar interneta ievie\u0161anu tas ir main\u012bjies, jo sp\u0113l\u0113t\u0101ji vis\u0101 pasaul\u0113 tagad var sp\u0113l\u0113t \u0161aj\u0101 loterij\u0101 no jebkuras vietas.<\/p>\n<p>T\u0101tad, ja v\u0113laties sp\u0113l\u0113t sestdienas loto, viss, kas jums j\u0101dara, ir j\u0101apmekl\u0113 jackpotlotlotteryonline.com, lai <a href=\"https:\/\/jackpotlotteryonline.com\/lv\/iegadaties-biletes\/saturday-lotto\">ieg\u0101d\u0101tos loterijas bi\u013ceti<\/a>. Interesanti, ka tur var ieg\u0101d\u0101ties ar\u012b visu liel\u0101ko starptautisko loteriju bi\u013cetes.<\/p>\n<h2>Sestdienas loto izcelsme<\/h2>\n<p><img loading=\"lazy\" decoding=\"async\" class=\"alignright size-medium wp-image-28103\" src=\"https:\/\/jackpotlotteryonline.com\/wp-content\/uploads\/2022\/11\/1_lotto_jackpot_online-257x300.jpg\" alt=\"Sestdienas loto d\u017eekpots\" width=\"257\" height=\"300\" srcset=\"https:\/\/jackpotlotteryonline.com\/wp-content\/uploads\/2022\/11\/1_lotto_jackpot_online-257x300.jpg 257w, https:\/\/jackpotlotteryonline.com\/wp-content\/uploads\/2022\/11\/1_lotto_jackpot_online.jpg 321w\" sizes=\"auto, (max-width: 257px) 100vw, 257px\" \/><\/p>\n<p>Pirm\u0101 izloze notika 1972. gada 24. j\u016bnij\u0101, un t\u0101 bija pirm\u0101 \u0161\u0101da veida lotto Austr\u0101lij\u0101. T\u0101 ir ar\u012b visilg\u0101k Austr\u0101lij\u0101 notieko\u0161\u0101 lotto. Da\u017e\u0101d\u0101s Austr\u0101lijas da\u013c\u0101s sp\u0113l\u0113t\u0101ji to paz\u012bst ar da\u017e\u0101diem nosaukumiem: \u0160\u0101di nosaukumi ir da\u017e\u0101di: Tattslotto, Gold lotto, X lotto vai vienk\u0101r\u0161i lotto.<\/p>\n<p>Minim\u0101l\u0101 garant\u0113t\u0101 d\u017eekpota summa sp\u0113l\u0113 ir 5 miljoni Austr\u0101lijas dol\u0101ru, un, ja nav uzvar\u0113t\u0101ja, t\u0101 p\u0101riet uz n\u0101kamo ned\u0113\u013cu. \u0160\u012b lotto neticam\u0101 \u012bpa\u0161\u012bba ir t\u0101, ka sp\u0113l\u0113t\u0101jiem ir patie\u0161\u0101m liela varb\u016bt\u012bba laim\u0113t d\u017eekpotu. Izredzes ir tik zemas, ka d\u017eekpota balva reti kad p\u0101rkr\u012bt, jo parasti vienm\u0113r ir k\u0101ds uzvar\u0113t\u0101js.<\/p>\n<p>Sestdienas loto reizi gad\u0101 r\u012bko ar\u012b mega izlozi, kas notiek p\u0113c Ziemassv\u0113tkiem. Mega izlozes d\u017eekpots ir diezgan liels, un tas tika palielin\u0101ts l\u012bdz 30 miljoniem Austr\u0101lijas dol\u0101ru. Mega izloz\u0113 parasti ir vair\u0101ki uzvar\u0113t\u0101ji.<\/p>\n<h2>K\u0101 sp\u0113l\u0113t Saturday Lotto tie\u0161saist\u0113<\/h2>\n<p>Lai sp\u0113l\u0113tu Saturday Lotto, vienk\u0101r\u0161i apmekl\u0113jiet jackpotlotlotteryonline.com un dodieties uz Lotto lapu. Izv\u0113lieties se\u0161us skait\u013cus no 1 l\u012bdz 45. J\u016bs vienm\u0113r varat izv\u0113l\u0113ties skait\u013cus manu\u0101li vai izmantot m\u016bsu autom\u0101tisko sist\u0113mu, kas \u0123ener\u0113 nejau\u0161us skait\u013cus.<\/p>\n<p><a href=\"https:\/\/jackpotlotteryonline.com\/lv\/laimejusie-skaitli\/saturday-lotto\">P\u0113c tam ievadiet izlozes<\/a>. Paties\u012bb\u0101 ned\u0113\u013c\u0101 ir tikai viens izlozes izloze, un t\u0101 notiek sestdien. T\u0101p\u0113c ar\u012b nosaukums: Saturday Lotto. Ta\u010du j\u016bs varat ievad\u012bt l\u012bdz pat 10 izloz\u0113m p\u0113c k\u0101rtas. Ja izv\u0113l\u0113sieties \u0161o iesp\u0113ju, n\u0101kamaj\u0101s 10 ned\u0113\u013c\u0101s j\u016bs autom\u0101tiski piedal\u012bsieties katr\u0101 izloz\u0113.<\/p>\n<p>Kad esat to visu izdar\u012bjis, n\u0101kamais solis ir apstr\u0101d\u0101t savu maks\u0101jumu. M\u0113s l\u016bgsim j\u016bs re\u0123istr\u0113ties m\u016bsu vietn\u0113, lai m\u0113s var\u0113tu saglab\u0101t j\u016bsu bi\u013ceti dro\u0161\u012bb\u0101, kad j\u016bs sp\u0113l\u0113jat. M\u0113s j\u016bs ar\u012b inform\u0113sim, ja j\u016bs kaut ko vinn\u0113siet, un tad j\u016bs var\u0113siet sa\u0146emt savu laimestu no m\u016bsu platformas.<\/p>\n<section class=\"layout\" style=\"border: solid 1px; width: 100%;\">\n<div class=\"img-div\" style=\"margin-top: 5px;\"><img decoding=\"async\" class=\"wp-image-17212 alignleft\" style=\"height: 45px; margin: 8px 8px 0px;\" src=\"https:\/\/jackpotlotteryonline.com\/wp-content\/uploads\/2022\/11\/read1.jpg\" alt=\"Las\u012bt \" width=\"\" height=\"\" \/><\/div>\n<div style=\"padding-left: 5px;\">\n<div style=\"font-size: 1.1em;\">\n<p><strong>Da\u017ei triki un padomi numuru izv\u0113lei<\/strong><\/p>\n<p style=\"font-size: 0.85em; margin-top: -1.5em;\">Palieliniet savas laimestu izredzes &#8211; izmantojiet k\u0101du strat\u0113\u0123iju, lai izv\u0113l\u0113tos skait\u013cus<a href=\"https:\/\/jackpotlotteryonline.com\/lv\/a-daudz-triku-un-padomu-ka-izveleties-jaunus-lozetes-numurus\">\u00a0las\u012bt vair\u0101k<\/a><\/p>\n<\/div>\n<\/div>\n<\/section>\n<h2>Priek\u0161roc\u012bbas<\/h2>\n<p>Tiem, kuri ir pieradu\u0161i pirkt fiziskas loterijas bi\u013cetes un fanf\u0101ras, ko rada laimests, var b\u016bt gr\u016bti saskat\u012bt priek\u0161roc\u012bbas, ko sniedz sp\u0113l\u0113\u0161ana internet\u0101. Ta\u010du m\u0113s dal\u012bsimies ar da\u017e\u0101m no t\u0101m.<\/p>\n<p>Sp\u0113l\u0113t Saturday Lotto tie\u0161saist\u0113 ir \u0113rti. Jums nav j\u0101atst\u0101j vieta, kur atrodaties, un nekur j\u0101dodas, jo j\u016bs varat viegli sp\u0113l\u0113t dator\u0101 vai mobilaj\u0101 ier\u012bc\u0113. Turkl\u0101t tas noz\u012bm\u0113, ka tagad jums ir pieejama pla\u0161\u0101ka loteriju izv\u0113le no visas pasaules.<\/p>\n<p>Loterijas bi\u013ce\u0161u ieg\u0101de nav vien\u012bg\u0101 priek\u0161roc\u012bba, kad j\u016bs sp\u0113l\u0113jat loteriju. Iesp\u0113jams, galven\u0101 priek\u0161roc\u012bba ir t\u0101, ka j\u016bs varat viegli iz\u0146emt laimestu. Tas ir vienk\u0101r\u0161i, un bie\u017ei vien jums nav j\u0101veic sare\u017e\u0123\u012bta proced\u016bra, lai sa\u0146emtu savu laimestu.<\/p>\n<h2>Uzvara sestdienas loto<\/h2>\n<p>Lai vinn\u0113tu loto, jums ir j\u0101atbilst visiem se\u0161iem izloz\u0113tajiem skait\u013ciem. Jebkura bi\u013cete, kas atbilst visiem se\u0161iem izloz\u0113tajiem skait\u013ciem, vinn\u0113 d\u017eekpotu. Ir ar\u012b citas balvas, ko varat vinn\u0113t, un m\u0113s t\u0101s piemin\u0113sim v\u0113l\u0101k. Ta\u010du \u0146emiet v\u0113r\u0101, ka balvu var vinn\u0113t, sakr\u012btot 3 izloz\u0113tajiem skait\u013ciem.<\/p>\n<p>Ja j\u016bs uzvar\u0113siet loterij\u0101, j\u016bs var\u0113siet iz\u0146emt laimestu no m\u016bsu platformas uzreiz sav\u0101 kont\u0101.<\/p>\n<p>L\u016bdzu, \u0146emiet v\u0113r\u0101, ka gad\u012bjum\u0101, ja j\u016bsu laimests ir liel\u0101ks par 2500, jums b\u016bs j\u0101pieprasa laimests tie\u0161i no loterijas uz\u0146\u0113muma. Bet neuztraucieties, m\u0113s jums pal\u012bdz\u0113sim, sniedzot jums pras\u012bbu veidlapu, kas j\u0101aizpilda.<\/p>\n<h2>Papildu skait\u013ci<\/h2>\n<p><img loading=\"lazy\" decoding=\"async\" class=\"alignright size-medium wp-image-29183\" src=\"https:\/\/jackpotlotteryonline.com\/wp-content\/uploads\/2022\/11\/1_play_lotto-online-300x199.jpg\" alt=\"Sp\u0113l\u0113jiet sestdienas loto tie\u0161saist\u0113\" width=\"300\" height=\"199\" srcset=\"https:\/\/jackpotlotteryonline.com\/wp-content\/uploads\/2022\/11\/1_play_lotto-online-300x199.jpg 300w, https:\/\/jackpotlotteryonline.com\/wp-content\/uploads\/2022\/11\/1_play_lotto-online.jpg 350w\" sizes=\"auto, (max-width: 300px) 100vw, 300px\" \/><\/p>\n<p>P\u0101rbaudot laimestu sadal\u012bjumus, j\u016bs var\u0113tu paman\u012bt, ka da\u017eos sadal\u012bjumos tiek izmantoti papildu skait\u013ci. Tie nav skait\u013ci, kurus j\u016bs izv\u0113laties, un tiem nav nek\u0101da sakara ar d\u017eekpota vinnesta ieg\u016b\u0161anu. Tie ir vienk\u0101r\u0161i nejau\u0161i \u0123ener\u0113ti skait\u013ci, kas tiek izv\u0113l\u0113ti katr\u0101 izloz\u0113, un tie tiek izmantoti, lai noteiktu 2. un 5. dal\u012bjumu.<\/p>\n<h2>Balvas<\/h2>\n<p>\u0160aj\u0101 Lotto ir se\u0161i da\u017e\u0101di balvu sadal\u012bjumi, un j\u016bs varat vinn\u0113t balvu, tikai uzminot 3 galvenos skait\u013cus. Protams, jo vair\u0101k skait\u013cu izdodas uzmin\u0113t, jo liel\u0101ka ir balva. 1. noda\u013cas balva ir d\u017eekpots, un, lai ieg\u016btu \u0161o balvu, jums j\u0101atbilst visiem 6 skait\u013ciem.<\/p>\n<p>Bie\u017ei vien sp\u0113l\u0113t\u0101ji koncentr\u0113jas uz 1. noda\u013cas balvu, proti, d\u017eekpotu, ne\u0146emot v\u0113r\u0101 p\u0101r\u0113j\u0101s balvu noda\u013cas. Ta\u010du ar\u012b \u0161aj\u0101s cit\u0101s da\u013c\u0101s ir iesp\u0113jams vinn\u0113t labu summu. Zem\u0101k m\u0113s dal\u0101mies ar Saturday Lotto balvu sadal\u012bjumiem un izredz\u0113m laim\u0113t katr\u0101 sadal\u012bjum\u0101.<\/p>\n<p>1. da\u013ca: 6 galvenie skait\u013ci &#8211; d\u017eekpots (1 pret 8 145 060)<\/p>\n<p>2. noda\u013ca: 5 galvenie skait\u013ci + 1 vai 2 papildu skait\u013ci (1 pret 678 755).<\/p>\n<p>da\u013ca: 5 galvenie skait\u013ci (1 pret 36 689).<\/p>\n<p>4. da\u013ca: 4 galvenie skait\u013ci (1 no 733)<\/p>\n<p>noda\u013ca: 3 galvenie numuri + 1 vai 2 papildu numuri (1 no 297).<\/p>\n<p>noda\u013ca: 3 galvenie numuri (1 no 53).<\/p>\n<h2>Re\u0123istr\u0113jieties tagad, lai sp\u0113l\u0113tu sestdienas loto<\/h2>\n<p>Ja esat gatavs sp\u0113l\u0113t loto, varat ieg\u0101d\u0101ties loto bi\u013cetes tie\u0161i \u0161eit, m\u016bsu vietn\u0113. Kad piedal\u012bsieties izloz\u0113, jums b\u016bs iesp\u0113ja laim\u0113t miljonus.<\/p>\n<p>Kam\u0113r esat \u0161eit, varat apskat\u012bt ar\u012b citas loterijas. Mums ir pla\u0161a lab\u0101ko starptautisko loteriju kolekcija, un m\u0113s saviem klientiem nodro\u0161in\u0101m piek\u013cuvi \u0161\u012bm loterij\u0101m. J\u016bs varat ieg\u0101d\u0101ties loteriju bi\u013cetes no ASV, Eiropas un Austr\u0101lijas neatkar\u012bgi no dz\u012bvesvietas.<\/p>\n<p>B\u016bdami loteriju gida vietne numur viens, m\u0113s esam racionaliz\u0113ju\u0161i procesu, lai nodro\u0161in\u0101tu saviem klientiem neticamu pieredzi. Re\u0123istr\u0113jieties pie mums jau \u0161odien, lai s\u0101ktu sp\u0113l\u0113t loto.<\/p>\n","protected":false},"excerpt":{"rendered":"<p>Saturday Lotto ir viena no popul\u0101r\u0101kaj\u0101m Austr\u0101lijas loterij\u0101m, un sp\u0113l\u0113t\u0101ji vis\u0101 valst\u012b to gaida ar nepaciet\u012bbu. Viens no iemesliem ir tas, ka t\u0101s v\u0113stur\u0113 ir izloz\u0113ts daudz miljon\u0101ru. D\u017eekpots var sasniegt pat 10 miljonus Austr\u0101lijas dol\u0101ru, kas, ja par to padom\u0101, ir neticams laimests. L\u012bdz \u0161im, lai var\u0113tu sp\u0113l\u0113t \u0161aj\u0101 loterij\u0101, jums bija j\u0101b\u016bt Austr\u0101lijas [&hellip;]<\/p>\n","protected":false},"author":1,"featured_media":0,"parent":35705,"menu_order":18,"comment_status":"closed","ping_status":"closed","template":"saturday-lotto.php","meta":{"_et_pb_use_builder":"","_et_pb_old_content":"","_et_gb_content_width":"","exclude_from_search":false,"footnotes":""},"class_list":["post-39601","page","type-page","status-publish","hentry"],"yoast_head":"<!-- This site is optimized with the Yoast SEO plugin v23.3 - https:\/\/yoast.com\/wordpress\/plugins\/seo\/ -->\n<title>Sp\u0113l\u0113jiet sestdienas loto tie\u0161saist\u0113<\/title>\n<meta name=\"description\" content=\"Izbaudiet iesp\u0113ju laim\u0113t lielu laimestu ar Saturday Lotto, sp\u0113l\u0113jot tie\u0161saist\u0113 no jebkuras vietas, kur j\u016bs atrodaties. Uzziniet, k\u0101.\" \/>\n<meta name=\"robots\" content=\"index, follow, max-snippet:-1, max-image-preview:large, max-video-preview:-1\" \/>\n<link rel=\"canonical\" href=\"https:\/\/jackpotlotteryonline.com\/lv\/ka-spelet\/saturday-lotto\/\" \/>\n<meta property=\"og:locale\" content=\"lv_LV\" \/>\n<meta property=\"og:type\" content=\"article\" \/>\n<meta property=\"og:title\" content=\"Sp\u0113l\u0113jiet sestdienas loto tie\u0161saist\u0113\" \/>\n<meta property=\"og:description\" content=\"Izbaudiet iesp\u0113ju laim\u0113t lielu laimestu ar Saturday Lotto, sp\u0113l\u0113jot tie\u0161saist\u0113 no jebkuras vietas, kur j\u016bs atrodaties. Uzziniet, k\u0101.\" \/>\n<meta property=\"og:url\" content=\"https:\/\/jackpotlotteryonline.com\/lv\/ka-spelet\/saturday-lotto\/\" \/>\n<meta property=\"og:site_name\" content=\"Lotto Online - Crack The International Lottery Jackpots\" \/>\n<meta property=\"article:modified_time\" content=\"2023-01-03T18:27:50+00:00\" \/>\n<meta property=\"og:image\" content=\"https:\/\/jackpotlotteryonline.com\/wp-content\/uploads\/2022\/11\/1_lotto_jackpot_online-257x300.jpg\" \/>\n<meta name=\"twitter:card\" content=\"summary_large_image\" \/>\n<meta name=\"twitter:label1\" content=\"Est. reading time\" \/>\n\t<meta name=\"twitter:data1\" content=\"5 minutes\" \/>\n<!-- \/ Yoast SEO plugin. -->","yoast_head_json":{"title":"Sp\u0113l\u0113jiet sestdienas loto tie\u0161saist\u0113","description":"Izbaudiet iesp\u0113ju laim\u0113t lielu laimestu ar Saturday Lotto, sp\u0113l\u0113jot tie\u0161saist\u0113 no jebkuras vietas, kur j\u016bs atrodaties. Uzziniet, k\u0101.","robots":{"index":"index","follow":"follow","max-snippet":"max-snippet:-1","max-image-preview":"max-image-preview:large","max-video-preview":"max-video-preview:-1"},"canonical":"https:\/\/jackpotlotteryonline.com\/lv\/ka-spelet\/saturday-lotto\/","og_locale":"lv_LV","og_type":"article","og_title":"Sp\u0113l\u0113jiet sestdienas loto tie\u0161saist\u0113","og_description":"Izbaudiet iesp\u0113ju laim\u0113t lielu laimestu ar Saturday Lotto, sp\u0113l\u0113jot tie\u0161saist\u0113 no jebkuras vietas, kur j\u016bs atrodaties. Uzziniet, k\u0101.","og_url":"https:\/\/jackpotlotteryonline.com\/lv\/ka-spelet\/saturday-lotto\/","og_site_name":"Lotto Online - Crack The International Lottery Jackpots","article_modified_time":"2023-01-03T18:27:50+00:00","og_image":[{"url":"https:\/\/jackpotlotteryonline.com\/wp-content\/uploads\/2022\/11\/1_lotto_jackpot_online-257x300.jpg"}],"twitter_card":"summary_large_image","twitter_misc":{"Est. reading time":"5 minutes"},"schema":{"@context":"https:\/\/schema.org","@graph":[{"@type":"WebPage","@id":"https:\/\/jackpotlotteryonline.com\/lv\/ka-spelet\/saturday-lotto\/","url":"https:\/\/jackpotlotteryonline.com\/lv\/ka-spelet\/saturday-lotto\/","name":"Sp\u0113l\u0113jiet sestdienas loto tie\u0161saist\u0113","isPartOf":{"@id":"https:\/\/jackpotlotteryonline.com\/#website"},"primaryImageOfPage":{"@id":"https:\/\/jackpotlotteryonline.com\/lv\/ka-spelet\/saturday-lotto\/#primaryimage"},"image":{"@id":"https:\/\/jackpotlotteryonline.com\/lv\/ka-spelet\/saturday-lotto\/#primaryimage"},"thumbnailUrl":"https:\/\/jackpotlotteryonline.com\/wp-content\/uploads\/2022\/11\/1_lotto_jackpot_online-257x300.jpg","datePublished":"2022-11-28T08:52:49+00:00","dateModified":"2023-01-03T18:27:50+00:00","description":"Izbaudiet iesp\u0113ju laim\u0113t lielu laimestu ar Saturday Lotto, sp\u0113l\u0113jot tie\u0161saist\u0113 no jebkuras vietas, kur j\u016bs atrodaties. Uzziniet, k\u0101.","breadcrumb":{"@id":"https:\/\/jackpotlotteryonline.com\/lv\/ka-spelet\/saturday-lotto\/#breadcrumb"},"inLanguage":"lv-LV","potentialAction":[{"@type":"ReadAction","target":["https:\/\/jackpotlotteryonline.com\/lv\/ka-spelet\/saturday-lotto\/"]}]},{"@type":"ImageObject","inLanguage":"lv-LV","@id":"https:\/\/jackpotlotteryonline.com\/lv\/ka-spelet\/saturday-lotto\/#primaryimage","url":"https:\/\/jackpotlotteryonline.com\/wp-content\/uploads\/2022\/11\/1_lotto_jackpot_online-257x300.jpg","contentUrl":"https:\/\/jackpotlotteryonline.com\/wp-content\/uploads\/2022\/11\/1_lotto_jackpot_online-257x300.jpg"},{"@type":"BreadcrumbList","@id":"https:\/\/jackpotlotteryonline.com\/lv\/ka-spelet\/saturday-lotto\/#breadcrumb","itemListElement":[{"@type":"ListItem","position":1,"name":"Home","item":"https:\/\/jackpotlotteryonline.com\/lv\/"},{"@type":"ListItem","position":2,"name":"K\u0101 sp\u0113l\u0113t","item":"https:\/\/jackpotlotteryonline.com\/play-online\/"},{"@type":"ListItem","position":3,"name":"sp\u0113l\u0113t Saturday Lotto tie\u0161saist\u0113"}]},{"@type":"WebSite","@id":"https:\/\/jackpotlotteryonline.com\/#website","url":"https:\/\/jackpotlotteryonline.com\/","name":"Lotto Online - Crack The International Lottery Jackpots","description":"","potentialAction":[{"@type":"SearchAction","target":{"@type":"EntryPoint","urlTemplate":"https:\/\/jackpotlotteryonline.com\/?s={search_term_string}"},"query-input":"required name=search_term_string"}],"inLanguage":"lv-LV"}]}},"_links":{"self":[{"href":"https:\/\/jackpotlotteryonline.com\/lv\/wp-json\/wp\/v2\/pages\/39601","targetHints":{"allow":["GET"]}}],"collection":[{"href":"https:\/\/jackpotlotteryonline.com\/lv\/wp-json\/wp\/v2\/pages"}],"about":[{"href":"https:\/\/jackpotlotteryonline.com\/lv\/wp-json\/wp\/v2\/types\/page"}],"author":[{"embeddable":true,"href":"https:\/\/jackpotlotteryonline.com\/lv\/wp-json\/wp\/v2\/users\/1"}],"replies":[{"embeddable":true,"href":"https:\/\/jackpotlotteryonline.com\/lv\/wp-json\/wp\/v2\/comments?post=39601"}],"version-history":[{"count":0,"href":"https:\/\/jackpotlotteryonline.com\/lv\/wp-json\/wp\/v2\/pages\/39601\/revisions"}],"up":[{"embeddable":true,"href":"https:\/\/jackpotlotteryonline.com\/lv\/wp-json\/wp\/v2\/pages\/35705"}],"wp:attachment":[{"href":"https:\/\/jackpotlotteryonline.com\/lv\/wp-json\/wp\/v2\/media?parent=39601"}],"curies":[{"name":"wp","href":"https:\/\/api.w.org\/{rel}","templated":true}]}}