{"id":39656,"date":"2022-11-28T12:21:14","date_gmt":"2022-11-28T12:21:14","guid":{"rendered":"https:\/\/jackpotlotteryonline.com\/?page_id=39656"},"modified":"2022-12-31T13:11:41","modified_gmt":"2022-12-31T13:11:41","slug":"saturday-lotto-2","status":"publish","type":"page","link":"https:\/\/jackpotlotteryonline.com\/lv\/ka-spelet\/saturday-lotto-2\/","title":{"rendered":"sp\u0113l\u0113t Set For Life tie\u0161saist\u0113"},"content":{"rendered":"<p>Daudz vair\u0101k sp\u0113l\u0113t\u0101ju vis\u0101 pasaul\u0113 s\u0101k apzin\u0101ties, cik skaisti ir b\u016bt setam l\u012bdz m\u016b\u017ea galam. Un tie\u0161i t\u0101du iesp\u0113ju sp\u0113l\u0113t\u0101jiem pied\u0101v\u0101 Apvienot\u0101s Karalistes loterija Set for Life &#8211; iesp\u0113ju katru m\u0113nesi 30 gadu garum\u0101 laim\u0113t 10 000 m\u0101rci\u0146u. T\u0101 tiek saukta par rentes loteriju, jo uzvar\u0113t\u0101js nesa\u0146em vienreiz\u0113ju summu. No pirm\u0101 acu uzmetiena tas var \u0161\u0137ist ne tik pievilc\u012bgi k\u0101 miljardiem eiro. Tom\u0113r ir da\u017ei sp\u0113l\u0113t\u0101ji, kuriem nav \u012bsti \u0113rti r\u012bkoties ar tik lielu naudas summu uzreiz. Turkl\u0101t m\u0113s esam las\u012bju\u0161i par loterijas uzvar\u0113t\u0101jiem, kuri p\u0113c da\u017eiem gadiem ir k\u013cuvu\u0161i bez naudas. Ar \u0161o Apvienot\u0101s Karalistes loteriju t\u0101da iesp\u0113ja nepast\u0101v, jo uzvar\u0113t\u0101js katru m\u0113nesi sa\u0146em 10 000 sterli\u0146u m\u0101rci\u0146u.<\/p>\n<p>Ja j\u016bs interes\u0113, k\u0101 j\u016bs varat sp\u0113l\u0113t \u0161o Apvienot\u0101s Karalistes rentes loteriju, atrodoties \u0101rpus Apvienot\u0101s Karalistes, jums paveicies. \u0160eit m\u0113s dal\u012bsimies ar to, k\u0101 sp\u0113l\u0113t \u0161o loteriju, un padomiem, k\u0101 sp\u0113l\u0113t \u0101rpus Apvienot\u0101s Karalistes.<\/p>\n<h2>Vai j\u016bs varat sp\u0113l\u0113t Set For Life \u0101rpus Apvienot\u0101s Karalistes?<\/h2>\n<p><img loading=\"lazy\" decoding=\"async\" class=\"alignright size-medium wp-image-27941\" src=\"http:\/\/jackpotlotteryonline.com\/wp-content\/uploads\/2022\/11\/1_lottery_winner_ticket-200x300.jpg\" alt=\"vinn\u0113jiet lielus laimestus ar Set for life\" width=\"200\" height=\"300\" srcset=\"https:\/\/jackpotlotteryonline.com\/wp-content\/uploads\/2022\/11\/1_lottery_winner_ticket-200x300.jpg 200w, https:\/\/jackpotlotteryonline.com\/wp-content\/uploads\/2022\/11\/1_lottery_winner_ticket.jpg 320w\" sizes=\"auto, (max-width: 200px) 100vw, 200px\" \/><\/p>\n<p>Set For Life, iesp\u0113jams, b\u016bt\u012bb\u0101 ir Apvienot\u0101s Karalistes loterija, ta\u010du v\u0113lme katru m\u0113nesi vinn\u0113t lielus laimestus ir kop\u012bga sp\u0113l\u0113t\u0101jiem vis\u0101 pasaul\u0113. B\u016bsim god\u012bgi, kam gan nepatiktu doma katru m\u0113nesi uz 30 gadiem laim\u0113t 10 000 m\u0101rci\u0146u? Parasti Set For Life tiek sp\u0113l\u0113ta tikai Apvienotaj\u0101 Karalist\u0113, jo tie\u0161i tur tiek p\u0101rdotas bi\u013cetes. Tom\u0113r tagad sp\u0113l\u0113t\u0101ji var ieg\u0101d\u0101ties bi\u013cetes no jebkuras vietas.<\/p>\n<p>Internets ir daudz ko padar\u012bjis iesp\u0113jamu, jo \u012bpa\u0161i piek\u013cuvi inform\u0101cijai. Tagad sp\u0113l\u0113t\u0101ji vis\u0101 pasaul\u0113 var ieg\u0101d\u0101ties bi\u013cetes uz popul\u0101r\u0101kaj\u0101m starptautiskaj\u0101m loterij\u0101m, tostarp Set For Life. T\u0101d\u0113j\u0101di, ja esat sp\u0113l\u0113t\u0101js \u0101rpus Apvienot\u0101s Karalistes, j\u016bs varat viegli <a href=\"https:\/\/jackpotlotteryonline.com\/lv\/iegadaties-biletes\/set-for-life\">ieg\u0101d\u0101ties Apvienot\u0101s Karalistes rentes loterijas bi\u013cetes<\/a>, apmekl\u0113jot vietni jackpotlotlotteryonline.com.<\/p>\n<p>Ja jums pat\u012bk doma par to, ka jums ir iesp\u0113ja tikt nodro\u0161in\u0101tam l\u012bdz m\u016b\u017ea galam, tad pasteidzieties un ieg\u0101d\u0101jieties bi\u013ceti pirms n\u0101kam\u0101s izlozes.<\/p>\n<h2>K\u0101 sp\u0113l\u0113t<\/h2>\n<p>Lai sp\u0113l\u0113tu Apvienot\u0101s Karalistes loterij\u0101, sp\u0113l\u0113t\u0101jiem ir j\u0101izv\u0113las 5 skait\u013ci no 1 l\u012bdz 47 un 1 Life Ball skaitlis no 1 l\u012bdz 10. P\u0113c tam<a href=\"https:\/\/jackpotlotteryonline.com\/lv\/laimejusie-skaitli\/set-for-life\"> j\u0101izv\u0113las izlozes dienas<\/a>, kur\u0101s v\u0113laties piedal\u012bties, un ned\u0113\u013cu skaits, kur\u0101s v\u0113laties sp\u0113l\u0113t.<\/p>\n<p>Izmantojot m\u016bsu vietni, J\u016bs varat izmantot m\u016bsu numuru \u0123eneratoru, lai nejau\u0161i izv\u0113l\u0113tos skait\u013cus. Varat ar\u012b iestat\u012bt, lai j\u016bs autom\u0101tiski piedal\u012btos katr\u0101 izloz\u0113 vair\u0101kas ned\u0113\u013cas iepriek\u0161. T\u0101d\u0113j\u0101di jums nav j\u0101uztraucas par izlozes izlai\u0161anu. Turkl\u0101t m\u0113s public\u0113jam neapstr\u0101d\u0101tus rezult\u0101tus tie\u0161i \u0161eit, m\u016bsu vietn\u0113.<\/p>\n<p>Set For Life izlozes notiek katru pirmdienu un ceturtdienu vakar\u0101. Sp\u0113l\u0113jot loteriju kop\u0101 ar mums, jums nav j\u0101palaid gar\u0101m izloze, jo neesat ieg\u0101d\u0101jies bi\u013ceti pirms t\u0101s sl\u0113g\u0161anas.<\/p>\n<h2>Padomi, k\u0101 sp\u0113l\u0113t tie\u0161saist\u0113<\/h2>\n<p>Pirms p\u0113rkat loterijas bi\u013ceti internet\u0101, ir svar\u012bgi zin\u0101t da\u017eas lietas. \u0160ie ir da\u017ei padomi, kas pal\u012bdz\u0113s jums g\u016bt pat\u012bkam\u0101ku sp\u0113l\u0113\u0161anas pieredzi.<\/p>\n<ul>\n<li>Loterijas bi\u013ce\u0161u ieg\u0101dei vienm\u0113r izmantojiet vietni, kur\u0101 ir pieejami pakalpojumi.<\/li>\n<li>P\u0101rliecinieties, ka vietn\u0113 varat bez probl\u0113m\u0101m iz\u0146emt savu laimestu.<\/li>\n<li>ieg\u0101d\u0101jieties vair\u0101kas bi\u013cetes un piedalieties vair\u0101kos izloz\u0113s, lai palielin\u0101tu savas izredzes laim\u0113t.<\/li>\n<li>Izmantojiet vietni, kas j\u016bs inform\u0113s (pa e-pastu), tikl\u012bdz laim\u0113siet balvu.<\/li>\n<\/ul>\n<h2>Set For Life balvu kategorijas<\/h2>\n<div id=\"attachment_27779\" style=\"width: 222px\" class=\"wp-caption alignright\"><img loading=\"lazy\" decoding=\"async\" aria-describedby=\"caption-attachment-27779\" class=\"size-full wp-image-27779\" src=\"http:\/\/jackpotlotteryonline.com\/wp-content\/uploads\/2022\/11\/1_lottery_ticket.jpg\" alt=\"k\u0101 sp\u0113l\u0113t Set for life\" width=\"212\" height=\"142\" \/><p id=\"caption-attachment-27779\" class=\"wp-caption-text\">Loterijas bi\u013cetes aizpild\u012b\u0161ana ar z\u012bmuli uz koka galda, tuvpl\u0101ns. Vieta tekstamt<\/p><\/div>\n<p>\u0160\u012bs Apvienot\u0101s Karalistes loterijas galven\u0101 balva ir p\u0101rsteidzo\u0161\u0101 10 000 \u00a3 katru m\u0113nesi n\u0101kamos 30 gadus. Tas ir k\u0101 sa\u0146emt 10 t\u016bksto\u0161us m\u0113nes\u012b par 30 gadu ilgu atva\u013cin\u0101jumu. \u0160\u012b balva ir viena no t\u0101m, kas saj\u016bsmina daudzus sp\u0113l\u0113t\u0101jus. Tom\u0113r v\u0113l aizraujo\u0161\u0101ks ir fakts, ka \u0161aj\u0101 loterij\u0101 ir ar\u012b citas aizraujo\u0161as balvas. L\u016bk, balvu kategorijas.<\/p>\n<p>1. kategorija: 5 skait\u013cu un &#8220;Dz\u012bv\u012bbas bumbi\u0146as&#8221; kombin\u0101cija &#8211; 10 000 sterli\u0146u m\u0101rci\u0146u katru m\u0113nesi 30 gadu garum\u0101.<\/p>\n<p>2. kategorija: tikai 5 skait\u013cu sakrit\u012bba &#8211; \u00a310 000 katru m\u0113nesi 1 gadu.<\/p>\n<p>3. kategorija: 4 skait\u013cu un LIfe Ball kombin\u0101cija &#8211; 250 \u00a3.<\/p>\n<p>4. kategorija: Tikai 4 skait\u013cu sakrit\u012bba &#8211; \u00a350<\/p>\n<p>5. kategorija: 3 skait\u013cu un &#8220;Life Ball&#8221; kombin\u0101cija &#8211; \u00a330.<\/p>\n<p>6. kategorija: Tikai 3 skait\u013cu sakrit\u012bba &#8211; \u00a320<\/p>\n<p>7. kategorija: 2 skait\u013cu + &#8220;Dz\u012bv\u012bbas bumba&#8221; &#8211; \u00a310.<\/p>\n<p>8. kategorija Atbilst tikai 2 skait\u013ciem &#8211; \u00a35<\/p>\n<section class=\"layout\" style=\"border: solid 1px; width: 100%;\">\n<div class=\"img-div\" style=\"margin-top: 5px;\"><img decoding=\"async\" class=\"wp-image-17212 alignleft\" style=\"height: 45px; margin: 8px 8px 0px;\" src=\"http:\/\/jackpotlotteryonline.com\/wp-content\/uploads\/2022\/11\/read1.jpg\" alt=\"las\u012bt\" width=\"\" height=\"\" \/><\/div>\n<div style=\"padding-left: 5px;\">\n<div style=\"font-size: 1.1em;\">\n<p><strong>Da\u017ei loterijas uzvar\u0113t\u0101ji atgrie\u017eas sabiedr\u012bbai<\/strong><\/p>\n<p style=\"font-size: 0.85em; margin-top: -1.5em;\">Da\u017ei interesanti un uzmundrino\u0161i st\u0101sti par loterijas uzvar\u0113t\u0101jiem, kas dod ieguld\u012bjumu \u00a0<a href=\"https:\/\/jackpotlotteryonline.com\/lv\/stasti-par-loterija-uzvaretaju-atdevi-atgriesanos\">las\u012bt vair\u0101k<\/a><\/p>\n<\/div>\n<\/div>\n<\/section>\n<h2>Sp\u0113l\u0113jiet AK rentes loteriju \u0161eit \u0161odien<\/h2>\n<p>M\u0113s esam loteriju vietne, kas \u013cauj sp\u0113l\u0113t\u0101jiem vis\u0101 pasaul\u0113 piek\u013c\u016bt lab\u0101kaj\u0101m starptautiskaj\u0101m loterij\u0101m. Ieg\u0101d\u0101joties loterijas bi\u013cetes pie mums, j\u016bs izbaud\u012bsiet loterijas sp\u0113l\u0113\u0161anas prieku bez jebk\u0101diem sare\u017e\u0123\u012bjumiem.<\/p>\n<p>Ja j\u016bs vinn\u0113siet k\u0101du balvu, j\u016bs varat viegli iz\u0146emt savu laimestu tie\u0161i \u0161eit, m\u016bsu vietn\u0113. M\u0113s to dar\u0101m tik vienk\u0101r\u0161i. Un, ja j\u016bsu laimests ir liel\u0101ks par noteiktu summu, m\u0113s pal\u012bdz\u0113sim jums aizpild\u012bt pieteikuma veidlapu, lai j\u016bs var\u0113tu sa\u0146emt savu laimestu.<\/p>\n<p>Viss, ko m\u0113s dar\u0101m, ir v\u0113rsts uz to, lai m\u016bsu klientiem nodro\u0161in\u0101tu nevainojamu loterijas pieredzi. T\u0101p\u0113c dodieties uz priek\u0161u un piedalieties AK Set for Life loterij\u0101 jau \u0161odien.<\/p>\n","protected":false},"excerpt":{"rendered":"<p>Daudz vair\u0101k sp\u0113l\u0113t\u0101ju vis\u0101 pasaul\u0113 s\u0101k apzin\u0101ties, cik skaisti ir b\u016bt setam l\u012bdz m\u016b\u017ea galam. Un tie\u0161i t\u0101du iesp\u0113ju sp\u0113l\u0113t\u0101jiem pied\u0101v\u0101 Apvienot\u0101s Karalistes loterija Set for Life &#8211; iesp\u0113ju katru m\u0113nesi 30 gadu garum\u0101 laim\u0113t 10 000 m\u0101rci\u0146u. T\u0101 tiek saukta par rentes loteriju, jo uzvar\u0113t\u0101js nesa\u0146em vienreiz\u0113ju summu. No pirm\u0101 acu uzmetiena tas var [&hellip;]<\/p>\n","protected":false},"author":1,"featured_media":0,"parent":35705,"menu_order":11,"comment_status":"closed","ping_status":"closed","template":"set-for-life.php","meta":{"_et_pb_use_builder":"","_et_pb_old_content":"","_et_gb_content_width":"","exclude_from_search":false,"footnotes":""},"class_list":["post-39656","page","type-page","status-publish","hentry"],"yoast_head":"<!-- This site is optimized with the Yoast SEO plugin v23.3 - https:\/\/yoast.com\/wordpress\/plugins\/seo\/ -->\n<title>Sp\u0113l\u0113jiet Set for Life \u0101rpus Apvienot\u0101s Karalistes<\/title>\n<meta name=\"description\" content=\"Sp\u0113l\u0113jiet Apvienot\u0101s Karalistes rentes loteriju tie\u0161saist\u0113 un vinn\u0113jiet iesp\u0113ju b\u016bt setam l\u012bdz m\u016b\u017ea galam.\" \/>\n<meta name=\"robots\" content=\"index, follow, max-snippet:-1, max-image-preview:large, max-video-preview:-1\" \/>\n<link rel=\"canonical\" href=\"https:\/\/jackpotlotteryonline.com\/lv\/ka-spelet\/saturday-lotto-2\/\" \/>\n<meta property=\"og:locale\" content=\"lv_LV\" \/>\n<meta property=\"og:type\" content=\"article\" \/>\n<meta property=\"og:title\" content=\"Sp\u0113l\u0113jiet Set for Life \u0101rpus Apvienot\u0101s Karalistes\" \/>\n<meta property=\"og:description\" content=\"Sp\u0113l\u0113jiet Apvienot\u0101s Karalistes rentes loteriju tie\u0161saist\u0113 un vinn\u0113jiet iesp\u0113ju b\u016bt setam l\u012bdz m\u016b\u017ea galam.\" \/>\n<meta property=\"og:url\" content=\"https:\/\/jackpotlotteryonline.com\/lv\/ka-spelet\/saturday-lotto-2\/\" \/>\n<meta property=\"og:site_name\" content=\"Lotto Online - Crack The International Lottery Jackpots\" \/>\n<meta property=\"article:modified_time\" content=\"2022-12-31T13:11:41+00:00\" \/>\n<meta property=\"og:image\" content=\"http:\/\/jackpotlotteryonline.com\/wp-content\/uploads\/2022\/11\/1_lottery_winner_ticket-200x300.jpg\" \/>\n<meta name=\"twitter:card\" content=\"summary_large_image\" \/>\n<meta name=\"twitter:label1\" content=\"Est. reading time\" \/>\n\t<meta name=\"twitter:data1\" content=\"4 minutes\" \/>\n<!-- \/ Yoast SEO plugin. -->","yoast_head_json":{"title":"Sp\u0113l\u0113jiet Set for Life \u0101rpus Apvienot\u0101s Karalistes","description":"Sp\u0113l\u0113jiet Apvienot\u0101s Karalistes rentes loteriju tie\u0161saist\u0113 un vinn\u0113jiet iesp\u0113ju b\u016bt setam l\u012bdz m\u016b\u017ea galam.","robots":{"index":"index","follow":"follow","max-snippet":"max-snippet:-1","max-image-preview":"max-image-preview:large","max-video-preview":"max-video-preview:-1"},"canonical":"https:\/\/jackpotlotteryonline.com\/lv\/ka-spelet\/saturday-lotto-2\/","og_locale":"lv_LV","og_type":"article","og_title":"Sp\u0113l\u0113jiet Set for Life \u0101rpus Apvienot\u0101s Karalistes","og_description":"Sp\u0113l\u0113jiet Apvienot\u0101s Karalistes rentes loteriju tie\u0161saist\u0113 un vinn\u0113jiet iesp\u0113ju b\u016bt setam l\u012bdz m\u016b\u017ea galam.","og_url":"https:\/\/jackpotlotteryonline.com\/lv\/ka-spelet\/saturday-lotto-2\/","og_site_name":"Lotto Online - Crack The International Lottery Jackpots","article_modified_time":"2022-12-31T13:11:41+00:00","og_image":[{"url":"http:\/\/jackpotlotteryonline.com\/wp-content\/uploads\/2022\/11\/1_lottery_winner_ticket-200x300.jpg"}],"twitter_card":"summary_large_image","twitter_misc":{"Est. reading time":"4 minutes"},"schema":{"@context":"https:\/\/schema.org","@graph":[{"@type":"WebPage","@id":"https:\/\/jackpotlotteryonline.com\/lv\/ka-spelet\/saturday-lotto-2\/","url":"https:\/\/jackpotlotteryonline.com\/lv\/ka-spelet\/saturday-lotto-2\/","name":"Sp\u0113l\u0113jiet Set for Life \u0101rpus Apvienot\u0101s Karalistes","isPartOf":{"@id":"https:\/\/jackpotlotteryonline.com\/#website"},"primaryImageOfPage":{"@id":"https:\/\/jackpotlotteryonline.com\/lv\/ka-spelet\/saturday-lotto-2\/#primaryimage"},"image":{"@id":"https:\/\/jackpotlotteryonline.com\/lv\/ka-spelet\/saturday-lotto-2\/#primaryimage"},"thumbnailUrl":"http:\/\/jackpotlotteryonline.com\/wp-content\/uploads\/2022\/11\/1_lottery_winner_ticket-200x300.jpg","datePublished":"2022-11-28T12:21:14+00:00","dateModified":"2022-12-31T13:11:41+00:00","description":"Sp\u0113l\u0113jiet Apvienot\u0101s Karalistes rentes loteriju tie\u0161saist\u0113 un vinn\u0113jiet iesp\u0113ju b\u016bt setam l\u012bdz m\u016b\u017ea galam.","breadcrumb":{"@id":"https:\/\/jackpotlotteryonline.com\/lv\/ka-spelet\/saturday-lotto-2\/#breadcrumb"},"inLanguage":"lv-LV","potentialAction":[{"@type":"ReadAction","target":["https:\/\/jackpotlotteryonline.com\/lv\/ka-spelet\/saturday-lotto-2\/"]}]},{"@type":"ImageObject","inLanguage":"lv-LV","@id":"https:\/\/jackpotlotteryonline.com\/lv\/ka-spelet\/saturday-lotto-2\/#primaryimage","url":"http:\/\/jackpotlotteryonline.com\/wp-content\/uploads\/2022\/11\/1_lottery_winner_ticket-200x300.jpg","contentUrl":"http:\/\/jackpotlotteryonline.com\/wp-content\/uploads\/2022\/11\/1_lottery_winner_ticket-200x300.jpg"},{"@type":"BreadcrumbList","@id":"https:\/\/jackpotlotteryonline.com\/lv\/ka-spelet\/saturday-lotto-2\/#breadcrumb","itemListElement":[{"@type":"ListItem","position":1,"name":"Home","item":"https:\/\/jackpotlotteryonline.com\/lv\/"},{"@type":"ListItem","position":2,"name":"K\u0101 sp\u0113l\u0113t","item":"https:\/\/jackpotlotteryonline.com\/play-online\/"},{"@type":"ListItem","position":3,"name":"sp\u0113l\u0113t Set For Life tie\u0161saist\u0113"}]},{"@type":"WebSite","@id":"https:\/\/jackpotlotteryonline.com\/#website","url":"https:\/\/jackpotlotteryonline.com\/","name":"Lotto Online - Crack The International Lottery Jackpots","description":"","potentialAction":[{"@type":"SearchAction","target":{"@type":"EntryPoint","urlTemplate":"https:\/\/jackpotlotteryonline.com\/?s={search_term_string}"},"query-input":"required name=search_term_string"}],"inLanguage":"lv-LV"}]}},"_links":{"self":[{"href":"https:\/\/jackpotlotteryonline.com\/lv\/wp-json\/wp\/v2\/pages\/39656","targetHints":{"allow":["GET"]}}],"collection":[{"href":"https:\/\/jackpotlotteryonline.com\/lv\/wp-json\/wp\/v2\/pages"}],"about":[{"href":"https:\/\/jackpotlotteryonline.com\/lv\/wp-json\/wp\/v2\/types\/page"}],"author":[{"embeddable":true,"href":"https:\/\/jackpotlotteryonline.com\/lv\/wp-json\/wp\/v2\/users\/1"}],"replies":[{"embeddable":true,"href":"https:\/\/jackpotlotteryonline.com\/lv\/wp-json\/wp\/v2\/comments?post=39656"}],"version-history":[{"count":0,"href":"https:\/\/jackpotlotteryonline.com\/lv\/wp-json\/wp\/v2\/pages\/39656\/revisions"}],"up":[{"embeddable":true,"href":"https:\/\/jackpotlotteryonline.com\/lv\/wp-json\/wp\/v2\/pages\/35705"}],"wp:attachment":[{"href":"https:\/\/jackpotlotteryonline.com\/lv\/wp-json\/wp\/v2\/media?parent=39656"}],"curies":[{"name":"wp","href":"https:\/\/api.w.org\/{rel}","templated":true}]}}