{"id":39714,"date":"2022-11-29T08:02:37","date_gmt":"2022-11-29T08:02:37","guid":{"rendered":"https:\/\/jackpotlotteryonline.com\/?page_id=39714"},"modified":"2023-01-03T10:21:50","modified_gmt":"2023-01-03T10:21:50","slug":"new-york-lottery-2","status":"publish","type":"page","link":"https:\/\/jackpotlotteryonline.com\/lv\/ka-spelet\/new-york-lottery-2\/","title":{"rendered":"Sp\u0113l\u0113t \u0145ujorkas loto tie\u0161saist\u0113"},"content":{"rendered":"<p>\u0145ujorkas loto v\u0113sture ir bag\u0101ta ar labiem darbiem un visp\u0101r\u0113ju pozit\u012bvismu. T\u0101 k\u0101 loterija tika izveidota, lai pal\u012bdz\u0113tu izgl\u012bt\u012bbai \u0161tat\u0101, t\u0101 ir laba izv\u0113le tiem sp\u0113lma\u0146iem, kuriem pat\u012bk ar\u012b nedaudz altruisma l\u012bdztekus izklaidei. B\u016bt\u012bb\u0101, ja v\u0113laties loteriju, kas \u013cauj jums justies t\u0101, it k\u0101 j\u016bs dotu kaut ko labu pasaulei, tad jums vajadz\u0113tu apsv\u0113rt \u0145ujorkas loto.<\/p>\n<p>Tom\u0113r liel\u0101kajai da\u013cai sp\u0113l\u0113t\u0101ju rodas jaut\u0101jums, k\u0101 piedal\u012bties \u0161aj\u0101 loterij\u0101 no citas pasaules malas. K\u0101 jau dro\u0161i vien no nosaukuma esat nojautu\u0161i, \u0145ujorkas loto ir ASV \u0145ujorkas \u0161tata loterija. T\u0101tad taj\u0101 var piedal\u012bties loterijas entuziasti, kas dz\u012bvo \u0161aj\u0101 \u0161tat\u0101, un loterijas bi\u013cetes ir viegli pieejamas pie \u0161\u012b \u0161tata p\u0101rdev\u0113jiem. Ja dz\u012bvojat \u0101rpus \u0161tata vai pat pavisam cit\u0101 kontinent\u0101, situ\u0101cija ir pavisam cita.<\/p>\n<p>Ta\u010du nebaidieties, m\u0113s jums par\u0101d\u012bsim lab\u0101ko veidu, k\u0101 ieg\u0101d\u0101ties loterijas bi\u013cetes no jebkuras vietas pasaul\u0113. Ja steidzaties piedal\u012bties n\u0101kamaj\u0101 izloz\u0113, k\u0101p\u0113c gan neapmekl\u0113t vietni jackpotlotlotteryonline.com, lai s\u0101ktu?<\/p>\n<h2>Padomi, k\u0101 sp\u0113l\u0113t \u0145ujorkas loto<\/h2>\n<p>Tagad piev\u0113rs\u012bsimies tam, k\u0101p\u0113c m\u0113s esam \u0161eit &#8211; k\u0101 sp\u0113l\u0113t \u0145ujorkas loto no jebkuras vietas. Pirms m\u0113s piev\u0113rs\u012bsimies s\u012bk\u0101k\u0101m deta\u013c\u0101m, iesp\u0113jams, b\u016btu labi dal\u012bties ar da\u017eiem padomiem, k\u0101 sp\u0113l\u0113t loto. Lai gan m\u0113s \u0161eit run\u0101jam par konkr\u0113tu loto, \u0161ie padomi attiecas ar\u012b uz cit\u0101m popul\u0101r\u0101kaj\u0101m starptautiskaj\u0101m loterij\u0101m, kur\u0101s, starp citu, ar\u012b j\u016bs varat piedal\u012bties \u0161eit.<\/p>\n<p><strong>T\u0101p\u0113c \u0161eit ir m\u016bsu padomi, k\u0101 sp\u0113l\u0113t \u0145ujorkas loto:<\/strong><\/p>\n<ul>\n<li>R\u016bp\u012bgi izv\u0113lieties skait\u013cus. Ir taisn\u012bba, ka nav iesp\u0113jams paredz\u0113t, kuri skait\u013ci vinn\u0113s loto, tom\u0113r var teikt, ka j\u0101izv\u0113las skait\u013ci, kas jums kaut ko noz\u012bm\u0113.<\/li>\n<li>Piev\u0113rsiet uzman\u012bbu bonusa skaitlim. Daudzi sp\u0113l\u0113t\u0101ji to \u012bsti nesaprot &#8211; tas, ka d\u017eekpots nav viss, ko j\u016bs varat vinn\u0113t. Bonusa skaitlis nosaka otr\u0101 l\u012bme\u0146a balvu, kas ar\u012b ir pamat\u012bga summa, ar ko doties m\u0101j\u0101s.<\/li>\n<li>Nepalaidiet izlozes gar\u0101m. Ja j\u016bs piedal\u0101ties \u0161aj\u0101 sp\u0113l\u0113, lai uzvar\u0113tu, tad jums j\u0101koncentr\u0113jas uz dal\u012bbu izloz\u0113s. \u0145ujorkas loto notiek divas izlozes ned\u0113\u013c\u0101 &#8211; tre\u0161dien un sestdien. Centieties piedal\u012bties ab\u0101s izloz\u0113s. J\u016bs varat ar\u012b piedal\u012bties izloz\u0113s vair\u0101kas ned\u0113\u013cas iepriek\u0161 (v\u0113l\u0101k m\u0113s jums par\u0101d\u012bsim, k\u0101 to izdar\u012bt).<\/li>\n<\/ul>\n<h2>Bezsaistes un tie\u0161saistes izloze<\/h2>\n<p><img loading=\"lazy\" decoding=\"async\" class=\"alignright size-full wp-image-31505\" src=\"https:\/\/jackpotlotteryonline.com\/wp-content\/uploads\/2022\/11\/lotto2-300x84-1.png\" alt=\"Sp\u0113l\u0113jiet \u0145ujorkas loto tie\u0161saist\u0113\" width=\"300\" height=\"84\" \/>K\u0101da ir at\u0161\u0137ir\u012bba starp loterijas sp\u0113l\u0113\u0161anu tie\u0161saist\u0113 un bezsaist\u0113, un vai ir k\u0101das priek\u0161roc\u012bbas? J\u0101, m\u0113s bie\u017ei dzirdam \u0161os jaut\u0101jumus, un tie ir pamatoti jaut\u0101jumi. Ja dz\u012bvojat, piem\u0113ram, \u0145ujork\u0101, ir likumsakar\u012bgi jaut\u0101t, vai ir k\u0101das priek\u0161roc\u012bbas piedal\u012bties loterij\u0101 tie\u0161saist\u0113. M\u0113s varam sniegt vienu: \u0113rt\u012bbas.<\/p>\n<p>M\u0113\u0123in\u0101jumi noskaidrot, kur\u0161 p\u0101rdev\u0113js p\u0101rdod k\u0101du loterijas bi\u013ceti, var b\u016bt stresa pilni, jo \u012bpa\u0161i tad, ja jums ir tikai da\u017eas min\u016btes laika l\u012bdz bi\u013ce\u0161u tirdzniec\u012bbas beig\u0101m. Turkl\u0101t j\u016bs, iesp\u0113jams, v\u0113laties piedal\u012bties vair\u0101k\u0101s loterij\u0101s, un tas k\u013c\u016bst ne\u0113rti, ja jums ir j\u0101p\u0101rvietojas no viena p\u0101rdev\u0113ja pie otra.<\/p>\n<p>Sp\u0113l\u0113jot loteriju tie\u0161saist\u0113, sp\u0113l\u0113t\u0101ji var izmantot \u0113rt\u012bbas, par k\u0101d\u0101m l\u012bdz \u0161im pat nebija iesp\u0113jams iedom\u0101ties. Tie\u0161i no sava datora vai mobil\u0101s ier\u012bces j\u016bs varat ieg\u0101d\u0101ties loterijas bi\u013cetes, p\u0101rbaud\u012bt izlozes rezult\u0101tus un sa\u0146emt laimestus. Varam garant\u0113t, ka, izm\u0113\u0123in\u0101ju\u0161i sp\u0113l\u0113t loteriju tie\u0161saist\u0113, j\u016bs vairs neatgriez\u012bsieties atpaka\u013c.<\/p>\n<h2>K\u0101 sp\u0113l\u0113t tie\u0161saist\u0113<\/h2>\n<p>Neatkar\u012bgi no t\u0101, vai esat pieredz\u0113jis sp\u0113lmanis vai ies\u0101c\u0113js, piedal\u012bties loterij\u0101 tie\u0161saist\u0113 ir \u0101tri, vienk\u0101r\u0161i un piln\u012bgi vienk\u0101r\u0161i. Ja j\u016bs sp\u0113l\u0113jat \u0145ujorkas loto, \u0161eit ir aprakst\u012bti turpm\u0101k min\u0113tie so\u013ci:<\/p>\n<ul>\n<li>Noklik\u0161\u0137iniet uz loterijas, kuru v\u0113laties sp\u0113l\u0113t.<\/li>\n<li>Izv\u0113lieties 6 skait\u013cus no 1 l\u012bdz 59. Ir 7. skaitlis, bet to izloz\u0113 loterijas uz\u0146\u0113mums, un tas nav iek\u013cauts j\u016bsu bi\u013cet\u0113.<\/li>\n<li><a href=\"https:\/\/jackpotlotteryonline.com\/lv\/laimejusie-skaitli\/new-york-lottery\">Ievadiet izlozes<\/a>, kas katru ned\u0113\u013cu notiek tre\u0161dien\u0101s un sestdien\u0101s. J\u016bs varat piedal\u012bties tikai vien\u0101 izloz\u0113 vai ab\u0101s.<\/li>\n<li>Pabeidziet savu maks\u0101jumu. Liel\u0101kaj\u0101 da\u013c\u0101 loteriju viet\u0146u jums b\u016bs j\u0101re\u0123istr\u0113jas, lai pabeigtu maks\u0101jumu. Tas tiek dar\u012bts, lai p\u0113c bi\u013cetes ieg\u0101des j\u016bs var\u0113tu viegli piek\u013c\u016bt savai bi\u013cetei.<\/li>\n<\/ul>\n<p>Sp\u0113l\u0113t loteriju tie\u0161saist\u0113 ir patie\u0161\u0101m tik vienk\u0101r\u0161i. \u0145emot v\u0113r\u0101, ka nav cita veida, k\u0101 ieg\u016bt \u0145ujorkas loto bi\u013cetes \u0101rpus \u0145ujorkas \u0161tata ASV, \u0161\u012b ir fantastiska metode ar\u012b tad, ja dz\u012bvojat cit\u0101 pasaules mal\u0101.<\/p>\n<section class=\"layout\" style=\"border: solid 1px; width: 100%;\">\n<div class=\"img-div\" style=\"margin-top: 5px;\"><img decoding=\"async\" class=\"wp-image-17212 alignleft\" style=\"height: 45px; margin: 8px 8px 0px;\" src=\"https:\/\/jackpotlotteryonline.com\/wp-content\/uploads\/2022\/11\/read1.jpg\" alt=\"Las\u012bt \" width=\"\" height=\"\" \/><\/div>\n<div style=\"padding-left: 5px;\">\n<div style=\"font-size: 1.1em;\">\n<p><strong>K\u0101 sa\u0146emt samaksu, ja laim\u0113ju loterij\u0101 tie\u0161saist\u0113?\u00a0<\/strong><\/p>\n<p style=\"font-size: 0.85em; margin-top: -1.5em;\">Loterijas laimestu tie\u0161saistes loterij\u0101 j\u016bs sa\u0146emat savu naudu <a href=\"https:\/\/jackpotlotteryonline.com\/lv\/ka-tikai-sanemu-apmaksu-ja-iz-iz-uzvaresu-loteriju-online\">\u00a0las\u012bt vair\u0101k<\/a><\/p>\n<\/div>\n<\/div>\n<\/section>\n<h2>K\u0101 izv\u0113l\u0113ties laim\u012bgos skait\u013cus<\/h2>\n<p>Uzvar\u0113t\u0101ju numuru izv\u0113les t\u0113ma ir sare\u017e\u0123\u012bta, lai gan, ja to apl\u016bkojat uzman\u012bgi, tam t\u0101 nevajadz\u0113tu b\u016bt. To p\u0101rm\u0113r\u012bgi sare\u017e\u0123\u012b tie, kas v\u0113las jums pied\u0101v\u0101t t\u0101 saukt\u0101s matem\u0101tisk\u0101s formulas, k\u0101 laim\u0113t loterij\u0101. Nopietni, neuzticieties nevienai t\u0101 d\u0113v\u0113tajai zin\u0101tniskajai metodei.<\/p>\n<p>Loterija ir nejau\u0161\u012bbas sp\u0113le, un \u0145ujorkas lotto nav iz\u0146\u0113mums. Skait\u013ci tiek \u0123ener\u0113ti nejau\u0161i, un veiksmei ir daudz sakara ar to, kur\u0161 vinn\u0113 loterij\u0101.<\/p>\n<p>Paturot to pr\u0101t\u0101, vienm\u0113r ir laba ideja mazliet izmantot veiksmes faktoru, izv\u0113loties savus laim\u012bgos skait\u013cus. T\u0101d\u0113j\u0101di j\u016bs varat izv\u0113l\u0113ties dzim\u0161anas dienas, jubilejas, skait\u013cus, kas jums ir biju\u0161i laim\u012bgi visu m\u016b\u017eu utt. Vai ar\u012b varat vienk\u0101r\u0161i izmantot m\u016bsu vietn\u0113 pieejamo autom\u0101tisk\u0101 \u0123eneratora r\u012bku, lai nejau\u0161i izv\u0113l\u0113tos skait\u013cus. Galu gal\u0101 viss ir atkar\u012bgs no veiksmes.<\/p>\n<h2>Kur ieg\u0101d\u0101ties bi\u013cetes uz \u0145ujorkas loto<\/h2>\n<p><img loading=\"lazy\" decoding=\"async\" class=\"alignright size-medium wp-image-28913\" src=\"https:\/\/jackpotlotteryonline.com\/wp-content\/uploads\/2022\/11\/1_pick_lottery_numbers-300x200.jpg\" alt=\"nopirkt \u0145ujorkas loto bi\u013cetes\" width=\"300\" height=\"200\" srcset=\"https:\/\/jackpotlotteryonline.com\/wp-content\/uploads\/2022\/11\/1_pick_lottery_numbers-300x200.jpg 300w, https:\/\/jackpotlotteryonline.com\/wp-content\/uploads\/2022\/11\/1_pick_lottery_numbers.jpg 320w\" sizes=\"auto, (max-width: 300px) 100vw, 300px\" \/>Ja esat gatavs piedal\u012bties \u0145ujorkas loto, n\u0101kamais solis ir <a href=\"https:\/\/jackpotlotteryonline.com\/lv\/iegadaties-biletes\/new-york-lottery\">bi\u013ce\u0161u ieg\u0101de<\/a>. To var izdar\u012bt tie\u0161saist\u0113 no loterijas p\u0101rdev\u0113ja vietnes, piem\u0113ram, jackpotlotlotteryonline.com. J\u0101uzman\u0101s no loterijas vietn\u0113m, kur\u0101s nav prec\u012bzi nor\u0101d\u012bts, k\u0101 j\u016bs sa\u0146emsiet bi\u013cetes. \u0160\u0101das vietnes var tikai \u013caut jums der\u0113t par loterijas izn\u0101kumu, bet faktiski taj\u0101 nepiedal\u012bties.<\/p>\n<p>Kad j\u016bs ieg\u0101d\u0101jaties loterijas bi\u013cetes no mums, m\u016bsu a\u0123enti \u0145ujork\u0101 ieg\u0101d\u0101sies bi\u013cetes ar atbilsto\u0161iem skait\u013ciem. Tas ir gandr\u012bz t\u0101pat, it k\u0101 jums b\u016btu savs person\u012bgais loterijas a\u0123ents da\u017e\u0101d\u0101s pasaules da\u013c\u0101s.<\/p>\n<h2>Balvu l\u012bme\u0146i \u0145ujorkas loto<\/h2>\n<p>\u0145ujorkas loto ir vair\u0101ki balvu l\u012bme\u0146i. Lai gan vairums sp\u0113l\u0113t\u0101ju tiecas p\u0113c d\u017eekpota, un tas b\u016btu j\u0101dara ar\u012b jums, tom\u0113r tas, ka ne visi var laim\u0113t d\u017eekpotu, ir fakts. Tom\u0113r ir vair\u0101kas citas balvu kategorijas, kur\u0101s sp\u0113l\u0113t\u0101ji var vinn\u0113t.<\/p>\n<p>T\u0101d\u0113j\u0101di d\u017eekpota balva s\u0101kas no 2 miljoniem ASV dol\u0101ru, ta\u010du ne\u013caujiet sevi maldin\u0101t ar \u0161o summu. Ja p\u0113c izlozes nav neviena uzvar\u0113t\u0101ja, balva p\u0101rkr\u012bt un s\u0101k augt un augt. Liel\u0101k\u0101 \u0161\u012bs loterijas d\u017eekpota balva bija apbr\u012bnojam\u0101 summa &#8211; 176 miljoni ASV dol\u0101ru. J\u0101, tas piln\u012bb\u0101 izmaina dz\u012bvi.<\/p>\n<p>1. l\u012bmenis (d\u017eekpots) &#8211; atbilst visiem 6 izloz\u0113tajiem skait\u013ciem<\/p>\n<p>2. l\u012bmenis &#8211; atbilst 5 skait\u013ciem + bonusa skaitlim<\/p>\n<p>l\u012bmenis &#8211; atbilst 5 skait\u013ciem<\/p>\n<p>l\u012bmenis &#8211; atbilst 4 skait\u013ciem<\/p>\n<p>l\u012bmenis &#8211; atbilst 3 skait\u013ciem<\/p>\n<h2>Laimests un naudas iz\u0146em\u0161ana<\/h2>\n<p>Uzvara \u0145ujorkas loto noz\u012bm\u0113, ka jums ir bi\u013cete, kas atbilst izloz\u0113tajiem skait\u013ciem. Loterij\u0101 uzvar tas, kur\u0161 atbilst izloz\u0113tajiem skait\u013ciem. Lai uzzin\u0101tu, vai esat vinn\u0113jis loterij\u0101, ir j\u0101p\u0101rbauda izlozes rezult\u0101ti. Ja esat pie mums re\u0123istr\u0113jies, m\u0113s jums nos\u016bt\u012bsim e-pastu, ja laim\u0113siet balvu.<\/p>\n<p>Ja p\u0113rkat loterijas bi\u013cetes pie mums, j\u016bs varat viegli iz\u0146emt savus laimestus no m\u016bsu platformas uz savu kontu. Ja laim\u0113siet 2500 eiro vai maz\u0101k, tad naudu var\u0113siet iz\u0146emt ar vienu klik\u0161\u0137i. Ja summa ir liel\u0101ka, m\u0113s nos\u016bt\u012bsim jums piepras\u012bjuma veidlapu, kuru aizpild\u012bt, un p\u0113c tam pal\u012bdz\u0113sim apstr\u0101d\u0101t j\u016bsu laimestu.<\/p>\n<p>P\u0101rl\u016bkojiet bi\u013cetes uz \u0145ujorkas loto tagad Jackpotlotteryonline.com.<\/p>\n","protected":false},"excerpt":{"rendered":"<p>\u0145ujorkas loto v\u0113sture ir bag\u0101ta ar labiem darbiem un visp\u0101r\u0113ju pozit\u012bvismu. T\u0101 k\u0101 loterija tika izveidota, lai pal\u012bdz\u0113tu izgl\u012bt\u012bbai \u0161tat\u0101, t\u0101 ir laba izv\u0113le tiem sp\u0113lma\u0146iem, kuriem pat\u012bk ar\u012b nedaudz altruisma l\u012bdztekus izklaidei. B\u016bt\u012bb\u0101, ja v\u0113laties loteriju, kas \u013cauj jums justies t\u0101, it k\u0101 j\u016bs dotu kaut ko labu pasaulei, tad jums vajadz\u0113tu apsv\u0113rt \u0145ujorkas [&hellip;]<\/p>\n","protected":false},"author":1,"featured_media":0,"parent":35705,"menu_order":14,"comment_status":"closed","ping_status":"closed","template":"newyork.php","meta":{"_et_pb_use_builder":"","_et_pb_old_content":"","_et_gb_content_width":"","exclude_from_search":false,"footnotes":""},"class_list":["post-39714","page","type-page","status-publish","hentry"],"yoast_head":"<!-- This site is optimized with the Yoast SEO plugin v23.3 - https:\/\/yoast.com\/wordpress\/plugins\/seo\/ -->\n<title>K\u0101 sp\u0113l\u0113t \u0145ujorkas loto no jebkuras vietas<\/title>\n<meta name=\"description\" content=\"Neatkar\u012bgi no t\u0101, kur atrodaties, \u0145ujorkas loto var piedal\u012bties tie\u0161saist\u0113. Uzziniet vair\u0101k par to, k\u0101 sp\u0113l\u0113t un uzvar\u0113t, \u0161eit.\" \/>\n<meta name=\"robots\" content=\"index, follow, max-snippet:-1, max-image-preview:large, max-video-preview:-1\" \/>\n<link rel=\"canonical\" href=\"https:\/\/jackpotlotteryonline.com\/lv\/ka-spelet\/new-york-lottery-2\/\" \/>\n<meta property=\"og:locale\" content=\"lv_LV\" \/>\n<meta property=\"og:type\" content=\"article\" \/>\n<meta property=\"og:title\" content=\"K\u0101 sp\u0113l\u0113t \u0145ujorkas loto no jebkuras vietas\" \/>\n<meta property=\"og:description\" content=\"Neatkar\u012bgi no t\u0101, kur atrodaties, \u0145ujorkas loto var piedal\u012bties tie\u0161saist\u0113. Uzziniet vair\u0101k par to, k\u0101 sp\u0113l\u0113t un uzvar\u0113t, \u0161eit.\" \/>\n<meta property=\"og:url\" content=\"https:\/\/jackpotlotteryonline.com\/lv\/ka-spelet\/new-york-lottery-2\/\" \/>\n<meta property=\"og:site_name\" content=\"Lotto Online - Crack The International Lottery Jackpots\" \/>\n<meta property=\"article:modified_time\" content=\"2023-01-03T10:21:50+00:00\" \/>\n<meta property=\"og:image\" content=\"https:\/\/jackpotlotteryonline.com\/wp-content\/uploads\/2022\/11\/lotto2-300x84-1.png\" \/>\n<meta name=\"twitter:card\" content=\"summary_large_image\" \/>\n<meta name=\"twitter:label1\" content=\"Est. reading time\" \/>\n\t<meta name=\"twitter:data1\" content=\"6 minutes\" \/>\n<!-- \/ Yoast SEO plugin. -->","yoast_head_json":{"title":"K\u0101 sp\u0113l\u0113t \u0145ujorkas loto no jebkuras vietas","description":"Neatkar\u012bgi no t\u0101, kur atrodaties, \u0145ujorkas loto var piedal\u012bties tie\u0161saist\u0113. Uzziniet vair\u0101k par to, k\u0101 sp\u0113l\u0113t un uzvar\u0113t, \u0161eit.","robots":{"index":"index","follow":"follow","max-snippet":"max-snippet:-1","max-image-preview":"max-image-preview:large","max-video-preview":"max-video-preview:-1"},"canonical":"https:\/\/jackpotlotteryonline.com\/lv\/ka-spelet\/new-york-lottery-2\/","og_locale":"lv_LV","og_type":"article","og_title":"K\u0101 sp\u0113l\u0113t \u0145ujorkas loto no jebkuras vietas","og_description":"Neatkar\u012bgi no t\u0101, kur atrodaties, \u0145ujorkas loto var piedal\u012bties tie\u0161saist\u0113. Uzziniet vair\u0101k par to, k\u0101 sp\u0113l\u0113t un uzvar\u0113t, \u0161eit.","og_url":"https:\/\/jackpotlotteryonline.com\/lv\/ka-spelet\/new-york-lottery-2\/","og_site_name":"Lotto Online - Crack The International Lottery Jackpots","article_modified_time":"2023-01-03T10:21:50+00:00","og_image":[{"url":"https:\/\/jackpotlotteryonline.com\/wp-content\/uploads\/2022\/11\/lotto2-300x84-1.png"}],"twitter_card":"summary_large_image","twitter_misc":{"Est. reading time":"6 minutes"},"schema":{"@context":"https:\/\/schema.org","@graph":[{"@type":"WebPage","@id":"https:\/\/jackpotlotteryonline.com\/lv\/ka-spelet\/new-york-lottery-2\/","url":"https:\/\/jackpotlotteryonline.com\/lv\/ka-spelet\/new-york-lottery-2\/","name":"K\u0101 sp\u0113l\u0113t \u0145ujorkas loto no jebkuras vietas","isPartOf":{"@id":"https:\/\/jackpotlotteryonline.com\/#website"},"primaryImageOfPage":{"@id":"https:\/\/jackpotlotteryonline.com\/lv\/ka-spelet\/new-york-lottery-2\/#primaryimage"},"image":{"@id":"https:\/\/jackpotlotteryonline.com\/lv\/ka-spelet\/new-york-lottery-2\/#primaryimage"},"thumbnailUrl":"https:\/\/jackpotlotteryonline.com\/wp-content\/uploads\/2022\/11\/lotto2-300x84-1.png","datePublished":"2022-11-29T08:02:37+00:00","dateModified":"2023-01-03T10:21:50+00:00","description":"Neatkar\u012bgi no t\u0101, kur atrodaties, \u0145ujorkas loto var piedal\u012bties tie\u0161saist\u0113. Uzziniet vair\u0101k par to, k\u0101 sp\u0113l\u0113t un uzvar\u0113t, \u0161eit.","breadcrumb":{"@id":"https:\/\/jackpotlotteryonline.com\/lv\/ka-spelet\/new-york-lottery-2\/#breadcrumb"},"inLanguage":"lv-LV","potentialAction":[{"@type":"ReadAction","target":["https:\/\/jackpotlotteryonline.com\/lv\/ka-spelet\/new-york-lottery-2\/"]}]},{"@type":"ImageObject","inLanguage":"lv-LV","@id":"https:\/\/jackpotlotteryonline.com\/lv\/ka-spelet\/new-york-lottery-2\/#primaryimage","url":"https:\/\/jackpotlotteryonline.com\/wp-content\/uploads\/2022\/11\/lotto2-300x84-1.png","contentUrl":"https:\/\/jackpotlotteryonline.com\/wp-content\/uploads\/2022\/11\/lotto2-300x84-1.png"},{"@type":"BreadcrumbList","@id":"https:\/\/jackpotlotteryonline.com\/lv\/ka-spelet\/new-york-lottery-2\/#breadcrumb","itemListElement":[{"@type":"ListItem","position":1,"name":"Home","item":"https:\/\/jackpotlotteryonline.com\/lv\/"},{"@type":"ListItem","position":2,"name":"K\u0101 sp\u0113l\u0113t","item":"https:\/\/jackpotlotteryonline.com\/play-online\/"},{"@type":"ListItem","position":3,"name":"Sp\u0113l\u0113t \u0145ujorkas loto tie\u0161saist\u0113"}]},{"@type":"WebSite","@id":"https:\/\/jackpotlotteryonline.com\/#website","url":"https:\/\/jackpotlotteryonline.com\/","name":"Lotto Online - Crack The International Lottery Jackpots","description":"","potentialAction":[{"@type":"SearchAction","target":{"@type":"EntryPoint","urlTemplate":"https:\/\/jackpotlotteryonline.com\/?s={search_term_string}"},"query-input":"required name=search_term_string"}],"inLanguage":"lv-LV"}]}},"_links":{"self":[{"href":"https:\/\/jackpotlotteryonline.com\/lv\/wp-json\/wp\/v2\/pages\/39714","targetHints":{"allow":["GET"]}}],"collection":[{"href":"https:\/\/jackpotlotteryonline.com\/lv\/wp-json\/wp\/v2\/pages"}],"about":[{"href":"https:\/\/jackpotlotteryonline.com\/lv\/wp-json\/wp\/v2\/types\/page"}],"author":[{"embeddable":true,"href":"https:\/\/jackpotlotteryonline.com\/lv\/wp-json\/wp\/v2\/users\/1"}],"replies":[{"embeddable":true,"href":"https:\/\/jackpotlotteryonline.com\/lv\/wp-json\/wp\/v2\/comments?post=39714"}],"version-history":[{"count":0,"href":"https:\/\/jackpotlotteryonline.com\/lv\/wp-json\/wp\/v2\/pages\/39714\/revisions"}],"up":[{"embeddable":true,"href":"https:\/\/jackpotlotteryonline.com\/lv\/wp-json\/wp\/v2\/pages\/35705"}],"wp:attachment":[{"href":"https:\/\/jackpotlotteryonline.com\/lv\/wp-json\/wp\/v2\/media?parent=39714"}],"curies":[{"name":"wp","href":"https:\/\/api.w.org\/{rel}","templated":true}]}}