{"id":40318,"date":"2022-12-02T10:36:10","date_gmt":"2022-12-02T10:36:10","guid":{"rendered":"https:\/\/jackpotlotteryonline.com\/?page_id=40318"},"modified":"2022-12-19T15:01:23","modified_gmt":"2022-12-19T15:01:23","slug":"mega-millions","status":"publish","type":"page","link":"https:\/\/jackpotlotteryonline.com\/lv\/iegadaties-biletes\/mega-millions\/","title":{"rendered":"Mega Millions bi\u013cetes"},"content":{"rendered":"<h2>K\u0101 j\u016bs varat ieg\u0101d\u0101ties Mega Millions bi\u013ceti tie\u0161saist\u0113?<\/h2>\n<p>Ja las\u0101t \u0161o lapu, j\u016bs, iesp\u0113jams, interes\u0113 iesp\u0113ja ieg\u0101d\u0101ties Mega Millions bi\u013ceti. Mega Millions ir viena no daudzaj\u0101m loterij\u0101m, kas saviem uzvar\u0113t\u0101jiem pied\u0101v\u0101 lielus laimestus. Iesp\u0113jams, tagad j\u016bs sev jaut\u0101jat: &#8220;K\u0101 es varu nopirkt Mega Millions bi\u013ceti tie\u0161saist\u0113?&#8221;.<\/p>\n<p>M\u0113s esam par jums par\u016bp\u0113ju\u0161ies. \u0160eit atrad\u012bsiet ce\u013cvedi, kas pal\u012bdz\u0113s jums ieg\u0101d\u0101ties Mega Millions bi\u013ceti tie\u0161saist\u0113.<\/p>\n<h2>K\u0101p\u0113c ieg\u0101d\u0101ties Mega Millions bi\u013cetes tie\u0161saist\u0113?<\/h2>\n<p><img loading=\"lazy\" decoding=\"async\" class=\"alignright size-full wp-image-31073\" src=\"https:\/\/jackpotlotteryonline.com\/wp-content\/uploads\/2022\/11\/logo_Mega_Millions_233x110.png\" alt=\"nopirkt mega miljonu bi\u013ceti tie\u0161saist\u0113\" width=\"232\" height=\"110\" \/>Mega Million ir ASV loterija ar lieliem, dz\u012bvi maino\u0161iem d\u017eekpotiem, kas bie\u017ei vien sasniedz simtiem miljonu m\u0101rci\u0146u. \u0160\u012b d\u017eekpota vinnests var main\u012bt j\u016bsu dz\u012bvi vienas nakts laik\u0101, ta\u010du tikai tad, ja jums paveicas un visi laim\u012bgie skait\u013ci ir pareizi sakr\u0101ti.<\/p>\n<p>Ja j\u016bs pl\u0101nojat <a href=\"https:\/\/jackpotlotteryonline.com\/lv\/ka-spelet\/mega-millions\">sp\u0113l\u0113t \u0161o loteriju tie\u0161saist\u0113<\/a>, tas noz\u012bm\u0113, ka m\u0113s j\u016bsu v\u0101rd\u0101 ieg\u0101d\u0101simies bi\u013cetes ar m\u016bsu viet\u0113jo mazumtirgot\u0101ju a\u0123entu starpniec\u012bbu. M\u0113s esam uzticams konsjer\u017eas pakalpojumu sniedz\u0113js, kas nodro\u0161ina \u0161os pakalpojumus saviem klientiem vis\u0101 pasaul\u0113. M\u0113s nodro\u0161in\u0101m, ka m\u016bsu klienti sa\u0146em lab\u0101kos pakalpojumus, t\u0101p\u0113c k\u0101p\u0113c gan neieg\u0101d\u0101ties pie mums?<\/p>\n<p>T\u0101 k\u0101 Mega Millions ir milz\u012bgs d\u017eekpots un taj\u0101 piedal\u0101s daudz cilv\u0113ku, izredzes laim\u0113t ir diezgan augstas, un liel\u0101k\u0101 da\u013ca cilv\u0113ku mekl\u0113 metodes, ko var\u0113tu izmantot, lai uzlabotu savas izredzes laim\u0113t \u0161aj\u0101 d\u017eekpot\u0101.<\/p>\n<p>Viens no veidiem, k\u0101 uzlabot savas izredzes, ir ieg\u0101d\u0101ties Mega Millions bi\u013ceti tie\u0161saist\u0113. To var izdar\u012bt m\u016bsu vietn\u0113, vienk\u0101r\u0161i pas\u016btot bi\u013ceti no jebkuras vietas pasaul\u0113, un Mega Millions bi\u013cetes sken\u0113jums b\u016bs pieejams j\u016bsu kont\u0101. Ieg\u0101d\u0101joties Mega Millions bi\u013ceti tie\u0161saist\u0113, jums nav j\u0101uztraucas par bi\u013cetes nozaud\u0113\u0161anu vai nozag\u0161anu, jo j\u016bsu bi\u013cetes dati tiks glab\u0101ti dro\u0161\u0101 viet\u0101.<\/p>\n<p>Turkl\u0101t, p\u0113rkot Mega Millions bi\u013ceti tie\u0161saist\u0113, ir \u0113rt\u0101k nek\u0101 doties uz fizisku veikalu, jo j\u016bs varat veikt pas\u016bt\u012bjumu, atrodoties m\u0101j\u0101s no jebkuras vietas pasaul\u0113. Gaidot izlozes, j\u016bs piedal\u012bsieties \u0161aj\u0101 Mega Millions loterij\u0101 t\u0101pat k\u0101 ASV iedz\u012bvot\u0101ji.<\/p>\n<h2>Mega Millions bi\u013ce\u0161u ieg\u0101des process tie\u0161saist\u0113<\/h2>\n<p>Pirms ieg\u0101d\u0101jaties Mega Millions bi\u013ceti pie mums, jums j\u0101zina, ka m\u0113s darbosimies k\u0101 starpnieks starp jums un loteriju, \u013caujot jums sp\u0113l\u0113t un ieg\u0101d\u0101ties bi\u013cetes tie\u0161saist\u0113, nekad neapmekl\u0113jot fizisku loterijas tirdzniec\u012bbas vietu.<\/p>\n<p>Vai tagad esat gatavs ieg\u0101d\u0101ties Mega Millions bi\u013ceti tie\u0161saist\u0113? Ja esat, zem\u0101k ir sniegti da\u017ei so\u013ci, kas j\u0101iev\u0113ro, lai bi\u013ce\u0161u ieg\u0101de b\u016btu veiksm\u012bga.<\/p>\n<p><strong>1. Izveidojiet kontu.<\/strong><br \/>\n<img loading=\"lazy\" decoding=\"async\" class=\"alignright size-full wp-image-34025\" src=\"https:\/\/jackpotlotteryonline.com\/wp-content\/uploads\/2022\/11\/2_ticket_mega_millions3-1.jpg\" alt=\"nopirkt mega miljonu bi\u013ceti tie\u0161saist\u0113\" width=\"180\" height=\"193\" \/>Ja esat jaunpien\u0101c\u0113js, j\u016bs tiksiet novirz\u012bts uz re\u0123istr\u0113\u0161an\u0101s lapu, kur\u0101 nor\u0101d\u012bsiet nepiecie\u0161amo inform\u0101ciju. P\u0113c tam, kad esat veiksm\u012bgi izveidojis savu sp\u0113l\u0113t\u0101ja kontu, dodieties uz Mega Millions loterijas lapu un veiciet turpm\u0101k nor\u0101d\u012btos darb\u012bbas:<\/p>\n<p>Izv\u0113lieties skait\u013cus, ar kuriem v\u0113laties sp\u0113l\u0113t. To varat izdar\u012bt manu\u0101li vai ar\u012b izmantot m\u016bsu nejau\u0161o skait\u013cu \u0123eneratoru, lai izv\u0113l\u0113tos skait\u013cus p\u0113c nejau\u0161\u012bbas principa.<\/p>\n<p>P\u0113c tam izv\u0113lieties izlozes numuru, kur\u0101 v\u0113laties piedal\u012bties. Varat izv\u0113l\u0113ties vienu izlozi vai ieg\u0101d\u0101ties vair\u0101ku izlo\u017eu bi\u013cetes. Piedal\u012b\u0161an\u0101s vair\u0101kos izloz\u0113s palielina j\u016bsu izredzes laim\u0113t Mega Millions d\u017eekpotu.<\/p>\n<p><strong>2. Nospiediet pogu &#8220;Turpin\u0101t&#8221; un dodieties uz kases lapu.<\/strong><\/p>\n<p><strong>3. Maks\u0101juma metodes<\/strong><\/p>\n<p>Dodieties uz maks\u0101jumu lapu un samaks\u0101jiet par bi\u013cet\u0113m. P\u0113c k\u0101da laika j\u016bsu kont\u0101 tiks aug\u0161upiel\u0101d\u0113ts j\u016bsu Mega Millions bi\u013cetes sken\u0113jums.<\/p>\n<p><strong>4. Tagad jums atliek tikai gaid\u012bt izlozes, kas notiek katru otrdienu un piektdienu pulksten 23:00.<\/strong> Laika joslas var at\u0161\u0137irties, t\u0101p\u0113c, gaidot <a href=\"https:\/\/jackpotlotteryonline.com\/lv\/laimejusie-skaitli\/mega-millions\">izlozes<\/a>, ieteicams apstiprin\u0101t laika joslu.<\/p>\n<h2>Kas notiek p\u0113c tam, kad esmu laim\u0113jis Mega Millions d\u017eekpotu?<\/h2>\n<p>Ja esat pareizi uzmin\u0113jis visus skait\u013cus, j\u016bs, iesp\u0113jams, interes\u0113, ko dar\u012bt t\u0101l\u0101k vai k\u0101 j\u016bs sa\u0146emsiet savu balvu. J\u016bs sa\u0146emsiet visu laimestu, un jums neb\u016bs j\u0101dodas uz ASV, lai sa\u0146emtu Mega Millions balvu. Tikai ziniet, ka j\u016bsu bi\u013cetes sken\u0113jums kalpos k\u0101 pier\u0101d\u012bjums par dal\u012bbu, t\u0101p\u0113c glab\u0101jiet to dro\u0161\u012bb\u0101; jums tas b\u016bs nepiecie\u0161ams.<\/p>\n<section class=\"layout\" style=\"border: solid 1px; width: 100%;\">\n<div class=\"img-div\" style=\"margin-top: 5px;\"><img decoding=\"async\" class=\"wp-image-17212 alignleft\" style=\"height: 45px; margin: 8px 8px 0px;\" src=\"https:\/\/jackpotlotteryonline.com\/wp-content\/uploads\/2022\/11\/read1.jpg\" alt=\"uzvar\u0113t\u0101ja apbalvo\u0161ana\" width=\"\" height=\"\" \/><\/div>\n<div style=\"padding-left: 5px;\">\n<div style=\"font-size: 1.1em;\">\n<p><strong>K\u0101 sa\u0146emt samaksu, ja laim\u0113ju loterij\u0101 tie\u0161saist\u0113?<\/strong><\/p>\n<p style=\"font-size: 0.85em; margin-top: -1.5em;\">Loterijas laimestu tie\u0161saistes loterij\u0101 j\u016bs sa\u0146emat savu naudu \u00a0<a href=\"https:\/\/jackpotlotteryonline.com\/lv\/ka-tikai-sanemu-apmaksu-ja-iz-iz-uzvaresu-loteriju-online\">\u00a0las\u012bt vair\u0101k<\/a><\/p>\n<\/div>\n<\/div>\n<\/section>\n<h2>Padomi, kas pal\u012bdz\u0113s jums tikt pie Mega Millions d\u017eekpota<\/h2>\n<p><img loading=\"lazy\" decoding=\"async\" class=\"size-medium wp-image-29858 alignright\" src=\"https:\/\/jackpotlotteryonline.com\/wp-content\/uploads\/2022\/11\/1_win_euromillions_lottery-300x164.jpg\" alt=\"nopirkt mega miljonu bi\u013ceti tie\u0161saist\u0113\" width=\"300\" height=\"164\" srcset=\"https:\/\/jackpotlotteryonline.com\/wp-content\/uploads\/2022\/11\/1_win_euromillions_lottery-300x164.jpg 300w, https:\/\/jackpotlotteryonline.com\/wp-content\/uploads\/2022\/11\/1_win_euromillions_lottery.jpg 350w\" sizes=\"auto, (max-width: 300px) 100vw, 300px\" \/>Ja pl\u0101nojat sp\u0113l\u0113t Mega Millions loterij\u0101 un laim\u0113t d\u017eekpotu, ir da\u017eas lietas, kas jums j\u0101\u0146em v\u0113r\u0101, lai palielin\u0101tu savas izredzes laim\u0113t.<\/p>\n<p>Pirmk\u0101rt, vispirms r\u016bp\u012bgi izv\u0113lieties skait\u013cus. Neizv\u0113lieties p\u0101r\u0101k bie\u017ei sastopamus skait\u013cus; t\u0101 viet\u0101 apsveriet iesp\u0113ju izmantot vai nu savus laim\u012bgos skait\u013cus, vai ar\u012b skait\u013cus izv\u0113l\u0113ties nejau\u0161i. P\u0101rliecinieties, ka tie ir vienm\u0113r\u012bgi sadal\u012bti, lai izvair\u012btos no t\u0101du pa\u0161u numuru izv\u0113les k\u0101 citiem sp\u0113l\u0113t\u0101jiem.<\/p>\n<p>Otrk\u0101rt, sal\u012bdziniet jaun\u0101kos laim\u0113ju\u0161os skait\u013cus un izp\u0113tiet skait\u013cu likumsakar\u012bbas. Izsl\u0113dziet nesen izloz\u0113tos skait\u013cus no j\u016bsu izv\u0113l\u0113tajiem skait\u013ciem.<\/p>\n<p>Izp\u0113tiet ar\u012b visbie\u017e\u0101k vinn\u0113jo\u0161o skait\u013cu z\u012bm\u0113jumu un apz\u012bm\u0113jiet tos k\u0101 skait\u013cus, kuriem ir visliel\u0101kais laimestu bie\u017eums. P\u0113c to nov\u0113ro\u0161anas sadaliet da\u017eus no tiem atbilsto\u0161i j\u016bsu izv\u0113l\u0113tajiem skait\u013ciem.<\/p>\n<p>Visbeidzot, jums ir iesp\u0113ja sp\u0113l\u0113t Mega Millions loteriju sindik\u0101t\u0101. Tas ir t\u0101pat k\u0101 bi\u013ce\u0161u ieg\u0101de grup\u0101, un visi laimesti tiks sadal\u012bti vien\u0101di starp visiem sp\u0113l\u0113t\u0101jiem, kas piedal\u012bj\u0101s. \u0160\u012b ir lieliska metode, lai uzlabotu savas izredzes laim\u0113t d\u017eekpotu.<\/p>\n<p>Ja sp\u0113l\u0113siet Mega Millions, \u0146emot v\u0113r\u0101 iepriek\u0161 min\u0113tos padomus, kas zina? Iesp\u0113jams, ka j\u016bs b\u016bsiet n\u0101kamais laim\u0113t\u0101js, kas sa\u0146ems d\u017eekpotu. Izm\u0113\u0123iniet savu veiksmi jau \u0161odien!<\/p>\n<h2>Secin\u0101jumi<\/h2>\n<p>Ja neesat ASV iedz\u012bvot\u0101js un cerat laim\u0113t Mega Millions d\u017eekpotu, tad vislab\u0101k\u0101 izv\u0113le ir ieg\u0101d\u0101ties Mega Millions bi\u013ceti tie\u0161saist\u0113. J\u016bs varat piedal\u012bties \u0161aj\u0101 loterij\u0101 no jebkuras pasaules valsts. T\u0101tad, ko j\u016bs v\u0113l gaid\u0101t? Ieg\u0101d\u0101jieties bi\u013cetes jau \u0161odien un izmantojiet iesp\u0113ju k\u013c\u016bt par laim\u012bgo d\u017eekpota ieguv\u0113ju.<\/p>\n<p>Lai uzzin\u0101tu vair\u0101k par \u0161o loteriju, l\u016bdzu, apmekl\u0113jiet m\u016bsu bie\u017ei uzdoto jaut\u0101jumu lapu vai uzdodiet savu jaut\u0101jumu, un m\u016bsu klientu atbalsta dienests atbild\u0113s, sniedzot atbilsto\u0161u inform\u0101ciju. Tikm\u0113r j\u016bs varat izp\u0113t\u012bt ar\u012b citas m\u016bsu vietn\u0113 pieejam\u0101s loterijas, un, ja jums ir interese, vienk\u0101r\u0161i nospiediet sp\u0113les pogu un vinn\u0113jiet ar\u012b cit\u0101s loterij\u0101s.<\/p>\n","protected":false},"excerpt":{"rendered":"<p>K\u0101 j\u016bs varat ieg\u0101d\u0101ties Mega Millions bi\u013ceti tie\u0161saist\u0113? Ja las\u0101t \u0161o lapu, j\u016bs, iesp\u0113jams, interes\u0113 iesp\u0113ja ieg\u0101d\u0101ties Mega Millions bi\u013ceti. Mega Millions ir viena no daudzaj\u0101m loterij\u0101m, kas saviem uzvar\u0113t\u0101jiem pied\u0101v\u0101 lielus laimestus. Iesp\u0113jams, tagad j\u016bs sev jaut\u0101jat: &#8220;K\u0101 es varu nopirkt Mega Millions bi\u013ceti tie\u0161saist\u0113?&#8221;. M\u0113s esam par jums par\u016bp\u0113ju\u0161ies. \u0160eit atrad\u012bsiet ce\u013cvedi, kas [&hellip;]<\/p>\n","protected":false},"author":1,"featured_media":0,"parent":35766,"menu_order":1,"comment_status":"closed","ping_status":"closed","template":"megamillion.php","meta":{"_et_pb_use_builder":"","_et_pb_old_content":"","_et_gb_content_width":"","exclude_from_search":false,"footnotes":""},"class_list":["post-40318","page","type-page","status-publish","hentry"],"yoast_head":"<!-- This site is optimized with the Yoast SEO plugin v23.3 - https:\/\/yoast.com\/wordpress\/plugins\/seo\/ -->\n<title>Mega Millions bi\u013ce\u0161u ieg\u0101de tie\u0161saist\u0113 | Mega Millions bi\u013cetes \u0101rpus ASV<\/title>\n<meta name=\"description\" content=\"Ja dz\u012bvojat \u0101rpus ASV, Mega Millions bi\u013cetes joproj\u0101m varat ieg\u0101d\u0101ties tie\u0161saist\u0113 tie\u0161i \u0161eit. M\u0113s ieg\u0101d\u0101jamies \u012bstas Mega Millions bi\u013cetes un sken\u0113jam t\u0101s.\" \/>\n<meta name=\"robots\" content=\"index, follow, max-snippet:-1, max-image-preview:large, max-video-preview:-1\" \/>\n<link rel=\"canonical\" href=\"https:\/\/jackpotlotteryonline.com\/lv\/iegadaties-biletes\/mega-millions\/\" \/>\n<meta property=\"og:locale\" content=\"lv_LV\" \/>\n<meta property=\"og:type\" content=\"article\" \/>\n<meta property=\"og:title\" content=\"Mega Millions bi\u013ce\u0161u ieg\u0101de tie\u0161saist\u0113 | Mega Millions bi\u013cetes \u0101rpus ASV\" \/>\n<meta property=\"og:description\" content=\"Ja dz\u012bvojat \u0101rpus ASV, Mega Millions bi\u013cetes joproj\u0101m varat ieg\u0101d\u0101ties tie\u0161saist\u0113 tie\u0161i \u0161eit. M\u0113s ieg\u0101d\u0101jamies \u012bstas Mega Millions bi\u013cetes un sken\u0113jam t\u0101s.\" \/>\n<meta property=\"og:url\" content=\"https:\/\/jackpotlotteryonline.com\/lv\/iegadaties-biletes\/mega-millions\/\" \/>\n<meta property=\"og:site_name\" content=\"Lotto Online - Crack The International Lottery Jackpots\" \/>\n<meta property=\"article:modified_time\" content=\"2022-12-19T15:01:23+00:00\" \/>\n<meta property=\"og:image\" content=\"https:\/\/jackpotlotteryonline.com\/wp-content\/uploads\/2022\/11\/logo_Mega_Millions_233x110.png\" \/>\n<meta name=\"twitter:card\" content=\"summary_large_image\" \/>\n<meta name=\"twitter:label1\" content=\"Est. reading time\" \/>\n\t<meta name=\"twitter:data1\" content=\"5 minutes\" \/>\n<!-- \/ Yoast SEO plugin. -->","yoast_head_json":{"title":"Mega Millions bi\u013ce\u0161u ieg\u0101de tie\u0161saist\u0113 | Mega Millions bi\u013cetes \u0101rpus ASV","description":"Ja dz\u012bvojat \u0101rpus ASV, Mega Millions bi\u013cetes joproj\u0101m varat ieg\u0101d\u0101ties tie\u0161saist\u0113 tie\u0161i \u0161eit. M\u0113s ieg\u0101d\u0101jamies \u012bstas Mega Millions bi\u013cetes un sken\u0113jam t\u0101s.","robots":{"index":"index","follow":"follow","max-snippet":"max-snippet:-1","max-image-preview":"max-image-preview:large","max-video-preview":"max-video-preview:-1"},"canonical":"https:\/\/jackpotlotteryonline.com\/lv\/iegadaties-biletes\/mega-millions\/","og_locale":"lv_LV","og_type":"article","og_title":"Mega Millions bi\u013ce\u0161u ieg\u0101de tie\u0161saist\u0113 | Mega Millions bi\u013cetes \u0101rpus ASV","og_description":"Ja dz\u012bvojat \u0101rpus ASV, Mega Millions bi\u013cetes joproj\u0101m varat ieg\u0101d\u0101ties tie\u0161saist\u0113 tie\u0161i \u0161eit. M\u0113s ieg\u0101d\u0101jamies \u012bstas Mega Millions bi\u013cetes un sken\u0113jam t\u0101s.","og_url":"https:\/\/jackpotlotteryonline.com\/lv\/iegadaties-biletes\/mega-millions\/","og_site_name":"Lotto Online - Crack The International Lottery Jackpots","article_modified_time":"2022-12-19T15:01:23+00:00","og_image":[{"url":"https:\/\/jackpotlotteryonline.com\/wp-content\/uploads\/2022\/11\/logo_Mega_Millions_233x110.png"}],"twitter_card":"summary_large_image","twitter_misc":{"Est. reading time":"5 minutes"},"schema":{"@context":"https:\/\/schema.org","@graph":[{"@type":"WebPage","@id":"https:\/\/jackpotlotteryonline.com\/lv\/iegadaties-biletes\/mega-millions\/","url":"https:\/\/jackpotlotteryonline.com\/lv\/iegadaties-biletes\/mega-millions\/","name":"Mega Millions bi\u013ce\u0161u ieg\u0101de tie\u0161saist\u0113 | Mega Millions bi\u013cetes \u0101rpus ASV","isPartOf":{"@id":"https:\/\/jackpotlotteryonline.com\/#website"},"primaryImageOfPage":{"@id":"https:\/\/jackpotlotteryonline.com\/lv\/iegadaties-biletes\/mega-millions\/#primaryimage"},"image":{"@id":"https:\/\/jackpotlotteryonline.com\/lv\/iegadaties-biletes\/mega-millions\/#primaryimage"},"thumbnailUrl":"https:\/\/jackpotlotteryonline.com\/wp-content\/uploads\/2022\/11\/logo_Mega_Millions_233x110.png","datePublished":"2022-12-02T10:36:10+00:00","dateModified":"2022-12-19T15:01:23+00:00","description":"Ja dz\u012bvojat \u0101rpus ASV, Mega Millions bi\u013cetes joproj\u0101m varat ieg\u0101d\u0101ties tie\u0161saist\u0113 tie\u0161i \u0161eit. M\u0113s ieg\u0101d\u0101jamies \u012bstas Mega Millions bi\u013cetes un sken\u0113jam t\u0101s.","breadcrumb":{"@id":"https:\/\/jackpotlotteryonline.com\/lv\/iegadaties-biletes\/mega-millions\/#breadcrumb"},"inLanguage":"lv-LV","potentialAction":[{"@type":"ReadAction","target":["https:\/\/jackpotlotteryonline.com\/lv\/iegadaties-biletes\/mega-millions\/"]}]},{"@type":"ImageObject","inLanguage":"lv-LV","@id":"https:\/\/jackpotlotteryonline.com\/lv\/iegadaties-biletes\/mega-millions\/#primaryimage","url":"https:\/\/jackpotlotteryonline.com\/wp-content\/uploads\/2022\/11\/logo_Mega_Millions_233x110.png","contentUrl":"https:\/\/jackpotlotteryonline.com\/wp-content\/uploads\/2022\/11\/logo_Mega_Millions_233x110.png"},{"@type":"BreadcrumbList","@id":"https:\/\/jackpotlotteryonline.com\/lv\/iegadaties-biletes\/mega-millions\/#breadcrumb","itemListElement":[{"@type":"ListItem","position":1,"name":"Home","item":"https:\/\/jackpotlotteryonline.com\/lv\/"},{"@type":"ListItem","position":2,"name":"K\u0101 nopirkt loterijas bi\u013cetes tie\u0161saist\u0113","item":"https:\/\/jackpotlotteryonline.com\/lv\/iegadaties-biletes\/"},{"@type":"ListItem","position":3,"name":"Mega Millions bi\u013cetes"}]},{"@type":"WebSite","@id":"https:\/\/jackpotlotteryonline.com\/#website","url":"https:\/\/jackpotlotteryonline.com\/","name":"Lotto Online - Crack The International Lottery Jackpots","description":"","potentialAction":[{"@type":"SearchAction","target":{"@type":"EntryPoint","urlTemplate":"https:\/\/jackpotlotteryonline.com\/?s={search_term_string}"},"query-input":"required name=search_term_string"}],"inLanguage":"lv-LV"}]}},"_links":{"self":[{"href":"https:\/\/jackpotlotteryonline.com\/lv\/wp-json\/wp\/v2\/pages\/40318","targetHints":{"allow":["GET"]}}],"collection":[{"href":"https:\/\/jackpotlotteryonline.com\/lv\/wp-json\/wp\/v2\/pages"}],"about":[{"href":"https:\/\/jackpotlotteryonline.com\/lv\/wp-json\/wp\/v2\/types\/page"}],"author":[{"embeddable":true,"href":"https:\/\/jackpotlotteryonline.com\/lv\/wp-json\/wp\/v2\/users\/1"}],"replies":[{"embeddable":true,"href":"https:\/\/jackpotlotteryonline.com\/lv\/wp-json\/wp\/v2\/comments?post=40318"}],"version-history":[{"count":0,"href":"https:\/\/jackpotlotteryonline.com\/lv\/wp-json\/wp\/v2\/pages\/40318\/revisions"}],"up":[{"embeddable":true,"href":"https:\/\/jackpotlotteryonline.com\/lv\/wp-json\/wp\/v2\/pages\/35766"}],"wp:attachment":[{"href":"https:\/\/jackpotlotteryonline.com\/lv\/wp-json\/wp\/v2\/media?parent=40318"}],"curies":[{"name":"wp","href":"https:\/\/api.w.org\/{rel}","templated":true}]}}