{"id":40370,"date":"2022-12-02T14:12:34","date_gmt":"2022-12-02T14:12:34","guid":{"rendered":"https:\/\/jackpotlotteryonline.com\/?page_id=40370"},"modified":"2023-01-01T14:28:08","modified_gmt":"2023-01-01T14:28:08","slug":"oz-lotto","status":"publish","type":"page","link":"https:\/\/jackpotlotteryonline.com\/lv\/ka-spelet\/oz-lotto\/","title":{"rendered":"Sp\u0113l\u0113t Oz Lotto tie\u0161saist\u0113"},"content":{"rendered":"<h2>Par Oz Lotto<\/h2>\n<p>Oz Lottery ir Austr\u0101lijas loterija, kas tika ieviesta 1994. gad\u0101 un ko p\u0101rvalda grupa ar nosaukumu Tatts group. Oz Lotto ir k\u013cuvusi popul\u0101ra gan Austr\u0101lij\u0101, gan Jaunz\u0113land\u0113, padarot to par Austr\u0101lijas liel\u0101ko loterijas sp\u0113li.<a href=\"https:\/\/jackpotlotteryonline.com\/lv\/laimejusie-skaitli\/oz-lotto\"> Oz Lotto izlozes<\/a> notiek katru tre\u0161dienu un piektdienu.<\/p>\n<p>Zem\u0101k ir sniegts ce\u013cvedis, kas pal\u012bdz\u0113s jums sp\u0113l\u0113t Oz Lotto tie\u0161saist\u0113 no jebkuras vietas pasaul\u0113.<\/p>\n<h2>K\u0101 sp\u0113l\u0113t Oz Lotto tie\u0161saist\u0113<\/h2>\n<p><img loading=\"lazy\" decoding=\"async\" class=\"alignright size-full wp-image-29777\" src=\"http:\/\/jackpotlotteryonline.com\/wp-content\/uploads\/2022\/11\/1_ticket_online_buying.jpg\" alt=\"sp\u0113l\u0113t oz lotto tie\u0161saist\u0113\" width=\"300\" height=\"203\" \/>Ja mekl\u0113jat aizraujo\u0161u un aizraujo\u0161u loteriju, kur\u0101 piedal\u012bties, jums j\u0101izp\u0113ta Austr\u0101lijas Oz Lotto. M\u0113s pied\u0101v\u0101jam sp\u0113l\u0113t\u0101jiem iesp\u0113ju sp\u0113l\u0113t starptautisk\u0101s loterijas tie\u0161saist\u0113, pied\u0101v\u0101jot konjunkt\u016bras pakalpojumus. Viss, kas jums nepiecie\u0161ams, lai sp\u0113l\u0113tu Oz Lotto tie\u0161saist\u0113, ir dators un interneta piesl\u0113gums.<\/p>\n<p>Lai sp\u0113l\u0113tu Oz Lotto tie\u0161saist\u0113, j\u016bs vienk\u0101r\u0161i izv\u0113laties septi\u0146us galvenos skait\u013cus no 1 l\u012bdz 47. Izlozes laik\u0101 tiek izv\u0113l\u0113ti v\u0113l tr\u012bs papildu skait\u013ci, t\u0101 sauktie papildskait\u013ci. J\u016bs varat izv\u0113l\u0113ties skait\u013cus, izmantojot m\u016bsu nejau\u0161o skait\u013cu \u0123eneratoru, vai izv\u0113l\u0113ties tos manu\u0101li. P\u0113c tam izv\u0113lieties, cik izloz\u0113s v\u0113laties piedal\u012bties. P\u0101rejiet pie kases un<a href=\"https:\/\/jackpotlotteryonline.com\/lv\/iegadaties-biletes\/oz-lotto\"> samaks\u0101jiet par bi\u013cet\u0113m<\/a>, p\u0113c tam gaidiet izlozi.<\/p>\n<h2>Kas ir papildu numuri un k\u0101 tos izmanto?<\/h2>\n<p>Papildu skait\u013ci tiek uzskat\u012bti par &#8220;bonusa bumbi\u0146\u0101m&#8221; Oz Lotto izloz\u0113s. Izlozes laik\u0101 nejau\u0161\u012bbas k\u0101rt\u0101 tiek izv\u0113l\u0113ti desmit laim\u012bgie skait\u013ci, un pirmie septi\u0146i no tiem tiek apz\u012bm\u0113ti k\u0101 galvenie skait\u013ci d\u017eekpota ieguv\u0113jam. 2., 4. un 7. l\u012bmeni nosaka atliku\u0161ie tr\u012bs &#8220;papildu skait\u013ci&#8221;.<\/p>\n<h2>Oz Lotto balvu l\u012bme\u0146i<\/h2>\n<p>Austr\u0101lijas Oz Lotto ir septi\u0146i balvu l\u012bme\u0146i. Tie ir \u0161\u0101di:<\/p>\n<ul>\n<li>1. l\u012bmenis: d\u017eekpots: septi\u0146i skait\u013ci, kas atbilst.<\/li>\n<li>l\u012bmenis: atbilst se\u0161i skait\u013ci + papildu skaitlis.<\/li>\n<li>l\u012bmenis: se\u0161i skait\u013ci, kas atbilst<\/li>\n<li>l\u012bmenis: atbilst pieci skait\u013ci + papildu skaitlis.<\/li>\n<li>l\u012bmenis: sakrito pieci skait\u013ci<\/li>\n<li>l\u012bmenis: \u010detri skait\u013ci atbilst \u010detriem skait\u013ciem<\/li>\n<li>l\u012bmenis: saska\u0146oti tr\u012bs skait\u013ci+ papildu skaitlis.<\/li>\n<\/ul>\n<h2>Vai man ir j\u0101b\u016bt Austr\u0101lij\u0101, lai sp\u0113l\u0113tu Oz Lotto?<\/h2>\n<p>N\u0113, lai piedal\u012btos \u0161aj\u0101 loterij\u0101, jums nav j\u0101b\u016bt Austr\u0101lijas iedz\u012bvot\u0101jam. Viss, kas jums j\u0101dara, ir j\u0101apmekl\u0113 jackpotlotlotteryonline.com, lai piepild\u012btu savu sapni sp\u0113l\u0113t starptautisk\u0101s loterij\u0101s. M\u0113s saviem klientiem sniedzam loterijas pakalpojumus, piem\u0113ram, ieg\u0101d\u0101jamies fiziskas bi\u013cetes ar m\u016bsu uzticamu loteriju a\u0123entu starpniec\u012bbu. Fizisk\u0101 bi\u013cete tiks dro\u0161i uzglab\u0101ta, bet t\u0101s sken\u0113jums tiks aug\u0161upiel\u0101d\u0113ts sp\u0113l\u0113t\u0101ja kont\u0101. Tas viss tiks izdar\u012bts j\u016bsu viet\u0101, un atliks tikai gaid\u012bt izlozes dienu.<\/p>\n<p>T\u0101p\u0113c jums nav j\u0101uztraucas par to, ka nevar\u0113siet piedal\u012bties Oz Lotto. J\u016bs sp\u0113l\u0113siet \u0161aj\u0101 loterij\u0101 t\u0101pat k\u0101 Austr\u0101lijas iedz\u012bvot\u0101js. Sp\u0113l\u0113t Oz Lotto ir tik vienk\u0101r\u0161i. Izm\u0113\u0123iniet savu veiksmi jau \u0161odien!<\/p>\n<h2>Uzvara Oz Lotto<\/h2>\n<p>Lai vinn\u0113tu Oz Lotto d\u017eekpota balvu, sp\u0113l\u0113t\u0101jam ir j\u0101sakr\u012bt septi\u0146iem skait\u013ciem no 47. \u0160is d\u017eekpots s\u0101kas no 10 miljoniem ASV dol\u0101ru un bie\u017ei vien pieaug, l\u012bdz tiek vinn\u0113ts. Papildus galvenajam d\u017eekpota laimestam sp\u0113l\u0113t\u0101ji, kuri pareizi uzmin \u010detrus vai piecus skait\u013cus attiec\u012bgaj\u0101 izloz\u0113, var vinn\u0113t asto\u0146as maz\u0101kas balvu da\u013cas.<\/p>\n<section class=\"layout\" style=\"border: solid 1px; width: 100%;\">\n<div class=\"img-div\" style=\"margin-top: 5px;\"><img decoding=\"async\" class=\"wp-image-17212 alignleft\" style=\"height: 45px; margin: 8px 8px 0px;\" src=\"http:\/\/jackpotlotteryonline.com\/wp-content\/uploads\/2022\/11\/read1.jpg\" alt=\"Las\u012bt \" width=\"\" height=\"\" \/><\/div>\n<div style=\"padding-left: 5px;\">\n<div style=\"font-size: 1.1em;\">\n<p><strong>V\u0113sturiski rekordaugstie loterijas d\u017eekpoti<\/strong><\/p>\n<p style=\"font-size: 0.85em; margin-top: -1.5em;\">Liel\u0101kie loto d\u017eekpoti v\u0113stur\u0113 liks jums izv\u0113din\u0101t galvu<a href=\"https:\/\/jackpotlotteryonline.com\/lv\/lielakie-loto-dzekpoti-vesture\">\u00a0las\u012bt vair\u0101k<\/a><\/p>\n<\/div>\n<\/div>\n<\/section>\n<h2>K\u0101das ir izredzes laim\u0113t Austr\u0101lijas Oz Lotto?<\/h2>\n<p><img loading=\"lazy\" decoding=\"async\" class=\"alignright wp-image-28697 size-medium\" src=\"http:\/\/jackpotlotteryonline.com\/wp-content\/uploads\/2022\/11\/1_online_lotto_winners-300x200.jpg\" alt=\"sp\u0113l\u0113t oz lotto tie\u0161saist\u0113\" width=\"300\" height=\"200\" srcset=\"https:\/\/jackpotlotteryonline.com\/wp-content\/uploads\/2022\/11\/1_online_lotto_winners-300x200.jpg 300w, https:\/\/jackpotlotteryonline.com\/wp-content\/uploads\/2022\/11\/1_online_lotto_winners.jpg 320w\" sizes=\"auto, (max-width: 300px) 100vw, 300px\" \/>Oz Lotto ir ieguvis popularit\u0101ti un padar\u012bjis daudzus sp\u0113l\u0113t\u0101jus par uzvar\u0113t\u0101jiem, kas vienlaikus ir padar\u012bjis izredzes laim\u0113t jebkur\u0101 no balvu l\u012bme\u0146iem diezgan augstas.<\/p>\n<p>Izredzes uz septi\u0146u skait\u013cu sakrit\u012bbu un laim\u0113t d\u017eekpotu ir 1 pret 62 891 499, kas ir gandr\u012bz neiesp\u0113jami. Ta\u010du loteriju lab\u0101 \u012bpa\u0161\u012bba ir t\u0101, ka visa sp\u0113le ir atkar\u012bga no veiksmes, j\u016bs nekad nezin\u0101t, vai k\u013c\u016bsiet par uzvar\u0113t\u0101ju, un tie\u0161i tas padara dal\u012bbu loterij\u0101s aizraujo\u0161u.<\/p>\n<p>Kop\u0113j\u0101 iesp\u0113ja laim\u0113t k\u0101du no septi\u0146\u0101m balv\u0101m ir 1 pret 51.<\/p>\n<p>Lai uzzin\u0101tu vair\u0101k par Oz Lotto, apmekl\u0113jiet m\u016bsu Bie\u017e\u0101k uzdoto jaut\u0101jumu lapu vai loterijas ofici\u0101lo t\u012bmek\u013ca vietni.<\/p>\n<p>Re\u0123istr\u0113jiet kontu jau \u0161odien un ieg\u016bstiet iesp\u0113ju piedal\u012bties \u0161aj\u0101 loterij\u0101 no jebkuras vietas pasaul\u0113.<\/p>\n","protected":false},"excerpt":{"rendered":"<p>Par Oz Lotto Oz Lottery ir Austr\u0101lijas loterija, kas tika ieviesta 1994. gad\u0101 un ko p\u0101rvalda grupa ar nosaukumu Tatts group. Oz Lotto ir k\u013cuvusi popul\u0101ra gan Austr\u0101lij\u0101, gan Jaunz\u0113land\u0113, padarot to par Austr\u0101lijas liel\u0101ko loterijas sp\u0113li. Oz Lotto izlozes notiek katru tre\u0161dienu un piektdienu. Zem\u0101k ir sniegts ce\u013cvedis, kas pal\u012bdz\u0113s jums sp\u0113l\u0113t Oz Lotto [&hellip;]<\/p>\n","protected":false},"author":1,"featured_media":0,"parent":35705,"menu_order":16,"comment_status":"closed","ping_status":"closed","template":"","meta":{"_et_pb_use_builder":"","_et_pb_old_content":"","_et_gb_content_width":"","exclude_from_search":false,"footnotes":""},"class_list":["post-40370","page","type-page","status-publish","hentry"],"yoast_head":"<!-- This site is optimized with the Yoast SEO plugin v23.3 - https:\/\/yoast.com\/wordpress\/plugins\/seo\/ -->\n<title>Sp\u0113l\u0113jiet Oz Lotto tie\u0161saist\u0113 \u0101rpus Austr\u0101lijas<\/title>\n<meta name=\"description\" content=\"Tagad j\u016bs varat sp\u0113l\u0113t Oz Lotto tie\u0161saist\u0113 ne tikai tad, ja atrodaties Austr\u0101lij\u0101 - j\u016bs varat sp\u0113l\u0113t Oz loteriju no jebkuras vietas pasaul\u0113.\" \/>\n<meta name=\"robots\" content=\"index, follow, max-snippet:-1, max-image-preview:large, max-video-preview:-1\" \/>\n<link rel=\"canonical\" href=\"https:\/\/jackpotlotteryonline.com\/lv\/ka-spelet\/oz-lotto\/\" \/>\n<meta property=\"og:locale\" content=\"lv_LV\" \/>\n<meta property=\"og:type\" content=\"article\" \/>\n<meta property=\"og:title\" content=\"Sp\u0113l\u0113jiet Oz Lotto tie\u0161saist\u0113 \u0101rpus Austr\u0101lijas\" \/>\n<meta property=\"og:description\" content=\"Tagad j\u016bs varat sp\u0113l\u0113t Oz Lotto tie\u0161saist\u0113 ne tikai tad, ja atrodaties Austr\u0101lij\u0101 - j\u016bs varat sp\u0113l\u0113t Oz loteriju no jebkuras vietas pasaul\u0113.\" \/>\n<meta property=\"og:url\" content=\"https:\/\/jackpotlotteryonline.com\/lv\/ka-spelet\/oz-lotto\/\" \/>\n<meta property=\"og:site_name\" content=\"Lotto Online - Crack The International Lottery Jackpots\" \/>\n<meta property=\"article:modified_time\" content=\"2023-01-01T14:28:08+00:00\" \/>\n<meta property=\"og:image\" content=\"http:\/\/jackpotlotteryonline.com\/wp-content\/uploads\/2022\/11\/1_ticket_online_buying.jpg\" \/>\n<meta name=\"twitter:card\" content=\"summary_large_image\" \/>\n<meta name=\"twitter:label1\" content=\"Est. reading time\" \/>\n\t<meta name=\"twitter:data1\" content=\"4 minutes\" \/>\n<!-- \/ Yoast SEO plugin. -->","yoast_head_json":{"title":"Sp\u0113l\u0113jiet Oz Lotto tie\u0161saist\u0113 \u0101rpus Austr\u0101lijas","description":"Tagad j\u016bs varat sp\u0113l\u0113t Oz Lotto tie\u0161saist\u0113 ne tikai tad, ja atrodaties Austr\u0101lij\u0101 - j\u016bs varat sp\u0113l\u0113t Oz loteriju no jebkuras vietas pasaul\u0113.","robots":{"index":"index","follow":"follow","max-snippet":"max-snippet:-1","max-image-preview":"max-image-preview:large","max-video-preview":"max-video-preview:-1"},"canonical":"https:\/\/jackpotlotteryonline.com\/lv\/ka-spelet\/oz-lotto\/","og_locale":"lv_LV","og_type":"article","og_title":"Sp\u0113l\u0113jiet Oz Lotto tie\u0161saist\u0113 \u0101rpus Austr\u0101lijas","og_description":"Tagad j\u016bs varat sp\u0113l\u0113t Oz Lotto tie\u0161saist\u0113 ne tikai tad, ja atrodaties Austr\u0101lij\u0101 - j\u016bs varat sp\u0113l\u0113t Oz loteriju no jebkuras vietas pasaul\u0113.","og_url":"https:\/\/jackpotlotteryonline.com\/lv\/ka-spelet\/oz-lotto\/","og_site_name":"Lotto Online - Crack The International Lottery Jackpots","article_modified_time":"2023-01-01T14:28:08+00:00","og_image":[{"url":"http:\/\/jackpotlotteryonline.com\/wp-content\/uploads\/2022\/11\/1_ticket_online_buying.jpg"}],"twitter_card":"summary_large_image","twitter_misc":{"Est. reading time":"4 minutes"},"schema":{"@context":"https:\/\/schema.org","@graph":[{"@type":"WebPage","@id":"https:\/\/jackpotlotteryonline.com\/lv\/ka-spelet\/oz-lotto\/","url":"https:\/\/jackpotlotteryonline.com\/lv\/ka-spelet\/oz-lotto\/","name":"Sp\u0113l\u0113jiet Oz Lotto tie\u0161saist\u0113 \u0101rpus Austr\u0101lijas","isPartOf":{"@id":"https:\/\/jackpotlotteryonline.com\/#website"},"primaryImageOfPage":{"@id":"https:\/\/jackpotlotteryonline.com\/lv\/ka-spelet\/oz-lotto\/#primaryimage"},"image":{"@id":"https:\/\/jackpotlotteryonline.com\/lv\/ka-spelet\/oz-lotto\/#primaryimage"},"thumbnailUrl":"http:\/\/jackpotlotteryonline.com\/wp-content\/uploads\/2022\/11\/1_ticket_online_buying.jpg","datePublished":"2022-12-02T14:12:34+00:00","dateModified":"2023-01-01T14:28:08+00:00","description":"Tagad j\u016bs varat sp\u0113l\u0113t Oz Lotto tie\u0161saist\u0113 ne tikai tad, ja atrodaties Austr\u0101lij\u0101 - j\u016bs varat sp\u0113l\u0113t Oz loteriju no jebkuras vietas pasaul\u0113.","breadcrumb":{"@id":"https:\/\/jackpotlotteryonline.com\/lv\/ka-spelet\/oz-lotto\/#breadcrumb"},"inLanguage":"lv-LV","potentialAction":[{"@type":"ReadAction","target":["https:\/\/jackpotlotteryonline.com\/lv\/ka-spelet\/oz-lotto\/"]}]},{"@type":"ImageObject","inLanguage":"lv-LV","@id":"https:\/\/jackpotlotteryonline.com\/lv\/ka-spelet\/oz-lotto\/#primaryimage","url":"http:\/\/jackpotlotteryonline.com\/wp-content\/uploads\/2022\/11\/1_ticket_online_buying.jpg","contentUrl":"http:\/\/jackpotlotteryonline.com\/wp-content\/uploads\/2022\/11\/1_ticket_online_buying.jpg"},{"@type":"BreadcrumbList","@id":"https:\/\/jackpotlotteryonline.com\/lv\/ka-spelet\/oz-lotto\/#breadcrumb","itemListElement":[{"@type":"ListItem","position":1,"name":"Home","item":"https:\/\/jackpotlotteryonline.com\/lv\/"},{"@type":"ListItem","position":2,"name":"K\u0101 sp\u0113l\u0113t","item":"https:\/\/jackpotlotteryonline.com\/play-online\/"},{"@type":"ListItem","position":3,"name":"Sp\u0113l\u0113t Oz Lotto tie\u0161saist\u0113"}]},{"@type":"WebSite","@id":"https:\/\/jackpotlotteryonline.com\/#website","url":"https:\/\/jackpotlotteryonline.com\/","name":"Lotto Online - Crack The International Lottery Jackpots","description":"","potentialAction":[{"@type":"SearchAction","target":{"@type":"EntryPoint","urlTemplate":"https:\/\/jackpotlotteryonline.com\/?s={search_term_string}"},"query-input":"required name=search_term_string"}],"inLanguage":"lv-LV"}]}},"_links":{"self":[{"href":"https:\/\/jackpotlotteryonline.com\/lv\/wp-json\/wp\/v2\/pages\/40370","targetHints":{"allow":["GET"]}}],"collection":[{"href":"https:\/\/jackpotlotteryonline.com\/lv\/wp-json\/wp\/v2\/pages"}],"about":[{"href":"https:\/\/jackpotlotteryonline.com\/lv\/wp-json\/wp\/v2\/types\/page"}],"author":[{"embeddable":true,"href":"https:\/\/jackpotlotteryonline.com\/lv\/wp-json\/wp\/v2\/users\/1"}],"replies":[{"embeddable":true,"href":"https:\/\/jackpotlotteryonline.com\/lv\/wp-json\/wp\/v2\/comments?post=40370"}],"version-history":[{"count":0,"href":"https:\/\/jackpotlotteryonline.com\/lv\/wp-json\/wp\/v2\/pages\/40370\/revisions"}],"up":[{"embeddable":true,"href":"https:\/\/jackpotlotteryonline.com\/lv\/wp-json\/wp\/v2\/pages\/35705"}],"wp:attachment":[{"href":"https:\/\/jackpotlotteryonline.com\/lv\/wp-json\/wp\/v2\/media?parent=40370"}],"curies":[{"name":"wp","href":"https:\/\/api.w.org\/{rel}","templated":true}]}}