{"id":40494,"date":"2022-12-05T08:41:18","date_gmt":"2022-12-05T08:41:18","guid":{"rendered":"https:\/\/jackpotlotteryonline.com\/?page_id=40494"},"modified":"2022-12-26T14:05:39","modified_gmt":"2022-12-26T14:05:39","slug":"powerball","status":"publish","type":"page","link":"https:\/\/jackpotlotteryonline.com\/lv\/laimejusie-skaitli\/powerball\/","title":{"rendered":"Powerball izlozes rezult\u0101ti"},"content":{"rendered":"<p>Powerball ir ASV loterija, kurai ir viens no visu laiku liel\u0101kajiem d\u017eekpotiem. Uzvara ASV Powerball ir gandr\u012bz katra sp\u0113kav\u012bra sapnis. Neticami lielo d\u017eekpotu d\u0113\u013c, kas da\u017ek\u0101rt sasniedz pat 1 miljardu ASV dol\u0101ru, sp\u0113l\u0113t\u0101ji vis\u0101 pasaul\u0113 p\u0113rk Powerball bi\u013cetes tie\u0161saist\u0113. Katrs sp\u0113l\u0113t\u0101js \u013coti cer laim\u0113t loterij\u0101. Tom\u0113r viena lieta ir ieg\u0101d\u0101ties loterijas bi\u013ceti, bet otra &#8211; p\u0101rbaud\u012bt laim\u0113ju\u0161os skait\u013cus. Lai uzzin\u0101tu, vai jums pieder Powerball loterijas laimestu bi\u013cete, ir svar\u012bgi p\u0101rbaud\u012bt izlozes rezult\u0101tus.<\/p>\n<p>\u0160aj\u0101 lap\u0101 m\u0113s ar jums dal\u012bsimies, k\u0101 tie\u0161saist\u0113 p\u0101rbaud\u012bt laimesta izlozes rezult\u0101tus. T\u0101pat m\u0113s jums par\u0101d\u012bsim, k\u0101 piek\u013c\u016bt laimestam, pat ja esat tie\u0161saistes sp\u0113l\u0113t\u0101js.<\/p>\n<p>Atcerieties, ka j\u016bs varat <a href=\"https:\/\/jackpotlotteryonline.com\/lv\/iegadaties-biletes\/powerball\">ieg\u0101d\u0101ties Powerball laimestu bi\u013cetes<\/a> vietn\u0113 jackpotlotlotteryonline.com un taj\u0101 pa\u0161\u0101 laik\u0101 tur p\u0101rbaud\u012bt laim\u0113ju\u0161os skait\u013cus.<\/p>\n<h2>K\u0101p\u0113c Powerball ir tik popul\u0101rs<\/h2>\n<p><img loading=\"lazy\" decoding=\"async\" class=\"alignright size-full wp-image-29588\" src=\"https:\/\/jackpotlotteryonline.com\/wp-content\/uploads\/2022\/11\/1_results_powerball.jpg\" alt=\"viegli ieg\u0101d\u0101ties Powerball bi\u013cetes\" width=\"300\" height=\"224\" \/>Ir vair\u0101ki iemesli, k\u0101p\u0113c sp\u0113l\u0113t\u0101ji iecien\u012bju\u0161i Powerball. T\u0101 ir ASV vair\u0101ku \u0161tatu loterija, kas noz\u012bm\u0113, ka bi\u013cetes tiek p\u0101rdotas vair\u0101kos ASV \u0161tatos. T\u0101p\u0113c tie, kas dz\u012bvo \u0161ajos \u0161tatos, var viegli ieg\u0101d\u0101ties Powerball bi\u013cetes. Ta\u010du ne tikai ASV loteriju entuziasti p\u0113rk bi\u013cetes, cerot laim\u0113t \u0161aj\u0101 loterij\u0101. Ar\u012b sp\u0113l\u0113t\u0101ji vis\u0101 pasaul\u0113 dedz\u012bgi cen\u0161as ieg\u0101d\u0101ties laim\u012bg\u0101s Powerball bi\u013cetes.<\/p>\n<p>Powerball d\u017eekpots 2022. gada oktobr\u012b sasniedza rekordlielu summu &#8211; 1 miljardu ASV dol\u0101ru, un to laim\u0113ja viens bi\u013cetes \u012bpa\u0161nieks. Tikai doma par miljarda dol\u0101ru laim\u0113\u0161anu ir pietiekama, lai sp\u0113l\u0113t\u0101ji vis\u0101 pasaul\u0113 b\u016btu saj\u016bsm\u0101. Turkl\u0101t, lai gan izredzes laim\u0113t Powerball ir diezgan augstas, sp\u0113l\u0113t\u0101ji bie\u017ei vinn\u0113 d\u017eekpotu.<\/p>\n<p>Ar\u012b Powerball ir vair\u0101kas kategorijas ar sul\u012bg\u0101m balv\u0101m. T\u0101p\u0113c, pat ja jums neizdodas laim\u0113t pirmo balvu, j\u016bs joproj\u0101m varat atgriezties m\u0101j\u0101s ar lielu laimestu.<\/p>\n<h2>Powerball sp\u0113l\u0113\u0161ana un vinnestu g\u016b\u0161ana tie\u0161saist\u0113<\/h2>\n<p><a href=\"https:\/\/jackpotlotteryonline.com\/lv\/ka-spelet\/powerball\">Powerball sp\u0113l\u0113\u0161ana tie\u0161saist\u0113<\/a> ir aizraujo\u0161a ar to, ka j\u016bs varat \u0101tri piek\u013c\u016bt \u0161ai ASV loterijai no jebkuras vietas. Ja j\u016bs ieg\u0101d\u0101jaties laim\u012bgo bi\u013ceti no jackpotlotlotteryonline.com, j\u016bs varat viegli izv\u0113l\u0113ties laim\u012bgos skait\u013cus. Vienk\u0101r\u0161i izv\u0113lieties 5 skait\u013cus no 1 l\u012bdz 69 un 1 papildu skaitli no 1 l\u012bdz 26.<\/p>\n<p>Kad esat izv\u0113l\u0113jies laim\u012bgos skait\u013cus, n\u0101kamais solis ir piedal\u012bties izloz\u0113s. Powerball ir tr\u012bs izlozes ned\u0113\u013c\u0101 &#8211; otrdien\u0101s, ceturtdien\u0101s un sv\u0113tdien\u0101s. Atkar\u012bb\u0101 no j\u016bsu v\u0113lm\u0113m m\u0113s jums atvieglosim dal\u012bbu vien\u0101 izloz\u0113 vai vair\u0101k\u0101s izloz\u0113s. Turkl\u0101t j\u016bs varat piedal\u012bties izloz\u0113s vair\u0101kas ned\u0113\u013cas iepriek\u0161.<\/p>\n<p>P\u0113c maks\u0101juma apstr\u0101des n\u0101kamais solis ir gaid\u012bt izlozes. Tad tiks pazi\u0146oti laim\u0113ju\u0161ie skait\u013ci, un j\u016bs var\u0113siet uzzin\u0101t, vai esat laim\u0113jis loterij\u0101.<\/p>\n<section class=\"layout\" style=\"border: solid 1px; width: 100%;\">\n<div class=\"img-div\" style=\"margin-top: 5px;\"><img decoding=\"async\" class=\"wp-image-17212 alignleft\" style=\"height: 45px; margin: 8px 8px 0px;\" src=\"https:\/\/jackpotlotteryonline.com\/wp-content\/uploads\/2022\/11\/read1.jpg\" alt=\"las\u012bt\" width=\"\" height=\"\" \/><\/div>\n<div style=\"padding-left: 5px;\">\n<div style=\"font-size: 1.1em;\">\n<p><strong>V\u0113sturiski rekordaugstie loterijas d\u017eekpoti<\/strong><\/p>\n<p style=\"font-size: 0.85em; margin-top: -1.5em;\">Liel\u0101kie loto d\u017eekpoti v\u0113stur\u0113 liks jums izv\u0113din\u0101t galvu \u00a0<a href=\"https:\/\/jackpotlotteryonline.com\/lv\/lielakie-loto-dzekpoti-vesture\">las\u012bt vair\u0101k<\/a><\/p>\n<\/div>\n<\/div>\n<\/section>\n<h2>Uzvar\u0113t\u0101ju skait\u013cu p\u0101rbaude<\/h2>\n<p><img loading=\"lazy\" decoding=\"async\" class=\"alignright size-full wp-image-30371\" src=\"https:\/\/jackpotlotteryonline.com\/wp-content\/uploads\/2022\/11\/1_winning_numbers_powerball.jpg\" alt=\"sp\u0113l\u0113jot Powerball tie\u0161saist\u0113\" width=\"300\" height=\"129\" \/>T\u0101 k\u0101 j\u016bs sp\u0113l\u0113jat Powerball tie\u0161saist\u0113, j\u016bs nevarat doties pie loterijas p\u0101rdev\u0113ja, lai p\u0101rbaud\u012btu, vai jums ir laim\u0113jus\u012b bi\u013cete. T\u0101p\u0113c lab\u0101kais veids, k\u0101 to izdar\u012bt, ir p\u0101rbaud\u012bt tie\u0161saist\u0113.<\/p>\n<p>Ta\u010du pat tad, ja j\u016bs neatgrie\u017eaties, j\u016bs varat uzzin\u0101t, vai esat laim\u0113jis k\u0101du balvu. Tas ir t\u0101p\u0113c, ka, lai ieg\u0101d\u0101tos Powerball bi\u013ceti, jums ir j\u0101b\u016bt pie mums re\u0123istr\u0113tam. Tas tiek dar\u012bts t\u0101d\u0113\u013c, lai m\u0113s var\u0113tu j\u016bs inform\u0113t, tikl\u012bdz jums ir laimesta bi\u013cete. Ja jums b\u016bs laimesta bi\u013cete, m\u0113s nos\u016bt\u012bsim jums e-pastu, lai j\u016bs par to inform\u0113tu. Tas ir tik vienk\u0101r\u0161i.<\/p>\n<h2>J\u016bsu laimestu izmaksu skaidr\u0101 naud\u0101<\/h2>\n<p>J\u016bsu laimestu izmaksu skaidr\u0101 naud\u0101 ir v\u0113l viens aspekts, kas tie\u0161saistes sp\u0113l\u0113t\u0101jiem var rad\u012bt ba\u017eas. Ja sp\u0113l\u0113jat Powerball tie\u0161saist\u0113, j\u016bs v\u0113laties b\u016bt p\u0101rliecin\u0101ts, ka varat piek\u013c\u016bt savam laimestam. Ja sp\u0113l\u0113jat Powerball ar mums, tad laimestu izmaks\u0101t ir pavisam vienk\u0101r\u0161i. M\u0113s esam izveidoju\u0161i savu sist\u0113mu t\u0101, lai j\u016bs var\u0113tu iz\u0146emt savu laimestu sav\u0101 kont\u0101.<\/p>\n<p>Tas ir iesp\u0113jams, ja laimestu summa ir maz\u0101ka par 2500 eiro. Ja laim\u0113j\u0101t vair\u0101k nek\u0101 \u0161o summu, m\u0113s pal\u012bdz\u0113sim jums aizpild\u012bt piepras\u012bjuma veidlapu. Tas jums b\u016bs j\u0101dara, lai sa\u0146emtu savu laimestu tie\u0161i no loterijas uz\u0146\u0113muma.<\/p>\n<h2>Uzvara Powerball loterij\u0101<\/h2>\n<p>Uzvara Powerball loterij\u0101 noz\u012bm\u0113, ka jums ir bi\u013cete, kas atbilst izlozes rezult\u0101tiem. Lai par\u0101d\u012btu, cik p\u0101rsteidzo\u0161s ir Powerball, par\u0101d\u012bsim, ko j\u016bs varat laim\u0113t cit\u0101s balv\u0101s.<\/p>\n<p>1. noda\u013ca: Match 5 + Powerball &#8211; d\u017eekpots<\/p>\n<p>noda\u013ca: tikai Match 5 &#8211; 1 miljons ASV dol\u0101ru<\/p>\n<p>noda\u013ca: Match 4 + Powerball &#8211; 50 000 ASV dol\u0101ru.<\/p>\n<p>noda\u013ca: 4. sp\u0113les vien &#8211; 100 $.<\/p>\n<p>5. noda\u013ca: 3. sp\u0113les + Powerball &#8211; 100 $.<\/p>\n<p>Dal\u012bjums Nr. 6: tikai 3. izloze &#8211; $7<\/p>\n<p>noda\u013ca: 2. sp\u0113les + Powerball &#8211; $7<\/p>\n<p>noda\u013ca: 1. sp\u0113les + Powerball &#8211; $4<\/p>\n<p>noda\u013ca: tikai Powerball &#8211; 4 $.<\/p>\n<p>Ar 9 sadal\u012bjumiem laim\u0113t loterij\u0101 ir aizraujo\u0161a iesp\u0113ja sp\u0113l\u0113t\u0101jiem. Tas ar\u012b noz\u012bm\u0113, ka izredzes laim\u0113t balvu ir diezgan augstas. Turkl\u0101t pat tad, ja j\u016bs uzvar\u0113siet otraj\u0101 dal\u012bjum\u0101, jums ir labas izredzes atgriezties m\u0101j\u0101s ar lielu laimestu.<\/p>\n<h2>P\u0101rbaudiet uzvar\u0113t\u0101ju rezult\u0101tus \u0161eit<\/h2>\n<p>N\u0101kamreiz, kad v\u0113l\u0113sieties sp\u0113l\u0113t loterij\u0101, neuztraucieties par to, kur p\u0101rbaud\u012bt laimesta rezult\u0101tus. Vietn\u0113 jackpotlotlotteryonline.com m\u0113s atvieglosim jums iesp\u0113ju izv\u0113l\u0113ties laim\u012bgos skait\u013cus un ar\u012b p\u0101rbaud\u012bt laimestu rezult\u0101tus. Ieg\u0101d\u0101jieties bi\u013ceti pie mums, un m\u0113s j\u016bs br\u012bdin\u0101sim, tikl\u012bdz jums b\u016bs laimesta bi\u013cete.<\/p>\n<p>Atcerieties, ka j\u016bs varat ar\u012b iz\u0146emt savu laimestu no m\u016bsu vietnes tie\u0161i sav\u0101 kont\u0101. Tas iev\u0113rojami atvieglos jebk\u0101du stresu, kas jums b\u016btu radies, sp\u0113l\u0113jot loteriju. Paties\u012bb\u0101 m\u0113s cen\u0161amies saviem klientiem nodro\u0161in\u0101t netrauc\u0113tu un bezr\u016bp\u012bgu pieredzi. T\u0101d\u0113j\u0101di j\u016bs var\u0113siet koncentr\u0113ties uz laimestu loterij\u0101, ner\u016bp\u0113joties par to, kas notiek pasaul\u0113.<\/p>\n","protected":false},"excerpt":{"rendered":"<p>Powerball ir ASV loterija, kurai ir viens no visu laiku liel\u0101kajiem d\u017eekpotiem. Uzvara ASV Powerball ir gandr\u012bz katra sp\u0113kav\u012bra sapnis. Neticami lielo d\u017eekpotu d\u0113\u013c, kas da\u017ek\u0101rt sasniedz pat 1 miljardu ASV dol\u0101ru, sp\u0113l\u0113t\u0101ji vis\u0101 pasaul\u0113 p\u0113rk Powerball bi\u013cetes tie\u0161saist\u0113. Katrs sp\u0113l\u0113t\u0101js \u013coti cer laim\u0113t loterij\u0101. Tom\u0113r viena lieta ir ieg\u0101d\u0101ties loterijas bi\u013ceti, bet otra &#8211; [&hellip;]<\/p>\n","protected":false},"author":1,"featured_media":0,"parent":35840,"menu_order":1,"comment_status":"closed","ping_status":"closed","template":"powerball-usa-results.php","meta":{"_et_pb_use_builder":"","_et_pb_old_content":"","_et_gb_content_width":"","exclude_from_search":false,"footnotes":""},"class_list":["post-40494","page","type-page","status-publish","hentry"],"yoast_head":"<!-- This site is optimized with the Yoast SEO plugin v23.3 - https:\/\/yoast.com\/wordpress\/plugins\/seo\/ -->\n<title>Powerball laim\u0113ju\u0161ie skait\u013ci un izlozes rezult\u0101ti<\/title>\n<meta name=\"description\" content=\"Visi jaun\u0101kie izlozes rezult\u0101ti un Powerball ASV laim\u012bgie skait\u013ci, k\u0101 ar\u012b rezult\u0101tu arh\u012bvs - viss vien\u0101 t\u012bmek\u013ca vietn\u0113.\" \/>\n<meta name=\"robots\" content=\"index, follow, max-snippet:-1, max-image-preview:large, max-video-preview:-1\" \/>\n<link rel=\"canonical\" href=\"https:\/\/jackpotlotteryonline.com\/lv\/laimejusie-skaitli\/powerball\/\" \/>\n<meta property=\"og:locale\" content=\"lv_LV\" \/>\n<meta property=\"og:type\" content=\"article\" \/>\n<meta property=\"og:title\" content=\"Powerball laim\u0113ju\u0161ie skait\u013ci un izlozes rezult\u0101ti\" \/>\n<meta property=\"og:description\" content=\"Visi jaun\u0101kie izlozes rezult\u0101ti un Powerball ASV laim\u012bgie skait\u013ci, k\u0101 ar\u012b rezult\u0101tu arh\u012bvs - viss vien\u0101 t\u012bmek\u013ca vietn\u0113.\" \/>\n<meta property=\"og:url\" content=\"https:\/\/jackpotlotteryonline.com\/lv\/laimejusie-skaitli\/powerball\/\" \/>\n<meta property=\"og:site_name\" content=\"Lotto Online - Crack The International Lottery Jackpots\" \/>\n<meta property=\"article:modified_time\" content=\"2022-12-26T14:05:39+00:00\" \/>\n<meta property=\"og:image\" content=\"https:\/\/jackpotlotteryonline.com\/wp-content\/uploads\/2022\/11\/1_results_powerball.jpg\" \/>\n<meta name=\"twitter:card\" content=\"summary_large_image\" \/>\n<meta name=\"twitter:label1\" content=\"Est. reading time\" \/>\n\t<meta name=\"twitter:data1\" content=\"4 minutes\" \/>\n<!-- \/ Yoast SEO plugin. -->","yoast_head_json":{"title":"Powerball laim\u0113ju\u0161ie skait\u013ci un izlozes rezult\u0101ti","description":"Visi jaun\u0101kie izlozes rezult\u0101ti un Powerball ASV laim\u012bgie skait\u013ci, k\u0101 ar\u012b rezult\u0101tu arh\u012bvs - viss vien\u0101 t\u012bmek\u013ca vietn\u0113.","robots":{"index":"index","follow":"follow","max-snippet":"max-snippet:-1","max-image-preview":"max-image-preview:large","max-video-preview":"max-video-preview:-1"},"canonical":"https:\/\/jackpotlotteryonline.com\/lv\/laimejusie-skaitli\/powerball\/","og_locale":"lv_LV","og_type":"article","og_title":"Powerball laim\u0113ju\u0161ie skait\u013ci un izlozes rezult\u0101ti","og_description":"Visi jaun\u0101kie izlozes rezult\u0101ti un Powerball ASV laim\u012bgie skait\u013ci, k\u0101 ar\u012b rezult\u0101tu arh\u012bvs - viss vien\u0101 t\u012bmek\u013ca vietn\u0113.","og_url":"https:\/\/jackpotlotteryonline.com\/lv\/laimejusie-skaitli\/powerball\/","og_site_name":"Lotto Online - Crack The International Lottery Jackpots","article_modified_time":"2022-12-26T14:05:39+00:00","og_image":[{"url":"https:\/\/jackpotlotteryonline.com\/wp-content\/uploads\/2022\/11\/1_results_powerball.jpg"}],"twitter_card":"summary_large_image","twitter_misc":{"Est. reading time":"4 minutes"},"schema":{"@context":"https:\/\/schema.org","@graph":[{"@type":"WebPage","@id":"https:\/\/jackpotlotteryonline.com\/lv\/laimejusie-skaitli\/powerball\/","url":"https:\/\/jackpotlotteryonline.com\/lv\/laimejusie-skaitli\/powerball\/","name":"Powerball laim\u0113ju\u0161ie skait\u013ci un izlozes rezult\u0101ti","isPartOf":{"@id":"https:\/\/jackpotlotteryonline.com\/#website"},"primaryImageOfPage":{"@id":"https:\/\/jackpotlotteryonline.com\/lv\/laimejusie-skaitli\/powerball\/#primaryimage"},"image":{"@id":"https:\/\/jackpotlotteryonline.com\/lv\/laimejusie-skaitli\/powerball\/#primaryimage"},"thumbnailUrl":"https:\/\/jackpotlotteryonline.com\/wp-content\/uploads\/2022\/11\/1_results_powerball.jpg","datePublished":"2022-12-05T08:41:18+00:00","dateModified":"2022-12-26T14:05:39+00:00","description":"Visi jaun\u0101kie izlozes rezult\u0101ti un Powerball ASV laim\u012bgie skait\u013ci, k\u0101 ar\u012b rezult\u0101tu arh\u012bvs - viss vien\u0101 t\u012bmek\u013ca vietn\u0113.","breadcrumb":{"@id":"https:\/\/jackpotlotteryonline.com\/lv\/laimejusie-skaitli\/powerball\/#breadcrumb"},"inLanguage":"lv-LV","potentialAction":[{"@type":"ReadAction","target":["https:\/\/jackpotlotteryonline.com\/lv\/laimejusie-skaitli\/powerball\/"]}]},{"@type":"ImageObject","inLanguage":"lv-LV","@id":"https:\/\/jackpotlotteryonline.com\/lv\/laimejusie-skaitli\/powerball\/#primaryimage","url":"https:\/\/jackpotlotteryonline.com\/wp-content\/uploads\/2022\/11\/1_results_powerball.jpg","contentUrl":"https:\/\/jackpotlotteryonline.com\/wp-content\/uploads\/2022\/11\/1_results_powerball.jpg"},{"@type":"BreadcrumbList","@id":"https:\/\/jackpotlotteryonline.com\/lv\/laimejusie-skaitli\/powerball\/#breadcrumb","itemListElement":[{"@type":"ListItem","position":1,"name":"Home","item":"https:\/\/jackpotlotteryonline.com\/lv\/"},{"@type":"ListItem","position":2,"name":"Loterijas rezult\u0101ti","item":"https:\/\/jackpotlotteryonline.com\/winning-numbers\/"},{"@type":"ListItem","position":3,"name":"Powerball izlozes rezult\u0101ti"}]},{"@type":"WebSite","@id":"https:\/\/jackpotlotteryonline.com\/#website","url":"https:\/\/jackpotlotteryonline.com\/","name":"Lotto Online - Crack The International Lottery Jackpots","description":"","potentialAction":[{"@type":"SearchAction","target":{"@type":"EntryPoint","urlTemplate":"https:\/\/jackpotlotteryonline.com\/?s={search_term_string}"},"query-input":"required name=search_term_string"}],"inLanguage":"lv-LV"}]}},"_links":{"self":[{"href":"https:\/\/jackpotlotteryonline.com\/lv\/wp-json\/wp\/v2\/pages\/40494","targetHints":{"allow":["GET"]}}],"collection":[{"href":"https:\/\/jackpotlotteryonline.com\/lv\/wp-json\/wp\/v2\/pages"}],"about":[{"href":"https:\/\/jackpotlotteryonline.com\/lv\/wp-json\/wp\/v2\/types\/page"}],"author":[{"embeddable":true,"href":"https:\/\/jackpotlotteryonline.com\/lv\/wp-json\/wp\/v2\/users\/1"}],"replies":[{"embeddable":true,"href":"https:\/\/jackpotlotteryonline.com\/lv\/wp-json\/wp\/v2\/comments?post=40494"}],"version-history":[{"count":0,"href":"https:\/\/jackpotlotteryonline.com\/lv\/wp-json\/wp\/v2\/pages\/40494\/revisions"}],"up":[{"embeddable":true,"href":"https:\/\/jackpotlotteryonline.com\/lv\/wp-json\/wp\/v2\/pages\/35840"}],"wp:attachment":[{"href":"https:\/\/jackpotlotteryonline.com\/lv\/wp-json\/wp\/v2\/media?parent=40494"}],"curies":[{"name":"wp","href":"https:\/\/api.w.org\/{rel}","templated":true}]}}