{"id":40546,"date":"2022-12-05T10:59:07","date_gmt":"2022-12-05T10:59:07","guid":{"rendered":"https:\/\/jackpotlotteryonline.com\/?page_id=40546"},"modified":"2022-12-26T20:21:22","modified_gmt":"2022-12-26T20:21:22","slug":"mega-millions","status":"publish","type":"page","link":"https:\/\/jackpotlotteryonline.com\/lv\/laimejusie-skaitli\/mega-millions\/","title":{"rendered":"Mega Millions izlozes rezult\u0101ti"},"content":{"rendered":"<p>Mega Millions ir paz\u012bstama ar saviem mega d\u017eekpotiem, un sp\u0113lma\u0146iem vis\u0101 pasaul\u0113 vienk\u0101r\u0161i pat\u012bk doma par laimestu \u0161aj\u0101 loterij\u0101. Uzvara Mega Millions loterij\u0101 ir amerik\u0101\u0146u sapnis, un miljoniem sp\u0113l\u0113t\u0101ju cen\u0161as to sasniegt. Par laimi, sp\u0113l\u0113t\u0101jiem no visas pasaules tagad ir iesp\u0113ja laim\u0113t Mega Millions, p\u0113rkot bi\u013cetes tie\u0161saist\u0113. Ja j\u016bs dom\u0101jat, k\u0101 to izdar\u012bt, tad m\u0113s jums esam sagatavoju\u0161i d\u0101vanu.<\/p>\n<p>Ja esat pirmo reizi sp\u0113l\u0113jo\u0161s sp\u0113l\u0113t\u0101js (vai regul\u0101rs sp\u0113l\u0113t\u0101js), j\u016bs varat <a href=\"https:\/\/jackpotlotteryonline.com\/lt\/pirkti-bilietus\/mega-millions\">ieg\u0101d\u0101ties Mega Million bi\u013cetes tie\u0161i \u0161eit, m\u016bsu vietn\u0113<\/a>. Un ne tikai tas &#8211; \u0161eit, vietn\u0113 jackpotlotteryonline.com, m\u0113s ar\u012b dodam jums iesp\u0113ju laim\u0113t vair\u0101k\u0101s vado\u0161aj\u0101s starptautiskaj\u0101s loterij\u0101s. T\u0101tad, ja j\u016bs v\u0113laties izm\u0113\u0123in\u0101t laim\u0113t Austr\u0101lijas, Eiropas vai Amerikas loterij\u0101s, tad palieciet pie mums.<\/p>\n<section class=\"layout\" style=\"border: solid 1px; width: 100%;\">\n<div class=\"img-div\" style=\"margin-top: 5px;\"><img decoding=\"async\" class=\"wp-image-17212 alignleft\" style=\"height: 45px; margin: 8px 8px 0px;\" src=\"https:\/\/jackpotlotteryonline.com\/wp-content\/uploads\/2022\/11\/read1.jpg\" alt=\"las\u012bt\" width=\"\" height=\"\" \/><\/div>\n<div style=\"padding-left: 5px;\">\n<div style=\"font-size: 1.1em;\">\n<p><strong>Eiropas loterijas<\/strong><\/p>\n<p style=\"font-size: 0.85em; margin-top: -1.5em;\">Kuras Eiropas loterijas ir lab\u0101k\u0101s?\u00a0<a href=\"https:\/\/jackpotlotteryonline.com\/lv\/kuras-eiropas-loterijas-ir-labakas\"> las\u012bt vair\u0101k<\/a><\/p>\n<\/div>\n<\/div>\n<\/section>\n<p>Ak, un m\u0113s jums past\u0101st\u012bsim, k\u0101 j\u016bs varat piek\u013c\u016bt ar\u012b Mega Millions laimestiem. Nav j\u0113gas<a href=\"https:\/\/jackpotlotteryonline.com\/lt\/kaip-zaisti\/mega-millions\"> sp\u0113l\u0113t Mega Millions<\/a>, vinn\u0113t un nevar piek\u013c\u016bt savam laimestam. T\u0101p\u0113c atsl\u0101binieties un turpiniet las\u012bt, lai uzzin\u0101tu visu, kas jums j\u0101zina par Mega Millions laimestu numuriem.<\/p>\n<h2>K\u0101 izv\u0113l\u0113ties Mega Millions laimesta numurus<\/h2>\n<p><img loading=\"lazy\" decoding=\"async\" class=\"alignright size-full wp-image-31073\" src=\"https:\/\/jackpotlotteryonline.com\/wp-content\/uploads\/2022\/11\/logo_Mega_Millions_233x110.png\" alt=\"nopirkt mega miljonu bi\u013ceti tie\u0161saist\u0113\" width=\"232\" height=\"110\" \/>Ikviens, kur\u0161 p\u0113rk loterijas bi\u013ceti, cer, ka kaut k\u0101d\u0101 veid\u0101 ieg\u016bs laim\u0113ju\u0161o bi\u013ceti. Tas ir dabisks cilv\u0113ka instinkts. M\u0113s zin\u0101m, ka izredzes var b\u016bt lielas, ta\u010du k\u0101dam ir j\u0101ieg\u016bst laim\u012bg\u0101 bi\u013cete. Un tas var\u0113tu b\u016bt ar\u012b j\u016bs, vai ne? Bet k\u0101 j\u016bs to izdar\u012bsiet? Ir da\u017ei triki, ko sp\u0113l\u0113t\u0101ji izmanto, lai izv\u0113l\u0113tos laim\u012bgos numurus.<\/p>\n<p>M\u0113s jums atkl\u0101ti pazi\u0146osim, ka nav garant\u0113ta veida, k\u0101 ieg\u016bt laim\u012bgo bi\u013ceti. T\u0101 ir nejau\u0161\u012bbas sp\u0113le, un katram sp\u0113l\u0113t\u0101jam ir vienk\u0101r\u0161i j\u0101izm\u0113\u0123ina sava veiksme. Tom\u0113r ir veidi, k\u0101 j\u016bs varat pal\u012bdz\u0113t sev justies laim\u012bgam. \u0160im nol\u016bkam ir \u013coti svar\u012bgi, k\u0101dus laimesta numurus izv\u0113laties.<\/p>\n<p>B\u016bt\u012bb\u0101 j\u016bs varat izv\u0113l\u0113ties laim\u012bgos numurus, izv\u0113loties laim\u012bgus datumus. Da\u017ei cilv\u0113ki par laim\u012bgiem uzskata savus dzim\u0161anas datumus. Ir teikts, ka da\u017ei cilv\u0113ki ir dzimu\u0161i zem laim\u012bgas zvaigznes. Ja j\u016bs j\u016btaties k\u0101 viens no tiem, tad, iesp\u0113jams, loterijas bi\u013cetei v\u0113laties izmantot visu savu dzim\u0161anas datumu vai t\u0101 da\u013cu. Ja nej\u016btaties tik laim\u012bgi, izmantojiet autom\u0101tisko \u0123eneratoru, lai izv\u0113l\u0113tos nejau\u0161us laimesta numurus.<\/p>\n<h2>Mega Millions laim\u0113\u0161ana tie\u0161saist\u0113<\/h2>\n<p>Sp\u0113les noteikumi ir vien\u0101di neatkar\u012bgi no t\u0101, vai j\u016bs sp\u0113l\u0113jat tie\u0161saist\u0113 vai bezsaist\u0113. M\u0113s jums pal\u012bdz\u0113sim izv\u0113l\u0113ties laim\u012bgos skait\u013cus tie\u0161saist\u0113. Kad j\u016bs to apg\u016bsiet, j\u016bs vairs nev\u0113l\u0113sieties sp\u0113l\u0113t loteriju cit\u0101di. Ir kaut kas neticams, ka jums nav nekur j\u0101dodas, lai ieg\u0101d\u0101tos loterijas bi\u013ceti. Vienk\u0101r\u0161i izmantojiet savu datoru vai mobilo ier\u012bci.<\/p>\n<p>Vispirms noteikumi. Mega Millions loterij\u0101 jums j\u0101izv\u0113las 5 skait\u013ci no 1 l\u012bdz 70 un Mega bumbi\u0146a no 1 l\u012bdz 25. Kad esat izv\u0113l\u0113jies laim\u012bgo kombin\u0101ciju, varat piedal\u012bties izloz\u0113s. Izlozes dienas katru ned\u0113\u013cu ir otrdiena un piektdiena. Jums ir iesp\u0113ja piedal\u012bties vien\u0101 izloz\u0113 vai ab\u0101s.<\/p>\n<p>Izloz\u0113s var piedal\u012bties ar\u012b vair\u0101kas ned\u0113\u013cas iepriek\u0161. Ja jums izdodas uzmin\u0113t laim\u012bgo kombin\u0101ciju, j\u016bs vinn\u0113siet lielu laimestu. Pirms maks\u0101jat par saviem ierakstiem, m\u0113s jums l\u016bgsim re\u0123istr\u0113ties. Tas tiek dar\u012bts, lai jums b\u016btu viegl\u0101k piek\u013c\u016bt laimestiem un sa\u0146emt tos. Bet m\u0113s to paskaidrosim v\u0113l\u0101k, tikai turpiniet las\u012bt.<\/p>\n<h2>Uzvar\u0113t\u0101ju skait\u013cu p\u0101rbaude<\/h2>\n<p>Mega Millions d\u017eekpota s\u0101kums ir 40 miljoni ASV dol\u0101ru. Tas ir garant\u0113tais minimums, un d\u017eekpota balva nav maz\u0101ka par \u0161o summu. Ja p\u0113c izloz\u0113m laim\u012bgais skaitlis neatrodas, d\u017eekpots tiek p\u0101rcelts uz n\u0101kamo izlozi. Tas turpin\u0101s, l\u012bdz tiek atrasta laimestu vinn\u0113jo\u0161\u0101 bi\u013cete.<\/p>\n<p>Lai p\u0101rbaud\u012btu Mega Millions loterijas laimesta rezult\u0101tus, vienk\u0101r\u0161i atgriezieties \u0161aj\u0101 lap\u0101 p\u0113c katra izlozes izlozes datuma. Tas ir tik vienk\u0101r\u0161i. \u0160aj\u0101 lap\u0101 m\u0113s public\u0113jam katras izlozes laimestu rezult\u0101tus, un tas attiecas ar\u012b uz cit\u0101m balvu kategorij\u0101m. J\u0101, d\u017eekpota vinnests nav viss, ko j\u016bs varat vinn\u0113t, sp\u0113l\u0113jot Mega Millions.<\/p>\n<p>Ja J\u016bs vinn\u0113siet k\u0101du no balv\u0101m, m\u0113s J\u016bs nekav\u0113joties inform\u0113sim par to pa e-pastu, lai J\u016bs var\u0113tu sa\u0146emt savu laimestu.<\/p>\n<h2>Mega Millions balvu kategorijas<\/h2>\n<p>Labi, m\u0113s zin\u0101m, ka j\u016bs, iesp\u0113jams, interes\u0113, vai, sp\u0113l\u0113jot \u0161o loteriju, varat laim\u0113t ar\u012b citas balvas. M\u0113s visi ceram laim\u0113t loterij\u0101, ta\u010du, kad tiecas uz zvaigzn\u0113m, da\u017ereiz triecas debes\u012bs. Un \u0161\u012bs balvas ir diezgan lieliskas. L\u016bk, balvu sadal\u012bjums.<\/p>\n<p>1. noda\u013ca: 5 + Mega bumbi\u0146as &#8211; d\u017eekpots<\/p>\n<p>2. noda\u013ca: 5 &#8211; 1 000 000 ASV dol\u0101ru.<\/p>\n<p>noda\u013ca: 4 + Mega bumbi\u0146a &#8211; 10 000 $.<\/p>\n<p>4. noda\u013ca: 4 &#8211; 500 $<\/p>\n<p>5. noda\u013ca: 3 + Mega bumbi\u0146a &#8211; 200 $.<\/p>\n<p>6. noda\u013ca: 3 &#8211; 10 $<\/p>\n<p>noda\u013ca: 2 + Mega Ball &#8211; $10<\/p>\n<p>noda\u013ca: 1 + Mega bumbi\u0146a &#8211; $4<\/p>\n<p>noda\u013ca: tikai Mega bumbi\u0146a &#8211; 2 $.<\/p>\n<p>Ar\u012b otr\u0101 l\u012bme\u0146a balvas izc\u012b\u0146a b\u016btu diezgan iev\u0113rojama, vai ne? Ar\u012b m\u0113s t\u0101 dom\u0101jam.<\/p>\n<h2>K\u0101 piepras\u012bt balvu<\/h2>\n<p><img loading=\"lazy\" decoding=\"async\" class=\"alignright size-full wp-image-19115\" src=\"https:\/\/jackpotlotteryonline.com\/wp-content\/uploads\/2022\/10\/2_ticket_mega_millions3.jpg\" alt=\"mega miljonu bi\u013cetes sken\u0113\u0161ana\" width=\"180\" height=\"193\" \/>Sp\u0113l\u0113t loteriju tie\u0161saist\u0113 ir labi, bet k\u0101 j\u016bs varat piepras\u012bt savu laimestu? M\u0113s esam par\u016bp\u0113ju\u0161ies ar\u012b par to. Ja esat ieg\u0101d\u0101jies loterijas bi\u013ceti vietn\u0113 jackpotlotlotteryonline.com, tad j\u016bs varat viegli ieg\u016bt savu laimestu. Kad b\u016bsiet pieteicies sav\u0101 kont\u0101, vienk\u0101r\u0161i izmaks\u0101jiet naudu no m\u016bsu platformas uz savu banku.<\/p>\n<p>\u0160is \u0113rtais process ir galvenais iemesls, k\u0101p\u0113c m\u0113s l\u016bdzam savus klientus re\u0123istr\u0113ties. Tas iev\u0113rojami atvieglo laimestu iz\u0146em\u0161anu neatkar\u012bgi no j\u016bsu dz\u012bvesvietas.<\/p>\n<p>\u0145emiet v\u0113r\u0101, ka parasti tas attiecas uz laimestiem, kas ir maz\u0101ki par 2500 eiro. Ja j\u016bsu laimests ir liel\u0101ks par 2500 eiro, jums, iesp\u0113jams, b\u016bs j\u0101sazin\u0101s tie\u0161i ar loterijas uz\u0146\u0113mumu, lai sa\u0146emtu savu laimestu. Ta\u010du tas nav probl\u0113ma, jo m\u0113s jums pal\u012bdz\u0113sim aizpild\u012bt pieteikuma veidlapu.<\/p>\n<h2>K\u0101p\u0113c jums vajadz\u0113tu sp\u0113l\u0113t loterij\u0101 pie jackpotlotlotteryonline.com<\/h2>\n<p>Viss, ko m\u0113s dar\u0101m vietn\u0113 jackpotlotlotteryonline.com, ir v\u0113rsts uz to, lai, sp\u0113l\u0113jot Mega Millions, J\u016bs g\u016btu fantastisku pieredzi. Dz\u012bv\u0113 ir tik daudz lietu, kas ir gr\u016btas, bet laimestam loterij\u0101 nevajadz\u0113tu b\u016bt vienai no t\u0101m. T\u0101p\u0113c m\u0113s par\u016bp\u0113simies par vis\u0101m \u0161\u012bm kaitino\u0161aj\u0101m s\u012bk\u0101m deta\u013c\u0101m, lai j\u016bs var\u0113tu koncentr\u0113ties uz jautr\u012bbu, ko v\u0113laties.<\/p>\n<p>Turkl\u0101t m\u0113s esam vietne, kas pied\u0101v\u0101 pakalpojumus. Tas noz\u012bm\u0113, ka m\u0113s saviem klientiem dodam iesp\u0113ju laim\u0113t loterij\u0101. Jums nav der\u012bbas par Mega Millions izn\u0101kumu, k\u0101 tas ir daudz\u0101s loteriju vietn\u0113s. M\u0113s faktiski sniedzam saviem klientiem piek\u013cuvi laimestu starptautiskaj\u0101s loterij\u0101s, piem\u0113ram, Mega Millions. Ja ieg\u0101d\u0101jaties bi\u013cetes m\u016bsu vietn\u0113, ja jums ir laim\u012bg\u0101 bi\u013cete, j\u016bs vinn\u0113siet loterij\u0101.<\/p>\n<p>M\u0113s saviem klientiem \u013caujam viegli p\u0101rbaud\u012bt Mega Millions laim\u0113ju\u0161os numurus, k\u0101 ar\u012b izlozes v\u0113sturi. Izlozes v\u0113stures p\u0101rbaude pal\u012bdz sp\u0113l\u0113t\u0101jiem izveidot savu laimesta sp\u0113les strat\u0113\u0123iju. Visbeidzot, piek\u013c\u016bt savam laimestam ir tik vienk\u0101r\u0161i, cik vien nepiecie\u0161ams, lai uzklik\u0161\u0137in\u0101tu. Izbaudiet Mega Millions loteriju jau \u0161odien, re\u0123istr\u0113joties pie mums.<\/p>\n","protected":false},"excerpt":{"rendered":"<p>Mega Millions ir paz\u012bstama ar saviem mega d\u017eekpotiem, un sp\u0113lma\u0146iem vis\u0101 pasaul\u0113 vienk\u0101r\u0161i pat\u012bk doma par laimestu \u0161aj\u0101 loterij\u0101. Uzvara Mega Millions loterij\u0101 ir amerik\u0101\u0146u sapnis, un miljoniem sp\u0113l\u0113t\u0101ju cen\u0161as to sasniegt. Par laimi, sp\u0113l\u0113t\u0101jiem no visas pasaules tagad ir iesp\u0113ja laim\u0113t Mega Millions, p\u0113rkot bi\u013cetes tie\u0161saist\u0113. Ja j\u016bs dom\u0101jat, k\u0101 to izdar\u012bt, tad m\u0113s [&hellip;]<\/p>\n","protected":false},"author":1,"featured_media":0,"parent":35840,"menu_order":2,"comment_status":"closed","ping_status":"closed","template":"megamillion-results.php","meta":{"_et_pb_use_builder":"","_et_pb_old_content":"","_et_gb_content_width":"","exclude_from_search":false,"footnotes":""},"class_list":["post-40546","page","type-page","status-publish","hentry"],"yoast_head":"<!-- This site is optimized with the Yoast SEO plugin v23.3 - https:\/\/yoast.com\/wordpress\/plugins\/seo\/ -->\n<title>Mega Millions laim\u0113ju\u0161ie skait\u013ci un izlozes rezult\u0101ti<\/title>\n<meta name=\"description\" content=\"Atrodiet \u0161\u012bs ned\u0113\u013cas un vec\u0101ku Mega Millions izlozes rezult\u0101tus un laim\u0113ju\u0161os numurus \u0161eit m\u016bsu vietn\u0113\" \/>\n<meta name=\"robots\" content=\"index, follow, max-snippet:-1, max-image-preview:large, max-video-preview:-1\" \/>\n<link rel=\"canonical\" href=\"https:\/\/jackpotlotteryonline.com\/lv\/laimejusie-skaitli\/mega-millions\/\" \/>\n<meta property=\"og:locale\" content=\"lv_LV\" \/>\n<meta property=\"og:type\" content=\"article\" \/>\n<meta property=\"og:title\" content=\"Mega Millions laim\u0113ju\u0161ie skait\u013ci un izlozes rezult\u0101ti\" \/>\n<meta property=\"og:description\" content=\"Atrodiet \u0161\u012bs ned\u0113\u013cas un vec\u0101ku Mega Millions izlozes rezult\u0101tus un laim\u0113ju\u0161os numurus \u0161eit m\u016bsu vietn\u0113\" \/>\n<meta property=\"og:url\" content=\"https:\/\/jackpotlotteryonline.com\/lv\/laimejusie-skaitli\/mega-millions\/\" \/>\n<meta property=\"og:site_name\" content=\"Lotto Online - Crack The International Lottery Jackpots\" \/>\n<meta property=\"article:modified_time\" content=\"2022-12-26T20:21:22+00:00\" \/>\n<meta property=\"og:image\" content=\"https:\/\/jackpotlotteryonline.com\/wp-content\/uploads\/2022\/11\/read1.jpg\" \/>\n<meta name=\"twitter:card\" content=\"summary_large_image\" \/>\n<meta name=\"twitter:label1\" content=\"Est. reading time\" \/>\n\t<meta name=\"twitter:data1\" content=\"5 minutes\" \/>\n<!-- \/ Yoast SEO plugin. -->","yoast_head_json":{"title":"Mega Millions laim\u0113ju\u0161ie skait\u013ci un izlozes rezult\u0101ti","description":"Atrodiet \u0161\u012bs ned\u0113\u013cas un vec\u0101ku Mega Millions izlozes rezult\u0101tus un laim\u0113ju\u0161os numurus \u0161eit m\u016bsu vietn\u0113","robots":{"index":"index","follow":"follow","max-snippet":"max-snippet:-1","max-image-preview":"max-image-preview:large","max-video-preview":"max-video-preview:-1"},"canonical":"https:\/\/jackpotlotteryonline.com\/lv\/laimejusie-skaitli\/mega-millions\/","og_locale":"lv_LV","og_type":"article","og_title":"Mega Millions laim\u0113ju\u0161ie skait\u013ci un izlozes rezult\u0101ti","og_description":"Atrodiet \u0161\u012bs ned\u0113\u013cas un vec\u0101ku Mega Millions izlozes rezult\u0101tus un laim\u0113ju\u0161os numurus \u0161eit m\u016bsu vietn\u0113","og_url":"https:\/\/jackpotlotteryonline.com\/lv\/laimejusie-skaitli\/mega-millions\/","og_site_name":"Lotto Online - Crack The International Lottery Jackpots","article_modified_time":"2022-12-26T20:21:22+00:00","og_image":[{"url":"https:\/\/jackpotlotteryonline.com\/wp-content\/uploads\/2022\/11\/read1.jpg"}],"twitter_card":"summary_large_image","twitter_misc":{"Est. reading time":"5 minutes"},"schema":{"@context":"https:\/\/schema.org","@graph":[{"@type":"WebPage","@id":"https:\/\/jackpotlotteryonline.com\/lv\/laimejusie-skaitli\/mega-millions\/","url":"https:\/\/jackpotlotteryonline.com\/lv\/laimejusie-skaitli\/mega-millions\/","name":"Mega Millions laim\u0113ju\u0161ie skait\u013ci un izlozes rezult\u0101ti","isPartOf":{"@id":"https:\/\/jackpotlotteryonline.com\/#website"},"primaryImageOfPage":{"@id":"https:\/\/jackpotlotteryonline.com\/lv\/laimejusie-skaitli\/mega-millions\/#primaryimage"},"image":{"@id":"https:\/\/jackpotlotteryonline.com\/lv\/laimejusie-skaitli\/mega-millions\/#primaryimage"},"thumbnailUrl":"https:\/\/jackpotlotteryonline.com\/wp-content\/uploads\/2022\/11\/read1.jpg","datePublished":"2022-12-05T10:59:07+00:00","dateModified":"2022-12-26T20:21:22+00:00","description":"Atrodiet \u0161\u012bs ned\u0113\u013cas un vec\u0101ku Mega Millions izlozes rezult\u0101tus un laim\u0113ju\u0161os numurus \u0161eit m\u016bsu vietn\u0113","breadcrumb":{"@id":"https:\/\/jackpotlotteryonline.com\/lv\/laimejusie-skaitli\/mega-millions\/#breadcrumb"},"inLanguage":"lv-LV","potentialAction":[{"@type":"ReadAction","target":["https:\/\/jackpotlotteryonline.com\/lv\/laimejusie-skaitli\/mega-millions\/"]}]},{"@type":"ImageObject","inLanguage":"lv-LV","@id":"https:\/\/jackpotlotteryonline.com\/lv\/laimejusie-skaitli\/mega-millions\/#primaryimage","url":"https:\/\/jackpotlotteryonline.com\/wp-content\/uploads\/2022\/11\/read1.jpg","contentUrl":"https:\/\/jackpotlotteryonline.com\/wp-content\/uploads\/2022\/11\/read1.jpg"},{"@type":"BreadcrumbList","@id":"https:\/\/jackpotlotteryonline.com\/lv\/laimejusie-skaitli\/mega-millions\/#breadcrumb","itemListElement":[{"@type":"ListItem","position":1,"name":"Home","item":"https:\/\/jackpotlotteryonline.com\/lv\/"},{"@type":"ListItem","position":2,"name":"Loterijas rezult\u0101ti","item":"https:\/\/jackpotlotteryonline.com\/winning-numbers\/"},{"@type":"ListItem","position":3,"name":"Mega Millions izlozes rezult\u0101ti"}]},{"@type":"WebSite","@id":"https:\/\/jackpotlotteryonline.com\/#website","url":"https:\/\/jackpotlotteryonline.com\/","name":"Lotto Online - Crack The International Lottery Jackpots","description":"","potentialAction":[{"@type":"SearchAction","target":{"@type":"EntryPoint","urlTemplate":"https:\/\/jackpotlotteryonline.com\/?s={search_term_string}"},"query-input":"required name=search_term_string"}],"inLanguage":"lv-LV"}]}},"_links":{"self":[{"href":"https:\/\/jackpotlotteryonline.com\/lv\/wp-json\/wp\/v2\/pages\/40546","targetHints":{"allow":["GET"]}}],"collection":[{"href":"https:\/\/jackpotlotteryonline.com\/lv\/wp-json\/wp\/v2\/pages"}],"about":[{"href":"https:\/\/jackpotlotteryonline.com\/lv\/wp-json\/wp\/v2\/types\/page"}],"author":[{"embeddable":true,"href":"https:\/\/jackpotlotteryonline.com\/lv\/wp-json\/wp\/v2\/users\/1"}],"replies":[{"embeddable":true,"href":"https:\/\/jackpotlotteryonline.com\/lv\/wp-json\/wp\/v2\/comments?post=40546"}],"version-history":[{"count":0,"href":"https:\/\/jackpotlotteryonline.com\/lv\/wp-json\/wp\/v2\/pages\/40546\/revisions"}],"up":[{"embeddable":true,"href":"https:\/\/jackpotlotteryonline.com\/lv\/wp-json\/wp\/v2\/pages\/35840"}],"wp:attachment":[{"href":"https:\/\/jackpotlotteryonline.com\/lv\/wp-json\/wp\/v2\/media?parent=40546"}],"curies":[{"name":"wp","href":"https:\/\/api.w.org\/{rel}","templated":true}]}}