{"id":40601,"date":"2022-12-05T13:25:39","date_gmt":"2022-12-05T13:25:39","guid":{"rendered":"https:\/\/jackpotlotteryonline.com\/?page_id=40601"},"modified":"2022-12-27T08:29:26","modified_gmt":"2022-12-27T08:29:26","slug":"euromillions","status":"publish","type":"page","link":"https:\/\/jackpotlotteryonline.com\/lv\/laimejusie-skaitli\/euromillions\/","title":{"rendered":"Euromillions izlozes rezult\u0101ti"},"content":{"rendered":"<p>Sp\u0113l\u0113t\u0101ji, kuri p\u0113rk loterijas bi\u013cetes, bie\u017ei vien uztraucas par to, ka vi\u0146i var palaist gar\u0101m loterijas balvas. Tas ir t\u0101p\u0113c, ka cilv\u0113ki k\u013c\u016bst neuzman\u012bgi un bi\u013cetes paz\u016bd; bez loterijas bi\u013cetes j\u016bs nevarat piepras\u012bt savu balvu. Ta\u010du, sp\u0113l\u0113jot loteriju tie\u0161saist\u0113, jums nav j\u0101uztraucas par pazudu\u0161\u0101m bi\u013cet\u0113m, jo viss notiek digit\u0101li. Tom\u0113r laim\u0113ju\u0161o skait\u013cu p\u0101rbaude joproj\u0101m var sag\u0101d\u0101t probl\u0113mas, ja nezin\u0101t, ko dar\u012bt. T\u0101p\u0113c m\u0113s esam \u0161eit.<\/p>\n<p>Vietn\u0113 jackpotlotlotteryonline.com m\u0113s sniedzam sp\u0113l\u0113t\u0101jiem piek\u013cuvi lab\u0101kaj\u0101m starptautiskaj\u0101m loterij\u0101m tie\u0161saist\u0113. M\u0113s ar\u012b atvieglojam jums iesp\u0113ju ieg\u0101d\u0101ties loterijas bi\u013cetes un p\u0101rbaud\u012bt Euromillions laim\u0113ju\u0161os skait\u013cus, lai kur j\u016bs atrastos.<\/p>\n<h2>K\u0101 laim\u0113t d\u017eekpotu?<\/h2>\n<p><img loading=\"lazy\" decoding=\"async\" class=\"alignright size-full wp-image-31019\" src=\"https:\/\/jackpotlotteryonline.com\/wp-content\/uploads\/2022\/11\/euromillions.png\" alt=\"laim\u0113t Euromillions\" width=\"200\" height=\"212\" \/>Tas ir b\u016btisks jaut\u0101jums, jo ikviens, kur\u0161 sp\u0113l\u0113 loterij\u0101, v\u0113las zin\u0101t, kas nepiecie\u0161ams, lai uzvar\u0113tu. Vienk\u0101r\u0161\u0101 atbilde ir t\u0101da, ka, lai laim\u0113tu loterij\u0101, sp\u0113l\u0113t\u0101jam vienk\u0101r\u0161i j\u0101atbilst izloz\u0113tajiem skait\u013ciem. Protams, m\u0113s visi zin\u0101m, ka tas nav tik vienk\u0101r\u0161i. Loterija ir \u013coti atkar\u012bga no veiksmes.<\/p>\n<p>Euromillions gad\u012bjum\u0101 sp\u0113l\u0113t\u0101jam ir j\u0101izv\u0113las 5 skait\u013ci no 1 l\u012bdz 70 un 2 laim\u012bg\u0101s zvaigznes. Loterij\u0101 uzvar tas, kur\u0161 atbilst visiem 7 izloz\u0113tajiem cipariem.<\/p>\n<p>\u0160eit varat p\u0101rbaud\u012bt iepriek\u0161\u0113j\u0101s kombin\u0101cijas, lai uzzin\u0101tu, k\u0101di cipari atk\u0101rtojas visbie\u017e\u0101k vai vismaz\u0101k. Tas var pal\u012bdz\u0113t jums izpl\u0101not savu laimesta strat\u0113\u0123iju Eiropas loterij\u0101.<\/p>\n<h2>K\u0101 p\u0101rbaud\u012bt uzvar\u0113t\u0101ju<\/h2>\n<p>Ir vair\u0101ki veidi, k\u0101 tie\u0161saist\u0113 p\u0101rbaud\u012bt loterijas uzvar\u0113t\u0101ju. Tom\u0113r probl\u0113ma, p\u0101rbaudot jebkuru nejau\u0161i izv\u0113l\u0113tu vietni, ir t\u0101, ka j\u016bs varat nesa\u0146emt prec\u012bzu inform\u0101ciju. Turkl\u0101t, p\u0101rbaudot zi\u0146u vietnes, j\u016bs varat uzzin\u0101t tikai to kombin\u0101ciju, kas vinn\u0113jusi d\u017eekpotu.<\/p>\n<p>Eiropas loterij\u0101 ir vair\u0101kas balvu kategorijas, un, pat ja neesat laim\u0113jis galveno balvu, j\u016bs joproj\u0101m varat atgriezties m\u0101j\u0101s ar labu summu. T\u0101p\u0113c ir svar\u012bgi p\u0101rbaud\u012bt, vai j\u016bsu bi\u013cete atbilst cit\u0101m balvu kategorij\u0101m.<\/p>\n<p>Ja j\u016bs <a href=\"https:\/\/jackpotlotteryonline.com\/lv\/iegadaties-biletes\/euromillions\">ieg\u0101d\u0101jaties loterijas bi\u013ceti<\/a> vietn\u0113 jackpotlotlotteryonline.com, m\u0113s nos\u016bt\u012bsim jums e-pastu, tikl\u012bdz j\u016bs vinn\u0113siet balvu. T\u0101d\u0113j\u0101di jums nav j\u0101uztraucas par balvu zaud\u0113\u0161anu.<\/p>\n<h2>Piek\u013cuve j\u016bsu laimestam<\/h2>\n<p>T\u0101 k\u0101 j\u016bs <a href=\"https:\/\/jackpotlotteryonline.com\/lv\/ka-spelet\/euromillions\">sp\u0113l\u0113jat loteriju tie\u0161saist\u0113<\/a>, ir likumsakar\u012bgi, ka j\u016bs interes\u0113, kas notiks, kad j\u016bs vinn\u0113siet balvu. Ja j\u016bs sp\u0113l\u0113jat ar mums, tad piek\u013cuve j\u016bsu laimestam ir tikpat vienk\u0101r\u0161a k\u0101 bi\u013cetes ieg\u0101de. Ar to m\u0113s dom\u0101jam, ka j\u016bs varat viegli iz\u0146emt savu laimestu no m\u016bsu vietnes. Nek\u0101du probl\u0113mu un sare\u017e\u0123\u012bjumu.<\/p>\n<p>Ja vinn\u0113siet d\u017eekpotu vai summu, kas ir liel\u0101ka par 2500 eiro, Jums, iesp\u0113jams, b\u016bs j\u0101aizpilda pretenziju veidlapa. Ta\u010du neuztraucieties, tas nav sare\u017e\u0123\u012bts process, un m\u0113s j\u016bs ar to iepaz\u012bstin\u0101sim.<\/p>\n<section class=\"layout\" style=\"border: solid 1px; width: 100%;\">\n<div class=\"img-div\" style=\"margin-top: 5px;\"><img decoding=\"async\" class=\"wp-image-17212 alignleft\" style=\"height: 45px; margin: 8px 8px 0px;\" src=\"https:\/\/jackpotlotteryonline.com\/wp-content\/uploads\/2022\/11\/read1.jpg\" alt=\"las\u012bt\" width=\"\" height=\"\" \/><\/div>\n<div style=\"padding-left: 5px;\">\n<div style=\"font-size: 1.1em;\">\n<p><strong>K\u0101 sa\u0146emt samaksu, ja laim\u0113ju loterij\u0101 tie\u0161saist\u0113?<\/strong><\/p>\n<p style=\"font-size: 0.85em; margin-top: -1.5em;\">Loterijas laimestu tie\u0161saistes loterij\u0101 j\u016bs sa\u0146emat savu naudu \u00a0<a href=\"https:\/\/jackpotlotteryonline.com\/lv\/ka-tikai-sanemu-apmaksu-ja-iz-iz-uzvaresu-loteriju-online\">las\u012bt vair\u0101k<\/a><\/p>\n<\/div>\n<\/div>\n<\/section>\n<h2>P\u0101rbaudiet savus Euromillions laim\u0113ju\u0161os skait\u013cus \u0161odien<\/h2>\n<p>M\u0113s esam c\u012bt\u012bgi str\u0101d\u0101ju\u0161i, lai m\u016bsu sp\u0113l\u0113t\u0101jiem rad\u012btu dro\u0161u tie\u0161saistes vidi. M\u0113s nodro\u0161in\u0101m visu nepiecie\u0161amo, lai \u0113rti sp\u0113l\u0113tu loterij\u0101. Ar mums j\u016bs sa\u0146emat piek\u013cuvi lab\u0101kaj\u0101m starptautiskaj\u0101m loterij\u0101m un varat iepriek\u0161 piedal\u012bties vair\u0101k\u0101s izloz\u0113s. Turkl\u0101t j\u016bs varat viegli p\u0101rbaud\u012bt izlozes tie\u0161i \u0161eit un iz\u0146emt savus laimestus.<\/p>\n","protected":false},"excerpt":{"rendered":"<p>Sp\u0113l\u0113t\u0101ji, kuri p\u0113rk loterijas bi\u013cetes, bie\u017ei vien uztraucas par to, ka vi\u0146i var palaist gar\u0101m loterijas balvas. Tas ir t\u0101p\u0113c, ka cilv\u0113ki k\u013c\u016bst neuzman\u012bgi un bi\u013cetes paz\u016bd; bez loterijas bi\u013cetes j\u016bs nevarat piepras\u012bt savu balvu. Ta\u010du, sp\u0113l\u0113jot loteriju tie\u0161saist\u0113, jums nav j\u0101uztraucas par pazudu\u0161\u0101m bi\u013cet\u0113m, jo viss notiek digit\u0101li. Tom\u0113r laim\u0113ju\u0161o skait\u013cu p\u0101rbaude joproj\u0101m var [&hellip;]<\/p>\n","protected":false},"author":1,"featured_media":0,"parent":35840,"menu_order":3,"comment_status":"closed","ping_status":"closed","template":"euromillions-results.php","meta":{"_et_pb_use_builder":"","_et_pb_old_content":"","_et_gb_content_width":"","exclude_from_search":false,"footnotes":""},"class_list":["post-40601","page","type-page","status-publish","hentry"],"yoast_head":"<!-- This site is optimized with the Yoast SEO plugin v23.3 - https:\/\/yoast.com\/wordpress\/plugins\/seo\/ -->\n<title>Euromillions laim\u0113ju\u0161ie skait\u013ci un izlozes rezult\u0101ti<\/title>\n<meta name=\"description\" content=\"Euromillions izlozes rezult\u0101ti - jaun\u0101k\u0101s izlozes laim\u012bgie skait\u013ci, k\u0101 ar\u012b iepriek\u0161\u0113jo izlo\u017eu rezult\u0101tu arh\u012bvs.\" \/>\n<meta name=\"robots\" content=\"index, follow, max-snippet:-1, max-image-preview:large, max-video-preview:-1\" \/>\n<link rel=\"canonical\" href=\"https:\/\/jackpotlotteryonline.com\/lv\/laimejusie-skaitli\/euromillions\/\" \/>\n<meta property=\"og:locale\" content=\"lv_LV\" \/>\n<meta property=\"og:type\" content=\"article\" \/>\n<meta property=\"og:title\" content=\"Euromillions laim\u0113ju\u0161ie skait\u013ci un izlozes rezult\u0101ti\" \/>\n<meta property=\"og:description\" content=\"Euromillions izlozes rezult\u0101ti - jaun\u0101k\u0101s izlozes laim\u012bgie skait\u013ci, k\u0101 ar\u012b iepriek\u0161\u0113jo izlo\u017eu rezult\u0101tu arh\u012bvs.\" \/>\n<meta property=\"og:url\" content=\"https:\/\/jackpotlotteryonline.com\/lv\/laimejusie-skaitli\/euromillions\/\" \/>\n<meta property=\"og:site_name\" content=\"Lotto Online - Crack The International Lottery Jackpots\" \/>\n<meta property=\"article:modified_time\" content=\"2022-12-27T08:29:26+00:00\" \/>\n<meta property=\"og:image\" content=\"https:\/\/jackpotlotteryonline.com\/wp-content\/uploads\/2022\/11\/euromillions.png\" \/>\n<meta name=\"twitter:card\" content=\"summary_large_image\" \/>\n<meta name=\"twitter:label1\" content=\"Est. reading time\" \/>\n\t<meta name=\"twitter:data1\" content=\"3 minutes\" \/>\n<!-- \/ Yoast SEO plugin. -->","yoast_head_json":{"title":"Euromillions laim\u0113ju\u0161ie skait\u013ci un izlozes rezult\u0101ti","description":"Euromillions izlozes rezult\u0101ti - jaun\u0101k\u0101s izlozes laim\u012bgie skait\u013ci, k\u0101 ar\u012b iepriek\u0161\u0113jo izlo\u017eu rezult\u0101tu arh\u012bvs.","robots":{"index":"index","follow":"follow","max-snippet":"max-snippet:-1","max-image-preview":"max-image-preview:large","max-video-preview":"max-video-preview:-1"},"canonical":"https:\/\/jackpotlotteryonline.com\/lv\/laimejusie-skaitli\/euromillions\/","og_locale":"lv_LV","og_type":"article","og_title":"Euromillions laim\u0113ju\u0161ie skait\u013ci un izlozes rezult\u0101ti","og_description":"Euromillions izlozes rezult\u0101ti - jaun\u0101k\u0101s izlozes laim\u012bgie skait\u013ci, k\u0101 ar\u012b iepriek\u0161\u0113jo izlo\u017eu rezult\u0101tu arh\u012bvs.","og_url":"https:\/\/jackpotlotteryonline.com\/lv\/laimejusie-skaitli\/euromillions\/","og_site_name":"Lotto Online - Crack The International Lottery Jackpots","article_modified_time":"2022-12-27T08:29:26+00:00","og_image":[{"url":"https:\/\/jackpotlotteryonline.com\/wp-content\/uploads\/2022\/11\/euromillions.png"}],"twitter_card":"summary_large_image","twitter_misc":{"Est. reading time":"3 minutes"},"schema":{"@context":"https:\/\/schema.org","@graph":[{"@type":"WebPage","@id":"https:\/\/jackpotlotteryonline.com\/lv\/laimejusie-skaitli\/euromillions\/","url":"https:\/\/jackpotlotteryonline.com\/lv\/laimejusie-skaitli\/euromillions\/","name":"Euromillions laim\u0113ju\u0161ie skait\u013ci un izlozes rezult\u0101ti","isPartOf":{"@id":"https:\/\/jackpotlotteryonline.com\/#website"},"primaryImageOfPage":{"@id":"https:\/\/jackpotlotteryonline.com\/lv\/laimejusie-skaitli\/euromillions\/#primaryimage"},"image":{"@id":"https:\/\/jackpotlotteryonline.com\/lv\/laimejusie-skaitli\/euromillions\/#primaryimage"},"thumbnailUrl":"https:\/\/jackpotlotteryonline.com\/wp-content\/uploads\/2022\/11\/euromillions.png","datePublished":"2022-12-05T13:25:39+00:00","dateModified":"2022-12-27T08:29:26+00:00","description":"Euromillions izlozes rezult\u0101ti - jaun\u0101k\u0101s izlozes laim\u012bgie skait\u013ci, k\u0101 ar\u012b iepriek\u0161\u0113jo izlo\u017eu rezult\u0101tu arh\u012bvs.","breadcrumb":{"@id":"https:\/\/jackpotlotteryonline.com\/lv\/laimejusie-skaitli\/euromillions\/#breadcrumb"},"inLanguage":"lv-LV","potentialAction":[{"@type":"ReadAction","target":["https:\/\/jackpotlotteryonline.com\/lv\/laimejusie-skaitli\/euromillions\/"]}]},{"@type":"ImageObject","inLanguage":"lv-LV","@id":"https:\/\/jackpotlotteryonline.com\/lv\/laimejusie-skaitli\/euromillions\/#primaryimage","url":"https:\/\/jackpotlotteryonline.com\/wp-content\/uploads\/2022\/11\/euromillions.png","contentUrl":"https:\/\/jackpotlotteryonline.com\/wp-content\/uploads\/2022\/11\/euromillions.png"},{"@type":"BreadcrumbList","@id":"https:\/\/jackpotlotteryonline.com\/lv\/laimejusie-skaitli\/euromillions\/#breadcrumb","itemListElement":[{"@type":"ListItem","position":1,"name":"Home","item":"https:\/\/jackpotlotteryonline.com\/lv\/"},{"@type":"ListItem","position":2,"name":"Loterijas rezult\u0101ti","item":"https:\/\/jackpotlotteryonline.com\/winning-numbers\/"},{"@type":"ListItem","position":3,"name":"Euromillions izlozes rezult\u0101ti"}]},{"@type":"WebSite","@id":"https:\/\/jackpotlotteryonline.com\/#website","url":"https:\/\/jackpotlotteryonline.com\/","name":"Lotto Online - Crack The International Lottery Jackpots","description":"","potentialAction":[{"@type":"SearchAction","target":{"@type":"EntryPoint","urlTemplate":"https:\/\/jackpotlotteryonline.com\/?s={search_term_string}"},"query-input":"required name=search_term_string"}],"inLanguage":"lv-LV"}]}},"_links":{"self":[{"href":"https:\/\/jackpotlotteryonline.com\/lv\/wp-json\/wp\/v2\/pages\/40601","targetHints":{"allow":["GET"]}}],"collection":[{"href":"https:\/\/jackpotlotteryonline.com\/lv\/wp-json\/wp\/v2\/pages"}],"about":[{"href":"https:\/\/jackpotlotteryonline.com\/lv\/wp-json\/wp\/v2\/types\/page"}],"author":[{"embeddable":true,"href":"https:\/\/jackpotlotteryonline.com\/lv\/wp-json\/wp\/v2\/users\/1"}],"replies":[{"embeddable":true,"href":"https:\/\/jackpotlotteryonline.com\/lv\/wp-json\/wp\/v2\/comments?post=40601"}],"version-history":[{"count":0,"href":"https:\/\/jackpotlotteryonline.com\/lv\/wp-json\/wp\/v2\/pages\/40601\/revisions"}],"up":[{"embeddable":true,"href":"https:\/\/jackpotlotteryonline.com\/lv\/wp-json\/wp\/v2\/pages\/35840"}],"wp:attachment":[{"href":"https:\/\/jackpotlotteryonline.com\/lv\/wp-json\/wp\/v2\/media?parent=40601"}],"curies":[{"name":"wp","href":"https:\/\/api.w.org\/{rel}","templated":true}]}}