{"id":40672,"date":"2022-12-06T07:14:12","date_gmt":"2022-12-06T07:14:12","guid":{"rendered":"https:\/\/jackpotlotteryonline.com\/?page_id=40672"},"modified":"2022-12-28T08:35:51","modified_gmt":"2022-12-28T08:35:51","slug":"eurojackpot","status":"publish","type":"page","link":"https:\/\/jackpotlotteryonline.com\/lv\/laimejusie-skaitli\/eurojackpot\/","title":{"rendered":"Eurojackpot izlozes rezult\u0101ti"},"content":{"rendered":"<p>K\u0101 p\u0101rbaud\u012bt Eurojackpot loterijas laim\u0113ju\u0161os skait\u013cus? T\u0101 k\u0101 Eurojackpots ir viena no popul\u0101r\u0101kaj\u0101m loterij\u0101m Eirop\u0101, sp\u0113lma\u0146i visur labpr\u0101t izmanto iesp\u0113ju laim\u0113t lielus laimestus. Ja dz\u012bvojat \u0101rpus Eiropas, ar\u012b j\u016bs varat ieg\u0101d\u0101ties loterijas bi\u013cetes un p\u0101rbaud\u012bt izlozes rezult\u0101tus tie\u0161saist\u0113.<\/p>\n<p>Apmekl\u0113jot vietni jackpotlotteryonline.com, j\u016bs ieg\u016bsiet piek\u013cuvi lab\u0101kaj\u0101m starptautiskaj\u0101m loterij\u0101m vis\u0101 pasaul\u0113. M\u0113s pied\u0101v\u0101jam vienk\u0101r\u0161u un \u0113rtu veidu, k\u0101 sp\u0113l\u0113t loteriju un p\u0101rbaud\u012bt izlozes rezult\u0101tus vienuviet.<\/p>\n<h2>K\u0101da ir laimestu kombin\u0101cija?<\/h2>\n<p><img loading=\"lazy\" decoding=\"async\" class=\"size-full wp-image-28751 alignright\" src=\"http:\/\/jackpotlotteryonline.com\/wp-content\/uploads\/2022\/11\/1_online_ticket_eurojackpot.jpg\" alt=\"Eurojackpot laimestu kombin\u0101cijas\" width=\"300\" height=\"210\" \/>Liel\u0101k\u0101 da\u013ca cilv\u0113ku <a href=\"https:\/\/jackpotlotteryonline.com\/lv\/ka-spelet\/eurojackpot\">sp\u0113l\u0113 loterij\u0101,<\/a> lai g\u016btu iesp\u0113ju laim\u0113t lielu laimestu, un sp\u0113lma\u0146i \u012bpa\u0161i iecien\u012bju\u0161i Eurojackpot vair\u0101ku iemeslu d\u0113\u013c. Viens no tiem ir liel\u0101 iesp\u0113ja laim\u0113t. Kop\u0161 \u0161\u012bs loterijas atkl\u0101\u0161anas ir radies daudz miljon\u0101ru.<\/p>\n<p>B\u016bt\u012bb\u0101 uzvar\u0113t\u0101js ir bi\u013cete, kas atbilst izloz\u0113tajiem skait\u013ciem. Ja j\u016bs sp\u0113l\u0113jat tie\u0161saist\u0113, jums ir j\u0101izv\u0113las 5 cipari no 1 l\u012bdz 50 un v\u0113l 2 cipari no 1 l\u012bdz 12. D\u017eekpotu vinn\u0113 tas, kur\u0161 atbilst septi\u0146iem izloz\u0113tajiem cipariem.<\/p>\n<p>Izv\u0113loties skait\u013cus, j\u016bs varat izv\u0113l\u0113ties jums \u012bpa\u0161us vai nejau\u0161us skait\u013cus. Da\u017ei sp\u0113l\u0113t\u0101ji izv\u0113las izmantot m\u016bsu autom\u0101tisko \u0123eneratoru, lai izv\u0113l\u0113tos nejau\u0161i. Svar\u012bg\u0101kais ir ieg\u016bt bi\u013ceti pirms izlozes.<\/p>\n<h2>K\u0101 p\u0101rbaud\u012bt izlozes rezult\u0101tus<\/h2>\n<p>\u0160ai Eiropas loterijai ir divas izlozes dienas &#8211; katru ned\u0113\u013cu otrdien un piektdien. Izlozes rezult\u0101ti bie\u017ei tiek pazi\u0146oti tie\u0161raid\u0113. tom\u0113r gaid\u012b\u0161ana, lai noskat\u012btos izlozes tie\u0161raidi, var k\u013c\u016bt nedaudz ne\u0113rta. \u012apa\u0161i tad, ja tas, piem\u0113ram, ir pretrun\u0101 ar k\u0101du svar\u012bgu pas\u0101kumu vai j\u016bsu darbu. T\u0101p\u0113c loterijas sp\u0113l\u0113\u0161ana kop\u0101 ar mums ir fantastiska iesp\u0113ja.<\/p>\n<p>Sp\u0113l\u0113jot kop\u0101 ar mums, jums atliek tikai p\u0101rbaud\u012bt, lai uzzin\u0101tu izlozes rezult\u0101tus. Tas ir t\u0101p\u0113c, ka m\u0113s public\u0113jam izlozes rezult\u0101tus tie\u0161i \u0161eit, m\u016bsu vietn\u0113.<\/p>\n<p>Turkl\u0101t, ja j\u016bs vinn\u0113siet balvu, m\u0113s j\u016bs par to inform\u0113sim uzreiz p\u0113c laimesta sa\u0146em\u0161anas, nos\u016btot jums e-pastu. Un, tikl\u012bdz j\u016bs pierakst\u012bsieties sav\u0101 kont\u0101 m\u016bsu platform\u0101, j\u016bs sa\u0146emsiet br\u012bdin\u0101jumu. Loterijas sp\u0113l\u0113\u0161ana ir v\u0113l vienk\u0101r\u0161\u0101ka un \u0113rt\u0101ka, ja p\u0113rkat loterijas bi\u013cetes pie mums.<\/p>\n<h2>Ko dar\u012bt, kad esat vinn\u0113jis<\/h2>\n<p>Mums pat\u012bk, kad m\u016bsu klienti vinn\u0113 loterij\u0101, jo tie\u0161i t\u0101p\u0113c m\u0113s esam \u0161eit. Lai sp\u0113l\u0113t\u0101jiem visur nodro\u0161in\u0101tu piek\u013cuvi lab\u0101kaj\u0101m starptautiskaj\u0101m loterij\u0101m, \u0113rti izmantojot datoru vai mobil\u0101s ier\u012bces.<\/p>\n<p>T\u0101p\u0113c, ja j\u016bs vinn\u0113siet balvu, m\u0113s ne tikai j\u016bs par to br\u012bdin\u0101sim, bet j\u016bs ar\u012b var\u0113siet viegli iz\u0146emt savu laimestu no m\u016bsu platformas. Tie\u0161i t\u0101. Jums nav nekur j\u0101dodas, lai piek\u013c\u016btu savam loterijas laimestam, vienk\u0101r\u0161i iz\u0146emiet naudu tie\u0161i sav\u0101 kont\u0101.<\/p>\n<p>Mums gan j\u0101piemin, ka tad, ja laimests p\u0101rsniedz noteiktu summu, jums, iesp\u0113jams, b\u016bs j\u0101aizpilda piepras\u012bjuma veidlapa. Tas pal\u012bdz\u0113s jums sa\u0146emt savu laimestu no loterijas uz\u0146\u0113muma. Ta\u010du m\u0113s esam \u0161eit, lai jums pal\u012bdz\u0113tu un padar\u012btu \u0161o procesu p\u0113c iesp\u0113jas viegl\u0101ku un vienk\u0101r\u0161\u0101ku.<\/p>\n<section class=\"layout\" style=\"border: solid 1px; width: 100%;\">\n<div class=\"img-div\" style=\"margin-top: 5px;\"><img decoding=\"async\" class=\"wp-image-17212 alignleft\" style=\"height: 45px; margin: 8px 8px 0px;\" src=\"http:\/\/jackpotlotteryonline.com\/wp-content\/uploads\/2022\/11\/read1.jpg\" alt=\"las\u012bt\" width=\"\" height=\"\" \/><\/div>\n<div style=\"padding-left: 5px;\">\n<div style=\"font-size: 1.1em;\">\n<p><strong>K\u0101 sa\u0146emt samaksu, ja laim\u0113ju loterij\u0101 tie\u0161saist\u0113?<\/strong><\/p>\n<p style=\"font-size: 0.85em; margin-top: -1.5em;\">Loterijas laimestu tie\u0161saistes loterij\u0101 j\u016bs sa\u0146emat savu naudu \u00a0<a href=\"https:\/\/jackpotlotteryonline.com\/lv\/ka-tikai-sanemu-apmaksu-ja-iz-iz-uzvaresu-loteriju-online\">las\u012bt vair\u0101k<\/a><\/p>\n<\/div>\n<\/div>\n<\/section>\n<h2>P\u0101rbaudiet savus Eurojackpot laimesta numurus \u0161eit<\/h2>\n<p><a href=\"https:\/\/jackpotlotteryonline.com\/lv\/iegadaties-biletes\/eurojackpot\">Ieg\u0101d\u0101jieties loterijas bi\u013cetes<\/a>, piedalieties izloz\u0113s un p\u0101rbaudiet izlozes rezult\u0101tus &#8211; tas viss vien\u0101 vietn\u0113. Apmekl\u0113jiet jackpotlotteryonline.com jau \u0161odien.<\/p>\n","protected":false},"excerpt":{"rendered":"<p>K\u0101 p\u0101rbaud\u012bt Eurojackpot loterijas laim\u0113ju\u0161os skait\u013cus? T\u0101 k\u0101 Eurojackpots ir viena no popul\u0101r\u0101kaj\u0101m loterij\u0101m Eirop\u0101, sp\u0113lma\u0146i visur labpr\u0101t izmanto iesp\u0113ju laim\u0113t lielus laimestus. Ja dz\u012bvojat \u0101rpus Eiropas, ar\u012b j\u016bs varat ieg\u0101d\u0101ties loterijas bi\u013cetes un p\u0101rbaud\u012bt izlozes rezult\u0101tus tie\u0161saist\u0113. Apmekl\u0113jot vietni jackpotlotteryonline.com, j\u016bs ieg\u016bsiet piek\u013cuvi lab\u0101kaj\u0101m starptautiskaj\u0101m loterij\u0101m vis\u0101 pasaul\u0113. M\u0113s pied\u0101v\u0101jam vienk\u0101r\u0161u un \u0113rtu veidu, [&hellip;]<\/p>\n","protected":false},"author":1,"featured_media":0,"parent":35840,"menu_order":4,"comment_status":"closed","ping_status":"closed","template":"eurojackpot-results.php","meta":{"_et_pb_use_builder":"","_et_pb_old_content":"","_et_gb_content_width":"","exclude_from_search":false,"footnotes":""},"class_list":["post-40672","page","type-page","status-publish","hentry"],"yoast_head":"<!-- This site is optimized with the Yoast SEO plugin v23.3 - https:\/\/yoast.com\/wordpress\/plugins\/seo\/ -->\n<title>Eurojackpot laim\u0113ju\u0161ie skait\u013ci un izlozes rezult\u0101ti<\/title>\n<meta name=\"description\" content=\"Vai nev\u0113laties uzzin\u0101t Eurojackpot laim\u0113ju\u0161os skait\u013cus? P\u0101rbaudiet visus Eurojackpot un daudzu citu loteriju izlozes rezult\u0101tus \u0161eit!\" \/>\n<meta name=\"robots\" content=\"index, follow, max-snippet:-1, max-image-preview:large, max-video-preview:-1\" \/>\n<link rel=\"canonical\" href=\"https:\/\/jackpotlotteryonline.com\/lv\/laimejusie-skaitli\/eurojackpot\/\" \/>\n<meta property=\"og:locale\" content=\"lv_LV\" \/>\n<meta property=\"og:type\" content=\"article\" \/>\n<meta property=\"og:title\" content=\"Eurojackpot laim\u0113ju\u0161ie skait\u013ci un izlozes rezult\u0101ti\" \/>\n<meta property=\"og:description\" content=\"Vai nev\u0113laties uzzin\u0101t Eurojackpot laim\u0113ju\u0161os skait\u013cus? P\u0101rbaudiet visus Eurojackpot un daudzu citu loteriju izlozes rezult\u0101tus \u0161eit!\" \/>\n<meta property=\"og:url\" content=\"https:\/\/jackpotlotteryonline.com\/lv\/laimejusie-skaitli\/eurojackpot\/\" \/>\n<meta property=\"og:site_name\" content=\"Lotto Online - Crack The International Lottery Jackpots\" \/>\n<meta property=\"article:modified_time\" content=\"2022-12-28T08:35:51+00:00\" \/>\n<meta property=\"og:image\" content=\"http:\/\/jackpotlotteryonline.com\/wp-content\/uploads\/2022\/11\/1_online_ticket_eurojackpot.jpg\" \/>\n<meta name=\"twitter:card\" content=\"summary_large_image\" \/>\n<meta name=\"twitter:label1\" content=\"Est. reading time\" \/>\n\t<meta name=\"twitter:data1\" content=\"3 minutes\" \/>\n<!-- \/ Yoast SEO plugin. -->","yoast_head_json":{"title":"Eurojackpot laim\u0113ju\u0161ie skait\u013ci un izlozes rezult\u0101ti","description":"Vai nev\u0113laties uzzin\u0101t Eurojackpot laim\u0113ju\u0161os skait\u013cus? P\u0101rbaudiet visus Eurojackpot un daudzu citu loteriju izlozes rezult\u0101tus \u0161eit!","robots":{"index":"index","follow":"follow","max-snippet":"max-snippet:-1","max-image-preview":"max-image-preview:large","max-video-preview":"max-video-preview:-1"},"canonical":"https:\/\/jackpotlotteryonline.com\/lv\/laimejusie-skaitli\/eurojackpot\/","og_locale":"lv_LV","og_type":"article","og_title":"Eurojackpot laim\u0113ju\u0161ie skait\u013ci un izlozes rezult\u0101ti","og_description":"Vai nev\u0113laties uzzin\u0101t Eurojackpot laim\u0113ju\u0161os skait\u013cus? P\u0101rbaudiet visus Eurojackpot un daudzu citu loteriju izlozes rezult\u0101tus \u0161eit!","og_url":"https:\/\/jackpotlotteryonline.com\/lv\/laimejusie-skaitli\/eurojackpot\/","og_site_name":"Lotto Online - Crack The International Lottery Jackpots","article_modified_time":"2022-12-28T08:35:51+00:00","og_image":[{"url":"http:\/\/jackpotlotteryonline.com\/wp-content\/uploads\/2022\/11\/1_online_ticket_eurojackpot.jpg"}],"twitter_card":"summary_large_image","twitter_misc":{"Est. reading time":"3 minutes"},"schema":{"@context":"https:\/\/schema.org","@graph":[{"@type":"WebPage","@id":"https:\/\/jackpotlotteryonline.com\/lv\/laimejusie-skaitli\/eurojackpot\/","url":"https:\/\/jackpotlotteryonline.com\/lv\/laimejusie-skaitli\/eurojackpot\/","name":"Eurojackpot laim\u0113ju\u0161ie skait\u013ci un izlozes rezult\u0101ti","isPartOf":{"@id":"https:\/\/jackpotlotteryonline.com\/#website"},"primaryImageOfPage":{"@id":"https:\/\/jackpotlotteryonline.com\/lv\/laimejusie-skaitli\/eurojackpot\/#primaryimage"},"image":{"@id":"https:\/\/jackpotlotteryonline.com\/lv\/laimejusie-skaitli\/eurojackpot\/#primaryimage"},"thumbnailUrl":"http:\/\/jackpotlotteryonline.com\/wp-content\/uploads\/2022\/11\/1_online_ticket_eurojackpot.jpg","datePublished":"2022-12-06T07:14:12+00:00","dateModified":"2022-12-28T08:35:51+00:00","description":"Vai nev\u0113laties uzzin\u0101t Eurojackpot laim\u0113ju\u0161os skait\u013cus? P\u0101rbaudiet visus Eurojackpot un daudzu citu loteriju izlozes rezult\u0101tus \u0161eit!","breadcrumb":{"@id":"https:\/\/jackpotlotteryonline.com\/lv\/laimejusie-skaitli\/eurojackpot\/#breadcrumb"},"inLanguage":"lv-LV","potentialAction":[{"@type":"ReadAction","target":["https:\/\/jackpotlotteryonline.com\/lv\/laimejusie-skaitli\/eurojackpot\/"]}]},{"@type":"ImageObject","inLanguage":"lv-LV","@id":"https:\/\/jackpotlotteryonline.com\/lv\/laimejusie-skaitli\/eurojackpot\/#primaryimage","url":"http:\/\/jackpotlotteryonline.com\/wp-content\/uploads\/2022\/11\/1_online_ticket_eurojackpot.jpg","contentUrl":"http:\/\/jackpotlotteryonline.com\/wp-content\/uploads\/2022\/11\/1_online_ticket_eurojackpot.jpg"},{"@type":"BreadcrumbList","@id":"https:\/\/jackpotlotteryonline.com\/lv\/laimejusie-skaitli\/eurojackpot\/#breadcrumb","itemListElement":[{"@type":"ListItem","position":1,"name":"Home","item":"https:\/\/jackpotlotteryonline.com\/lv\/"},{"@type":"ListItem","position":2,"name":"Loterijas rezult\u0101ti","item":"https:\/\/jackpotlotteryonline.com\/winning-numbers\/"},{"@type":"ListItem","position":3,"name":"Eurojackpot izlozes rezult\u0101ti"}]},{"@type":"WebSite","@id":"https:\/\/jackpotlotteryonline.com\/#website","url":"https:\/\/jackpotlotteryonline.com\/","name":"Lotto Online - Crack The International Lottery Jackpots","description":"","potentialAction":[{"@type":"SearchAction","target":{"@type":"EntryPoint","urlTemplate":"https:\/\/jackpotlotteryonline.com\/?s={search_term_string}"},"query-input":"required name=search_term_string"}],"inLanguage":"lv-LV"}]}},"_links":{"self":[{"href":"https:\/\/jackpotlotteryonline.com\/lv\/wp-json\/wp\/v2\/pages\/40672","targetHints":{"allow":["GET"]}}],"collection":[{"href":"https:\/\/jackpotlotteryonline.com\/lv\/wp-json\/wp\/v2\/pages"}],"about":[{"href":"https:\/\/jackpotlotteryonline.com\/lv\/wp-json\/wp\/v2\/types\/page"}],"author":[{"embeddable":true,"href":"https:\/\/jackpotlotteryonline.com\/lv\/wp-json\/wp\/v2\/users\/1"}],"replies":[{"embeddable":true,"href":"https:\/\/jackpotlotteryonline.com\/lv\/wp-json\/wp\/v2\/comments?post=40672"}],"version-history":[{"count":0,"href":"https:\/\/jackpotlotteryonline.com\/lv\/wp-json\/wp\/v2\/pages\/40672\/revisions"}],"up":[{"embeddable":true,"href":"https:\/\/jackpotlotteryonline.com\/lv\/wp-json\/wp\/v2\/pages\/35840"}],"wp:attachment":[{"href":"https:\/\/jackpotlotteryonline.com\/lv\/wp-json\/wp\/v2\/media?parent=40672"}],"curies":[{"name":"wp","href":"https:\/\/api.w.org\/{rel}","templated":true}]}}