{"id":40724,"date":"2022-12-06T08:36:55","date_gmt":"2022-12-06T08:36:55","guid":{"rendered":"https:\/\/jackpotlotteryonline.com\/?page_id=40724"},"modified":"2022-12-27T10:04:43","modified_gmt":"2022-12-27T10:04:43","slug":"superenalotto-izlozes-rezultati","status":"publish","type":"page","link":"https:\/\/jackpotlotteryonline.com\/lv\/laimejusie-skaitli\/superenalotto-izlozes-rezultati\/","title":{"rendered":"Superenalotto izlozes rezult\u0101ti"},"content":{"rendered":"<p>Superenalotto ir It\u0101lijas nacion\u0101l\u0101 loterija, un t\u0101 ir popul\u0101ra loterija starp valsts sp\u0113kav\u012briem. Ja j\u016bs sp\u0113l\u0113jat \u0101rpus It\u0101lijas, ir labi noskaidrot, k\u0101 p\u0101rbaud\u012bt laim\u0113ju\u0161os skait\u013cus. Turpiniet las\u012bt, lai uzzin\u0101tu vair\u0101k.<\/p>\n<h2>So\u013ci, k\u0101 sp\u0113l\u0113t Superenalotto tie\u0161saist\u0113<\/h2>\n<p><a href=\"https:\/\/jackpotlotteryonline.com\/lv\/ka-spelet\/superenalotto-italija\">Sp\u0113l\u0113jot Superenalotto tie\u0161saist\u0113<\/a>, ir l\u012bdz\u012bgi k\u0101 sp\u0113l\u0113jot bezsaist\u0113, ta\u010du \u0113rt\u0101k un vienk\u0101r\u0161\u0101k. Dodoties uz Superenalotto lapu vietn\u0113 jackpotlotteryoneline.com, j\u016bs varat izv\u0113l\u0113ties 6 skait\u013cus no 1 l\u012bdz 90. P\u0113c tam izv\u0113lieties, cik izloz\u0113s v\u0113laties piedal\u012bties, un j\u016bs varat piedal\u012bties l\u012bdz pat 5 ned\u0113\u013c\u0101m iepriek\u0161. Jo vair\u0101k izloz\u0113s piedal\u012bsieties, jo liel\u0101kas b\u016bs j\u016bsu izredzes laim\u0113t.<\/p>\n<p>Superenalotto r\u012bko tr\u012bs ned\u0113\u013cas izlozes otrdien\u0101s, ceturtdien\u0101s un sestdien\u0101s. T\u0101tad j\u016bs varat piedal\u012bties vien\u0101 vai vis\u0101s. J\u016bs varat izv\u0113l\u0113ties Superzvaigznes numuru, lai palielin\u0101tu savas izredzes laim\u0113t loterij\u0101. Ir ar\u012b &#8220;Jautrais skaitlis&#8221;, kas ir no 1 l\u012bdz 90 un tiek izmantots, lai noteiktu otr\u0101 l\u012bme\u0146a uzvar\u0113t\u0101ju.<\/p>\n<h2>K\u0101 p\u0101rbaud\u012bt laim\u0113ju\u0161os numurus<\/h2>\n<p><img loading=\"lazy\" decoding=\"async\" class=\"alignright size-full wp-image-31316\" src=\"http:\/\/jackpotlotteryonline.com\/wp-content\/uploads\/2022\/11\/logo_superenalotto.png\" alt=\"Superenalotto izlozes rezult\u0101ti\" width=\"200\" height=\"212\" \/>Ir da\u017e\u0101di veidi, k\u0101 j\u016bs varat p\u0101rbaud\u012bt laim\u0113ju\u0161os skait\u013cus, sp\u0113l\u0113jot Superenalotto. J\u016bs varat v\u0113rot izlozes tie\u0161raidi telev\u012bzij\u0101, ta\u010du tas ir iesp\u0113jams tikai tad, ja dz\u012bvojat It\u0101lij\u0101 un protat it\u0101\u013cu valodu. Par laimi, laim\u012bgos skait\u013cus p\u0113c izlozes varat p\u0101rbaud\u012bt ar\u012b tie\u0161saist\u0113. Liel\u0101k\u0101 da\u013ca zi\u0146u viet\u0146u public\u0113 izlozes rezult\u0101tus.<\/p>\n<p>Tom\u0113r ar to ir da\u017eas probl\u0113mas. Pirmk\u0101rt, j\u016bs viegli varat aizmirst p\u0101rbaud\u012bt izlozes rezult\u0101tus. Ir st\u0101sti par d\u017eekpotu laimestiem, kas palika neatg\u016bti, iesp\u0113jams, t\u0101p\u0113c, ka laim\u0113t\u0101ji aizmirsa p\u0101rbaud\u012bt savas bi\u013cetes. Turkl\u0101t daudz\u0101s vietn\u0113s tiek public\u0113ti tikai pirm\u0101 l\u012bme\u0146a laimestu skait\u013ci. Liel\u0101kaj\u0101 da\u013c\u0101 loteriju ir vair\u0101ki balvu l\u012bme\u0146i.<\/p>\n<p>Ja sp\u0113l\u0113siet Superenalotto kop\u0101 ar mums, jums nav j\u0101uztraucas par to, ka varat palaist gar\u0101m k\u0101du balvu. M\u0113s ne tikai inform\u0113sim j\u016bs, tikl\u012bdz laim\u0113siet balvu, bet ar\u012b sa\u0146emsiet pazi\u0146ojumu, tikl\u012bdz pierakst\u012bsieties. Turkl\u0101t m\u0113s public\u0113jam loterijas rezult\u0101tus uzreiz p\u0113c izlozes tie\u0161i \u0161eit, m\u016bsu vietn\u0113. T\u0101p\u0113c atgriezieties p\u0113c izlozes, lai uzzin\u0101tu, vai jums ir Superenalotto laim\u012bgie skait\u013ci.<\/p>\n<h2>Superenalotto balvu l\u012bme\u0146i<\/h2>\n<p>M\u0113s jau min\u0113j\u0101m, ka Superenalotto loterijas d\u017eekpota balva ir 2 miljoni eiro. Bet vai zin\u0101j\u0101t, ka d\u017eekpota summa nav ierobe\u017eota? Tas noz\u012bm\u0113, ka, ja p\u0113c izlozes nav uzvar\u0113t\u0101ja, balva turpina palielin\u0101ties, l\u012bdz tiek atrasts uzvar\u0113t\u0101js. 2019. gad\u0101 d\u017eekpots tika p\u0101rtulkots tik daudz rei\u017eu, ka t\u0101 summa sasniedza rekordlielu summu &#8211; 209,1 miljonu eiro.<\/p>\n<p>Papildus d\u017eekpotam, kas ir pirm\u0101 l\u012bme\u0146a balva, ir ar\u012b citas balvas, kuras sp\u0113l\u0113t\u0101js var laim\u0113t. Balvas nosaka balvu fonds, t\u0101p\u0113c nav noteikta to summa. Tom\u0113r m\u0113s dal\u012bsimies ar vid\u0113jo summu katr\u0101 izloz\u0113.<\/p>\n<p>6. izloze &#8211; 92 056 091,66 \u20ac.<\/p>\n<p>Match 5 + Jolly numurs &#8211; \u20ac 594 951,95<\/p>\n<p>5. ma\u010ds &#8211; \u20ac49 736,38<\/p>\n<p>Sp\u0113les 4 skait\u013ci &#8211; 354,83 \u20ac<\/p>\n<p>3 skait\u013cu sakrit\u012bba &#8211; \u20ac27,15<\/p>\n<p>2 skait\u013cu sakrit\u012bba &#8211; 5,48 \u20ac<\/p>\n<section class=\"layout\" style=\"border: solid 1px; width: 100%;\">\n<div class=\"img-div\" style=\"margin-top: 5px;\"><img decoding=\"async\" class=\"wp-image-17212 alignleft\" style=\"height: 45px; margin: 8px 8px 0px;\" src=\"http:\/\/jackpotlotteryonline.com\/wp-content\/uploads\/2022\/11\/read1.jpg\" alt=\"las\u012bt\" width=\"\" height=\"\" \/><\/div>\n<div style=\"padding-left: 5px;\">\n<div style=\"font-size: 1.1em;\">\n<p><strong>Loterijas, kur\u0101s ir vislab\u0101k\u0101s izredzes laim\u0113t lielu summu<\/strong><\/p>\n<p style=\"font-size: 0.85em; margin-top: -1.5em;\">Kur\u0101 loterij\u0101 ir vislab\u0101k\u0101s izredzes laim\u0113t?\u00a0 <a href=\"https:\/\/jackpotlotteryonline.com\/lv\/kura-loterija-ir-vislabakas-izredzes-uzvaret\"> las\u012bt vair\u0101k<\/a><\/p>\n<\/div>\n<\/div>\n<\/section>\n<h2>Superenalotto laimestu piepras\u012b\u0161ana<\/h2>\n<p>T\u0101 k\u0101 j\u016bs sp\u0113l\u0113jat Superenalotto tie\u0161saist\u0113, ir dabiski, ka j\u016bs interes\u0113, kas notiek, kad j\u016bs vinn\u0113siet balvu. \u0160eit m\u0113s past\u0101st\u012bsim, k\u0101 J\u016bs varat sa\u0146emt Superenalotto laimestu, pat ja J\u016bs dz\u012bvojat \u0101rpus It\u0101lijas.<\/p>\n<p>Ja J\u016bs sp\u0113l\u0113jat Superenalotto pie mums, J\u016bsu laimestu piepras\u012b\u0161ana ir tikpat vienk\u0101r\u0161a, k\u0101 piesl\u0113g\u0161an\u0101s J\u016bsu kontam \u0161eit. Ja vinnesti ir maz\u0101ki par \u20ac2500, J\u016bs varat sa\u0146emt naudu tie\u0161i no m\u016bsu platformas sav\u0101 kont\u0101. Tas ir patie\u0161\u0101m vienk\u0101r\u0161i un bez sare\u017e\u0123\u012bjumiem, lai j\u016bs var\u0113tu koncentr\u0113ties uz lielisku loterijas pieredzi.<\/p>\n<p>Lai laim\u0113tu liel\u0101kas summas, jums, iesp\u0113jams, b\u016bs j\u0101sazin\u0101s ar loterijas uz\u0146\u0113mumu un j\u0101aizpilda piepras\u012bjuma veidlapa. Ta\u010du m\u0113s b\u016bsim \u0161eit, lai pal\u012bdz\u0113tu jums \u0161aj\u0101 proces\u0101. T\u0101p\u0113c<a href=\"https:\/\/jackpotlotteryonline.com\/lv\/iegadaties-biletes\/superenalotto\"> ieg\u0101d\u0101jieties Superenalotto bi\u013ceti jau \u0161odien<\/a> un izv\u0113lieties savus laim\u012bgos skait\u013cus.<\/p>\n","protected":false},"excerpt":{"rendered":"<p>Superenalotto ir It\u0101lijas nacion\u0101l\u0101 loterija, un t\u0101 ir popul\u0101ra loterija starp valsts sp\u0113kav\u012briem. Ja j\u016bs sp\u0113l\u0113jat \u0101rpus It\u0101lijas, ir labi noskaidrot, k\u0101 p\u0101rbaud\u012bt laim\u0113ju\u0161os skait\u013cus. Turpiniet las\u012bt, lai uzzin\u0101tu vair\u0101k. So\u013ci, k\u0101 sp\u0113l\u0113t Superenalotto tie\u0161saist\u0113 Sp\u0113l\u0113jot Superenalotto tie\u0161saist\u0113, ir l\u012bdz\u012bgi k\u0101 sp\u0113l\u0113jot bezsaist\u0113, ta\u010du \u0113rt\u0101k un vienk\u0101r\u0161\u0101k. Dodoties uz Superenalotto lapu vietn\u0113 jackpotlotteryoneline.com, j\u016bs varat [&hellip;]<\/p>\n","protected":false},"author":1,"featured_media":0,"parent":35840,"menu_order":5,"comment_status":"closed","ping_status":"closed","template":"superenalotto-results.php","meta":{"_et_pb_use_builder":"","_et_pb_old_content":"","_et_gb_content_width":"","exclude_from_search":false,"footnotes":""},"class_list":["post-40724","page","type-page","status-publish","hentry"],"yoast_head":"<!-- This site is optimized with the Yoast SEO plugin v23.3 - https:\/\/yoast.com\/wordpress\/plugins\/seo\/ -->\n<title>Superenalotto laim\u012bgie skait\u013ci un izlozes rezult\u0101ti<\/title>\n<meta name=\"description\" content=\"Ieg\u016bstiet izlozes rezult\u0101tus un laim\u0113ju\u0161os numurus It\u0101lijas Superenalotto ar ikdienas atjaunin\u0101jumiem \u0161eit, m\u016bsu loterijas vietn\u0113.\" \/>\n<meta name=\"robots\" content=\"index, follow, max-snippet:-1, max-image-preview:large, max-video-preview:-1\" \/>\n<link rel=\"canonical\" href=\"https:\/\/jackpotlotteryonline.com\/lv\/laimejusie-skaitli\/superenalotto-izlozes-rezultati\/\" \/>\n<meta property=\"og:locale\" content=\"lv_LV\" \/>\n<meta property=\"og:type\" content=\"article\" \/>\n<meta property=\"og:title\" content=\"Superenalotto laim\u012bgie skait\u013ci un izlozes rezult\u0101ti\" \/>\n<meta property=\"og:description\" content=\"Ieg\u016bstiet izlozes rezult\u0101tus un laim\u0113ju\u0161os numurus It\u0101lijas Superenalotto ar ikdienas atjaunin\u0101jumiem \u0161eit, m\u016bsu loterijas vietn\u0113.\" \/>\n<meta property=\"og:url\" content=\"https:\/\/jackpotlotteryonline.com\/lv\/laimejusie-skaitli\/superenalotto-izlozes-rezultati\/\" \/>\n<meta property=\"og:site_name\" content=\"Lotto Online - Crack The International Lottery Jackpots\" \/>\n<meta property=\"article:modified_time\" content=\"2022-12-27T10:04:43+00:00\" \/>\n<meta property=\"og:image\" content=\"http:\/\/jackpotlotteryonline.com\/wp-content\/uploads\/2022\/11\/logo_superenalotto.png\" \/>\n<meta name=\"twitter:card\" content=\"summary_large_image\" \/>\n<meta name=\"twitter:label1\" content=\"Est. reading time\" \/>\n\t<meta name=\"twitter:data1\" content=\"3 minutes\" \/>\n<!-- \/ Yoast SEO plugin. -->","yoast_head_json":{"title":"Superenalotto laim\u012bgie skait\u013ci un izlozes rezult\u0101ti","description":"Ieg\u016bstiet izlozes rezult\u0101tus un laim\u0113ju\u0161os numurus It\u0101lijas Superenalotto ar ikdienas atjaunin\u0101jumiem \u0161eit, m\u016bsu loterijas vietn\u0113.","robots":{"index":"index","follow":"follow","max-snippet":"max-snippet:-1","max-image-preview":"max-image-preview:large","max-video-preview":"max-video-preview:-1"},"canonical":"https:\/\/jackpotlotteryonline.com\/lv\/laimejusie-skaitli\/superenalotto-izlozes-rezultati\/","og_locale":"lv_LV","og_type":"article","og_title":"Superenalotto laim\u012bgie skait\u013ci un izlozes rezult\u0101ti","og_description":"Ieg\u016bstiet izlozes rezult\u0101tus un laim\u0113ju\u0161os numurus It\u0101lijas Superenalotto ar ikdienas atjaunin\u0101jumiem \u0161eit, m\u016bsu loterijas vietn\u0113.","og_url":"https:\/\/jackpotlotteryonline.com\/lv\/laimejusie-skaitli\/superenalotto-izlozes-rezultati\/","og_site_name":"Lotto Online - Crack The International Lottery Jackpots","article_modified_time":"2022-12-27T10:04:43+00:00","og_image":[{"url":"http:\/\/jackpotlotteryonline.com\/wp-content\/uploads\/2022\/11\/logo_superenalotto.png"}],"twitter_card":"summary_large_image","twitter_misc":{"Est. reading time":"3 minutes"},"schema":{"@context":"https:\/\/schema.org","@graph":[{"@type":"WebPage","@id":"https:\/\/jackpotlotteryonline.com\/lv\/laimejusie-skaitli\/superenalotto-izlozes-rezultati\/","url":"https:\/\/jackpotlotteryonline.com\/lv\/laimejusie-skaitli\/superenalotto-izlozes-rezultati\/","name":"Superenalotto laim\u012bgie skait\u013ci un izlozes rezult\u0101ti","isPartOf":{"@id":"https:\/\/jackpotlotteryonline.com\/#website"},"primaryImageOfPage":{"@id":"https:\/\/jackpotlotteryonline.com\/lv\/laimejusie-skaitli\/superenalotto-izlozes-rezultati\/#primaryimage"},"image":{"@id":"https:\/\/jackpotlotteryonline.com\/lv\/laimejusie-skaitli\/superenalotto-izlozes-rezultati\/#primaryimage"},"thumbnailUrl":"http:\/\/jackpotlotteryonline.com\/wp-content\/uploads\/2022\/11\/logo_superenalotto.png","datePublished":"2022-12-06T08:36:55+00:00","dateModified":"2022-12-27T10:04:43+00:00","description":"Ieg\u016bstiet izlozes rezult\u0101tus un laim\u0113ju\u0161os numurus It\u0101lijas Superenalotto ar ikdienas atjaunin\u0101jumiem \u0161eit, m\u016bsu loterijas vietn\u0113.","breadcrumb":{"@id":"https:\/\/jackpotlotteryonline.com\/lv\/laimejusie-skaitli\/superenalotto-izlozes-rezultati\/#breadcrumb"},"inLanguage":"lv-LV","potentialAction":[{"@type":"ReadAction","target":["https:\/\/jackpotlotteryonline.com\/lv\/laimejusie-skaitli\/superenalotto-izlozes-rezultati\/"]}]},{"@type":"ImageObject","inLanguage":"lv-LV","@id":"https:\/\/jackpotlotteryonline.com\/lv\/laimejusie-skaitli\/superenalotto-izlozes-rezultati\/#primaryimage","url":"http:\/\/jackpotlotteryonline.com\/wp-content\/uploads\/2022\/11\/logo_superenalotto.png","contentUrl":"http:\/\/jackpotlotteryonline.com\/wp-content\/uploads\/2022\/11\/logo_superenalotto.png"},{"@type":"BreadcrumbList","@id":"https:\/\/jackpotlotteryonline.com\/lv\/laimejusie-skaitli\/superenalotto-izlozes-rezultati\/#breadcrumb","itemListElement":[{"@type":"ListItem","position":1,"name":"Home","item":"https:\/\/jackpotlotteryonline.com\/lv\/"},{"@type":"ListItem","position":2,"name":"Loterijas rezult\u0101ti","item":"https:\/\/jackpotlotteryonline.com\/winning-numbers\/"},{"@type":"ListItem","position":3,"name":"Superenalotto izlozes rezult\u0101ti"}]},{"@type":"WebSite","@id":"https:\/\/jackpotlotteryonline.com\/#website","url":"https:\/\/jackpotlotteryonline.com\/","name":"Lotto Online - Crack The International Lottery Jackpots","description":"","potentialAction":[{"@type":"SearchAction","target":{"@type":"EntryPoint","urlTemplate":"https:\/\/jackpotlotteryonline.com\/?s={search_term_string}"},"query-input":"required name=search_term_string"}],"inLanguage":"lv-LV"}]}},"_links":{"self":[{"href":"https:\/\/jackpotlotteryonline.com\/lv\/wp-json\/wp\/v2\/pages\/40724","targetHints":{"allow":["GET"]}}],"collection":[{"href":"https:\/\/jackpotlotteryonline.com\/lv\/wp-json\/wp\/v2\/pages"}],"about":[{"href":"https:\/\/jackpotlotteryonline.com\/lv\/wp-json\/wp\/v2\/types\/page"}],"author":[{"embeddable":true,"href":"https:\/\/jackpotlotteryonline.com\/lv\/wp-json\/wp\/v2\/users\/1"}],"replies":[{"embeddable":true,"href":"https:\/\/jackpotlotteryonline.com\/lv\/wp-json\/wp\/v2\/comments?post=40724"}],"version-history":[{"count":0,"href":"https:\/\/jackpotlotteryonline.com\/lv\/wp-json\/wp\/v2\/pages\/40724\/revisions"}],"up":[{"embeddable":true,"href":"https:\/\/jackpotlotteryonline.com\/lv\/wp-json\/wp\/v2\/pages\/35840"}],"wp:attachment":[{"href":"https:\/\/jackpotlotteryonline.com\/lv\/wp-json\/wp\/v2\/media?parent=40724"}],"curies":[{"name":"wp","href":"https:\/\/api.w.org\/{rel}","templated":true}]}}