{"id":40777,"date":"2022-12-06T10:17:42","date_gmt":"2022-12-06T10:17:42","guid":{"rendered":"https:\/\/jackpotlotteryonline.com\/?page_id=40777"},"modified":"2022-12-28T14:17:38","modified_gmt":"2022-12-28T14:17:38","slug":"la-primitiva","status":"publish","type":"page","link":"https:\/\/jackpotlotteryonline.com\/lv\/laimejusie-skaitli\/la-primitiva\/","title":{"rendered":"La Primitiva izlozes rezult\u0101ti"},"content":{"rendered":"<h2>K\u0101 izv\u0113l\u0113ties La Primitiva laim\u012bgos numurus<\/h2>\n<p>Vispirms, ja v\u0113laties sp\u0113l\u0113t La Primitiva, jums ir j\u0101izv\u0113las 6 skait\u013ci no 1 l\u012bdz 49 skait\u013ciem. Turkl\u0101t Jums b\u016bs j\u0101izv\u0113las 1 skaitlis no 0 l\u012bdz 9. \u0160o papildu skaitli sauc par Reintegro skaitli. Ir ar\u012b Complemantario numurs, un tas tiek izmantots, lai noteiktu da\u017eus balvu l\u012bme\u0146us.<\/p>\n<p>Ir vair\u0101kas metodes, ko sp\u0113l\u0113t\u0101ji izmanto, lai izv\u0113l\u0113tos La Primitiva numurus. Da\u017ei dod priek\u0161roku skait\u013ciem, kuriem ir \u012bpa\u0161a noz\u012bme. Piem\u0113ram, vi\u0146u dzim\u0161anas dienas vai jubilejas. Citi vienk\u0101r\u0161i izv\u0113las nejau\u0161us skait\u013cus un cer, ka veiksme b\u016bs vi\u0146u pus\u0113. T\u0101 k\u0101 La Primitiva, t\u0101pat k\u0101 jebkura loterija, ir laimes sp\u0113le, neviens nevar vi\u0146us vainot.<\/p>\n<section class=\"layout\" style=\"border: solid 1px; width: 100%;\">\n<div class=\"img-div\" style=\"margin-top: 5px;\"><img decoding=\"async\" class=\"wp-image-17212 alignleft\" style=\"height: 45px; margin: 8px 8px 0px;\" src=\"https:\/\/jackpotlotteryonline.com\/wp-content\/uploads\/2022\/11\/read1.jpg\" alt=\"las\u012bt\" width=\"\" height=\"\" \/><\/div>\n<div style=\"padding-left: 5px;\">\n<div style=\"font-size: 1.1em;\">\n<p><strong>Loterijas padomi<\/strong><\/p>\n<p style=\"font-size: 0.85em; margin-top: -1.5em;\">Padomi, kas pal\u012bdz uzvar\u0113t loterij\u0101\u00a0<a href=\"https:\/\/jackpotlotteryonline.com\/lv\/padomi-kas-palidz-uzvaret-loterija\"> las\u012bt vair\u0101k<\/a><\/p>\n<\/div>\n<\/div>\n<\/section>\n<h2>La Primitiva laim\u0113\u0161ana<\/h2>\n<p>La Primitiva notiek tr\u012bs izlozes ned\u0113\u013c\u0101 &#8211; pirmdien, ceturtdien un sestdien. Kad esat izv\u0113l\u0113jies savus skait\u013cus, n\u0101kamais solis ir piedal\u012bties izv\u0113l\u0113taj\u0101 izloz\u0113. P\u0113c izloz\u0113m loterij\u0101 vinn\u0113 bi\u013cete, kas atbilst izlozes rezult\u0101tiem.<\/p>\n<p>T\u0101p\u0113c do\u0161an\u0101s m\u0101j\u0101s ar balvu ir liel\u0101 m\u0113r\u0101 atkar\u012bga no j\u016bsu izv\u0113l\u0113tajiem skait\u013ciem.<\/p>\n<p>Lai vinn\u0113tu La Primitiva d\u017eekpotu, sp\u0113l\u0113t\u0101jam ir j\u0101sakr\u012bt visiem 7 skait\u013ciem (6 galvenajiem un Reintegro skaitlim). D\u017eekpota summa s\u0101kas no 5 miljoniem eiro. Ja laim\u0113t\u0101ju ir vair\u0101k nek\u0101 viens, summa tiek sadal\u012bta starp uzvar\u0113t\u0101jiem. \u0160eit ir nor\u0101d\u012btas balvas, ko var vinn\u0113t sp\u0113l\u0113t\u0101ji.<br \/>\n<img loading=\"lazy\" decoding=\"async\" class=\"alignright size-full wp-image-27671\" src=\"https:\/\/jackpotlotteryonline.com\/wp-content\/uploads\/2022\/11\/1_lottery_online_winner3.jpg\" alt=\"Laim\u0113t La Primitiva\" width=\"300\" height=\"300\" srcset=\"https:\/\/jackpotlotteryonline.com\/wp-content\/uploads\/2022\/11\/1_lottery_online_winner3.jpg 300w, https:\/\/jackpotlotteryonline.com\/wp-content\/uploads\/2022\/11\/1_lottery_online_winner3-100x100.jpg 100w, https:\/\/jackpotlotteryonline.com\/wp-content\/uploads\/2022\/11\/1_lottery_online_winner3-150x150.jpg 150w\" sizes=\"auto, (max-width: 300px) 100vw, 300px\" \/><\/p>\n<p>D\u017eekpots &#8211; Match 6 + Reintegro<\/p>\n<p>1. da\u013ca &#8211; tikai 6. ma\u010ds<\/p>\n<p>2. div\u012bzija &#8211; 5. ma\u010ds + bezmaksas numurs<\/p>\n<p>noda\u013ca &#8211; tikai 5. ma\u010ds<\/p>\n<p>noda\u013ca &#8211; tikai 4. ma\u010ds<\/p>\n<p>noda\u013ca &#8211; tikai 3. ma\u010ds<\/p>\n<p>Reintegro &#8211; atbilst tikai Reintegro numuram.<\/p>\n<h2>Sp\u0113l\u0113jot La Primitiva tie\u0161saist\u0113 ar jackpotlotlotteryonline.com<\/h2>\n<p><a href=\"https:\/\/jackpotlotteryonline.com\/lv\/ka-spelet\/la-primitiva-2\">Sp\u0113l\u0113jot La Primitiva loteriju<\/a> kop\u0101 ar mums, j\u016bs ne tikai ieg\u016bsiet piek\u013cuvi La Primitiva, bet ar\u012b izlozes rezult\u0101tiem. Sp\u0113l\u0113jot tie\u0161saist\u0113, gan pieredz\u0113ju\u0161iem sp\u0113l\u0113t\u0101jiem, gan ies\u0101c\u0113jiem paveras pla\u0161as iesp\u0113jas. M\u0113s pied\u0101v\u0101jam \u0113rtu veidu, k\u0101 ieg\u0101d\u0101ties loterijas bi\u013cetes, p\u0101rbaud\u012bt rezult\u0101tus un piek\u013c\u016bt saviem laimestiem. Bet par to m\u0113s run\u0101sim p\u0113c br\u012b\u017ea.<\/p>\n<p>J\u016bs varat viegli<a href=\"https:\/\/jackpotlotteryonline.com\/lv\/iegadaties-biletes\/la-primitiva\"> ieg\u0101d\u0101ties La Primitiva loterijas bi\u013ceti<\/a>, dodoties uz loterijas lapu un izv\u0113loties laimesta ciparus. Ja neesat p\u0101rliecin\u0101ts, ko izv\u0113l\u0113ties, varat izmantot m\u016bsu autom\u0101tisko \u0123eneratoru, lai izv\u0113l\u0113tos nejau\u0161us ciparus. P\u0113c tam ievadiet izv\u0113l\u0113tos izlozes skait\u013cus un, ja v\u0113l neesat pie mums re\u0123istr\u0113jies, re\u0123istr\u0113jieties kont\u0101.<\/p>\n<p>Re\u0123istr\u0113\u0161an\u0101s ir b\u016btisks solis, un konts jums b\u016bs nepiecie\u0161ams \u0161\u0101du iemeslu d\u0113\u013c:<\/p>\n<ul>\n<li>Lai saglab\u0101tu savu digit\u0101lo bi\u013ceti<\/li>\n<li>lai iestat\u012btu autom\u0101tiskus ierakstus izloz\u0113s<\/li>\n<li>lai sa\u0146emtu pazi\u0146ojumus par laim\u0113t\u0101m balv\u0101m<\/li>\n<\/ul>\n<h2>p\u0101rbaud\u012bt La Primitiva loterijas rezult\u0101tus<\/h2>\n<p>La Primitiva rezult\u0101tu p\u0101rbaude nekad nav bijusi vienk\u0101r\u0161\u0101ka, ja J\u016bs sp\u0113l\u0113jat ar mums tie\u0161saist\u0113. P\u0113c katras izlozes m\u0113s public\u0113jam izlozes rezult\u0101tus tie\u0161i \u0161eit, m\u016bsu lap\u0101. Turkl\u0101t m\u0113s jums pazi\u0146osim pa e-pastu, tikl\u012bdz j\u016bs vinn\u0113siet balvu. T\u0101d\u0113j\u0101di Jums vairs nekad neb\u016bs j\u0101palaid gar\u0101m balvu sa\u0146em\u0161anas br\u012bdis.<\/p>\n<h2>J\u016bsu laimestu piepras\u012b\u0161ana<\/h2>\n<p>Iesp\u0113jams, visinteresant\u0101k\u0101 La Primitiva sp\u0113les tie\u0161saist\u0113 da\u013ca ir t\u0101, ka Jums nav j\u0101dodas uz Sp\u0101niju, lai sa\u0146emtu laimestu. Ja laimestu summa ir maz\u0101ka par 2500 eiro, j\u016bs varat vienk\u0101r\u0161i iz\u0146emt naudu no m\u016bsu platformas sav\u0101 kont\u0101.<\/p>\n<p>Sp\u0113l\u0113jiet loteriju kop\u0101 ar mums, lai p\u0101rbaud\u012btu savus La Primitiva laimesta numurus tie\u0161saist\u0113.<\/p>\n","protected":false},"excerpt":{"rendered":"<p>K\u0101 izv\u0113l\u0113ties La Primitiva laim\u012bgos numurus Vispirms, ja v\u0113laties sp\u0113l\u0113t La Primitiva, jums ir j\u0101izv\u0113las 6 skait\u013ci no 1 l\u012bdz 49 skait\u013ciem. Turkl\u0101t Jums b\u016bs j\u0101izv\u0113las 1 skaitlis no 0 l\u012bdz 9. \u0160o papildu skaitli sauc par Reintegro skaitli. Ir ar\u012b Complemantario numurs, un tas tiek izmantots, lai noteiktu da\u017eus balvu l\u012bme\u0146us. Ir vair\u0101kas metodes, [&hellip;]<\/p>\n","protected":false},"author":1,"featured_media":0,"parent":35840,"menu_order":7,"comment_status":"closed","ping_status":"closed","template":"la-primitiva-results.php","meta":{"_et_pb_use_builder":"","_et_pb_old_content":"","_et_gb_content_width":"","exclude_from_search":false,"footnotes":""},"class_list":["post-40777","page","type-page","status-publish","hentry"],"yoast_head":"<!-- This site is optimized with the Yoast SEO plugin v23.3 - https:\/\/yoast.com\/wordpress\/plugins\/seo\/ -->\n<title>La Primitiva laim\u012bgie skait\u013ci un izlozes rezult\u0101ti<\/title>\n<meta name=\"description\" content=\"Sp\u0101nijas La Primitiva loterija - visi izlozes rezult\u0101ti un laim\u012bgie skait\u013ci, k\u0101 ar\u012b rezult\u0101tu arh\u012bvs - viss vien\u0101 t\u012bmek\u013ca vietn\u0113.\" \/>\n<meta name=\"robots\" content=\"index, follow, max-snippet:-1, max-image-preview:large, max-video-preview:-1\" \/>\n<link rel=\"canonical\" href=\"https:\/\/jackpotlotteryonline.com\/lv\/laimejusie-skaitli\/la-primitiva\/\" \/>\n<meta property=\"og:locale\" content=\"lv_LV\" \/>\n<meta property=\"og:type\" content=\"article\" \/>\n<meta property=\"og:title\" content=\"La Primitiva laim\u012bgie skait\u013ci un izlozes rezult\u0101ti\" \/>\n<meta property=\"og:description\" content=\"Sp\u0101nijas La Primitiva loterija - visi izlozes rezult\u0101ti un laim\u012bgie skait\u013ci, k\u0101 ar\u012b rezult\u0101tu arh\u012bvs - viss vien\u0101 t\u012bmek\u013ca vietn\u0113.\" \/>\n<meta property=\"og:url\" content=\"https:\/\/jackpotlotteryonline.com\/lv\/laimejusie-skaitli\/la-primitiva\/\" \/>\n<meta property=\"og:site_name\" content=\"Lotto Online - Crack The International Lottery Jackpots\" \/>\n<meta property=\"article:modified_time\" content=\"2022-12-28T14:17:38+00:00\" \/>\n<meta property=\"og:image\" content=\"https:\/\/jackpotlotteryonline.com\/wp-content\/uploads\/2022\/11\/read1.jpg\" \/>\n<meta name=\"twitter:card\" content=\"summary_large_image\" \/>\n<meta name=\"twitter:label1\" content=\"Est. reading time\" \/>\n\t<meta name=\"twitter:data1\" content=\"3 minutes\" \/>\n<!-- \/ Yoast SEO plugin. -->","yoast_head_json":{"title":"La Primitiva laim\u012bgie skait\u013ci un izlozes rezult\u0101ti","description":"Sp\u0101nijas La Primitiva loterija - visi izlozes rezult\u0101ti un laim\u012bgie skait\u013ci, k\u0101 ar\u012b rezult\u0101tu arh\u012bvs - viss vien\u0101 t\u012bmek\u013ca vietn\u0113.","robots":{"index":"index","follow":"follow","max-snippet":"max-snippet:-1","max-image-preview":"max-image-preview:large","max-video-preview":"max-video-preview:-1"},"canonical":"https:\/\/jackpotlotteryonline.com\/lv\/laimejusie-skaitli\/la-primitiva\/","og_locale":"lv_LV","og_type":"article","og_title":"La Primitiva laim\u012bgie skait\u013ci un izlozes rezult\u0101ti","og_description":"Sp\u0101nijas La Primitiva loterija - visi izlozes rezult\u0101ti un laim\u012bgie skait\u013ci, k\u0101 ar\u012b rezult\u0101tu arh\u012bvs - viss vien\u0101 t\u012bmek\u013ca vietn\u0113.","og_url":"https:\/\/jackpotlotteryonline.com\/lv\/laimejusie-skaitli\/la-primitiva\/","og_site_name":"Lotto Online - Crack The International Lottery Jackpots","article_modified_time":"2022-12-28T14:17:38+00:00","og_image":[{"url":"https:\/\/jackpotlotteryonline.com\/wp-content\/uploads\/2022\/11\/read1.jpg"}],"twitter_card":"summary_large_image","twitter_misc":{"Est. reading time":"3 minutes"},"schema":{"@context":"https:\/\/schema.org","@graph":[{"@type":"WebPage","@id":"https:\/\/jackpotlotteryonline.com\/lv\/laimejusie-skaitli\/la-primitiva\/","url":"https:\/\/jackpotlotteryonline.com\/lv\/laimejusie-skaitli\/la-primitiva\/","name":"La Primitiva laim\u012bgie skait\u013ci un izlozes rezult\u0101ti","isPartOf":{"@id":"https:\/\/jackpotlotteryonline.com\/#website"},"primaryImageOfPage":{"@id":"https:\/\/jackpotlotteryonline.com\/lv\/laimejusie-skaitli\/la-primitiva\/#primaryimage"},"image":{"@id":"https:\/\/jackpotlotteryonline.com\/lv\/laimejusie-skaitli\/la-primitiva\/#primaryimage"},"thumbnailUrl":"https:\/\/jackpotlotteryonline.com\/wp-content\/uploads\/2022\/11\/read1.jpg","datePublished":"2022-12-06T10:17:42+00:00","dateModified":"2022-12-28T14:17:38+00:00","description":"Sp\u0101nijas La Primitiva loterija - visi izlozes rezult\u0101ti un laim\u012bgie skait\u013ci, k\u0101 ar\u012b rezult\u0101tu arh\u012bvs - viss vien\u0101 t\u012bmek\u013ca vietn\u0113.","breadcrumb":{"@id":"https:\/\/jackpotlotteryonline.com\/lv\/laimejusie-skaitli\/la-primitiva\/#breadcrumb"},"inLanguage":"lv-LV","potentialAction":[{"@type":"ReadAction","target":["https:\/\/jackpotlotteryonline.com\/lv\/laimejusie-skaitli\/la-primitiva\/"]}]},{"@type":"ImageObject","inLanguage":"lv-LV","@id":"https:\/\/jackpotlotteryonline.com\/lv\/laimejusie-skaitli\/la-primitiva\/#primaryimage","url":"https:\/\/jackpotlotteryonline.com\/wp-content\/uploads\/2022\/11\/read1.jpg","contentUrl":"https:\/\/jackpotlotteryonline.com\/wp-content\/uploads\/2022\/11\/read1.jpg"},{"@type":"BreadcrumbList","@id":"https:\/\/jackpotlotteryonline.com\/lv\/laimejusie-skaitli\/la-primitiva\/#breadcrumb","itemListElement":[{"@type":"ListItem","position":1,"name":"Home","item":"https:\/\/jackpotlotteryonline.com\/lv\/"},{"@type":"ListItem","position":2,"name":"Loterijas rezult\u0101ti","item":"https:\/\/jackpotlotteryonline.com\/winning-numbers\/"},{"@type":"ListItem","position":3,"name":"La Primitiva izlozes rezult\u0101ti"}]},{"@type":"WebSite","@id":"https:\/\/jackpotlotteryonline.com\/#website","url":"https:\/\/jackpotlotteryonline.com\/","name":"Lotto Online - Crack The International Lottery Jackpots","description":"","potentialAction":[{"@type":"SearchAction","target":{"@type":"EntryPoint","urlTemplate":"https:\/\/jackpotlotteryonline.com\/?s={search_term_string}"},"query-input":"required name=search_term_string"}],"inLanguage":"lv-LV"}]}},"_links":{"self":[{"href":"https:\/\/jackpotlotteryonline.com\/lv\/wp-json\/wp\/v2\/pages\/40777","targetHints":{"allow":["GET"]}}],"collection":[{"href":"https:\/\/jackpotlotteryonline.com\/lv\/wp-json\/wp\/v2\/pages"}],"about":[{"href":"https:\/\/jackpotlotteryonline.com\/lv\/wp-json\/wp\/v2\/types\/page"}],"author":[{"embeddable":true,"href":"https:\/\/jackpotlotteryonline.com\/lv\/wp-json\/wp\/v2\/users\/1"}],"replies":[{"embeddable":true,"href":"https:\/\/jackpotlotteryonline.com\/lv\/wp-json\/wp\/v2\/comments?post=40777"}],"version-history":[{"count":0,"href":"https:\/\/jackpotlotteryonline.com\/lv\/wp-json\/wp\/v2\/pages\/40777\/revisions"}],"up":[{"embeddable":true,"href":"https:\/\/jackpotlotteryonline.com\/lv\/wp-json\/wp\/v2\/pages\/35840"}],"wp:attachment":[{"href":"https:\/\/jackpotlotteryonline.com\/lv\/wp-json\/wp\/v2\/media?parent=40777"}],"curies":[{"name":"wp","href":"https:\/\/api.w.org\/{rel}","templated":true}]}}