{"id":40830,"date":"2022-12-06T12:54:46","date_gmt":"2022-12-06T12:54:46","guid":{"rendered":"https:\/\/jackpotlotteryonline.com\/?page_id=40830"},"modified":"2022-12-28T12:16:13","modified_gmt":"2022-12-28T12:16:13","slug":"el-gordo-draw-results","status":"publish","type":"page","link":"https:\/\/jackpotlotteryonline.com\/lv\/laimejusie-skaitli\/el-gordo-draw-results\/","title":{"rendered":"El Gordo izlozes rezult\u0101ti"},"content":{"rendered":"<p>Loteriju entuziasti saj\u016bsmin\u0101s, dzirdot par El Gordo, ne tikai t\u0101p\u0113c, ka t\u0101 ir viena no liel\u0101kaj\u0101m Eiropas loterij\u0101m. El Gordo ir visu loteriju m\u0101te, jo izlozes notiek reizi gad\u0101. Paties\u012bb\u0101 t\u0101 ir da\u013ca no Sp\u0101nijas loterijas, un katru gadu tiek r\u012bkota \u012bpa\u0161a Ziemassv\u0113tku izloze. Tas ir aizraujo\u0161s un trad\u012bcij\u0101m bag\u0101ts notikums. Tas pulc\u0113 \u0123imenes, apkaimes un veselas kopienas, lai kop\u0101 svin\u0113tu sv\u0113tkus. Sp\u0101nijas sp\u0113lma\u0146iem Ziemassv\u0113tku sezona ir laiks, kad mekl\u0113t El Gordo laim\u012bgos skait\u013cus.<\/p>\n<p>Parasti El Gordo ir loterija, kas notiek Sp\u0101nij\u0101. Tas noz\u012bm\u0113, ka, ja nedz\u012bvotu \u0161aj\u0101 valst\u012b, jums b\u016btu gr\u016bti ieg\u0101d\u0101ties El Gordo bi\u013cetes. Tas ir main\u012bjies, jo tagad El Gordo laimesta numurus var p\u0101rbaud\u012bt internet\u0101.<\/p>\n<h2>El Gordo sp\u0113l\u0113\u0161ana<\/h2>\n<p><img loading=\"lazy\" decoding=\"async\" class=\"alignright size-full wp-image-17870\" src=\"https:\/\/jackpotlotteryonline.com\/wp-content\/uploads\/2022\/10\/lotto_euros.jpg\" alt=\"El Gordo izloze\" width=\"225\" height=\"134\" \/>El Gordo noz\u012bm\u0113 &#8220;lielais&#8221;, un tas ir pasaul\u0113 liel\u0101kais d\u017eekpots. \u0160\u012bs loterijas \u012bpatn\u012bba ir t\u0101, ka d\u017eekpotu tagad var laim\u0113t tikai viens cilv\u0113ks. Tas ir t\u0101p\u0113c, ka bi\u013cetes ir sadal\u012btas daudz\u0101s da\u013c\u0101s. Paties\u012bb\u0101 tie\u0161i \u0161\u012b ir t\u0101 El Gordo sp\u0113l\u0113\u0161anas da\u013ca, kas var b\u016bt nedaudz mulsino\u0161a. Katra El Gordo bi\u013cete ir sadal\u012bta 10 da\u013c\u0101s, un katra no \u0161\u012bm da\u013c\u0101m tiek sadal\u012bta v\u0113l t\u0101l\u0101k.<\/p>\n<p>L\u0113t\u0101k\u0101 El Gordo bi\u013cete, ko varat ieg\u0101d\u0101ties, ir 1\/100 da\u013ca no pilnas bi\u013cetes.<\/p>\n<p>Lai uzzin\u0101tu vair\u0101k par <a href=\"https:\/\/jackpotlotteryonline.com\/lv\/ka-spelet\/el-gordo\">El Gordo sp\u0113l\u0113\u0161anu<\/a>, apmekl\u0113jiet jackpotlotteryonline.com un<a href=\"https:\/\/jackpotlotteryonline.com\/lv\/iegadaties-biletes\/el-gordo\"> ieg\u0101d\u0101jieties bi\u013cetes jau tagad<\/a>. Sp\u0113l\u0113jot El Gordo ir \u013coti jautri, \u012bpa\u0161i tad, ja j\u016bs sp\u0113l\u0113jat tie\u0161saist\u0113.<\/p>\n<h2>Sp\u0113l\u0113jot tie\u0161saist\u0113<\/h2>\n<p>Ja esat gatavs piedal\u012bties El Gordo loterij\u0101, apmekl\u0113jiet m\u016bsu vietni un izv\u0113lieties laimesta skait\u013cus. Viss, kas jums j\u0101dara, ir j\u0101izv\u0113las 6 no 1 l\u012bdz 49. Protams, j\u016bs varat \u013caut m\u016bsu autom\u0101tiskajam atlas\u012bt\u0101jam to izdar\u012bt j\u016bsu viet\u0101, ja jums nav nek\u0101 konkr\u0113ta, ko v\u0113laties sp\u0113l\u0113t. Tad ievadiet izlozes un gaidiet El Gordo laimesta rezult\u0101tus.<\/p>\n<h2>K\u0101 laim\u0113t El Gordo<\/h2>\n<p>El Gordo vinnests vienk\u0101r\u0161i noz\u012bm\u0113, ka jums ir laimestu kombin\u0101cija. T\u0101tad, ja j\u016bsu skait\u013ci sakr\u012bt ar izloz\u0113to, tad j\u016bs esat El Gordo loterijas uzvar\u0113t\u0101js.<\/p>\n<p>Ir vair\u0101kas strat\u0113\u0123ijas, ko sp\u0113l\u0113t\u0101ji izmanto, lai izv\u0113l\u0113tos El Gordo laim\u012bg\u0101s kombin\u0101cijas. Viena no t\u0101m ir t\u0101du ciparu izv\u0113le, kurus vi\u0146i uzskata par laim\u012bgiem. Da\u017eiem t\u0101s ir vi\u0146u dzim\u0161anas dienas vai tuvinieku dzim\u0161anas dienas. Tas var b\u016bt jebkur\u0161 skaitlis, kas jums ir \u012bpa\u0161s. Citi sp\u0113l\u0113t\u0101ji dod priek\u0161roku piln\u012bb\u0101 pa\u013cauties uz nejau\u0161i \u0123ener\u0113tiem skait\u013ciem. Tas, ko izv\u0113laties, ir atkar\u012bgs no jums.<\/p>\n<p>V\u0113l viens veids, k\u0101 izv\u0113l\u0113ties laim\u012bgo kombin\u0101ciju El Gordo, ir apl\u016bkot iepriek\u0161\u0113jos rezult\u0101tus. Tas jums pal\u012bdz\u0113s, jo \u012bpa\u0161i, ja esat bie\u017es sp\u0113l\u0113t\u0101js. Daudziem sp\u0113l\u0113t\u0101jiem labs sp\u0113les pl\u0101ns vienm\u0113r ir ieg\u0101d\u0101ties vair\u0101kas bi\u013cetes. J\u016bs vienm\u0113r varat izveidot draugu vai \u0123imenes locek\u013cu grupu un ieg\u0101d\u0101ties El Gordo bi\u013cetes.<\/p>\n<h2>K\u0101 p\u0101rbaud\u012bt laim\u0113ju\u0161os skait\u013cus<\/h2>\n<p>Kad esat ieg\u0101d\u0101jies El Gordo bi\u013ceti, n\u0101kamais solis ir gaid\u012bt El Gordo izlozes. P\u0113c izloz\u0113m ir svar\u012bgi p\u0101rbaud\u012bt laimestu kombin\u0101cijas. Ir vair\u0101ki st\u0101sti par d\u017eekpotiem, kas palika neatg\u016bti, jo laim\u0113t\u0101ji nekad nep\u0101rbaud\u012bja savas loterijas bi\u013cetes. Ja sp\u0113l\u0113siet kop\u0101 ar mums, jums nekad neb\u016bs j\u0101uztraucas, ka tas var notikt ar jums.<\/p>\n<p>P\u0113c katras izlozes m\u0113s public\u0113jam laimestu rezult\u0101tus tie\u0161i \u0161eit, El Gordo lap\u0101. Viena no k\u013c\u016bd\u0101m, ko pie\u013cauj jaunie loteriju sp\u0113l\u0113t\u0101ji, ir t\u0101, ka vi\u0146i nep\u0101rbauda, vai nav laim\u0113ju\u0161i citas balvas.<\/p>\n<p>El Gordo loterij\u0101 ir 17 da\u017e\u0101di balvu l\u012bme\u0146i, un sp\u0113l\u0113t\u0101js var laim\u0113t jebkuru no tiem. Ja sp\u0113l\u0113siet kop\u0101 ar mums, m\u0113s jums pazi\u0146osim, vai esat laim\u0113jis k\u0101du no balv\u0101m. M\u0113s to dar\u012bsim, nos\u016btot jums e-pastu, k\u0101 ar\u012b j\u016bs sa\u0146emsiet pazi\u0146ojumu, tikl\u012bdz pierakst\u012bsieties platform\u0101.<\/p>\n<h2>Kas notiek, ja j\u016bs vinn\u0113siet?<\/h2>\n<p><img loading=\"lazy\" decoding=\"async\" class=\"alignright size-full wp-image-30668\" src=\"https:\/\/jackpotlotteryonline.com\/wp-content\/uploads\/2022\/11\/3_screen_lottery_results_online.jpg\" alt=\"El Gordo laimests\" width=\"130\" height=\"120\" \/>Uzvar\u0113t El Gordo ir br\u012bni\u0161\u0137\u012bga pieredze, jo j\u016bs j\u016btaties k\u0101 da\u013ca no kaut k\u0101 liela. Tas ir k\u0101 b\u016bt da\u013cai no v\u0113stures tap\u0161anas proces\u0101. T\u0101 ir v\u0113l liel\u0101ka saj\u016bta, ja esat ieg\u0101d\u0101jies El Gordo bi\u013cetes kop\u0101 ar saviem kol\u0113\u0123iem, draugiem vai \u0123imeni. Tad j\u016bs visi kop\u0101 varat doties svin\u0113t savu uzvaru.<\/p>\n<p>\u0145emot v\u0113r\u0101 iepriek\u0161 teikto, El Gordo laimestu iz\u0146em\u0161ana ir \u013coti vienk\u0101r\u0161a, ja J\u016bs sp\u0113l\u0113jat m\u016bsu vietn\u0113. Tas ir tikai jaut\u0101jums par to, k\u0101 izmaks\u0101t savu laimestu sav\u0101 tie\u0161saistes kont\u0101. Ja laim\u0113j\u0101t vair\u0101k nek\u0101 noteiktu summu, jums, iesp\u0113jams, b\u016bs j\u0101aizpilda pieteikuma veidlapa, lai sa\u0146emtu savu laimestu no loterijas uz\u0146\u0113muma. Ta\u010du tie\u0161i t\u0101p\u0113c m\u0113s esam \u0161eit, lai jums atvieglotu darbu.<\/p>\n<h2>K\u0101p\u0113c Jums vajadz\u0113tu sp\u0113l\u0113t El Gordo tie\u0161saist\u0113 ar mums<\/h2>\n<p>Ir tik daudz iemeslu, k\u0101p\u0113c m\u016bsu klientiem pat\u012bk sp\u0113l\u0113t loteriju kop\u0101 ar mums.<\/p>\n<ul>\n<li>Nopirkt El Gordo loterijas bi\u013ceti ir tik vienk\u0101r\u0161i, cik vien iesp\u0113jams izdar\u012bt da\u017eus piesk\u0101rienus j\u016bsu mobilajai ier\u012bcei. Bez stresa un piln\u012bgi \u0113rti.<\/li>\n<li>J\u016bs varat p\u0101rbaud\u012bt savas El Gordo laimestu kombin\u0101cijas tie\u0161i \u0161eit, nekur citur nedom\u0101jot.<\/li>\n<li>M\u0113s j\u016bs br\u012bdin\u0101sim, tikl\u012bdz laim\u0113siet balvu, neatkar\u012bgi no t\u0101s summas.<\/li>\n<li>Ja laim\u0113siet k\u0101du balvu, j\u016bs to var\u0113siet sa\u0146emt no m\u016bsu platformas sav\u0101 kont\u0101.<\/li>\n<\/ul>\n<p>M\u0113s burtiski atvieglojam saviem klientiem izklaid\u0113\u0161anos un prieku, sp\u0113l\u0113jot loteriju. Paties\u012bba ir t\u0101da, ka dz\u012bv\u0113 ir tik daudz citu lietu, kas ir gr\u016btas, bet laimestam loterij\u0101 nav j\u0101b\u016bt vienam no tiem.<\/p>\n<section class=\"layout\" style=\"border: solid 1px; width: 100%;\">\n<div class=\"img-div\" style=\"margin-top: 5px;\"><img decoding=\"async\" class=\"wp-image-17212 alignleft\" style=\"height: 45px; margin: 8px 8px 0px;\" src=\"https:\/\/jackpotlotteryonline.com\/wp-content\/uploads\/2022\/11\/read1.jpg\" alt=\"las\u012bt\" width=\"\" height=\"\" \/><\/div>\n<div style=\"padding-left: 5px;\">\n<div style=\"font-size: 1.1em;\">\n<p><strong>Nodok\u013ci no loterijas laimestiem<\/strong><\/p>\n<p style=\"font-size: 0.85em; margin-top: -1.5em;\">Vai par loterijas laimestu j\u0101maks\u0101 nodok\u013ci? <a href=\"https:\/\/jackpotlotteryonline.com\/lv\/vai-man-ir-jamaksa-nodokli-par-loterijas-laimestiem\">las\u012bt vair\u0101k<\/a><\/p>\n<\/div>\n<\/div>\n<\/section>\n<h2>P\u0101rbaudiet savus laim\u0113ju\u0161os numurus<\/h2>\n<p>Pirms ieg\u0101d\u0101jaties bi\u013ceti, jums j\u0101zina, ka m\u0113s saviem klientiem nodro\u0161in\u0101m piek\u013cuvi \u012bstiem izlozes skait\u013ciem. Sp\u0113l\u0113jot ar mums, j\u016bs ne tikai deraties par loterijas izn\u0101kumu. M\u0113s nodro\u0161in\u0101m, ka j\u016bs esat piedal\u012bjies loterij\u0101. M\u0113s to dar\u0101m, izmantojot konsjer\u017eas sist\u0113mu, kur\u0101 m\u016bsu a\u0123ents Sp\u0101nij\u0101 nop\u0113rk jums atbilsto\u0161us numurus.<\/p>\n<p>Ja jums ir El Gordo laim\u012bgie skait\u013ci, tas noz\u012bm\u0113, ka esat laim\u0113jis loterij\u0101. Tas ir tik vienk\u0101r\u0161i. M\u0113s c\u012bt\u012bgi str\u0101d\u0101jam, lai jums neb\u016btu j\u0101uztraucas par s\u012bkumiem. T\u0101p\u0113c m\u0113s r\u016bp\u0113jamies par s\u012bkumiem, lai j\u016bs var\u0113tu piev\u0113rsties tam, kas jums ir vissvar\u012bg\u0101kais.<\/p>\n<p>Apmekl\u0113jiet m\u016bs jau \u0161odien un p\u0101rbaudiet lab\u0101ko starptautisko loteriju laim\u0113ju\u0161os skait\u013cus tie\u0161i \u0161eit. Vai ar\u012b ieg\u0101d\u0101jieties El Gordo bi\u013cetes un atdodiet t\u0101s, lai uzzin\u0101tu laim\u012bgos skait\u013cus.<\/p>\n","protected":false},"excerpt":{"rendered":"<p>Loteriju entuziasti saj\u016bsmin\u0101s, dzirdot par El Gordo, ne tikai t\u0101p\u0113c, ka t\u0101 ir viena no liel\u0101kaj\u0101m Eiropas loterij\u0101m. El Gordo ir visu loteriju m\u0101te, jo izlozes notiek reizi gad\u0101. Paties\u012bb\u0101 t\u0101 ir da\u013ca no Sp\u0101nijas loterijas, un katru gadu tiek r\u012bkota \u012bpa\u0161a Ziemassv\u0113tku izloze. Tas ir aizraujo\u0161s un trad\u012bcij\u0101m bag\u0101ts notikums. Tas pulc\u0113 \u0123imenes, apkaimes [&hellip;]<\/p>\n","protected":false},"author":1,"featured_media":0,"parent":35840,"menu_order":6,"comment_status":"closed","ping_status":"closed","template":"el-gordo-results.php","meta":{"_et_pb_use_builder":"","_et_pb_old_content":"","_et_gb_content_width":"","exclude_from_search":false,"footnotes":""},"class_list":["post-40830","page","type-page","status-publish","hentry"],"yoast_head":"<!-- This site is optimized with the Yoast SEO plugin v23.3 - https:\/\/yoast.com\/wordpress\/plugins\/seo\/ -->\n<title>El Gordo laim\u012bgie skait\u013ci un izlozes rezult\u0101ti<\/title>\n<meta name=\"description\" content=\"El Gordo izlozes rezult\u0101ti, laim\u012bgie skait\u013ci - \u0161\u012bs ned\u0113\u013cas, k\u0101 ar\u012b iepriek\u0161\u0113j\u0101s ned\u0113\u013cas rezult\u0101ti\" \/>\n<meta name=\"robots\" content=\"index, follow, max-snippet:-1, max-image-preview:large, max-video-preview:-1\" \/>\n<link rel=\"canonical\" href=\"https:\/\/jackpotlotteryonline.com\/lv\/laimejusie-skaitli\/el-gordo-draw-results\/\" \/>\n<meta property=\"og:locale\" content=\"lv_LV\" \/>\n<meta property=\"og:type\" content=\"article\" \/>\n<meta property=\"og:title\" content=\"El Gordo laim\u012bgie skait\u013ci un izlozes rezult\u0101ti\" \/>\n<meta property=\"og:description\" content=\"El Gordo izlozes rezult\u0101ti, laim\u012bgie skait\u013ci - \u0161\u012bs ned\u0113\u013cas, k\u0101 ar\u012b iepriek\u0161\u0113j\u0101s ned\u0113\u013cas rezult\u0101ti\" \/>\n<meta property=\"og:url\" content=\"https:\/\/jackpotlotteryonline.com\/lv\/laimejusie-skaitli\/el-gordo-draw-results\/\" \/>\n<meta property=\"og:site_name\" content=\"Lotto Online - Crack The International Lottery Jackpots\" \/>\n<meta property=\"article:modified_time\" content=\"2022-12-28T12:16:13+00:00\" \/>\n<meta property=\"og:image\" content=\"https:\/\/jackpotlotteryonline.com\/wp-content\/uploads\/2022\/10\/lotto_euros.jpg\" \/>\n<meta name=\"twitter:card\" content=\"summary_large_image\" \/>\n<meta name=\"twitter:label1\" content=\"Est. reading time\" \/>\n\t<meta name=\"twitter:data1\" content=\"5 minutes\" \/>\n<!-- \/ Yoast SEO plugin. -->","yoast_head_json":{"title":"El Gordo laim\u012bgie skait\u013ci un izlozes rezult\u0101ti","description":"El Gordo izlozes rezult\u0101ti, laim\u012bgie skait\u013ci - \u0161\u012bs ned\u0113\u013cas, k\u0101 ar\u012b iepriek\u0161\u0113j\u0101s ned\u0113\u013cas rezult\u0101ti","robots":{"index":"index","follow":"follow","max-snippet":"max-snippet:-1","max-image-preview":"max-image-preview:large","max-video-preview":"max-video-preview:-1"},"canonical":"https:\/\/jackpotlotteryonline.com\/lv\/laimejusie-skaitli\/el-gordo-draw-results\/","og_locale":"lv_LV","og_type":"article","og_title":"El Gordo laim\u012bgie skait\u013ci un izlozes rezult\u0101ti","og_description":"El Gordo izlozes rezult\u0101ti, laim\u012bgie skait\u013ci - \u0161\u012bs ned\u0113\u013cas, k\u0101 ar\u012b iepriek\u0161\u0113j\u0101s ned\u0113\u013cas rezult\u0101ti","og_url":"https:\/\/jackpotlotteryonline.com\/lv\/laimejusie-skaitli\/el-gordo-draw-results\/","og_site_name":"Lotto Online - Crack The International Lottery Jackpots","article_modified_time":"2022-12-28T12:16:13+00:00","og_image":[{"url":"https:\/\/jackpotlotteryonline.com\/wp-content\/uploads\/2022\/10\/lotto_euros.jpg"}],"twitter_card":"summary_large_image","twitter_misc":{"Est. reading time":"5 minutes"},"schema":{"@context":"https:\/\/schema.org","@graph":[{"@type":"WebPage","@id":"https:\/\/jackpotlotteryonline.com\/lv\/laimejusie-skaitli\/el-gordo-draw-results\/","url":"https:\/\/jackpotlotteryonline.com\/lv\/laimejusie-skaitli\/el-gordo-draw-results\/","name":"El Gordo laim\u012bgie skait\u013ci un izlozes rezult\u0101ti","isPartOf":{"@id":"https:\/\/jackpotlotteryonline.com\/#website"},"primaryImageOfPage":{"@id":"https:\/\/jackpotlotteryonline.com\/lv\/laimejusie-skaitli\/el-gordo-draw-results\/#primaryimage"},"image":{"@id":"https:\/\/jackpotlotteryonline.com\/lv\/laimejusie-skaitli\/el-gordo-draw-results\/#primaryimage"},"thumbnailUrl":"https:\/\/jackpotlotteryonline.com\/wp-content\/uploads\/2022\/10\/lotto_euros.jpg","datePublished":"2022-12-06T12:54:46+00:00","dateModified":"2022-12-28T12:16:13+00:00","description":"El Gordo izlozes rezult\u0101ti, laim\u012bgie skait\u013ci - \u0161\u012bs ned\u0113\u013cas, k\u0101 ar\u012b iepriek\u0161\u0113j\u0101s ned\u0113\u013cas rezult\u0101ti","breadcrumb":{"@id":"https:\/\/jackpotlotteryonline.com\/lv\/laimejusie-skaitli\/el-gordo-draw-results\/#breadcrumb"},"inLanguage":"lv-LV","potentialAction":[{"@type":"ReadAction","target":["https:\/\/jackpotlotteryonline.com\/lv\/laimejusie-skaitli\/el-gordo-draw-results\/"]}]},{"@type":"ImageObject","inLanguage":"lv-LV","@id":"https:\/\/jackpotlotteryonline.com\/lv\/laimejusie-skaitli\/el-gordo-draw-results\/#primaryimage","url":"https:\/\/jackpotlotteryonline.com\/wp-content\/uploads\/2022\/10\/lotto_euros.jpg","contentUrl":"https:\/\/jackpotlotteryonline.com\/wp-content\/uploads\/2022\/10\/lotto_euros.jpg"},{"@type":"BreadcrumbList","@id":"https:\/\/jackpotlotteryonline.com\/lv\/laimejusie-skaitli\/el-gordo-draw-results\/#breadcrumb","itemListElement":[{"@type":"ListItem","position":1,"name":"Home","item":"https:\/\/jackpotlotteryonline.com\/lv\/"},{"@type":"ListItem","position":2,"name":"Loterijas rezult\u0101ti","item":"https:\/\/jackpotlotteryonline.com\/winning-numbers\/"},{"@type":"ListItem","position":3,"name":"El Gordo izlozes rezult\u0101ti"}]},{"@type":"WebSite","@id":"https:\/\/jackpotlotteryonline.com\/#website","url":"https:\/\/jackpotlotteryonline.com\/","name":"Lotto Online - Crack The International Lottery Jackpots","description":"","potentialAction":[{"@type":"SearchAction","target":{"@type":"EntryPoint","urlTemplate":"https:\/\/jackpotlotteryonline.com\/?s={search_term_string}"},"query-input":"required name=search_term_string"}],"inLanguage":"lv-LV"}]}},"_links":{"self":[{"href":"https:\/\/jackpotlotteryonline.com\/lv\/wp-json\/wp\/v2\/pages\/40830","targetHints":{"allow":["GET"]}}],"collection":[{"href":"https:\/\/jackpotlotteryonline.com\/lv\/wp-json\/wp\/v2\/pages"}],"about":[{"href":"https:\/\/jackpotlotteryonline.com\/lv\/wp-json\/wp\/v2\/types\/page"}],"author":[{"embeddable":true,"href":"https:\/\/jackpotlotteryonline.com\/lv\/wp-json\/wp\/v2\/users\/1"}],"replies":[{"embeddable":true,"href":"https:\/\/jackpotlotteryonline.com\/lv\/wp-json\/wp\/v2\/comments?post=40830"}],"version-history":[{"count":0,"href":"https:\/\/jackpotlotteryonline.com\/lv\/wp-json\/wp\/v2\/pages\/40830\/revisions"}],"up":[{"embeddable":true,"href":"https:\/\/jackpotlotteryonline.com\/lv\/wp-json\/wp\/v2\/pages\/35840"}],"wp:attachment":[{"href":"https:\/\/jackpotlotteryonline.com\/lv\/wp-json\/wp\/v2\/media?parent=40830"}],"curies":[{"name":"wp","href":"https:\/\/api.w.org\/{rel}","templated":true}]}}