{"id":40888,"date":"2022-12-07T08:33:04","date_gmt":"2022-12-07T08:33:04","guid":{"rendered":"https:\/\/jackpotlotteryonline.com\/?page_id=40888"},"modified":"2022-12-28T18:20:37","modified_gmt":"2022-12-28T18:20:37","slug":"german-lotto","status":"publish","type":"page","link":"https:\/\/jackpotlotteryonline.com\/lv\/laimejusie-skaitli\/german-lotto\/","title":{"rendered":"V\u0101cijas Lotto izlozes rezult\u0101ti"},"content":{"rendered":"<p>V\u0101cu Lotto izlozes rezult\u0101tiJa esat <a href=\"https:\/\/jackpotlotteryonline.com\/lv\/ka-spelet\/german-lotto\">sp\u0113l\u0113jis V\u0101cu Lotto<\/a> vai v\u0113laties to izm\u0113\u0123in\u0101t, tad ir svar\u012bgi p\u0101rbaud\u012bt laim\u0113ju\u0161os skait\u013cus. Laim\u0113t loterij\u0101 ir pieredze, kas maina dz\u012bvi.<\/p>\n<p>T\u0101 ir paz\u012bstama k\u0101 6 aus 49 jeb 6 no 49 un ir viena no popul\u0101r\u0101kaj\u0101m loterij\u0101m Eirop\u0101. \u0160aj\u0101 V\u0101cijas loto ir devi\u0146i da\u017e\u0101di balvu l\u012bme\u0146i ar neticam\u0101m izredz\u0113m un dz\u012bvi maino\u0161\u0101m laimestu balv\u0101m.<\/p>\n<p>To ir viegli sp\u0113l\u0113t, un tagad j\u016bs varat piedal\u012bties V\u0101cijas loterij\u0101 no jebkuras vietas pasaul\u0113. Sp\u0113l\u0113jot vietn\u0113 jackpotlotlottoonline.com, j\u016bs varat ar\u012b p\u0101rbaud\u012bt savus laimestu numurus.<\/p>\n<h2>K\u0101 sp\u0113l\u0113t V\u0101cijas loto<\/h2>\n<p><img loading=\"lazy\" decoding=\"async\" class=\"alignright size-medium wp-image-29156\" src=\"https:\/\/jackpotlotteryonline.com\/wp-content\/uploads\/2022\/11\/1_play_lotto_to_win-300x214.jpg\" alt=\"Ievadiet V\u0101cijas loto, lai laim\u0113tu balvas\" width=\"300\" height=\"214\" srcset=\"https:\/\/jackpotlotteryonline.com\/wp-content\/uploads\/2022\/11\/1_play_lotto_to_win-300x214.jpg 300w, https:\/\/jackpotlotteryonline.com\/wp-content\/uploads\/2022\/11\/1_play_lotto_to_win.jpg 320w\" sizes=\"auto, (max-width: 300px) 100vw, 300px\" \/>B\u016bt\u012bb\u0101 sp\u0113l\u0113t\u0101jiem ir tikai j\u0101izv\u0113las 6 skait\u013ci no 1 l\u012bdz 49, un tas, kur\u0161 atbilst izlozes rezult\u0101tiem, vinn\u0113 d\u017eekpotu. Past\u0101v ar\u012b bonusa skaitlis, ko sauc par Super skaitli. Tas tiek izv\u0113l\u0113ts p\u0113c nejau\u0161\u012bbas principa un tiek izmantots, lai noteiktu tr\u012bs l\u012bme\u0146u uzvar\u0113t\u0101jus, ieskaitot d\u017eekpotu.<\/p>\n<p>D\u017eekpota summa ir garant\u0113ts viens miljons eiro, tom\u0113r, ja p\u0113c izlozes nav uzvar\u0113t\u0101ja, d\u017eekpots tiek p\u0101rlikts. V\u0101cijas loto d\u017eekpota summa var sasniegt pat 14 000 000 eiro, kas, m\u016bsupr\u0101t, ir diezgan satrieco\u0161i.<\/p>\n<h2>Sp\u0113l\u0113jot uz jackpotlottoonline.com<\/h2>\n<p><a href=\"https:\/\/jackpotlotteryonline.com\/lv\/iegadaties-biletes\/lotto-germany\">Ieg\u0101d\u0101joties bi\u013ceti pie mums<\/a>, j\u016bs faktiski piedal\u0101ties loterij\u0101. M\u0113s nedarbojamies k\u0101 da\u017eas tie\u0161saistes lotto vietnes, kas tikai dod sp\u0113l\u0113t\u0101jiem iesp\u0113ju likt likmes uz izn\u0101kumu. Ja veicat likmes uz izn\u0101kumu, pat tad, ja jums izdodas uzmin\u0113t laim\u012bgos skait\u013cus, j\u016bs loterij\u0101 neuzvarat.<\/p>\n<p>M\u0113s esam vietne, kas saviem klientiem sniedz iesp\u0113ju piedal\u012bties loterij\u0101s no visas pasaules. Ieg\u0101d\u0101joties V\u0101cijas lotto bi\u013ceti tie\u0161saist\u0113, m\u016bsu a\u0123enti attiec\u012bgaj\u0101 valst\u012b ieg\u0101d\u0101jas fizisku bi\u013ceti. Fiziskaj\u0101 V\u0101cijas loto bi\u013cet\u0113 b\u016bs tie pa\u0161i skait\u013ci, kurus esat izv\u0113l\u0113jies. P\u0113c tam m\u0113s to iesken\u0113sim j\u016bsu kont\u0101.<\/p>\n<p><strong>Lai sp\u0113l\u0113tu loto ar mums:<\/strong><\/p>\n<ul>\n<li>J\u016bs varat ar\u012b izmantot m\u016bsu autom\u0101tisko \u0123eneratoru, lai izv\u0113l\u0113tos nejau\u0161us loto skait\u013cus.<\/li>\n<li>Ievadiet izlozes. Varat ievad\u012bt vienu vai vair\u0101kus izlozes veidus.<\/li>\n<li>Izv\u0113lieties, cik ned\u0113\u013cas uz priek\u0161u v\u0113laties sp\u0113l\u0113t (vai ar\u012b varat sp\u0113l\u0113t tikai vienu reizi).<\/li>\n<li>Re\u0123istr\u0113jieties, lai apstr\u0101d\u0101tu savu maks\u0101jumu (tas ir t\u0101d\u0113\u013c, lai m\u0113s var\u0113tu j\u016bs br\u012bdin\u0101t, kad vinn\u0113siet loto).<\/li>\n<\/ul>\n<h2>Uzvara V\u0101cijas loto (balvu sadal\u012bjums)<\/h2>\n<p><img loading=\"lazy\" decoding=\"async\" class=\"alignright size-medium wp-image-28616\" src=\"https:\/\/jackpotlotteryonline.com\/wp-content\/uploads\/2022\/11\/1_online_lotto-300x128.jpg\" alt=\"Sp\u0113l\u0113jiet V\u0101cijas loto\" width=\"300\" height=\"128\" srcset=\"https:\/\/jackpotlotteryonline.com\/wp-content\/uploads\/2022\/11\/1_online_lotto-300x128.jpg 300w, https:\/\/jackpotlotteryonline.com\/wp-content\/uploads\/2022\/11\/1_online_lotto.jpg 320w\" sizes=\"auto, (max-width: 300px) 100vw, 300px\" \/>Jau min\u0113j\u0101m, ka \u0161aj\u0101 Eiropas loto ir 9 da\u017e\u0101di balvu l\u012bme\u0146i. Tas ir daudz balvu, ko sp\u0113l\u0113t\u0101js var laim\u0113t, un tas izskaidro, k\u0101p\u0113c \u0161is loto ir tik popul\u0101rs \u0161aj\u0101 kontinent\u0101. Izredzes laim\u0113t d\u017eekpotu ir 1 pret 139 838 160.<\/p>\n<p>M\u0113s dal\u012bsimies ar balvu sadal\u012bjumu pa da\u017e\u0101diem balvu l\u012bme\u0146iem, k\u0101 ar\u012b katra l\u012bme\u0146a izredz\u0113m. T\u0101pat m\u0113s iek\u013causim ar\u012b paredzamo balvu katrai sada\u013cai. Balvas nosaka kop\u0113jais loto fonds, ta\u010du, pamatojoties uz iepriek\u0161\u0113jiem laimestiem, ir iesp\u0113jams ieg\u016bt aptuvenu skaitli.<\/p>\n<p>1. l\u012bmenis: 6 + Super skaitlis &#8211; \u20ac12 585 434,40 (d\u017eekpots) &#8211; 1:139 838 160<\/p>\n<p>2. l\u012bmenis: tikai 6 skait\u013ci &#8211; 1 003 509,30 \u20ac &#8211; 1: 15 537 573<\/p>\n<p>l\u012bmenis: 5 + super skaitlis &#8211; 12 135,40 \u20ac &#8211; 1:524 008<\/p>\n<p>l\u012bmenis: tikai 5 skait\u013ci &#8211; 4 019,20 euro &#8211; 1:60 223<\/p>\n<p>5. l\u012bmenis: 4 + super skaitlis &#8211; 191,10 \u20ac &#8211; 1:10 324<\/p>\n<p>l\u012bmenis: tikai 4 skait\u013ci &#8211; 50,30 \u20ac &#8211; 1:1 147<\/p>\n<p>7. l\u012bmenis: 3 + super skaitlis &#8211; 21,20 \u20ac &#8211; 1:567<\/p>\n<p>8. l\u012bmenis: tikai 3 skait\u013ci &#8211; 11,10 \u20ac &#8211; 1:63<\/p>\n<p>9. l\u012bmenis: 2 + super skaitlis &#8211; 6 euro &#8211; 1:76<\/p>\n<section class=\"layout\" style=\"border: solid 1px; width: 100%;\">\n<div class=\"img-div\" style=\"margin-top: 5px;\"><img decoding=\"async\" class=\"wp-image-17212 alignleft\" style=\"height: 45px; margin: 8px 8px 0px;\" src=\"https:\/\/jackpotlotteryonline.com\/wp-content\/uploads\/2022\/11\/read1.jpg\" alt=\"las\u012bt\" width=\"\" height=\"\" \/><\/div>\n<div style=\"padding-left: 5px;\">\n<div style=\"font-size: 1.1em;\">\n<p><strong>J\u016bsu valsts loterija starptautisk\u0101 sal\u012bdzin\u0101jum\u0101<\/strong><\/p>\n<p style=\"font-size: 0.85em; margin-top: -1.5em;\">J\u016bsu viet\u0113j\u0101 loterija var b\u016bt slikt\u0101kais variants &#8211; k\u0101p\u0113c ir lietder\u012bg\u0101k maks\u0101t vair\u0101k, bet izv\u0113l\u0113ties liel\u0101kus laimestus? <a href=\"https:\/\/jackpotlotteryonline.com\/lv\/jusu-valsts-loterija-starptautiskaja-salikuma\">las\u012bt vair\u0101k<\/a><\/p>\n<\/div>\n<\/div>\n<\/section>\n<h2>P\u0101rbaudiet savus laimestu skait\u013cus tie\u0161saist\u0113<\/h2>\n<p>T\u0101pat k\u0101 V\u0101cijas loto sp\u0113l\u0113\u0161ana ir neticami vienk\u0101r\u0161a, m\u0113s esam vienk\u0101r\u0161oju\u0161i ar\u012b rezult\u0101tu p\u0101rbaudes procesu. Ja j\u016bs sp\u0113l\u0113jat \u0161o loto, j\u016bs varat viegli p\u0101rbaud\u012bt savus laim\u0113ju\u0161os skait\u013cus tie\u0161saist\u0113. P\u0113c katras izlozes p\u0101rbaudiet, vai esat laim\u0113jis balvu. Izlozes rezult\u0101tus m\u0113s public\u0113jam tie\u0161i \u0161eit.<\/p>\n<p>Ta\u010du, pat ja j\u016bs aizmirstat p\u0101rbaud\u012bt p\u0113c izlozes, m\u0113s jums pazi\u0146osim, vai esat laim\u0113jis k\u0101du balvu. M\u0113s ne tikai br\u012bdin\u0101sim j\u016bs sav\u0101 kont\u0101, bet ar\u012b nos\u016bt\u012bsim jums e-pastu.<\/p>\n<h2>K\u0101 piepras\u012bt balvu<\/h2>\n<p>V\u0101cijas loto izlozes notiek reizi ned\u0113\u013c\u0101 tre\u0161dien\u0101s. P\u0113c izlozes tiks pazi\u0146oti laim\u0113ju\u0161ie skait\u013ci. Uzvara loterij\u0101 noz\u012bm\u0113 tikai to, ka jums ir bi\u013cete, kas atbilst izloz\u0113tajiem rezult\u0101tiem.<\/p>\n<p>Ja esat vinn\u0113jis balvu, j\u016bs varat viegli sa\u0146emt savu balvu, izvelkot to no m\u016bsu platformas sav\u0101 kont\u0101. Tie\u0161i t\u0101. Jebkuru balvu, kas ir maz\u0101ka par 2500 eiro, var iz\u0146emt uzreiz sav\u0101 kont\u0101.<\/p>\n<p>Ja summa ir liel\u0101ka par 2500 \u20ac, jums, iesp\u0113jams, b\u016bs j\u0101aizpilda lotto uz\u0146\u0113muma pieteikuma veidlapa. Ta\u010du m\u0113s jums pal\u012bdz\u0113sim, k\u0101 to izdar\u012bt. T\u0101p\u0113c, ja v\u0113l neesat ieg\u0101d\u0101jies savu V\u0101cijas lotto bi\u013ceti, dariet to tagad. Un neaizmirstiet p\u0101rbaud\u012bt laim\u0113ju\u0161os skait\u013cus.<\/p>\n","protected":false},"excerpt":{"rendered":"<p>V\u0101cu Lotto izlozes rezult\u0101tiJa esat sp\u0113l\u0113jis V\u0101cu Lotto vai v\u0113laties to izm\u0113\u0123in\u0101t, tad ir svar\u012bgi p\u0101rbaud\u012bt laim\u0113ju\u0161os skait\u013cus. Laim\u0113t loterij\u0101 ir pieredze, kas maina dz\u012bvi. T\u0101 ir paz\u012bstama k\u0101 6 aus 49 jeb 6 no 49 un ir viena no popul\u0101r\u0101kaj\u0101m loterij\u0101m Eirop\u0101. \u0160aj\u0101 V\u0101cijas loto ir devi\u0146i da\u017e\u0101di balvu l\u012bme\u0146i ar neticam\u0101m izredz\u0113m un [&hellip;]<\/p>\n","protected":false},"author":1,"featured_media":0,"parent":35840,"menu_order":8,"comment_status":"closed","ping_status":"closed","template":"lotto-german-results.php","meta":{"_et_pb_use_builder":"","_et_pb_old_content":"","_et_gb_content_width":"","exclude_from_search":false,"footnotes":""},"class_list":["post-40888","page","type-page","status-publish","hentry"],"yoast_head":"<!-- This site is optimized with the Yoast SEO plugin v23.3 - https:\/\/yoast.com\/wordpress\/plugins\/seo\/ -->\n<title>V\u0101cu Lotto laim\u012bgie skait\u013ci un izlozes rezult\u0101ti<\/title>\n<meta name=\"description\" content=\"\u0160eit uzskait\u012bti visi pa\u0161reiz\u0113jie un iepriek\u0161\u0113jie V\u0101cijas loto laim\u012bgie skait\u013ci, izlozes rezult\u0101ti.\" \/>\n<meta name=\"robots\" content=\"index, follow, max-snippet:-1, max-image-preview:large, max-video-preview:-1\" \/>\n<link rel=\"canonical\" href=\"https:\/\/jackpotlotteryonline.com\/lv\/laimejusie-skaitli\/german-lotto\/\" \/>\n<meta property=\"og:locale\" content=\"lv_LV\" \/>\n<meta property=\"og:type\" content=\"article\" \/>\n<meta property=\"og:title\" content=\"V\u0101cu Lotto laim\u012bgie skait\u013ci un izlozes rezult\u0101ti\" \/>\n<meta property=\"og:description\" content=\"\u0160eit uzskait\u012bti visi pa\u0161reiz\u0113jie un iepriek\u0161\u0113jie V\u0101cijas loto laim\u012bgie skait\u013ci, izlozes rezult\u0101ti.\" \/>\n<meta property=\"og:url\" content=\"https:\/\/jackpotlotteryonline.com\/lv\/laimejusie-skaitli\/german-lotto\/\" \/>\n<meta property=\"og:site_name\" content=\"Lotto Online - Crack The International Lottery Jackpots\" \/>\n<meta property=\"article:modified_time\" content=\"2022-12-28T18:20:37+00:00\" \/>\n<meta property=\"og:image\" content=\"https:\/\/jackpotlotteryonline.com\/wp-content\/uploads\/2022\/11\/1_play_lotto_to_win-300x214.jpg\" \/>\n<meta name=\"twitter:card\" content=\"summary_large_image\" \/>\n<meta name=\"twitter:label1\" content=\"Est. reading time\" \/>\n\t<meta name=\"twitter:data1\" content=\"4 minutes\" \/>\n<!-- \/ Yoast SEO plugin. -->","yoast_head_json":{"title":"V\u0101cu Lotto laim\u012bgie skait\u013ci un izlozes rezult\u0101ti","description":"\u0160eit uzskait\u012bti visi pa\u0161reiz\u0113jie un iepriek\u0161\u0113jie V\u0101cijas loto laim\u012bgie skait\u013ci, izlozes rezult\u0101ti.","robots":{"index":"index","follow":"follow","max-snippet":"max-snippet:-1","max-image-preview":"max-image-preview:large","max-video-preview":"max-video-preview:-1"},"canonical":"https:\/\/jackpotlotteryonline.com\/lv\/laimejusie-skaitli\/german-lotto\/","og_locale":"lv_LV","og_type":"article","og_title":"V\u0101cu Lotto laim\u012bgie skait\u013ci un izlozes rezult\u0101ti","og_description":"\u0160eit uzskait\u012bti visi pa\u0161reiz\u0113jie un iepriek\u0161\u0113jie V\u0101cijas loto laim\u012bgie skait\u013ci, izlozes rezult\u0101ti.","og_url":"https:\/\/jackpotlotteryonline.com\/lv\/laimejusie-skaitli\/german-lotto\/","og_site_name":"Lotto Online - Crack The International Lottery Jackpots","article_modified_time":"2022-12-28T18:20:37+00:00","og_image":[{"url":"https:\/\/jackpotlotteryonline.com\/wp-content\/uploads\/2022\/11\/1_play_lotto_to_win-300x214.jpg"}],"twitter_card":"summary_large_image","twitter_misc":{"Est. reading time":"4 minutes"},"schema":{"@context":"https:\/\/schema.org","@graph":[{"@type":"WebPage","@id":"https:\/\/jackpotlotteryonline.com\/lv\/laimejusie-skaitli\/german-lotto\/","url":"https:\/\/jackpotlotteryonline.com\/lv\/laimejusie-skaitli\/german-lotto\/","name":"V\u0101cu Lotto laim\u012bgie skait\u013ci un izlozes rezult\u0101ti","isPartOf":{"@id":"https:\/\/jackpotlotteryonline.com\/#website"},"primaryImageOfPage":{"@id":"https:\/\/jackpotlotteryonline.com\/lv\/laimejusie-skaitli\/german-lotto\/#primaryimage"},"image":{"@id":"https:\/\/jackpotlotteryonline.com\/lv\/laimejusie-skaitli\/german-lotto\/#primaryimage"},"thumbnailUrl":"https:\/\/jackpotlotteryonline.com\/wp-content\/uploads\/2022\/11\/1_play_lotto_to_win-300x214.jpg","datePublished":"2022-12-07T08:33:04+00:00","dateModified":"2022-12-28T18:20:37+00:00","description":"\u0160eit uzskait\u012bti visi pa\u0161reiz\u0113jie un iepriek\u0161\u0113jie V\u0101cijas loto laim\u012bgie skait\u013ci, izlozes rezult\u0101ti.","breadcrumb":{"@id":"https:\/\/jackpotlotteryonline.com\/lv\/laimejusie-skaitli\/german-lotto\/#breadcrumb"},"inLanguage":"lv-LV","potentialAction":[{"@type":"ReadAction","target":["https:\/\/jackpotlotteryonline.com\/lv\/laimejusie-skaitli\/german-lotto\/"]}]},{"@type":"ImageObject","inLanguage":"lv-LV","@id":"https:\/\/jackpotlotteryonline.com\/lv\/laimejusie-skaitli\/german-lotto\/#primaryimage","url":"https:\/\/jackpotlotteryonline.com\/wp-content\/uploads\/2022\/11\/1_play_lotto_to_win-300x214.jpg","contentUrl":"https:\/\/jackpotlotteryonline.com\/wp-content\/uploads\/2022\/11\/1_play_lotto_to_win-300x214.jpg"},{"@type":"BreadcrumbList","@id":"https:\/\/jackpotlotteryonline.com\/lv\/laimejusie-skaitli\/german-lotto\/#breadcrumb","itemListElement":[{"@type":"ListItem","position":1,"name":"Home","item":"https:\/\/jackpotlotteryonline.com\/lv\/"},{"@type":"ListItem","position":2,"name":"Loterijas rezult\u0101ti","item":"https:\/\/jackpotlotteryonline.com\/winning-numbers\/"},{"@type":"ListItem","position":3,"name":"V\u0101cijas Lotto izlozes rezult\u0101ti"}]},{"@type":"WebSite","@id":"https:\/\/jackpotlotteryonline.com\/#website","url":"https:\/\/jackpotlotteryonline.com\/","name":"Lotto Online - Crack The International Lottery Jackpots","description":"","potentialAction":[{"@type":"SearchAction","target":{"@type":"EntryPoint","urlTemplate":"https:\/\/jackpotlotteryonline.com\/?s={search_term_string}"},"query-input":"required name=search_term_string"}],"inLanguage":"lv-LV"}]}},"_links":{"self":[{"href":"https:\/\/jackpotlotteryonline.com\/lv\/wp-json\/wp\/v2\/pages\/40888","targetHints":{"allow":["GET"]}}],"collection":[{"href":"https:\/\/jackpotlotteryonline.com\/lv\/wp-json\/wp\/v2\/pages"}],"about":[{"href":"https:\/\/jackpotlotteryonline.com\/lv\/wp-json\/wp\/v2\/types\/page"}],"author":[{"embeddable":true,"href":"https:\/\/jackpotlotteryonline.com\/lv\/wp-json\/wp\/v2\/users\/1"}],"replies":[{"embeddable":true,"href":"https:\/\/jackpotlotteryonline.com\/lv\/wp-json\/wp\/v2\/comments?post=40888"}],"version-history":[{"count":0,"href":"https:\/\/jackpotlotteryonline.com\/lv\/wp-json\/wp\/v2\/pages\/40888\/revisions"}],"up":[{"embeddable":true,"href":"https:\/\/jackpotlotteryonline.com\/lv\/wp-json\/wp\/v2\/pages\/35840"}],"wp:attachment":[{"href":"https:\/\/jackpotlotteryonline.com\/lv\/wp-json\/wp\/v2\/media?parent=40888"}],"curies":[{"name":"wp","href":"https:\/\/api.w.org\/{rel}","templated":true}]}}