{"id":40943,"date":"2022-12-07T10:36:10","date_gmt":"2022-12-07T10:36:10","guid":{"rendered":"https:\/\/jackpotlotteryonline.com\/?page_id=40943"},"modified":"2022-12-28T21:08:36","modified_gmt":"2022-12-28T21:08:36","slug":"france-lotto","status":"publish","type":"page","link":"https:\/\/jackpotlotteryonline.com\/lv\/laimejusie-skaitli\/france-lotto\/","title":{"rendered":"Francija Loto izlozes rezult\u0101ti"},"content":{"rendered":"<p>France Lotto ir Eiropas loto, kas tr\u012bs reizes ned\u0113\u013c\u0101 izloz\u0113 uzvar\u0113t\u0101jus. T\u0101 tika izveidota 1976. gad\u0101, un izlozes dienas ir pirmdienas, tre\u0161dienas un sestdienas. \u0160aj\u0101s dien\u0101s tiek pazi\u0146oti France Lotto laim\u0113ju\u0161ie skait\u013ci. Laim\u0113t\u0101ji no visas pasaules var piedal\u012bties France Lotto, ieg\u0101d\u0101joties bi\u013cetes tie\u0161saist\u0113.<\/p>\n<h2>K\u0101p\u0113c jums vajadz\u0113tu p\u0101rbaud\u012bt laim\u0113ju\u0161os skait\u013cus<\/h2>\n<p>Parasti France Lotto uz\u0146\u0113mums nezina visu to personu identit\u0101ti, kuras atnesa bi\u013cetes. T\u0101p\u0113c vi\u0146iem nav iesp\u0113ju sazin\u0101ties ar loterijas laim\u0113ju\u0161aj\u0101m bi\u013cet\u0113m. T\u0101p\u0113c jums ir past\u0101v\u012bgi j\u0101p\u0101rbauda sava bi\u013cete, sal\u012bdzinot to ar izloz\u0113tajiem skait\u013ciem, lai uzzin\u0101tu, vai esat laim\u0113jis.<\/p>\n<p>Turkl\u0101t France Lotto ir 10 balvu sadal\u012bjumi. Iesp\u0113jams, ka sp\u0113l\u0113t\u0101js nav laim\u0113jis d\u017eekpotu, bet var\u0113ja laim\u0113t citas balvas.<\/p>\n<h2>Veidi, k\u0101 p\u0101rbaud\u012bt France Lotto laimestu rezult\u0101tus<\/h2>\n<p><img loading=\"lazy\" decoding=\"async\" class=\"alignright wp-image-31748\" src=\"https:\/\/jackpotlotteryonline.com\/wp-content\/uploads\/2022\/11\/rf_results_page-300x225.jpg\" alt=\"Francijas Lotto laim\u0113ju\u0161ie rezult\u0101ti\" width=\"244\" height=\"183\" srcset=\"https:\/\/jackpotlotteryonline.com\/wp-content\/uploads\/2022\/11\/rf_results_page-300x225.jpg 300w, https:\/\/jackpotlotteryonline.com\/wp-content\/uploads\/2022\/11\/rf_results_page-600x449.jpg 600w, https:\/\/jackpotlotteryonline.com\/wp-content\/uploads\/2022\/11\/rf_results_page-768x575.jpg 768w, https:\/\/jackpotlotteryonline.com\/wp-content\/uploads\/2022\/11\/rf_results_page.jpg 801w\" sizes=\"auto, (max-width: 244px) 100vw, 244px\" \/>Ir vair\u0101ki veidi, k\u0101 p\u0101rbaud\u012bt Francijas Lotto izlozes rezult\u0101tus. Tas ir svar\u012bgi, lai noskaidrotu laim\u0113ju\u0161o bi\u013ceti d\u017eekpota izlozei. Atcerieties, ka uzvar\u0113t\u0101js ir tas, kur\u0161 atbilst izloz\u0113tajiem skait\u013ciem. Ja p\u0113rkat bi\u013cetes uz France Lotto, izlozes rezult\u0101tus varat p\u0101rbaud\u012bt k\u0101d\u0101 no turpm\u0101k min\u0113tajiem veidiem:<\/p>\n<h3>skat\u012bties izlozes tie\u0161raidi telev\u012bzij\u0101<\/h3>\n<p>Tas ir patie\u0161\u0101m aizraujo\u0161i, jo skait\u013ci tiek izloz\u0113ti, un j\u016bs uzreiz varat uzzin\u0101t, vai esat laim\u0113jis. Probl\u0113ma ir t\u0101, ka, lai skat\u012btos Francijas loto izlozes tie\u0161raid\u0113, jums ir j\u0101dz\u012bvo Francij\u0101.<\/p>\n<section class=\"layout\" style=\"border: solid 1px; width: 100%;\">\n<div class=\"img-div\" style=\"margin-top: 5px;\"><img decoding=\"async\" class=\"wp-image-17212 alignleft\" style=\"height: 45px; margin: 8px 8px 0px;\" src=\"https:\/\/jackpotlotteryonline.com\/wp-content\/uploads\/2022\/11\/read1.jpg\" alt=\"las\u012bt\" width=\"\" height=\"\" \/><\/div>\n<div style=\"padding-left: 5px;\">\n<div style=\"font-size: 1.1em;\">\n<p><strong>Nepalaidiet gar\u0101m pasaules liel\u0101ko loterijas d\u017eekpotu izlozes laikus<\/strong><\/p>\n<p style=\"font-size: 0.85em; margin-top: -1.5em;\">Starptautisko loteriju izlozes laika saraksts\u00a0 <a href=\"https:\/\/jackpotlotteryonline.com\/lv\/kad-ir-starptautisko-loteriju-izlozes-laiki\"> las\u012bt vair\u0101k<\/a><\/p>\n<\/div>\n<\/div>\n<\/section>\n<h3>Apmekl\u0113jiet zi\u0146u vietnes<\/h3>\n<p>V\u0113l viens veids, k\u0101 p\u0101rbaud\u012bt izlozes rezult\u0101tus, ir apmekl\u0113t zi\u0146u vietnes. Da\u017e\u0101das zi\u0146u vietnes sav\u0101s lap\u0101s public\u0113 laimestu kombin\u0101cijas. \u012apa\u0161i tas attiecas uz Eiropas zi\u0146u vietn\u0113m. Ja j\u016bs vinn\u0113siet d\u017eekpotu, \u0161\u012b ir lieliska iesp\u0113ja. Tom\u0113r ir ar\u012b vair\u0101ki citi balvu sadal\u012bjumi, kurus sp\u0113l\u0113t\u0101js var vinn\u0113t. Diem\u017e\u0113l \u0161\u012bs vietnes parasti nepublic\u0113 \u0161o dal\u012bjumu laimestu kombin\u0101cijas. T\u0101p\u0113c, ja j\u016bs, piem\u0113ram, vinn\u0113siet otr\u0101s k\u0101rtas balvu, j\u016bs to varat palaist gar\u0101m.<\/p>\n<h3>P\u0101rbaudiet jackpotlotteryonline.com<\/h3>\n<p>Re\u0123istr\u0113joties pie mums, j\u016bs varat viegli p\u0101rbaud\u012bt laim\u0113ju\u0161os skait\u013cus France Lotto. P\u0113c katras izlozes m\u0113s public\u0113jam rezult\u0101tus tie\u0161i \u0161eit, m\u016bsu lap\u0101. Turkl\u0101t, ja j\u016bs vinn\u0113siet k\u0101du balvu, m\u0113s jums nekav\u0113joties pazi\u0146osim neatkar\u012bgi no laim\u0113t\u0101s balvas da\u013cas. Turkl\u0101t j\u016bs varat ar\u012b iz\u0146emt savu loto laimestu tie\u0161i no m\u016bsu vietnes sav\u0101 kont\u0101.<\/p>\n<h2>Priek\u0161roc\u012bbas, ko sniedz sp\u0113l\u0113\u0161ana tie\u0161saist\u0113<\/h2>\n<p>Iesp\u0113ja \u0113rti p\u0101rbaud\u012bt izlozes rezult\u0101tus ir tikai viena no loterijas <a href=\"https:\/\/jackpotlotteryonline.com\/lv\/ka-spelet\/france-lotto\">sp\u0113l\u0113\u0161anas tie\u0161saist\u0113<\/a> priek\u0161roc\u012bb\u0101m. Ta\u010du mums j\u0101piekr\u012bt, ka tas ir milz\u012bgs ieguvums. L\u016bk, da\u017ei ieguvumi \u012bsum\u0101:<\/p>\n<ul>\n<li>Piek\u013cuve lab\u0101kaj\u0101m starptautiskaj\u0101m loterij\u0101m no jebkuras vietas<\/li>\n<li>\u0113rta sp\u0113l\u0113\u0161ana no datora vai mobil\u0101s ier\u012bces<\/li>\n<li>Viegli iepl\u0101not vair\u0101kus izlozes pieg\u0101jienus iepriek\u0161<\/li>\n<li>\u0112rti p\u0101rbaud\u012bt izlozes rezult\u0101tus<\/li>\n<li>Izmaks\u0101t laimestus tie\u0161i sav\u0101 kont\u0101<\/li>\n<\/ul>\n<h2>France Lotto laimestu kombin\u0101cijas<\/h2>\n<p>Izv\u0113l\u0113ties pareizo kombin\u0101ciju savai Francijas Loto bi\u013cetei var b\u016bt diezgan sare\u017e\u0123\u012bti. Daudziem sp\u0113l\u0113t\u0101jiem ir da\u017e\u0101di padomi, ko vi\u0146i izmanto, lai palielin\u0101tu savas izredzes laim\u0113t loterij\u0101. M\u0113s varam jums pateikt, ka nav garant\u0113tas metodes, k\u0101 laim\u0113t loterij\u0101. Tas ir veiksmes jaut\u0101jums. Tom\u0113r m\u0113s varam dal\u012bties ar da\u017e\u0101m strat\u0113\u0123ij\u0101m, ko sp\u0113l\u0113t\u0101ji izmanto, lai izv\u0113l\u0113tos laimesta skait\u013cus.<\/p>\n<p>Da\u017eiem sp\u0113l\u0113t\u0101jiem pat\u012bk p\u0101rl\u016bkot iepriek\u0161\u0113j\u0101s laimestu kombin\u0101cijas, lai atrastu skait\u013cus, kas atk\u0101rtojas regul\u0101ri vai reti. Vi\u0146i sp\u0113j identific\u0113t z\u012bm\u0113jumu un izmantot to, lai izveidotu loterijas sp\u0113l\u0113\u0161anas strat\u0113\u0123iju. Gr\u016bti pateikt, vai t\u0101 darbojas vai n\u0113.<\/p>\n<p>Citi sp\u0113l\u0113t\u0101ji izv\u0113las sp\u0113l\u0113t bie\u017ei, ieg\u0101d\u0101joties vair\u0101kas bi\u013cetes un piedaloties vair\u0101k\u0101s izloz\u0113s. Lo\u0123ika ir t\u0101da, ka, jo vair\u0101k rei\u017eu j\u016bs sp\u0113l\u0113jat loterij\u0101, jo liel\u0101kas ir j\u016bsu izredzes laim\u0113t. Interesanti, ka liel\u0101k\u0101 da\u013ca uzvar\u0113t\u0101ju pirms laimesta loterij\u0101 sp\u0113l\u0113ja gadiem ilgi. Tom\u0113r ir ar\u012b t\u0101di, kas uzvar\u0113ja jau pirmaj\u0101 sp\u0113l\u0113\u0161anas reiz\u0113.<\/p>\n<h2>Secin\u0101jums<\/h2>\n<p>Nobeigum\u0101 j\u0101secina, ka Francijas lotto ir nejau\u0161\u012bbas sp\u0113le. J\u016bs varat <a href=\"https:\/\/jackpotlotteryonline.com\/lv\/iegadaties-biletes\/lotto-france\">ieg\u0101d\u0101ties Francijas loto bi\u013cetes<\/a> un p\u0101rbaud\u012bt laimestu kombin\u0101cijas tie\u0161i \u0161eit, jackpotlotlotteryonline.com.<\/p>\n","protected":false},"excerpt":{"rendered":"<p>France Lotto ir Eiropas loto, kas tr\u012bs reizes ned\u0113\u013c\u0101 izloz\u0113 uzvar\u0113t\u0101jus. T\u0101 tika izveidota 1976. gad\u0101, un izlozes dienas ir pirmdienas, tre\u0161dienas un sestdienas. \u0160aj\u0101s dien\u0101s tiek pazi\u0146oti France Lotto laim\u0113ju\u0161ie skait\u013ci. Laim\u0113t\u0101ji no visas pasaules var piedal\u012bties France Lotto, ieg\u0101d\u0101joties bi\u013cetes tie\u0161saist\u0113. K\u0101p\u0113c jums vajadz\u0113tu p\u0101rbaud\u012bt laim\u0113ju\u0161os skait\u013cus Parasti France Lotto uz\u0146\u0113mums nezina visu [&hellip;]<\/p>\n","protected":false},"author":1,"featured_media":0,"parent":35840,"menu_order":9,"comment_status":"closed","ping_status":"closed","template":"lotto-fr-results.php","meta":{"_et_pb_use_builder":"","_et_pb_old_content":"","_et_gb_content_width":"","exclude_from_search":false,"footnotes":""},"class_list":["post-40943","page","type-page","status-publish","hentry"],"yoast_head":"<!-- This site is optimized with the Yoast SEO plugin v23.3 - https:\/\/yoast.com\/wordpress\/plugins\/seo\/ -->\n<title>Francijas Lotto laim\u012bgie skait\u013ci un izlozes rezult\u0101ti<\/title>\n<meta name=\"description\" content=\"V\u0113laties uzzin\u0101t Francijas loterijas laim\u012bgos numurus un izlozes rezult\u0101tus? P\u0101rbaudiet m\u016bsu Lotto Francija rezult\u0101tu lapu un m\u016bsu arh\u012bvu\" \/>\n<meta name=\"robots\" content=\"index, follow, max-snippet:-1, max-image-preview:large, max-video-preview:-1\" \/>\n<link rel=\"canonical\" href=\"https:\/\/jackpotlotteryonline.com\/lv\/laimejusie-skaitli\/france-lotto\/\" \/>\n<meta property=\"og:locale\" content=\"lv_LV\" \/>\n<meta property=\"og:type\" content=\"article\" \/>\n<meta property=\"og:title\" content=\"Francijas Lotto laim\u012bgie skait\u013ci un izlozes rezult\u0101ti\" \/>\n<meta property=\"og:description\" content=\"V\u0113laties uzzin\u0101t Francijas loterijas laim\u012bgos numurus un izlozes rezult\u0101tus? P\u0101rbaudiet m\u016bsu Lotto Francija rezult\u0101tu lapu un m\u016bsu arh\u012bvu\" \/>\n<meta property=\"og:url\" content=\"https:\/\/jackpotlotteryonline.com\/lv\/laimejusie-skaitli\/france-lotto\/\" \/>\n<meta property=\"og:site_name\" content=\"Lotto Online - Crack The International Lottery Jackpots\" \/>\n<meta property=\"article:modified_time\" content=\"2022-12-28T21:08:36+00:00\" \/>\n<meta property=\"og:image\" content=\"https:\/\/jackpotlotteryonline.com\/wp-content\/uploads\/2022\/11\/rf_results_page-300x225.jpg\" \/>\n<meta name=\"twitter:card\" content=\"summary_large_image\" \/>\n<meta name=\"twitter:label1\" content=\"Est. reading time\" \/>\n\t<meta name=\"twitter:data1\" content=\"3 minutes\" \/>\n<!-- \/ Yoast SEO plugin. -->","yoast_head_json":{"title":"Francijas Lotto laim\u012bgie skait\u013ci un izlozes rezult\u0101ti","description":"V\u0113laties uzzin\u0101t Francijas loterijas laim\u012bgos numurus un izlozes rezult\u0101tus? P\u0101rbaudiet m\u016bsu Lotto Francija rezult\u0101tu lapu un m\u016bsu arh\u012bvu","robots":{"index":"index","follow":"follow","max-snippet":"max-snippet:-1","max-image-preview":"max-image-preview:large","max-video-preview":"max-video-preview:-1"},"canonical":"https:\/\/jackpotlotteryonline.com\/lv\/laimejusie-skaitli\/france-lotto\/","og_locale":"lv_LV","og_type":"article","og_title":"Francijas Lotto laim\u012bgie skait\u013ci un izlozes rezult\u0101ti","og_description":"V\u0113laties uzzin\u0101t Francijas loterijas laim\u012bgos numurus un izlozes rezult\u0101tus? P\u0101rbaudiet m\u016bsu Lotto Francija rezult\u0101tu lapu un m\u016bsu arh\u012bvu","og_url":"https:\/\/jackpotlotteryonline.com\/lv\/laimejusie-skaitli\/france-lotto\/","og_site_name":"Lotto Online - Crack The International Lottery Jackpots","article_modified_time":"2022-12-28T21:08:36+00:00","og_image":[{"url":"https:\/\/jackpotlotteryonline.com\/wp-content\/uploads\/2022\/11\/rf_results_page-300x225.jpg"}],"twitter_card":"summary_large_image","twitter_misc":{"Est. reading time":"3 minutes"},"schema":{"@context":"https:\/\/schema.org","@graph":[{"@type":"WebPage","@id":"https:\/\/jackpotlotteryonline.com\/lv\/laimejusie-skaitli\/france-lotto\/","url":"https:\/\/jackpotlotteryonline.com\/lv\/laimejusie-skaitli\/france-lotto\/","name":"Francijas Lotto laim\u012bgie skait\u013ci un izlozes rezult\u0101ti","isPartOf":{"@id":"https:\/\/jackpotlotteryonline.com\/#website"},"primaryImageOfPage":{"@id":"https:\/\/jackpotlotteryonline.com\/lv\/laimejusie-skaitli\/france-lotto\/#primaryimage"},"image":{"@id":"https:\/\/jackpotlotteryonline.com\/lv\/laimejusie-skaitli\/france-lotto\/#primaryimage"},"thumbnailUrl":"https:\/\/jackpotlotteryonline.com\/wp-content\/uploads\/2022\/11\/rf_results_page-300x225.jpg","datePublished":"2022-12-07T10:36:10+00:00","dateModified":"2022-12-28T21:08:36+00:00","description":"V\u0113laties uzzin\u0101t Francijas loterijas laim\u012bgos numurus un izlozes rezult\u0101tus? P\u0101rbaudiet m\u016bsu Lotto Francija rezult\u0101tu lapu un m\u016bsu arh\u012bvu","breadcrumb":{"@id":"https:\/\/jackpotlotteryonline.com\/lv\/laimejusie-skaitli\/france-lotto\/#breadcrumb"},"inLanguage":"lv-LV","potentialAction":[{"@type":"ReadAction","target":["https:\/\/jackpotlotteryonline.com\/lv\/laimejusie-skaitli\/france-lotto\/"]}]},{"@type":"ImageObject","inLanguage":"lv-LV","@id":"https:\/\/jackpotlotteryonline.com\/lv\/laimejusie-skaitli\/france-lotto\/#primaryimage","url":"https:\/\/jackpotlotteryonline.com\/wp-content\/uploads\/2022\/11\/rf_results_page-300x225.jpg","contentUrl":"https:\/\/jackpotlotteryonline.com\/wp-content\/uploads\/2022\/11\/rf_results_page-300x225.jpg"},{"@type":"BreadcrumbList","@id":"https:\/\/jackpotlotteryonline.com\/lv\/laimejusie-skaitli\/france-lotto\/#breadcrumb","itemListElement":[{"@type":"ListItem","position":1,"name":"Home","item":"https:\/\/jackpotlotteryonline.com\/lv\/"},{"@type":"ListItem","position":2,"name":"Loterijas rezult\u0101ti","item":"https:\/\/jackpotlotteryonline.com\/winning-numbers\/"},{"@type":"ListItem","position":3,"name":"Francija Loto izlozes rezult\u0101ti"}]},{"@type":"WebSite","@id":"https:\/\/jackpotlotteryonline.com\/#website","url":"https:\/\/jackpotlotteryonline.com\/","name":"Lotto Online - Crack The International Lottery Jackpots","description":"","potentialAction":[{"@type":"SearchAction","target":{"@type":"EntryPoint","urlTemplate":"https:\/\/jackpotlotteryonline.com\/?s={search_term_string}"},"query-input":"required name=search_term_string"}],"inLanguage":"lv-LV"}]}},"_links":{"self":[{"href":"https:\/\/jackpotlotteryonline.com\/lv\/wp-json\/wp\/v2\/pages\/40943","targetHints":{"allow":["GET"]}}],"collection":[{"href":"https:\/\/jackpotlotteryonline.com\/lv\/wp-json\/wp\/v2\/pages"}],"about":[{"href":"https:\/\/jackpotlotteryonline.com\/lv\/wp-json\/wp\/v2\/types\/page"}],"author":[{"embeddable":true,"href":"https:\/\/jackpotlotteryonline.com\/lv\/wp-json\/wp\/v2\/users\/1"}],"replies":[{"embeddable":true,"href":"https:\/\/jackpotlotteryonline.com\/lv\/wp-json\/wp\/v2\/comments?post=40943"}],"version-history":[{"count":0,"href":"https:\/\/jackpotlotteryonline.com\/lv\/wp-json\/wp\/v2\/pages\/40943\/revisions"}],"up":[{"embeddable":true,"href":"https:\/\/jackpotlotteryonline.com\/lv\/wp-json\/wp\/v2\/pages\/35840"}],"wp:attachment":[{"href":"https:\/\/jackpotlotteryonline.com\/lv\/wp-json\/wp\/v2\/media?parent=40943"}],"curies":[{"name":"wp","href":"https:\/\/api.w.org\/{rel}","templated":true}]}}