{"id":40998,"date":"2022-12-07T12:28:16","date_gmt":"2022-12-07T12:28:16","guid":{"rendered":"https:\/\/jackpotlotteryonline.com\/?page_id=40998"},"modified":"2023-01-03T09:20:49","modified_gmt":"2023-01-03T09:20:49","slug":"uk-lottery","status":"publish","type":"page","link":"https:\/\/jackpotlotteryonline.com\/lv\/ka-spelet\/uk-lottery\/","title":{"rendered":"Sp\u0113l\u0113jiet Apvienot\u0101s Karalistes loteriju no jebkuras vietas"},"content":{"rendered":"<p>Apvienot\u0101s Karalistes loterija ir loterijas sp\u0113le, kas tiek sp\u0113l\u0113ta Apvienotaj\u0101 Karalist\u0113. \u0160aj\u0101 valst\u012b tiek izsp\u0113l\u0113tas daudzas loterijas sp\u0113les, tostarp sp\u0113le Set for Life, kas ir m\u016b\u017ea rentes sp\u0113le. Ta\u010du m\u0113s neesam \u0161eit, lai run\u0101tu par Set for Life. \u0160\u012b ir sp\u0113le, ko sp\u0113l\u0113t\u0101ji sp\u0113l\u0113 izklaides nol\u016bk\u0101, un tagad \u0161o sp\u0113li var sp\u0113l\u0113t tie\u0161saist\u0113. Lai gan ir zin\u0101ms, ka ar \u0161o sp\u0113li ik pa laikam tiek izveidoti miljon\u0101ri, vinnesti nav \u012bpa\u0161i d\u0101sni. Galvenok\u0101rt t\u0101p\u0113c, ka izmaksas ir atkar\u012bgas no loterijas fonda.<\/p>\n<p>J\u016bs varat sp\u0113l\u0113t \u0161o un citas popul\u0101r\u0101k\u0101s starptautisk\u0101s loterijas tie\u0161saist\u0113 m\u016bsu vietn\u0113. Vienk\u0101r\u0161i apmekl\u0113jiet jackpotlotlotteryonline.com un re\u0123istr\u0113jieties pie mums, lai ieg\u016btu iesp\u0113ju laim\u0113t lielas summas.<\/p>\n<h2>K\u0101 sp\u0113l\u0113t Apvienot\u0101s Karalistes loteriju<\/h2>\n<p><img loading=\"lazy\" decoding=\"async\" class=\"alignright size-full wp-image-31370\" src=\"https:\/\/jackpotlotteryonline.com\/wp-content\/uploads\/2022\/11\/lotteryticket.jpg\" alt=\"Sp\u0113l\u0113jiet Apvienot\u0101s Karalistes loteriju\" width=\"212\" height=\"142\" \/>\u0160\u012b sp\u0113le ir \u013coti l\u012bdz\u012bga cit\u0101m loteriju sp\u0113l\u0113m. Sp\u0113les noteikumi paredz, ka sp\u0113l\u0113t\u0101jam ir j\u0101izv\u0113las 6 skait\u013ci no 1 l\u012bdz 49 skait\u013ciem. Ir ar\u012b bonusa skaitlis, kas tiek izv\u0113l\u0113ts izlozes laik\u0101. Tas tiek izmantots, lai noteiktu uzvar\u0113t\u0101jus cit\u0101s balvu kategorij\u0101s. Bonusa skaitli izlozes laik\u0101 izv\u0113las nejau\u0161i, un to neizv\u0113las pa\u0161i sp\u0113l\u0113t\u0101ji.<\/p>\n<p>God\u012bgi sakot, m\u0113s neesam Apvienot\u0101s Karalistes loterijas fani zemo vinnestu d\u0113\u013c. Pat ja jums atbilst izloz\u0113tie skait\u013ci, m\u0113s nevaram garant\u0113t, cik daudz j\u016bs sa\u0146emsit m\u0101j\u0101s.<\/p>\n<p>Apmekl\u0113jiet m\u016bsu vietni, lai sp\u0113l\u0113tu citas loteriju sp\u0113les, piem\u0113ram, ASV Powerball un Mega Millions. \u0160aj\u0101s loterij\u0101s minim\u0101lais d\u017eekpots ir 40 miljoni ASV dol\u0101ru. Ir ar\u012b citas Eiropas loterijas, kuras varat sp\u0113l\u0113t, piem\u0113ram, Euromillions un Eurojackpot. M\u016bsu sapnis ir, lai m\u016bsu klienti laim\u0113tu lielas balvas.<\/p>\n<h2>K\u0101 piedal\u012bties Apvienot\u0101s Karalistes loterij\u0101 tie\u0161saist\u0113<\/h2>\n<p>Sp\u0113l\u0113\u0161ana tie\u0161saist\u0113 nedaudz at\u0161\u0137iras no sp\u0113l\u0113\u0161anas pie fiziska p\u0101rdev\u0113ja. \u0160\u012b at\u0161\u0137ir\u012bba nav slikta. Paties\u012bb\u0101 t\u0101 padara loterijas sp\u0113l\u0113\u0161anu \u012bpa\u0161i \u0113rtu. Lai sp\u0113l\u0113tu Apvienot\u0101s Karalistes loterij\u0101 m\u016bsu vietn\u0113, sekojiet \u0161iem nor\u0101d\u012bjumiem.<\/p>\n<ol>\n<li>Apmekl\u0113jiet Apvienot\u0101s Karalistes loterijas lapu<\/li>\n<li>Izv\u0113lieties 6 skait\u013cus no 1 l\u012bdz 49 (ja neesat p\u0101rliecin\u0101ts, k\u0101dus skait\u013cus izmantot, izm\u0113\u0123iniet autom\u0101tisko skait\u013cu \u0123eneratoru).<\/li>\n<li><a href=\"https:\/\/jackpotlotteryonline.com\/lv\/iegadaties-biletes\/uk-lottery\">Ieg\u0101d\u0101jieties papildu skait\u013cu rindas<\/a>, lai ieg\u016btu liel\u0101kas izredzes laim\u0113t.<\/li>\n<li>Piedalieties izloz\u0113s (varat piedal\u012bties vair\u0101k nek\u0101 vien\u0101 izloz\u0113)<\/li>\n<li>Re\u0123istr\u0113jieties un samaks\u0101jiet par saviem ierakstiem.<\/li>\n<\/ol>\n<section class=\"layout\" style=\"border: solid 1px; width: 100%;\">\n<div class=\"img-div\" style=\"margin-top: 5px;\"><img decoding=\"async\" class=\"wp-image-17212 alignleft\" style=\"height: 45px; margin: 8px 8px 0px;\" src=\"https:\/\/jackpotlotteryonline.com\/wp-content\/uploads\/2022\/11\/read1.jpg\" alt=\"las\u012bt\" width=\"\" height=\"\" \/><\/div>\n<div style=\"padding-left: 5px;\">\n<div style=\"font-size: 1.1em;\">\n<p><strong>Loterijas padomi<\/strong><\/p>\n<p style=\"font-size: 0.85em; margin-top: -1.5em;\">Padomi, kas pal\u012bdz uzvar\u0113t loterij\u0101\u00a0 <a href=\"https:\/\/jackpotlotteryonline.com\/lv\/padomi-kas-palidz-uzvaret-loterija\"> las\u012bt vair\u0101k<\/a><\/p>\n<\/div>\n<\/div>\n<\/section>\n<h2>Loterijas izlozes p\u0101rbaude<\/h2>\n<p><a href=\"https:\/\/jackpotlotteryonline.com\/lv\/laimejusie-skaitli\/uk-lottery\">Apvienot\u0101s Karalistes loterijai ir divas izlozes dienas ned\u0113\u013c\u0101<\/a> &#8211; tre\u0161diena un sestdiena. J\u016bs varat piedal\u012bties vair\u0101kos izloz\u0113s, lai palielin\u0101tu savas izredzes laim\u0113t AK loterij\u0101. Turkl\u0101t, izmantojot m\u016bsu abon\u0113\u0161anas pakalpojumu, j\u016bs varat viegli pieteikties izloz\u0113m vair\u0101kas ned\u0113\u013cas iepriek\u0161.<\/p>\n<p>Izlozes laik\u0101 tiek pazi\u0146ota laim\u0113jus\u012b bi\u013cete. Lai vinn\u0113tu d\u017eekpotu, vienk\u0101r\u0161i j\u0101atbilst 6 izloz\u0113tajiem skait\u013ciem. Apvienot\u0101s Karalistes loterijas d\u017eekpota balvas s\u0101kas no 2 miljoniem sterli\u0146u m\u0101rci\u0146u, un, ja p\u0113c izlozes nav uzvar\u0113t\u0101ja, t\u0101s var tikt p\u0101rskait\u012btas. T\u0101 k\u0101 p\u0113c katras izlozes (ja nav uzvar\u0113t\u0101ja) laimests p\u0101rkr\u012bt, tas var sasniegt nedaudz augst\u0101ku summu nek\u0101 2 miljoni m\u0101rci\u0146u.<\/p>\n<p>P\u0113c katras izlozes j\u016bs varat atgriezties m\u016bsu vietn\u0113, lai uzzin\u0101tu, vai esat laim\u0113jis balvu. Apvienot\u0101s Karalistes loterijai ir 6 da\u017e\u0101das balvu kategorijas, un, ja j\u016bs vinn\u0113siet k\u0101du no balv\u0101m, m\u0113s jums nos\u016bt\u012bsim e-pasta v\u0113stuli ar br\u012bdin\u0101jumu.<\/p>\n<h2>Kas ir abon\u0113\u0161anas pakalpojums?<\/h2>\n<p><img loading=\"lazy\" decoding=\"async\" class=\"alignright wp-image-28427\" src=\"https:\/\/jackpotlotteryonline.com\/wp-content\/uploads\/2022\/11\/1_mega_win-300x279.jpg\" alt=\"Uzvar\u0113t Apvienot\u0101s Karalistes loterij\u0101\" width=\"237\" height=\"220\" srcset=\"https:\/\/jackpotlotteryonline.com\/wp-content\/uploads\/2022\/11\/1_mega_win-300x279.jpg 300w, https:\/\/jackpotlotteryonline.com\/wp-content\/uploads\/2022\/11\/1_mega_win.jpg 320w\" sizes=\"auto, (max-width: 237px) 100vw, 237px\" \/>Ja j\u016bs izmantojat t\u0101du vietni k\u0101 m\u016bsu, past\u0101v t\u0101 sauktais abon\u0113\u0161anas pakalpojums, kas \u013cauj sp\u0113l\u0113t\u0101jiem sp\u0113l\u0113t netrauc\u0113ti un bez stresa. Lai gan ir piln\u012bgi norm\u0101li b\u016bt vienreiz\u0113jam sp\u0113l\u0113t\u0101jam (ja j\u016bs to v\u0113laties), liel\u0101k\u0101 da\u013ca sp\u0113l\u0113t\u0101ju sp\u0113l\u0113 bie\u017ei. Lab\u0101kais veids, k\u0101 sp\u0113l\u0113t un uzvar\u0113t Apvienot\u0101s Karalistes loterij\u0101, ir sp\u0113l\u0113t regul\u0101ri, un tie\u0161i tam ir dom\u0101ts \u0161is pakalpojums.<\/p>\n<p>J\u016bs varat iestat\u012bt, lai j\u016bs autom\u0101tiski piedal\u012btos n\u0101kamajos izloz\u0113s. Apvienot\u0101s Karalistes loterijai ir 2 ned\u0113\u013cas izlozes: Tre\u0161dien\u0101s un sestdien\u0101s. B\u016bsim god\u012bgi, tas var k\u013c\u016bt mazliet nogurdino\u0161i, cen\u0161oties atcer\u0113ties sp\u0113l\u0113t un piedal\u012bties katr\u0101 izloz\u0113, bet tie\u0161i t\u0101p\u0113c m\u0113s esam \u0161eit.<\/p>\n<p>P\u0113c abon\u0113\u0161anas pakalpojuma iestat\u012b\u0161anas j\u016bs varat atsl\u0101bin\u0101ties un zin\u0101t, ka jums neb\u016bs j\u0101palaid gar\u0101m neviena Apvienot\u0101s Karalistes loterijas izloze.<\/p>\n<h2>Balvas<\/h2>\n<p>M\u0113s min\u0113j\u0101m, ka \u0161\u012bs loterijas balvas ir atkar\u012bgas no loterijas fonda. T\u0101p\u0113c m\u0113s varam dal\u012bties tikai ar konkr\u0113tas izlozes balv\u0101m. \u0145emiet v\u0113r\u0101, ka, ja ir vair\u0101ki uzvar\u0113t\u0101ji, balva tiks sadal\u012bta starp vi\u0146iem.<\/p>\n<p>1. noda\u013ca: 6. izloze &#8211; \u00a32 000 000 000 (d\u017eekpots)<\/p>\n<p>2. noda\u013ca: 5. ma\u010ds + bonuss &#8211; \u00a3 1 000 000 000<\/p>\n<p>noda\u013ca: 5. ma\u010ds &#8211; \u00a31,750<\/p>\n<p>noda\u013ca: 4. ma\u010ds &#8211; \u00a3140<\/p>\n<p>5. noda\u013ca: 3. ma\u010ds &#8211; \u00a330<\/p>\n<p>6. noda\u013ca: 2. ma\u010ds &#8211; bezmaksas loterijas laim\u012bgais laimests<\/p>\n<p>Saprotiet, ka pat tad, ja J\u016bs vinn\u0113siet \u0161\u012bs balvas, nor\u0101d\u012bt\u0101 summa nav t\u0101, ko J\u016bs sa\u0146emsiet k\u0101 vinnestu. Tas ir t\u0101p\u0113c, ka aptuveni 45% no loterijas l\u012bdzek\u013ciem tiek novirz\u012bti naudas balv\u0101m. T\u0101p\u0113c atkar\u012bb\u0101 no fonda l\u012bdzek\u013ciem t\u0101 var b\u016bt maz\u0101ka vai liel\u0101ka.<\/p>\n<h2>K\u0101 piepras\u012bt savu laimestu<\/h2>\n<p>Ja esat pie mums re\u0123istr\u0113jies, pieteikt savu laimestu ir vienk\u0101r\u0161i un vienk\u0101r\u0161i. Ja j\u016bsu laimests ir 2500 eiro vai maz\u0101ks, j\u016bs varat piek\u013c\u016bt tam tie\u0161i \u0161eit, m\u016bsu vietn\u0113. Tas ir t\u0101p\u0113c, ka loterijas uz\u0146\u0113mums to p\u0101rskait\u012bs tie\u0161i uz m\u016bsu vietni, un p\u0113c tam j\u016bs to var\u0113siet iz\u0146emt sav\u0101 kont\u0101.<\/p>\n<p>Ja laimests ir liel\u0101ks par \u20ac2500, jums b\u016bs j\u0101pieprasa laimests tie\u0161i no loterijas uz\u0146\u0113muma. M\u0113s jums pal\u012bdz\u0113sim to izdar\u012bt, pied\u0101v\u0101jot jums aizpild\u012bt pieteikuma veidlapu, t\u0101p\u0113c par to nav j\u0101uztraucas.<\/p>\n<p><strong>Loterijas uz\u0146\u0113mumam ir da\u017ei noteikumi, kas attiecas uz laimestu piepras\u012b\u0161anu.<\/strong><\/p>\n<ul>\n<li>Lai sp\u0113l\u0113tu loterij\u0101, jums j\u0101b\u016bt 18+<\/li>\n<li>Uz laimestiem ir j\u0101atsaucas 180 dienu laik\u0101 p\u0113c izlozes. Vien\u012bgais iz\u0146\u0113mums ir tad, ja esat uzs\u0101cis proced\u016bru 7 dienu laik\u0101.<\/li>\n<li>T\u016bl\u012bt\u0113jo laimestu sp\u0113les ir j\u0101pieprasa 180 dienu laik\u0101, kad esat ieg\u0101d\u0101jies t\u016bl\u012bt\u0113jo laimestu sp\u0113li.<\/li>\n<li>ar\u012b skre\u010dkar\u0161u sp\u0113les ir j\u0101pieprasa 180 dienu laik\u0101 p\u0113c tam, kad ieg\u0101d\u0101j\u0101ties skre\u010dkarti.<\/li>\n<\/ul>\n<h2>Par m\u016bsu konsjer\u017ea pakalpojumiem<\/h2>\n<p>M\u0113s v\u0113lamies velt\u012bt br\u012bdi, lai paskaidrotu, ko m\u0113s dar\u0101m un k\u0101p\u0113c m\u0113s sniedzam konsjer\u017eu pakalpojumus. Ir vair\u0101kas tie\u0161saistes loteriju vietnes, kas apgalvo, ka dod sp\u0113l\u0113t\u0101jiem ieejas pasaules m\u0113roga loterij\u0101s. Ta\u010du paties\u012bb\u0101 t\u0101s tikai \u013cauj jums der\u0113t par izn\u0101kumu. M\u0113s to nedar\u0101m. M\u0113s dodam sp\u0113l\u0113t\u0101jiem iesp\u0113ju sp\u0113l\u0113t lab\u0101kaj\u0101s starptautiskaj\u0101s loterij\u0101s.<\/p>\n<p>Kad j\u016bs sp\u0113l\u0113jat Apvienot\u0101s Karalistes loteriju m\u016bsu vietn\u0113, notiek tas, kas notiek. Kad b\u016bsiet izv\u0113l\u0113jies numurus un veicis maks\u0101jumu, m\u016bsu a\u0123ents ASV ieg\u0101d\u0101sies fizisku bi\u013ceti, izmantojot j\u016bsu numurus. T\u0101, protams, b\u016bs paredz\u0113ta j\u016bsu izv\u0113l\u0113tajam izlozei. P\u0113c tam \u0161\u012b bi\u013cete tiek sken\u0113ta un aug\u0161upiel\u0101d\u0113ta j\u016bsu kont\u0101.<\/p>\n<p>\u0160is ir piln\u012bgi likum\u012bgs veids, k\u0101 sp\u0113l\u0113t AK loteriju tie\u0161saist\u0113 no jebkuras pasaules vietas. Turkl\u0101t tas nodro\u0161ina, ka j\u016bs patie\u0161\u0101m piedal\u0101ties izv\u0113l\u0113taj\u0101 loterij\u0101. Turkl\u0101t m\u0113s public\u0113jam izlozes rezult\u0101tus tie\u0161i \u0161eit, m\u016bsu vietn\u0113, un inform\u0113jam j\u016bs, ja j\u016bs vinn\u0113jat. M\u0113s esam konsjer\u017ea pakalpojums, jo m\u0113s par\u016bp\u0113jamies par vis\u0101m kaitino\u0161aj\u0101m s\u012bk\u0101m deta\u013c\u0101m, lai j\u016bs var\u0113tu izbaud\u012bt savu loterijas pieredzi.<\/p>\n<h2>Re\u0123istr\u0113jieties pie mums, lai sp\u0113l\u0113tu lab\u0101k\u0101s starptautisk\u0101s loterijas tie\u0161saist\u0113.<\/h2>\n<p>Apvienotaj\u0101 Karalist\u0113 ir daudz loteriju, kuras varat sp\u0113l\u0113t tie\u0161saist\u0113. Ja v\u0113laties izm\u0113\u0123in\u0101t loteriju, varat to dar\u012bt. Bet, ja jums nepiecie\u0161ama pla\u0161\u0101ka izv\u0113le, k\u0101p\u0113c gan neizm\u0113\u0123in\u0101t Set for Life loteriju, kas ir rentes loterija? Vai ar\u012b varat sp\u0113l\u0113t Eurojackpot loteriju un Euromillions. Visas \u0161\u012bs loterijas tie\u0161saist\u0113 atrad\u012bsiet \u0161eit, m\u016bsu vietn\u0113. T\u0101p\u0113c re\u0123istr\u0113jieties tagad, lai ieg\u016btu iesp\u0113ju laim\u0113t lielu laimestu.<\/p>\n","protected":false},"excerpt":{"rendered":"<p>Apvienot\u0101s Karalistes loterija ir loterijas sp\u0113le, kas tiek sp\u0113l\u0113ta Apvienotaj\u0101 Karalist\u0113. \u0160aj\u0101 valst\u012b tiek izsp\u0113l\u0113tas daudzas loterijas sp\u0113les, tostarp sp\u0113le Set for Life, kas ir m\u016b\u017ea rentes sp\u0113le. Ta\u010du m\u0113s neesam \u0161eit, lai run\u0101tu par Set for Life. \u0160\u012b ir sp\u0113le, ko sp\u0113l\u0113t\u0101ji sp\u0113l\u0113 izklaides nol\u016bk\u0101, un tagad \u0161o sp\u0113li var sp\u0113l\u0113t tie\u0161saist\u0113. Lai gan [&hellip;]<\/p>\n","protected":false},"author":1,"featured_media":0,"parent":35705,"menu_order":10,"comment_status":"closed","ping_status":"closed","template":"lotto-uk.php","meta":{"_et_pb_use_builder":"","_et_pb_old_content":"","_et_gb_content_width":"","exclude_from_search":false,"footnotes":""},"class_list":["post-40998","page","type-page","status-publish","hentry"],"yoast_head":"<!-- This site is optimized with the Yoast SEO plugin v23.3 - https:\/\/yoast.com\/wordpress\/plugins\/seo\/ -->\n<title>Sp\u0113l\u0113jiet Apvienot\u0101s Karalistes loteriju tie\u0161saist\u0113, pat ja nedz\u012bvojat Apvienotaj\u0101 Karalist\u0113.<\/title>\n<meta name=\"description\" content=\"V\u0113laties sp\u0113l\u0113t Apvienot\u0101s Karalistes loteriju, bet atrodaties \u0101rpus Apvienot\u0101s Karalistes? Nek\u0101du probl\u0113mu, j\u016bs varat izmantot m\u016bsu tie\u0161saistes pakalpojumu, lai sp\u0113l\u0113tu \u0161o loteriju no jebkuras vietas.\" \/>\n<meta name=\"robots\" content=\"index, follow, max-snippet:-1, max-image-preview:large, max-video-preview:-1\" \/>\n<link rel=\"canonical\" href=\"https:\/\/jackpotlotteryonline.com\/lv\/ka-spelet\/uk-lottery\/\" \/>\n<meta property=\"og:locale\" content=\"lv_LV\" \/>\n<meta property=\"og:type\" content=\"article\" \/>\n<meta property=\"og:title\" content=\"Sp\u0113l\u0113jiet Apvienot\u0101s Karalistes loteriju tie\u0161saist\u0113, pat ja nedz\u012bvojat Apvienotaj\u0101 Karalist\u0113.\" \/>\n<meta property=\"og:description\" content=\"V\u0113laties sp\u0113l\u0113t Apvienot\u0101s Karalistes loteriju, bet atrodaties \u0101rpus Apvienot\u0101s Karalistes? Nek\u0101du probl\u0113mu, j\u016bs varat izmantot m\u016bsu tie\u0161saistes pakalpojumu, lai sp\u0113l\u0113tu \u0161o loteriju no jebkuras vietas.\" \/>\n<meta property=\"og:url\" content=\"https:\/\/jackpotlotteryonline.com\/lv\/ka-spelet\/uk-lottery\/\" \/>\n<meta property=\"og:site_name\" content=\"Lotto Online - Crack The International Lottery Jackpots\" \/>\n<meta property=\"article:modified_time\" content=\"2023-01-03T09:20:49+00:00\" \/>\n<meta property=\"og:image\" content=\"https:\/\/jackpotlotteryonline.com\/wp-content\/uploads\/2022\/11\/lotteryticket.jpg\" \/>\n<meta name=\"twitter:card\" content=\"summary_large_image\" \/>\n<meta name=\"twitter:label1\" content=\"Est. reading time\" \/>\n\t<meta name=\"twitter:data1\" content=\"6 minutes\" \/>\n<!-- \/ Yoast SEO plugin. -->","yoast_head_json":{"title":"Sp\u0113l\u0113jiet Apvienot\u0101s Karalistes loteriju tie\u0161saist\u0113, pat ja nedz\u012bvojat Apvienotaj\u0101 Karalist\u0113.","description":"V\u0113laties sp\u0113l\u0113t Apvienot\u0101s Karalistes loteriju, bet atrodaties \u0101rpus Apvienot\u0101s Karalistes? Nek\u0101du probl\u0113mu, j\u016bs varat izmantot m\u016bsu tie\u0161saistes pakalpojumu, lai sp\u0113l\u0113tu \u0161o loteriju no jebkuras vietas.","robots":{"index":"index","follow":"follow","max-snippet":"max-snippet:-1","max-image-preview":"max-image-preview:large","max-video-preview":"max-video-preview:-1"},"canonical":"https:\/\/jackpotlotteryonline.com\/lv\/ka-spelet\/uk-lottery\/","og_locale":"lv_LV","og_type":"article","og_title":"Sp\u0113l\u0113jiet Apvienot\u0101s Karalistes loteriju tie\u0161saist\u0113, pat ja nedz\u012bvojat Apvienotaj\u0101 Karalist\u0113.","og_description":"V\u0113laties sp\u0113l\u0113t Apvienot\u0101s Karalistes loteriju, bet atrodaties \u0101rpus Apvienot\u0101s Karalistes? Nek\u0101du probl\u0113mu, j\u016bs varat izmantot m\u016bsu tie\u0161saistes pakalpojumu, lai sp\u0113l\u0113tu \u0161o loteriju no jebkuras vietas.","og_url":"https:\/\/jackpotlotteryonline.com\/lv\/ka-spelet\/uk-lottery\/","og_site_name":"Lotto Online - Crack The International Lottery Jackpots","article_modified_time":"2023-01-03T09:20:49+00:00","og_image":[{"url":"https:\/\/jackpotlotteryonline.com\/wp-content\/uploads\/2022\/11\/lotteryticket.jpg"}],"twitter_card":"summary_large_image","twitter_misc":{"Est. reading time":"6 minutes"},"schema":{"@context":"https:\/\/schema.org","@graph":[{"@type":"WebPage","@id":"https:\/\/jackpotlotteryonline.com\/lv\/ka-spelet\/uk-lottery\/","url":"https:\/\/jackpotlotteryonline.com\/lv\/ka-spelet\/uk-lottery\/","name":"Sp\u0113l\u0113jiet Apvienot\u0101s Karalistes loteriju tie\u0161saist\u0113, pat ja nedz\u012bvojat Apvienotaj\u0101 Karalist\u0113.","isPartOf":{"@id":"https:\/\/jackpotlotteryonline.com\/#website"},"primaryImageOfPage":{"@id":"https:\/\/jackpotlotteryonline.com\/lv\/ka-spelet\/uk-lottery\/#primaryimage"},"image":{"@id":"https:\/\/jackpotlotteryonline.com\/lv\/ka-spelet\/uk-lottery\/#primaryimage"},"thumbnailUrl":"https:\/\/jackpotlotteryonline.com\/wp-content\/uploads\/2022\/11\/lotteryticket.jpg","datePublished":"2022-12-07T12:28:16+00:00","dateModified":"2023-01-03T09:20:49+00:00","description":"V\u0113laties sp\u0113l\u0113t Apvienot\u0101s Karalistes loteriju, bet atrodaties \u0101rpus Apvienot\u0101s Karalistes? Nek\u0101du probl\u0113mu, j\u016bs varat izmantot m\u016bsu tie\u0161saistes pakalpojumu, lai sp\u0113l\u0113tu \u0161o loteriju no jebkuras vietas.","breadcrumb":{"@id":"https:\/\/jackpotlotteryonline.com\/lv\/ka-spelet\/uk-lottery\/#breadcrumb"},"inLanguage":"lv-LV","potentialAction":[{"@type":"ReadAction","target":["https:\/\/jackpotlotteryonline.com\/lv\/ka-spelet\/uk-lottery\/"]}]},{"@type":"ImageObject","inLanguage":"lv-LV","@id":"https:\/\/jackpotlotteryonline.com\/lv\/ka-spelet\/uk-lottery\/#primaryimage","url":"https:\/\/jackpotlotteryonline.com\/wp-content\/uploads\/2022\/11\/lotteryticket.jpg","contentUrl":"https:\/\/jackpotlotteryonline.com\/wp-content\/uploads\/2022\/11\/lotteryticket.jpg"},{"@type":"BreadcrumbList","@id":"https:\/\/jackpotlotteryonline.com\/lv\/ka-spelet\/uk-lottery\/#breadcrumb","itemListElement":[{"@type":"ListItem","position":1,"name":"Home","item":"https:\/\/jackpotlotteryonline.com\/lv\/"},{"@type":"ListItem","position":2,"name":"K\u0101 sp\u0113l\u0113t","item":"https:\/\/jackpotlotteryonline.com\/play-online\/"},{"@type":"ListItem","position":3,"name":"Sp\u0113l\u0113jiet Apvienot\u0101s Karalistes loteriju no jebkuras vietas"}]},{"@type":"WebSite","@id":"https:\/\/jackpotlotteryonline.com\/#website","url":"https:\/\/jackpotlotteryonline.com\/","name":"Lotto Online - Crack The International Lottery Jackpots","description":"","potentialAction":[{"@type":"SearchAction","target":{"@type":"EntryPoint","urlTemplate":"https:\/\/jackpotlotteryonline.com\/?s={search_term_string}"},"query-input":"required name=search_term_string"}],"inLanguage":"lv-LV"}]}},"_links":{"self":[{"href":"https:\/\/jackpotlotteryonline.com\/lv\/wp-json\/wp\/v2\/pages\/40998","targetHints":{"allow":["GET"]}}],"collection":[{"href":"https:\/\/jackpotlotteryonline.com\/lv\/wp-json\/wp\/v2\/pages"}],"about":[{"href":"https:\/\/jackpotlotteryonline.com\/lv\/wp-json\/wp\/v2\/types\/page"}],"author":[{"embeddable":true,"href":"https:\/\/jackpotlotteryonline.com\/lv\/wp-json\/wp\/v2\/users\/1"}],"replies":[{"embeddable":true,"href":"https:\/\/jackpotlotteryonline.com\/lv\/wp-json\/wp\/v2\/comments?post=40998"}],"version-history":[{"count":0,"href":"https:\/\/jackpotlotteryonline.com\/lv\/wp-json\/wp\/v2\/pages\/40998\/revisions"}],"up":[{"embeddable":true,"href":"https:\/\/jackpotlotteryonline.com\/lv\/wp-json\/wp\/v2\/pages\/35705"}],"wp:attachment":[{"href":"https:\/\/jackpotlotteryonline.com\/lv\/wp-json\/wp\/v2\/media?parent=40998"}],"curies":[{"name":"wp","href":"https:\/\/api.w.org\/{rel}","templated":true}]}}