{"id":41051,"date":"2022-12-08T07:14:49","date_gmt":"2022-12-08T07:14:49","guid":{"rendered":"https:\/\/jackpotlotteryonline.com\/?page_id=41051"},"modified":"2022-12-31T14:05:38","modified_gmt":"2022-12-31T14:05:38","slug":"thunderball","status":"publish","type":"page","link":"https:\/\/jackpotlotteryonline.com\/lv\/ka-spelet\/thunderball\/","title":{"rendered":"Thunderball tie\u0161saist\u0113 &#8211; sp\u0113l\u0113t \u0161o Apvienot\u0101s Karalistes loteriju no jebkuras vietas"},"content":{"rendered":"<p>Lielbrit\u0101nijas Thunderball past\u0101v jau ilgu laiku. T\u0101 nav tik sena k\u0101 da\u017eas citas Eiropas loterijas (piem\u0113ram, La Primitiva), jo t\u0101s pirm\u0101 izloze notika 1999. gad\u0101. Tom\u0113r \u0161aj\u0101 laik\u0101 Thunderball main\u012bja un turpina main\u012bt daudzu cilv\u0113ku dz\u012bves. D\u017eekpota balva &#8211; pieci simti t\u016bksto\u0161i m\u0101rci\u0146u &#8211; ne\u0161\u0137iet liela, ta\u010du t\u0101 ir summa, kas maina dz\u012bvi. Un Apvienot\u0101s Karalistes sp\u0113l\u0113t\u0101ji tam piekr\u012bt, jo vair\u0101ki sp\u0113l\u0113t\u0101ji p\u0113rk bi\u013cetes uz Thunderball izloz\u0113m.<\/p>\n<p>Ja esat sp\u0113l\u0113t\u0101js \u0101rpus Apvienot\u0101s Karalistes, Thunderball varat sp\u0113l\u0113t ar\u012b tie\u0161saist\u0113. J\u016bs varat <a href=\"https:\/\/jackpotlotteryonline.com\/lv\/iegadaties-biletes\/thunderball\">ieg\u0101d\u0101ties bi\u013cetes<\/a>, p\u0101rbaud\u012bt<a href=\"https:\/\/jackpotlotteryonline.com\/lv\/laimejusie-skaitli\/thunderball\"> izlozes rezult\u0101tus<\/a> un iz\u0146emt laimestus, izmantojot datoru vai mobilo ier\u012bci. Turpiniet las\u012bt, lai uzzin\u0101tu, k\u0101 sp\u0113l\u0113t Thunderball tie\u0161saist\u0113.<\/p>\n<h2>Thunderball uzvar\u0113t\u0101ji<\/h2>\n<p><img loading=\"lazy\" decoding=\"async\" class=\"alignright size-full wp-image-31370\" src=\"https:\/\/jackpotlotteryonline.com\/wp-content\/uploads\/2022\/11\/lotteryticket.jpg\" alt=\"Sp\u0113l\u0113jiet Thunderball tie\u0161saist\u0113.\" width=\"212\" height=\"142\" \/>Ja ir k\u0101da loterija, kur\u0101 p\u0113d\u0113jo gadu desmitu laik\u0101 ir izloz\u0113ti vair\u0101ki uzvar\u0113t\u0101ji, tad t\u0101 ir Thunderball. \u0160\u012b Apvienot\u0101s Karalistes loterija ir iemantojusi reput\u0101ciju, jo t\u0101 ir izc\u012bn\u012bjusi daudz laim\u0113t\u0101ju. Ir zin\u0101ms st\u0101sts par Knowles \u0123imeni, kas gadiem ilgi sp\u0113l\u0113ja loteriju un turpin\u0101ja to pat p\u0113c m\u0101tes n\u0101ves. Vi\u0146iem \u0161is laimests bija \u012bpa\u0161s.<\/p>\n<p>K\u0101rena un Deivids Aingeri ir p\u0101ris, kas laim\u0113ja Thunderball d\u017eekpotu, kur\u0161 izmain\u012bja vi\u0146u dz\u012bvi. Vi\u0146i teica, ka laimests bija \u013coti gaid\u012bts, jo to var\u0113tu izmantot pensijas vecumdien\u0101m. V\u0113l viens p\u0101ris, kas laim\u0113ja Thunderball, bija Alfs un Rita Boorman. Vi\u0146u laimests bija diezgan interesants, jo 30 gadus pirms tam bija laim\u0113jis ar\u012b Alfas t\u0113vs. Runa ir par paaud\u017eu paaudzes uzvaru.<\/p>\n<h2>K\u0101 sp\u0113l\u0113t Thunderball tie\u0161saist\u0113<\/h2>\n<p>Sp\u0113l\u0113t Thunderball ir jautri, un, ja esat pieredz\u0113jis sp\u0113lmanis, iesp\u0113jams, ka jau zin\u0101t, ko dar\u012bt. Sp\u0113l\u0113t\u0101jiem ir j\u0101izv\u0113las 5 skait\u013ci no 1 l\u012bdz 39, k\u0101 ar\u012b \u012bpa\u0161s skaitlis no 1 l\u012bdz 14. \u0160o \u012bpa\u0161o skaitli sauc par &#8220;Thunderball&#8221;.<\/p>\n<p>Ja j\u016bs sp\u0113l\u0113jat Thunderball tie\u0161saist\u0113, varat izmantot numuru \u0123eneratoru, lai izv\u0113l\u0113tos nejau\u0161us skait\u013cus. Tiem, kuri ir pieradu\u0161i pie fizisk\u0101m bi\u013cet\u0113m, tas ir k\u0101 &#8220;laim\u012bg\u0101 ripa&#8221;. J\u016bs varat izv\u0113l\u0113ties vair\u0101kas l\u012bnijas un vair\u0101kas bi\u013cetes, lai palielin\u0101tu savas izredzes laim\u0113t &#8220;Thunderball&#8221;. N\u0101kamais solis ir piedal\u012bties izloz\u0113, un tas ir lab\u0101kais.<\/p>\n<p>Katru ned\u0113\u013cu Thunderball notiek \u010detras izlozes. Tas noz\u012bm\u0113, ka ar Thunderball jums ir \u010detras reizes liel\u0101ka iesp\u0113ja laim\u0113t d\u017eekpotu. J\u016bs varat piedal\u012bties vien\u0101 izloz\u0113, ta\u010du, iesp\u0113jams, lab\u0101k ir piedal\u012bties vair\u0101k\u0101s izloz\u0113s, lai jums b\u016btu daudz liel\u0101kas izredzes laim\u0113t. Kad sp\u0113l\u0113jat pie mums, m\u0113s jums l\u016bgsim re\u0123istr\u0113ties. Tas ir t\u0101d\u0113\u013c, lai m\u0113s var\u0113tu j\u016bs br\u012bdin\u0101t, kad vinn\u0113siet balvu.<\/p>\n<section class=\"layout\" style=\"border: solid 1px; width: 100%;\">\n<div class=\"img-div\" style=\"margin-top: 5px;\"><img decoding=\"async\" class=\"wp-image-17212 alignleft\" style=\"height: 45px; margin: 8px 8px 0px;\" src=\"https:\/\/jackpotlotteryonline.com\/wp-content\/uploads\/2022\/11\/read1.jpg\" alt=\"Las\u012bt \" width=\"\" height=\"\" \/><\/div>\n<div style=\"padding-left: 5px;\">\n<div style=\"font-size: 1.1em;\">\n<p><strong>Vai ir likum\u012bgi tie\u0161saist\u0113 sp\u0113l\u0113t loterijas no cit\u0101m valst\u012bm?<\/strong><\/p>\n<p style=\"font-size: 0.85em; margin-top: -1.5em;\">Vai ir likum\u012bgi ieg\u0101d\u0101ties loterijas bi\u013ceti tie\u0161saist\u0113 un vai es tie\u0161\u0101m sa\u0146em\u0161u naudu?\u00a0<a href=\"https:\/\/jackpotlotteryonline.com\/lv\/vai-ir-likumigi-spelet-loterijas-no-citam-valstim-tiessaiste\"> las\u012bt vair\u0101k<\/a><\/p>\n<\/div>\n<\/div>\n<\/section>\n<h2>Ko dar\u012bt, kad esat vinn\u0113jis<\/h2>\n<p>Ja j\u016bs vinn\u0113siet balvu, m\u0113s jums nos\u016bt\u012bsim e-pastu, lai j\u016bs par to inform\u0113tu. Ar\u012b m\u016bsu platform\u0101 tiks par\u0101d\u012bts br\u012bdin\u0101jums, lai j\u016bs var\u0113tu sa\u0146emt pazi\u0146ojumu n\u0101kamaj\u0101 pieteik\u0161an\u0101s reiz\u0113. Ta\u010du tas attiecas ar\u012b uz cit\u0101m iesp\u0113j\u0101m.<\/p>\n<p>Ja J\u016bsu laimestu summa ir maz\u0101ka par 2500 eiro, J\u016bs varat to vienk\u0101r\u0161i iz\u0146emt no m\u016bsu platformas. Nav nepiecie\u0161ams nek\u0101ds protokols vai liekas proced\u016bras &#8211; vienk\u0101r\u0161i iz\u0146emiet savu naudu. Ja summa ir liel\u0101ka par \u20ac2500, jums, iesp\u0113jams, b\u016bs j\u0101aizpilda pieteikuma veidlapa, lai piepras\u012btu to no loterijas uz\u0146\u0113muma. Bet neuztraucieties, m\u0113s pal\u012bdz\u0113sim ar\u012b \u0161aj\u0101 jaut\u0101jum\u0101.<\/p>\n<h2>Balvas, ko varat laim\u0113t<\/h2>\n<p>Ko tie\u0161i j\u016bs varat laim\u0113t, sp\u0113l\u0113jot Thunderball loterij\u0101? \u0160aj\u0101 Apvienot\u0101s Karalistes Thunderball loterij\u0101 ir vair\u0101kas balvu kategorijas, un ir pat balva tikai par to, ka atbilst Thunderball. T\u0101tad izredzes kaut ko laim\u0113t ir diezgan lielas. \u0160eit ir Apvienot\u0101s Karalistes Thunderball balvu kategoriju sadal\u012bjums, k\u0101 ar\u012b izredzes laim\u0113t.<\/p>\n<p>1. kategorija: Match 5 + Thunderball &#8211; 1 pret 8 060 598 &#8211; 500 000 \u00a3.<\/p>\n<p>2. kategorija: tikai Match 5 &#8211; 1 pret 620 046 &#8211; \u00a35000.<\/p>\n<p>3. kategorija: Match 4 + Thunderball &#8211; 1 pret 47 416 &#8211; 250 \u00a3.<\/p>\n<p>kategorija: Tikai 4. ma\u010ds &#8211; 1 no 3 648 &#8211; 100 sterli\u0146u m\u0101rci\u0146as.<\/p>\n<p>kategorija: &#8220;Match 3 + Thunderball&#8221; &#8211; 1 no 1437 &#8211; 20 \u00a3.<\/p>\n<p>kategorija: Tikai 3. sp\u0113les &#8211; 1 no 111 &#8211; \u00a310<\/p>\n<p>7. kategorija: Match 2 + Thunderball &#8211; 1 no 135 &#8211; \u00a310.<\/p>\n<p>8. kategorija: Match 1 + Thunderball &#8211; 1 pret 35 &#8211; \u00a35<\/p>\n<p>kategorija: Match Thunderball &#8211; 1 pret 29 &#8211; \u00a33<\/p>\n<p>Thunderball sp\u0113l\u0113 ikvienam ir kas piem\u0113rots, un nav svar\u012bgi, vai dz\u012bvojat Apvienotaj\u0101 Karalist\u0113 vai \u0101rpus t\u0101s. Tagad j\u016bs varat sp\u0113l\u0113t \u0161o Apvienot\u0101s Karalistes loteriju, lai g\u016btu iesp\u0113ju laim\u0113t, un, sp\u0113l\u0113jot ar mums, j\u016bs varat viegli iz\u0146emt savu laimestu.<\/p>\n<h2>Konsjer\u017es vietnes priek\u0161roc\u012bbas<\/h2>\n<p><img loading=\"lazy\" decoding=\"async\" class=\"alignright size-full wp-image-28940\" src=\"https:\/\/jackpotlotteryonline.com\/wp-content\/uploads\/2022\/11\/1_pick_winning_numbers_lottery.jpg\" alt=\"Ieg\u0101d\u0101jieties savu Thunderball loterijas bi\u013ceti\" width=\"300\" height=\"200\" \/>P\u0101rsteidzo\u0161\u0101 ieejas vietnes priek\u0161roc\u012bba ir t\u0101, ka jums nekad nav j\u0101dom\u0101, vai j\u016bs patie\u0161\u0101m esat piedal\u012bjies loterij\u0101. T\u0101 ir re\u0101la probl\u0113ma, jo daudzas vietnes saviem klientiem paties\u012bb\u0101 nenodro\u0161ina piek\u013cuvi loterijai. T\u0101s tikai \u013cauj lietot\u0101jiem veikt likmes par loterijas izn\u0101kumu, kas neb\u016bt nav tas pats.<\/p>\n<p>Ar jackpotlotlotteryonline.com m\u0113s sniedzam saviem lietot\u0101jiem piek\u013cuvi lab\u0101kaj\u0101m starptautiskaj\u0101m loterij\u0101m vis\u0101 pasaul\u0113. Tas ir t\u0101p\u0113c, ka m\u0113s p\u0101rvald\u0101m vietni, kur\u0101 mums ir a\u0123enti da\u017e\u0101d\u0101s pasaules da\u013c\u0101s. Kad j\u016bs p\u0113rkat loterijas bi\u013cetes no mums, m\u016bsu a\u0123ents attiec\u012bgaj\u0101 valst\u012b ieg\u0101d\u0101jas fizisku bi\u013ceti ar atbilsto\u0161iem numuriem. P\u0113c tam bi\u013cete tiek sken\u0113ta un nos\u016bt\u012bta jums.<\/p>\n<p>P\u0113rkot Thunderball loterijas bi\u013ceti no mums, j\u016bs esat p\u0101rliecin\u0101ts, ka, ja jums atbilst izloz\u0113tie skait\u013ci, j\u016bs vinn\u0113siet loterij\u0101. Tas ir tik vienk\u0101r\u0161i, ta\u010du tas ir vien\u012bgais, kas m\u016bsu klientiem sniedz mieru sp\u0113l\u0113t loteriju tie\u0161saist\u0113.<\/p>\n<h2>Sp\u0113l\u0113jiet AK Thunderball tie\u0161saist\u0113<\/h2>\n<p>Ja esat v\u0113l\u0113jies sp\u0113l\u0113t Thunderball loteriju un dz\u012bvojat \u0101rpus Apvienot\u0101s Karalistes, jums paveicies. Apmekl\u0113jot vietni jackpotlotteryonline.com, jums ir piek\u013cuve lab\u0101kaj\u0101m starptautiskaj\u0101m loterij\u0101m, tostarp Thunderball. M\u0113s esam vietne, kas pied\u0101v\u0101 pakalpojumus, t\u0101p\u0113c, sp\u0113l\u0113jot ar mums, j\u016bs sa\u0146emat \u012bstu pied\u0101v\u0101jumu.<\/p>\n<p>Ir pien\u0101cis laiks izm\u0113\u0123in\u0101t iesp\u0113ju vinn\u0113t balvu, kas izmain\u012bs j\u016bsu dz\u012bvi, ar Thunderball. Sp\u0113l\u0113jiet Thunderball tie\u0161saist\u0113 jau \u0161odien, lai g\u016btu iesp\u0113ju laim\u0113t loterij\u0101.<\/p>\n","protected":false},"excerpt":{"rendered":"<p>Lielbrit\u0101nijas Thunderball past\u0101v jau ilgu laiku. T\u0101 nav tik sena k\u0101 da\u017eas citas Eiropas loterijas (piem\u0113ram, La Primitiva), jo t\u0101s pirm\u0101 izloze notika 1999. gad\u0101. Tom\u0113r \u0161aj\u0101 laik\u0101 Thunderball main\u012bja un turpina main\u012bt daudzu cilv\u0113ku dz\u012bves. D\u017eekpota balva &#8211; pieci simti t\u016bksto\u0161i m\u0101rci\u0146u &#8211; ne\u0161\u0137iet liela, ta\u010du t\u0101 ir summa, kas maina dz\u012bvi. Un Apvienot\u0101s [&hellip;]<\/p>\n","protected":false},"author":1,"featured_media":0,"parent":35705,"menu_order":12,"comment_status":"closed","ping_status":"closed","template":"thunderball.php","meta":{"_et_pb_use_builder":"","_et_pb_old_content":"","_et_gb_content_width":"","exclude_from_search":false,"footnotes":""},"class_list":["post-41051","page","type-page","status-publish","hentry"],"yoast_head":"<!-- This site is optimized with the Yoast SEO plugin v23.3 - https:\/\/yoast.com\/wordpress\/plugins\/seo\/ -->\n<title>Sp\u0113l\u0113jiet Apvienot\u0101s Karalistes loteriju Thunderball tie\u0161saist\u0113, pat atrodoties \u0101rpus Apvienot\u0101s Karalistes.<\/title>\n<meta name=\"description\" content=\"Loterijas fani \u0101rpus Apvienot\u0101s Karalistes tagad var sp\u0113l\u0113t Thunderball tie\u0161saist\u0113 - sa\u0146emiet bi\u013cetes tie\u0161saist\u0113, izmantojot m\u016bsu zi\u0146ojumapmai\u0146as pakalpojumu.\" \/>\n<meta name=\"robots\" content=\"index, follow, max-snippet:-1, max-image-preview:large, max-video-preview:-1\" \/>\n<link rel=\"canonical\" href=\"https:\/\/jackpotlotteryonline.com\/lv\/ka-spelet\/thunderball\/\" \/>\n<meta property=\"og:locale\" content=\"lv_LV\" \/>\n<meta property=\"og:type\" content=\"article\" \/>\n<meta property=\"og:title\" content=\"Sp\u0113l\u0113jiet Apvienot\u0101s Karalistes loteriju Thunderball tie\u0161saist\u0113, pat atrodoties \u0101rpus Apvienot\u0101s Karalistes.\" \/>\n<meta property=\"og:description\" content=\"Loterijas fani \u0101rpus Apvienot\u0101s Karalistes tagad var sp\u0113l\u0113t Thunderball tie\u0161saist\u0113 - sa\u0146emiet bi\u013cetes tie\u0161saist\u0113, izmantojot m\u016bsu zi\u0146ojumapmai\u0146as pakalpojumu.\" \/>\n<meta property=\"og:url\" content=\"https:\/\/jackpotlotteryonline.com\/lv\/ka-spelet\/thunderball\/\" \/>\n<meta property=\"og:site_name\" content=\"Lotto Online - Crack The International Lottery Jackpots\" \/>\n<meta property=\"article:modified_time\" content=\"2022-12-31T14:05:38+00:00\" \/>\n<meta property=\"og:image\" content=\"https:\/\/jackpotlotteryonline.com\/wp-content\/uploads\/2022\/11\/lotteryticket.jpg\" \/>\n<meta name=\"twitter:card\" content=\"summary_large_image\" \/>\n<meta name=\"twitter:label1\" content=\"Est. reading time\" \/>\n\t<meta name=\"twitter:data1\" content=\"5 minutes\" \/>\n<!-- \/ Yoast SEO plugin. -->","yoast_head_json":{"title":"Sp\u0113l\u0113jiet Apvienot\u0101s Karalistes loteriju Thunderball tie\u0161saist\u0113, pat atrodoties \u0101rpus Apvienot\u0101s Karalistes.","description":"Loterijas fani \u0101rpus Apvienot\u0101s Karalistes tagad var sp\u0113l\u0113t Thunderball tie\u0161saist\u0113 - sa\u0146emiet bi\u013cetes tie\u0161saist\u0113, izmantojot m\u016bsu zi\u0146ojumapmai\u0146as pakalpojumu.","robots":{"index":"index","follow":"follow","max-snippet":"max-snippet:-1","max-image-preview":"max-image-preview:large","max-video-preview":"max-video-preview:-1"},"canonical":"https:\/\/jackpotlotteryonline.com\/lv\/ka-spelet\/thunderball\/","og_locale":"lv_LV","og_type":"article","og_title":"Sp\u0113l\u0113jiet Apvienot\u0101s Karalistes loteriju Thunderball tie\u0161saist\u0113, pat atrodoties \u0101rpus Apvienot\u0101s Karalistes.","og_description":"Loterijas fani \u0101rpus Apvienot\u0101s Karalistes tagad var sp\u0113l\u0113t Thunderball tie\u0161saist\u0113 - sa\u0146emiet bi\u013cetes tie\u0161saist\u0113, izmantojot m\u016bsu zi\u0146ojumapmai\u0146as pakalpojumu.","og_url":"https:\/\/jackpotlotteryonline.com\/lv\/ka-spelet\/thunderball\/","og_site_name":"Lotto Online - Crack The International Lottery Jackpots","article_modified_time":"2022-12-31T14:05:38+00:00","og_image":[{"url":"https:\/\/jackpotlotteryonline.com\/wp-content\/uploads\/2022\/11\/lotteryticket.jpg"}],"twitter_card":"summary_large_image","twitter_misc":{"Est. reading time":"5 minutes"},"schema":{"@context":"https:\/\/schema.org","@graph":[{"@type":"WebPage","@id":"https:\/\/jackpotlotteryonline.com\/lv\/ka-spelet\/thunderball\/","url":"https:\/\/jackpotlotteryonline.com\/lv\/ka-spelet\/thunderball\/","name":"Sp\u0113l\u0113jiet Apvienot\u0101s Karalistes loteriju Thunderball tie\u0161saist\u0113, pat atrodoties \u0101rpus Apvienot\u0101s Karalistes.","isPartOf":{"@id":"https:\/\/jackpotlotteryonline.com\/#website"},"primaryImageOfPage":{"@id":"https:\/\/jackpotlotteryonline.com\/lv\/ka-spelet\/thunderball\/#primaryimage"},"image":{"@id":"https:\/\/jackpotlotteryonline.com\/lv\/ka-spelet\/thunderball\/#primaryimage"},"thumbnailUrl":"https:\/\/jackpotlotteryonline.com\/wp-content\/uploads\/2022\/11\/lotteryticket.jpg","datePublished":"2022-12-08T07:14:49+00:00","dateModified":"2022-12-31T14:05:38+00:00","description":"Loterijas fani \u0101rpus Apvienot\u0101s Karalistes tagad var sp\u0113l\u0113t Thunderball tie\u0161saist\u0113 - sa\u0146emiet bi\u013cetes tie\u0161saist\u0113, izmantojot m\u016bsu zi\u0146ojumapmai\u0146as pakalpojumu.","breadcrumb":{"@id":"https:\/\/jackpotlotteryonline.com\/lv\/ka-spelet\/thunderball\/#breadcrumb"},"inLanguage":"lv-LV","potentialAction":[{"@type":"ReadAction","target":["https:\/\/jackpotlotteryonline.com\/lv\/ka-spelet\/thunderball\/"]}]},{"@type":"ImageObject","inLanguage":"lv-LV","@id":"https:\/\/jackpotlotteryonline.com\/lv\/ka-spelet\/thunderball\/#primaryimage","url":"https:\/\/jackpotlotteryonline.com\/wp-content\/uploads\/2022\/11\/lotteryticket.jpg","contentUrl":"https:\/\/jackpotlotteryonline.com\/wp-content\/uploads\/2022\/11\/lotteryticket.jpg"},{"@type":"BreadcrumbList","@id":"https:\/\/jackpotlotteryonline.com\/lv\/ka-spelet\/thunderball\/#breadcrumb","itemListElement":[{"@type":"ListItem","position":1,"name":"Home","item":"https:\/\/jackpotlotteryonline.com\/lv\/"},{"@type":"ListItem","position":2,"name":"K\u0101 sp\u0113l\u0113t","item":"https:\/\/jackpotlotteryonline.com\/play-online\/"},{"@type":"ListItem","position":3,"name":"Thunderball tie\u0161saist\u0113 &#8211; sp\u0113l\u0113t \u0161o Apvienot\u0101s Karalistes loteriju no jebkuras vietas"}]},{"@type":"WebSite","@id":"https:\/\/jackpotlotteryonline.com\/#website","url":"https:\/\/jackpotlotteryonline.com\/","name":"Lotto Online - Crack The International Lottery Jackpots","description":"","potentialAction":[{"@type":"SearchAction","target":{"@type":"EntryPoint","urlTemplate":"https:\/\/jackpotlotteryonline.com\/?s={search_term_string}"},"query-input":"required name=search_term_string"}],"inLanguage":"lv-LV"}]}},"_links":{"self":[{"href":"https:\/\/jackpotlotteryonline.com\/lv\/wp-json\/wp\/v2\/pages\/41051","targetHints":{"allow":["GET"]}}],"collection":[{"href":"https:\/\/jackpotlotteryonline.com\/lv\/wp-json\/wp\/v2\/pages"}],"about":[{"href":"https:\/\/jackpotlotteryonline.com\/lv\/wp-json\/wp\/v2\/types\/page"}],"author":[{"embeddable":true,"href":"https:\/\/jackpotlotteryonline.com\/lv\/wp-json\/wp\/v2\/users\/1"}],"replies":[{"embeddable":true,"href":"https:\/\/jackpotlotteryonline.com\/lv\/wp-json\/wp\/v2\/comments?post=41051"}],"version-history":[{"count":0,"href":"https:\/\/jackpotlotteryonline.com\/lv\/wp-json\/wp\/v2\/pages\/41051\/revisions"}],"up":[{"embeddable":true,"href":"https:\/\/jackpotlotteryonline.com\/lv\/wp-json\/wp\/v2\/pages\/35705"}],"wp:attachment":[{"href":"https:\/\/jackpotlotteryonline.com\/lv\/wp-json\/wp\/v2\/media?parent=41051"}],"curies":[{"name":"wp","href":"https:\/\/api.w.org\/{rel}","templated":true}]}}