{"id":41103,"date":"2022-12-08T09:09:38","date_gmt":"2022-12-08T09:09:38","guid":{"rendered":"https:\/\/jackpotlotteryonline.com\/?page_id=41103"},"modified":"2022-12-29T09:10:39","modified_gmt":"2022-12-29T09:10:39","slug":"uk-lottery","status":"publish","type":"page","link":"https:\/\/jackpotlotteryonline.com\/lv\/laimejusie-skaitli\/uk-lottery\/","title":{"rendered":"Apvienot\u0101s Karalistes loterijas izlozes rezult\u0101ti"},"content":{"rendered":"<p>Apvienot\u0101s Karalistes loterija ir interesanta sp\u0113le, jo t\u0101 var padar\u012bt sp\u0113l\u0113t\u0101jus par miljon\u0101riem. Lai gan t\u0101 ir popul\u0101ra Apvienot\u0101s Karalistes sp\u0113l\u0113t\u0101ju vid\u016b, starptautiskajiem sp\u0113l\u0113t\u0101jiem t\u0101 nav \u013coti labi zin\u0101ma. T\u0101p\u0113c, ja v\u0113laties izm\u0113\u0123in\u0101t sp\u0113kus starptautisk\u0101 loterij\u0101, k\u0101p\u0113c gan neizm\u0113\u0123in\u0101t \u0161o? Lai gan balvas nav garant\u0113tas, ir viegli izv\u0113l\u0113ties laim\u0113ju\u0161o skaitli.<\/p>\n<p>Tom\u0113r ir viena lieta, kas jums b\u016btu j\u0101\u0146em v\u0113r\u0101. Ja j\u016bs vinn\u0113siet \u0161aj\u0101 loterij\u0101, m\u0113s nevaram pateikt, ar cik lielu summu j\u016bs atgriez\u012bsieties m\u0101j\u0101s. Tas ir t\u0101p\u0113c, ka d\u017eekpota balva ir 52 % no loto fonda. Ja nav p\u0101rdots daudz bi\u013ce\u0161u, tad j\u016bs m\u0101j\u0101s neatgriez\u012bsieties ar lielu laimestu. N\u0113, mums nav nek\u0101da sakara, un tas ir loterijas uz\u0146\u0113muma noteikums.<\/p>\n<p>Lai piedal\u012btos \u0161aj\u0101 loterij\u0101, varat apskat\u012bt m\u016bsu vietni jackpotlottery.com vai izv\u0113l\u0113ties k\u0101du no da\u017e\u0101d\u0101m cit\u0101m loterij\u0101m. M\u016bsu vietn\u0113 ir lab\u0101k\u0101s starptautisk\u0101s loterijas, kur\u0101s varat sp\u0113l\u0113t, un t\u0101s \u013cauj jums patur\u0113t savus laimestus. Vai ar\u012b varat izm\u0113\u0123in\u0101t \u0161o loteriju. Tas ir tikai j\u016bsu zi\u0146\u0101.<\/p>\n<section class=\"layout\" style=\"border: solid 1px; width: 100%;\">\n<div class=\"img-div\" style=\"margin-top: 5px;\"><img decoding=\"async\" class=\"wp-image-17212 alignleft\" style=\"height: 45px; margin: 8px 8px 0px;\" src=\"https:\/\/jackpotlotteryonline.com\/wp-content\/uploads\/2022\/11\/read1.jpg\" alt=\"las\u012bt\" width=\"\" height=\"\" \/><\/div>\n<div style=\"padding-left: 5px;\">\n<div style=\"font-size: 1.1em;\">\n<p><strong>Kura starptautisk\u0101 loterija ir lab\u0101k\u0101?<\/strong><\/p>\n<p style=\"font-size: 0.85em; margin-top: -1.5em;\">Kuras no starptautiskaj\u0101m loterij\u0101m ir vislab\u0101k\u0101s izredzes uzvar\u0113t &#8230;<a href=\"https:\/\/jackpotlotteryonline.com\/lv\/kura-starptautiska-loterija-ir-labaka\">\u00a0las\u012bt vair\u0101k<\/a><\/p>\n<\/div>\n<\/div>\n<\/section>\n<h2>K\u0101 sp\u0113l\u0113t Apvienot\u0101s Karalistes loteriju<\/h2>\n<p><img loading=\"lazy\" decoding=\"async\" class=\"alignright size-full wp-image-27482\" src=\"https:\/\/jackpotlotteryonline.com\/wp-content\/uploads\/2022\/11\/1_lottery_jackpot3.jpg\" alt=\"Sp\u0113l\u0113jiet Apvienot\u0101s Karalistes loteriju\" width=\"245\" height=\"123\" \/>L\u012bdz\u012bgi k\u0101 cit\u0101s loto sp\u0113l\u0113s, jums ir j\u0101izv\u0113las 6 skait\u013ci no 1 l\u012bdz 49 skait\u013ciem. Izlozes laik\u0101 p\u0113c nejau\u0161\u012bbas principa tiek izv\u0113l\u0113ts ar\u012b bonusa skaitlis, kas tiek izmantots balvas noteik\u0161an\u0101. M\u0113s neesam \u012bpa\u0161i ieinteres\u0113ti ieteikt \u0161o loto. Pat tad, ja jums atbilst izloz\u0113tie skait\u013ci, m\u0113s nevaram garant\u0113t, cik daudz laimestu j\u016bs pa\u0146emsiet m\u0101j\u0101s.<\/p>\n<p>Apmekl\u0113jot m\u016bsu vietni, varat piedal\u012bties cit\u0101s sp\u0113l\u0113s, piem\u0113ram, ASV Powerball un Mega Millions. \u0160aj\u0101s loterij\u0101s minim\u0101lais d\u017eekpots ir 40 miljoni ASV dol\u0101ru. Ir ar\u012b citas Eiropas loterijas, kur\u0101s varat sp\u0113l\u0113t, piem\u0113ram, Euromillions un Eurojackpot.<\/p>\n<p>\u0160o sp\u0113\u013cu b\u016bt\u012bba ir laim\u0113t lielas summas, un tas ir m\u016bsu klientu sapnis.<\/p>\n<h2>Izlozes<\/h2>\n<p>Apvienot\u0101s Karalistes loterija katru ned\u0113\u013cu r\u012bko divas izlozes &#8211; tre\u0161dien un sestdien. T\u0101p\u0113c, ieg\u0101d\u0101joties loto bi\u013ceti, j\u016bs varat izv\u0113l\u0113ties piedal\u012bties vien\u0101 izloz\u0113 vai vair\u0101k\u0101s izloz\u0113s. Dal\u012bba vair\u0101k\u0101s izloz\u0113s ir lielisks veids, k\u0101 palielin\u0101t savas izredzes laim\u0113t balvu.<\/p>\n<h2>Apvienot\u0101s Karalistes loterijas uzvara<\/h2>\n<p>Lai uzvar\u0113tu \u0161aj\u0101 loto sp\u0113l\u0113, sp\u0113l\u0113t\u0101jiem ir j\u0101sakr\u012bt vismaz trim galvenajiem skait\u013ciem ar izlozes rezult\u0101tiem. D\u017eekpota summa parasti ir aptuveni 3 000 000 m\u0101rci\u0146u, lai gan t\u0101 var b\u016bt liel\u0101ka vai maz\u0101ka. Lai vinn\u0113tu d\u017eekpotu, jums j\u0101sakr\u012bt visiem se\u0161iem izloz\u0113tajiem skait\u013ciem.<\/p>\n<p>\u0160ai loto sp\u0113lei ir ar\u012b citas balvu dal\u012b\u0161anas iesp\u0113jas, un m\u0113s t\u0101s piemin\u0113sim p\u0113c br\u012b\u017ea.<\/p>\n<p>Atcerieties, ka loto ir nejau\u0161\u012bbas sp\u0113le, un nav noteikta veida, k\u0101 vinn\u0113t. L\u012bdz \u0161im lab\u0101k\u0101 strat\u0113\u0123ija ir ieg\u0101d\u0101ties vair\u0101kas bi\u013cetes un piedal\u012bties vair\u0101kos izloz\u0113s. Tas ir veids, k\u0101 palielin\u0101t savas izredzes laim\u0113t balvu. Tas attiecas uz jebkuru lotto sp\u0113li, ko izv\u0113laties sp\u0113l\u0113t.<\/p>\n<h2>Balvu sadal\u012bjums<\/h2>\n<p>Tas, ar ko m\u0113s dal\u0101mies, ir konkr\u0113tas Apvienot\u0101s Karalistes loterijas izlozes balvu sadal\u012bjuma paraugs. L\u016bdzu, \u0146emiet v\u0113r\u0101, ka p\u0101r\u0113j\u0101s balvas ir procentu\u0101la da\u013ca no balvu fonda. Tas noz\u012bm\u0113, ka, ja ir vair\u0101ki uzvar\u0113t\u0101ji, balva tiks sadal\u012bta starp tiem.<\/p>\n<p>1. noda\u013ca: 6. izloze &#8211; \u00a3 2 000 000 (d\u017eekpots)<\/p>\n<p>2. div\u012bzija: 5. sp\u0113les + bonuss &#8211; \u00a3 1 000 000.<\/p>\n<p>3. noda\u013ca: 5. ma\u010ds &#8211; \u00a31 750<\/p>\n<p>noda\u013ca: 4. ma\u010ds &#8211; \u00a3140<\/p>\n<p>5. noda\u013ca: 3. ma\u010ds &#8211; \u00a330<\/p>\n<p>6. noda\u013ca: 2. ma\u010ds &#8211; bezmaksas loterijas laim\u012bgais laimests<\/p>\n<p>Apzinieties, ka pat tad, ja J\u016bs vinn\u0113siet \u0161\u012bs balvas, nor\u0101d\u012bt\u0101 summa nav t\u0101, ko J\u016bs sa\u0146emsiet k\u0101 vinnestu. Tas ir t\u0101p\u0113c, ka aptuveni 45% no lotto l\u012bdzek\u013ciem tiek novirz\u012bti naudas balv\u0101m. T\u0101p\u0113c atkar\u012bb\u0101 no fonda l\u012bdzek\u013cu apjoma t\u0101 var b\u016bt maz\u0101ka vai liel\u0101ka.<\/p>\n<h2>J\u016bsu laimestu piepras\u012b\u0161ana<\/h2>\n<p>Loto uz\u0146\u0113mumam ir da\u017ei noteikumi, kas attiecas uz laimestu piepras\u012b\u0161anu.<\/p>\n<ul>\n<li>Lai piedal\u012btos loto, jums j\u0101b\u016bt vec\u0101kam par 18 gadiem.<\/li>\n<li>laimestu ir j\u0101pieprasa 180 dienu laik\u0101 p\u0113c izlozes. Vien\u012bgais iz\u0146\u0113mums ir tad, ja esat uzs\u0101cis proced\u016bru 7 dienu laik\u0101.<\/li>\n<li>T\u016bl\u012bt\u0113jo laimestu sp\u0113les ir j\u0101pieprasa 180 dienu laik\u0101, kad esat ieg\u0101d\u0101jies t\u016bl\u012bt\u0113jo laimestu sp\u0113li.<\/li>\n<li>ar\u012b par skre\u010dkar\u0161u sp\u0113l\u0113m ir j\u0101prasa 180 dienu laik\u0101 no skre\u010dkartes ieg\u0101des br\u012b\u017ea.<\/li>\n<\/ul>\n<p>Ja j\u016bs <a href=\"https:\/\/jackpotlotteryonline.com\/lv\/ka-spelet\/uk-lottery\">sp\u0113l\u0113jat loteriju m\u016bsu vietn\u0113<\/a>, m\u0113s atvieglosim j\u016bsu laimestu piepras\u012b\u0161anu. Ja laimestu summa ir EUR 2500 vai maz\u0101ka, j\u016bs varat piek\u013c\u016bt tiem tie\u0161i \u0161eit, m\u016bsu vietn\u0113. Tas ir t\u0101p\u0113c, ka loterijas uz\u0146\u0113mums to p\u0101rskait\u012bs tie\u0161i uz m\u016bsu vietni, un j\u016bs p\u0113c tam var\u0113siet to iz\u0146emt sav\u0101 kont\u0101. Ja laimests ir liel\u0101ks par \u20ac2500, jums b\u016bs j\u0101pieprasa laimests tie\u0161i no lotto uz\u0146\u0113muma. M\u0113s jums pal\u012bdz\u0113sim to izdar\u012bt, pied\u0101v\u0101jot jums aizpild\u012bt piepras\u012bjuma veidlapu, t\u0101p\u0113c par to nav j\u0101uztraucas.<\/p>\n<h2>K\u0101 p\u0101rbaud\u012bt laim\u0113ju\u0161os numurus<\/h2>\n<p><img loading=\"lazy\" decoding=\"async\" class=\"alignright size-medium wp-image-27563\" src=\"https:\/\/jackpotlotteryonline.com\/wp-content\/uploads\/2022\/11\/1_lottery_numbers_draw_results-300x201.jpg\" alt=\"laim\u0113t AK loterij\u0101\" width=\"300\" height=\"201\" srcset=\"https:\/\/jackpotlotteryonline.com\/wp-content\/uploads\/2022\/11\/1_lottery_numbers_draw_results-300x201.jpg 300w, https:\/\/jackpotlotteryonline.com\/wp-content\/uploads\/2022\/11\/1_lottery_numbers_draw_results.jpg 320w\" sizes=\"auto, (max-width: 300px) 100vw, 300px\" \/>Lai uzzin\u0101tu, vai esat laim\u0113jis balvu, vispirms ir j\u0101p\u0101rbauda izloz\u0113tie skait\u013ci. Ja sp\u0113l\u0113jat tie\u0161saist\u0113, to var izdar\u012bt vair\u0101kos veidos. Ta\u010du visefekt\u012bv\u0101kais ir atgriezties \u0161eit, lai p\u0101rbaud\u012btu izlozes rezult\u0101tus. P\u0113c katras izlozes m\u0113s public\u0113jam izloz\u0113tos skait\u013cus.<\/p>\n<p>Turkl\u0101t, ja esat pie mums re\u0123istr\u0113jies, m\u0113s jums nos\u016bt\u012bsim e-pastu, lai inform\u0113tu, vai esat laim\u0113jis balvu. Paties\u012bb\u0101 t\u0101 ir viena no galvenaj\u0101m priek\u0161roc\u012bb\u0101m, sp\u0113l\u0113jot loto ar mums. Papildus tam, ka j\u016bs varat piek\u013c\u016bt daudz\u0101m starptautisk\u0101m loterij\u0101m. Sp\u0113l\u0113jot kop\u0101 ar mums, jums nav j\u0101uztraucas par to, ka varat palaist gar\u0101m savu balvu. M\u0113s jums pazi\u0146osim, ja j\u016bs b\u016bsiet laim\u0113jis balvu. Turkl\u0101t, ja t\u0101 b\u016bs maz\u0101ka par 2500 eiro, t\u0101 jauki atrad\u012bsies j\u016bsu kont\u0101, kad n\u0101kamreiz piesl\u0113gsieties.<\/p>\n<h2>Loterijas sp\u0113l\u0113\u0161anas priek\u0161roc\u012bbas kop\u0101 ar mums<\/h2>\n<ul>\n<li>J\u016bs ieg\u016bsiet piek\u013cuvi lab\u0101kaj\u0101m starptautiskaj\u0101m loterij\u0101m no vienas \u0113rtas vietas.<\/li>\n<li>M\u0113s esam vietne, kas nodro\u0161ina apkalpo\u0161anu. Tas noz\u012bm\u0113, ka j\u016bs neveicat der\u012bbas par loterijas izn\u0101kumu. Paties\u012bb\u0101 j\u016bs p\u0113rkat dal\u012bbu loterij\u0101 no jebkuras vietas, kur atrodaties.<\/li>\n<li>J\u016bs varat piedal\u012bties izloz\u0113s vair\u0101kas ned\u0113\u013cas iepriek\u0161, izmantojot m\u016bsu abon\u0113\u0161anas pakalpojumu.<\/li>\n<li>J\u016bs varat uzzin\u0101t izlozes rezult\u0101tus tie\u0161i \u0161eit, m\u016bsu vietn\u0113.<\/li>\n<li>M\u0113s j\u016bs br\u012bdin\u0101sim, ja vinn\u0113siet k\u0101du balvu.<\/li>\n<li>Viegli izmaks\u0101jiet savu laimestu no m\u016bsu vietnes uz savu banku<\/li>\n<\/ul>\n<p>Jums ir tik daudz priek\u0161roc\u012bbu, kad sp\u0113l\u0113jat loteriju m\u016bsu vietn\u0113. M\u0113s koncentr\u0113jamies uz to, lai nodro\u0161in\u0101tu saviem klientiem \u0113rt\u0101ko un nevainojam\u0101ko servisu, lai vi\u0146i var\u0113tu izbaud\u012bt loto sp\u0113les.<\/p>\n<h2>P\u0101rbaudiet savus loto laimesta numurus \u0161eit<\/h2>\n<p>M\u0113s jau min\u0113j\u0101m, ka nodro\u0161in\u0101m piek\u013cuvi vair\u0101k\u0101m starptautisk\u0101m loterij\u0101m. J\u016bs ne tikai varat <a href=\"https:\/\/jackpotlotteryonline.com\/lv\/iegadaties-biletes\/uk-lottery\">ieg\u0101d\u0101ties bi\u013cetes no jebkuras vietas<\/a>, bet ar\u012b p\u0101rbaud\u012bt izloz\u0113tos skait\u013cus. Neatkar\u012bgi no t\u0101, kuru loto sp\u0113li izv\u0113laties sp\u0113l\u0113t, m\u0113s public\u0113sim rezult\u0101tus tie\u0161i \u0161eit, m\u016bsu vietn\u0113.<\/p>\n<p>Vislab\u0101kais ir tas, ka, ja j\u016bs vinn\u0113siet k\u0101du balvu, jums nav j\u0101uztraucas par to, kas notiks ar j\u016bsu laimestu. M\u0113s ne\u0146emam nek\u0101du procentu\u0101lo da\u013cu no j\u016bsu laimestiem; viss, ko j\u016bs vinn\u0113siet, ir j\u016bsu. Un j\u016bs to varat viegli iz\u0146emt no m\u016bsu platformas.<\/p>\n<p>Patiesi, loteriju sp\u0113l\u0113\u0161ana v\u0113l nekad nav bijusi vienk\u0101r\u0161\u0101ka un viegl\u0101ka. K\u0101p\u0113c gan nere\u0123istr\u0113ties pie mums jau \u0161odien, lai izbaud\u012btu \u0113rtas un bezstresa loto sp\u0113les?<\/p>\n","protected":false},"excerpt":{"rendered":"<p>Apvienot\u0101s Karalistes loterija ir interesanta sp\u0113le, jo t\u0101 var padar\u012bt sp\u0113l\u0113t\u0101jus par miljon\u0101riem. Lai gan t\u0101 ir popul\u0101ra Apvienot\u0101s Karalistes sp\u0113l\u0113t\u0101ju vid\u016b, starptautiskajiem sp\u0113l\u0113t\u0101jiem t\u0101 nav \u013coti labi zin\u0101ma. T\u0101p\u0113c, ja v\u0113laties izm\u0113\u0123in\u0101t sp\u0113kus starptautisk\u0101 loterij\u0101, k\u0101p\u0113c gan neizm\u0113\u0123in\u0101t \u0161o? Lai gan balvas nav garant\u0113tas, ir viegli izv\u0113l\u0113ties laim\u0113ju\u0161o skaitli. Tom\u0113r ir viena lieta, kas [&hellip;]<\/p>\n","protected":false},"author":1,"featured_media":0,"parent":35840,"menu_order":10,"comment_status":"closed","ping_status":"closed","template":"lotto-uk-results.php","meta":{"_et_pb_use_builder":"","_et_pb_old_content":"","_et_gb_content_width":"","exclude_from_search":false,"footnotes":""},"class_list":["post-41103","page","type-page","status-publish","hentry"],"yoast_head":"<!-- This site is optimized with the Yoast SEO plugin v23.3 - https:\/\/yoast.com\/wordpress\/plugins\/seo\/ -->\n<title>Apvienot\u0101s Karalistes loterijas laim\u0113ju\u0161ie skait\u013ci un izlozes rezult\u0101ti<\/title>\n<meta name=\"description\" content=\"Uzreiz p\u0113c izlozes \u0161eit atrad\u012bsiet visus Apvienot\u0101s Karalistes loterijas rezult\u0101tus un laim\u012bgos numurus.\" \/>\n<meta name=\"robots\" content=\"index, follow, max-snippet:-1, max-image-preview:large, max-video-preview:-1\" \/>\n<link rel=\"canonical\" href=\"https:\/\/jackpotlotteryonline.com\/lv\/laimejusie-skaitli\/uk-lottery\/\" \/>\n<meta property=\"og:locale\" content=\"lv_LV\" \/>\n<meta property=\"og:type\" content=\"article\" \/>\n<meta property=\"og:title\" content=\"Apvienot\u0101s Karalistes loterijas laim\u0113ju\u0161ie skait\u013ci un izlozes rezult\u0101ti\" \/>\n<meta property=\"og:description\" content=\"Uzreiz p\u0113c izlozes \u0161eit atrad\u012bsiet visus Apvienot\u0101s Karalistes loterijas rezult\u0101tus un laim\u012bgos numurus.\" \/>\n<meta property=\"og:url\" content=\"https:\/\/jackpotlotteryonline.com\/lv\/laimejusie-skaitli\/uk-lottery\/\" \/>\n<meta property=\"og:site_name\" content=\"Lotto Online - Crack The International Lottery Jackpots\" \/>\n<meta property=\"article:modified_time\" content=\"2022-12-29T09:10:39+00:00\" \/>\n<meta property=\"og:image\" content=\"https:\/\/jackpotlotteryonline.com\/wp-content\/uploads\/2022\/11\/read1.jpg\" \/>\n<meta name=\"twitter:card\" content=\"summary_large_image\" \/>\n<meta name=\"twitter:label1\" content=\"Est. reading time\" \/>\n\t<meta name=\"twitter:data1\" content=\"6 minutes\" \/>\n<!-- \/ Yoast SEO plugin. -->","yoast_head_json":{"title":"Apvienot\u0101s Karalistes loterijas laim\u0113ju\u0161ie skait\u013ci un izlozes rezult\u0101ti","description":"Uzreiz p\u0113c izlozes \u0161eit atrad\u012bsiet visus Apvienot\u0101s Karalistes loterijas rezult\u0101tus un laim\u012bgos numurus.","robots":{"index":"index","follow":"follow","max-snippet":"max-snippet:-1","max-image-preview":"max-image-preview:large","max-video-preview":"max-video-preview:-1"},"canonical":"https:\/\/jackpotlotteryonline.com\/lv\/laimejusie-skaitli\/uk-lottery\/","og_locale":"lv_LV","og_type":"article","og_title":"Apvienot\u0101s Karalistes loterijas laim\u0113ju\u0161ie skait\u013ci un izlozes rezult\u0101ti","og_description":"Uzreiz p\u0113c izlozes \u0161eit atrad\u012bsiet visus Apvienot\u0101s Karalistes loterijas rezult\u0101tus un laim\u012bgos numurus.","og_url":"https:\/\/jackpotlotteryonline.com\/lv\/laimejusie-skaitli\/uk-lottery\/","og_site_name":"Lotto Online - Crack The International Lottery Jackpots","article_modified_time":"2022-12-29T09:10:39+00:00","og_image":[{"url":"https:\/\/jackpotlotteryonline.com\/wp-content\/uploads\/2022\/11\/read1.jpg"}],"twitter_card":"summary_large_image","twitter_misc":{"Est. reading time":"6 minutes"},"schema":{"@context":"https:\/\/schema.org","@graph":[{"@type":"WebPage","@id":"https:\/\/jackpotlotteryonline.com\/lv\/laimejusie-skaitli\/uk-lottery\/","url":"https:\/\/jackpotlotteryonline.com\/lv\/laimejusie-skaitli\/uk-lottery\/","name":"Apvienot\u0101s Karalistes loterijas laim\u0113ju\u0161ie skait\u013ci un izlozes rezult\u0101ti","isPartOf":{"@id":"https:\/\/jackpotlotteryonline.com\/#website"},"primaryImageOfPage":{"@id":"https:\/\/jackpotlotteryonline.com\/lv\/laimejusie-skaitli\/uk-lottery\/#primaryimage"},"image":{"@id":"https:\/\/jackpotlotteryonline.com\/lv\/laimejusie-skaitli\/uk-lottery\/#primaryimage"},"thumbnailUrl":"https:\/\/jackpotlotteryonline.com\/wp-content\/uploads\/2022\/11\/read1.jpg","datePublished":"2022-12-08T09:09:38+00:00","dateModified":"2022-12-29T09:10:39+00:00","description":"Uzreiz p\u0113c izlozes \u0161eit atrad\u012bsiet visus Apvienot\u0101s Karalistes loterijas rezult\u0101tus un laim\u012bgos numurus.","breadcrumb":{"@id":"https:\/\/jackpotlotteryonline.com\/lv\/laimejusie-skaitli\/uk-lottery\/#breadcrumb"},"inLanguage":"lv-LV","potentialAction":[{"@type":"ReadAction","target":["https:\/\/jackpotlotteryonline.com\/lv\/laimejusie-skaitli\/uk-lottery\/"]}]},{"@type":"ImageObject","inLanguage":"lv-LV","@id":"https:\/\/jackpotlotteryonline.com\/lv\/laimejusie-skaitli\/uk-lottery\/#primaryimage","url":"https:\/\/jackpotlotteryonline.com\/wp-content\/uploads\/2022\/11\/read1.jpg","contentUrl":"https:\/\/jackpotlotteryonline.com\/wp-content\/uploads\/2022\/11\/read1.jpg"},{"@type":"BreadcrumbList","@id":"https:\/\/jackpotlotteryonline.com\/lv\/laimejusie-skaitli\/uk-lottery\/#breadcrumb","itemListElement":[{"@type":"ListItem","position":1,"name":"Home","item":"https:\/\/jackpotlotteryonline.com\/lv\/"},{"@type":"ListItem","position":2,"name":"Loterijas rezult\u0101ti","item":"https:\/\/jackpotlotteryonline.com\/winning-numbers\/"},{"@type":"ListItem","position":3,"name":"Apvienot\u0101s Karalistes loterijas izlozes rezult\u0101ti"}]},{"@type":"WebSite","@id":"https:\/\/jackpotlotteryonline.com\/#website","url":"https:\/\/jackpotlotteryonline.com\/","name":"Lotto Online - Crack The International Lottery Jackpots","description":"","potentialAction":[{"@type":"SearchAction","target":{"@type":"EntryPoint","urlTemplate":"https:\/\/jackpotlotteryonline.com\/?s={search_term_string}"},"query-input":"required name=search_term_string"}],"inLanguage":"lv-LV"}]}},"_links":{"self":[{"href":"https:\/\/jackpotlotteryonline.com\/lv\/wp-json\/wp\/v2\/pages\/41103","targetHints":{"allow":["GET"]}}],"collection":[{"href":"https:\/\/jackpotlotteryonline.com\/lv\/wp-json\/wp\/v2\/pages"}],"about":[{"href":"https:\/\/jackpotlotteryonline.com\/lv\/wp-json\/wp\/v2\/types\/page"}],"author":[{"embeddable":true,"href":"https:\/\/jackpotlotteryonline.com\/lv\/wp-json\/wp\/v2\/users\/1"}],"replies":[{"embeddable":true,"href":"https:\/\/jackpotlotteryonline.com\/lv\/wp-json\/wp\/v2\/comments?post=41103"}],"version-history":[{"count":0,"href":"https:\/\/jackpotlotteryonline.com\/lv\/wp-json\/wp\/v2\/pages\/41103\/revisions"}],"up":[{"embeddable":true,"href":"https:\/\/jackpotlotteryonline.com\/lv\/wp-json\/wp\/v2\/pages\/35840"}],"wp:attachment":[{"href":"https:\/\/jackpotlotteryonline.com\/lv\/wp-json\/wp\/v2\/media?parent=41103"}],"curies":[{"name":"wp","href":"https:\/\/api.w.org\/{rel}","templated":true}]}}