{"id":41155,"date":"2022-12-08T11:11:27","date_gmt":"2022-12-08T11:11:27","guid":{"rendered":"https:\/\/jackpotlotteryonline.com\/?page_id=41155"},"modified":"2022-12-29T11:30:05","modified_gmt":"2022-12-29T11:30:05","slug":"set-for-life","status":"publish","type":"page","link":"https:\/\/jackpotlotteryonline.com\/lv\/laimejusie-skaitli\/set-for-life\/","title":{"rendered":"Set for Life izlozes rezult\u0101ti"},"content":{"rendered":"<p>Loterija Set for Life ir Apvienot\u0101s Karalistes anuit\u0101tes loterija, kas sp\u0113l\u0113t\u0101jiem dod iesp\u0113ju laim\u0113t balvu, kura izmaina dz\u012bvi. Dz\u012bves iz\u0161\u0137iro\u0161o, jo laim\u0113ju\u0161ie skait\u013ci 30 gadus katru m\u0113nesi sa\u0146em 10 000 m\u0101rci\u0146u. Tas ir gandr\u012bz k\u0101 laim\u0113t d\u017eekpotu katru m\u0113nesi l\u012bdz m\u016b\u017ea galam.<\/p>\n<p>Sp\u0113l\u0113t\u0101ji vis\u0101 pasaul\u0113 tagad var <a href=\"https:\/\/jackpotlotteryonline.com\/lv\/iegadaties-biletes\/set-for-life\">piedal\u012bties Apvienot\u0101s Karalistes rentes loterij\u0101, p\u0113rkot bi\u013cetes tie\u0161saist\u0113<\/a>. T\u0101pat vi\u0146i var tie\u0161saist\u0113 p\u0101rbaud\u012bt laim\u0113ju\u0161os skait\u013cus un ieg\u016bt piek\u013cuvi ar\u012b savam laimestam.<\/p>\n<p><a href=\"https:\/\/jackpotlotteryonline.com\/lv\/ka-spelet\/saturday-lotto-2\">Sp\u0113l\u0113jot loterij\u0101 ar jackpotlotteryonline.com<\/a>, jums praktiski ir vienas pieturas a\u0123ent\u016bra vis\u0101m j\u016bsu loterijas vajadz\u012bb\u0101m. J\u016bs varat koncentr\u0113ties uz laimestu loterij\u0101, ieg\u0101d\u0101joties bi\u013cetes uz lab\u0101kaj\u0101m starptautiskaj\u0101m loterij\u0101m tie\u0161saist\u0113.<\/p>\n<section class=\"layout\" style=\"border: solid 1px; width: 100%;\">\n<div class=\"img-div\" style=\"margin-top: 5px;\"><img decoding=\"async\" class=\"wp-image-17212 alignleft\" style=\"height: 45px; margin: 8px 8px 0px;\" src=\"https:\/\/jackpotlotteryonline.com\/wp-content\/uploads\/2022\/11\/read1.jpg\" alt=\"las\u012bt\" width=\"\" height=\"\" \/><\/div>\n<div style=\"padding-left: 5px;\">\n<div style=\"font-size: 1.1em;\">\n<p><strong>Vai ir likum\u012bgi tie\u0161saist\u0113 sp\u0113l\u0113t loterijas no cit\u0101m valst\u012bm?<\/strong><\/p>\n<p style=\"font-size: 0.85em; margin-top: -1.5em;\">Vai ir likum\u012bgi ieg\u0101d\u0101ties loterijas bi\u013ceti tie\u0161saist\u0113 un vai es tie\u0161\u0101m sa\u0146em\u0161u naudu?\u00a0 <a href=\"https:\/\/jackpotlotteryonline.com\/lv\/vai-ir-likumigi-spelet-loterijas-no-citam-valstim-tiessaiste\"> las\u012bt vair\u0101k<\/a><\/p>\n<\/div>\n<\/div>\n<\/section>\n<h2>K\u0101p\u0113c sp\u0113l\u0113t tie\u0161saist\u0113?<\/h2>\n<p>Pirmk\u0101rt, ja nedz\u012bvo Apvienotaj\u0101 Karalist\u0113, tev b\u016bs diezgan gr\u016bti ieg\u0101d\u0101ties \u0161\u012bs loterijas bi\u013ceti. B\u016bt\u012bb\u0101 vien\u012bgais veids, k\u0101 j\u016bs varat sp\u0113l\u0113t Set for Life \u0101rpus Apvienot\u0101s Karalistes, ir sp\u0113l\u0113t tie\u0161saist\u0113. Otrk\u0101rt, kad j\u016bs redz\u0113siet, cik \u0113rti ir sp\u0113l\u0113t tie\u0161saist\u0113, j\u016bs nev\u0113l\u0113sieties sp\u0113l\u0113t loteriju cit\u0101di.<\/p>\n<p><strong>\u012asum\u0101, \u0161eit ir da\u017ei galvenie loterijas sp\u0113l\u0113\u0161anas tie\u0161saist\u0113 ieguvumi:<\/strong><img loading=\"lazy\" decoding=\"async\" class=\"alignright size-medium wp-image-27941\" src=\"https:\/\/jackpotlotteryonline.com\/wp-content\/uploads\/2022\/11\/1_lottery_winner_ticket-200x300.jpg\" alt=\"sp\u0113l\u0113t set for life\" width=\"200\" height=\"300\" srcset=\"https:\/\/jackpotlotteryonline.com\/wp-content\/uploads\/2022\/11\/1_lottery_winner_ticket-200x300.jpg 200w, https:\/\/jackpotlotteryonline.com\/wp-content\/uploads\/2022\/11\/1_lottery_winner_ticket.jpg 320w\" sizes=\"auto, (max-width: 200px) 100vw, 200px\" \/><\/p>\n<ul>\n<li>Jums ir t\u016bl\u012bt\u0113ja piek\u013cuve, lai katr\u0101 izloz\u0113 izsp\u0113l\u0113tu laim\u0113ju\u0161os skait\u013cus.<\/li>\n<li>J\u016bs varat iestat\u012bt savus ierakstus ned\u0113\u013c\u0101m uz priek\u0161u<\/li>\n<li>Viegli p\u0101rbaud\u012bt laim\u0113ju\u0161os skait\u013cus<\/li>\n<li>bez stresa varat piek\u013c\u016bt laimestam<\/li>\n<\/ul>\n<p>Sp\u0113l\u0113jot loteriju tie\u0161saist\u0113, jums ir tik daudz priek\u0161roc\u012bbu. Un, sp\u0113l\u0113jot kop\u0101 ar mums vietn\u0113 jackpotlotteryonline.com, j\u016bs izbaud\u012bsiet vieglumu un \u0113rt\u012bbas, ko sniedz loterija, kas ir j\u016bsu r\u012bc\u012bb\u0101. T\u0101 k\u0101 m\u0113s esam vietne, kas pied\u0101v\u0101 pakalpojumus, m\u0113s par\u016bp\u0113simies par vis\u0101m deta\u013c\u0101m, kam\u0113r j\u016bs koncentr\u0113sieties uz to, lai viegli izv\u0113l\u0113tos laim\u012bgos skait\u013cus. Tas ir ieguvums visiem.<\/p>\n<h2>K\u0101di ir Set for Life laim\u012bgie skait\u013ci?<\/h2>\n<p>Vien\u012bgais veids, k\u0101 uzzin\u0101t, vai jums ir laim\u012bgie skait\u013ci, ir zin\u0101t, k\u0101 sp\u0113l\u0113t \u0161o Apvienot\u0101s Karalistes loteriju. Lai sp\u0113l\u0113tu, jums ir j\u0101izv\u0113las 5 skait\u013ci no 1 l\u012bdz 47 un 1 Life Ball skaitlis no 1 l\u012bdz 10. Kad esat izv\u0113l\u0113jies skait\u013cus, n\u0101kamais solis ir piedal\u012bties izv\u0113l\u0113tajos izloz\u0113s.<\/p>\n<p>Set for Life ir divas izlozes dienas ned\u0113\u013c\u0101 &#8211; pirmdien\u0101s un ceturtdien\u0101s. Tas noz\u012bm\u0113 divas iesp\u0113jas laim\u0113t loterij\u0101. J\u016bs, protams, varat piedal\u012bties ab\u0101s izloz\u0113s, jo tas ir veids, k\u0101 palielin\u0101t savas izredzes laim\u0113t loterij\u0101.<\/p>\n<p>P\u0113c izloz\u0113m ir j\u0101p\u0101rbauda rezult\u0101ti, lai p\u0101rliecin\u0101tos, vai jums ir laimesta kombin\u0101cija. Loterij\u0101 uzvar tas, kuram ir laim\u012bgie skait\u013ci.<\/p>\n<h2>Tr\u012bs veidi, k\u0101 p\u0101rbaud\u012bt izlozes rezult\u0101tus<\/h2>\n<p>Ir tr\u012bs veidi, k\u0101 j\u016bs varat p\u0101rbaud\u012bt \u0161\u012bs Apvienot\u0101s Karalistes loterijas laim\u012bgo kombin\u0101ciju. Ja dz\u012bvojat Apvienotaj\u0101 Karalist\u0113, izlozes tie\u0161raidi varat skat\u012bties telev\u012bzij\u0101. Tom\u0113r, ja j\u016bs taj\u0101 laik\u0101 str\u0101d\u0101jat vai jums ir citas funkcijas, tad tas jums neder\u0113s.<\/p>\n<p>V\u0113l viena alternat\u012bva ir p\u0101rbaud\u012bt izlozes rezult\u0101tus tie\u0161saist\u0113. Da\u017e\u0101d\u0101s t\u012bmek\u013ca vietn\u0113s tiek public\u0113ti rezult\u0101ti, jo \u012bpa\u0161i d\u017eekpota laimestu kombin\u0101cijas. Protams, t\u0101 k\u0101 loterij\u0101 ir ar\u012b citas balvu kategorijas, j\u016bs var\u0113tu interes\u0113t ne tikai d\u017eekpota laimestu, bet ar\u012b citas laimestu kombin\u0101cijas.<\/p>\n<p>Vislab\u0101kais veids, k\u0101 p\u0101rbaud\u012bt izlozes rezult\u0101tus, ir atgriezties \u0161aj\u0101 lap\u0101 p\u0113c katras izlozes. M\u0113s public\u0113jam izlozes rezult\u0101tus tie\u0161i \u0161eit un velt\u0101m laiku, lai par\u0101d\u012btu laimestu kombin\u0101cijas katr\u0101 balvu kategorij\u0101. Turkl\u0101t, ja esat ieg\u0101d\u0101jies bi\u013ceti pie mums, m\u0113s jums nos\u016bt\u012bsim e-pastu, ja jums b\u016bs laimestu bi\u013cete.<\/p>\n<h2>Set for Life balvu kategorijas<\/h2>\n<p>\u0160\u012bs Apvienot\u0101s Karalistes loterijas galven\u0101 balva ir p\u0101rsteidzo\u0161\u0101 10 000 sterli\u0146u m\u0101rci\u0146u katru m\u0113nesi n\u0101kamos 30 gadus. Iedom\u0101jieties, ka \u0161\u0101du summu vinn\u0113siet katru m\u0113nesi 30 gadus. Ar \u0161\u0101du balvu ir viegli saprast, k\u0101p\u0113c sp\u0113l\u0113t\u0101ji vis\u0101 pasaul\u0113 v\u0113las ieg\u016bt \u0161\u012bs loterijas laim\u012bgo kombin\u0101ciju.<\/p>\n<p>Papildus pirm\u0101s balvas vinnejai ir ar\u012b citas aizraujo\u0161as balvas, ko sp\u0113l\u0113t\u0101ji var laim\u0113t \u0161aj\u0101 loterij\u0101. L\u016bk, balvu kategorijas.<\/p>\n<p>1. kategorija: Match 5 + Life Ball &#8211; \u00a310 000 katru m\u0113nesi 30 gadu laik\u0101<\/p>\n<p>2. kategorija: tikai Match 5 &#8211; \u00a310 000 katru m\u0113nesi 1 gadu.<\/p>\n<p>3. kategorija: Match 4 + LIfe Ball &#8211; \u00a3250.<\/p>\n<p>4. kategorija: Tikai Match 4 &#8211; \u00a350<\/p>\n<p>kategorija: Match 3 + Life Ball &#8211; \u00a330.<\/p>\n<p>6. kategorija: Tikai 3. ma\u010ds &#8211; \u00a320<\/p>\n<p>7. kategorija: 2. ma\u010ds + &#8220;Dz\u012bv\u012bbas bumba&#8221; &#8211; \u00a310.<\/p>\n<p>kategorija Tikai 2. ma\u010ds &#8211; \u00a35<\/p>\n<h2>J\u016bsu vinnestu iz\u0146em\u0161ana<\/h2>\n<p>M\u0113s jau min\u0113j\u0101m, ka m\u0113s jums pazi\u0146osim pa e-pastu un caur j\u016bsu kontu, ja jums b\u016bs laimesta bi\u013cete. Bet k\u0101 j\u016bs varat iz\u0146emt savu laimestu, ja dz\u012bvojat \u0101rpus Apvienot\u0101s Karalistes? \u0160is ir jaut\u0101jums, kas satrauc daudzus sp\u0113l\u0113t\u0101jus. Nu, m\u0113s esam \u0161eit, lai nomierin\u0101tu j\u016bsu sirdi par j\u016bsu laimestu.<\/p>\n<p>Kad j\u016bs re\u0123istr\u0113jaties pie mums un p\u0113rkat pie mums loterijas bi\u013cetes, m\u0113s jums \u0161o procesu vienk\u0101r\u0161ojam. M\u0113s esam vietne, kas nodro\u0161ina apkalpo\u0161anu, t\u0101p\u0113c esam izveidoju\u0161i vienk\u0101r\u0161u procesu, ar kura pal\u012bdz\u012bbu j\u016bs varat viegli iz\u0146emt savu laimestu. Ja laimestu summa ir maz\u0101ka par 2500 eiro, viss, kas jums j\u0101dara, ir j\u0101izskaita nauda no m\u016bsu vietnes uz j\u016bsu kontu.<\/p>\n<p>Ja esat vinn\u0113jis laimestu, kas p\u0101rsniedz \u0161o summu, m\u0113s jums nodro\u0161in\u0101sim piepras\u012bjuma veidlapu. T\u0101d\u0101 veid\u0101 j\u016bs var\u0113siet piepras\u012bt savu laimestu tie\u0161i no loterijas uz\u0146\u0113muma. T\u0101p\u0113c dodieties uz priek\u0161u un ieg\u0101d\u0101jieties loterijas bi\u013ceti jau \u0161odien, lai ieg\u016btu iesp\u0113ju ieg\u016bt laim\u012bgo kombin\u0101ciju.<\/p>\n","protected":false},"excerpt":{"rendered":"<p>Loterija Set for Life ir Apvienot\u0101s Karalistes anuit\u0101tes loterija, kas sp\u0113l\u0113t\u0101jiem dod iesp\u0113ju laim\u0113t balvu, kura izmaina dz\u012bvi. Dz\u012bves iz\u0161\u0137iro\u0161o, jo laim\u0113ju\u0161ie skait\u013ci 30 gadus katru m\u0113nesi sa\u0146em 10 000 m\u0101rci\u0146u. Tas ir gandr\u012bz k\u0101 laim\u0113t d\u017eekpotu katru m\u0113nesi l\u012bdz m\u016b\u017ea galam. Sp\u0113l\u0113t\u0101ji vis\u0101 pasaul\u0113 tagad var piedal\u012bties Apvienot\u0101s Karalistes rentes loterij\u0101, p\u0113rkot bi\u013cetes tie\u0161saist\u0113. [&hellip;]<\/p>\n","protected":false},"author":1,"featured_media":0,"parent":35840,"menu_order":11,"comment_status":"closed","ping_status":"closed","template":"set-for-life-results.php","meta":{"_et_pb_use_builder":"","_et_pb_old_content":"","_et_gb_content_width":"","exclude_from_search":false,"footnotes":""},"class_list":["post-41155","page","type-page","status-publish","hentry"],"yoast_head":"<!-- This site is optimized with the Yoast SEO plugin v23.3 - https:\/\/yoast.com\/wordpress\/plugins\/seo\/ -->\n<title>Set for Life laim\u012bgie skait\u013ci un izlozes rezult\u0101ti<\/title>\n<meta name=\"description\" content=\"Set For Life loterijas izlozes rezult\u0101ti, k\u0101 ar\u012b laim\u012bgie skait\u013ci \u0161eit Jackpotlotlotteryonline.com\" \/>\n<meta name=\"robots\" content=\"index, follow, max-snippet:-1, max-image-preview:large, max-video-preview:-1\" \/>\n<link rel=\"canonical\" href=\"https:\/\/jackpotlotteryonline.com\/lv\/laimejusie-skaitli\/set-for-life\/\" \/>\n<meta property=\"og:locale\" content=\"lv_LV\" \/>\n<meta property=\"og:type\" content=\"article\" \/>\n<meta property=\"og:title\" content=\"Set for Life laim\u012bgie skait\u013ci un izlozes rezult\u0101ti\" \/>\n<meta property=\"og:description\" content=\"Set For Life loterijas izlozes rezult\u0101ti, k\u0101 ar\u012b laim\u012bgie skait\u013ci \u0161eit Jackpotlotlotteryonline.com\" \/>\n<meta property=\"og:url\" content=\"https:\/\/jackpotlotteryonline.com\/lv\/laimejusie-skaitli\/set-for-life\/\" \/>\n<meta property=\"og:site_name\" content=\"Lotto Online - Crack The International Lottery Jackpots\" \/>\n<meta property=\"article:modified_time\" content=\"2022-12-29T11:30:05+00:00\" \/>\n<meta property=\"og:image\" content=\"https:\/\/jackpotlotteryonline.com\/wp-content\/uploads\/2022\/11\/read1.jpg\" \/>\n<meta name=\"twitter:card\" content=\"summary_large_image\" \/>\n<meta name=\"twitter:label1\" content=\"Est. reading time\" \/>\n\t<meta name=\"twitter:data1\" content=\"4 minutes\" \/>\n<!-- \/ Yoast SEO plugin. -->","yoast_head_json":{"title":"Set for Life laim\u012bgie skait\u013ci un izlozes rezult\u0101ti","description":"Set For Life loterijas izlozes rezult\u0101ti, k\u0101 ar\u012b laim\u012bgie skait\u013ci \u0161eit Jackpotlotlotteryonline.com","robots":{"index":"index","follow":"follow","max-snippet":"max-snippet:-1","max-image-preview":"max-image-preview:large","max-video-preview":"max-video-preview:-1"},"canonical":"https:\/\/jackpotlotteryonline.com\/lv\/laimejusie-skaitli\/set-for-life\/","og_locale":"lv_LV","og_type":"article","og_title":"Set for Life laim\u012bgie skait\u013ci un izlozes rezult\u0101ti","og_description":"Set For Life loterijas izlozes rezult\u0101ti, k\u0101 ar\u012b laim\u012bgie skait\u013ci \u0161eit Jackpotlotlotteryonline.com","og_url":"https:\/\/jackpotlotteryonline.com\/lv\/laimejusie-skaitli\/set-for-life\/","og_site_name":"Lotto Online - Crack The International Lottery Jackpots","article_modified_time":"2022-12-29T11:30:05+00:00","og_image":[{"url":"https:\/\/jackpotlotteryonline.com\/wp-content\/uploads\/2022\/11\/read1.jpg"}],"twitter_card":"summary_large_image","twitter_misc":{"Est. reading time":"4 minutes"},"schema":{"@context":"https:\/\/schema.org","@graph":[{"@type":"WebPage","@id":"https:\/\/jackpotlotteryonline.com\/lv\/laimejusie-skaitli\/set-for-life\/","url":"https:\/\/jackpotlotteryonline.com\/lv\/laimejusie-skaitli\/set-for-life\/","name":"Set for Life laim\u012bgie skait\u013ci un izlozes rezult\u0101ti","isPartOf":{"@id":"https:\/\/jackpotlotteryonline.com\/#website"},"primaryImageOfPage":{"@id":"https:\/\/jackpotlotteryonline.com\/lv\/laimejusie-skaitli\/set-for-life\/#primaryimage"},"image":{"@id":"https:\/\/jackpotlotteryonline.com\/lv\/laimejusie-skaitli\/set-for-life\/#primaryimage"},"thumbnailUrl":"https:\/\/jackpotlotteryonline.com\/wp-content\/uploads\/2022\/11\/read1.jpg","datePublished":"2022-12-08T11:11:27+00:00","dateModified":"2022-12-29T11:30:05+00:00","description":"Set For Life loterijas izlozes rezult\u0101ti, k\u0101 ar\u012b laim\u012bgie skait\u013ci \u0161eit Jackpotlotlotteryonline.com","breadcrumb":{"@id":"https:\/\/jackpotlotteryonline.com\/lv\/laimejusie-skaitli\/set-for-life\/#breadcrumb"},"inLanguage":"lv-LV","potentialAction":[{"@type":"ReadAction","target":["https:\/\/jackpotlotteryonline.com\/lv\/laimejusie-skaitli\/set-for-life\/"]}]},{"@type":"ImageObject","inLanguage":"lv-LV","@id":"https:\/\/jackpotlotteryonline.com\/lv\/laimejusie-skaitli\/set-for-life\/#primaryimage","url":"https:\/\/jackpotlotteryonline.com\/wp-content\/uploads\/2022\/11\/read1.jpg","contentUrl":"https:\/\/jackpotlotteryonline.com\/wp-content\/uploads\/2022\/11\/read1.jpg"},{"@type":"BreadcrumbList","@id":"https:\/\/jackpotlotteryonline.com\/lv\/laimejusie-skaitli\/set-for-life\/#breadcrumb","itemListElement":[{"@type":"ListItem","position":1,"name":"Home","item":"https:\/\/jackpotlotteryonline.com\/lv\/"},{"@type":"ListItem","position":2,"name":"Loterijas rezult\u0101ti","item":"https:\/\/jackpotlotteryonline.com\/winning-numbers\/"},{"@type":"ListItem","position":3,"name":"Set for Life izlozes rezult\u0101ti"}]},{"@type":"WebSite","@id":"https:\/\/jackpotlotteryonline.com\/#website","url":"https:\/\/jackpotlotteryonline.com\/","name":"Lotto Online - Crack The International Lottery Jackpots","description":"","potentialAction":[{"@type":"SearchAction","target":{"@type":"EntryPoint","urlTemplate":"https:\/\/jackpotlotteryonline.com\/?s={search_term_string}"},"query-input":"required name=search_term_string"}],"inLanguage":"lv-LV"}]}},"_links":{"self":[{"href":"https:\/\/jackpotlotteryonline.com\/lv\/wp-json\/wp\/v2\/pages\/41155","targetHints":{"allow":["GET"]}}],"collection":[{"href":"https:\/\/jackpotlotteryonline.com\/lv\/wp-json\/wp\/v2\/pages"}],"about":[{"href":"https:\/\/jackpotlotteryonline.com\/lv\/wp-json\/wp\/v2\/types\/page"}],"author":[{"embeddable":true,"href":"https:\/\/jackpotlotteryonline.com\/lv\/wp-json\/wp\/v2\/users\/1"}],"replies":[{"embeddable":true,"href":"https:\/\/jackpotlotteryonline.com\/lv\/wp-json\/wp\/v2\/comments?post=41155"}],"version-history":[{"count":0,"href":"https:\/\/jackpotlotteryonline.com\/lv\/wp-json\/wp\/v2\/pages\/41155\/revisions"}],"up":[{"embeddable":true,"href":"https:\/\/jackpotlotteryonline.com\/lv\/wp-json\/wp\/v2\/pages\/35840"}],"wp:attachment":[{"href":"https:\/\/jackpotlotteryonline.com\/lv\/wp-json\/wp\/v2\/media?parent=41155"}],"curies":[{"name":"wp","href":"https:\/\/api.w.org\/{rel}","templated":true}]}}