{"id":41212,"date":"2022-12-08T13:41:33","date_gmt":"2022-12-08T13:41:33","guid":{"rendered":"https:\/\/jackpotlotteryonline.com\/?page_id=41212"},"modified":"2022-12-29T21:35:45","modified_gmt":"2022-12-29T21:35:45","slug":"mega-sena","status":"publish","type":"page","link":"https:\/\/jackpotlotteryonline.com\/lv\/laimejusie-skaitli\/mega-sena\/","title":{"rendered":"Mega-Sena loterijas izlozes rezult\u0101ti"},"content":{"rendered":"<p>Sp\u0113l\u0113t\u0101ji vis\u0101 pasaul\u0113 tagad var ieg\u0101d\u0101ties Mega-Sena loterijas bi\u013cetes. Un ne tikai tas, ka p\u0113c loterijas izlozes izsp\u0113les j\u016bs varat tie\u0161saist\u0113 p\u0101rbaud\u012bt Mega-Sena laim\u0113ju\u0161os skait\u013cus. B\u016btiska loterijas sp\u0113l\u0113\u0161anas sast\u0101vda\u013ca ir izlozes rezult\u0101tu p\u0101rbaude, lai nepalaid\u012btu gar\u0101m nevienu balvu. Ir vair\u0101ki veidi, k\u0101 p\u0101rbaud\u012bt Braz\u012blijas loterijas laimestu numurus, un m\u0113s t\u016bl\u012bt piev\u0113rs\u012bsimies \u0161im jaut\u0101jumam.<\/p>\n<p>Ta\u010du, ja steidzaties uzzin\u0101t p\u0113d\u0113j\u0101 izlozes izlozes rezult\u0101tus, varat apmekl\u0113t vietni jackpotlotlotteryonline.com, kur varat piek\u013c\u016bt lab\u0101kaj\u0101m starptautiskaj\u0101m loterij\u0101m.<\/p>\n<section class=\"layout\" style=\"border: solid 1px; width: 100%;\">\n<div class=\"img-div\" style=\"margin-top: 5px;\"><img decoding=\"async\" class=\"wp-image-17212 alignleft\" style=\"height: 45px; margin: 8px 8px 0px;\" src=\"https:\/\/jackpotlotteryonline.com\/wp-content\/uploads\/2022\/11\/read1.jpg\" alt=\"las\u012bt\" width=\"\" height=\"\" \/><\/div>\n<div style=\"padding-left: 5px;\">\n<div style=\"font-size: 1.1em;\">\n<p><strong>Eiropas loterijas<\/strong><\/p>\n<p style=\"font-size: 0.85em; margin-top: -1.5em;\">Kuras Eiropas loterijas ir lab\u0101k\u0101s?\u00a0<a href=\"https:\/\/jackpotlotteryonline.com\/lv\/kuras-eiropas-loterijas-ir-labakas\"> las\u012bt vair\u0101k<\/a><\/p>\n<\/div>\n<\/div>\n<\/section>\n<h2>Mega-Sena loterijas pamati<\/h2>\n<p>Mega-Sena ir l\u012bdz\u012bga jebkurai citai loterijai p\u0113c t\u0101s sp\u0113les veida. Jums vienk\u0101r\u0161i ir j\u0101izv\u0113las skait\u013ci no noteikta diapazona. Braz\u012blijas loterij\u0101 no 1 l\u012bdz 60 numuriem j\u0101izv\u0113las 6 skait\u013ci. Un tas ir viss. \u0160aj\u0101 loterij\u0101 nav papildu vai bonusa skait\u013cu, tikai se\u0161i.<\/p>\n<p>Kad esat izv\u0113l\u0113jies v\u0113lamos skait\u013cus, n\u0101kamais solis ir piedal\u012bties izloz\u0113s. Mega-Sena ir divas ned\u0113\u013cas izlozes &#8211; tre\u0161dien\u0101s un ceturtdien\u0101s.<\/p>\n<h2>Mega-Sena laim\u012bgie skait\u013ci<\/h2>\n<p><img loading=\"lazy\" decoding=\"async\" class=\"size-full wp-image-29102 alignright\" src=\"https:\/\/jackpotlotteryonline.com\/wp-content\/uploads\/2022\/11\/1_play_lottery_international.jpg\" alt=\"Mega-Sena laim\u0113ju\u0161ie skait\u013ci\" width=\"205\" height=\"147\" \/>K\u0101 izv\u0113l\u0113ties Mega-Sena laim\u012bgos skait\u013cus? Da\u017e\u0101diem sp\u0113l\u0113t\u0101jiem ir da\u017e\u0101di veidi, k\u0101 izv\u0113l\u0113ties sev piem\u0113rot\u0101ko. J\u016bs varat izv\u0113l\u0113ties laim\u012bgos skait\u013cus, izmantojot datumus, kas jums ir \u012bpa\u0161i svar\u012bgi. Ja jums ir laim\u012bgi datumi vai cipari, tie var b\u016bt noder\u012bgi, lai pal\u012bdz\u0113tu jums izv\u0113l\u0113ties skaitli.<\/p>\n<p>Ja jums nav neviena \u012bpa\u0161a skait\u013ca, par to neuztraucieties.<a href=\"https:\/\/jackpotlotteryonline.com\/lv\/ka-spelet\/mega-sena-2\"> Sp\u0113l\u0113jot Mega-Sena ar mums<\/a>, J\u016bs varat izmantot m\u016bsu autom\u0101tisko \u0123eneratoru, lai izv\u0113l\u0113tos nejau\u0161us skait\u013cus. Galu gal\u0101 ir svar\u012bgi atcer\u0113ties, ka loterija ir nejau\u0161\u012bbas sp\u0113le. Vien\u012bgais re\u0101lais veids, k\u0101 palielin\u0101t savas izredzes laim\u0113t, ir ieg\u0101d\u0101ties vair\u0101kas bi\u013cetes un piedal\u012bties vair\u0101kos izloz\u0113s.<\/p>\n<p>J\u016bs varat sp\u0113l\u0113t loteriju tie\u0161saist\u0113, apmekl\u0113jot m\u016bsu Mega-Sena lapu. M\u0113s atvieglosim jums iesp\u0113ju piedal\u012bties vien\u0101 izloz\u0113 vai vair\u0101k\u0101s izloz\u0113s. J\u016bs varat ieg\u0101d\u0101ties ar\u012b vair\u0101kas bi\u013cetes rindas, t\u0101d\u0113j\u0101di ieg\u016bstot vair\u0101kas dal\u012bbas loterij\u0101.<\/p>\n<h2>Mega-Sena balvas<\/h2>\n<p>Mega-Sena loterij\u0101 garant\u0113tais s\u0101kuma d\u017eekpots ir 3 miljoni Braz\u012blijas re\u0101lu. Tas ir aptuveni 549467,87 eiro. Ta\u010du, ja p\u0113c izlozes nav uzvar\u0113t\u0101ja, d\u017eekpots tiek p\u0101rcelts uz n\u0101kamo izlozi. T\u0101d\u0113j\u0101di d\u017eekpota summa var pieaugt l\u012bdz diezgan lielai summai, padarot to par izdev\u012bgu pied\u0101v\u0101jumu visiem sp\u0113lma\u0146iem.<\/p>\n<p>Turkl\u0101t izredzes laim\u0113t Mega-Sena ir 1 pret 50 miljoniem. Ja sal\u012bdzina ar cit\u0101m popul\u0101r\u0101kaj\u0101m starptautiskaj\u0101m loterij\u0101m, k\u013c\u016bst skaidrs, k\u0101p\u0113c Braz\u012blijas loterija ir popul\u0101ra starp sp\u0113lma\u0146iem.<\/p>\n<p>Braz\u012blijas loterija no cit\u0101m loterij\u0101m at\u0161\u0137iras ar\u012b ar to, ka t\u0101 pied\u0101v\u0101 tikai 3 balvu kategorijas, ieskaitot d\u017eekpotu. T\u0101d\u0113j\u0101di, laim\u0113jot loterij\u0101, j\u016bs varat vinn\u0113t k\u0101du no \u0161\u0101d\u0101m balv\u0101m.<\/p>\n<p>D\u017eekpots &#8211; Sena: laimests: 6 sp\u0113les &#8211; 35% no balvu fonda<\/p>\n<p>2. l\u012bmenis &#8211; Quina: 5 sp\u0113les &#8211; 19% no balvu fonda.<\/p>\n<p>3. l\u012bmenis &#8211; Quadra: 4 sp\u0113les &#8211; 19 % no balvu fonda.<\/p>\n<h2>J\u016bsu balvas piepras\u012b\u0161ana<\/h2>\n<p>N\u0101kamais solis ir piepras\u012bt balvu, ko vinn\u0113jat, piedaloties loterij\u0101. Tas, k\u0101 j\u016bs piepras\u012bsiet savu balvu, ir atkar\u012bgs no t\u0101, kur j\u016bs ieg\u0101d\u0101j\u0101ties bi\u013ceti. Sp\u0113l\u0113jot loteriju tie\u0161saist\u0113, ir svar\u012bgi ieg\u0101d\u0101ties bi\u013ceti vietn\u0113, kas dod jums iesp\u0113ju laim\u0113t loterij\u0101. Da\u017eas vietnes \u013cauj veikt likmes tikai par loterijas izn\u0101kumu.<\/p>\n<p><a href=\"https:\/\/jackpotlotteryonline.com\/lv\/iegadaties-biletes\/mega-sena\">Ieg\u0101d\u0101joties loterijas bi\u013ceti pie mums<\/a>, j\u016bs ieg\u016bstat piek\u013cuvi loterijai. Tas ir t\u0101p\u0113c, ka m\u016bsu a\u0123ents Braz\u012blij\u0101 ieg\u0101d\u0101sies fiziskas bi\u013cetes ar attiec\u012bgajiem numuriem. T\u0101d\u0113j\u0101di jums ir iesp\u0113ja laim\u0113t loterij\u0101.<\/p>\n<p>T\u0101tad, ja j\u016bs vinn\u0113siet k\u0101du balvu, viss, kas jums j\u0101dara, ir j\u0101iz\u0146em balva no m\u016bsu vietnes sav\u0101 kont\u0101. Tas ir tik vienk\u0101r\u0161i. Apmekl\u0113jiet m\u016bsu noteikumus un nosac\u012bjumus, lai uzzin\u0101tu, k\u0101 izmaks\u0101t naudu par saviem Mega-Sena laimestu numuriem.<\/p>\n","protected":false},"excerpt":{"rendered":"<p>Sp\u0113l\u0113t\u0101ji vis\u0101 pasaul\u0113 tagad var ieg\u0101d\u0101ties Mega-Sena loterijas bi\u013cetes. Un ne tikai tas, ka p\u0113c loterijas izlozes izsp\u0113les j\u016bs varat tie\u0161saist\u0113 p\u0101rbaud\u012bt Mega-Sena laim\u0113ju\u0161os skait\u013cus. B\u016btiska loterijas sp\u0113l\u0113\u0161anas sast\u0101vda\u013ca ir izlozes rezult\u0101tu p\u0101rbaude, lai nepalaid\u012btu gar\u0101m nevienu balvu. Ir vair\u0101ki veidi, k\u0101 p\u0101rbaud\u012bt Braz\u012blijas loterijas laimestu numurus, un m\u0113s t\u016bl\u012bt piev\u0113rs\u012bsimies \u0161im jaut\u0101jumam. Ta\u010du, ja [&hellip;]<\/p>\n","protected":false},"author":1,"featured_media":0,"parent":35840,"menu_order":14,"comment_status":"closed","ping_status":"closed","template":"megasena-results.php","meta":{"_et_pb_use_builder":"","_et_pb_old_content":"","_et_gb_content_width":"","exclude_from_search":false,"footnotes":""},"class_list":["post-41212","page","type-page","status-publish","hentry"],"yoast_head":"<!-- This site is optimized with the Yoast SEO plugin v23.3 - https:\/\/yoast.com\/wordpress\/plugins\/seo\/ -->\n<title>Mega-Sena loterijas izlozes rezult\u0101ti un laim\u012bgie skait\u013ci<\/title>\n<meta name=\"description\" content=\"Braz\u012blijas Mega-Sena izlozes rezult\u0101tus ir gr\u016bti atrast - m\u0113s sav\u0101 t\u012bmek\u013ca vietn\u0113 uzskait\u0101m \u0161odienas un vakardienas laim\u0113ju\u0161os skait\u013cus un izlozes rezult\u0101tus.\" \/>\n<meta name=\"robots\" content=\"index, follow, max-snippet:-1, max-image-preview:large, max-video-preview:-1\" \/>\n<link rel=\"canonical\" href=\"https:\/\/jackpotlotteryonline.com\/lv\/laimejusie-skaitli\/mega-sena\/\" \/>\n<meta property=\"og:locale\" content=\"lv_LV\" \/>\n<meta property=\"og:type\" content=\"article\" \/>\n<meta property=\"og:title\" content=\"Mega-Sena loterijas izlozes rezult\u0101ti un laim\u012bgie skait\u013ci\" \/>\n<meta property=\"og:description\" content=\"Braz\u012blijas Mega-Sena izlozes rezult\u0101tus ir gr\u016bti atrast - m\u0113s sav\u0101 t\u012bmek\u013ca vietn\u0113 uzskait\u0101m \u0161odienas un vakardienas laim\u0113ju\u0161os skait\u013cus un izlozes rezult\u0101tus.\" \/>\n<meta property=\"og:url\" content=\"https:\/\/jackpotlotteryonline.com\/lv\/laimejusie-skaitli\/mega-sena\/\" \/>\n<meta property=\"og:site_name\" content=\"Lotto Online - Crack The International Lottery Jackpots\" \/>\n<meta property=\"article:modified_time\" content=\"2022-12-29T21:35:45+00:00\" \/>\n<meta property=\"og:image\" content=\"https:\/\/jackpotlotteryonline.com\/wp-content\/uploads\/2022\/11\/read1.jpg\" \/>\n<meta name=\"twitter:card\" content=\"summary_large_image\" \/>\n<meta name=\"twitter:label1\" content=\"Est. reading time\" \/>\n\t<meta name=\"twitter:data1\" content=\"3 minutes\" \/>\n<!-- \/ Yoast SEO plugin. -->","yoast_head_json":{"title":"Mega-Sena loterijas izlozes rezult\u0101ti un laim\u012bgie skait\u013ci","description":"Braz\u012blijas Mega-Sena izlozes rezult\u0101tus ir gr\u016bti atrast - m\u0113s sav\u0101 t\u012bmek\u013ca vietn\u0113 uzskait\u0101m \u0161odienas un vakardienas laim\u0113ju\u0161os skait\u013cus un izlozes rezult\u0101tus.","robots":{"index":"index","follow":"follow","max-snippet":"max-snippet:-1","max-image-preview":"max-image-preview:large","max-video-preview":"max-video-preview:-1"},"canonical":"https:\/\/jackpotlotteryonline.com\/lv\/laimejusie-skaitli\/mega-sena\/","og_locale":"lv_LV","og_type":"article","og_title":"Mega-Sena loterijas izlozes rezult\u0101ti un laim\u012bgie skait\u013ci","og_description":"Braz\u012blijas Mega-Sena izlozes rezult\u0101tus ir gr\u016bti atrast - m\u0113s sav\u0101 t\u012bmek\u013ca vietn\u0113 uzskait\u0101m \u0161odienas un vakardienas laim\u0113ju\u0161os skait\u013cus un izlozes rezult\u0101tus.","og_url":"https:\/\/jackpotlotteryonline.com\/lv\/laimejusie-skaitli\/mega-sena\/","og_site_name":"Lotto Online - Crack The International Lottery Jackpots","article_modified_time":"2022-12-29T21:35:45+00:00","og_image":[{"url":"https:\/\/jackpotlotteryonline.com\/wp-content\/uploads\/2022\/11\/read1.jpg"}],"twitter_card":"summary_large_image","twitter_misc":{"Est. reading time":"3 minutes"},"schema":{"@context":"https:\/\/schema.org","@graph":[{"@type":"WebPage","@id":"https:\/\/jackpotlotteryonline.com\/lv\/laimejusie-skaitli\/mega-sena\/","url":"https:\/\/jackpotlotteryonline.com\/lv\/laimejusie-skaitli\/mega-sena\/","name":"Mega-Sena loterijas izlozes rezult\u0101ti un laim\u012bgie skait\u013ci","isPartOf":{"@id":"https:\/\/jackpotlotteryonline.com\/#website"},"primaryImageOfPage":{"@id":"https:\/\/jackpotlotteryonline.com\/lv\/laimejusie-skaitli\/mega-sena\/#primaryimage"},"image":{"@id":"https:\/\/jackpotlotteryonline.com\/lv\/laimejusie-skaitli\/mega-sena\/#primaryimage"},"thumbnailUrl":"https:\/\/jackpotlotteryonline.com\/wp-content\/uploads\/2022\/11\/read1.jpg","datePublished":"2022-12-08T13:41:33+00:00","dateModified":"2022-12-29T21:35:45+00:00","description":"Braz\u012blijas Mega-Sena izlozes rezult\u0101tus ir gr\u016bti atrast - m\u0113s sav\u0101 t\u012bmek\u013ca vietn\u0113 uzskait\u0101m \u0161odienas un vakardienas laim\u0113ju\u0161os skait\u013cus un izlozes rezult\u0101tus.","breadcrumb":{"@id":"https:\/\/jackpotlotteryonline.com\/lv\/laimejusie-skaitli\/mega-sena\/#breadcrumb"},"inLanguage":"lv-LV","potentialAction":[{"@type":"ReadAction","target":["https:\/\/jackpotlotteryonline.com\/lv\/laimejusie-skaitli\/mega-sena\/"]}]},{"@type":"ImageObject","inLanguage":"lv-LV","@id":"https:\/\/jackpotlotteryonline.com\/lv\/laimejusie-skaitli\/mega-sena\/#primaryimage","url":"https:\/\/jackpotlotteryonline.com\/wp-content\/uploads\/2022\/11\/read1.jpg","contentUrl":"https:\/\/jackpotlotteryonline.com\/wp-content\/uploads\/2022\/11\/read1.jpg"},{"@type":"BreadcrumbList","@id":"https:\/\/jackpotlotteryonline.com\/lv\/laimejusie-skaitli\/mega-sena\/#breadcrumb","itemListElement":[{"@type":"ListItem","position":1,"name":"Home","item":"https:\/\/jackpotlotteryonline.com\/lv\/"},{"@type":"ListItem","position":2,"name":"Loterijas rezult\u0101ti","item":"https:\/\/jackpotlotteryonline.com\/winning-numbers\/"},{"@type":"ListItem","position":3,"name":"Mega-Sena loterijas izlozes rezult\u0101ti"}]},{"@type":"WebSite","@id":"https:\/\/jackpotlotteryonline.com\/#website","url":"https:\/\/jackpotlotteryonline.com\/","name":"Lotto Online - Crack The International Lottery Jackpots","description":"","potentialAction":[{"@type":"SearchAction","target":{"@type":"EntryPoint","urlTemplate":"https:\/\/jackpotlotteryonline.com\/?s={search_term_string}"},"query-input":"required name=search_term_string"}],"inLanguage":"lv-LV"}]}},"_links":{"self":[{"href":"https:\/\/jackpotlotteryonline.com\/lv\/wp-json\/wp\/v2\/pages\/41212","targetHints":{"allow":["GET"]}}],"collection":[{"href":"https:\/\/jackpotlotteryonline.com\/lv\/wp-json\/wp\/v2\/pages"}],"about":[{"href":"https:\/\/jackpotlotteryonline.com\/lv\/wp-json\/wp\/v2\/types\/page"}],"author":[{"embeddable":true,"href":"https:\/\/jackpotlotteryonline.com\/lv\/wp-json\/wp\/v2\/users\/1"}],"replies":[{"embeddable":true,"href":"https:\/\/jackpotlotteryonline.com\/lv\/wp-json\/wp\/v2\/comments?post=41212"}],"version-history":[{"count":0,"href":"https:\/\/jackpotlotteryonline.com\/lv\/wp-json\/wp\/v2\/pages\/41212\/revisions"}],"up":[{"embeddable":true,"href":"https:\/\/jackpotlotteryonline.com\/lv\/wp-json\/wp\/v2\/pages\/35840"}],"wp:attachment":[{"href":"https:\/\/jackpotlotteryonline.com\/lv\/wp-json\/wp\/v2\/media?parent=41212"}],"curies":[{"name":"wp","href":"https:\/\/api.w.org\/{rel}","templated":true}]}}