{"id":41265,"date":"2022-12-08T19:45:45","date_gmt":"2022-12-08T19:45:45","guid":{"rendered":"https:\/\/jackpotlotteryonline.com\/?page_id=41265"},"modified":"2022-12-30T15:16:49","modified_gmt":"2022-12-30T15:16:49","slug":"saturday-lotto","status":"publish","type":"page","link":"https:\/\/jackpotlotteryonline.com\/lv\/laimejusie-skaitli\/saturday-lotto\/","title":{"rendered":"Sestdiena Lotto izlozes rezult\u0101ti"},"content":{"rendered":"<p>Saturday Lotto, kas paz\u012bstams ar\u012b k\u0101 Tatts lotto, ir viena no Austr\u0101lijas loterij\u0101m, kas g\u016bst visliel\u0101ko pe\u013c\u0146u. Un tagad, kad \u0161aj\u0101 loto var piedal\u012bties sp\u0113l\u0113t\u0101ji vis\u0101 pasaul\u0113, ir v\u0113l svar\u012bg\u0101k izv\u0113l\u0113ties laim\u012bgos skait\u013cus. Uzvara \u0161aj\u0101 Austr\u0101lijas loterij\u0101 noz\u012bm\u0113, ka j\u016bs var\u0113siet doties m\u0101j\u0101s ar vismaz 5 miljoniem ASV dol\u0101ru. \u0160\u012b summa p\u0101rkr\u012bt, ja p\u0113c izlozes nav laim\u0113ju\u0161\u0101s bi\u013cetes. Turkl\u0101t, ja piedal\u012bsieties mega izloz\u0113, kas notiek reizi gad\u0101 Ziemassv\u0113tkos, j\u016bs varat sa\u0146emt 30 miljonus dol\u0101ru!<\/p>\n<p>Ja v\u0113l neesat ieg\u0101d\u0101jies savu laim\u012bgo loterijas bi\u013ceti, dodieties uz jackpotlotlotteryonline.com un <a href=\"https:\/\/jackpotlotteryonline.com\/lv\/iegadaties-biletes\/saturday-lotto\">ieg\u0101d\u0101jieties savu bi\u013ceti jau tagad<\/a>. P\u0113c tam atgriezieties, lai uzzin\u0101tu laim\u0113ju\u0161os skait\u013cus.<\/p>\n<h2>Uzvarot sestdienas Lotto<\/h2>\n<p><img loading=\"lazy\" decoding=\"async\" class=\"alignright size-medium wp-image-28157\" src=\"http:\/\/jackpotlotteryonline.com\/wp-content\/uploads\/2022\/11\/1_lotto_money_win-300x150.jpg\" alt=\"laim\u0113t Saturday Lotto\" width=\"300\" height=\"150\" srcset=\"https:\/\/jackpotlotteryonline.com\/wp-content\/uploads\/2022\/11\/1_lotto_money_win-300x150.jpg 300w, https:\/\/jackpotlotteryonline.com\/wp-content\/uploads\/2022\/11\/1_lotto_money_win.jpg 320w\" sizes=\"auto, (max-width: 300px) 100vw, 300px\" \/>Tatts loto ir viegli sp\u0113l\u0113t, jo \u012bpa\u0161i, ja j\u016bs sp\u0113l\u0113jat tie\u0161saist\u0113. Pamat\u0101 sp\u0113l\u0113t\u0101jiem ir j\u0101izv\u0113las 6 galvenie skait\u013ci no 1 l\u012bdz 45. Tad 2 papildu skait\u013ci no 1 l\u012bdz 6. Papildu skait\u013ciem paties\u012bb\u0101 nav lielas noz\u012bmes d\u017eekpota noteik\u0161an\u0101. Lai vinn\u0113tu d\u017eekpotu, jums vienk\u0101r\u0161i j\u0101atbilst asto\u0146iem izloz\u0113tajiem skait\u013ciem.<\/p>\n<p>T\u0101d\u0113j\u0101di laim\u0113t loto noz\u012bm\u0113, ka j\u016bsu bi\u013cete atbilst se\u0161\u0101m bumbi\u0146\u0101m, kas tiek nejau\u0161i izv\u0113l\u0113tas no 45 bumbi\u0146u mucas. P\u0113c tam no citas mucas ar se\u0161\u0101m bumbi\u0146\u0101m tiek izv\u0113l\u0113tas v\u0113l divas bumbi\u0146as. \u0160\u012bs papildu bumbi\u0146as tiek izmantotas, lai laim\u0113tu citas balvu kategorijas.<\/p>\n<p>Izlozes notiek reizi ned\u0113\u013c\u0101, sestdien\u0101s. T\u0101p\u0113c, ja v\u0113laties laim\u0113t laimestu, jums savlaic\u012bgi j\u0101ieg\u0101d\u0101jas bi\u013cete. Izlozes beidzas sestdien plkst. 19.25 p\u0113c Austrumeiropas austrumu laika. Sp\u0113l\u0113t\u0101jiem, kuri v\u0113las piedal\u012bties attiec\u012bg\u0101s ned\u0113\u013cas izloz\u0113, ir j\u0101ieg\u0101d\u0101jas laim\u012bg\u0101s bi\u013cetes l\u012bdz t\u0101s sl\u0113g\u0161anas laikam.<\/p>\n<h2>Sp\u0113l\u0113jot tie\u0161saist\u0113<\/h2>\n<p>M\u0113s \u012bsi past\u0101st\u012bsim par laimestu loto tie\u0161saist\u0113. Apmekl\u0113jot sestdienas lotto lapu vietn\u0113 jackpotlotlotteryonline.com, jums tiks pied\u0101v\u0101ts izv\u0113l\u0113ties laim\u012bgos skait\u013cus. Ja jums ir k\u0101di \u012bpa\u0161i datumi, kas jums ir nesu\u0161i veiksmi, tad j\u016bs tos varat izmantot.<\/p>\n<p>Tom\u0113r tiem, kam nav \u012bpa\u0161u numuru, no kuriem izv\u0113l\u0113ties, nebaidieties. Mums ir autom\u0101tiskais skait\u013cu atlases r\u012bks, kas jums \u0123ener\u0113s nejau\u0161us laimesta skait\u013cus. Daudzi loterijas uzvar\u0113t\u0101ji ir vinn\u0113ju\u0161i, izmantojot nejau\u0161o numuru atlas\u012bt\u0101ju.<\/p>\n<p>Kad b\u016bsiet izv\u0113l\u0113jies laim\u012bgos skait\u013cus, j\u016bs piedal\u012bsieties ned\u0113\u013cas izloz\u0113. Pirms maks\u0101juma veik\u0161anas m\u0113s jums l\u016bgsim re\u0123istr\u0113ties. Tas tiek dar\u012bts, lai j\u016bsu bi\u013cete b\u016btu dro\u0161\u012bb\u0101 un lai pal\u012bdz\u0113tu jums izmaks\u0101t laimestu. Par to m\u0113s run\u0101sim dr\u012bzum\u0101.<\/p>\n<section class=\"layout\" style=\"border: solid 1px; width: 100%;\">\n<div class=\"img-div\" style=\"margin-top: 5px;\"><img decoding=\"async\" class=\"wp-image-17212 alignleft\" style=\"height: 45px; margin: 8px 8px 0px;\" src=\"http:\/\/jackpotlotteryonline.com\/wp-content\/uploads\/2022\/11\/read1.jpg\" alt=\"las\u012bt\" width=\"\" height=\"\" \/><\/div>\n<div style=\"padding-left: 5px;\">\n<div style=\"font-size: 1.1em;\">\n<p><strong>Skatieties, k\u0101 izlozes numuri tiek izloz\u0113ti tie\u0161raid\u0113<\/strong><\/p>\n<p style=\"font-size: 0.85em; margin-top: -1.5em;\">K\u0101 skat\u012bties savu iecien\u012bt\u0101ko loteriju tie\u0161raides izlozes <a href=\"https:\/\/jackpotlotteryonline.com\/lv\/skatieties-ka-izlozes-numuri-tiek-izlozeti-dzivaja\">las\u012bt vair\u0101k<\/a><\/p>\n<\/div>\n<\/div>\n<\/section>\n<h2>Balvu noda\u013cas<\/h2>\n<p>Tatts lotto vinnests nav tikai laimests. \u0160aj\u0101 loto ir asto\u0146as balvu noda\u013cas. Ieg\u0101d\u0101joties loto bi\u013ceti, jums ir iesp\u0113ja ieg\u016bt k\u0101du no \u0161\u012bm balvu kategorij\u0101m. T\u0101l\u0101k ir nor\u0101d\u012bti katras noda\u013cas laim\u012bgie skait\u013ci.<\/p>\n<p>1. noda\u013ca: 6. izloze (d\u017eekpots)<\/p>\n<p>2. noda\u013ca: 5 + 1 papildu skaitlis.<\/p>\n<p>noda\u013ca: 5. marts<\/p>\n<p>noda\u013ca: 4. ma\u010ds<\/p>\n<p>noda\u013ca: 3. ma\u010ds + 1 papildu skaitlis.<\/p>\n<p>noda\u013ca: 3. ma\u010ds<\/p>\n<p>Iesp\u0113jams, viens no iemesliem, k\u0101p\u0113c austr\u0101lie\u0161i tik \u013coti m\u012bl \u0161o loteriju, ir tas, cik viegli taj\u0101 ir uzvar\u0113t. Iesp\u0113ja laim\u0113t ir fantastiska, un, \u0146emot v\u0113r\u0101, ka minim\u0101l\u0101 laimesta balva ir 5 miljoni Austr\u0101lijas dol\u0101ru, tas nav nek\u0101ds p\u0101rsteigums. Ja v\u0113l neesat to dar\u012bjis, \u0161is ir \u012bstais br\u012bdis padom\u0101t par laimestu bi\u013cetes ieg\u0101di.<\/p>\n<h2>Papildu skait\u013ci<\/h2>\n<p>M\u0113s jau piemin\u0113j\u0101m papildu skait\u013cus, un j\u016bs, iesp\u0113jams, jau esat paman\u012bju\u0161i, ka da\u017ei izlozes veidi tos izmanto. \u0145emiet v\u0113r\u0101, ka tie tiek nejau\u0161i \u0123ener\u0113ti izlozes laik\u0101 un tiek izmantoti, lai noteiktu 2. un 5. dal\u012bjumu. Sp\u0113l\u0113t\u0101ji \u0161os skait\u013cus neizv\u0113las un nevar tos ietekm\u0113t. T\u0101p\u0113c neuztraucieties, ja, p\u0113rkot bi\u013cetes, neredzat \u0161o iesp\u0113ju.<\/p>\n<h2>K\u0101 p\u0101rbaud\u012bt laimestu rezult\u0101tus<\/h2>\n<p>Tagad, kad esat ieg\u0101d\u0101jies bi\u013ceti, k\u0101 p\u0101rbaud\u012bt, vai jums ir laim\u0113jus\u012b bi\u013cete? Vislab\u0101kais veids, k\u0101 to izdar\u012bt, ir atgriezties \u0161eit. P\u0113c izlozes \u0161aj\u0101 lap\u0101 public\u0113jam sestdienas loto laimestu rezult\u0101tus.<\/p>\n<p>M\u0113s nepublic\u0113jam tikai laimestu numurus. M\u0113s public\u0113jam ar\u012b visu p\u0101r\u0113jo izlo\u017eu laimestu numurus. T\u0101d\u0113j\u0101di j\u016bs varat uzreiz uzzin\u0101t, cik tuvu j\u016bs bij\u0101t laim\u0113jumam loterij\u0101.<\/p>\n<p>Ja esat pie mums re\u0123istr\u0113jies, tas ir v\u0113l vienk\u0101r\u0161\u0101k. Jums nav nekur j\u0101dodas, lai uzzin\u0101tu, vai esat laim\u0113jis loto. N\u0113, jo m\u0113s jums nos\u016bt\u012bsim pazi\u0146ojumu, tikl\u012bdz j\u016bs vinn\u0113siet balvu. Tie\u0161i t\u0101. J\u016bs sa\u0146emsiet e-pasta v\u0113stuli ar br\u012bdin\u0101jumu, ka jums ir loterij\u0101 laim\u0113ju\u0161ie skait\u013ci. M\u0113s dar\u0101m visu iesp\u0113jamo, lai loto sp\u0113l\u0113\u0161ana no jebkuras vietas b\u016btu vienk\u0101r\u0161a un bez stresa.<\/p>\n<h2>J\u016bsu laimestu iz\u0146em\u0161ana naud\u0101<\/h2>\n<p><img loading=\"lazy\" decoding=\"async\" class=\"alignright size-medium wp-image-34997\" src=\"http:\/\/jackpotlotteryonline.com\/wp-content\/uploads\/2022\/11\/2_ticket_saturday_lotto_au-1-166x300.jpg\" alt=\"Sestdienas Lotto online kv\u012bts\" width=\"166\" height=\"300\" srcset=\"https:\/\/jackpotlotteryonline.com\/wp-content\/uploads\/2022\/11\/2_ticket_saturday_lotto_au-1-166x300.jpg 166w, https:\/\/jackpotlotteryonline.com\/wp-content\/uploads\/2022\/11\/2_ticket_saturday_lotto_au-1.jpg 250w\" sizes=\"auto, (max-width: 166px) 100vw, 166px\" \/>Ja esat vinn\u0113jis loto, n\u0101kamais solis ir ieg\u016bt piek\u013cuvi laimestam. Nav j\u0113gas vinn\u0113t Austr\u0101lijas loto, ja j\u016bs nevarat sa\u0146emt savu laimestu. Un \u0161eit viss k\u013c\u016bst patie\u0161\u0101m interesanti.<\/p>\n<p>Ja esat vinn\u0113jis lotto balvu, kas ir maz\u0101ka par 2500 eiro, ieg\u016bt savu laimestu ir neticami vienk\u0101r\u0161i. Vienk\u0101r\u0161i iz\u0146emiet savu laimestu no m\u016bsu platformas tie\u0161i uz savu banku. Mums ir vair\u0101kas metodes, ko varat izmantot, lai \u0113rti izmaks\u0101tu savu laimestu.<\/p>\n<p>Ja j\u016bsu laimests p\u0101rsniedz 2500 eiro atz\u012bmi, jums, iesp\u0113jams, b\u016bs j\u0101sazin\u0101s ar loterijas uz\u0146\u0113mumu, lai iesniegtu pras\u012bbu. M\u0113s sniegsim jums nepiecie\u0161amo atbalstu, nos\u016btot jums aizpild\u0101mo pretenziju veidlapu. Tas ir vienk\u0101r\u0161s process ar praktiski nulles probl\u0113mu.<\/p>\n<h2>Secin\u0101jums<\/h2>\n<p>Priek\u0161roc\u012bba, ieg\u0101d\u0101joties loterijas bi\u013cetes pie mums, ir t\u0101, ka j\u016bs zin\u0101t, ka esat ieg\u0101d\u0101jies dal\u012bbu loterij\u0101. Ar mums j\u016bs neveicat der\u012bbas par izn\u0101kumu. J\u016bs faktiski ieg\u0101d\u0101jaties ierakstu. T\u0101tad, ja j\u016bs uzvar\u0113siet, j\u016bs sa\u0146emsiet savu laimestu.<\/p>\n<p>M\u0113s sp\u0113l\u0113t\u0101jiem atvieglojam lab\u0101ko starptautisko loteriju sp\u0113l\u0113\u0161anu. J\u016bs varat ieg\u0101d\u0101ties bi\u013cetes, p\u0101rbaud\u012bt savu laimestu kombin\u0101ciju un viegli sa\u0146emt laimestu. M\u0113s esam par\u016bp\u0113ju\u0161ies par visu, lai j\u016bs var\u0113tu atp\u016bsties un izklaid\u0113ties. <a href=\"http:\/\/jackpotlotteryonline.com\/lv\/ka-spelet\/saturday-lotto\">Sp\u0113l\u0113jot loteriju ar jackpotlotlotteryonline.com<\/a>, j\u016bs ieg\u016bstat abpus\u0113ji izdev\u012bgu situ\u0101ciju. Re\u0123istr\u0113jieties pie mums jau \u0161odien.<\/p>\n","protected":false},"excerpt":{"rendered":"<p>Saturday Lotto, kas paz\u012bstams ar\u012b k\u0101 Tatts lotto, ir viena no Austr\u0101lijas loterij\u0101m, kas g\u016bst visliel\u0101ko pe\u013c\u0146u. Un tagad, kad \u0161aj\u0101 loto var piedal\u012bties sp\u0113l\u0113t\u0101ji vis\u0101 pasaul\u0113, ir v\u0113l svar\u012bg\u0101k izv\u0113l\u0113ties laim\u012bgos skait\u013cus. Uzvara \u0161aj\u0101 Austr\u0101lijas loterij\u0101 noz\u012bm\u0113, ka j\u016bs var\u0113siet doties m\u0101j\u0101s ar vismaz 5 miljoniem ASV dol\u0101ru. \u0160\u012b summa p\u0101rkr\u012bt, ja p\u0113c izlozes [&hellip;]<\/p>\n","protected":false},"author":1,"featured_media":0,"parent":35840,"menu_order":18,"comment_status":"closed","ping_status":"closed","template":"saturday-lotto-results.php","meta":{"_et_pb_use_builder":"","_et_pb_old_content":"","_et_gb_content_width":"","exclude_from_search":false,"footnotes":""},"class_list":["post-41265","page","type-page","status-publish","hentry"],"yoast_head":"<!-- This site is optimized with the Yoast SEO plugin v23.3 - https:\/\/yoast.com\/wordpress\/plugins\/seo\/ -->\n<title>Sestdienas Lotto laim\u0113ju\u0161ie skait\u013ci un izlozes rezult\u0101ti<\/title>\n<meta name=\"description\" content=\"Sal\u012bdziniet savu loto bi\u013ceti ar jaun\u0101k\u0101s sestdienas Lotto izlozes rezult\u0101tiem - skatiet laim\u0113ju\u0161os skait\u013cus \u0161eit!\" \/>\n<meta name=\"robots\" content=\"index, follow, max-snippet:-1, max-image-preview:large, max-video-preview:-1\" \/>\n<link rel=\"canonical\" href=\"https:\/\/jackpotlotteryonline.com\/lv\/laimejusie-skaitli\/saturday-lotto\/\" \/>\n<meta property=\"og:locale\" content=\"lv_LV\" \/>\n<meta property=\"og:type\" content=\"article\" \/>\n<meta property=\"og:title\" content=\"Sestdienas Lotto laim\u0113ju\u0161ie skait\u013ci un izlozes rezult\u0101ti\" \/>\n<meta property=\"og:description\" content=\"Sal\u012bdziniet savu loto bi\u013ceti ar jaun\u0101k\u0101s sestdienas Lotto izlozes rezult\u0101tiem - skatiet laim\u0113ju\u0161os skait\u013cus \u0161eit!\" \/>\n<meta property=\"og:url\" content=\"https:\/\/jackpotlotteryonline.com\/lv\/laimejusie-skaitli\/saturday-lotto\/\" \/>\n<meta property=\"og:site_name\" content=\"Lotto Online - Crack The International Lottery Jackpots\" \/>\n<meta property=\"article:modified_time\" content=\"2022-12-30T15:16:49+00:00\" \/>\n<meta property=\"og:image\" content=\"http:\/\/jackpotlotteryonline.com\/wp-content\/uploads\/2022\/11\/1_lotto_money_win-300x150.jpg\" \/>\n<meta name=\"twitter:card\" content=\"summary_large_image\" \/>\n<meta name=\"twitter:label1\" content=\"Est. reading time\" \/>\n\t<meta name=\"twitter:data1\" content=\"4 minutes\" \/>\n<!-- \/ Yoast SEO plugin. -->","yoast_head_json":{"title":"Sestdienas Lotto laim\u0113ju\u0161ie skait\u013ci un izlozes rezult\u0101ti","description":"Sal\u012bdziniet savu loto bi\u013ceti ar jaun\u0101k\u0101s sestdienas Lotto izlozes rezult\u0101tiem - skatiet laim\u0113ju\u0161os skait\u013cus \u0161eit!","robots":{"index":"index","follow":"follow","max-snippet":"max-snippet:-1","max-image-preview":"max-image-preview:large","max-video-preview":"max-video-preview:-1"},"canonical":"https:\/\/jackpotlotteryonline.com\/lv\/laimejusie-skaitli\/saturday-lotto\/","og_locale":"lv_LV","og_type":"article","og_title":"Sestdienas Lotto laim\u0113ju\u0161ie skait\u013ci un izlozes rezult\u0101ti","og_description":"Sal\u012bdziniet savu loto bi\u013ceti ar jaun\u0101k\u0101s sestdienas Lotto izlozes rezult\u0101tiem - skatiet laim\u0113ju\u0161os skait\u013cus \u0161eit!","og_url":"https:\/\/jackpotlotteryonline.com\/lv\/laimejusie-skaitli\/saturday-lotto\/","og_site_name":"Lotto Online - Crack The International Lottery Jackpots","article_modified_time":"2022-12-30T15:16:49+00:00","og_image":[{"url":"http:\/\/jackpotlotteryonline.com\/wp-content\/uploads\/2022\/11\/1_lotto_money_win-300x150.jpg"}],"twitter_card":"summary_large_image","twitter_misc":{"Est. reading time":"4 minutes"},"schema":{"@context":"https:\/\/schema.org","@graph":[{"@type":"WebPage","@id":"https:\/\/jackpotlotteryonline.com\/lv\/laimejusie-skaitli\/saturday-lotto\/","url":"https:\/\/jackpotlotteryonline.com\/lv\/laimejusie-skaitli\/saturday-lotto\/","name":"Sestdienas Lotto laim\u0113ju\u0161ie skait\u013ci un izlozes rezult\u0101ti","isPartOf":{"@id":"https:\/\/jackpotlotteryonline.com\/#website"},"primaryImageOfPage":{"@id":"https:\/\/jackpotlotteryonline.com\/lv\/laimejusie-skaitli\/saturday-lotto\/#primaryimage"},"image":{"@id":"https:\/\/jackpotlotteryonline.com\/lv\/laimejusie-skaitli\/saturday-lotto\/#primaryimage"},"thumbnailUrl":"http:\/\/jackpotlotteryonline.com\/wp-content\/uploads\/2022\/11\/1_lotto_money_win-300x150.jpg","datePublished":"2022-12-08T19:45:45+00:00","dateModified":"2022-12-30T15:16:49+00:00","description":"Sal\u012bdziniet savu loto bi\u013ceti ar jaun\u0101k\u0101s sestdienas Lotto izlozes rezult\u0101tiem - skatiet laim\u0113ju\u0161os skait\u013cus \u0161eit!","breadcrumb":{"@id":"https:\/\/jackpotlotteryonline.com\/lv\/laimejusie-skaitli\/saturday-lotto\/#breadcrumb"},"inLanguage":"lv-LV","potentialAction":[{"@type":"ReadAction","target":["https:\/\/jackpotlotteryonline.com\/lv\/laimejusie-skaitli\/saturday-lotto\/"]}]},{"@type":"ImageObject","inLanguage":"lv-LV","@id":"https:\/\/jackpotlotteryonline.com\/lv\/laimejusie-skaitli\/saturday-lotto\/#primaryimage","url":"http:\/\/jackpotlotteryonline.com\/wp-content\/uploads\/2022\/11\/1_lotto_money_win-300x150.jpg","contentUrl":"http:\/\/jackpotlotteryonline.com\/wp-content\/uploads\/2022\/11\/1_lotto_money_win-300x150.jpg"},{"@type":"BreadcrumbList","@id":"https:\/\/jackpotlotteryonline.com\/lv\/laimejusie-skaitli\/saturday-lotto\/#breadcrumb","itemListElement":[{"@type":"ListItem","position":1,"name":"Home","item":"https:\/\/jackpotlotteryonline.com\/lv\/"},{"@type":"ListItem","position":2,"name":"Loterijas rezult\u0101ti","item":"https:\/\/jackpotlotteryonline.com\/winning-numbers\/"},{"@type":"ListItem","position":3,"name":"Sestdiena Lotto izlozes rezult\u0101ti"}]},{"@type":"WebSite","@id":"https:\/\/jackpotlotteryonline.com\/#website","url":"https:\/\/jackpotlotteryonline.com\/","name":"Lotto Online - Crack The International Lottery Jackpots","description":"","potentialAction":[{"@type":"SearchAction","target":{"@type":"EntryPoint","urlTemplate":"https:\/\/jackpotlotteryonline.com\/?s={search_term_string}"},"query-input":"required name=search_term_string"}],"inLanguage":"lv-LV"}]}},"_links":{"self":[{"href":"https:\/\/jackpotlotteryonline.com\/lv\/wp-json\/wp\/v2\/pages\/41265","targetHints":{"allow":["GET"]}}],"collection":[{"href":"https:\/\/jackpotlotteryonline.com\/lv\/wp-json\/wp\/v2\/pages"}],"about":[{"href":"https:\/\/jackpotlotteryonline.com\/lv\/wp-json\/wp\/v2\/types\/page"}],"author":[{"embeddable":true,"href":"https:\/\/jackpotlotteryonline.com\/lv\/wp-json\/wp\/v2\/users\/1"}],"replies":[{"embeddable":true,"href":"https:\/\/jackpotlotteryonline.com\/lv\/wp-json\/wp\/v2\/comments?post=41265"}],"version-history":[{"count":0,"href":"https:\/\/jackpotlotteryonline.com\/lv\/wp-json\/wp\/v2\/pages\/41265\/revisions"}],"up":[{"embeddable":true,"href":"https:\/\/jackpotlotteryonline.com\/lv\/wp-json\/wp\/v2\/pages\/35840"}],"wp:attachment":[{"href":"https:\/\/jackpotlotteryonline.com\/lv\/wp-json\/wp\/v2\/media?parent=41265"}],"curies":[{"name":"wp","href":"https:\/\/api.w.org\/{rel}","templated":true}]}}