{"id":41319,"date":"2022-12-09T06:34:07","date_gmt":"2022-12-09T06:34:07","guid":{"rendered":"https:\/\/jackpotlotteryonline.com\/?page_id=41319"},"modified":"2022-12-29T13:41:04","modified_gmt":"2022-12-29T13:41:04","slug":"thunderball","status":"publish","type":"page","link":"https:\/\/jackpotlotteryonline.com\/lv\/laimejusie-skaitli\/thunderball\/","title":{"rendered":"Thunderball Loterijas izlozes rezult\u0101ti"},"content":{"rendered":"<p>Thunderball ir viena no popul\u0101r\u0101kaj\u0101m Apvienot\u0101s Karalistes loterij\u0101m. Tikai par nelielu summu sp\u0113lma\u0146i var laim\u0113t pusmiljonu m\u0101rci\u0146u, kas ir fantastiski. Ir daudz loteriju, ta\u010du Thunderball ir kaut kas t\u0101ds, kas piesaista sp\u0113l\u0113t\u0101jus. Iesp\u0113jams, tas ir neticami izdev\u012bgais koeficients vai ar\u012b tas, ka taj\u0101 ir daudz laim\u0113t\u0101ju. Lai k\u0101ds b\u016btu iemesls, sp\u0113l\u0113t\u0101ji vis\u0101 pasaul\u0113 p\u0113rk Thunderball loterijas bi\u013cetes tie\u0161saist\u0113.<\/p>\n<p>Ja j\u016bs <a href=\"https:\/\/jackpotlotteryonline.com\/lt\/kaip-zaisti\/thunderball\">sp\u0113l\u0113jat loteriju tie\u0161saist\u0113<\/a>, ir svar\u012bgi p\u0101rbaud\u012bt laim\u0113ju\u0161os skait\u013cus. Tas ir t\u0101p\u0113c, lai j\u016bs zin\u0101tu, vai j\u016bsu bi\u013cete atbilst izloz\u0113tajiem skait\u013ciem. Ja j\u016bs interes\u0113, k\u0101 p\u0101rbaud\u012bt izlozes rezult\u0101tus, tad esat \u012bstaj\u0101 viet\u0101. M\u0113s dal\u012bsimies ar\u012b ar lab\u0101ko veidu, k\u0101 p\u0101rbaud\u012bt izlozes rezult\u0101tus.<\/p>\n<p>Ja <a href=\"https:\/\/jackpotlotteryonline.com\/lt\/pirkti-bilietus\/thunderball\">p\u0113rkat bi\u013cetes vietn\u0113 jackpotlotteryonline.com<\/a>, tad turpiniet las\u012bt, lai uzzin\u0101tu, k\u0101 sa\u0146emt savus laimestus.<\/p>\n<h2>Thunderball laim\u012bgo skait\u013cu izv\u0113le<\/h2>\n<p><img loading=\"lazy\" decoding=\"async\" class=\"alignright size-medium wp-image-29480\" src=\"https:\/\/jackpotlotteryonline.com\/wp-content\/uploads\/2022\/11\/1_rain_lottery_money_win-282x300.jpg\" alt=\"Thunderball laim\u012bgie skait\u013ci\" width=\"282\" height=\"300\" srcset=\"https:\/\/jackpotlotteryonline.com\/wp-content\/uploads\/2022\/11\/1_rain_lottery_money_win-282x300.jpg 282w, https:\/\/jackpotlotteryonline.com\/wp-content\/uploads\/2022\/11\/1_rain_lottery_money_win.jpg 300w\" sizes=\"auto, (max-width: 282px) 100vw, 282px\" \/>Ir divi galvenie veidi, ko sp\u0113l\u0113t\u0101ji izmanto, lai izv\u0113l\u0113tos v\u0113lamos skait\u013cus. Liel\u0101kaj\u0101 da\u013c\u0101 loteriju jums ir j\u0101izv\u0113las no noteikta diapazona. T\u0101p\u0113c da\u017ei sp\u0113l\u0113t\u0101ji izv\u0113las sev \u012bpa\u0161us datumus, piem\u0113ram, dzim\u0161anas dienas vai jubilejas. \u0160os datumus sauc par laim\u012bgajiem datumiem.<\/p>\n<p>Da\u017e\u0101s pasaules da\u013c\u0101s da\u017eiem cilv\u0113kiem ir skait\u013ci, kurus vi\u0146i uzskata par laim\u012bgiem. Piem\u0113ram, da\u017ei par laim\u012bgu skaitli uzskata skaitli 7, bet citi &#8211; skaitli 13 par nelaim\u012bgu. Tas patie\u0161\u0101m ir atkar\u012bgs no t\u0101, ko j\u016bs uzskat\u0101t par laim\u012bgu. \u0160o metodi ir iecien\u012bju\u0161i daudzi sp\u0113l\u0113t\u0101ji vis\u0101 pasaul\u0113, un t\u0101 var noder\u0113t ar\u012b jums.<\/p>\n<p>Otrais veids ir izmantot m\u016bsu autom\u0101tisko \u0123eneratoru, lai izv\u0113l\u0113tos skait\u013cus p\u0113c nejau\u0161\u012bbas principa. Da\u017eiem cilv\u0113kiem tas darbojas vienk\u0101r\u0161i t\u0101p\u0113c, ka loterija ir laimes sp\u0113le. Lai gan j\u016bs varat dar\u012bt visu, lai liktu sev justies laim\u012bgam, nav iesp\u0113jams garant\u0113t laimestu.<\/p>\n<h2>K\u0101 sp\u0113l\u0113t Thunderball tie\u0161saist\u0113<\/h2>\n<p>AK Thunderball ir aizraujo\u0161a sp\u0113le. T\u0101 norit t\u0101pat k\u0101 jebkura cita loto sp\u0113le. B\u016bt\u012bb\u0101 jums ir j\u0101izv\u0113las 5 skait\u013ci no 1 l\u012bdz 39 un \u012bpa\u0161ais skaitlis no 1 l\u012bdz 14. \u0160o \u012bpa\u0161o skaitli sauc par &#8220;Thunderball&#8221;, un tas tiek izmantots, lai noteiktu se\u0161as balvu kategorijas, tostarp d\u017eekpotu.<\/p>\n<p>Sp\u0113l\u0113\u0161ana tie\u0161saist\u0113 nav tik \u013coti at\u0161\u0137ir\u012bga, tikai j\u016bs varat izmantot skait\u013cu \u0123eneratoru, lai izv\u0113l\u0113tos nejau\u0161us skait\u013cus. Tas sav\u0101 zi\u0146\u0101 atg\u0101dina &#8220;laim\u012bgo izlozi&#8221; tiem, kas pieradu\u0161i pie fizisk\u0101m bi\u013cet\u0113m. J\u016bs varat izv\u0113l\u0113ties vair\u0101kas l\u012bnijas un vair\u0101kas bi\u013cetes, lai palielin\u0101tu savas izredzes laim\u0113t Thunderball.<\/p>\n<p>N\u0101kamais solis ir piedal\u012bties izloz\u0113, un \u0161\u012b ir lab\u0101k\u0101 da\u013ca. \u0145emiet v\u0113r\u0101, ka ir piln\u012bgi at\u013cauts piedal\u012bties vair\u0101k\u0101s izloz\u0113s. Un, ja j\u016bs ieg\u0101d\u0101jaties bi\u013ceti pie mums, j\u016bs varat piedal\u012bties izloz\u0113 ar\u012b vair\u0101kas ned\u0113\u013cas iepriek\u0161. Tas dod jums priek\u0161roc\u012bbas, kad runa ir par \u0161\u012bs azartsp\u0113les sp\u0113l\u0113\u0161anu.<\/p>\n<section class=\"layout\" style=\"border: solid 1px; width: 100%;\">\n<div class=\"img-div\" style=\"margin-top: 5px;\"><img decoding=\"async\" class=\"wp-image-17212 alignleft\" style=\"height: 45px; margin: 8px 8px 0px;\" src=\"https:\/\/jackpotlotteryonline.com\/wp-content\/uploads\/2022\/11\/read1.jpg\" alt=\"las\u012bt\" width=\"\" height=\"\" \/><\/div>\n<div style=\"padding-left: 5px;\">\n<div style=\"font-size: 1.1em;\">\n<p><strong>Loterijas, kur\u0101s ir vislab\u0101k\u0101s izredzes laim\u0113t lielu summu<\/strong><\/p>\n<p style=\"font-size: 0.85em; margin-top: -1.5em;\">Kur\u0101 loterij\u0101 ir vislab\u0101k\u0101s izredzes laim\u0113t?\u00a0 <a href=\"https:\/\/jackpotlotteryonline.com\/lv\/kura-loterija-ir-vislabakas-izredzes-uzvaret\">las\u012bt vair\u0101k<\/a><\/p>\n<\/div>\n<\/div>\n<\/section>\n<h2>Thunderball izlozes dienas<\/h2>\n<p>Izlozes dienas ir \u010detras reizes ned\u0113\u013c\u0101 &#8211; otrdien\u0101s, tre\u0161dien\u0101s, piektdien\u0101s un sestdien\u0101s. \u0160aj\u0101 Apvienot\u0101s Karalistes loterij\u0101 katru ned\u0113\u013cu notiek \u010detras izlozes. Tas noz\u012bm\u0113, ka sp\u0113l\u0113t\u0101jiem ir \u010detras reizes liel\u0101ka iesp\u0113ja vinn\u0113t Thunderball d\u017eekpotu.<\/p>\n<p>J\u016bs varat piedal\u012bties vien\u0101 izloz\u0113, ta\u010du, iesp\u0113jams, lab\u0101k ir piedal\u012bties vair\u0101k\u0101s izloz\u0113s, lai jums b\u016btu daudz liel\u0101kas izredzes laim\u0113t. Atcerieties, ka, veicot vair\u0101k ierakstu, ir liel\u0101ka iesp\u0113ja laim\u0113t.<\/p>\n<h2>K\u0101 p\u0101rbaud\u012bt Thunderball izlozes rezult\u0101tus<\/h2>\n<p>P\u0101rejiet pie lab\u0101k\u0101s da\u013cas, proti, izlozes rezult\u0101tu p\u0101rbaudes. Vien\u012bgais veids, k\u0101 uzzin\u0101t, vai jums ir pareiz\u0101 kombin\u0101cija, ir p\u0101rbaud\u012bt izlozes rezult\u0101tus. Liel\u0101k\u0101 da\u013ca loteriju r\u012bko tie\u0161raides izlozes, un Thunderball nav iz\u0146\u0113mums. T\u0101p\u0113c j\u016bs varat v\u0113rot izlozes tie\u0161raidi tie\u0161saist\u0113. Ir svar\u012bgi \u0146emt v\u0113r\u0101, ka tie\u0161raides izlozes notiek noteikt\u0101 laik\u0101, un laimesta gad\u012bjum\u0101 j\u016bs zaud\u0113jat savu balvu.<\/p>\n<p>Protams, j\u016bs vienm\u0113r varat izp\u0113t\u012bt internet\u0101, lai uzzin\u0101tu, vai esat uzvar\u0113t\u0101js. Diem\u017e\u0113l, lai gan j\u016bs var\u0113tu ieg\u016bt d\u017eekpota kombin\u0101ciju, tas nav tik vienk\u0101r\u0161i attiec\u012bb\u0101 uz cit\u0101m balvu kategorij\u0101m. Thunderball otr\u0101 l\u012bme\u0146a balva ir \u00a35000, un j\u016bs nev\u0113l\u0113tos to palaist gar\u0101m.<\/p>\n<p>Vislab\u0101kais risin\u0101jums ir p\u0101rbaud\u012bt \u0161o lapu p\u0113c katra izlozes datuma. M\u0113s public\u0113jam jaun\u0101kos izlozes rezult\u0101tus vis\u0101s kategorij\u0101s. Turkl\u0101t, ja bi\u013ceti ieg\u0101d\u0101j\u0101ties pie mums, m\u0113s jums pazi\u0146osim, ja vinn\u0113siet k\u0101du no balv\u0101m.<\/p>\n<h2>Balvas, ko varat laim\u0113t<\/h2>\n<p>K\u0101das ir da\u017e\u0101d\u0101s balvas da\u017e\u0101d\u0101s kategorij\u0101s? Apvienot\u0101s Karalistes &#8220;Thunderball&#8221; ir vair\u0101kas balvu kategorijas ar balvu tikai par atbilst\u012bbu &#8220;Thunderball&#8221;. Past\u0101v liela iesp\u0113ja, ka sp\u0113l\u0113t\u0101js var laim\u0113t balvu.<\/p>\n<p>\u0160eit ir sniegts Apvienot\u0101s Karalistes Thunderball balvu kategoriju sadal\u012bjums, k\u0101 ar\u012b izredzes laim\u0113t.<\/p>\n<p>1. kategorija: Match 5 + Thunderball &#8211; 1 pret 8 060 598 &#8211; 500 000 \u00a3.<\/p>\n<p>2. kategorija: tikai Match 5 &#8211; 1 pret 620 046 &#8211; \u00a35000.<\/p>\n<p>3. kategorija: Match 4 + Thunderball &#8211; 1 pret 47 416 &#8211; 250 \u00a3.<\/p>\n<p>kategorija: Tikai 4. ma\u010ds &#8211; 1 no 3 648 &#8211; 100 sterli\u0146u m\u0101rci\u0146as.<\/p>\n<p>kategorija: &#8220;Match 3 + Thunderball&#8221; &#8211; 1 no 1437 &#8211; 20 \u00a3.<\/p>\n<p>kategorija: Tikai 3. sp\u0113les &#8211; 1 no 111 &#8211; \u00a310<\/p>\n<p>7. kategorija: Match 2 + Thunderball &#8211; 1 no 135 &#8211; \u00a310.<\/p>\n<p>8. kategorija: Match 1 + Thunderball &#8211; 1 pret 35 &#8211; \u00a35<\/p>\n<p>kategorija: Match Thunderball &#8211; 1 pret 29 &#8211; \u00a33<\/p>\n<p>Thunderball balvu var vinn\u0113t ikviens, pat ja vi\u0146\u0161 dz\u012bvo \u0101rpus Apvienot\u0101s Karalistes. Vienk\u0101r\u0161i ieg\u0101d\u0101jieties bi\u013ceti tie\u0161saist\u0113, lai ieg\u016btu iesp\u0113ju laim\u0113t lielu laimestu.<\/p>\n<h2>Laimestu naudas izmaksa<\/h2>\n<p><img loading=\"lazy\" decoding=\"async\" class=\"alignright size-full wp-image-28832\" src=\"https:\/\/jackpotlotteryonline.com\/wp-content\/uploads\/2022\/11\/1_online_win_lottery.jpg\" alt=\"Thunderball balvas piepras\u012b\u0161ana\" width=\"250\" height=\"167\" \/>M\u0113s jau min\u0113j\u0101m, ka m\u0113s jums pazi\u0146osim pa e-pastu un caur j\u016bsu kontu, ja jums b\u016bs laimesta bi\u013cete. Bet k\u0101 j\u016bs varat iz\u0146emt savu laimestu, ja dz\u012bvojat \u0101rpus Apvienot\u0101s Karalistes? \u0160is ir jaut\u0101jums, kas satrauc daudzus sp\u0113l\u0113t\u0101jus. Nu, m\u0113s esam \u0161eit, lai nomierin\u0101tu j\u016bsu sirdi par j\u016bsu laimestiem.<\/p>\n<p>Kad j\u016bs re\u0123istr\u0113jaties pie mums un p\u0113rkat pie mums loterijas bi\u013cetes, m\u0113s jums \u0161o procesu vienk\u0101r\u0161ojam. M\u0113s esam vietne, kas nodro\u0161ina apkalpo\u0161anu, t\u0101p\u0113c esam izveidoju\u0161i vienk\u0101r\u0161u procesu, ar kura pal\u012bdz\u012bbu j\u016bs varat viegli iz\u0146emt savus laimestus. Ja laimestu summa ir maz\u0101ka par 2500 eiro, viss, kas jums j\u0101dara, ir j\u0101izmaks\u0101 nauda no m\u016bsu vietnes uz j\u016bsu kontu.<\/p>\n<p>Ja esat vinn\u0113jis balvu, kas p\u0101rsniedz \u0161o summu, jums b\u016bs j\u0101pieprasa laimests tie\u0161i no loterijas uz\u0146\u0113muma. M\u0113s sniegsim jums piepras\u012bjuma veidlapu un pal\u012bdz\u0113sim jums veikt \u0161o procesu. T\u0101p\u0113c nav j\u0101baid\u0101s, m\u0113s par\u016bp\u0113simies, lai viss b\u016btu vienk\u0101r\u0161i un bez stresa.<\/p>\n<h2>Lietas, kas jums j\u0101zina pirms laimesta piepras\u012b\u0161anas<\/h2>\n<p>Pirms piepras\u0101t savu laimestu, ir svar\u012bgi zin\u0101t da\u017eas lietas par loterijas sp\u0113l\u0113\u0161anu Apvienotaj\u0101 Karalist\u0113. M\u0113s jau zin\u0101m, ka loterij\u0101 var piedal\u012bties ikviens neatkar\u012bgi no valstspieder\u012bbas, tom\u0113r \u0161eit ir da\u017eas lietas, kas j\u0101\u0146em v\u0113r\u0101:<\/p>\n<ul>\n<li>Loterij\u0101 var piedal\u012bties sp\u0113l\u0113t\u0101ji, kas vec\u0101ki par 16 gadiem.<\/li>\n<li>balvas tiek izmaks\u0101tas k\u0101 vienreiz\u0113ja summa<\/li>\n<li>Loterijas laimestiem valst\u012b netiek piem\u0113roti nodok\u013ci. Tom\u0113r, ja j\u016bs sp\u0113l\u0113jat \u0101rpus valsts, jums j\u0101p\u0101rbauda savas valsts nodok\u013cu likumi.<\/li>\n<li>Jums ir 180 dienas, lai piepras\u012btu laimestu, pirms tas non\u0101k atpaka\u013c fond\u0101.<\/li>\n<li>Ja loterij\u0101 piedal\u012bj\u0101ties, izmantojot fizisku p\u0101rdev\u0113ju, jums, iesp\u0113jams, b\u016bs j\u0101sazin\u0101s ar loterijas organizatoriem, lai piepras\u012btu savu laimestu.<\/li>\n<\/ul>\n<h2>Loterijas sp\u0113l\u0113\u0161anas priek\u0161roc\u012bbas ar Jackpotlotlotteryonline.com<\/h2>\n<ul>\n<li>J\u016bs sa\u0146emat \u0101tru un t\u016bl\u012bt\u0113ju piek\u013cuvi loterijai. Jums nav j\u0101dz\u012bvo Apvienotaj\u0101 Karalist\u0113, lai sp\u0113l\u0113tu loterij\u0101.<\/li>\n<li>Tas ir \u013coti \u0113rti, jo jums nav nepiecie\u0161ams atst\u0101t savas m\u0101jas. P\u0101rbaudiet savu kombin\u0101ciju no datora vai mobil\u0101s ier\u012bces.<\/li>\n<li>Tas ir ar\u012b dro\u0161\u0101k, jo j\u016bsu bi\u013cete tiek saglab\u0101ta digit\u0101li. Tas ir svar\u012bgi, jo tas ir vien\u012bgais veids, k\u0101 piepras\u012bt savu laimestu.<\/li>\n<li>Nevajag palaist gar\u0101m savu laimestu, jo m\u0113s nekav\u0113joties br\u012bdin\u0101sim j\u016bs, ja j\u016bs vinn\u0113siet k\u0101du balvu.<\/li>\n<li>J\u016bs varat viegli iz\u0146emt jebkuru laimestu tie\u0161saist\u0113, nekur nebraucot<\/li>\n<\/ul>\n<p>Ja v\u0113l neesat ieg\u0101d\u0101jies &#8220;Thunderball&#8221; bi\u013ceti, \u0161is ir \u012bstais br\u012bdis to izdar\u012bt, lai var\u0113tu piedal\u012bties n\u0101kamaj\u0101 izloz\u0113.<\/p>\n<h2>Kas ir konsjer\u017es vietne?<\/h2>\n<p>M\u0113s jau min\u0113j\u0101m, ka m\u0113s esam konsjer\u017es vietne, un jums, iesp\u0113jams, rodas jaut\u0101jums, ko tas noz\u012bm\u0113. Viena no probl\u0113m\u0101m, ar ko saskaras sp\u0113l\u0113t\u0101ji, p\u0113rkot bi\u013cetes tie\u0161saist\u0113, ir t\u0101, ka vi\u0146i nekad nezina, vai ir piedal\u012bju\u0161ies loterij\u0101. Daudzas vietnes \u013cauj saviem sp\u0113l\u0113t\u0101jiem likt likmes uz loterijas izn\u0101kumu, kas ir pavisam kas cits.<\/p>\n<p>Vietn\u0113 jackpotlotlotteryonline.com m\u0113s saviem lietot\u0101jiem sniedzam piek\u013cuvi lab\u0101kaj\u0101m starptautiskaj\u0101m loterij\u0101m vis\u0101 pasaul\u0113. Tas ir t\u0101p\u0113c, ka m\u0113s p\u0101rvald\u0101m vietni, kur\u0101 mums ir a\u0123enti da\u017e\u0101d\u0101s pasaules da\u013c\u0101s. Kad j\u016bs p\u0113rkat loterijas bi\u013cetes no mums, m\u016bsu a\u0123ents attiec\u012bgaj\u0101 valst\u012b ieg\u0101d\u0101jas fizisku bi\u013ceti ar atbilsto\u0161iem numuriem. P\u0113c tam bi\u013cete tiek sken\u0113ta un nos\u016bt\u012bta jums.<\/p>\n<p>P\u0113rkot Thunderball loterijas bi\u013ceti no mums, j\u016bs esat p\u0101rliecin\u0101ts, ka, ja jums atbilst izloz\u0113tie skait\u013ci, j\u016bs vinn\u0113siet loterij\u0101. Tas ir tik vienk\u0101r\u0161i, ta\u010du tas ir vien\u012bgais, kas m\u016bsu klientiem sniedz mieru sp\u0113l\u0113t loteriju tie\u0161saist\u0113.<\/p>\n<h2>Padomi, k\u0101 laim\u0113t Thunderball<\/h2>\n<p>Lai gan Thunderball ir nejau\u0161\u012bbas sp\u0113le, ir lietas, ko varat dar\u012bt, lai palielin\u0101tu savu laimesta varb\u016bt\u012bbu. Turpm\u0101k m\u0113s uzskait\u012bsim da\u017eus no tiem:<\/p>\n<ul>\n<li>Izv\u0113lieties savus laim\u012bgos ciparus. Sp\u0113l\u0113jot Thunderball, veiksmes nevar b\u016bt par daudz.<\/li>\n<li>Ieg\u0101d\u0101jieties vair\u0101k bi\u013ce\u0161u un piedalieties vair\u0101k\u0101s izloz\u0113s. Jo vair\u0101k ierakstu, jo liel\u0101kas ir j\u016bsu izredzes laim\u0113t.<\/li>\n<li>Pievienojieties sindik\u0101tam vai izveidojiet sindik\u0101tu. T\u0101 ir cilv\u0113ku grupa, kas apvieno savus l\u012bdzek\u013cus, lai var\u0113tu ieg\u0101d\u0101ties vair\u0101k bi\u013ce\u0161u.<\/li>\n<li>Esiet p\u0101rliecin\u0101ti, ka j\u016bs vinn\u0113siet. Ir kaut kas t\u0101ds, kas, no sirds ticot, piesaista veiksmi. Vair\u0101ki loterijas uzvar\u0113t\u0101ji ir st\u0101st\u012bju\u0161i par savu tic\u012bbu, ka vi\u0146i uzvar\u0113s.<\/li>\n<\/ul>\n<h2>P\u0101rbaudiet savu laimestu kombin\u0101ciju vietn\u0113 jackpotlotlotteryonline.com.<\/h2>\n<p>M\u0113s atvieglojam sp\u0113l\u0113t\u0101jiem piek\u013cuvi lab\u0101kaj\u0101m starptautiskaj\u0101m loterij\u0101m, nodro\u0161inot bi\u013cetes tie\u0161saist\u0113. Papildus tam j\u016bs varat ar\u012b p\u0101rbaud\u012bt izlozes rezult\u0101tus un sa\u0146emt savus laimestus m\u016bsu vietn\u0113. Sp\u0113l\u0113\u0161ana Thunderball v\u0113l nekad nav bijusi tik relaks\u0113jo\u0161a un bez stresa. Un m\u0113s esam c\u012bt\u012bgi str\u0101d\u0101ju\u0161i, lai t\u0101 t\u0101da ar\u012b paliktu.<\/p>\n<p>Ja v\u0113laties izm\u0113\u0123in\u0101t AK Thunderball, nevilcinieties un ieg\u0101d\u0101jieties bi\u013cetes jau tagad. Apmekl\u0113jiet m\u016bsu vietni p\u0113c katras izlozes, lai uzzin\u0101tu izlozes rezult\u0101tus un viegli sa\u0146emtu savus laimestus.<\/p>\n","protected":false},"excerpt":{"rendered":"<p>Thunderball ir viena no popul\u0101r\u0101kaj\u0101m Apvienot\u0101s Karalistes loterij\u0101m. Tikai par nelielu summu sp\u0113lma\u0146i var laim\u0113t pusmiljonu m\u0101rci\u0146u, kas ir fantastiski. Ir daudz loteriju, ta\u010du Thunderball ir kaut kas t\u0101ds, kas piesaista sp\u0113l\u0113t\u0101jus. Iesp\u0113jams, tas ir neticami izdev\u012bgais koeficients vai ar\u012b tas, ka taj\u0101 ir daudz laim\u0113t\u0101ju. Lai k\u0101ds b\u016btu iemesls, sp\u0113l\u0113t\u0101ji vis\u0101 pasaul\u0113 p\u0113rk Thunderball [&hellip;]<\/p>\n","protected":false},"author":1,"featured_media":0,"parent":35840,"menu_order":12,"comment_status":"closed","ping_status":"closed","template":"thunderball-results.php","meta":{"_et_pb_use_builder":"","_et_pb_old_content":"","_et_gb_content_width":"","exclude_from_search":false,"footnotes":""},"class_list":["post-41319","page","type-page","status-publish","hentry"],"yoast_head":"<!-- This site is optimized with the Yoast SEO plugin v23.3 - https:\/\/yoast.com\/wordpress\/plugins\/seo\/ -->\n<title>Thunderball loterijas laim\u012bgie numuri un izlozes rezult\u0101ti<\/title>\n<meta name=\"description\" content=\"Sal\u012bdziniet savu bi\u013ceti ar jaun\u0101k\u0101s Thunderball izlozes laim\u012bgajiem numuriem un rezult\u0101tiem vai atrodiet v\u0113sturiskos izlozes rezult\u0101tus.\" \/>\n<meta name=\"robots\" content=\"index, follow, max-snippet:-1, max-image-preview:large, max-video-preview:-1\" \/>\n<link rel=\"canonical\" href=\"https:\/\/jackpotlotteryonline.com\/lv\/laimejusie-skaitli\/thunderball\/\" \/>\n<meta property=\"og:locale\" content=\"lv_LV\" \/>\n<meta property=\"og:type\" content=\"article\" \/>\n<meta property=\"og:title\" content=\"Thunderball loterijas laim\u012bgie numuri un izlozes rezult\u0101ti\" \/>\n<meta property=\"og:description\" content=\"Sal\u012bdziniet savu bi\u013ceti ar jaun\u0101k\u0101s Thunderball izlozes laim\u012bgajiem numuriem un rezult\u0101tiem vai atrodiet v\u0113sturiskos izlozes rezult\u0101tus.\" \/>\n<meta property=\"og:url\" content=\"https:\/\/jackpotlotteryonline.com\/lv\/laimejusie-skaitli\/thunderball\/\" \/>\n<meta property=\"og:site_name\" content=\"Lotto Online - Crack The International Lottery Jackpots\" \/>\n<meta property=\"article:modified_time\" content=\"2022-12-29T13:41:04+00:00\" \/>\n<meta property=\"og:image\" content=\"https:\/\/jackpotlotteryonline.com\/wp-content\/uploads\/2022\/11\/1_rain_lottery_money_win-282x300.jpg\" \/>\n<meta name=\"twitter:card\" content=\"summary_large_image\" \/>\n<meta name=\"twitter:label1\" content=\"Est. reading time\" \/>\n\t<meta name=\"twitter:data1\" content=\"7 minutes\" \/>\n<!-- \/ Yoast SEO plugin. -->","yoast_head_json":{"title":"Thunderball loterijas laim\u012bgie numuri un izlozes rezult\u0101ti","description":"Sal\u012bdziniet savu bi\u013ceti ar jaun\u0101k\u0101s Thunderball izlozes laim\u012bgajiem numuriem un rezult\u0101tiem vai atrodiet v\u0113sturiskos izlozes rezult\u0101tus.","robots":{"index":"index","follow":"follow","max-snippet":"max-snippet:-1","max-image-preview":"max-image-preview:large","max-video-preview":"max-video-preview:-1"},"canonical":"https:\/\/jackpotlotteryonline.com\/lv\/laimejusie-skaitli\/thunderball\/","og_locale":"lv_LV","og_type":"article","og_title":"Thunderball loterijas laim\u012bgie numuri un izlozes rezult\u0101ti","og_description":"Sal\u012bdziniet savu bi\u013ceti ar jaun\u0101k\u0101s Thunderball izlozes laim\u012bgajiem numuriem un rezult\u0101tiem vai atrodiet v\u0113sturiskos izlozes rezult\u0101tus.","og_url":"https:\/\/jackpotlotteryonline.com\/lv\/laimejusie-skaitli\/thunderball\/","og_site_name":"Lotto Online - Crack The International Lottery Jackpots","article_modified_time":"2022-12-29T13:41:04+00:00","og_image":[{"url":"https:\/\/jackpotlotteryonline.com\/wp-content\/uploads\/2022\/11\/1_rain_lottery_money_win-282x300.jpg"}],"twitter_card":"summary_large_image","twitter_misc":{"Est. reading time":"7 minutes"},"schema":{"@context":"https:\/\/schema.org","@graph":[{"@type":"WebPage","@id":"https:\/\/jackpotlotteryonline.com\/lv\/laimejusie-skaitli\/thunderball\/","url":"https:\/\/jackpotlotteryonline.com\/lv\/laimejusie-skaitli\/thunderball\/","name":"Thunderball loterijas laim\u012bgie numuri un izlozes rezult\u0101ti","isPartOf":{"@id":"https:\/\/jackpotlotteryonline.com\/#website"},"primaryImageOfPage":{"@id":"https:\/\/jackpotlotteryonline.com\/lv\/laimejusie-skaitli\/thunderball\/#primaryimage"},"image":{"@id":"https:\/\/jackpotlotteryonline.com\/lv\/laimejusie-skaitli\/thunderball\/#primaryimage"},"thumbnailUrl":"https:\/\/jackpotlotteryonline.com\/wp-content\/uploads\/2022\/11\/1_rain_lottery_money_win-282x300.jpg","datePublished":"2022-12-09T06:34:07+00:00","dateModified":"2022-12-29T13:41:04+00:00","description":"Sal\u012bdziniet savu bi\u013ceti ar jaun\u0101k\u0101s Thunderball izlozes laim\u012bgajiem numuriem un rezult\u0101tiem vai atrodiet v\u0113sturiskos izlozes rezult\u0101tus.","breadcrumb":{"@id":"https:\/\/jackpotlotteryonline.com\/lv\/laimejusie-skaitli\/thunderball\/#breadcrumb"},"inLanguage":"lv-LV","potentialAction":[{"@type":"ReadAction","target":["https:\/\/jackpotlotteryonline.com\/lv\/laimejusie-skaitli\/thunderball\/"]}]},{"@type":"ImageObject","inLanguage":"lv-LV","@id":"https:\/\/jackpotlotteryonline.com\/lv\/laimejusie-skaitli\/thunderball\/#primaryimage","url":"https:\/\/jackpotlotteryonline.com\/wp-content\/uploads\/2022\/11\/1_rain_lottery_money_win-282x300.jpg","contentUrl":"https:\/\/jackpotlotteryonline.com\/wp-content\/uploads\/2022\/11\/1_rain_lottery_money_win-282x300.jpg"},{"@type":"BreadcrumbList","@id":"https:\/\/jackpotlotteryonline.com\/lv\/laimejusie-skaitli\/thunderball\/#breadcrumb","itemListElement":[{"@type":"ListItem","position":1,"name":"Home","item":"https:\/\/jackpotlotteryonline.com\/lv\/"},{"@type":"ListItem","position":2,"name":"Loterijas rezult\u0101ti","item":"https:\/\/jackpotlotteryonline.com\/winning-numbers\/"},{"@type":"ListItem","position":3,"name":"Thunderball Loterijas izlozes rezult\u0101ti"}]},{"@type":"WebSite","@id":"https:\/\/jackpotlotteryonline.com\/#website","url":"https:\/\/jackpotlotteryonline.com\/","name":"Lotto Online - Crack The International Lottery Jackpots","description":"","potentialAction":[{"@type":"SearchAction","target":{"@type":"EntryPoint","urlTemplate":"https:\/\/jackpotlotteryonline.com\/?s={search_term_string}"},"query-input":"required name=search_term_string"}],"inLanguage":"lv-LV"}]}},"_links":{"self":[{"href":"https:\/\/jackpotlotteryonline.com\/lv\/wp-json\/wp\/v2\/pages\/41319","targetHints":{"allow":["GET"]}}],"collection":[{"href":"https:\/\/jackpotlotteryonline.com\/lv\/wp-json\/wp\/v2\/pages"}],"about":[{"href":"https:\/\/jackpotlotteryonline.com\/lv\/wp-json\/wp\/v2\/types\/page"}],"author":[{"embeddable":true,"href":"https:\/\/jackpotlotteryonline.com\/lv\/wp-json\/wp\/v2\/users\/1"}],"replies":[{"embeddable":true,"href":"https:\/\/jackpotlotteryonline.com\/lv\/wp-json\/wp\/v2\/comments?post=41319"}],"version-history":[{"count":0,"href":"https:\/\/jackpotlotteryonline.com\/lv\/wp-json\/wp\/v2\/pages\/41319\/revisions"}],"up":[{"embeddable":true,"href":"https:\/\/jackpotlotteryonline.com\/lv\/wp-json\/wp\/v2\/pages\/35840"}],"wp:attachment":[{"href":"https:\/\/jackpotlotteryonline.com\/lv\/wp-json\/wp\/v2\/media?parent=41319"}],"curies":[{"name":"wp","href":"https:\/\/api.w.org\/{rel}","templated":true}]}}