{"id":41373,"date":"2022-12-09T08:39:50","date_gmt":"2022-12-09T08:39:50","guid":{"rendered":"https:\/\/jackpotlotteryonline.com\/?page_id=41373"},"modified":"2022-12-30T09:55:48","modified_gmt":"2022-12-30T09:55:48","slug":"new-york-lottery","status":"publish","type":"page","link":"https:\/\/jackpotlotteryonline.com\/lv\/laimejusie-skaitli\/new-york-lottery\/","title":{"rendered":"\u0145ujorka loterijas izlozes rezult\u0101ti"},"content":{"rendered":"<p>\u0145ujorkas loto k\u0101dreiz bija viena no t\u0101m loterij\u0101m, kas tika piemirstas. Galvenok\u0101rt t\u0101p\u0113c, ka loterij\u0101 var\u0113ja piedal\u012bties tikai \u0145ujorkas iedz\u012bvot\u0101ji. Tagad tas viss ir main\u012bjies, jo loterijas bi\u013cetes var ieg\u0101d\u0101ties sp\u0113l\u0113t\u0101ji vis\u0101 pasaul\u0113. Tagad arvien vair\u0101k loterijas entuziastu izv\u0113las laim\u012bgos skait\u013cus, sp\u0113l\u0113jot tie\u0161saist\u0113. \u0160\u012b \u0145ujorkas loterija tika izveidota, lai ieg\u016btu l\u012bdzek\u013cus izgl\u012bt\u012bbai, t\u0101p\u0113c t\u0101s pirms\u0101kumi ir ar labu m\u0113r\u0137i. Katru reizi, kad p\u0113rkat bi\u013ceti, j\u016bs ziedojat l\u012bdzek\u013cus izgl\u012bt\u012bbas finans\u0113\u0161anai.<\/p>\n<p>J\u016bs varat izv\u0113l\u0113ties savu \u0145ujorkas loto kombin\u0101ciju, kad<a href=\"https:\/\/jackpotlotteryonline.com\/lv\/iegadaties-biletes\/new-york-lottery\"> p\u0113rkat loterijas bi\u013ceti vietn\u0113 jackpotlotlotteryonline.com.<\/a><\/p>\n<h2>K\u0101 sp\u0113l\u0113t \u0145ujorkas loto tie\u0161saist\u0113<\/h2>\n<p><img loading=\"lazy\" decoding=\"async\" class=\"alignright size-full wp-image-29534\" src=\"https:\/\/jackpotlotteryonline.com\/wp-content\/uploads\/2022\/11\/1_results_lottery_online5.jpg\" alt=\"Sp\u0113l\u0113jiet \u0145ujorkas loto tie\u0161saist\u0113\" width=\"300\" height=\"200\" \/>Sp\u0113l\u0113t loteriju ir jautri un aizraujo\u0161i. Ta\u010du \u0161\u012b pieredze ir v\u0113l sp\u0113c\u012bg\u0101ka, ja j\u016bs sp\u0113l\u0113jat tie\u0161saist\u0113. Dal\u012bba loterij\u0101 tie\u0161saist\u0113 ir \u0101tra, vienk\u0101r\u0161a un piln\u012bgi vienk\u0101r\u0161a. Ja j\u016bs sp\u0113l\u0113jat \u0145ujorkas loto, \u0161eit ir aprakst\u012bti turpm\u0101k min\u0113tie so\u013ci:<\/p>\n<ul>\n<li>Apmekl\u0113jiet izv\u0113l\u0113to vietni (piem\u0113ram, jackpotlotlotteryonline.com) un noklik\u0161\u0137iniet uz loterijas, kuru v\u0113laties sp\u0113l\u0113t.<\/li>\n<li>Izv\u0113lieties 6 no 1 l\u012bdz 59. Ir 7. skaitlis, bet to izloz\u0113 loterijas uz\u0146\u0113mums, un tas nav iek\u013cauts j\u016bsu bi\u013cet\u0113.<\/li>\n<li>Ievadiet izlozes, kas katru ned\u0113\u013cu notiek tre\u0161dien\u0101s un sestdien\u0101s. J\u016bs varat piedal\u012bties tikai vien\u0101 izloz\u0113 vai ab\u0101s.<\/li>\n<li>Nosl\u0113dziet savu maks\u0101jumu. Liel\u0101kaj\u0101 da\u013c\u0101 loteriju viet\u0146u jums b\u016bs j\u0101re\u0123istr\u0113jas, lai pabeigtu maks\u0101jumu. Tas ir t\u0101p\u0113c, lai p\u0113c bi\u013cetes ieg\u0101des j\u016bs var\u0113tu viegli piek\u013c\u016bt tai.<\/li>\n<\/ul>\n<p>Sp\u0113l\u0113t loteriju tie\u0161saist\u0113 ir patie\u0161\u0101m tik vienk\u0101r\u0161i. Nav cita veida, k\u0101 ieg\u016bt bi\u013cetes \u0101rpus \u0145ujorkas. T\u0101p\u0113c m\u0113s pied\u0101v\u0101jam vislab\u0101ko iesp\u0113ju sp\u0113l\u0113t\u0101jiem, kuri dz\u012bvo cit\u0101 pasaules mal\u0101.<\/p>\n<h2>K\u0101 izv\u0113l\u0113ties laim\u012bgos skait\u013cus<\/h2>\n<p>Labi, vai tie\u0161\u0101m past\u0101v strat\u0113\u0123ija, k\u0101 izv\u0113l\u0113ties kombin\u0101cijas, kas garant\u0113 laimestu loterij\u0101? M\u0113s dom\u0101jam, ka t\u0101das nav, jo loterija ir nejau\u0161\u012bbas sp\u0113le. Ir diezgan gr\u016bti pateikt, kura kombin\u0101cija pal\u012bdz\u0113s jums laim\u0113t loterij\u0101, jo \u012bpa\u0161i t\u0101p\u0113c, ka izlozes ir nejau\u0161as.<\/p>\n<p>Tom\u0113r j\u016bs varat palielin\u0101t savu veiksmi, izv\u0113loties laim\u012bgos skait\u013cus, kas liek jums justies laim\u012bgam. T\u0101tad j\u016bs varat izv\u0113l\u0113ties dzim\u0161anas dienas, gadadienas, ciparus, kas jums ir biju\u0161i laim\u012bgi visu m\u016b\u017eu utt. Vai ar\u012b varat vienk\u0101r\u0161i izmantot m\u016bsu vietn\u0113 pieejamo autom\u0101tisk\u0101 \u0123eneratora r\u012bku, lai izv\u0113l\u0113tos nejau\u0161us skait\u013cus.<\/p>\n<h2>\u0145ujorkas loto balvu kategorijas<\/h2>\n<p>\u0160\u012b \u0145ujorkas loto minim\u0101l\u0101 d\u017eekpota summa ir 2 miljoni ASV dol\u0101ru. Ta\u010du, ja p\u0113c izlozes neviens d\u017eekpots netiek vinn\u0113ts, tas palielin\u0101s par 300 000 dol\u0101ru. \u0160\u012b balva turpina palielin\u0101ties, l\u012bdz par\u0101d\u0101s uzvar\u0113t\u0101js.<\/p>\n<p>Kopum\u0101 ir piecas balvu kategorijas, ieskaitot d\u017eekpotu. Izredzes laim\u0113t balvu kopum\u0101 ir 1 pret 92,05. Balvu sadal\u012bjums ir atkar\u012bgs no kop\u0113j\u0101 p\u0101rdo\u0161anas apjoma. T\u0101d\u0113j\u0101di katr\u0101 loto 40 % no apgroz\u012bjuma tiek pie\u0161\u0137irti k\u0101 naudas balvas. D\u017eekpots ir procentu\u0101la da\u013ca no \u0161\u012bs summas, un t\u0101 nav fiks\u0113ta summa. \u0145ujorkas loto balvu kategorijas ir izkl\u0101st\u012btas turpm\u0101k:<\/p>\n<p>kategorija: 6 skait\u013ci &#8211; d\u017eekpots (30 %)<\/p>\n<p>kategorija: 5 + bonusa skaitlis &#8211; 2,9 % no p\u0101rdo\u0161anas apjoma.<\/p>\n<p>kategorija: 5 skait\u013ci &#8211; 2,2 % no p\u0101rdo\u0161anas apjoma. 3. kategorija: 5 skait\u013ci &#8211; 2,2 % no p\u0101rdo\u0161anas apjoma.<\/p>\n<p>kategorija: 4 skait\u013ci &#8211; 2,5 % no apgroz\u012bjuma.<\/p>\n<p>kategorija: 3 skait\u013ci &#8211; 2,4 % no p\u0101rdo\u0161anas apjoma.<\/p>\n<h2>K\u0101 p\u0101rbaud\u012bt laim\u0113ju\u0161os numurus<\/h2>\n<p>K\u0101 uzzin\u0101t, vai esat laim\u0113jis balvu? Princip\u0101, ja j\u016bs sp\u0113l\u0113jat \u0145ujorkas loto vietn\u0113 jackpotlotteryonline.com, m\u0113s j\u016bs inform\u0113sim, ja esat laim\u0113jis balvu. M\u0113s to dar\u012bsim, nos\u016btot zi\u0146ojumu uz j\u016bsu kontu un e-pastu. Ja esat re\u0123istr\u0113jies pie mums, j\u016bs patie\u0161\u0101m nek\u0101d\u0101 gad\u012bjum\u0101 nevarat palaist gar\u0101m savu balvu.<\/p>\n<p>Pat ja j\u016bs balvu nesa\u0146emat, j\u016bs joproj\u0101m varat p\u0101rbaud\u012bt laim\u0113ju\u0161os numurus, apmekl\u0113jot \u0161o lapu. P\u0113c katras izlozes m\u0113s \u0161eit public\u0113jam izlozes rezult\u0101tus. T\u0101p\u0113c atgriezieties un uzziniet, k\u0101da kombin\u0101cija vinn\u0113ja d\u017eekpotu vai balvas no cit\u0101m kategorij\u0101m.<\/p>\n<h2>K\u0101 iz\u0146emt balvu<\/h2>\n<p><img loading=\"lazy\" decoding=\"async\" class=\"alignright size-medium wp-image-29183\" src=\"https:\/\/jackpotlotteryonline.com\/wp-content\/uploads\/2022\/11\/1_play_lotto-online-300x199.jpg\" alt=\"\u0145ujorkas loto laim\u0113ju\u0161ie skait\u013ci\" width=\"300\" height=\"199\" srcset=\"https:\/\/jackpotlotteryonline.com\/wp-content\/uploads\/2022\/11\/1_play_lotto-online-300x199.jpg 300w, https:\/\/jackpotlotteryonline.com\/wp-content\/uploads\/2022\/11\/1_play_lotto-online.jpg 350w\" sizes=\"auto, (max-width: 300px) 100vw, 300px\" \/>Ja esat vinn\u0113jis balvu, j\u016bs varat viegli piek\u013c\u016bt savam laimestam tie\u0161i \u0161eit, m\u016bsu vietn\u0113. Ja laimestu summa ir maz\u0101ka par 2500 eiro, j\u016bs varat iz\u0146emt savu laimestu uzreiz sav\u0101 bank\u0101 no m\u016bsu platformas. Tas ir tikai da\u017eu klik\u0161\u0137u jaut\u0101jums, un j\u016bs sa\u0146emsiet savu balvu bez liek\u0101m gr\u016bt\u012bb\u0101m.<\/p>\n<p>Tom\u0113r, ja j\u016bsu laimests ir liel\u0101ks par 2500 eiro, jums, iesp\u0113jams, b\u016bs j\u0101sazin\u0101s tie\u0161i ar loterijas uz\u0146\u0113mumu. T\u0101d\u0101 gad\u012bjum\u0101 m\u0113s jums nos\u016bt\u012bsim piepras\u012bjumu veidlapu, kuru aizpild\u012bt, un pal\u012bdz\u0113sim apstr\u0101d\u0101t j\u016bsu laimestu.<\/p>\n<h2>Padomi, k\u0101 sp\u0113l\u0113t \u0145ujorkas loto<\/h2>\n<p>Ja jums ir nepiecie\u0161ami padomi, k\u0101 sp\u0113l\u0113t loterij\u0101, turpiniet las\u012bt. \u0160ie padomi ir noder\u012bgi, sp\u0113l\u0113jot jebkuru no popul\u0101r\u0101kaj\u0101m starptautiskaj\u0101m loterij\u0101m. T\u0101tad tie attiecas ne tikai uz \u0145ujorkas loto.<\/p>\n<ul>\n<li>R\u016bp\u012bgi izv\u0113lieties laim\u012bgos skait\u013cus. Lai gan j\u016bs nevarat paredz\u0113t loterijas uzvar\u0113t\u0101ju, vienm\u0113r ir labi izv\u0113l\u0113ties kombin\u0101ciju, kas jums ir noz\u012bm\u012bga.<\/li>\n<li>\u0160aj\u0101 \u0145ujorkas loto ir svar\u012bgs bonusa skaitlis, jo tas nosaka laimestu otraj\u0101 kategorij\u0101. T\u0101p\u0113c neignor\u0113jiet to, jo j\u016bs varat atgriezties m\u0101j\u0101s ar skaistu laimestu pat tad, ja jums neizdosies vinn\u0113t d\u017eekpotu.<\/li>\n<li>Piev\u0113rsiet uzman\u012bbu izlozes dien\u0101m, jo tie\u0161i tad uzzin\u0101sim skaitli, kas vinn\u0113. Turkl\u0101t, ja j\u016bs nepiedal\u0101ties izloz\u0113, tad \u0161aj\u0101 izloz\u0113 nevarat laim\u0113t balvu. T\u0101p\u0113c izlozes dienas ir \u013coti svar\u012bgas. J\u016bs varat piedal\u012bties izloz\u0113s ar\u012b vair\u0101kas ned\u0113\u013cas iepriek\u0161 (v\u0113l\u0101k m\u0113s jums par\u0101d\u012bsim, k\u0101 to izdar\u012bt).<\/li>\n<\/ul>\n<section class=\"layout\" style=\"border: solid 1px; width: 100%;\">\n<div class=\"img-div\" style=\"margin-top: 5px;\"><img decoding=\"async\" class=\"wp-image-17212 alignleft\" style=\"height: 45px; margin: 8px 8px 0px;\" src=\"https:\/\/jackpotlotteryonline.com\/wp-content\/uploads\/2022\/11\/read1.jpg\" alt=\"las\u012bt\" width=\"\" height=\"\" \/><\/div>\n<div style=\"padding-left: 5px;\">\n<div style=\"font-size: 1.1em;\">\n<p><strong>K\u0101ds ir loterijas veiksmes nosl\u0113pums?<\/strong><\/p>\n<p style=\"font-size: 0.85em; margin-top: -1.5em;\">K\u0101 veiksm\u012bgi sp\u0113l\u0113t loterij\u0101\u00a0 <a href=\"https:\/\/jackpotlotteryonline.com\/lv\/kads-ir-looterijas-veiksmes-noslepums\"> las\u012bt vair\u0101k<\/a><\/p>\n<\/div>\n<\/div>\n<\/section>\n<h2>P\u0101rbaudiet izlozes rezult\u0101tus vietn\u0113 jackpotlotteryonline.com.<\/h2>\n<p>M\u0113s esam vietne, kas r\u016bp\u0113jas par s\u012bkumiem, lai m\u016bsu klienti var\u0113tu izbaud\u012bt loterijas sp\u0113l\u0113\u0161anu. M\u0113s saprotam, ka neviens nev\u0113las uztraukties par s\u012bkumiem. \u0160o laiku var lab\u0101k pavad\u012bt, pilnveidojot savu loterijas strat\u0113\u0123iju. T\u0101p\u0113c m\u0113s esam \u0161eit.<\/p>\n<p>M\u0113s sniedzam saviem klientiem iesp\u0113ju piedal\u012bties loterij\u0101s vis\u0101 pasaul\u0113. M\u0113s ar\u012b public\u0113jam loteriju rezult\u0101tus tie\u0161i \u0161eit un nodro\u0161in\u0101m vienotu sist\u0113mu, lai j\u016bs var\u0113tu piek\u013c\u016bt saviem laimestiem.<\/p>\n<p><a href=\"https:\/\/jackpotlotteryonline.com\/lv\/ka-spelet\/new-york-lottery-2\">Sp\u0113l\u0113jot \u0145ujorkas loto kop\u0101 ar mums<\/a>, ieguv\u0113ji ir visi.<\/p>\n","protected":false},"excerpt":{"rendered":"<p>\u0145ujorkas loto k\u0101dreiz bija viena no t\u0101m loterij\u0101m, kas tika piemirstas. Galvenok\u0101rt t\u0101p\u0113c, ka loterij\u0101 var\u0113ja piedal\u012bties tikai \u0145ujorkas iedz\u012bvot\u0101ji. Tagad tas viss ir main\u012bjies, jo loterijas bi\u013cetes var ieg\u0101d\u0101ties sp\u0113l\u0113t\u0101ji vis\u0101 pasaul\u0113. Tagad arvien vair\u0101k loterijas entuziastu izv\u0113las laim\u012bgos skait\u013cus, sp\u0113l\u0113jot tie\u0161saist\u0113. \u0160\u012b \u0145ujorkas loterija tika izveidota, lai ieg\u016btu l\u012bdzek\u013cus izgl\u012bt\u012bbai, t\u0101p\u0113c t\u0101s pirms\u0101kumi [&hellip;]<\/p>\n","protected":false},"author":1,"featured_media":0,"parent":35840,"menu_order":15,"comment_status":"closed","ping_status":"closed","template":"newyork-results.php","meta":{"_et_pb_use_builder":"","_et_pb_old_content":"","_et_gb_content_width":"","exclude_from_search":false,"footnotes":""},"class_list":["post-41373","page","type-page","status-publish","hentry"],"yoast_head":"<!-- This site is optimized with the Yoast SEO plugin v23.3 - https:\/\/yoast.com\/wordpress\/plugins\/seo\/ -->\n<title>\u0145ujorkas loterijas laim\u012bgie numuri un izlozes rezult\u0101ti<\/title>\n<meta name=\"description\" content=\"\u0145ujorkas loterijas izlozes rezult\u0101ti - laim\u0113ju\u0161ie skait\u013ci, laim\u0113t\u0101s summas visos iepriek\u0161\u0113jos un pa\u0161reiz\u0113jos izloz\u0113s.\" \/>\n<meta name=\"robots\" content=\"index, follow, max-snippet:-1, max-image-preview:large, max-video-preview:-1\" \/>\n<link rel=\"canonical\" href=\"https:\/\/jackpotlotteryonline.com\/lv\/laimejusie-skaitli\/new-york-lottery\/\" \/>\n<meta property=\"og:locale\" content=\"lv_LV\" \/>\n<meta property=\"og:type\" content=\"article\" \/>\n<meta property=\"og:title\" content=\"\u0145ujorkas loterijas laim\u012bgie numuri un izlozes rezult\u0101ti\" \/>\n<meta property=\"og:description\" content=\"\u0145ujorkas loterijas izlozes rezult\u0101ti - laim\u0113ju\u0161ie skait\u013ci, laim\u0113t\u0101s summas visos iepriek\u0161\u0113jos un pa\u0161reiz\u0113jos izloz\u0113s.\" \/>\n<meta property=\"og:url\" content=\"https:\/\/jackpotlotteryonline.com\/lv\/laimejusie-skaitli\/new-york-lottery\/\" \/>\n<meta property=\"og:site_name\" content=\"Lotto Online - Crack The International Lottery Jackpots\" \/>\n<meta property=\"article:modified_time\" content=\"2022-12-30T09:55:48+00:00\" \/>\n<meta property=\"og:image\" content=\"https:\/\/jackpotlotteryonline.com\/wp-content\/uploads\/2022\/11\/1_results_lottery_online5.jpg\" \/>\n<meta name=\"twitter:card\" content=\"summary_large_image\" \/>\n<meta name=\"twitter:label1\" content=\"Est. reading time\" \/>\n\t<meta name=\"twitter:data1\" content=\"5 minutes\" \/>\n<!-- \/ Yoast SEO plugin. -->","yoast_head_json":{"title":"\u0145ujorkas loterijas laim\u012bgie numuri un izlozes rezult\u0101ti","description":"\u0145ujorkas loterijas izlozes rezult\u0101ti - laim\u0113ju\u0161ie skait\u013ci, laim\u0113t\u0101s summas visos iepriek\u0161\u0113jos un pa\u0161reiz\u0113jos izloz\u0113s.","robots":{"index":"index","follow":"follow","max-snippet":"max-snippet:-1","max-image-preview":"max-image-preview:large","max-video-preview":"max-video-preview:-1"},"canonical":"https:\/\/jackpotlotteryonline.com\/lv\/laimejusie-skaitli\/new-york-lottery\/","og_locale":"lv_LV","og_type":"article","og_title":"\u0145ujorkas loterijas laim\u012bgie numuri un izlozes rezult\u0101ti","og_description":"\u0145ujorkas loterijas izlozes rezult\u0101ti - laim\u0113ju\u0161ie skait\u013ci, laim\u0113t\u0101s summas visos iepriek\u0161\u0113jos un pa\u0161reiz\u0113jos izloz\u0113s.","og_url":"https:\/\/jackpotlotteryonline.com\/lv\/laimejusie-skaitli\/new-york-lottery\/","og_site_name":"Lotto Online - Crack The International Lottery Jackpots","article_modified_time":"2022-12-30T09:55:48+00:00","og_image":[{"url":"https:\/\/jackpotlotteryonline.com\/wp-content\/uploads\/2022\/11\/1_results_lottery_online5.jpg"}],"twitter_card":"summary_large_image","twitter_misc":{"Est. reading time":"5 minutes"},"schema":{"@context":"https:\/\/schema.org","@graph":[{"@type":"WebPage","@id":"https:\/\/jackpotlotteryonline.com\/lv\/laimejusie-skaitli\/new-york-lottery\/","url":"https:\/\/jackpotlotteryonline.com\/lv\/laimejusie-skaitli\/new-york-lottery\/","name":"\u0145ujorkas loterijas laim\u012bgie numuri un izlozes rezult\u0101ti","isPartOf":{"@id":"https:\/\/jackpotlotteryonline.com\/#website"},"primaryImageOfPage":{"@id":"https:\/\/jackpotlotteryonline.com\/lv\/laimejusie-skaitli\/new-york-lottery\/#primaryimage"},"image":{"@id":"https:\/\/jackpotlotteryonline.com\/lv\/laimejusie-skaitli\/new-york-lottery\/#primaryimage"},"thumbnailUrl":"https:\/\/jackpotlotteryonline.com\/wp-content\/uploads\/2022\/11\/1_results_lottery_online5.jpg","datePublished":"2022-12-09T08:39:50+00:00","dateModified":"2022-12-30T09:55:48+00:00","description":"\u0145ujorkas loterijas izlozes rezult\u0101ti - laim\u0113ju\u0161ie skait\u013ci, laim\u0113t\u0101s summas visos iepriek\u0161\u0113jos un pa\u0161reiz\u0113jos izloz\u0113s.","breadcrumb":{"@id":"https:\/\/jackpotlotteryonline.com\/lv\/laimejusie-skaitli\/new-york-lottery\/#breadcrumb"},"inLanguage":"lv-LV","potentialAction":[{"@type":"ReadAction","target":["https:\/\/jackpotlotteryonline.com\/lv\/laimejusie-skaitli\/new-york-lottery\/"]}]},{"@type":"ImageObject","inLanguage":"lv-LV","@id":"https:\/\/jackpotlotteryonline.com\/lv\/laimejusie-skaitli\/new-york-lottery\/#primaryimage","url":"https:\/\/jackpotlotteryonline.com\/wp-content\/uploads\/2022\/11\/1_results_lottery_online5.jpg","contentUrl":"https:\/\/jackpotlotteryonline.com\/wp-content\/uploads\/2022\/11\/1_results_lottery_online5.jpg"},{"@type":"BreadcrumbList","@id":"https:\/\/jackpotlotteryonline.com\/lv\/laimejusie-skaitli\/new-york-lottery\/#breadcrumb","itemListElement":[{"@type":"ListItem","position":1,"name":"Home","item":"https:\/\/jackpotlotteryonline.com\/lv\/"},{"@type":"ListItem","position":2,"name":"Loterijas rezult\u0101ti","item":"https:\/\/jackpotlotteryonline.com\/winning-numbers\/"},{"@type":"ListItem","position":3,"name":"\u0145ujorka loterijas izlozes rezult\u0101ti"}]},{"@type":"WebSite","@id":"https:\/\/jackpotlotteryonline.com\/#website","url":"https:\/\/jackpotlotteryonline.com\/","name":"Lotto Online - Crack The International Lottery Jackpots","description":"","potentialAction":[{"@type":"SearchAction","target":{"@type":"EntryPoint","urlTemplate":"https:\/\/jackpotlotteryonline.com\/?s={search_term_string}"},"query-input":"required name=search_term_string"}],"inLanguage":"lv-LV"}]}},"_links":{"self":[{"href":"https:\/\/jackpotlotteryonline.com\/lv\/wp-json\/wp\/v2\/pages\/41373","targetHints":{"allow":["GET"]}}],"collection":[{"href":"https:\/\/jackpotlotteryonline.com\/lv\/wp-json\/wp\/v2\/pages"}],"about":[{"href":"https:\/\/jackpotlotteryonline.com\/lv\/wp-json\/wp\/v2\/types\/page"}],"author":[{"embeddable":true,"href":"https:\/\/jackpotlotteryonline.com\/lv\/wp-json\/wp\/v2\/users\/1"}],"replies":[{"embeddable":true,"href":"https:\/\/jackpotlotteryonline.com\/lv\/wp-json\/wp\/v2\/comments?post=41373"}],"version-history":[{"count":0,"href":"https:\/\/jackpotlotteryonline.com\/lv\/wp-json\/wp\/v2\/pages\/41373\/revisions"}],"up":[{"embeddable":true,"href":"https:\/\/jackpotlotteryonline.com\/lv\/wp-json\/wp\/v2\/pages\/35840"}],"wp:attachment":[{"href":"https:\/\/jackpotlotteryonline.com\/lv\/wp-json\/wp\/v2\/media?parent=41373"}],"curies":[{"name":"wp","href":"https:\/\/api.w.org\/{rel}","templated":true}]}}