{"id":41426,"date":"2022-12-09T10:23:12","date_gmt":"2022-12-09T10:23:12","guid":{"rendered":"https:\/\/jackpotlotteryonline.com\/?page_id=41426"},"modified":"2022-12-30T12:09:18","modified_gmt":"2022-12-30T12:09:18","slug":"oz-lotto","status":"publish","type":"page","link":"https:\/\/jackpotlotteryonline.com\/lv\/laimejusie-skaitli\/oz-lotto\/","title":{"rendered":"Oz Lotto izlozes rezult\u0101ti"},"content":{"rendered":"<h2>Oz Lotto izlozes rezult\u0101ti Inform\u0101cija<\/h2>\n<p><img loading=\"lazy\" decoding=\"async\" class=\"alignright size-full wp-image-26942\" src=\"https:\/\/jackpotlotteryonline.com\/wp-content\/uploads\/2022\/11\/1_euromillions_results.jpg\" alt=\"oz lotto izlozes rezult\u0101ti\" width=\"300\" height=\"200\" \/>Vai j\u016bs interes\u0113 Oz Lotto izlozes rezult\u0101ti vai tas, kas notiek p\u0113c tam, kad k\u0101ds laim\u0113jis? \u0160aj\u0101 rakst\u0101 j\u016bs uzzin\u0101siet, k\u0101 rast atbildes uz \u0161iem jaut\u0101jumiem.<\/p>\n<p>\u0160\u012b Austr\u0101lijas Lotto izloze tiek izloz\u0113ta katru otrdienu un sestdienu plkst. 19:30 p\u0113c Austrumeiropas austrumu laika, t\u0101p\u0113c p\u0113c skait\u013cu izlozes varat aps\u0113sties un gaid\u012bt izlozi. Izlozes notiek Sidnej\u0101, izmantojot datoriz\u0113tu skait\u013cu \u0123eneratoru.<\/p>\n<p>Oz Lotto ir diezgan ienes\u012bga sp\u0113le, kur\u0101 ir septi\u0146as balvu da\u013cas, un, ja 1. da\u013ca (d\u017eekpots) netiek vinn\u0113ta, citas balvas var vinn\u0113t, ja sp\u0113l\u0113t\u0101js atbilst pieciem vai \u010detriem skait\u013ciem. Turkl\u0101t desmit balvas 2 miljonu ASV dol\u0101ru v\u0113rt\u012bb\u0101 tiek pie\u0161\u0137irtas ar\u012b tad, ja neviens sp\u0113l\u0113t\u0101js nesp\u0113j uzmin\u0113t visus septi\u0146us izloz\u0113tos skait\u013cus.<\/p>\n<p>Turkl\u0101t loterijas izlozes rezult\u0101ti tiek public\u0113ti ned\u0113\u013cu p\u0113c izlozes Viktorijas \u0161tata vald\u012bbas t\u012bmek\u013ca vietn\u0113. Izlozes laiks ir konfidenci\u0101ls, lai aizsarg\u0101tu dal\u012bbnieku priv\u0101tumu.<\/p>\n<h2>K\u0101 es varu uzvar\u0113t Austr\u0101lijas Oz Lotto?<\/h2>\n<p>Lai vinn\u0113tu k\u0101du no Oz Lotto balv\u0101m, jums ir j\u0101zina \u0161\u0101das lietas:<\/p>\n<ol>\n<li>Lai <a href=\"https:\/\/jackpotlotteryonline.com\/lv\/ka-spelet\/oz-lotto\">sp\u0113l\u0113tu Oz Lotto<\/a>, sp\u0113l\u0113t\u0101jam j\u0101izloz\u0113 desmit skait\u013ci no 47 skait\u013cu kopuma.<\/li>\n<li>Pirmie septi\u0146i izloz\u0113tie skait\u013ci tiek uzskat\u012bti par laim\u012bgajiem skait\u013ciem d\u017eekpota balvai.<\/li>\n<li>Atliku\u0161ie tr\u012bs izloz\u0113tie skait\u013ci ir papildu skait\u013ci, kas tiek izmantoti, lai noteiktu balvas cit\u0101s da\u013c\u0101s.<\/li>\n<li>Jo vair\u0101k vien\u0101du skait\u013cu sp\u0113l\u0113t\u0101js izloz\u0113, jo liel\u0101ka ir balva.<\/li>\n<li>Dal\u012bba Oz Lotto ir izlozes sp\u0113le; j\u016bs varat vai nu vinn\u0113t, vai zaud\u0113t.<\/li>\n<\/ol>\n<h2>K\u0101 es varu p\u0101rbaud\u012bt, vai esmu vinn\u0113jis konkr\u0113t\u0101 izloz\u0113?<\/h2>\n<p><img loading=\"lazy\" decoding=\"async\" class=\"alignright size-full wp-image-26159\" src=\"https:\/\/jackpotlotteryonline.com\/wp-content\/uploads\/2022\/11\/1_buy_lottery_online.jpg\" alt=\"oz lotto izlozes rezult\u0101ti\" width=\"212\" height=\"142\" \/>Ja esat <a href=\"https:\/\/jackpotlotteryonline.com\/lv\/iegadaties-biletes\/oz-lotto\">ieg\u0101d\u0101jies bi\u013ceti pie mums<\/a>, l\u016bdzu, p\u0101rbaudiet izlozes rezult\u0101tus m\u016bsu t\u012bmek\u013ca vietn\u0113. Visvienk\u0101r\u0161\u0101kais veids, k\u0101 uzzin\u0101t, vai esat vinn\u0113jis, ir pieteikties sav\u0101 sp\u0113l\u0113t\u0101ja kont\u0101 m\u016bsu vietn\u0113. P\u0113c tam dodieties uz sada\u013cu &#8220;manas bi\u013cetes&#8221;, un j\u016bs redz\u0113siet savas bi\u013cetes sken\u0113jumu ar numuriem, ar kuriem esat sp\u0113l\u0113jis. P\u0113c izlozes tiks izcelti visi vien\u0101di skait\u013ci.<\/p>\n<p>V\u0113l viens veids, k\u0101 uzzin\u0101t, vai esat laim\u0113jis, ir p\u0101rbaud\u012bt savu e-pastu. T\u016bl\u012bt p\u0113c izlozes j\u016bs sa\u0146emsiet e-pasta v\u0113stuli ar pazi\u0146ojumu par to pa\u0161u. Izmantojiet \u0161o inform\u0101ciju, lai uzzin\u0101tu, vai \u0161aj\u0101 izloz\u0113 esat laim\u0113jis.<\/p>\n<p>Varat ar\u012b apmekl\u0113t Austr\u0101lijas Oz Lotto ofici\u0101lo t\u012bmek\u013ca vietni, lai uzzin\u0101tu vair\u0101k par iepriek\u0161\u0113jiem izlozes rezult\u0101tiem un visp\u0101r\u012bgu inform\u0101ciju par loteriju.<\/p>\n<h2>Veidi, k\u0101 uzlabot savas izredzes laim\u0113t<\/h2>\n<p>Lai palielin\u0101tu savas izredzes laim\u0113t d\u017eekpotu, varat piedal\u012bties vair\u0101k\u0101s izloz\u0113s, ieg\u0101d\u0101joties bi\u013cetes uz sec\u012bg\u0101m izloz\u0113m. Tas \u013cauj sp\u0113l\u0113t vienu un to pa\u0161u izv\u0113li vair\u0101kas ned\u0113\u013cas. \u0160\u0101di sp\u0113l\u0113jot, palielin\u0101sies j\u016bsu pas\u016bt\u012bjumu izmaksas, ta\u010du tas \u013caus jums piedal\u012bties vair\u0101k izloz\u0113s.<\/p>\n<section class=\"layout\" style=\"border: solid 1px; width: 100%;\">\n<div class=\"img-div\" style=\"margin-top: 5px;\"><img decoding=\"async\" class=\"wp-image-17212 alignleft\" style=\"height: 45px; margin: 8px 8px 0px;\" src=\"https:\/\/jackpotlotteryonline.com\/wp-content\/uploads\/2022\/11\/read1.jpg\" alt=\"las\u012bt\" width=\"\" height=\"\" \/><\/div>\n<div style=\"padding-left: 5px;\">\n<div style=\"font-size: 1.1em;\">\n<p><strong>Izv\u0113l\u0113ties laim\u012bgos loto numurus manu\u0101li vai izmantojot RNG<\/strong><\/p>\n<p style=\"font-size: 0.85em; margin-top: -1.5em;\">K\u0101 \u0123ener\u0113t laim\u012bgos loto numurus?\u00a0 <a href=\"https:\/\/jackpotlotteryonline.com\/lv\/ka-generet-uzvaretaju-loto-numurus\"> las\u012bt vair\u0101k<\/a><\/p>\n<\/div>\n<\/div>\n<\/section>\n<h2>K\u0101 es varu sa\u0146emt balvu?<\/h2>\n<p>Ja vinn\u0113jat k\u0101du no balv\u0101m, \u0146emiet v\u0113r\u0101 turpm\u0101k nor\u0101d\u012bto:<\/p>\n<ul>\n<li>Vinnesti, kas ir maz\u0101ki par 2500 eiro, tiks autom\u0101tiski p\u0101rskait\u012bti uz j\u016bsu sp\u0113l\u0113t\u0101ja kontu. J\u016bs varat iz\u0146emt balvu vai turpin\u0101t bi\u013ce\u0161u ieg\u0101di par balvu naudu.<\/li>\n<li>Ja laimestu summa ir liel\u0101ka par 2500 \u20ac, balvu izmaks\u0101s tie\u0161i loterijas komisija, un j\u016bs to varat sa\u0146emt ar bankas p\u0101rskait\u012bjumu vai \u010deku.<\/li>\n<\/ul>\n<p>Noteikti nepalaidiet gar\u0101m izlozes. Lai p\u0101rliecin\u0101tos, ka nepalaid\u012bs gar\u0101m nek\u0101du inform\u0101ciju, sp\u0113l\u0113t\u0101jiem ieteicams iek\u013caut vietni jackpotlotlotteryonline.com baltaj\u0101 sarakst\u0101 k\u0101 uzticamu e-pasta pakalpojumu sniedz\u0113ju.<\/p>\n<p><strong>Nobeigum\u0101&#8230;<\/strong><\/p>\n<p>Oz Lotto ir viena no popul\u0101r\u0101kaj\u0101m loterijas sp\u0113l\u0113m Austr\u0101lij\u0101 kop\u0161 1994. gada. Daudzi cilv\u0113ki t\u0101s rezult\u0101t\u0101 vienas nakts laik\u0101 ir k\u013cuvu\u0161i par miljon\u0101riem. Kas tad liek jums nesp\u0113l\u0113t? Piedalieties \u0161aj\u0101 Austr\u0101lijas loterij\u0101 un ieg\u016bstiet iesp\u0113ju laim\u0113t k\u0101du no daudzaj\u0101m balv\u0101m, ja ne pat d\u017eekpotu.<\/p>\n<p><strong>Re\u0123istr\u0113jieties \u0161odien, lai vinn\u0113tu!<\/strong><\/p>\n","protected":false},"excerpt":{"rendered":"<p>Oz Lotto izlozes rezult\u0101ti Inform\u0101cija Vai j\u016bs interes\u0113 Oz Lotto izlozes rezult\u0101ti vai tas, kas notiek p\u0113c tam, kad k\u0101ds laim\u0113jis? \u0160aj\u0101 rakst\u0101 j\u016bs uzzin\u0101siet, k\u0101 rast atbildes uz \u0161iem jaut\u0101jumiem. \u0160\u012b Austr\u0101lijas Lotto izloze tiek izloz\u0113ta katru otrdienu un sestdienu plkst. 19:30 p\u0113c Austrumeiropas austrumu laika, t\u0101p\u0113c p\u0113c skait\u013cu izlozes varat aps\u0113sties un gaid\u012bt [&hellip;]<\/p>\n","protected":false},"author":1,"featured_media":0,"parent":35840,"menu_order":16,"comment_status":"closed","ping_status":"closed","template":"","meta":{"_et_pb_use_builder":"","_et_pb_old_content":"","_et_gb_content_width":"","exclude_from_search":false,"footnotes":""},"class_list":["post-41426","page","type-page","status-publish","hentry"],"yoast_head":"<!-- This site is optimized with the Yoast SEO plugin v23.3 - https:\/\/yoast.com\/wordpress\/plugins\/seo\/ -->\n<title>Oz Lotto laim\u0113ju\u0161ie skait\u013ci un izlozes rezult\u0101ti<\/title>\n<meta name=\"description\" content=\"P\u0101rbaudiet Austr\u0101lijas Oz Lotto laim\u0113ju\u0161os numurus un iepriek\u0161\u0113jos izlozes rezult\u0101tus m\u016bsu izlozes rezult\u0101tu lap\u0101. P\u0101rliecinieties, ka nepalaid\u012bs gar\u0101m!\" \/>\n<meta name=\"robots\" content=\"index, follow, max-snippet:-1, max-image-preview:large, max-video-preview:-1\" \/>\n<link rel=\"canonical\" href=\"https:\/\/jackpotlotteryonline.com\/lv\/laimejusie-skaitli\/oz-lotto\/\" \/>\n<meta property=\"og:locale\" content=\"lv_LV\" \/>\n<meta property=\"og:type\" content=\"article\" \/>\n<meta property=\"og:title\" content=\"Oz Lotto laim\u0113ju\u0161ie skait\u013ci un izlozes rezult\u0101ti\" \/>\n<meta property=\"og:description\" content=\"P\u0101rbaudiet Austr\u0101lijas Oz Lotto laim\u0113ju\u0161os numurus un iepriek\u0161\u0113jos izlozes rezult\u0101tus m\u016bsu izlozes rezult\u0101tu lap\u0101. P\u0101rliecinieties, ka nepalaid\u012bs gar\u0101m!\" \/>\n<meta property=\"og:url\" content=\"https:\/\/jackpotlotteryonline.com\/lv\/laimejusie-skaitli\/oz-lotto\/\" \/>\n<meta property=\"og:site_name\" content=\"Lotto Online - Crack The International Lottery Jackpots\" \/>\n<meta property=\"article:modified_time\" content=\"2022-12-30T12:09:18+00:00\" \/>\n<meta property=\"og:image\" content=\"https:\/\/jackpotlotteryonline.com\/wp-content\/uploads\/2022\/11\/1_euromillions_results.jpg\" \/>\n<meta name=\"twitter:card\" content=\"summary_large_image\" \/>\n<meta name=\"twitter:label1\" content=\"Est. reading time\" \/>\n\t<meta name=\"twitter:data1\" content=\"3 minutes\" \/>\n<!-- \/ Yoast SEO plugin. -->","yoast_head_json":{"title":"Oz Lotto laim\u0113ju\u0161ie skait\u013ci un izlozes rezult\u0101ti","description":"P\u0101rbaudiet Austr\u0101lijas Oz Lotto laim\u0113ju\u0161os numurus un iepriek\u0161\u0113jos izlozes rezult\u0101tus m\u016bsu izlozes rezult\u0101tu lap\u0101. P\u0101rliecinieties, ka nepalaid\u012bs gar\u0101m!","robots":{"index":"index","follow":"follow","max-snippet":"max-snippet:-1","max-image-preview":"max-image-preview:large","max-video-preview":"max-video-preview:-1"},"canonical":"https:\/\/jackpotlotteryonline.com\/lv\/laimejusie-skaitli\/oz-lotto\/","og_locale":"lv_LV","og_type":"article","og_title":"Oz Lotto laim\u0113ju\u0161ie skait\u013ci un izlozes rezult\u0101ti","og_description":"P\u0101rbaudiet Austr\u0101lijas Oz Lotto laim\u0113ju\u0161os numurus un iepriek\u0161\u0113jos izlozes rezult\u0101tus m\u016bsu izlozes rezult\u0101tu lap\u0101. P\u0101rliecinieties, ka nepalaid\u012bs gar\u0101m!","og_url":"https:\/\/jackpotlotteryonline.com\/lv\/laimejusie-skaitli\/oz-lotto\/","og_site_name":"Lotto Online - Crack The International Lottery Jackpots","article_modified_time":"2022-12-30T12:09:18+00:00","og_image":[{"url":"https:\/\/jackpotlotteryonline.com\/wp-content\/uploads\/2022\/11\/1_euromillions_results.jpg"}],"twitter_card":"summary_large_image","twitter_misc":{"Est. reading time":"3 minutes"},"schema":{"@context":"https:\/\/schema.org","@graph":[{"@type":"WebPage","@id":"https:\/\/jackpotlotteryonline.com\/lv\/laimejusie-skaitli\/oz-lotto\/","url":"https:\/\/jackpotlotteryonline.com\/lv\/laimejusie-skaitli\/oz-lotto\/","name":"Oz Lotto laim\u0113ju\u0161ie skait\u013ci un izlozes rezult\u0101ti","isPartOf":{"@id":"https:\/\/jackpotlotteryonline.com\/#website"},"primaryImageOfPage":{"@id":"https:\/\/jackpotlotteryonline.com\/lv\/laimejusie-skaitli\/oz-lotto\/#primaryimage"},"image":{"@id":"https:\/\/jackpotlotteryonline.com\/lv\/laimejusie-skaitli\/oz-lotto\/#primaryimage"},"thumbnailUrl":"https:\/\/jackpotlotteryonline.com\/wp-content\/uploads\/2022\/11\/1_euromillions_results.jpg","datePublished":"2022-12-09T10:23:12+00:00","dateModified":"2022-12-30T12:09:18+00:00","description":"P\u0101rbaudiet Austr\u0101lijas Oz Lotto laim\u0113ju\u0161os numurus un iepriek\u0161\u0113jos izlozes rezult\u0101tus m\u016bsu izlozes rezult\u0101tu lap\u0101. P\u0101rliecinieties, ka nepalaid\u012bs gar\u0101m!","breadcrumb":{"@id":"https:\/\/jackpotlotteryonline.com\/lv\/laimejusie-skaitli\/oz-lotto\/#breadcrumb"},"inLanguage":"lv-LV","potentialAction":[{"@type":"ReadAction","target":["https:\/\/jackpotlotteryonline.com\/lv\/laimejusie-skaitli\/oz-lotto\/"]}]},{"@type":"ImageObject","inLanguage":"lv-LV","@id":"https:\/\/jackpotlotteryonline.com\/lv\/laimejusie-skaitli\/oz-lotto\/#primaryimage","url":"https:\/\/jackpotlotteryonline.com\/wp-content\/uploads\/2022\/11\/1_euromillions_results.jpg","contentUrl":"https:\/\/jackpotlotteryonline.com\/wp-content\/uploads\/2022\/11\/1_euromillions_results.jpg"},{"@type":"BreadcrumbList","@id":"https:\/\/jackpotlotteryonline.com\/lv\/laimejusie-skaitli\/oz-lotto\/#breadcrumb","itemListElement":[{"@type":"ListItem","position":1,"name":"Home","item":"https:\/\/jackpotlotteryonline.com\/lv\/"},{"@type":"ListItem","position":2,"name":"Loterijas rezult\u0101ti","item":"https:\/\/jackpotlotteryonline.com\/winning-numbers\/"},{"@type":"ListItem","position":3,"name":"Oz Lotto izlozes rezult\u0101ti"}]},{"@type":"WebSite","@id":"https:\/\/jackpotlotteryonline.com\/#website","url":"https:\/\/jackpotlotteryonline.com\/","name":"Lotto Online - Crack The International Lottery Jackpots","description":"","potentialAction":[{"@type":"SearchAction","target":{"@type":"EntryPoint","urlTemplate":"https:\/\/jackpotlotteryonline.com\/?s={search_term_string}"},"query-input":"required name=search_term_string"}],"inLanguage":"lv-LV"}]}},"_links":{"self":[{"href":"https:\/\/jackpotlotteryonline.com\/lv\/wp-json\/wp\/v2\/pages\/41426","targetHints":{"allow":["GET"]}}],"collection":[{"href":"https:\/\/jackpotlotteryonline.com\/lv\/wp-json\/wp\/v2\/pages"}],"about":[{"href":"https:\/\/jackpotlotteryonline.com\/lv\/wp-json\/wp\/v2\/types\/page"}],"author":[{"embeddable":true,"href":"https:\/\/jackpotlotteryonline.com\/lv\/wp-json\/wp\/v2\/users\/1"}],"replies":[{"embeddable":true,"href":"https:\/\/jackpotlotteryonline.com\/lv\/wp-json\/wp\/v2\/comments?post=41426"}],"version-history":[{"count":0,"href":"https:\/\/jackpotlotteryonline.com\/lv\/wp-json\/wp\/v2\/pages\/41426\/revisions"}],"up":[{"embeddable":true,"href":"https:\/\/jackpotlotteryonline.com\/lv\/wp-json\/wp\/v2\/pages\/35840"}],"wp:attachment":[{"href":"https:\/\/jackpotlotteryonline.com\/lv\/wp-json\/wp\/v2\/media?parent=41426"}],"curies":[{"name":"wp","href":"https:\/\/api.w.org\/{rel}","templated":true}]}}