{"id":41478,"date":"2022-12-09T12:38:47","date_gmt":"2022-12-09T12:38:47","guid":{"rendered":"https:\/\/jackpotlotteryonline.com\/?page_id=41478"},"modified":"2022-12-30T13:46:53","modified_gmt":"2022-12-30T13:46:53","slug":"powerball-australia","status":"publish","type":"page","link":"https:\/\/jackpotlotteryonline.com\/lv\/laimejusie-skaitli\/powerball-australia\/","title":{"rendered":"Powerball Australia izlozes rezult\u0101ti"},"content":{"rendered":"<p><a href=\"https:\/\/jackpotlotteryonline.com\/lv\/ka-spelet\/powerball-australia\">Sp\u0113l\u0113t Austr\u0101lijas Powerball<\/a> ir viegli, ja p\u0113rkat bi\u013cetes tie\u0161saist\u0113. \u0160\u0101d\u0101 veid\u0101 j\u016bs varat piek\u013c\u016bt Powerball no jebkuras vietas pasaul\u0113. Ta\u010du bi\u013cetes ieg\u0101de ir tikai da\u013ca no Powerball sp\u0113l\u0113\u0161anas. Jums ir ar\u012b j\u0101p\u0101rbauda izlozes rezult\u0101ti, lai uzzin\u0101tu laim\u0113ju\u0161os skait\u013cus. T\u0101d\u0113j\u0101di j\u016bs uzzin\u0101siet, vai esat laim\u0113jis loterij\u0101. \u0160eit m\u0113s sniedzam padomus un inform\u0101ciju par to, k\u0101 p\u0101rbaud\u012bt izlozes rezult\u0101tus un piek\u013c\u016bt savam laimestam.<\/p>\n<h2>K\u0101 p\u0101rbaud\u012bt Powerball Australia laim\u0113ju\u0161os numurus<\/h2>\n<p>Lai sp\u0113l\u0113tu Powerball, jums ir j\u0101izv\u0113las 7 skait\u013ci no 1 l\u012bdz 35, k\u0101 ar\u012b Powerball skaitlis no 1 l\u012bdz 20. Izlozes laik\u0101 8 skait\u013ci tiek izloz\u0113ti p\u0113c nejau\u0161\u012bbas principa. Tam, kur\u0161 atbilst izloz\u0113tajiem skait\u013ciem, ir Powerball laim\u0113t\u0101ja bi\u013cete.<\/p>\n<p>Iesp\u0113jams, jums nav iesp\u0113jams v\u0113rot Powerball izlozes tie\u0161raid\u0113. Ta\u010du j\u016bs varat p\u0101rbaud\u012bt tie\u0161saistes zi\u0146u vietnes, lai uzzin\u0101tu Powerball laim\u0113ju\u0161os skait\u013cus. Tom\u0113r \u0161aj\u0101s vietn\u0113s liel\u0101koties tiek public\u0113ta tikai t\u0101 kombin\u0101cija, kas vinn\u0113 d\u017eekpotu. Turkl\u0101t Powerball ir vair\u0101ki citi balvu l\u012bme\u0146i.<\/p>\n<p>T\u0101p\u0113c, lai uzzin\u0101tu Powerball laim\u0113ju\u0161os skait\u013cus visiem balvu l\u012bme\u0146iem, p\u0113c katra izlozes turn\u012bra varat atgriezties \u0161eit. M\u0113s public\u0113jam Powerball laim\u0113ju\u0161os skait\u013cus sav\u0101 vietn\u0113. Turkl\u0101t, ja esat ieg\u0101d\u0101jies Powerball bi\u013ceti no mums, m\u0113s j\u016bs br\u012bdin\u0101sim, ja jums b\u016bs k\u0101ds no laimestu skait\u013ciem. M\u0113s nos\u016bt\u012bsim jums e-pastu un ievietosim pazi\u0146ojumu j\u016bsu kont\u0101. T\u0101d\u0113j\u0101di jums nav j\u0101baid\u0101s, ka j\u016bs palaid\u012bsiet gar\u0101m savus laimestus.<\/p>\n<h2>K\u0101das ir izredzes laim\u0113t Powerball?<\/h2>\n<p><img loading=\"lazy\" decoding=\"async\" class=\"alignright size-full wp-image-31181\" src=\"https:\/\/jackpotlotteryonline.com\/wp-content\/uploads\/2022\/11\/logo_powerball-300x50-1.jpg\" alt=\"laim\u0113t Powerball\" width=\"300\" height=\"50\" \/>Uzvar\u0113t loterij\u0101 nav viegli. Liel\u0101k\u0101 da\u013ca cilv\u0113ku teiktu, ka izredzes ir neticami augstas. Tom\u0113r m\u0113s dzirdam par cilv\u0113kiem, kuri ir laim\u0113ju\u0161i summas, kas izmain\u012bju\u0161as vi\u0146u dz\u012bvi. Jo \u012bpa\u0161i Powerball Austr\u0101lij\u0101 ir gar\u0161 loterijas uzvar\u0113t\u0101ju saraksts, un tas, iesp\u0113jams, ir tie\u0161i \u0161o izred\u017eu d\u0113\u013c.<\/p>\n<p>Izredzes laim\u0113t Powerball loterij\u0101 ir 1 pret 70 miljoniem. Tas noz\u012bm\u0113, ka Powerball loterij\u0101 burtiski var laim\u0113t jebkur\u0161.<\/p>\n<p>Turkl\u0101t Powerball ir 9 balvu kategorijas, kas v\u0113l vair\u0101k palielina izredzes laim\u0113t \u0161aj\u0101 loterij\u0101.<\/p>\n<h2>Powerball balvas<\/h2>\n<p>Powerball d\u017eekpots parasti ir vid\u0113ji 8 miljoni Austr\u0101lijas dol\u0101ru. Ta\u010du ir ar\u012b vair\u0101kas citas balvas, kuras varat vinn\u0113t, ja jums ir Powerball Australia laim\u012bgie skait\u013ci.<\/p>\n<p>\u0160eit ir nor\u0101d\u012btas balvu kategorijas un to izmaksa k\u0101d\u0101 no Powerball izloz\u0113m. \u0145emiet v\u0113r\u0101, ka katr\u0101 izloz\u0113 vinnesti nav vien\u0101di, jo balvas ir atkar\u012bgas no loterijas fonda. Ta\u010du tas ir tikai t\u0101d\u0113\u013c, lai j\u016bs var\u0113tu g\u016bt priek\u0161statu par to, ko sagaid\u012bt, ja jums b\u016bs Powerball laim\u012bgie skait\u013ci.<\/p>\n<p>1. noda\u013ca: atbilst 7 + Powerball &#8211; 8 000 000,00 $ (d\u017eekpots).<\/p>\n<p>2. noda\u013ca: atbilst tikai 7 &#8211; 95 726,15 $.<\/p>\n<p>noda\u013ca: atbilst 6 + Powerball &#8211; 5 661,20 $.<\/p>\n<p>noda\u013ca: tikai 6. izloze &#8211; 501,70 $.<\/p>\n<p>noda\u013ca: 5. sp\u0113les + Powerball &#8211; 166,75 $.<\/p>\n<p>noda\u013ca: tikai 5. sp\u0113les &#8211; 73,10 $.<\/p>\n<p>noda\u013ca: 4. sp\u0113les + Powerball &#8211; 41,60 $.<\/p>\n<p>8. noda\u013ca: sp\u0113le 3 + Powerball &#8211; 18,05 $.<\/p>\n<p>noda\u013ca: 2. ma\u010ds + Powerball &#8211; 10,95 $.<\/p>\n<h2>Ko dar\u012bt, ja jums ir laim\u012bgie skait\u013ci?<\/h2>\n<p>Ja p\u0101rbaud\u0101t izlozes rezult\u0101tus un redzat, ka jums ir Powerball laim\u012bgie skait\u013ci, n\u0101kamais solis ir, k\u0101 piek\u013c\u016bt savam laimestam. \u0145emot v\u0113r\u0101 to, ka Powerball sp\u0113l\u0113jat \u0101rpus Ozas, j\u016bs, iesp\u0113jams, mekl\u0113jat \u0113rtu veidu, k\u0101 sa\u0146emt naudu.<\/p>\n<p><a href=\"https:\/\/jackpotlotteryonline.com\/lv\/iegadaties-biletes\/powerball-australia\">Ieg\u0101d\u0101joties Powerball bi\u013ceti pie mums,<\/a> j\u016bs varat piek\u013c\u016bt savam laimestam no jebkuras vietas. Ja laimestu summa ir maz\u0101ka par noteiktu summu, viss, kas jums j\u0101dara, ir j\u0101iz\u0146em laimests no m\u016bsu platformas. J\u016bs varat to iz\u0146emt tie\u0161i sav\u0101 bankas kont\u0101.<\/p>\n<p>Ja j\u016bsu laimests ir liel\u0101ks par nor\u0101d\u012bto summu, m\u0113s jums nodro\u0161in\u0101sim pras\u012bbu veidlapu, kuru jums b\u016bs j\u0101aizpilda. T\u0101d\u0101 veid\u0101 j\u016bs var\u0113siet piepras\u012bt savu laimestu tie\u0161i no Powerball loterijas uz\u0146\u0113muma, neradot nek\u0101das probl\u0113mas.<\/p>\n<section class=\"layout\" style=\"border: solid 1px; width: 100%;\">\n<div class=\"img-div\" style=\"margin-top: 5px;\"><img decoding=\"async\" class=\"wp-image-17212 alignleft\" style=\"height: 45px; margin: 8px 8px 0px;\" src=\"https:\/\/jackpotlotteryonline.com\/wp-content\/uploads\/2022\/11\/read1.jpg\" alt=\"las\u012bt\" width=\"\" height=\"\" \/><\/div>\n<div style=\"padding-left: 5px;\">\n<div style=\"font-size: 1.1em;\">\n<p><strong>K\u0101du automa\u0161\u012bnu j\u016bs ieg\u0101d\u0101tosiet, ja uzvar\u0113tu loterij\u0101?<\/strong><\/p>\n<p style=\"font-size: 0.85em; margin-top: -1.5em;\">Uzvariet loterij\u0101 un ieg\u016bstiet jaunu automa\u0161\u012bnu\u00a0 <a href=\"https:\/\/jackpotlotteryonline.com\/lv\/kadu-automasinu-jus-iegadatosiet-ja-uzvaretu-loterija\"> las\u012bt vair\u0101k<\/a><\/p>\n<\/div>\n<\/div>\n<\/section>\n<h2>Powerball sp\u0113l\u0113\u0161anas priek\u0161roc\u012bbas ar Jackpotlotlotteryonline.com<\/h2>\n<ul>\n<li>J\u016bs sa\u0146emat \u0101tru un t\u016bl\u012bt\u0113ju piek\u013cuvi loterijai. Jums nav j\u0101dz\u012bvo Austr\u0101lij\u0101, lai sp\u0113l\u0113tu Powerball.<\/li>\n<li>Tas ir \u013coti \u0113rti, jo jums nav nepiecie\u0161ams atst\u0101t savas m\u0101jas. P\u0101rbaudiet laim\u0113ju\u0161os skait\u013cus no sava datora vai mobil\u0101s ier\u012bces.<\/li>\n<li>Tas ir ar\u012b dro\u0161\u0101k, jo j\u016bsu bi\u013cete tiek saglab\u0101ta digit\u0101li. Tas ir svar\u012bgi, jo tas ir vien\u012bgais veids, k\u0101 piepras\u012bt savu laimestu.<\/li>\n<li>Nevajag palaist gar\u0101m savu laimestu, jo m\u0113s nekav\u0113joties j\u016bs br\u012bdin\u0101sim, ja j\u016bs vinn\u0113siet k\u0101du no laimestiem.<\/li>\n<li>J\u016bs varat viegli iz\u0146emt jebkuru laimestu tie\u0161saist\u0113, nekur nebraucot<\/li>\n<\/ul>\n<h2>P\u0101rbaudiet savus laimesta numurus kop\u0101 ar mums<\/h2>\n<p>Laika gait\u0101 esam velt\u012bju\u0161i daudz resursu un p\u016b\u013cu, lai nodro\u0161in\u0101tu m\u016bsu sp\u0113l\u0113t\u0101jiem vislab\u0101ko pieredzi. M\u0113s ne tikai \u013caujam jums viegli ieg\u0101d\u0101ties bi\u013cetes uz lab\u0101kaj\u0101m starptautiskaj\u0101m loterij\u0101m, bet m\u0113s speram vair\u0101kus so\u013cus t\u0101l\u0101k. M\u0113s to dar\u0101m, nodro\u0161inot jaun\u0101kos izlozes rezult\u0101tus, lai j\u016bs var\u0113tu viegli p\u0101rbaud\u012bt laim\u0113ju\u0161os skait\u013cus.<\/p>\n<p>Visbeidzot, jums nav j\u0101uztraucas par to, k\u0101 piek\u013c\u016bt saviem laimestiem, ja esat laim\u0113jis k\u0101du balvu. M\u0113s esam par visu padom\u0101ju\u0161i, lai j\u016bs var\u0113tu koncentr\u0113ties uz svar\u012bg\u0101ko. Re\u0123istr\u0113jieties pie mums jau \u0161odien.<\/p>\n","protected":false},"excerpt":{"rendered":"<p>Sp\u0113l\u0113t Austr\u0101lijas Powerball ir viegli, ja p\u0113rkat bi\u013cetes tie\u0161saist\u0113. \u0160\u0101d\u0101 veid\u0101 j\u016bs varat piek\u013c\u016bt Powerball no jebkuras vietas pasaul\u0113. Ta\u010du bi\u013cetes ieg\u0101de ir tikai da\u013ca no Powerball sp\u0113l\u0113\u0161anas. Jums ir ar\u012b j\u0101p\u0101rbauda izlozes rezult\u0101ti, lai uzzin\u0101tu laim\u0113ju\u0161os skait\u013cus. T\u0101d\u0113j\u0101di j\u016bs uzzin\u0101siet, vai esat laim\u0113jis loterij\u0101. \u0160eit m\u0113s sniedzam padomus un inform\u0101ciju par to, k\u0101 p\u0101rbaud\u012bt [&hellip;]<\/p>\n","protected":false},"author":1,"featured_media":0,"parent":35840,"menu_order":17,"comment_status":"closed","ping_status":"closed","template":"powerball-au-results.php","meta":{"_et_pb_use_builder":"","_et_pb_old_content":"","_et_gb_content_width":"","exclude_from_search":false,"footnotes":""},"class_list":["post-41478","page","type-page","status-publish","hentry"],"yoast_head":"<!-- This site is optimized with the Yoast SEO plugin v23.3 - https:\/\/yoast.com\/wordpress\/plugins\/seo\/ -->\n<title>Powerball Austr\u0101lija laim\u0113ju\u0161ie skait\u013ci un izlozes rezult\u0101ti<\/title>\n<meta name=\"description\" content=\"Vai mekl\u0113jat Powerball Australia laim\u0113ju\u0161os skait\u013cus? \u0160aj\u0101 vietn\u0113 atrodiet Austr\u0101lijas loteriju izlozes rezult\u0101tus.\" \/>\n<meta name=\"robots\" content=\"index, follow, max-snippet:-1, max-image-preview:large, max-video-preview:-1\" \/>\n<link rel=\"canonical\" href=\"https:\/\/jackpotlotteryonline.com\/lv\/laimejusie-skaitli\/powerball-australia\/\" \/>\n<meta property=\"og:locale\" content=\"lv_LV\" \/>\n<meta property=\"og:type\" content=\"article\" \/>\n<meta property=\"og:title\" content=\"Powerball Austr\u0101lija laim\u0113ju\u0161ie skait\u013ci un izlozes rezult\u0101ti\" \/>\n<meta property=\"og:description\" content=\"Vai mekl\u0113jat Powerball Australia laim\u0113ju\u0161os skait\u013cus? \u0160aj\u0101 vietn\u0113 atrodiet Austr\u0101lijas loteriju izlozes rezult\u0101tus.\" \/>\n<meta property=\"og:url\" content=\"https:\/\/jackpotlotteryonline.com\/lv\/laimejusie-skaitli\/powerball-australia\/\" \/>\n<meta property=\"og:site_name\" content=\"Lotto Online - Crack The International Lottery Jackpots\" \/>\n<meta property=\"article:modified_time\" content=\"2022-12-30T13:46:53+00:00\" \/>\n<meta property=\"og:image\" content=\"https:\/\/jackpotlotteryonline.com\/wp-content\/uploads\/2022\/11\/logo_powerball-300x50-1.jpg\" \/>\n<meta name=\"twitter:card\" content=\"summary_large_image\" \/>\n<meta name=\"twitter:label1\" content=\"Est. reading time\" \/>\n\t<meta name=\"twitter:data1\" content=\"4 minutes\" \/>\n<!-- \/ Yoast SEO plugin. -->","yoast_head_json":{"title":"Powerball Austr\u0101lija laim\u0113ju\u0161ie skait\u013ci un izlozes rezult\u0101ti","description":"Vai mekl\u0113jat Powerball Australia laim\u0113ju\u0161os skait\u013cus? \u0160aj\u0101 vietn\u0113 atrodiet Austr\u0101lijas loteriju izlozes rezult\u0101tus.","robots":{"index":"index","follow":"follow","max-snippet":"max-snippet:-1","max-image-preview":"max-image-preview:large","max-video-preview":"max-video-preview:-1"},"canonical":"https:\/\/jackpotlotteryonline.com\/lv\/laimejusie-skaitli\/powerball-australia\/","og_locale":"lv_LV","og_type":"article","og_title":"Powerball Austr\u0101lija laim\u0113ju\u0161ie skait\u013ci un izlozes rezult\u0101ti","og_description":"Vai mekl\u0113jat Powerball Australia laim\u0113ju\u0161os skait\u013cus? \u0160aj\u0101 vietn\u0113 atrodiet Austr\u0101lijas loteriju izlozes rezult\u0101tus.","og_url":"https:\/\/jackpotlotteryonline.com\/lv\/laimejusie-skaitli\/powerball-australia\/","og_site_name":"Lotto Online - Crack The International Lottery Jackpots","article_modified_time":"2022-12-30T13:46:53+00:00","og_image":[{"url":"https:\/\/jackpotlotteryonline.com\/wp-content\/uploads\/2022\/11\/logo_powerball-300x50-1.jpg"}],"twitter_card":"summary_large_image","twitter_misc":{"Est. reading time":"4 minutes"},"schema":{"@context":"https:\/\/schema.org","@graph":[{"@type":"WebPage","@id":"https:\/\/jackpotlotteryonline.com\/lv\/laimejusie-skaitli\/powerball-australia\/","url":"https:\/\/jackpotlotteryonline.com\/lv\/laimejusie-skaitli\/powerball-australia\/","name":"Powerball Austr\u0101lija laim\u0113ju\u0161ie skait\u013ci un izlozes rezult\u0101ti","isPartOf":{"@id":"https:\/\/jackpotlotteryonline.com\/#website"},"primaryImageOfPage":{"@id":"https:\/\/jackpotlotteryonline.com\/lv\/laimejusie-skaitli\/powerball-australia\/#primaryimage"},"image":{"@id":"https:\/\/jackpotlotteryonline.com\/lv\/laimejusie-skaitli\/powerball-australia\/#primaryimage"},"thumbnailUrl":"https:\/\/jackpotlotteryonline.com\/wp-content\/uploads\/2022\/11\/logo_powerball-300x50-1.jpg","datePublished":"2022-12-09T12:38:47+00:00","dateModified":"2022-12-30T13:46:53+00:00","description":"Vai mekl\u0113jat Powerball Australia laim\u0113ju\u0161os skait\u013cus? \u0160aj\u0101 vietn\u0113 atrodiet Austr\u0101lijas loteriju izlozes rezult\u0101tus.","breadcrumb":{"@id":"https:\/\/jackpotlotteryonline.com\/lv\/laimejusie-skaitli\/powerball-australia\/#breadcrumb"},"inLanguage":"lv-LV","potentialAction":[{"@type":"ReadAction","target":["https:\/\/jackpotlotteryonline.com\/lv\/laimejusie-skaitli\/powerball-australia\/"]}]},{"@type":"ImageObject","inLanguage":"lv-LV","@id":"https:\/\/jackpotlotteryonline.com\/lv\/laimejusie-skaitli\/powerball-australia\/#primaryimage","url":"https:\/\/jackpotlotteryonline.com\/wp-content\/uploads\/2022\/11\/logo_powerball-300x50-1.jpg","contentUrl":"https:\/\/jackpotlotteryonline.com\/wp-content\/uploads\/2022\/11\/logo_powerball-300x50-1.jpg"},{"@type":"BreadcrumbList","@id":"https:\/\/jackpotlotteryonline.com\/lv\/laimejusie-skaitli\/powerball-australia\/#breadcrumb","itemListElement":[{"@type":"ListItem","position":1,"name":"Home","item":"https:\/\/jackpotlotteryonline.com\/lv\/"},{"@type":"ListItem","position":2,"name":"Loterijas rezult\u0101ti","item":"https:\/\/jackpotlotteryonline.com\/winning-numbers\/"},{"@type":"ListItem","position":3,"name":"Powerball Australia izlozes rezult\u0101ti"}]},{"@type":"WebSite","@id":"https:\/\/jackpotlotteryonline.com\/#website","url":"https:\/\/jackpotlotteryonline.com\/","name":"Lotto Online - Crack The International Lottery Jackpots","description":"","potentialAction":[{"@type":"SearchAction","target":{"@type":"EntryPoint","urlTemplate":"https:\/\/jackpotlotteryonline.com\/?s={search_term_string}"},"query-input":"required name=search_term_string"}],"inLanguage":"lv-LV"}]}},"_links":{"self":[{"href":"https:\/\/jackpotlotteryonline.com\/lv\/wp-json\/wp\/v2\/pages\/41478","targetHints":{"allow":["GET"]}}],"collection":[{"href":"https:\/\/jackpotlotteryonline.com\/lv\/wp-json\/wp\/v2\/pages"}],"about":[{"href":"https:\/\/jackpotlotteryonline.com\/lv\/wp-json\/wp\/v2\/types\/page"}],"author":[{"embeddable":true,"href":"https:\/\/jackpotlotteryonline.com\/lv\/wp-json\/wp\/v2\/users\/1"}],"replies":[{"embeddable":true,"href":"https:\/\/jackpotlotteryonline.com\/lv\/wp-json\/wp\/v2\/comments?post=41478"}],"version-history":[{"count":0,"href":"https:\/\/jackpotlotteryonline.com\/lv\/wp-json\/wp\/v2\/pages\/41478\/revisions"}],"up":[{"embeddable":true,"href":"https:\/\/jackpotlotteryonline.com\/lv\/wp-json\/wp\/v2\/pages\/35840"}],"wp:attachment":[{"href":"https:\/\/jackpotlotteryonline.com\/lv\/wp-json\/wp\/v2\/media?parent=41478"}],"curies":[{"name":"wp","href":"https:\/\/api.w.org\/{rel}","templated":true}]}}