{"id":41531,"date":"2022-12-09T14:24:07","date_gmt":"2022-12-09T14:24:07","guid":{"rendered":"https:\/\/jackpotlotteryonline.com\/?page_id=41531"},"modified":"2022-12-29T18:44:34","modified_gmt":"2022-12-29T18:44:34","slug":"lotto-america","status":"publish","type":"page","link":"https:\/\/jackpotlotteryonline.com\/lv\/laimejusie-skaitli\/lotto-america\/","title":{"rendered":"Lotto America izlozes rezult\u0101ti"},"content":{"rendered":"<p>Lotto America ir loterijas sp\u0113le ASV, kas ir rad\u012bjusi daudz miljon\u0101ru. Loterijas laimesta varb\u016bt\u012bba ir fantastiska, t\u0101p\u0113c t\u0101 ir pievilc\u012bga sp\u0113le loteriju faniem. Tagad sp\u0113l\u0113t\u0101ji vis\u0101 pasaul\u0113 var<a href=\"https:\/\/jackpotlotteryonline.com\/lv\/iegadaties-biletes\/lotto-america\"> ieg\u0101d\u0101ties \u0161\u012bs ASV loterijas bi\u013cetes tie\u0161saist\u0113<\/a>. Vi\u0146i var ne tikai to, bet ar\u012b p\u0101rbaud\u012bt laim\u0113ju\u0161os skait\u013cus, lai uzzin\u0101tu, vai vi\u0146i ir laim\u0113ju\u0161i loterij\u0101.<\/p>\n<p>J\u016bs varat ieg\u0101d\u0101ties bi\u013cetes uz lab\u0101kaj\u0101m starptautiskaj\u0101m loterij\u0101m vietn\u0113 jackpotlotlotteryonline.com un p\u0101rbaud\u012bt laim\u0113ju\u0161os skait\u013cus ar\u012b \u0161eit. Un, ja j\u016bs interes\u0113, k\u0101 piek\u013c\u016bt laimestiem tie\u0161saist\u0113, turpiniet las\u012bt. M\u0113s dal\u012bsimies ar jums vis\u0101 detaliz\u0113taj\u0101 inform\u0101cij\u0101, un \u0101tri vien k\u013c\u016bs skaidrs, ka sp\u0113l\u0113\u0161ana tie\u0161saist\u0113 ir pareiz\u0101kais veids, k\u0101 to izdar\u012bt.<\/p>\n<h2>Lotto America sp\u0113l\u0113\u0161ana tie\u0161saist\u0113<\/h2>\n<p><img loading=\"lazy\" decoding=\"async\" class=\"size-full wp-image-32081 alignright\" src=\"https:\/\/jackpotlotteryonline.com\/wp-content\/uploads\/2022\/11\/1_mega_lotto_win-213x300-1.jpg\" alt=\"Sp\u0113l\u0113jiet Lotto America tie\u0161saist\u0113\" width=\"213\" height=\"300\" \/>M\u0113s jau min\u0113j\u0101m, ka \u0161o<a href=\"https:\/\/jackpotlotteryonline.com\/lv\/ka-spelet\/lotto-america\"> loteriju var sp\u0113l\u0113t tie\u0161saist\u0113,<\/a> un nav svar\u012bgi, kur j\u016bs dz\u012bvojat. Parasti bi\u013cetes tiek p\u0101rdotas ASV, ta\u010du j\u016bs varat t\u0101s ieg\u0101d\u0101ties ar\u012b \u0161eit, vietn\u0113 jackpotlotteryonline.com.<\/p>\n<p>Ir ar\u012b citas vietnes, kur\u0101s tiek p\u0101rdotas \u0161\u012bs loterijas bi\u013cetes, ta\u010du t\u0101s \u013cauj sp\u0113l\u0113t\u0101jiem veikt likmes tikai par loterijas izn\u0101kumu. Tas noz\u012bm\u0113, ka, ieg\u0101d\u0101joties loterijas bi\u013ceti \u0161aj\u0101 vietn\u0113, j\u016bs nevarat piedal\u012bties loterij\u0101. T\u0101tad, pat ja jums atbilst visi izloz\u0113tie skait\u013ci, j\u016bs d\u017eekpotu vinn\u0113t nevar\u0113siet. T\u0101p\u0113c ir \u013coti svar\u012bgi izv\u0113l\u0113ties vietni, kuru izmantojat.<\/p>\n<h2>Loterijas sp\u0113l\u0113\u0161anas so\u013ci tie\u0161saist\u0113<\/h2>\n<p>Kad esat izv\u0113l\u0113jies vietni, izpildiet t\u0101l\u0101k aprakst\u012btos so\u013cus:<\/p>\n<ol>\n<li>Apmekl\u0113jiet vietni, kuru v\u0113laties izmantot, un noklik\u0161\u0137iniet uz Lotto America.<\/li>\n<li>Izv\u0113lieties 5 skait\u013cus no 1 l\u012bdz 52 (ja neesat p\u0101rliecin\u0101ts, k\u0101dus skait\u013cus izmantot, izm\u0113\u0123iniet autom\u0101tisko skait\u013cu \u0123eneratoru).<\/li>\n<li>P\u0113c tam izv\u0113lieties bonusa skaitli (Star Ball) no 1 l\u012bdz 10.<\/li>\n<li>Ieg\u0101d\u0101jieties papildu skait\u013cu rindas, lai ieg\u016btu liel\u0101kas izredzes laim\u0113t.<\/li>\n<li>Piedalieties izloz\u0113s (varat piedal\u012bties vair\u0101k nek\u0101 vien\u0101 izloz\u0113).<\/li>\n<li>Re\u0123istr\u0113jieties un samaks\u0101jiet par saviem ierakstiem.<\/li>\n<\/ol>\n<p>M\u0113s l\u016bdzam re\u0123istr\u0113ties vair\u0101ku iemeslu d\u0113\u013c. Pirmk\u0101rt, m\u0113s v\u0113lamies nodro\u0161in\u0101t, ka j\u016bsu digit\u0101l\u0101 bi\u013cete ir dro\u0161\u012bb\u0101. Otrk\u0101rt, m\u0113s izmantojam j\u016bsu kontu, lai sazin\u0101tos ar jums gad\u012bjum\u0101, ja j\u016bs vinn\u0113siet k\u0101du balvu. Par to s\u012bk\u0101k run\u0101sim v\u0113l\u0101k.<\/p>\n<h2>Lotto America izlozes dienas un d\u017eekpots<\/h2>\n<p>\u0160aj\u0101 ASV loterij\u0101 ir tr\u012bs izlozes ned\u0113\u013c\u0101 &#8211; pirmdien, tre\u0161dien un sestdien. Izlozes laik\u0101 tiek pazi\u0146ota laim\u0113jus\u012b bi\u013cete. Lai vinn\u0113tu d\u017eekpotu, j\u016bsu bi\u013cetei j\u0101atbilst se\u0161iem izloz\u0113tajiem skait\u013ciem.<\/p>\n<p>Lotto America d\u017eekpota balvas s\u0101kas no 2 miljoniem ASV dol\u0101ru, un t\u0101s var p\u0101riet, ja p\u0113c izlozes nav uzvar\u0113t\u0101ja. T\u0101 k\u0101 p\u0113c katras izlozes (ja nav uzvar\u0113t\u0101ja) laimests tiek p\u0101rlikts, tas var sasniegt pat 18 miljonus ASV dol\u0101ru. T\u0101 ir krietna summa, ko vinn\u0113t, vai ne?<\/p>\n<p>Paties\u012bb\u0101 rekordlielais Lotto America d\u017eekpots bija 23 miljoni ASV dol\u0101ru, un to 2018. gad\u0101 ieguva k\u0101da \u0123imene.<\/p>\n<section class=\"layout\" style=\"border: solid 1px; width: 100%;\">\n<div class=\"img-div\" style=\"margin-top: 5px;\"><img decoding=\"async\" class=\"wp-image-17212 alignleft\" style=\"height: 45px; margin: 8px 8px 0px;\" src=\"https:\/\/jackpotlotteryonline.com\/wp-content\/uploads\/2022\/11\/read1.jpg\" alt=\"las\u012bt\" width=\"\" height=\"\" \/><\/div>\n<div style=\"padding-left: 5px;\">\n<div style=\"font-size: 1.1em;\">\n<p><strong>Da\u017ei loterijas uzvar\u0113t\u0101ji atgrie\u017eas sabiedr\u012bbai<\/strong><\/p>\n<p style=\"font-size: 0.85em; margin-top: -1.5em;\">Da\u017ei interesanti un uzmundrino\u0161i st\u0101sti par loterijas uzvar\u0113t\u0101jiem, kas dod ieguld\u012bjumu <a href=\"https:\/\/jackpotlotteryonline.com\/lv\/stasti-par-loterija-uzvaretaju-atdevi-atgriesanos\">\u00a0las\u012bt vair\u0101k<\/a><\/p>\n<\/div>\n<\/div>\n<\/section>\n<h2>Balvu kategorijas<\/h2>\n<p>D\u017eekpots, protams, ir loterijas galven\u0101 balva. Ta\u010du \u0161aj\u0101 loterij\u0101 ir 9 da\u017e\u0101das balvu kategorijas, kas dod sp\u0113l\u0113t\u0101jiem iesp\u0113ju laim\u0113t interesantas balvas.<\/p>\n<p>Pat ja jums neizdosies vinn\u0113t d\u017eekpotu, j\u016bs joproj\u0101m varat atgriezties m\u0101j\u0101s ar lielu laimestu, sakritot citu kategoriju laim\u012bgajiem skait\u013ciem. \u0160eit ir nor\u0101d\u012bts balvu sadal\u012bjums un izredzes laim\u0113t katr\u0101 balvu kategorij\u0101.<\/p>\n<p>1. noda\u013ca: 5 + Star Ball &#8211; 1 pret 25 989 600 &#8211; d\u017eekpots<\/p>\n<p>2. noda\u013ca: 5 &#8211; 1 pret 2 887 733 &#8211; 20 000 ASV dol\u0101ru.<\/p>\n<p>3. noda\u013ca: 4 + Star Ball &#8211; 1 pret 110 594 &#8211; 1 000 $.<\/p>\n<p>4. noda\u013ca: 4 &#8211; 1 no 12 288 &#8211; 100 $<\/p>\n<p>5. noda\u013ca: 3 + Zvaig\u017e\u0146u bumbi\u0146a &#8211; 1 no 2 404 &#8211; 20 $<\/p>\n<p>6. noda\u013ca: 3 &#8211; 1 no 267 &#8211; 5 dol\u0101ri<\/p>\n<p>noda\u013ca: 2 + Zvaig\u017e\u0146u bumbi\u0146a &#8211; 1 no 160 &#8211; 5 $.<\/p>\n<p>8. noda\u013ca: 1 + Zvaig\u017e\u0146u bumba &#8211; 1 no 29 &#8211; 2 dol\u0101ri<\/p>\n<p>noda\u013ca: 0 + Zvaig\u017e\u0146u bumbi\u0146a &#8211; 1 no 17 &#8211; 2 dol\u0101ri<\/p>\n<h2>K\u0101 p\u0101rbaud\u012bt laim\u0113ju\u0161os skait\u013cus<\/h2>\n<p>P\u0101rbaud\u012bt, vai esat vinn\u0113jis k\u0101du no balv\u0101m, ir tik vienk\u0101r\u0161i, k\u0101 p\u0113c izlozes atgriezties \u0161aj\u0101 lap\u0101. P\u0113c katras izlozes m\u0113s public\u0113jam katras balvu kategorijas izlozes rezult\u0101tus. T\u0101d\u0113j\u0101di j\u016bs varat \u0113rti un bez stresa p\u0101rbaud\u012bt m\u016bsu lapu.<\/p>\n<p>Turkl\u0101t, ja esat ieg\u0101d\u0101jies bi\u013ceti pie mums, tad esat pie mums ar\u012b re\u0123istr\u0113jies. Tas noz\u012bm\u0113, ka gad\u012bjum\u0101, ja j\u016bs vinn\u0113siet balvu, m\u0113s varam j\u016bs par to br\u012bdin\u0101t, izmantojot j\u016bsu kontu un ar\u012b pa e-pastu.<\/p>\n<p>Ieg\u0101d\u0101joties loterijas bi\u013ceti pie mums, jums nekad nav j\u0101palaid gar\u0101m laimests.<\/p>\n<h2>J\u016bsu laimesta izmaksu skaidr\u0101 naud\u0101<\/h2>\n<p><img loading=\"lazy\" decoding=\"async\" class=\"alignright size-full wp-image-31532\" src=\"https:\/\/jackpotlotteryonline.com\/wp-content\/uploads\/2022\/11\/lottoballs.jpg\" alt=\"Lotto America laim\u0113ju\u0161ie skait\u013ci\" width=\"245\" height=\"123\" \/>Viens no jaut\u0101jumiem, ko m\u0113s bie\u017ei dzirdam no sp\u0113l\u0113t\u0101jiem, ir par to, k\u0101 piek\u013c\u016bt savam laimestam, kad vi\u0146i piedal\u0101s Lotto America tie\u0161saistes loterij\u0101. Ja j\u016bs p\u0113rkat loterijas bi\u013cetes m\u016bsu vietn\u0113, m\u0113s pied\u0101v\u0101jam vienk\u0101r\u0161u un \u0113rtu metodi, k\u0101 sa\u0146emt savu laimestu.<\/p>\n<p>J\u016bsu kont\u0101 tiks ieskait\u012bti vinnesti, kuru summa ir 2500 eiro, un p\u0113c tam j\u016bs var\u0113siet tos iz\u0146emt bez papildu izmaks\u0101m. Savuk\u0101rt liel\u0101kiem laimestiem nepiecie\u0161ama nedaudz at\u0161\u0137ir\u012bga proced\u016bra. Liel\u0101ku laimestu gad\u012bjum\u0101 jums b\u016bs j\u0101pieprasa laimests no loterijas uz\u0146\u0113muma. Tom\u0113r m\u0113s jums nodro\u0161in\u0101sim pras\u012bbu veidlapu, kuru aizpildiet, un, kad to izdar\u012bsiet, apstr\u0101d\u0101sim pras\u012bbu j\u016bsu viet\u0101.<\/p>\n<p>Iemesls tam ir t\u0101ds, ka jums b\u016bs nepiecie\u0161ams sevi identific\u0113t. Turkl\u0101t, lai sa\u0146emtu liel\u0101kas summas, da\u017eiem loteriju uz\u0146\u0113mumiem var b\u016bt nepiecie\u0161ams ierasties person\u012bgi. Ja t\u0101 notiks, m\u0113s nekav\u0113joties inform\u0113sim j\u016bs par to.<\/p>\n<h2>Nopirkt j\u016bsu Lotto America bi\u013cetes Jackpotlotteryonline.com<\/h2>\n<p>Ir tik daudz iemeslu, k\u0101p\u0113c jums vajadz\u0113tu ieg\u0101d\u0101ties Lotto America bi\u013cetes pie mums. Pirmk\u0101rt, m\u0113s esam konsjer\u017es vietne. Tas noz\u012bm\u0113, ka j\u016bs varat mier\u012bgi atp\u016bsties, kam\u0113r m\u0113s par\u016bp\u0113simies par viss\u012bk\u0101kaj\u0101m deta\u013c\u0101m j\u016bsu viet\u0101. T\u0101d\u0113j\u0101di m\u0113s pal\u012bdz\u0113sim jums piek\u013c\u016bt lab\u0101kaj\u0101m starptautiskaj\u0101m loterij\u0101m, piem\u0113ram, Lotto America.<\/p>\n<p>Bet m\u0113s neapst\u0101jamies pie t\u0101. M\u0113s pied\u0101v\u0101jam ar\u012b sist\u0113mu, kas pal\u012bdz\u0113s jums p\u0101rvald\u012bt loterijas sp\u0113les. J\u016bs varat burtiski ievad\u012bt vair\u0101kas loterijas un izlozes tie\u0161i no m\u016bsu vietnes. Jums nav j\u0101dodas nekur citur. Turkl\u0101t m\u0113s pied\u0101v\u0101jam \u0113rtu veidu, k\u0101 p\u0101rbaud\u012bt Lotto America rezult\u0101tus vienuviet.<\/p>\n<p>Visbeidzot, j\u016bs varat viegli p\u0101rbaud\u012bt laim\u0113ju\u0161os skait\u013cus un iz\u0146emt savus laimestus no m\u016bsu platformas tie\u0161i sav\u0101 kont\u0101. M\u0113s katru dienu c\u012bt\u012bgi str\u0101d\u0101jam, lai pilnveidotu jums nevainojamu sist\u0113mu. \u013baujiet mums atbr\u012bvoties no stresa, lai j\u016bs var\u0113tu koncentr\u0113ties uz prieku. Re\u0123istr\u0113jieties pie mums, lai sp\u0113l\u0113tu loterij\u0101 jau \u0161odien.<\/p>\n","protected":false},"excerpt":{"rendered":"<p>Lotto America ir loterijas sp\u0113le ASV, kas ir rad\u012bjusi daudz miljon\u0101ru. Loterijas laimesta varb\u016bt\u012bba ir fantastiska, t\u0101p\u0113c t\u0101 ir pievilc\u012bga sp\u0113le loteriju faniem. Tagad sp\u0113l\u0113t\u0101ji vis\u0101 pasaul\u0113 var ieg\u0101d\u0101ties \u0161\u012bs ASV loterijas bi\u013cetes tie\u0161saist\u0113. Vi\u0146i var ne tikai to, bet ar\u012b p\u0101rbaud\u012bt laim\u0113ju\u0161os skait\u013cus, lai uzzin\u0101tu, vai vi\u0146i ir laim\u0113ju\u0161i loterij\u0101. J\u016bs varat ieg\u0101d\u0101ties bi\u013cetes [&hellip;]<\/p>\n","protected":false},"author":1,"featured_media":0,"parent":35840,"menu_order":13,"comment_status":"closed","ping_status":"closed","template":"lotto-america-results.php","meta":{"_et_pb_use_builder":"","_et_pb_old_content":"","_et_gb_content_width":"","exclude_from_search":false,"footnotes":""},"class_list":["post-41531","page","type-page","status-publish","hentry"],"yoast_head":"<!-- This site is optimized with the Yoast SEO plugin v23.3 - https:\/\/yoast.com\/wordpress\/plugins\/seo\/ -->\n<title>Lotto America laim\u0113ju\u0161ie skait\u013ci un izlozes rezult\u0101ti<\/title>\n<meta name=\"description\" content=\"Mekl\u0113jat Lotto America laim\u0113ju\u0161os numurus? Visu lielo Amerikas loteriju izlozes rezult\u0101tus var atrast m\u016bsu vietn\u0113!\" \/>\n<meta name=\"robots\" content=\"index, follow, max-snippet:-1, max-image-preview:large, max-video-preview:-1\" \/>\n<link rel=\"canonical\" href=\"https:\/\/jackpotlotteryonline.com\/lv\/laimejusie-skaitli\/lotto-america\/\" \/>\n<meta property=\"og:locale\" content=\"lv_LV\" \/>\n<meta property=\"og:type\" content=\"article\" \/>\n<meta property=\"og:title\" content=\"Lotto America laim\u0113ju\u0161ie skait\u013ci un izlozes rezult\u0101ti\" \/>\n<meta property=\"og:description\" content=\"Mekl\u0113jat Lotto America laim\u0113ju\u0161os numurus? Visu lielo Amerikas loteriju izlozes rezult\u0101tus var atrast m\u016bsu vietn\u0113!\" \/>\n<meta property=\"og:url\" content=\"https:\/\/jackpotlotteryonline.com\/lv\/laimejusie-skaitli\/lotto-america\/\" \/>\n<meta property=\"og:site_name\" content=\"Lotto Online - Crack The International Lottery Jackpots\" \/>\n<meta property=\"article:modified_time\" content=\"2022-12-29T18:44:34+00:00\" \/>\n<meta property=\"og:image\" content=\"https:\/\/jackpotlotteryonline.com\/wp-content\/uploads\/2022\/11\/1_mega_lotto_win-213x300-1.jpg\" \/>\n<meta name=\"twitter:card\" content=\"summary_large_image\" \/>\n<meta name=\"twitter:label1\" content=\"Est. reading time\" \/>\n\t<meta name=\"twitter:data1\" content=\"5 minutes\" \/>\n<!-- \/ Yoast SEO plugin. -->","yoast_head_json":{"title":"Lotto America laim\u0113ju\u0161ie skait\u013ci un izlozes rezult\u0101ti","description":"Mekl\u0113jat Lotto America laim\u0113ju\u0161os numurus? Visu lielo Amerikas loteriju izlozes rezult\u0101tus var atrast m\u016bsu vietn\u0113!","robots":{"index":"index","follow":"follow","max-snippet":"max-snippet:-1","max-image-preview":"max-image-preview:large","max-video-preview":"max-video-preview:-1"},"canonical":"https:\/\/jackpotlotteryonline.com\/lv\/laimejusie-skaitli\/lotto-america\/","og_locale":"lv_LV","og_type":"article","og_title":"Lotto America laim\u0113ju\u0161ie skait\u013ci un izlozes rezult\u0101ti","og_description":"Mekl\u0113jat Lotto America laim\u0113ju\u0161os numurus? Visu lielo Amerikas loteriju izlozes rezult\u0101tus var atrast m\u016bsu vietn\u0113!","og_url":"https:\/\/jackpotlotteryonline.com\/lv\/laimejusie-skaitli\/lotto-america\/","og_site_name":"Lotto Online - Crack The International Lottery Jackpots","article_modified_time":"2022-12-29T18:44:34+00:00","og_image":[{"url":"https:\/\/jackpotlotteryonline.com\/wp-content\/uploads\/2022\/11\/1_mega_lotto_win-213x300-1.jpg"}],"twitter_card":"summary_large_image","twitter_misc":{"Est. reading time":"5 minutes"},"schema":{"@context":"https:\/\/schema.org","@graph":[{"@type":"WebPage","@id":"https:\/\/jackpotlotteryonline.com\/lv\/laimejusie-skaitli\/lotto-america\/","url":"https:\/\/jackpotlotteryonline.com\/lv\/laimejusie-skaitli\/lotto-america\/","name":"Lotto America laim\u0113ju\u0161ie skait\u013ci un izlozes rezult\u0101ti","isPartOf":{"@id":"https:\/\/jackpotlotteryonline.com\/#website"},"primaryImageOfPage":{"@id":"https:\/\/jackpotlotteryonline.com\/lv\/laimejusie-skaitli\/lotto-america\/#primaryimage"},"image":{"@id":"https:\/\/jackpotlotteryonline.com\/lv\/laimejusie-skaitli\/lotto-america\/#primaryimage"},"thumbnailUrl":"https:\/\/jackpotlotteryonline.com\/wp-content\/uploads\/2022\/11\/1_mega_lotto_win-213x300-1.jpg","datePublished":"2022-12-09T14:24:07+00:00","dateModified":"2022-12-29T18:44:34+00:00","description":"Mekl\u0113jat Lotto America laim\u0113ju\u0161os numurus? Visu lielo Amerikas loteriju izlozes rezult\u0101tus var atrast m\u016bsu vietn\u0113!","breadcrumb":{"@id":"https:\/\/jackpotlotteryonline.com\/lv\/laimejusie-skaitli\/lotto-america\/#breadcrumb"},"inLanguage":"lv-LV","potentialAction":[{"@type":"ReadAction","target":["https:\/\/jackpotlotteryonline.com\/lv\/laimejusie-skaitli\/lotto-america\/"]}]},{"@type":"ImageObject","inLanguage":"lv-LV","@id":"https:\/\/jackpotlotteryonline.com\/lv\/laimejusie-skaitli\/lotto-america\/#primaryimage","url":"https:\/\/jackpotlotteryonline.com\/wp-content\/uploads\/2022\/11\/1_mega_lotto_win-213x300-1.jpg","contentUrl":"https:\/\/jackpotlotteryonline.com\/wp-content\/uploads\/2022\/11\/1_mega_lotto_win-213x300-1.jpg"},{"@type":"BreadcrumbList","@id":"https:\/\/jackpotlotteryonline.com\/lv\/laimejusie-skaitli\/lotto-america\/#breadcrumb","itemListElement":[{"@type":"ListItem","position":1,"name":"Home","item":"https:\/\/jackpotlotteryonline.com\/lv\/"},{"@type":"ListItem","position":2,"name":"Loterijas rezult\u0101ti","item":"https:\/\/jackpotlotteryonline.com\/winning-numbers\/"},{"@type":"ListItem","position":3,"name":"Lotto America izlozes rezult\u0101ti"}]},{"@type":"WebSite","@id":"https:\/\/jackpotlotteryonline.com\/#website","url":"https:\/\/jackpotlotteryonline.com\/","name":"Lotto Online - Crack The International Lottery Jackpots","description":"","potentialAction":[{"@type":"SearchAction","target":{"@type":"EntryPoint","urlTemplate":"https:\/\/jackpotlotteryonline.com\/?s={search_term_string}"},"query-input":"required name=search_term_string"}],"inLanguage":"lv-LV"}]}},"_links":{"self":[{"href":"https:\/\/jackpotlotteryonline.com\/lv\/wp-json\/wp\/v2\/pages\/41531","targetHints":{"allow":["GET"]}}],"collection":[{"href":"https:\/\/jackpotlotteryonline.com\/lv\/wp-json\/wp\/v2\/pages"}],"about":[{"href":"https:\/\/jackpotlotteryonline.com\/lv\/wp-json\/wp\/v2\/types\/page"}],"author":[{"embeddable":true,"href":"https:\/\/jackpotlotteryonline.com\/lv\/wp-json\/wp\/v2\/users\/1"}],"replies":[{"embeddable":true,"href":"https:\/\/jackpotlotteryonline.com\/lv\/wp-json\/wp\/v2\/comments?post=41531"}],"version-history":[{"count":0,"href":"https:\/\/jackpotlotteryonline.com\/lv\/wp-json\/wp\/v2\/pages\/41531\/revisions"}],"up":[{"embeddable":true,"href":"https:\/\/jackpotlotteryonline.com\/lv\/wp-json\/wp\/v2\/pages\/35840"}],"wp:attachment":[{"href":"https:\/\/jackpotlotteryonline.com\/lv\/wp-json\/wp\/v2\/media?parent=41531"}],"curies":[{"name":"wp","href":"https:\/\/api.w.org\/{rel}","templated":true}]}}