{"id":72950,"date":"2025-02-02T17:13:03","date_gmt":"2025-02-02T17:13:03","guid":{"rendered":"https:\/\/jackpotlotteryonline.com\/?page_id=72950"},"modified":"2025-02-02T17:13:03","modified_gmt":"2025-02-02T17:13:03","slug":"privatuma-politika","status":"publish","type":"page","link":"https:\/\/jackpotlotteryonline.com\/lv\/privatuma-politika\/","title":{"rendered":"Priv\u0101tuma politika"},"content":{"rendered":"<p>Playlottoonline priv\u0101tuma politika (turpm\u0101k \u201cPolitika\u201d) attiecas uz Playlottoonline.net (turpm\u0101k \u201cM\u0101jaslapa\u201d). M\u0101jaslapa tiek p\u0101rvald\u012bta ar LLL World Marketing Limited (adrese: Peiraios Street 30, Floor 1, Office 1, 2023 Strovolos, Nikosija \u2013 Kipra). Lietojot \u0161o m\u0101jaslapu, j\u016bs piekr\u012btat \u0161\u012bs politikas un ar to saist\u012bto lieto\u0161anas noteikumu nosac\u012bjumiem.<\/p>\n<p><strong>Sav\u0101kt\u0101 inform\u0101cija<\/strong><\/p>\n<p><strong>Inform\u0101cija, ko j\u016bs akt\u012bvi sniedzat<\/strong><\/p>\n<p>Lai re\u0123istr\u0113tu lietot\u0101ja kontu, jums b\u016bs j\u0101sniedz e-pasta adrese, lai identific\u0113tu j\u016bsu kontu un, ja nepiecie\u0161ams, aktiviz\u0113tu to. E-pasta adrese tiks izmantota ar\u012b, lai atjaunotu paroli.<\/p>\n<p>E-pasta adrese un t\u0101lru\u0146a numurs var tikt izmantoti, lai nos\u016bt\u012btu jums pazi\u0146ojumus saist\u012bb\u0101 ar M\u0101jaslapu (ieskaitot juridiskos pazi\u0146ojumus), produktu un pakalpojumu inform\u0101ciju vai tre\u0161o personu produktus un pakalpojumus (turpm\u0101k \u201cPazi\u0146ojumi\u201d). Ja nev\u0113laties sa\u0146emt m\u0101rketinga pazi\u0146ojumus, jebkur\u0101 laik\u0101 varat atteikties, izmantojot saiti e-pasta v\u0113stul\u0113 vai pieprasot atteik\u0161anos, sazinoties ar mums pa e-pastu, t\u0101lruni vai kontaktformu.<\/p>\n<p>P\u0113c re\u0123istr\u0113\u0161an\u0101s j\u016bs varat papildin\u0101t savu profilu ar t\u0101d\u0101m zi\u0146\u0101m k\u0101 v\u0101rds, uzv\u0101rds, adrese, dzim\u0161anas datums, t\u0101lru\u0146a numurs, laika josla utt. \u0160\u012b inform\u0101cija tiek izmantota, lai apstr\u0101d\u0101tu maks\u0101jumus, veiktu noguld\u012bjumus un izmaksas, k\u0101 ar\u012b personaliz\u0113tu m\u0101jaslapu (ieskaitot Pazi\u0146ojumus) un, ja tiek laim\u0113ts vair\u0101k nek\u0101 2500 USD, lai nodro\u0161in\u0101tu laimestus (skat\u012bt Lieto\u0161anas noteikumus, 3.5 punkts).<\/p>\n<p>M\u0113s ar\u012b apkopojam inform\u0101ciju, ko sniedzat, sazinoties ar mums, izmantojot jaut\u0101jumu veidlapu, t\u0101lruni, pastu, Facebook, Twitter vai citus sazi\u0146as kan\u0101lus. \u0160aj\u0101 zi\u0146\u0101 tiek apkopoti v\u0101rdi, e-pasta adrese, t\u0101lru\u0146a numurs un adrese. E-pasta adrese un v\u0101rds ir nepiecie\u0161ami, lai nos\u016bt\u012btu v\u0113stules caur jaut\u0101jumu veidlapu.<\/p>\n<p>Sazi\u0146a, kas notiek caur Facebook un Twitter, netiek uzskat\u012bta par ofici\u0101lu sazi\u0146as kan\u0101lu, un m\u0113s varam neatbild\u0113t uz t\u0101diem zi\u0146ojumiem. Tom\u0113r m\u0113s dar\u012bsim visu iesp\u0113jamo, lai atbild\u0113tu. Par \u0161o datu v\u0101k\u0161anu varat iepaz\u012bties ar \u0161iem dokumentiem:<\/p>\n<ul>\n<li>Facebook: Priv\u0101tuma politika un Lieto\u0161anas noteikumi<\/li>\n<li>Twitter: Priv\u0101tuma politika un Lieto\u0161anas noteikumi<\/li>\n<\/ul>\n<p>M\u0113s v\u0101cam kred\u012btkartes inform\u0101ciju (kred\u012btkartes numurs, der\u012bguma termi\u0146\u0161, kartes \u012bpa\u0161nieka v\u0101rds, CVV kods), lai apstr\u0101d\u0101tu kred\u012btkartes maks\u0101jumus. Pla\u0161\u0101ka inform\u0101cija ir sniegta zem\u0101k.<\/p>\n<p><strong>Autom\u0101tiski v\u0101kta inform\u0101cija<\/strong><\/p>\n<p>Izmantojot m\u0101jaslapu, m\u0113s autom\u0101tiski v\u0101cam da\u013cu inform\u0101cijas, lai p\u0101rvald\u012btu pamata funkcijas, personaliz\u0113tu m\u0101jaslapu (ieskaitot Pazi\u0146ojumus), uzraudz\u012btu trafiku un uzlabotu dro\u0161\u012bbu. \u0160aj\u0101 zi\u0146\u0101 tiek v\u0101kti \u0161\u0101di dati:<\/p>\n<ul>\n<li>IP adrese<\/li>\n<li>HTTP galvas, ko nos\u016bta m\u0101jaslapa (\u201cUser-Agent\u201d, \u201cAccept-Language\u201d, \u201cReferer\u201d utt.), tostarp p\u0101rl\u016bka veids, p\u0101rl\u016bka versija, oper\u0113t\u0101jsist\u0113ma, p\u0101rl\u016bka tips, versija, valoda, piek\u013c\u016bstot URL<\/li>\n<li>Sist\u0113mas laiks<\/li>\n<li>HTTP piepras\u012bjumi<\/li>\n<li>S\u012bkfaili, kas tiek saglab\u0101ti playlottoonline.org vai t\u0101s apak\u0161dom\u0113nos<\/li>\n<\/ul>\n<p>IP adrese tiek izmantota, lai sav\u0101ktu un apstr\u0101d\u0101tu j\u016bsu faktisk\u0101s atra\u0161an\u0101s vietas datus, k\u0101 ar\u012b uzlabotu m\u0101jaslapas pieredzi un personaliz\u0113tu m\u0101jaslapu (ieskaitot Pazi\u0146ojumus).<\/p>\n<p>M\u0101jaslapa izmanto ar\u012b p\u0101rl\u016bkprogrammas pagaidu atmi\u0146u, lai saglab\u0101tu inform\u0101ciju, kas tiek izmantota, lai uzlabotu m\u0101jaslapas iel\u0101des \u0101trumu un saglab\u0101tu datus, pat p\u0101rl\u016bkprogrammu restart\u0113jot.<\/p>\n<p>M\u0101jaslapa izmanto ar\u012b personaliz\u0101cijas r\u012bkus, kas v\u0101c datus par m\u0101jaslapas lieto\u0161anu un izmanto tre\u0161o personu s\u012bkfailus, lai att\u0113lotu personaliz\u0113tus rekl\u0101mas pied\u0101v\u0101jumus.<\/p>\n<p><strong>Tre\u0161o personu pakalpojumi<\/strong><\/p>\n<p>Statistika, rekl\u0101mas, dro\u0161\u012bba<\/p>\n<p>M\u0113s izmantojam tre\u0161o personu pakalpojumus, lai p\u0101rvald\u012btu m\u0101jaslapas dro\u0161\u012bbu, v\u0101ktu un analiz\u0113tu inform\u0101ciju par m\u0101jaslapas veiktsp\u0113ju, tai skait\u0101:<\/p>\n<ul>\n<li><strong>Google Analytics<\/strong> \u2013 trafika uzraudz\u012bbai un m\u0101jaslapas veiktsp\u0113jas statistikai<\/li>\n<li><strong>Google reCAPTCHA<\/strong> \u2013 m\u0101jaslapas dro\u0161\u012bbas uzlabo\u0161anai un aizsardz\u012bbai pret robotiem<\/li>\n<li><strong>Facebook Pixel<\/strong> \u2013 trafika uzraudz\u012bbai un m\u0101jaslapas veiktsp\u0113jas statistikai, k\u0101 ar\u012b rekl\u0101mas kampa\u0146u uzlabo\u0161anai<\/li>\n<\/ul>\n<p>\u0160ie pakalpojumi v\u0101c un izmanto datus atbilsto\u0161i sav\u0101m darb\u012bb\u0101m. Pla\u0161\u0101ku inform\u0101ciju par to, k\u0101 Google v\u0101c datus, varat ieg\u016bt Google lieto\u0161anas noteikumos un priv\u0101tuma politik\u0101. Pla\u0161\u0101ku inform\u0101ciju par to, k\u0101 Facebook v\u0101c datus, varat ieg\u016bt Facebook priv\u0101tuma politik\u0101.<\/p>\n","protected":false},"excerpt":{"rendered":"<p>Playlottoonline priv\u0101tuma politika (turpm\u0101k \u201cPolitika\u201d) attiecas uz Playlottoonline.net (turpm\u0101k \u201cM\u0101jaslapa\u201d). M\u0101jaslapa tiek p\u0101rvald\u012bta ar LLL World Marketing Limited (adrese: Peiraios Street 30, Floor 1, Office 1, 2023 Strovolos, Nikosija \u2013 Kipra). Lietojot \u0161o m\u0101jaslapu, j\u016bs piekr\u012btat \u0161\u012bs politikas un ar to saist\u012bto lieto\u0161anas noteikumu nosac\u012bjumiem. Sav\u0101kt\u0101 inform\u0101cija Inform\u0101cija, ko j\u016bs akt\u012bvi sniedzat Lai re\u0123istr\u0113tu lietot\u0101ja [&hellip;]<\/p>\n","protected":false},"author":7,"featured_media":0,"parent":0,"menu_order":0,"comment_status":"closed","ping_status":"closed","template":"","meta":{"_et_pb_use_builder":"","_et_pb_old_content":"","_et_gb_content_width":"","exclude_from_search":false,"footnotes":""},"class_list":["post-72950","page","type-page","status-publish","hentry"],"yoast_head":"<!-- This site is optimized with the Yoast SEO plugin v23.3 - https:\/\/yoast.com\/wordpress\/plugins\/seo\/ -->\n<title>Priv\u0101tuma politika - Lotto Online - Crack The International Lottery Jackpots<\/title>\n<meta name=\"robots\" content=\"index, follow, max-snippet:-1, max-image-preview:large, max-video-preview:-1\" \/>\n<link rel=\"canonical\" href=\"https:\/\/jackpotlotteryonline.com\/privacy-policy-2\/\" \/>\n<meta property=\"og:locale\" content=\"lv_LV\" \/>\n<meta property=\"og:type\" content=\"article\" \/>\n<meta property=\"og:title\" content=\"Priv\u0101tuma politika - Lotto Online - Crack The International Lottery Jackpots\" \/>\n<meta property=\"og:description\" content=\"Playlottoonline priv\u0101tuma politika (turpm\u0101k \u201cPolitika\u201d) attiecas uz Playlottoonline.net (turpm\u0101k \u201cM\u0101jaslapa\u201d). M\u0101jaslapa tiek p\u0101rvald\u012bta ar LLL World Marketing Limited (adrese: Peiraios Street 30, Floor 1, Office 1, 2023 Strovolos, Nikosija \u2013 Kipra). Lietojot \u0161o m\u0101jaslapu, j\u016bs piekr\u012btat \u0161\u012bs politikas un ar to saist\u012bto lieto\u0161anas noteikumu nosac\u012bjumiem. Sav\u0101kt\u0101 inform\u0101cija Inform\u0101cija, ko j\u016bs akt\u012bvi sniedzat Lai re\u0123istr\u0113tu lietot\u0101ja [&hellip;]\" \/>\n<meta property=\"og:url\" content=\"https:\/\/jackpotlotteryonline.com\/privacy-policy-2\/\" \/>\n<meta property=\"og:site_name\" content=\"Lotto Online - Crack The International Lottery Jackpots\" \/>\n<meta name=\"twitter:card\" content=\"summary_large_image\" \/>\n<meta name=\"twitter:label1\" content=\"Est. reading time\" \/>\n\t<meta name=\"twitter:data1\" content=\"3 minutes\" \/>\n<!-- \/ Yoast SEO plugin. -->","yoast_head_json":{"title":"Priv\u0101tuma politika - Lotto Online - Crack The International Lottery Jackpots","robots":{"index":"index","follow":"follow","max-snippet":"max-snippet:-1","max-image-preview":"max-image-preview:large","max-video-preview":"max-video-preview:-1"},"canonical":"https:\/\/jackpotlotteryonline.com\/privacy-policy-2\/","og_locale":"lv_LV","og_type":"article","og_title":"Priv\u0101tuma politika - Lotto Online - Crack The International Lottery Jackpots","og_description":"Playlottoonline priv\u0101tuma politika (turpm\u0101k \u201cPolitika\u201d) attiecas uz Playlottoonline.net (turpm\u0101k \u201cM\u0101jaslapa\u201d). M\u0101jaslapa tiek p\u0101rvald\u012bta ar LLL World Marketing Limited (adrese: Peiraios Street 30, Floor 1, Office 1, 2023 Strovolos, Nikosija \u2013 Kipra). Lietojot \u0161o m\u0101jaslapu, j\u016bs piekr\u012btat \u0161\u012bs politikas un ar to saist\u012bto lieto\u0161anas noteikumu nosac\u012bjumiem. Sav\u0101kt\u0101 inform\u0101cija Inform\u0101cija, ko j\u016bs akt\u012bvi sniedzat Lai re\u0123istr\u0113tu lietot\u0101ja [&hellip;]","og_url":"https:\/\/jackpotlotteryonline.com\/privacy-policy-2\/","og_site_name":"Lotto Online - Crack The International Lottery Jackpots","twitter_card":"summary_large_image","twitter_misc":{"Est. reading time":"3 minutes"},"schema":{"@context":"https:\/\/schema.org","@graph":[{"@type":"WebPage","@id":"https:\/\/jackpotlotteryonline.com\/privacy-policy-2\/","url":"https:\/\/jackpotlotteryonline.com\/privacy-policy-2\/","name":"Priv\u0101tuma politika - Lotto Online - Crack The International Lottery Jackpots","isPartOf":{"@id":"https:\/\/jackpotlotteryonline.com\/#website"},"datePublished":"2025-02-02T17:13:03+00:00","dateModified":"2025-02-02T17:13:03+00:00","breadcrumb":{"@id":"https:\/\/jackpotlotteryonline.com\/privacy-policy-2\/#breadcrumb"},"inLanguage":"lv-LV","potentialAction":[{"@type":"ReadAction","target":["https:\/\/jackpotlotteryonline.com\/privacy-policy-2\/"]}]},{"@type":"BreadcrumbList","@id":"https:\/\/jackpotlotteryonline.com\/privacy-policy-2\/#breadcrumb","itemListElement":[{"@type":"ListItem","position":1,"name":"Home","item":"https:\/\/jackpotlotteryonline.com\/lv\/"},{"@type":"ListItem","position":2,"name":"Priv\u0101tuma politika"}]},{"@type":"WebSite","@id":"https:\/\/jackpotlotteryonline.com\/#website","url":"https:\/\/jackpotlotteryonline.com\/","name":"Lotto Online - Crack The International Lottery Jackpots","description":"","potentialAction":[{"@type":"SearchAction","target":{"@type":"EntryPoint","urlTemplate":"https:\/\/jackpotlotteryonline.com\/?s={search_term_string}"},"query-input":"required name=search_term_string"}],"inLanguage":"lv-LV"}]}},"_links":{"self":[{"href":"https:\/\/jackpotlotteryonline.com\/lv\/wp-json\/wp\/v2\/pages\/72950","targetHints":{"allow":["GET"]}}],"collection":[{"href":"https:\/\/jackpotlotteryonline.com\/lv\/wp-json\/wp\/v2\/pages"}],"about":[{"href":"https:\/\/jackpotlotteryonline.com\/lv\/wp-json\/wp\/v2\/types\/page"}],"author":[{"embeddable":true,"href":"https:\/\/jackpotlotteryonline.com\/lv\/wp-json\/wp\/v2\/users\/7"}],"replies":[{"embeddable":true,"href":"https:\/\/jackpotlotteryonline.com\/lv\/wp-json\/wp\/v2\/comments?post=72950"}],"version-history":[{"count":0,"href":"https:\/\/jackpotlotteryonline.com\/lv\/wp-json\/wp\/v2\/pages\/72950\/revisions"}],"wp:attachment":[{"href":"https:\/\/jackpotlotteryonline.com\/lv\/wp-json\/wp\/v2\/media?parent=72950"}],"curies":[{"name":"wp","href":"https:\/\/api.w.org\/{rel}","templated":true}]}}