{"id":77613,"date":"2025-03-21T17:41:39","date_gmt":"2025-03-21T17:41:39","guid":{"rendered":"https:\/\/jackpotlotteryonline.com\/?page_id=77613"},"modified":"2025-03-21T17:41:39","modified_gmt":"2025-03-21T17:41:39","slug":"kur-var-iegadaties-nujorkas-loterijas-biletes-arpus-asv","status":"publish","type":"page","link":"https:\/\/jackpotlotteryonline.com\/lv\/iegadaties-biletes\/kur-var-iegadaties-nujorkas-loterijas-biletes-arpus-asv\/","title":{"rendered":"Kur var ieg\u0101d\u0101ties \u0145ujorkas loterijas bi\u013cetes \u0101rpus ASV?"},"content":{"rendered":"<p>\u0160ie \u0145ujorkas d\u017eekpoti ir \u0101rk\u0101rt\u012bgi lieli\u00a0\u2014 tie ir praktiski le\u0123end\u0101ri. Cilv\u0113ki vis\u0101 pasaul\u0113 vi\u0146us dzen\u0101! K\u0101 ir ar cilv\u0113kiem, kuri neatrodas ASV? Vai j\u016bs varat absol\u016bti ieg\u0101d\u0101ties \u0145ujorkas loterijas bi\u013cetes \u0101rpus ASV? Uzmini ko? JackpotLottery \u013cauj tie\u0161saist\u0113 ieg\u016bt \u012bstas \u0145ujorkas loterijas bi\u013cetes, piem\u0113ram, no jebkuras vietas uz plan\u0113tas!<\/p>\n<h2>Vai j\u016bs varat ieg\u0101d\u0101ties \u0145ujorkas loterijas bi\u013cetes \u0101rpus ASV?<\/h2>\n<p>Piln\u012bgi! T\u0101tad, pat ja neatrodaties \u0145ujork\u0101 vai pat Amerik\u0101, j\u016bs joproj\u0101m varat piedal\u012bties \u0145ujorkas loterij\u0101. Izmantojot JackpotLottery, starptautiskie sp\u0113l\u0113t\u0101ji var dro\u0161i ieg\u0101d\u0101ties loterijas bi\u013cetes no jebkuras vietas. Tas izl\u012bdzina sp\u0113les noteikumus, sniedzot jums identiskas izredzes laim\u0113t t\u0101, it k\u0101 j\u016bs p\u0113rkat bi\u013ceti kl\u0101tien\u0113. B\u016bt\u012bb\u0101 JackpotLottery ir k\u0101ds, kur\u0161 nop\u0113rk j\u016bsu bi\u013ceti, piem\u0113ram, person\u012bgais loterijas pirc\u0113js. J\u016bs sav\u0101 kont\u0101 sa\u0146emsit sken\u0113tu ofici\u0101l\u0101s bi\u013cetes kopiju, kas nodro\u0161in\u0101s skaidru pirkuma pier\u0101d\u012bjumu un papildu dro\u0161\u012bbu.<\/p>\n<h3>K\u0101 ieg\u0101d\u0101ties \u0145ujorkas loterijas bi\u013cetes tie\u0161saist\u0113, izmantojot JackpotLottery<img loading=\"lazy\" decoding=\"async\" class=\" wp-image-29318 alignright\" src=\"https:\/\/jackpotlotteryonline.com\/wp-content\/uploads\/2022\/11\/1_play_onlinelottery=\"300x20C.jpg no Ti Yorkside ASV\" width=\"262\" height=\"174\" \/><\/h3>\n<p>\u0145ujorkas loterijas sp\u0113l\u0113\u0161ana starptautisk\u0101 m\u0113rog\u0101 ir \u013coti pieejama, izmantojot D\u017eekpotloteriju. \u0160ie vienk\u0101r\u0161ie nor\u0101d\u012bjumi jums pal\u012bdz\u0113s:<\/p>\n<p>1.\u00a0S\u0101ciet, re\u0123istr\u0113joties. S\u0101ciet darbu JackpotLottery, ievadot savu inform\u0101ciju un verific\u0113jot savu identit\u0101ti t\u016bl\u012bt. T\u0101d\u0101 veid\u0101 viss ir dro\u0161i un jums neb\u016bs probl\u0113mu ieg\u016bt laimestus.<br \/>\n2. Sada\u013c\u0101 loterijas izv\u0113lieties \u0145ujorkas loterija. Ja v\u0113laties ieg\u016bt lielu d\u017eekpotu, \u0145ujorkas loto ir \u013coti popul\u0101ra iesp\u0113ja.<br \/>\n3. Tagad izv\u0113lieties savus numurus. Jums ir iesp\u0113ja manu\u0101li atlas\u012bt se\u0161us skait\u013cus no 1 l\u012bdz 59, vai ar\u012b varat izmantot funkciju Quick Pick, lai sist\u0113ma tos nejau\u0161i \u0123ener\u0113tu j\u016bsu viet\u0101.<br \/>\n4. P\u0101rejiet uz bi\u013ce\u0161u ieg\u0101di. Izv\u0113lieties k\u0101du no m\u016bsu pieejamajiem maks\u0101juma veidiem, lai \u0113rti ieg\u0101d\u0101tos bi\u013ceti. P\u0113c veiksm\u012bga pirkuma apstiprin\u0101\u0161anas, JackpotLottery turpin\u0101s ofici\u0101l\u0101s bi\u013cetes ieg\u0101di uz j\u016bsu v\u0101rda.<\/p>\n<p>5. Uzzini izlozes rezult\u0101tus.<br \/>\nUzreiz uzziniet, vai esat sasniedzis d\u017eekpotu.<br \/>\n6. P\u0101rbaud\u012bta maks\u0101juma garantija<br \/>\nMazie laimesti non\u0101k tie\u0161i j\u016bsu kont\u0101, un liel\u0101kajiem laimestiem par visu par\u016bp\u0113sies JackpotLottery.<\/p>\n<p><strong>Sp\u0113l\u0113jiet \u0145ujorkas loteriju jau \u0161odien<\/strong><br \/>\nTagad j\u016bs zin\u0101t, k\u0101 sp\u0113l\u0113t no \u0101rzem\u0113m, dodieties uz priek\u0161u un m\u0113\u0123iniet laim\u0113t \u0145ujorkas loterij\u0101. Iesaisties darb\u012bb\u0101! Re\u0123istr\u0113jieties JackpotLottery, pa\u0146emiet bi\u013ceti un piedalieties Amerikas aizraujo\u0161aj\u0101 loterijas izloz\u0113! J\u016bs esat tikai vienas bi\u013cetes att\u0101lum\u0101, lai \u012bstenotu savus d\u017eekpota sap\u0146us.<\/p>\n","protected":false},"excerpt":{"rendered":"<p>\u0160ie \u0145ujorkas d\u017eekpoti ir \u0101rk\u0101rt\u012bgi lieli\u00a0\u2014 tie ir praktiski le\u0123end\u0101ri. Cilv\u0113ki vis\u0101 pasaul\u0113 vi\u0146us dzen\u0101! K\u0101 ir ar cilv\u0113kiem, kuri neatrodas ASV? Vai j\u016bs varat absol\u016bti ieg\u0101d\u0101ties \u0145ujorkas loterijas bi\u013cetes \u0101rpus ASV? Uzmini ko? JackpotLottery \u013cauj tie\u0161saist\u0113 ieg\u016bt \u012bstas \u0145ujorkas loterijas bi\u013cetes, piem\u0113ram, no jebkuras vietas uz plan\u0113tas! Vai j\u016bs varat ieg\u0101d\u0101ties \u0145ujorkas loterijas bi\u013cetes [&hellip;]<\/p>\n","protected":false},"author":7,"featured_media":0,"parent":35766,"menu_order":0,"comment_status":"closed","ping_status":"closed","template":"","meta":{"_et_pb_use_builder":"","_et_pb_old_content":"","_et_gb_content_width":"","exclude_from_search":false,"footnotes":""},"class_list":["post-77613","page","type-page","status-publish","hentry"],"yoast_head":"<!-- This site is optimized with the Yoast SEO plugin v23.3 - https:\/\/yoast.com\/wordpress\/plugins\/seo\/ -->\n<title>Vai j\u016bs varat ieg\u0101d\u0101ties \u0145ujorkas loterijas bi\u013cetes \u0101rpus ASV?<\/title>\n<meta name=\"description\" content=\"Vai v\u0113laties ieg\u0101d\u0101ties \u0145ujorkas loterijas bi\u013cetes \u0101rpus ASV? Atkl\u0101jiet lab\u0101kos veidus, k\u0101 sp\u0113l\u0113t tie\u0161saist\u0113 un sa\u0146emt balvas starptautisk\u0101 m\u0113rog\u0101!\" \/>\n<meta name=\"robots\" content=\"index, follow, max-snippet:-1, max-image-preview:large, max-video-preview:-1\" \/>\n<link rel=\"canonical\" href=\"https:\/\/jackpotlotteryonline.com\/where-can-you-buy-new-york-lottery-tickets-outside-the-usa\/\" \/>\n<meta property=\"og:locale\" content=\"lv_LV\" \/>\n<meta property=\"og:type\" content=\"article\" \/>\n<meta property=\"og:title\" content=\"Vai j\u016bs varat ieg\u0101d\u0101ties \u0145ujorkas loterijas bi\u013cetes \u0101rpus ASV?\" \/>\n<meta property=\"og:description\" content=\"Vai v\u0113laties ieg\u0101d\u0101ties \u0145ujorkas loterijas bi\u013cetes \u0101rpus ASV? Atkl\u0101jiet lab\u0101kos veidus, k\u0101 sp\u0113l\u0113t tie\u0161saist\u0113 un sa\u0146emt balvas starptautisk\u0101 m\u0113rog\u0101!\" \/>\n<meta property=\"og:url\" content=\"https:\/\/jackpotlotteryonline.com\/where-can-you-buy-new-york-lottery-tickets-outside-the-usa\/\" \/>\n<meta property=\"og:site_name\" content=\"Lotto Online - Crack The International Lottery Jackpots\" \/>\n<meta property=\"og:image\" content=\"https:\/\/jackpotlotteryonline.com\/wp-content\/uploads\/2022\/11\/1_play_onlinelottery=\" \/>\n<meta name=\"twitter:card\" content=\"summary_large_image\" \/>\n<!-- \/ Yoast SEO plugin. -->","yoast_head_json":{"title":"Vai j\u016bs varat ieg\u0101d\u0101ties \u0145ujorkas loterijas bi\u013cetes \u0101rpus ASV?","description":"Vai v\u0113laties ieg\u0101d\u0101ties \u0145ujorkas loterijas bi\u013cetes \u0101rpus ASV? Atkl\u0101jiet lab\u0101kos veidus, k\u0101 sp\u0113l\u0113t tie\u0161saist\u0113 un sa\u0146emt balvas starptautisk\u0101 m\u0113rog\u0101!","robots":{"index":"index","follow":"follow","max-snippet":"max-snippet:-1","max-image-preview":"max-image-preview:large","max-video-preview":"max-video-preview:-1"},"canonical":"https:\/\/jackpotlotteryonline.com\/where-can-you-buy-new-york-lottery-tickets-outside-the-usa\/","og_locale":"lv_LV","og_type":"article","og_title":"Vai j\u016bs varat ieg\u0101d\u0101ties \u0145ujorkas loterijas bi\u013cetes \u0101rpus ASV?","og_description":"Vai v\u0113laties ieg\u0101d\u0101ties \u0145ujorkas loterijas bi\u013cetes \u0101rpus ASV? Atkl\u0101jiet lab\u0101kos veidus, k\u0101 sp\u0113l\u0113t tie\u0161saist\u0113 un sa\u0146emt balvas starptautisk\u0101 m\u0113rog\u0101!","og_url":"https:\/\/jackpotlotteryonline.com\/where-can-you-buy-new-york-lottery-tickets-outside-the-usa\/","og_site_name":"Lotto Online - Crack The International Lottery Jackpots","og_image":[{"url":"https:\/\/jackpotlotteryonline.com\/wp-content\/uploads\/2022\/11\/1_play_onlinelottery="}],"twitter_card":"summary_large_image","schema":{"@context":"https:\/\/schema.org","@graph":[{"@type":"WebPage","@id":"https:\/\/jackpotlotteryonline.com\/where-can-you-buy-new-york-lottery-tickets-outside-the-usa\/","url":"https:\/\/jackpotlotteryonline.com\/where-can-you-buy-new-york-lottery-tickets-outside-the-usa\/","name":"Vai j\u016bs varat ieg\u0101d\u0101ties \u0145ujorkas loterijas bi\u013cetes \u0101rpus ASV?","isPartOf":{"@id":"https:\/\/jackpotlotteryonline.com\/#website"},"primaryImageOfPage":{"@id":"https:\/\/jackpotlotteryonline.com\/where-can-you-buy-new-york-lottery-tickets-outside-the-usa\/#primaryimage"},"image":{"@id":"https:\/\/jackpotlotteryonline.com\/where-can-you-buy-new-york-lottery-tickets-outside-the-usa\/#primaryimage"},"thumbnailUrl":"https:\/\/jackpotlotteryonline.com\/wp-content\/uploads\/2022\/11\/1_play_onlinelottery=","datePublished":"2025-03-21T17:41:39+00:00","dateModified":"2025-03-21T17:41:39+00:00","description":"Vai v\u0113laties ieg\u0101d\u0101ties \u0145ujorkas loterijas bi\u013cetes \u0101rpus ASV? Atkl\u0101jiet lab\u0101kos veidus, k\u0101 sp\u0113l\u0113t tie\u0161saist\u0113 un sa\u0146emt balvas starptautisk\u0101 m\u0113rog\u0101!","breadcrumb":{"@id":"https:\/\/jackpotlotteryonline.com\/where-can-you-buy-new-york-lottery-tickets-outside-the-usa\/#breadcrumb"},"inLanguage":"lv-LV","potentialAction":[{"@type":"ReadAction","target":["https:\/\/jackpotlotteryonline.com\/where-can-you-buy-new-york-lottery-tickets-outside-the-usa\/"]}]},{"@type":"ImageObject","inLanguage":"lv-LV","@id":"https:\/\/jackpotlotteryonline.com\/where-can-you-buy-new-york-lottery-tickets-outside-the-usa\/#primaryimage","url":"https:\/\/jackpotlotteryonline.com\/wp-content\/uploads\/2022\/11\/1_play_onlinelottery=","contentUrl":"https:\/\/jackpotlotteryonline.com\/wp-content\/uploads\/2022\/11\/1_play_onlinelottery="},{"@type":"BreadcrumbList","@id":"https:\/\/jackpotlotteryonline.com\/where-can-you-buy-new-york-lottery-tickets-outside-the-usa\/#breadcrumb","itemListElement":[{"@type":"ListItem","position":1,"name":"Home","item":"https:\/\/jackpotlotteryonline.com\/lv\/"},{"@type":"ListItem","position":2,"name":"Kur var ieg\u0101d\u0101ties \u0145ujorkas loterijas bi\u013cetes \u0101rpus ASV?"}]},{"@type":"WebSite","@id":"https:\/\/jackpotlotteryonline.com\/#website","url":"https:\/\/jackpotlotteryonline.com\/","name":"Lotto Online - Crack The International Lottery Jackpots","description":"","potentialAction":[{"@type":"SearchAction","target":{"@type":"EntryPoint","urlTemplate":"https:\/\/jackpotlotteryonline.com\/?s={search_term_string}"},"query-input":"required name=search_term_string"}],"inLanguage":"lv-LV"}]}},"_links":{"self":[{"href":"https:\/\/jackpotlotteryonline.com\/lv\/wp-json\/wp\/v2\/pages\/77613","targetHints":{"allow":["GET"]}}],"collection":[{"href":"https:\/\/jackpotlotteryonline.com\/lv\/wp-json\/wp\/v2\/pages"}],"about":[{"href":"https:\/\/jackpotlotteryonline.com\/lv\/wp-json\/wp\/v2\/types\/page"}],"author":[{"embeddable":true,"href":"https:\/\/jackpotlotteryonline.com\/lv\/wp-json\/wp\/v2\/users\/7"}],"replies":[{"embeddable":true,"href":"https:\/\/jackpotlotteryonline.com\/lv\/wp-json\/wp\/v2\/comments?post=77613"}],"version-history":[{"count":1,"href":"https:\/\/jackpotlotteryonline.com\/lv\/wp-json\/wp\/v2\/pages\/77613\/revisions"}],"predecessor-version":[{"id":77614,"href":"https:\/\/jackpotlotteryonline.com\/lv\/wp-json\/wp\/v2\/pages\/77613\/revisions\/77614"}],"up":[{"embeddable":true,"href":"https:\/\/jackpotlotteryonline.com\/lv\/wp-json\/wp\/v2\/pages\/35766"}],"wp:attachment":[{"href":"https:\/\/jackpotlotteryonline.com\/lv\/wp-json\/wp\/v2\/media?parent=77613"}],"curies":[{"name":"wp","href":"https:\/\/api.w.org\/{rel}","templated":true}]}}