{"id":77687,"date":"2025-03-22T07:48:21","date_gmt":"2025-03-22T07:48:21","guid":{"rendered":"https:\/\/jackpotlotteryonline.com\/?page_id=77687"},"modified":"2025-03-22T07:48:21","modified_gmt":"2025-03-22T07:48:21","slug":"uzziniet-sodienas-nujorkas-loterijas-rezultatus","status":"publish","type":"page","link":"https:\/\/jackpotlotteryonline.com\/lv\/laimejusie-skaitli\/uzziniet-sodienas-nujorkas-loterijas-rezultatus\/","title":{"rendered":"Uzziniet \u0161odienas \u0145ujorkas loterijas rezult\u0101tus"},"content":{"rendered":"<p>Cilv\u0113ki vienm\u0113r ir satraukti par \u0145ujorkas loteriju, gaidot jaun\u0101ko izlozi. Ja jums ir nepiecie\u0161ami m\u016bsdienu \u0145ujorkas loterijas numuri, j\u016bs esat tie\u0161i tur, kur jums vajadz\u0113tu b\u016bt. \u0145ujorkas Lotto numuru p\u0101rbaude ir \u0101tra un vienk\u0101r\u0161a, tikai ar da\u017eiem klik\u0161\u0137iem.<\/p>\n<h2>Kur es varu redz\u0113t \u0145ujorkas loterijas \u0161odienas rezult\u0101tus?<\/h2>\n<p>P\u0101rbaud\u012bt \u0161odienas \u0145ujorkas loterijas rezult\u0101tus ir gan vienk\u0101r\u0161i, gan \u0113rti. L\u016bk, kur varat mekl\u0113t uzvar\u0113ju\u0161os skait\u013cus;<br \/>\nPa\u013caujieties uz JackpotLottery, lai ieg\u016btu jaun\u0101kos loterijas rezult\u0101tus un iesp\u0113ju ieg\u0101d\u0101ties bi\u013cetes tie\u0161i tie\u0161saist\u0113. Uzreiz p\u0113c rezult\u0101tu pazi\u0146o\u0161anas tie parasti ir pieejami \u0161aj\u0101 platform\u0101. Turkl\u0101t j\u016bs nekav\u0113joties tiksiet inform\u0113ts par laimestu, nodro\u0161inot, ka nepalai\u017eat gar\u0101m laimestus.<\/p>\n<p><strong>Kad notiek \u0145ujorkas loterijas izloze?<img loading=\"lazy\" decoding=\"async\" width=\"300\" height=\"300\" class=\" wp-image-51568 alignright\" src=\"https:\/\/jackpotlotteryonline.com\/wp-content\/uploads\/2023\/09\/8.png\" alt=\"Kur es varu redz\u0113t \u0145ujorkas loterijas \u0161odienas rezult\u0101tus?\" platums = \"233\" augstums = \"233\" srcset=\"https:\/\/jackpotlotteryonline.com\/wp-content\/uploads\/2023\/09\/8.png 300w, https:\/\/jackpotlotteryonline.com\/wp-content\/uploads\/2023\/09\/8-100x100.png 100w, https:\/\/jackpotlotteryonline.com\/wp-content\/uploads\/2023\/09\/8-150x150.png 150w\" sizes=\"auto, (max-width: 300px) 100vw, 300px\" \/><\/strong><\/p>\n<p>Varat skat\u012bties \u0145ujorkas Lotto izlozi katru tre\u0161dienu un sestdienu plkst. 23:21 p\u0113c Austrumu laika. Izmantojot \u0161o platformu, j\u016bs vienm\u0113r sa\u0146emsit jaunumus. Atpaka\u013cskait\u012b\u0161ana l\u012bdz izlozei vienm\u0113r tiek r\u0101d\u012bta blakus loterijai.<\/p>\n<h3>K\u0101 p\u0101rbaud\u012bt, vai uzvar\u0113j\u0101t \u0145ujorkas loterij\u0101<\/h3>\n<ul>\n<li>Kad b\u016bsiet ieguvis \u0161odienas \u0145ujorkas loterijas rezult\u0101tus, \u0161\u012bs darb\u012bbas pal\u012bdz\u0113s jums verific\u0113t bi\u013ceti.<\/li>\n<li>Sal\u012bdziniet savus skait\u013cus: p\u0101rbaudiet, vai j\u016bsu izv\u0113l\u0113tie skait\u013ci ir t\u0101di pa\u0161i k\u0101 izloz\u0113tie skait\u013ci.<\/li>\n<li>Skatiet, vai jums ir ekstras: da\u017e\u0101m sp\u0113l\u0113m ir bonusa numuri un reizin\u0101t\u0101ji.<\/li>\n<li>Lai piepras\u012btu laimestus, iev\u0113rojiet m\u016bsu piepras\u012b\u0161anas proced\u016bru, kas at\u0161\u0137iras atkar\u012bb\u0101 no balvas summas, iesp\u0113jams, ietverot tie\u0161saistes pretenzijas par maz\u0101k\u0101m summ\u0101m vai kl\u0101tienes verifik\u0101ciju lieliem d\u017eekpotiem.<\/li>\n<\/ul>\n<h2>Vadl\u012bnijas \u0145ujorkas loterijas uzvar\u0113t\u0101jiem<\/h2>\n<p>Ja tu uzvar\u0113si loterij\u0101, tava dz\u012bve dr\u012bz main\u012bsies, t\u0101p\u0113c tev ir j\u0101dara lietas pareizi.<\/p>\n<ul>\n<li>Saglab\u0101jieties l\u012bmen\u012b un p\u0101rbaudiet: pirms svin\u0113\u0161anas p\u0101rliecinieties, vai j\u016bsu bi\u013cete atbilst ofici\u0101lajiem numuriem.<\/li>\n<li>Izlemiet, k\u0101 v\u0113laties ieg\u016bt laimestus: d\u017eekpoti parasti tiek izmaks\u0101ti k\u0101 viens maks\u0101jums vai ar ikgad\u0113ju maks\u0101jumu s\u0113riju.<\/li>\n<li>Nodro\u0161iniet ilgtermi\u0146a dro\u0161\u012bbu: mekl\u0113jiet padomu finan\u0161u konsultantam, lai sapr\u0101t\u012bgi p\u0101rvald\u012btu savus loterijas laimestus.<\/li>\n<li>\u0145emiet v\u0113r\u0101 piepras\u012b\u0161anas termi\u0146us: noteikti pieprasiet balvu noteiktaj\u0101 laik\u0101, jo katrai sp\u0113lei ir noteikts termi\u0146\u0161.<\/li>\n<\/ul>\n<p><strong>Sa\u0146emiet jaun\u0101kos \u0145ujorkas loterijas rezult\u0101tus uzreiz!<\/strong><\/p>\n<p>Tagad, kad j\u016bs zin\u0101t atbildi uz; Kur es varu redz\u0113t \u0145ujorkas loterijas rezult\u0101tus \u0161odien, p\u0101rliecinieties, ka regul\u0101ri p\u0101rbaudiet savas bi\u013cetes. Saglab\u0101jot inform\u0101ciju par jaun\u0101kaj\u0101m izloz\u0113m, palielin\u0101s j\u016bsu izredzes g\u016bt pan\u0101kumus neatkar\u012bgi no t\u0101, vai sp\u0113l\u0113jat nejau\u0161i vai d\u017eekpota d\u0113\u013c. Sa\u0146emiet visus jaun\u0101kos atjaunin\u0101jumus no JackpotLottery un palieliniet savas izredzes laim\u0113t! M\u0113s v\u0113lam jums visu to lab\u0101ko.<\/p>\n","protected":false},"excerpt":{"rendered":"<p>Cilv\u0113ki vienm\u0113r ir satraukti par \u0145ujorkas loteriju, gaidot jaun\u0101ko izlozi. Ja jums ir nepiecie\u0161ami m\u016bsdienu \u0145ujorkas loterijas numuri, j\u016bs esat tie\u0161i tur, kur jums vajadz\u0113tu b\u016bt. \u0145ujorkas Lotto numuru p\u0101rbaude ir \u0101tra un vienk\u0101r\u0161a, tikai ar da\u017eiem klik\u0161\u0137iem. Kur es varu redz\u0113t \u0145ujorkas loterijas \u0161odienas rezult\u0101tus? P\u0101rbaud\u012bt \u0161odienas \u0145ujorkas loterijas rezult\u0101tus ir gan vienk\u0101r\u0161i, gan [&hellip;]<\/p>\n","protected":false},"author":7,"featured_media":0,"parent":35840,"menu_order":0,"comment_status":"closed","ping_status":"closed","template":"","meta":{"_et_pb_use_builder":"","_et_pb_old_content":"","_et_gb_content_width":"","exclude_from_search":false,"footnotes":""},"class_list":["post-77687","page","type-page","status-publish","hentry"],"yoast_head":"<!-- This site is optimized with the Yoast SEO plugin v23.3 - https:\/\/yoast.com\/wordpress\/plugins\/seo\/ -->\n<title>Kur es varu redz\u0113t \u0161odienas \u0145ujorkas loterijas rezult\u0101tus?<\/title>\n<meta name=\"description\" content=\"Kur es varu redz\u0113t \u0145ujorkas loterijas rezult\u0101tus \u0161odien? Uzziniet, kur uzreiz p\u0101rbaud\u012bt jaun\u0101kos laimestu skait\u013cus, un sekojiet l\u012bdzi jaunumiem\" \/>\n<meta name=\"robots\" content=\"index, follow, max-snippet:-1, max-image-preview:large, max-video-preview:-1\" \/>\n<link rel=\"canonical\" href=\"https:\/\/jackpotlotteryonline.com\/find-out-todays-results-for-new-york-lottery-2\/\" \/>\n<meta property=\"og:locale\" content=\"lv_LV\" \/>\n<meta property=\"og:type\" content=\"article\" \/>\n<meta property=\"og:title\" content=\"Kur es varu redz\u0113t \u0161odienas \u0145ujorkas loterijas rezult\u0101tus?\" \/>\n<meta property=\"og:description\" content=\"Kur es varu redz\u0113t \u0145ujorkas loterijas rezult\u0101tus \u0161odien? Uzziniet, kur uzreiz p\u0101rbaud\u012bt jaun\u0101kos laimestu skait\u013cus, un sekojiet l\u012bdzi jaunumiem\" \/>\n<meta property=\"og:url\" content=\"https:\/\/jackpotlotteryonline.com\/find-out-todays-results-for-new-york-lottery-2\/\" \/>\n<meta property=\"og:site_name\" content=\"Lotto Online - Crack The International Lottery Jackpots\" \/>\n<meta property=\"og:image\" content=\"https:\/\/jackpotlotteryonline.com\/wp-content\/uploads\/2023\/09\/8.png\" \/>\n<meta name=\"twitter:card\" content=\"summary_large_image\" \/>\n<!-- \/ Yoast SEO plugin. -->","yoast_head_json":{"title":"Kur es varu redz\u0113t \u0161odienas \u0145ujorkas loterijas rezult\u0101tus?","description":"Kur es varu redz\u0113t \u0145ujorkas loterijas rezult\u0101tus \u0161odien? Uzziniet, kur uzreiz p\u0101rbaud\u012bt jaun\u0101kos laimestu skait\u013cus, un sekojiet l\u012bdzi jaunumiem","robots":{"index":"index","follow":"follow","max-snippet":"max-snippet:-1","max-image-preview":"max-image-preview:large","max-video-preview":"max-video-preview:-1"},"canonical":"https:\/\/jackpotlotteryonline.com\/find-out-todays-results-for-new-york-lottery-2\/","og_locale":"lv_LV","og_type":"article","og_title":"Kur es varu redz\u0113t \u0161odienas \u0145ujorkas loterijas rezult\u0101tus?","og_description":"Kur es varu redz\u0113t \u0145ujorkas loterijas rezult\u0101tus \u0161odien? Uzziniet, kur uzreiz p\u0101rbaud\u012bt jaun\u0101kos laimestu skait\u013cus, un sekojiet l\u012bdzi jaunumiem","og_url":"https:\/\/jackpotlotteryonline.com\/find-out-todays-results-for-new-york-lottery-2\/","og_site_name":"Lotto Online - Crack The International Lottery Jackpots","og_image":[{"url":"https:\/\/jackpotlotteryonline.com\/wp-content\/uploads\/2023\/09\/8.png"}],"twitter_card":"summary_large_image","schema":{"@context":"https:\/\/schema.org","@graph":[{"@type":"WebPage","@id":"https:\/\/jackpotlotteryonline.com\/find-out-todays-results-for-new-york-lottery-2\/","url":"https:\/\/jackpotlotteryonline.com\/find-out-todays-results-for-new-york-lottery-2\/","name":"Kur es varu redz\u0113t \u0161odienas \u0145ujorkas loterijas rezult\u0101tus?","isPartOf":{"@id":"https:\/\/jackpotlotteryonline.com\/#website"},"primaryImageOfPage":{"@id":"https:\/\/jackpotlotteryonline.com\/find-out-todays-results-for-new-york-lottery-2\/#primaryimage"},"image":{"@id":"https:\/\/jackpotlotteryonline.com\/find-out-todays-results-for-new-york-lottery-2\/#primaryimage"},"thumbnailUrl":"https:\/\/jackpotlotteryonline.com\/wp-content\/uploads\/2023\/09\/8.png","datePublished":"2025-03-22T07:48:21+00:00","dateModified":"2025-03-22T07:48:21+00:00","description":"Kur es varu redz\u0113t \u0145ujorkas loterijas rezult\u0101tus \u0161odien? Uzziniet, kur uzreiz p\u0101rbaud\u012bt jaun\u0101kos laimestu skait\u013cus, un sekojiet l\u012bdzi jaunumiem","breadcrumb":{"@id":"https:\/\/jackpotlotteryonline.com\/find-out-todays-results-for-new-york-lottery-2\/#breadcrumb"},"inLanguage":"lv-LV","potentialAction":[{"@type":"ReadAction","target":["https:\/\/jackpotlotteryonline.com\/find-out-todays-results-for-new-york-lottery-2\/"]}]},{"@type":"ImageObject","inLanguage":"lv-LV","@id":"https:\/\/jackpotlotteryonline.com\/find-out-todays-results-for-new-york-lottery-2\/#primaryimage","url":"https:\/\/jackpotlotteryonline.com\/wp-content\/uploads\/2023\/09\/8.png","contentUrl":"https:\/\/jackpotlotteryonline.com\/wp-content\/uploads\/2023\/09\/8.png"},{"@type":"BreadcrumbList","@id":"https:\/\/jackpotlotteryonline.com\/find-out-todays-results-for-new-york-lottery-2\/#breadcrumb","itemListElement":[{"@type":"ListItem","position":1,"name":"Home","item":"https:\/\/jackpotlotteryonline.com\/lv\/"},{"@type":"ListItem","position":2,"name":"Uzziniet \u0161odienas \u0145ujorkas loterijas rezult\u0101tus"}]},{"@type":"WebSite","@id":"https:\/\/jackpotlotteryonline.com\/#website","url":"https:\/\/jackpotlotteryonline.com\/","name":"Lotto Online - Crack The International Lottery Jackpots","description":"","potentialAction":[{"@type":"SearchAction","target":{"@type":"EntryPoint","urlTemplate":"https:\/\/jackpotlotteryonline.com\/?s={search_term_string}"},"query-input":"required name=search_term_string"}],"inLanguage":"lv-LV"}]}},"_links":{"self":[{"href":"https:\/\/jackpotlotteryonline.com\/lv\/wp-json\/wp\/v2\/pages\/77687","targetHints":{"allow":["GET"]}}],"collection":[{"href":"https:\/\/jackpotlotteryonline.com\/lv\/wp-json\/wp\/v2\/pages"}],"about":[{"href":"https:\/\/jackpotlotteryonline.com\/lv\/wp-json\/wp\/v2\/types\/page"}],"author":[{"embeddable":true,"href":"https:\/\/jackpotlotteryonline.com\/lv\/wp-json\/wp\/v2\/users\/7"}],"replies":[{"embeddable":true,"href":"https:\/\/jackpotlotteryonline.com\/lv\/wp-json\/wp\/v2\/comments?post=77687"}],"version-history":[{"count":1,"href":"https:\/\/jackpotlotteryonline.com\/lv\/wp-json\/wp\/v2\/pages\/77687\/revisions"}],"predecessor-version":[{"id":77688,"href":"https:\/\/jackpotlotteryonline.com\/lv\/wp-json\/wp\/v2\/pages\/77687\/revisions\/77688"}],"up":[{"embeddable":true,"href":"https:\/\/jackpotlotteryonline.com\/lv\/wp-json\/wp\/v2\/pages\/35840"}],"wp:attachment":[{"href":"https:\/\/jackpotlotteryonline.com\/lv\/wp-json\/wp\/v2\/media?parent=77687"}],"curies":[{"name":"wp","href":"https:\/\/api.w.org\/{rel}","templated":true}]}}