{"id":77756,"date":"2025-03-22T08:51:07","date_gmt":"2025-03-22T08:51:07","guid":{"rendered":"https:\/\/jackpotlotteryonline.com\/?page_id=77756"},"modified":"2025-03-22T08:51:07","modified_gmt":"2025-03-22T08:51:07","slug":"uzziniet-ka-spelet-nujorkas-loteriju-arpus-asv","status":"publish","type":"page","link":"https:\/\/jackpotlotteryonline.com\/lv\/uzziniet-ka-spelet-nujorkas-loteriju-arpus-asv\/","title":{"rendered":"Uzziniet, k\u0101 sp\u0113l\u0113t \u0145ujorkas loteriju \u0101rpus ASV"},"content":{"rendered":"<p>T\u0101tad, j\u016bs v\u0113laties sp\u0113l\u0113t \u0145ujorkas loteriju pat tad, ja esat pusce\u013c\u0101 vis\u0101 pasaul\u0113? \u0160ie \u0145ujorkas d\u017eekpoti ir tik milz\u012bgi. Tie nav joks. Cilv\u0113ki no visas pasaules sap\u0146o par uzvaru. Labi, iedom\u0101jieties \u0161o: \u0145ujorkas loteriju, vai ne? Lielas balvas, dz\u012bvi maino\u0161i laimesti. Bet j\u016bs neesat glu\u017ei Taimskv\u0113r\u0101. Nav sviedru! Pateicoties Jackpotlotteryonline; kur j\u016bs varat ieg\u0101d\u0101ties \u0145ujorkas loterijas bi\u013cetes \u0101rpus ASV, j\u016bs varat piln\u012bb\u0101 iesaist\u012bties sp\u0113l\u0113 no jebkuras vietas.<\/p>\n<h2>Vai j\u016bs varat sp\u0113l\u0113t \u0145ujorkas loteriju \u0101rpus ASV?<img loading=\"lazy\" decoding=\"async\" width=\"300\" height=\"213\" class=\" wp-image-28535 alignright\" src=\"http:\/\/jackpotlotteryonline.com\/wp-content\/uploads\/2022\/11\/1_online_lottery_success-300x213.jpg\" Sp\u0113l\u0113t no \u0101rpuses ASV platums = \"220\" augstums = \"156\" srcset=\"https:\/\/jackpotlotteryonline.com\/wp-content\/uploads\/2022\/11\/1_online_lottery_success-300x213.jpg 300w, https:\/\/jackpotlotteryonline.com\/wp-content\/uploads\/2022\/11\/1_online_lottery_success.jpg 320w\" sizes=\"auto, (max-width: 300px) 100vw, 300px\" \/><\/h2>\n<p>J\u0101, un jums nav j\u0101atrodas \u0145ujork\u0101 vai pat ASV. M\u016bsu platforma \u013cauj jums pa\u0146emt bi\u013cetes un pievienoties jautr\u012bbai, glu\u017ei k\u0101 k\u0101dam, kas p\u0113rk bi\u013ceti st\u016bra veikal\u0101. Jums ir t\u0101da pati iesp\u0113ja sasniegt \u0161o d\u017eekpotu.<\/p>\n<h3>K\u0101 sp\u0113l\u0113t \u0145ujorkas loteriju \u0101rpus ASV<\/h3>\n<p>Tas ir \u013coti vienk\u0101r\u0161i ar Jackpotlotteryonline:<\/p>\n<ul>\n<li>Izveidojiet kontu: re\u0123istr\u0113jieties, ievadiet savu inform\u0101ciju un pier\u0101diet, ka esat j\u016bs. Saglab\u0101jiet savas bi\u013cetes un skaidru naudu.<\/li>\n<li>S\u0101ciet ar sada\u013cu Loterija un p\u0113c tam atlasiet sp\u0113li New York Lotto.<\/li>\n<li>Izv\u0113lieties laim\u012bgos skait\u013cus: izv\u0113lieties se\u0161us skait\u013cus (1\u201359) vai nospiediet pogu \u0100tr\u0101s izv\u0113les funkcija.<\/li>\n<li>P\u0113rciet bi\u013ceti: maks\u0101jiet ar visu, kas darbojas, un m\u0113s jums nos\u016bt\u012bsim sken\u0113tu ofici\u0101lo bi\u013ceti.<\/li>\n<li>Pagaidiet izlozi: izlozes notiek tre\u0161dienu un sestdienu vakaros. P\u0101rbaudiet rezult\u0101tus \u0161aj\u0101 platform\u0101.<\/li>\n<\/ul>\n<h3>K\u0101p\u0113c tom\u0113r sp\u0113l\u0113t tie\u0161saist\u0113?<\/h3>\n<ul>\n<li>Vienk\u0101r\u0161i: sp\u0113l\u0113jiet no sava d\u012bv\u0101na, nav nepiecie\u0161ams ce\u013cot.<\/li>\n<li>\u0100tr\u0101s bi\u013cetes: ieg\u0101d\u0101jieties t\u0101s \u0101tri, bez rind\u0101m.<\/li>\n<li>Nav pazaud\u0113tu bi\u013ce\u0161u: j\u016bsu bi\u013cetes tie\u0161saist\u0113, dro\u0161i un veselas.<\/li>\n<li>J\u016bs uzvar\u0113j\u0101t!: m\u0113s jums t\u016bl\u012bt pateiksim, un nelieli laimesti non\u0101ks tie\u0161i j\u016bsu kont\u0101.<br \/>\nDro\u0161a nauda: m\u0113s r\u016bp\u0113jamies, lai j\u016bs sa\u0146emtu laimestu, bez smiekl\u012bgas dar\u012b\u0161anas.<\/li>\n<\/ul>\n<p><strong>Naudas sa\u0146em\u0161ana, kad uzvarat:<\/strong><\/p>\n<ul>\n<li>Mazie laimesti: m\u0113s to ieliksim tie\u0161i j\u016bsu kont\u0101.<\/li>\n<li>Lielas uzvaras: m\u0113s pal\u012bdz\u0113sim jums to ieg\u016bt, iesp\u0113jams, pat kl\u0101tien\u0113.<\/li>\n<li>Piln\u012bgi dro\u0161i: m\u0113s blo\u0137\u0113jam j\u016bsu laimestus.<\/li>\n<\/ul>\n<p><strong>Vai esat gatavs izm\u0113\u0123in\u0101t savu veiksmi?<\/strong><br \/>\nSp\u0113l\u0113t \u0145ujorkas loteriju vis\u0101 pasaul\u0113 tagad ir neticami vienk\u0101r\u0161i. Jackpotlotteryonline sniedz jums \u0145ujorkas loterijas aizrau\u0161anos neatkar\u012bgi no t\u0101, kur atrodaties. Numuru izv\u0113le ir vienk\u0101r\u0161a, neatkar\u012bgi no t\u0101, vai tos izv\u0113laties pats vai izmantojat Quick Pick, un tas vienm\u0113r ir dro\u0161i un vienk\u0101r\u0161i. Tagad, kad varat sp\u0113l\u0113t \u0145ujorkas loterijas bi\u013cetes \u0101rpus ASV, re\u0123istr\u0113jieties vai piesakieties m\u016bsu platform\u0101, ja jums jau ir konts pie mums, un pievienojieties jautr\u012bbai. Kas zina, j\u016bs varat vienk\u0101r\u0161i uzvar\u0113t! J\u016bsu sapnis par d\u017eekpotu var b\u016bt tikai da\u017eu klik\u0161\u0137u att\u0101lum\u0101.<\/p>\n","protected":false},"excerpt":{"rendered":"<p>T\u0101tad, j\u016bs v\u0113laties sp\u0113l\u0113t \u0145ujorkas loteriju pat tad, ja esat pusce\u013c\u0101 vis\u0101 pasaul\u0113? \u0160ie \u0145ujorkas d\u017eekpoti ir tik milz\u012bgi. Tie nav joks. Cilv\u0113ki no visas pasaules sap\u0146o par uzvaru. Labi, iedom\u0101jieties \u0161o: \u0145ujorkas loteriju, vai ne? Lielas balvas, dz\u012bvi maino\u0161i laimesti. Bet j\u016bs neesat glu\u017ei Taimskv\u0113r\u0101. Nav sviedru! Pateicoties Jackpotlotteryonline; kur j\u016bs varat ieg\u0101d\u0101ties \u0145ujorkas [&hellip;]<\/p>\n","protected":false},"author":7,"featured_media":0,"parent":0,"menu_order":0,"comment_status":"closed","ping_status":"closed","template":"","meta":{"_et_pb_use_builder":"","_et_pb_old_content":"","_et_gb_content_width":"","exclude_from_search":false,"footnotes":""},"class_list":["post-77756","page","type-page","status-publish","hentry"],"yoast_head":"<!-- This site is optimized with the Yoast SEO plugin v23.3 - https:\/\/yoast.com\/wordpress\/plugins\/seo\/ -->\n<title>Uzziniet, k\u0101 sp\u0113l\u0113t \u0145ujorkas loteriju \u0101rpus ASV - Lotto Online - Crack The International Lottery Jackpots<\/title>\n<meta name=\"description\" content=\"Uzziniet, k\u0101 sp\u0113l\u0113t \u0145ujorkas loteriju \u0101rpus ASV. Atkl\u0101jiet tie\u0161saistes iesp\u0113jas un k\u0101 piepras\u012bt balvas no jebkuras vietas.\" \/>\n<meta name=\"robots\" content=\"index, follow, max-snippet:-1, max-image-preview:large, max-video-preview:-1\" \/>\n<link rel=\"canonical\" href=\"https:\/\/jackpotlotteryonline.com\/find-out-how-to-play-the-new-york-lottery-from-outside-the-us\/\" \/>\n<meta property=\"og:locale\" content=\"lv_LV\" \/>\n<meta property=\"og:type\" content=\"article\" \/>\n<meta property=\"og:title\" content=\"Uzziniet, k\u0101 sp\u0113l\u0113t \u0145ujorkas loteriju \u0101rpus ASV - Lotto Online - Crack The International Lottery Jackpots\" \/>\n<meta property=\"og:description\" content=\"Uzziniet, k\u0101 sp\u0113l\u0113t \u0145ujorkas loteriju \u0101rpus ASV. Atkl\u0101jiet tie\u0161saistes iesp\u0113jas un k\u0101 piepras\u012bt balvas no jebkuras vietas.\" \/>\n<meta property=\"og:url\" content=\"https:\/\/jackpotlotteryonline.com\/find-out-how-to-play-the-new-york-lottery-from-outside-the-us\/\" \/>\n<meta property=\"og:site_name\" content=\"Lotto Online - Crack The International Lottery Jackpots\" \/>\n<meta property=\"og:image\" content=\"http:\/\/jackpotlotteryonline.com\/wp-content\/uploads\/2022\/11\/1_online_lottery_success-300x213.jpg\" \/>\n<meta name=\"twitter:card\" content=\"summary_large_image\" \/>\n<!-- \/ Yoast SEO plugin. -->","yoast_head_json":{"title":"Uzziniet, k\u0101 sp\u0113l\u0113t \u0145ujorkas loteriju \u0101rpus ASV - Lotto Online - Crack The International Lottery Jackpots","description":"Uzziniet, k\u0101 sp\u0113l\u0113t \u0145ujorkas loteriju \u0101rpus ASV. Atkl\u0101jiet tie\u0161saistes iesp\u0113jas un k\u0101 piepras\u012bt balvas no jebkuras vietas.","robots":{"index":"index","follow":"follow","max-snippet":"max-snippet:-1","max-image-preview":"max-image-preview:large","max-video-preview":"max-video-preview:-1"},"canonical":"https:\/\/jackpotlotteryonline.com\/find-out-how-to-play-the-new-york-lottery-from-outside-the-us\/","og_locale":"lv_LV","og_type":"article","og_title":"Uzziniet, k\u0101 sp\u0113l\u0113t \u0145ujorkas loteriju \u0101rpus ASV - Lotto Online - Crack The International Lottery Jackpots","og_description":"Uzziniet, k\u0101 sp\u0113l\u0113t \u0145ujorkas loteriju \u0101rpus ASV. Atkl\u0101jiet tie\u0161saistes iesp\u0113jas un k\u0101 piepras\u012bt balvas no jebkuras vietas.","og_url":"https:\/\/jackpotlotteryonline.com\/find-out-how-to-play-the-new-york-lottery-from-outside-the-us\/","og_site_name":"Lotto Online - Crack The International Lottery Jackpots","og_image":[{"url":"http:\/\/jackpotlotteryonline.com\/wp-content\/uploads\/2022\/11\/1_online_lottery_success-300x213.jpg"}],"twitter_card":"summary_large_image","schema":{"@context":"https:\/\/schema.org","@graph":[{"@type":"WebPage","@id":"https:\/\/jackpotlotteryonline.com\/find-out-how-to-play-the-new-york-lottery-from-outside-the-us\/","url":"https:\/\/jackpotlotteryonline.com\/find-out-how-to-play-the-new-york-lottery-from-outside-the-us\/","name":"Uzziniet, k\u0101 sp\u0113l\u0113t \u0145ujorkas loteriju \u0101rpus ASV - Lotto Online - Crack The International Lottery Jackpots","isPartOf":{"@id":"https:\/\/jackpotlotteryonline.com\/#website"},"primaryImageOfPage":{"@id":"https:\/\/jackpotlotteryonline.com\/find-out-how-to-play-the-new-york-lottery-from-outside-the-us\/#primaryimage"},"image":{"@id":"https:\/\/jackpotlotteryonline.com\/find-out-how-to-play-the-new-york-lottery-from-outside-the-us\/#primaryimage"},"thumbnailUrl":"http:\/\/jackpotlotteryonline.com\/wp-content\/uploads\/2022\/11\/1_online_lottery_success-300x213.jpg","datePublished":"2025-03-22T08:51:07+00:00","dateModified":"2025-03-22T08:51:07+00:00","description":"Uzziniet, k\u0101 sp\u0113l\u0113t \u0145ujorkas loteriju \u0101rpus ASV. Atkl\u0101jiet tie\u0161saistes iesp\u0113jas un k\u0101 piepras\u012bt balvas no jebkuras vietas.","breadcrumb":{"@id":"https:\/\/jackpotlotteryonline.com\/find-out-how-to-play-the-new-york-lottery-from-outside-the-us\/#breadcrumb"},"inLanguage":"lv-LV","potentialAction":[{"@type":"ReadAction","target":["https:\/\/jackpotlotteryonline.com\/find-out-how-to-play-the-new-york-lottery-from-outside-the-us\/"]}]},{"@type":"ImageObject","inLanguage":"lv-LV","@id":"https:\/\/jackpotlotteryonline.com\/find-out-how-to-play-the-new-york-lottery-from-outside-the-us\/#primaryimage","url":"http:\/\/jackpotlotteryonline.com\/wp-content\/uploads\/2022\/11\/1_online_lottery_success-300x213.jpg","contentUrl":"http:\/\/jackpotlotteryonline.com\/wp-content\/uploads\/2022\/11\/1_online_lottery_success-300x213.jpg"},{"@type":"BreadcrumbList","@id":"https:\/\/jackpotlotteryonline.com\/find-out-how-to-play-the-new-york-lottery-from-outside-the-us\/#breadcrumb","itemListElement":[{"@type":"ListItem","position":1,"name":"Home","item":"https:\/\/jackpotlotteryonline.com\/lv\/"},{"@type":"ListItem","position":2,"name":"Uzziniet, k\u0101 sp\u0113l\u0113t \u0145ujorkas loteriju \u0101rpus ASV"}]},{"@type":"WebSite","@id":"https:\/\/jackpotlotteryonline.com\/#website","url":"https:\/\/jackpotlotteryonline.com\/","name":"Lotto Online - Crack The International Lottery Jackpots","description":"","potentialAction":[{"@type":"SearchAction","target":{"@type":"EntryPoint","urlTemplate":"https:\/\/jackpotlotteryonline.com\/?s={search_term_string}"},"query-input":"required name=search_term_string"}],"inLanguage":"lv-LV"}]}},"_links":{"self":[{"href":"https:\/\/jackpotlotteryonline.com\/lv\/wp-json\/wp\/v2\/pages\/77756","targetHints":{"allow":["GET"]}}],"collection":[{"href":"https:\/\/jackpotlotteryonline.com\/lv\/wp-json\/wp\/v2\/pages"}],"about":[{"href":"https:\/\/jackpotlotteryonline.com\/lv\/wp-json\/wp\/v2\/types\/page"}],"author":[{"embeddable":true,"href":"https:\/\/jackpotlotteryonline.com\/lv\/wp-json\/wp\/v2\/users\/7"}],"replies":[{"embeddable":true,"href":"https:\/\/jackpotlotteryonline.com\/lv\/wp-json\/wp\/v2\/comments?post=77756"}],"version-history":[{"count":1,"href":"https:\/\/jackpotlotteryonline.com\/lv\/wp-json\/wp\/v2\/pages\/77756\/revisions"}],"predecessor-version":[{"id":77757,"href":"https:\/\/jackpotlotteryonline.com\/lv\/wp-json\/wp\/v2\/pages\/77756\/revisions\/77757"}],"wp:attachment":[{"href":"https:\/\/jackpotlotteryonline.com\/lv\/wp-json\/wp\/v2\/media?parent=77756"}],"curies":[{"name":"wp","href":"https:\/\/api.w.org\/{rel}","templated":true}]}}